{"id":1578,"date":"2023-05-02T15:12:10","date_gmt":"2023-05-02T20:12:10","guid":{"rendered":"https:\/\/test.tulsa-health.org\/?page_id=1578"},"modified":"2025-10-10T15:20:52","modified_gmt":"2025-10-10T20:20:52","slug":"adult-immunizations","status":"publish","type":"page","link":"http:\/\/tulsa-health.org\/de\/services\/testing-and-immunizations\/adult-immunizations\/","title":{"rendered":"Impfungen f\u00fcr Erwachsene"},"content":{"rendered":"<div data-elementor-type=\"wp-page\" data-elementor-id=\"1578\" class=\"elementor elementor-1578\" data-elementor-post-type=\"page\">\n\t\t\t\t\t\t<section class=\"elementor-section elementor-top-section elementor-element elementor-element-ec8c5c0 elementor-section-full_width elementor-section-height-min-height elementor-section-height-default elementor-section-items-middle\" data-id=\"ec8c5c0\" data-element_type=\"section\" data-e-type=\"section\" data-settings=\"{&quot;background_background&quot;:&quot;classic&quot;}\">\n\t\t\t\t\t\t<div class=\"elementor-container elementor-column-gap-no\">\n\t\t\t\t\t<div class=\"elementor-column elementor-col-100 elementor-top-column elementor-element elementor-element-c2e135a\" data-id=\"c2e135a\" data-element_type=\"column\" data-e-type=\"column\">\n\t\t\t<div class=\"elementor-widget-wrap\">\n\t\t\t\t\t\t\t<\/div>\n\t\t<\/div>\n\t\t\t\t\t<\/div>\n\t\t<\/section>\n\t\t\t\t<section class=\"elementor-section elementor-top-section elementor-element elementor-element-151f05d elementor-section-boxed elementor-section-height-default elementor-section-height-default\" data-id=\"151f05d\" data-element_type=\"section\" data-e-type=\"section\" data-settings=\"{&quot;background_background&quot;:&quot;classic&quot;}\">\n\t\t\t\t\t\t<div class=\"elementor-container elementor-column-gap-default\">\n\t\t\t\t\t<div class=\"elementor-column elementor-col-100 elementor-top-column elementor-element elementor-element-9c0fc5d\" data-id=\"9c0fc5d\" data-element_type=\"column\" data-e-type=\"column\">\n\t\t\t<div class=\"elementor-widget-wrap elementor-element-populated\">\n\t\t\t\t\t\t<div class=\"elementor-element elementor-element-511dedb elementor-widget elementor-widget-heading\" data-id=\"511dedb\" data-element_type=\"widget\" data-e-type=\"widget\" data-widget_type=\"heading.default\">\n\t\t\t\t<div class=\"elementor-widget-container\">\n\t\t\t\t\t<h1 class=\"elementor-heading-title elementor-size-default\">Impfungen f\u00fcr Erwachsene<\/h1>\t\t\t\t<\/div>\n\t\t\t\t<\/div>\n\t\t\t\t<div class=\"elementor-element elementor-element-aafb2cc elementor-widget elementor-widget-text-editor\" data-id=\"aafb2cc\" data-element_type=\"widget\" data-e-type=\"widget\" data-widget_type=\"text-editor.default\">\n\t\t\t\t<div class=\"elementor-widget-container\">\n\t\t\t\t\t\t\t\t\t<p>Erwachsene m\u00fcssen ihre Impfungen auf dem neuesten Stand halten, da die Immunit\u00e4t durch Impfungen bei Kindern mit der Zeit nachlassen kann. Auch als Erwachsener besteht f\u00fcr Sie das Risiko verschiedener Erkrankungen. Die Impfung ist eine der bequemsten und sichersten Vorsorgema\u00dfnahmen, die es gibt.<\/p>\t\t\t\t\t\t\t\t<\/div>\n\t\t\t\t<\/div>\n\t\t\t\t\t<\/div>\n\t\t<\/div>\n\t\t\t\t\t<\/div>\n\t\t<\/section>\n\t\t\t\t<section class=\"elementor-section elementor-top-section elementor-element elementor-element-cdb878b elementor-section-boxed elementor-section-height-default elementor-section-height-default\" data-id=\"cdb878b\" data-element_type=\"section\" data-e-type=\"section\" data-settings=\"{&quot;background_background&quot;:&quot;classic&quot;}\">\n\t\t\t\t\t\t<div class=\"elementor-container elementor-column-gap-default\">\n\t\t\t\t\t<div class=\"elementor-column elementor-col-100 elementor-top-column elementor-element elementor-element-00fd5c8\" data-id=\"00fd5c8\" data-element_type=\"column\" data-e-type=\"column\">\n\t\t\t<div class=\"elementor-widget-wrap elementor-element-populated\">\n\t\t\t\t\t\t<div class=\"elementor-element elementor-element-1522c25 elementor-align-center elementor-widget elementor-widget-button\" data-id=\"1522c25\" data-element_type=\"widget\" data-e-type=\"widget\" data-widget_type=\"button.default\">\n\t\t\t\t<div class=\"elementor-widget-container\">\n\t\t\t\t\t\t\t\t\t<div class=\"elementor-button-wrapper\">\n\t\t\t\t\t<a class=\"elementor-button elementor-button-link elementor-size-sm\" href=\"https:\/\/tulsa-health.org\/wp-content\/uploads\/2025\/10\/Immunization-Fee-Schedule-Effective-09242025.pdf\">\n\t\t\t\t\t\t<span class=\"elementor-button-content-wrapper\">\n\t\t\t\t\t\t\t\t\t<span class=\"elementor-button-text\">Bei THD angebotene Impfungen<\/span>\n\t\t\t\t\t<\/span>\n\t\t\t\t\t<\/a>\n\t\t\t\t<\/div>\n\t\t\t\t\t\t\t\t<\/div>\n\t\t\t\t<\/div>\n\t\t\t\t<div class=\"elementor-element elementor-element-af94f88 elementor-widget elementor-widget-text-editor\" data-id=\"af94f88\" data-element_type=\"widget\" data-e-type=\"widget\" data-widget_type=\"text-editor.default\">\n\t\t\t\t<div class=\"elementor-widget-container\">\n\t\t\t\t\t\t\t\t\t<h2>Klinikdienstleistungen<\/h2><p>Impfungen beschr\u00e4nken sich nicht nur auf Kinder, auch f\u00fcr Erwachsene werden Impfungen empfohlen. M\u00f6glicherweise ben\u00f6tigen Sie dennoch bestimmte Impfungen und Auffrischungsimpfungen. Wir k\u00f6nnen Ihnen helfen, die notwendigen Impfungen zu ermitteln, indem wir Ihre Kranken- und Impfgeschichte, Ihren Lebensstil, Ihre Reisepl\u00e4ne und weitere Faktoren ber\u00fccksichtigen. Bitte bringen Sie Ihren Impfpass oder Ihre Impfunterlagen mit.<\/p><p>An bestimmten Tagen ist eine spontane Sprechstunde m\u00f6glich, andernfalls ist eine Terminvereinbarung erforderlich. Die \u00d6ffnungszeiten variieren je nach Standort. Klicken Sie unten auf den gew\u00fcnschten Klinikstandort, um die Verf\u00fcgbarkeit zu pr\u00fcfen. F\u00fcr weitere Informationen oder zur Terminvereinbarung rufen Sie bitte an. <a href=\"tel:918-595-4509\">918-595-4509<\/a>.<\/p><h2>Kosten<\/h2><p>THD akzeptiert derzeit Impfungen von Cigna, Community Care, Blue Cross Blue Shield, Health Choice, Medicare oder Medicaid. Die Deckung kann je nach Versicherungsplan unterschiedlich sein. Bitte bringen Sie Ihre Versicherungskarte und Ihren Lichtbildausweis mit. Es ist immer ratsam, sich vor der Impfung bei Ihrem Versicherer \u00fcber die Deckungsdetails zu informieren, da Sie m\u00f6glicherweise f\u00fcr Kosten verantwortlich sind, die nicht von Ihrer Versicherungspolice gedeckt werden.<\/p><h2>\u00c4hnliche Resourcen<\/h2><ul><li><a href=\"https:\/\/www.cdc.gov\/vaccines\/schedules\/easy-to-read\/adult-easyread.html\">Von der CDC empfohlene Impfungen f\u00fcr Erwachsene<\/a><\/li><\/ul>\t\t\t\t\t\t\t\t<\/div>\n\t\t\t\t<\/div>\n\t\t\t\t\t<\/div>\n\t\t<\/div>\n\t\t\t\t\t<\/div>\n\t\t<\/section>\n\t\t\t\t<section class=\"elementor-section elementor-top-section elementor-element elementor-element-7810c28 elementor-section-boxed elementor-section-height-default elementor-section-height-default\" data-id=\"7810c28\" data-element_type=\"section\" data-e-type=\"section\" data-settings=\"{&quot;background_background&quot;:&quot;classic&quot;}\">\n\t\t\t\t\t\t<div class=\"elementor-container elementor-column-gap-default\">\n\t\t\t\t\t<div class=\"elementor-column elementor-col-100 elementor-top-column elementor-element elementor-element-82cc6ae\" data-id=\"82cc6ae\" data-element_type=\"column\" data-e-type=\"column\">\n\t\t\t<div class=\"elementor-widget-wrap elementor-element-populated\">\n\t\t\t\t\t\t<div class=\"elementor-element elementor-element-5bbc03c elementor-widget elementor-widget-heading\" data-id=\"5bbc03c\" data-element_type=\"widget\" data-e-type=\"widget\" data-widget_type=\"heading.default\">\n\t\t\t\t<div class=\"elementor-widget-container\">\n\t\t\t\t\t<h3 class=\"elementor-heading-title elementor-size-default\">Impfungen f\u00fcr Erwachsene sind an den folgenden Standorten erh\u00e4ltlich<\/h3>\t\t\t\t<\/div>\n\t\t\t\t<\/div>\n\t\t\t\t<div class=\"elementor-element elementor-element-4fad44b elementor-widget elementor-widget-ucaddon_post_grid\" data-id=\"4fad44b\" data-element_type=\"widget\" data-e-type=\"widget\" data-widget_type=\"ucaddon_post_grid.default\">\n\t\t\t\t<div class=\"elementor-widget-container\">\n\t\t\t\t\t\n<!-- start Post Grid -->\n\t\t<link id='font-awesome-css' href='http:\/\/tulsa-health.org\/wp-content\/plugins\/unlimited-elements-for-elementor-premium\/assets_libraries\/font-awesome6\/fontawesome-all.min.css' type='text\/css' rel='stylesheet' >\n\t\t<link id='font-awesome-4-shim-css' href='http:\/\/tulsa-health.org\/wp-content\/plugins\/unlimited-elements-for-elementor-premium\/assets_libraries\/font-awesome6\/fontawesome-v4-shims.min.css' type='text\/css' rel='stylesheet' >\n\n<style>\/* widget: Post Grid *\/\n\n#uc_post_grid_elementor_4fad44b.uc_post_grid_style_one .uc_post_grid_style_one_wrap {\n   display:grid;\n}\n\n\n\n#uc_post_grid_elementor_4fad44b .uc_post_grid_style_one_item\n{\n  overflow:hidden;\n  position:relative;\n}\n\n#uc_post_grid_elementor_4fad44b .uc_post_image\n{\n  transition:0.3s;\n  position:relative;\n  overflow:hidden;\n}\n\n#uc_post_grid_elementor_4fad44b .uc_post_image img\n{\n  width:100%;\n  display:block;\n  transition:0.3s;\n}\n\n\n\t\n\n\n\n\n\n\n#uc_post_grid_elementor_4fad44b .uc_post_image_overlay\n{\n  position:absolute;\n  top:0px;\n  left:0px;\n  height:100%;\n  width:100%;\n  transition:0.3s;\n}\n\n#uc_post_grid_elementor_4fad44b .uc_more_btn{\n\n  display:inline-block;\n  text-align:center;\n  text-decoration:none;\n  transition:0.3s;\n}\n\n.ue-grid-item-category a\n{\n  display:inline-block;\n  font-size:10px;\n  \n}\n\n.uc_post_title\n{\n  font-size:21px;\n}\n\n\n#uc_post_grid_elementor_4fad44b .ue_post_grid_item\n{\n  display:flex;\n  flex-direction:column;\n}\n\n#uc_post_grid_elementor_4fad44b.uc_post_grid_style_one .uc_content{\n flex-grow:1;\n}\n\n#uc_post_grid_elementor_4fad44b.uc_post_grid_style_one .uc_content > div\n{\n  height:100%;\n  display:flex;\n  flex-direction:column;\n}\n\n#uc_post_grid_elementor_4fad44b .uc_post_button\n{\n  margin-top:auto;\n}\n\n\n\n\n\n\n\n\n\n\n\n\n\n\n\n\n\n\n\n\n\n\n\n\n#uc_post_grid_elementor_4fad44b .ue-meta-data\n{\n  \n  display:flex;\n\n  flex-wrap: wrap;\n  line-height:1em;\n}\n\n#uc_post_grid_elementor_4fad44b .ue-grid-item-meta-data\n{\n      display:inline-flex;\n      align-items:center;\n}\n\n.ue-grid-item-meta-data\n{\n  font-size:12px;\n  text-align:center;\n}\n\n#uc_post_grid_elementor_4fad44b .ue-grid-item-meta-data-icon\n{\n  line-height:1em;\n}\n\n#uc_post_grid_elementor_4fad44b .ue-grid-item-meta-data-icon svg\n{\n  width:1em;\n  height:1em;\n}\n\n#uc_post_grid_elementor_4fad44b .ue-debug-meta\n{\n  padding:10px;\n  border:1px solid red;\n  position:relative;\n  line-height:1.5em;\n  font-size:11px;\n  width:100%;\n}\n\n<\/style>\n\n<div class=\"uc_post_grid_style_one uc-filterable-grid\" id=\"uc_post_grid_elementor_4fad44b\"  data-ajax='true'  data-filterbehave='ajax'  querydata='{&quot;count_posts&quot;:1,&quot;total_posts&quot;:1,&quot;page&quot;:1,&quot;num_pages&quot;:1,&quot;orderby&quot;:&quot;title&quot;,&quot;orderdir&quot;:&quot;asc&quot;}' >\n\t\t<div class=\"uc_post_grid_style_one_wrap ue_post_grid uc-items-wrapper\">\n\t\t\t<div class=\"uc_post_grid_style_one_item ue_post_grid_item ue-item\">\n  \n   <a class=\"uc_post_grid_style_one_image\" href=\"http:\/\/tulsa-health.org\/de\/thd_clinic_locations\/central-regional-health-center\/\" target=\"_self\">\n   <div class=\"uc_post_image\">\n   <img fetchpriority=\"high\" decoding=\"async\" src=\"https:\/\/tulsa-health.org\/wp-content\/uploads\/2023\/06\/Location_-CRHC_Outside-USE-THIS-768x576.png\"  alt=\"Location_ CRHC_Outside\" width=\"768\" height=\"576\">\n   <div class=\"uc_post_image_overlay\"><\/div>\n   <\/div>\n  <\/a>\n   \n <div class=\"uc_content\">\n    <div>\n      \n           \n    \n  \n      \n      \n    <div class=\"uc_post_title\"><a href=\"http:\/\/tulsa-health.org\/de\/thd_clinic_locations\/central-regional-health-center\/\" target=\"_self\"><div>Zentrales regionales Gesundheitszentrum<\/div><\/a><\/div>\t\n    \n     \n     \n          <div class=\"ue-meta-data\">\n                        \n                        \n        \n\t\t\t\n\n\n\n\n\n\n\n\n\n\n\n\n            \n                        \n                        \n                        \n                        \n            \t\t\t\n              \n            \n          <\/div>\n     \n      \n      \n      \n     <div class=\"uc_post_text\">315 S. Utica, Tulsa, OK 74104-2203<\/div>    <div class=\"uc_post_button\"><a class=\"uc_more_btn\" href=\"http:\/\/tulsa-health.org\/de\/thd_clinic_locations\/central-regional-health-center\/\" target=\"_self\">Siehe Leistungen und Details<\/a><\/div> \t<\/div>\n  <\/div>\n<\/div>\n\n\t\t<\/div>\n\t<\/div>\n\n\n\n  <div id=\"uc_post_grid_elementor_4fad44b_empty_message\" class=\"ue-no-posts-found\"  style=\"display:none\" >Keine Eintr\u00e4ge gefunden<\/div>\n\n\n<!-- end Post Grid -->\t\t\t\t<\/div>\n\t\t\t\t<\/div>\n\t\t\t\t\t<\/div>\n\t\t<\/div>\n\t\t\t\t\t<\/div>\n\t\t<\/section>\n\t\t\t\t<section class=\"elementor-section elementor-top-section elementor-element elementor-element-bcbdb99 elementor-section-full_width elementor-section-height-default elementor-section-height-default\" data-id=\"bcbdb99\" data-element_type=\"section\" data-e-type=\"section\">\n\t\t\t\t\t\t<div class=\"elementor-container elementor-column-gap-default\">\n\t\t\t\t\t<div class=\"elementor-column elementor-col-100 elementor-top-column elementor-element elementor-element-fbfd137\" data-id=\"fbfd137\" data-element_type=\"column\" data-e-type=\"column\">\n\t\t\t<div class=\"elementor-widget-wrap elementor-element-populated\">\n\t\t\t\t\t\t<div class=\"elementor-element elementor-element-6274364 elementor-widget elementor-widget-shortcode\" data-id=\"6274364\" data-element_type=\"widget\" data-e-type=\"widget\" data-widget_type=\"shortcode.default\">\n\t\t\t\t<div class=\"elementor-widget-container\">\n\t\t\t\t\t\t\t<div class=\"elementor-shortcode\">\t\t<div data-elementor-type=\"section\" data-elementor-id=\"4934\" class=\"elementor elementor-4934\" data-elementor-post-type=\"elementor_library\">\n\t\t\t\t\t<section class=\"elementor-section elementor-top-section elementor-element elementor-element-4469b59d elementor-section-stretched elementor-section-boxed elementor-section-height-default elementor-section-height-default\" data-id=\"4469b59d\" data-element_type=\"section\" data-e-type=\"section\" data-settings=\"{&quot;background_background&quot;:&quot;classic&quot;,&quot;stretch_section&quot;:&quot;section-stretched&quot;}\">\n\t\t\t\t\t\t\t<div class=\"elementor-background-overlay\"><\/div>\n\t\t\t\t\t\t\t<div class=\"elementor-container elementor-column-gap-default\">\n\t\t\t\t\t<div class=\"elementor-column elementor-col-100 elementor-top-column elementor-element elementor-element-615ea353\" data-id=\"615ea353\" data-element_type=\"column\" data-e-type=\"column\">\n\t\t\t<div class=\"elementor-widget-wrap elementor-element-populated\">\n\t\t\t\t\t\t<div class=\"elementor-element elementor-element-bdb2691 elementor-widget elementor-widget-heading\" data-id=\"bdb2691\" data-element_type=\"widget\" data-e-type=\"widget\" data-widget_type=\"heading.default\">\n\t\t\t\t<div class=\"elementor-widget-container\">\n\t\t\t\t\t<h5 class=\"elementor-heading-title elementor-size-default\">STANDORTE<\/h5>\t\t\t\t<\/div>\n\t\t\t\t<\/div>\n\t\t\t\t<div class=\"elementor-element elementor-element-00f74f9 elementor-widget elementor-widget-text-editor\" data-id=\"00f74f9\" data-element_type=\"widget\" data-e-type=\"widget\" data-widget_type=\"text-editor.default\">\n\t\t\t\t<div class=\"elementor-widget-container\">\n\t\t\t\t\t\t\t\t\t<p>Wir verf\u00fcgen \u00fcber 9 Standorte im gesamten Tulsa County, die eine Vielzahl von Dienstleistungen anbieten, die Ihnen und Ihrer Familie dabei helfen, gesund zu bleiben.<\/p>\t\t\t\t\t\t\t\t<\/div>\n\t\t\t\t<\/div>\n\t\t\t\t<div class=\"elementor-element elementor-element-fd63501 elementor-align-center secondary elementor-widget elementor-widget-button\" data-id=\"fd63501\" data-element_type=\"widget\" data-e-type=\"widget\" data-widget_type=\"button.default\">\n\t\t\t\t<div class=\"elementor-widget-container\">\n\t\t\t\t\t\t\t\t\t<div class=\"elementor-button-wrapper\">\n\t\t\t\t\t<a class=\"elementor-button elementor-button-link elementor-size-sm\" href=\"\/de\/locations\/\">\n\t\t\t\t\t\t<span class=\"elementor-button-content-wrapper\">\n\t\t\t\t\t\t\t\t\t<span class=\"elementor-button-text\">Finden Sie Ihr<\/span>\n\t\t\t\t\t<\/span>\n\t\t\t\t\t<\/a>\n\t\t\t\t<\/div>\n\t\t\t\t\t\t\t\t<\/div>\n\t\t\t\t<\/div>\n\t\t\t\t\t<\/div>\n\t\t<\/div>\n\t\t\t\t\t<\/div>\n\t\t<\/section>\n\t\t\t\t<\/div>\n\t\t<\/div>\n\t\t\t\t\t\t<\/div>\n\t\t\t\t<\/div>\n\t\t\t\t\t<\/div>\n\t\t<\/div>\n\t\t\t\t\t<\/div>\n\t\t<\/section>\n\t\t\t\t<\/div>","protected":false},"excerpt":{"rendered":"<p>Adult Immunizations\u200b Adults need to keep their vaccinations up to date because immunity from childhood vaccines can wear off over time. You are also at risk for different diseases as an adult. Vaccination is one of the most convenient and safest preventive care measures available. Immunizations Offered at THD Clinic Services Vaccines do not end [&hellip;]<\/p>\n","protected":false},"author":1,"featured_media":9813,"parent":1510,"menu_order":0,"comment_status":"closed","ping_status":"closed","template":"elementor_header_footer","meta":{"_acf_changed":false,"footnotes":""},"class_list":["post-1578","page","type-page","status-publish","has-post-thumbnail","hentry"],"acf":[],"yoast_head":"<!-- This site is optimized with the Yoast SEO plugin v27.4 - https:\/\/yoast.com\/product\/yoast-seo-wordpress\/ -->\n<title>Adult Immunizations - Tulsa Health Department<\/title>\n<meta name=\"description\" content=\"Adults need to keep their vaccinations up to date because immunity from childhood vaccines can wear off over time.\" \/>\n<meta name=\"robots\" content=\"index, follow, max-snippet:-1, max-image-preview:large, max-video-preview:-1\" \/>\n<link rel=\"canonical\" href=\"https:\/\/tulsa-health.org\/de\/services\/testing-and-immunizations\/adult-immunizations\/\" \/>\n<meta property=\"og:locale\" content=\"de_DE\" \/>\n<meta property=\"og:type\" content=\"article\" \/>\n<meta property=\"og:title\" content=\"Adult Immunizations - Tulsa Health Department\" \/>\n<meta property=\"og:description\" content=\"Adults need to keep their vaccinations up to date because immunity from childhood vaccines can wear off over time.\" \/>\n<meta property=\"og:url\" content=\"https:\/\/tulsa-health.org\/de\/services\/testing-and-immunizations\/adult-immunizations\/\" \/>\n<meta property=\"og:site_name\" content=\"Tulsa Health Department\" \/>\n<meta property=\"article:modified_time\" content=\"2025-10-10T20:20:52+00:00\" \/>\n<meta property=\"og:image\" content=\"https:\/\/tulsa-health.org\/wp-content\/uploads\/2023\/07\/iStock-1369602887-1.jpg\" \/>\n\t<meta property=\"og:image:width\" content=\"2120\" \/>\n\t<meta property=\"og:image:height\" content=\"1414\" \/>\n\t<meta property=\"og:image:type\" content=\"image\/jpeg\" \/>\n<meta name=\"twitter:card\" content=\"summary_large_image\" \/>\n<meta name=\"twitter:label1\" content=\"Gesch\u00e4tzte Lesezeit\" \/>\n\t<meta name=\"twitter:data1\" content=\"2 minutes\" \/>\n<script type=\"application\/ld+json\" class=\"yoast-schema-graph\">{\"@context\":\"https:\\\/\\\/schema.org\",\"@graph\":[{\"@type\":\"WebPage\",\"@id\":\"https:\\\/\\\/tulsa-health.org\\\/services\\\/testing-and-immunizations\\\/adult-immunizations\\\/\",\"url\":\"https:\\\/\\\/tulsa-health.org\\\/services\\\/testing-and-immunizations\\\/adult-immunizations\\\/\",\"name\":\"Adult Immunizations - Tulsa Health Department\",\"isPartOf\":{\"@id\":\"https:\\\/\\\/tulsa-health.org\\\/es\\\/#website\"},\"primaryImageOfPage\":{\"@id\":\"https:\\\/\\\/tulsa-health.org\\\/services\\\/testing-and-immunizations\\\/adult-immunizations\\\/#primaryimage\"},\"image\":{\"@id\":\"https:\\\/\\\/tulsa-health.org\\\/services\\\/testing-and-immunizations\\\/adult-immunizations\\\/#primaryimage\"},\"thumbnailUrl\":\"https:\\\/\\\/tulsa-health.org\\\/wp-content\\\/uploads\\\/2023\\\/07\\\/iStock-1369602887-1.jpg\",\"datePublished\":\"2023-05-02T20:12:10+00:00\",\"dateModified\":\"2025-10-10T20:20:52+00:00\",\"description\":\"Adults need to keep their vaccinations up to date because immunity from childhood vaccines can wear off over time.\",\"breadcrumb\":{\"@id\":\"https:\\\/\\\/tulsa-health.org\\\/services\\\/testing-and-immunizations\\\/adult-immunizations\\\/#breadcrumb\"},\"inLanguage\":\"de-DE-formal\",\"potentialAction\":[{\"@type\":\"ReadAction\",\"target\":[\"https:\\\/\\\/tulsa-health.org\\\/services\\\/testing-and-immunizations\\\/adult-immunizations\\\/\"]}]},{\"@type\":\"ImageObject\",\"inLanguage\":\"de-DE-formal\",\"@id\":\"https:\\\/\\\/tulsa-health.org\\\/services\\\/testing-and-immunizations\\\/adult-immunizations\\\/#primaryimage\",\"url\":\"https:\\\/\\\/tulsa-health.org\\\/wp-content\\\/uploads\\\/2023\\\/07\\\/iStock-1369602887-1.jpg\",\"contentUrl\":\"https:\\\/\\\/tulsa-health.org\\\/wp-content\\\/uploads\\\/2023\\\/07\\\/iStock-1369602887-1.jpg\",\"width\":2120,\"height\":1414,\"caption\":\"Shot of a young doctor applying a band-aid after injecting her patient during a consultation in the clinic\"},{\"@type\":\"BreadcrumbList\",\"@id\":\"https:\\\/\\\/tulsa-health.org\\\/services\\\/testing-and-immunizations\\\/adult-immunizations\\\/#breadcrumb\",\"itemListElement\":[{\"@type\":\"ListItem\",\"position\":1,\"name\":\"Home\",\"item\":\"https:\\\/\\\/tulsa-health.org\\\/\"},{\"@type\":\"ListItem\",\"position\":2,\"name\":\"Services\",\"item\":\"https:\\\/\\\/tulsa-health.org\\\/services\\\/\"},{\"@type\":\"ListItem\",\"position\":3,\"name\":\"Testing and Immunizations\",\"item\":\"https:\\\/\\\/tulsa-health.org\\\/services\\\/testing-and-immunizations\\\/\"},{\"@type\":\"ListItem\",\"position\":4,\"name\":\"Adult Immunizations\"}]},{\"@type\":\"WebSite\",\"@id\":\"https:\\\/\\\/tulsa-health.org\\\/es\\\/#website\",\"url\":\"https:\\\/\\\/tulsa-health.org\\\/es\\\/\",\"name\":\"Tulsa Health Department\",\"description\":\"Clinical Services, Immunizations, Permits and More | Tulsa Health Department\",\"potentialAction\":[{\"@type\":\"SearchAction\",\"target\":{\"@type\":\"EntryPoint\",\"urlTemplate\":\"https:\\\/\\\/tulsa-health.org\\\/es\\\/?s={search_term_string}\"},\"query-input\":{\"@type\":\"PropertyValueSpecification\",\"valueRequired\":true,\"valueName\":\"search_term_string\"}}],\"inLanguage\":\"de-DE-formal\"}]}<\/script>\n<!-- \/ Yoast SEO plugin. -->","yoast_head_json":{"title":"Impfungen f\u00fcr Erwachsene \u2013 Gesundheitsamt Tulsa","description":"Erwachsene m\u00fcssen ihren Impfschutz auf dem neuesten Stand halten, da die Immunit\u00e4t durch Kinderimpfungen mit der Zeit nachlassen kann.","robots":{"index":"index","follow":"follow","max-snippet":"max-snippet:-1","max-image-preview":"max-image-preview:large","max-video-preview":"max-video-preview:-1"},"canonical":"https:\/\/tulsa-health.org\/de\/services\/testing-and-immunizations\/adult-immunizations\/","og_locale":"de_DE","og_type":"article","og_title":"Adult Immunizations - Tulsa Health Department","og_description":"Adults need to keep their vaccinations up to date because immunity from childhood vaccines can wear off over time.","og_url":"https:\/\/tulsa-health.org\/de\/services\/testing-and-immunizations\/adult-immunizations\/","og_site_name":"Tulsa Health Department","article_modified_time":"2025-10-10T20:20:52+00:00","og_image":[{"width":2120,"height":1414,"url":"https:\/\/tulsa-health.org\/wp-content\/uploads\/2023\/07\/iStock-1369602887-1.jpg","type":"image\/jpeg"}],"twitter_card":"summary_large_image","twitter_misc":{"Gesch\u00e4tzte Lesezeit":"2 minutes"},"schema":{"@context":"https:\/\/schema.org","@graph":[{"@type":"WebPage","@id":"https:\/\/tulsa-health.org\/services\/testing-and-immunizations\/adult-immunizations\/","url":"https:\/\/tulsa-health.org\/services\/testing-and-immunizations\/adult-immunizations\/","name":"Impfungen f\u00fcr Erwachsene \u2013 Gesundheitsamt Tulsa","isPartOf":{"@id":"https:\/\/tulsa-health.org\/es\/#website"},"primaryImageOfPage":{"@id":"https:\/\/tulsa-health.org\/services\/testing-and-immunizations\/adult-immunizations\/#primaryimage"},"image":{"@id":"https:\/\/tulsa-health.org\/services\/testing-and-immunizations\/adult-immunizations\/#primaryimage"},"thumbnailUrl":"https:\/\/tulsa-health.org\/wp-content\/uploads\/2023\/07\/iStock-1369602887-1.jpg","datePublished":"2023-05-02T20:12:10+00:00","dateModified":"2025-10-10T20:20:52+00:00","description":"Erwachsene m\u00fcssen ihren Impfschutz auf dem neuesten Stand halten, da die Immunit\u00e4t durch Kinderimpfungen mit der Zeit nachlassen kann.","breadcrumb":{"@id":"https:\/\/tulsa-health.org\/services\/testing-and-immunizations\/adult-immunizations\/#breadcrumb"},"inLanguage":"de-DE-formal","potentialAction":[{"@type":"ReadAction","target":["https:\/\/tulsa-health.org\/services\/testing-and-immunizations\/adult-immunizations\/"]}]},{"@type":"ImageObject","inLanguage":"de-DE-formal","@id":"https:\/\/tulsa-health.org\/services\/testing-and-immunizations\/adult-immunizations\/#primaryimage","url":"https:\/\/tulsa-health.org\/wp-content\/uploads\/2023\/07\/iStock-1369602887-1.jpg","contentUrl":"https:\/\/tulsa-health.org\/wp-content\/uploads\/2023\/07\/iStock-1369602887-1.jpg","width":2120,"height":1414,"caption":"Shot of a young doctor applying a band-aid after injecting her patient during a consultation in the clinic"},{"@type":"BreadcrumbList","@id":"https:\/\/tulsa-health.org\/services\/testing-and-immunizations\/adult-immunizations\/#breadcrumb","itemListElement":[{"@type":"ListItem","position":1,"name":"Home","item":"https:\/\/tulsa-health.org\/"},{"@type":"ListItem","position":2,"name":"Services","item":"https:\/\/tulsa-health.org\/services\/"},{"@type":"ListItem","position":3,"name":"Testing and Immunizations","item":"https:\/\/tulsa-health.org\/services\/testing-and-immunizations\/"},{"@type":"ListItem","position":4,"name":"Adult Immunizations"}]},{"@type":"WebSite","@id":"https:\/\/tulsa-health.org\/es\/#website","url":"https:\/\/tulsa-health.org\/es\/","name":"Gesundheitsamt von Tulsa","description":"Klinische Dienste, Impfungen, Genehmigungen und mehr | Gesundheitsamt Tulsa","potentialAction":[{"@type":"SearchAction","target":{"@type":"EntryPoint","urlTemplate":"https:\/\/tulsa-health.org\/es\/?s={search_term_string}"},"query-input":{"@type":"PropertyValueSpecification","valueRequired":true,"valueName":"search_term_string"}}],"inLanguage":"de-DE-formal"}]}},"publishpress_future_workflow_manual_trigger":{"enabledWorkflows":[]},"_links":{"self":[{"href":"http:\/\/tulsa-health.org\/de\/wp-json\/wp\/v2\/pages\/1578","targetHints":{"allow":["GET"]}}],"collection":[{"href":"http:\/\/tulsa-health.org\/de\/wp-json\/wp\/v2\/pages"}],"about":[{"href":"http:\/\/tulsa-health.org\/de\/wp-json\/wp\/v2\/types\/page"}],"author":[{"embeddable":true,"href":"http:\/\/tulsa-health.org\/de\/wp-json\/wp\/v2\/users\/1"}],"replies":[{"embeddable":true,"href":"http:\/\/tulsa-health.org\/de\/wp-json\/wp\/v2\/comments?post=1578"}],"version-history":[{"count":15,"href":"http:\/\/tulsa-health.org\/de\/wp-json\/wp\/v2\/pages\/1578\/revisions"}],"predecessor-version":[{"id":23462,"href":"http:\/\/tulsa-health.org\/de\/wp-json\/wp\/v2\/pages\/1578\/revisions\/23462"}],"up":[{"embeddable":true,"href":"http:\/\/tulsa-health.org\/de\/wp-json\/wp\/v2\/pages\/1510"}],"wp:featuredmedia":[{"embeddable":true,"href":"http:\/\/tulsa-health.org\/de\/wp-json\/wp\/v2\/media\/9813"}],"wp:attachment":[{"href":"http:\/\/tulsa-health.org\/de\/wp-json\/wp\/v2\/media?parent=1578"}],"curies":[{"name":"wp","href":"https:\/\/api.w.org\/{rel}","templated":true}]}}