{"id":2374,"date":"2023-05-04T18:15:37","date_gmt":"2023-05-04T23:15:37","guid":{"rendered":"https:\/\/test.tulsa-health.org\/?page_id=2374"},"modified":"2024-01-12T10:53:54","modified_gmt":"2024-01-12T16:53:54","slug":"property-maintenance","status":"publish","type":"page","link":"http:\/\/tulsa-health.org\/de\/permits-inspections\/housing\/property-maintenance\/","title":{"rendered":"Grundst\u00fcckspflege"},"content":{"rendered":"<div data-elementor-type=\"wp-page\" data-elementor-id=\"2374\" class=\"elementor elementor-2374\" data-elementor-post-type=\"page\">\n\t\t\t\t\t\t<section class=\"elementor-section elementor-top-section elementor-element elementor-element-174c203 elementor-section-full_width elementor-section-height-min-height elementor-section-height-default elementor-section-items-middle\" data-id=\"174c203\" data-element_type=\"section\" data-e-type=\"section\" data-settings=\"{&quot;background_background&quot;:&quot;classic&quot;}\">\n\t\t\t\t\t\t<div class=\"elementor-container elementor-column-gap-no\">\n\t\t\t\t\t<div class=\"elementor-column elementor-col-100 elementor-top-column elementor-element elementor-element-08f1c49\" data-id=\"08f1c49\" data-element_type=\"column\" data-e-type=\"column\">\n\t\t\t<div class=\"elementor-widget-wrap\">\n\t\t\t\t\t\t\t<\/div>\n\t\t<\/div>\n\t\t\t\t\t<\/div>\n\t\t<\/section>\n\t\t\t\t<section class=\"elementor-section elementor-top-section elementor-element elementor-element-8e617ac elementor-section-boxed elementor-section-height-default elementor-section-height-default\" data-id=\"8e617ac\" data-element_type=\"section\" data-e-type=\"section\" data-settings=\"{&quot;background_background&quot;:&quot;classic&quot;}\">\n\t\t\t\t\t\t<div class=\"elementor-container elementor-column-gap-default\">\n\t\t\t\t\t<div class=\"elementor-column elementor-col-100 elementor-top-column elementor-element elementor-element-707bcbc\" data-id=\"707bcbc\" data-element_type=\"column\" data-e-type=\"column\">\n\t\t\t<div class=\"elementor-widget-wrap elementor-element-populated\">\n\t\t\t\t\t\t<div class=\"elementor-element elementor-element-ac82baa elementor-widget elementor-widget-heading\" data-id=\"ac82baa\" data-element_type=\"widget\" data-e-type=\"widget\" data-widget_type=\"heading.default\">\n\t\t\t\t<div class=\"elementor-widget-container\">\n\t\t\t\t\t<h1 class=\"elementor-heading-title elementor-size-default\">Immobilienwartung<\/h1>\t\t\t\t<\/div>\n\t\t\t\t<\/div>\n\t\t\t\t<div class=\"elementor-element elementor-element-28ffd9e elementor-widget elementor-widget-text-editor\" data-id=\"28ffd9e\" data-element_type=\"widget\" data-e-type=\"widget\" data-widget_type=\"text-editor.default\">\n\t\t\t\t<div class=\"elementor-widget-container\">\n\t\t\t\t\t\t\t\t\t<p>Erfahren Sie mehr \u00fcber potenzielle Gesundheitsgefahren wie stehendes Wasser, unhygienische Zust\u00e4nde bei Tieren, undichte Abwasserleitungen und mehr, und erfahren Sie, wie Sie diese Probleme f\u00fcr eine sicherere Gemeinschaft melden k\u00f6nnen.<\/p>\t\t\t\t\t\t\t\t<\/div>\n\t\t\t\t<\/div>\n\t\t\t\t\t<\/div>\n\t\t<\/div>\n\t\t\t\t\t<\/div>\n\t\t<\/section>\n\t\t\t\t<section class=\"elementor-section elementor-top-section elementor-element elementor-element-ad1a80b elementor-section-boxed elementor-section-height-default elementor-section-height-default\" data-id=\"ad1a80b\" data-element_type=\"section\" data-e-type=\"section\" data-settings=\"{&quot;background_background&quot;:&quot;classic&quot;}\">\n\t\t\t\t\t\t<div class=\"elementor-container elementor-column-gap-default\">\n\t\t\t\t\t<div class=\"elementor-column elementor-col-100 elementor-top-column elementor-element elementor-element-1703c30\" data-id=\"1703c30\" data-element_type=\"column\" data-e-type=\"column\">\n\t\t\t<div class=\"elementor-widget-wrap elementor-element-populated\">\n\t\t\t\t\t\t<div class=\"elementor-element elementor-element-2d40fe1 elementor-widget elementor-widget-text-editor\" data-id=\"2d40fe1\" data-element_type=\"widget\" data-e-type=\"widget\" data-widget_type=\"text-editor.default\">\n\t\t\t\t<div class=\"elementor-widget-container\">\n\t\t\t\t\t\t\t\t\t<h2>Schutz vor Bel\u00e4stigungen der \u00f6ffentlichen Gesundheit<\/h2><p>THD hilft bei der Durchsetzung \u00f6ffentlicher Bel\u00e4stigungsprogramme des Tulsa County und der Stadt Tulsa, die darauf abzielen, unhygienische Zust\u00e4nde zu beseitigen, die potenzielle Gefahren f\u00fcr die \u00f6ffentliche Gesundheit darstellen. Einige Beispiele f\u00fcr Bel\u00e4stigungen der \u00f6ffentlichen Gesundheit sind:<\/p><ul><li>Stehendes Wasser, in dem sich M\u00fccken vermehren k\u00f6nnen<\/li><li>Tierkadaver<\/li><li>Ansammlung von Mist, M\u00fcll, Schutt usw.<\/li><li>Undichte Abwasserleitungen oder Kl\u00e4rgruben<\/li><li>Tiere werden unter unhygienischen Bedingungen gehalten<\/li><li>Durch Feuer besch\u00e4digte oder bauf\u00e4llige Bauwerke<\/li><li>Fester oder industrieller Abfall<\/li><li>Dichter Rauch, starke Ger\u00fcche, sch\u00e4dliche D\u00e4mpfe usw.<\/li><li>Ansammlung von Flugm\u00fcll, Baumaterialien etc.<\/li><li>Besch\u00e4digte oder tote B\u00e4ume<\/li><li>Leitet in jedes Regenwasserentw\u00e4sserungssystem ein<\/li><li>Sch\u00e4dliches Wachstum von Vegetation\/Unkr\u00e4utern<\/li><\/ul><p>Bitte melden Sie einen m\u00f6glichen Versto\u00df gegen die Hygienevorschriften oder eine Bel\u00e4stigung der \u00f6ffentlichen Gesundheit\u00a0<a href=\"\/de\/forms\/complaints\/\">Klicken Sie hier, um eine Online-Beschwerde einzureichen<\/a>\u00a0oder anrufen <a href=\"tel:9185954200\">918-595-4200<\/a>. THD wird die erforderlichen Ma\u00dfnahmen ergreifen oder Sie an die zust\u00e4ndige Beh\u00f6rde verweisen, die f\u00fcr die Bearbeitung Ihrer Beschwerde zust\u00e4ndig ist.<\/p>\t\t\t\t\t\t\t\t<\/div>\n\t\t\t\t<\/div>\n\t\t\t\t\t<\/div>\n\t\t<\/div>\n\t\t\t\t\t<\/div>\n\t\t<\/section>\n\t\t\t\t<section class=\"elementor-section elementor-top-section elementor-element elementor-element-ecd1e80 elementor-section-full_width elementor-section-height-default elementor-section-height-default\" data-id=\"ecd1e80\" data-element_type=\"section\" data-e-type=\"section\">\n\t\t\t\t\t\t<div class=\"elementor-container elementor-column-gap-default\">\n\t\t\t\t\t<div class=\"elementor-column elementor-col-100 elementor-top-column elementor-element elementor-element-b7dd37f\" data-id=\"b7dd37f\" data-element_type=\"column\" data-e-type=\"column\">\n\t\t\t<div class=\"elementor-widget-wrap elementor-element-populated\">\n\t\t\t\t\t\t<div class=\"elementor-element elementor-element-6edf406 elementor-widget elementor-widget-shortcode\" data-id=\"6edf406\" data-element_type=\"widget\" data-e-type=\"widget\" data-widget_type=\"shortcode.default\">\n\t\t\t\t<div class=\"elementor-widget-container\">\n\t\t\t\t\t\t\t<div class=\"elementor-shortcode\">\t\t<div data-elementor-type=\"section\" data-elementor-id=\"4934\" class=\"elementor elementor-4934\" data-elementor-post-type=\"elementor_library\">\n\t\t\t\t\t<section class=\"elementor-section elementor-top-section elementor-element elementor-element-4469b59d elementor-section-stretched elementor-section-boxed elementor-section-height-default elementor-section-height-default\" data-id=\"4469b59d\" data-element_type=\"section\" data-e-type=\"section\" data-settings=\"{&quot;background_background&quot;:&quot;classic&quot;,&quot;stretch_section&quot;:&quot;section-stretched&quot;}\">\n\t\t\t\t\t\t\t<div class=\"elementor-background-overlay\"><\/div>\n\t\t\t\t\t\t\t<div class=\"elementor-container elementor-column-gap-default\">\n\t\t\t\t\t<div class=\"elementor-column elementor-col-100 elementor-top-column elementor-element elementor-element-615ea353\" data-id=\"615ea353\" data-element_type=\"column\" data-e-type=\"column\">\n\t\t\t<div class=\"elementor-widget-wrap elementor-element-populated\">\n\t\t\t\t\t\t<div class=\"elementor-element elementor-element-bdb2691 elementor-widget elementor-widget-heading\" data-id=\"bdb2691\" data-element_type=\"widget\" data-e-type=\"widget\" data-widget_type=\"heading.default\">\n\t\t\t\t<div class=\"elementor-widget-container\">\n\t\t\t\t\t<h5 class=\"elementor-heading-title elementor-size-default\">STANDORTE<\/h5>\t\t\t\t<\/div>\n\t\t\t\t<\/div>\n\t\t\t\t<div class=\"elementor-element elementor-element-00f74f9 elementor-widget elementor-widget-text-editor\" data-id=\"00f74f9\" data-element_type=\"widget\" data-e-type=\"widget\" data-widget_type=\"text-editor.default\">\n\t\t\t\t<div class=\"elementor-widget-container\">\n\t\t\t\t\t\t\t\t\t<p>Wir verf\u00fcgen \u00fcber 9 Standorte im gesamten Tulsa County, die eine Vielzahl von Dienstleistungen anbieten, die Ihnen und Ihrer Familie dabei helfen, gesund zu bleiben.<\/p>\t\t\t\t\t\t\t\t<\/div>\n\t\t\t\t<\/div>\n\t\t\t\t<div class=\"elementor-element elementor-element-fd63501 elementor-align-center secondary elementor-widget elementor-widget-button\" data-id=\"fd63501\" data-element_type=\"widget\" data-e-type=\"widget\" data-widget_type=\"button.default\">\n\t\t\t\t<div class=\"elementor-widget-container\">\n\t\t\t\t\t\t\t\t\t<div class=\"elementor-button-wrapper\">\n\t\t\t\t\t<a class=\"elementor-button elementor-button-link elementor-size-sm\" href=\"\/de\/locations\/\">\n\t\t\t\t\t\t<span class=\"elementor-button-content-wrapper\">\n\t\t\t\t\t\t\t\t\t<span class=\"elementor-button-text\">Finden Sie Ihr<\/span>\n\t\t\t\t\t<\/span>\n\t\t\t\t\t<\/a>\n\t\t\t\t<\/div>\n\t\t\t\t\t\t\t\t<\/div>\n\t\t\t\t<\/div>\n\t\t\t\t\t<\/div>\n\t\t<\/div>\n\t\t\t\t\t<\/div>\n\t\t<\/section>\n\t\t\t\t<\/div>\n\t\t<\/div>\n\t\t\t\t\t\t<\/div>\n\t\t\t\t<\/div>\n\t\t\t\t\t<\/div>\n\t\t<\/div>\n\t\t\t\t\t<\/div>\n\t\t<\/section>\n\t\t\t\t<\/div>","protected":false},"excerpt":{"rendered":"<p>Property Maintenance\u200b Learn about potential health hazards like stagnant water, unsanitary animal conditions, leaking sewer lines, and more, while understanding how to report these issues for a safer community. Protecting Against Public Health Nuisances\u200b THD helps enforce Tulsa County and City of Tulsa public nuisance programs that seek to eliminate unsanitary conditions that pose potential [&hellip;]<\/p>\n","protected":false},"author":1,"featured_media":12953,"parent":2355,"menu_order":0,"comment_status":"closed","ping_status":"closed","template":"elementor_header_footer","meta":{"_acf_changed":false,"footnotes":""},"class_list":["post-2374","page","type-page","status-publish","has-post-thumbnail","hentry"],"acf":[],"yoast_head":"<!-- This site is optimized with the Yoast SEO plugin v27.4 - https:\/\/yoast.com\/product\/yoast-seo-wordpress\/ -->\n<title>Property Maintenance - Tulsa Health Department<\/title>\n<meta name=\"description\" content=\"Learn about potential health hazards like stagnant water, unsanitary animal conditions, leaking sewer lines, and more.\" \/>\n<meta name=\"robots\" content=\"index, follow, max-snippet:-1, max-image-preview:large, max-video-preview:-1\" \/>\n<link rel=\"canonical\" href=\"https:\/\/tulsa-health.org\/de\/permits-inspections\/housing\/property-maintenance\/\" \/>\n<meta property=\"og:locale\" content=\"de_DE\" \/>\n<meta property=\"og:type\" content=\"article\" \/>\n<meta property=\"og:title\" content=\"Property Maintenance - Tulsa Health Department\" \/>\n<meta property=\"og:description\" content=\"Learn about potential health hazards like stagnant water, unsanitary animal conditions, leaking sewer lines, and more.\" \/>\n<meta property=\"og:url\" content=\"https:\/\/tulsa-health.org\/de\/permits-inspections\/housing\/property-maintenance\/\" \/>\n<meta property=\"og:site_name\" content=\"Tulsa Health Department\" \/>\n<meta property=\"article:modified_time\" content=\"2024-01-12T16:53:54+00:00\" \/>\n<meta property=\"og:image\" content=\"https:\/\/tulsa-health.org\/wp-content\/uploads\/2023\/10\/property-maintenance.jpeg\" \/>\n\t<meta property=\"og:image:width\" content=\"1280\" \/>\n\t<meta property=\"og:image:height\" content=\"853\" \/>\n\t<meta property=\"og:image:type\" content=\"image\/jpeg\" \/>\n<meta name=\"twitter:card\" content=\"summary_large_image\" \/>\n<meta name=\"twitter:label1\" content=\"Gesch\u00e4tzte Lesezeit\" \/>\n\t<meta name=\"twitter:data1\" content=\"1 minute\" \/>\n<script type=\"application\/ld+json\" class=\"yoast-schema-graph\">{\"@context\":\"https:\\\/\\\/schema.org\",\"@graph\":[{\"@type\":\"WebPage\",\"@id\":\"https:\\\/\\\/tulsa-health.org\\\/permits-inspections\\\/housing\\\/property-maintenance\\\/\",\"url\":\"https:\\\/\\\/tulsa-health.org\\\/permits-inspections\\\/housing\\\/property-maintenance\\\/\",\"name\":\"Property Maintenance - Tulsa Health Department\",\"isPartOf\":{\"@id\":\"https:\\\/\\\/tulsa-health.org\\\/es\\\/#website\"},\"primaryImageOfPage\":{\"@id\":\"https:\\\/\\\/tulsa-health.org\\\/permits-inspections\\\/housing\\\/property-maintenance\\\/#primaryimage\"},\"image\":{\"@id\":\"https:\\\/\\\/tulsa-health.org\\\/permits-inspections\\\/housing\\\/property-maintenance\\\/#primaryimage\"},\"thumbnailUrl\":\"https:\\\/\\\/tulsa-health.org\\\/wp-content\\\/uploads\\\/2023\\\/10\\\/property-maintenance.jpeg\",\"datePublished\":\"2023-05-04T23:15:37+00:00\",\"dateModified\":\"2024-01-12T16:53:54+00:00\",\"description\":\"Learn about potential health hazards like stagnant water, unsanitary animal conditions, leaking sewer lines, and more.\",\"breadcrumb\":{\"@id\":\"https:\\\/\\\/tulsa-health.org\\\/permits-inspections\\\/housing\\\/property-maintenance\\\/#breadcrumb\"},\"inLanguage\":\"de-DE-formal\",\"potentialAction\":[{\"@type\":\"ReadAction\",\"target\":[\"https:\\\/\\\/tulsa-health.org\\\/permits-inspections\\\/housing\\\/property-maintenance\\\/\"]}]},{\"@type\":\"ImageObject\",\"inLanguage\":\"de-DE-formal\",\"@id\":\"https:\\\/\\\/tulsa-health.org\\\/permits-inspections\\\/housing\\\/property-maintenance\\\/#primaryimage\",\"url\":\"https:\\\/\\\/tulsa-health.org\\\/wp-content\\\/uploads\\\/2023\\\/10\\\/property-maintenance.jpeg\",\"contentUrl\":\"https:\\\/\\\/tulsa-health.org\\\/wp-content\\\/uploads\\\/2023\\\/10\\\/property-maintenance.jpeg\",\"width\":1280,\"height\":853,\"caption\":\"Property Maintenance\"},{\"@type\":\"BreadcrumbList\",\"@id\":\"https:\\\/\\\/tulsa-health.org\\\/permits-inspections\\\/housing\\\/property-maintenance\\\/#breadcrumb\",\"itemListElement\":[{\"@type\":\"ListItem\",\"position\":1,\"name\":\"Home\",\"item\":\"https:\\\/\\\/tulsa-health.org\\\/\"},{\"@type\":\"ListItem\",\"position\":2,\"name\":\"Permits &#038; Inspections\",\"item\":\"https:\\\/\\\/tulsa-health.org\\\/permits-inspections\\\/\"},{\"@type\":\"ListItem\",\"position\":3,\"name\":\"Housing\",\"item\":\"https:\\\/\\\/tulsa-health.org\\\/permits-inspections\\\/housing\\\/\"},{\"@type\":\"ListItem\",\"position\":4,\"name\":\"Property Maintenance\"}]},{\"@type\":\"WebSite\",\"@id\":\"https:\\\/\\\/tulsa-health.org\\\/es\\\/#website\",\"url\":\"https:\\\/\\\/tulsa-health.org\\\/es\\\/\",\"name\":\"Tulsa Health Department\",\"description\":\"Clinical Services, Immunizations, Permits and More | Tulsa Health Department\",\"potentialAction\":[{\"@type\":\"SearchAction\",\"target\":{\"@type\":\"EntryPoint\",\"urlTemplate\":\"https:\\\/\\\/tulsa-health.org\\\/es\\\/?s={search_term_string}\"},\"query-input\":{\"@type\":\"PropertyValueSpecification\",\"valueRequired\":true,\"valueName\":\"search_term_string\"}}],\"inLanguage\":\"de-DE-formal\"}]}<\/script>\n<!-- \/ Yoast SEO plugin. -->","yoast_head_json":{"title":"Immobilieninstandhaltung - Gesundheitsamt Tulsa","description":"Informieren Sie sich \u00fcber m\u00f6gliche Gesundheitsgefahren wie stehendes Wasser, unhygienische Bedingungen f\u00fcr Tiere, undichte Abwasserleitungen und mehr.","robots":{"index":"index","follow":"follow","max-snippet":"max-snippet:-1","max-image-preview":"max-image-preview:large","max-video-preview":"max-video-preview:-1"},"canonical":"https:\/\/tulsa-health.org\/de\/permits-inspections\/housing\/property-maintenance\/","og_locale":"de_DE","og_type":"article","og_title":"Property Maintenance - Tulsa Health Department","og_description":"Learn about potential health hazards like stagnant water, unsanitary animal conditions, leaking sewer lines, and more.","og_url":"https:\/\/tulsa-health.org\/de\/permits-inspections\/housing\/property-maintenance\/","og_site_name":"Tulsa Health Department","article_modified_time":"2024-01-12T16:53:54+00:00","og_image":[{"width":1280,"height":853,"url":"https:\/\/tulsa-health.org\/wp-content\/uploads\/2023\/10\/property-maintenance.jpeg","type":"image\/jpeg"}],"twitter_card":"summary_large_image","twitter_misc":{"Gesch\u00e4tzte Lesezeit":"1 minute"},"schema":{"@context":"https:\/\/schema.org","@graph":[{"@type":"WebPage","@id":"https:\/\/tulsa-health.org\/permits-inspections\/housing\/property-maintenance\/","url":"https:\/\/tulsa-health.org\/permits-inspections\/housing\/property-maintenance\/","name":"Immobilieninstandhaltung - Gesundheitsamt Tulsa","isPartOf":{"@id":"https:\/\/tulsa-health.org\/es\/#website"},"primaryImageOfPage":{"@id":"https:\/\/tulsa-health.org\/permits-inspections\/housing\/property-maintenance\/#primaryimage"},"image":{"@id":"https:\/\/tulsa-health.org\/permits-inspections\/housing\/property-maintenance\/#primaryimage"},"thumbnailUrl":"https:\/\/tulsa-health.org\/wp-content\/uploads\/2023\/10\/property-maintenance.jpeg","datePublished":"2023-05-04T23:15:37+00:00","dateModified":"2024-01-12T16:53:54+00:00","description":"Informieren Sie sich \u00fcber m\u00f6gliche Gesundheitsgefahren wie stehendes Wasser, unhygienische Bedingungen f\u00fcr Tiere, undichte Abwasserleitungen und mehr.","breadcrumb":{"@id":"https:\/\/tulsa-health.org\/permits-inspections\/housing\/property-maintenance\/#breadcrumb"},"inLanguage":"de-DE-formal","potentialAction":[{"@type":"ReadAction","target":["https:\/\/tulsa-health.org\/permits-inspections\/housing\/property-maintenance\/"]}]},{"@type":"ImageObject","inLanguage":"de-DE-formal","@id":"https:\/\/tulsa-health.org\/permits-inspections\/housing\/property-maintenance\/#primaryimage","url":"https:\/\/tulsa-health.org\/wp-content\/uploads\/2023\/10\/property-maintenance.jpeg","contentUrl":"https:\/\/tulsa-health.org\/wp-content\/uploads\/2023\/10\/property-maintenance.jpeg","width":1280,"height":853,"caption":"Property Maintenance"},{"@type":"BreadcrumbList","@id":"https:\/\/tulsa-health.org\/permits-inspections\/housing\/property-maintenance\/#breadcrumb","itemListElement":[{"@type":"ListItem","position":1,"name":"Home","item":"https:\/\/tulsa-health.org\/"},{"@type":"ListItem","position":2,"name":"Permits &#038; Inspections","item":"https:\/\/tulsa-health.org\/permits-inspections\/"},{"@type":"ListItem","position":3,"name":"Housing","item":"https:\/\/tulsa-health.org\/permits-inspections\/housing\/"},{"@type":"ListItem","position":4,"name":"Property Maintenance"}]},{"@type":"WebSite","@id":"https:\/\/tulsa-health.org\/es\/#website","url":"https:\/\/tulsa-health.org\/es\/","name":"Gesundheitsamt von Tulsa","description":"Klinische Dienste, Impfungen, Genehmigungen und mehr | Gesundheitsamt Tulsa","potentialAction":[{"@type":"SearchAction","target":{"@type":"EntryPoint","urlTemplate":"https:\/\/tulsa-health.org\/es\/?s={search_term_string}"},"query-input":{"@type":"PropertyValueSpecification","valueRequired":true,"valueName":"search_term_string"}}],"inLanguage":"de-DE-formal"}]}},"publishpress_future_workflow_manual_trigger":{"enabledWorkflows":[]},"_links":{"self":[{"href":"http:\/\/tulsa-health.org\/de\/wp-json\/wp\/v2\/pages\/2374","targetHints":{"allow":["GET"]}}],"collection":[{"href":"http:\/\/tulsa-health.org\/de\/wp-json\/wp\/v2\/pages"}],"about":[{"href":"http:\/\/tulsa-health.org\/de\/wp-json\/wp\/v2\/types\/page"}],"author":[{"embeddable":true,"href":"http:\/\/tulsa-health.org\/de\/wp-json\/wp\/v2\/users\/1"}],"replies":[{"embeddable":true,"href":"http:\/\/tulsa-health.org\/de\/wp-json\/wp\/v2\/comments?post=2374"}],"version-history":[{"count":0,"href":"http:\/\/tulsa-health.org\/de\/wp-json\/wp\/v2\/pages\/2374\/revisions"}],"up":[{"embeddable":true,"href":"http:\/\/tulsa-health.org\/de\/wp-json\/wp\/v2\/pages\/2355"}],"wp:featuredmedia":[{"embeddable":true,"href":"http:\/\/tulsa-health.org\/de\/wp-json\/wp\/v2\/media\/12953"}],"wp:attachment":[{"href":"http:\/\/tulsa-health.org\/de\/wp-json\/wp\/v2\/media?parent=2374"}],"curies":[{"name":"wp","href":"https:\/\/api.w.org\/{rel}","templated":true}]}}