{"id":1578,"date":"2023-05-02T15:12:10","date_gmt":"2023-05-02T20:12:10","guid":{"rendered":"https:\/\/test.tulsa-health.org\/?page_id=1578"},"modified":"2025-10-10T15:20:52","modified_gmt":"2025-10-10T20:20:52","slug":"adult-immunizations","status":"publish","type":"page","link":"http:\/\/tulsa-health.org\/es\/services\/testing-and-immunizations\/adult-immunizations\/","title":{"rendered":"Vacunas para adultos"},"content":{"rendered":"<div data-elementor-type=\"wp-page\" data-elementor-id=\"1578\" class=\"elementor elementor-1578\" data-elementor-post-type=\"page\">\n\t\t\t\t\t\t<section class=\"elementor-section elementor-top-section elementor-element elementor-element-ec8c5c0 elementor-section-full_width elementor-section-height-min-height elementor-section-height-default elementor-section-items-middle\" data-id=\"ec8c5c0\" data-element_type=\"section\" data-e-type=\"section\" data-settings=\"{&quot;background_background&quot;:&quot;classic&quot;}\">\n\t\t\t\t\t\t<div class=\"elementor-container elementor-column-gap-no\">\n\t\t\t\t\t<div class=\"elementor-column elementor-col-100 elementor-top-column elementor-element elementor-element-c2e135a\" data-id=\"c2e135a\" data-element_type=\"column\" data-e-type=\"column\">\n\t\t\t<div class=\"elementor-widget-wrap\">\n\t\t\t\t\t\t\t<\/div>\n\t\t<\/div>\n\t\t\t\t\t<\/div>\n\t\t<\/section>\n\t\t\t\t<section class=\"elementor-section elementor-top-section elementor-element elementor-element-151f05d elementor-section-boxed elementor-section-height-default elementor-section-height-default\" data-id=\"151f05d\" data-element_type=\"section\" data-e-type=\"section\" data-settings=\"{&quot;background_background&quot;:&quot;classic&quot;}\">\n\t\t\t\t\t\t<div class=\"elementor-container elementor-column-gap-default\">\n\t\t\t\t\t<div class=\"elementor-column elementor-col-100 elementor-top-column elementor-element elementor-element-9c0fc5d\" data-id=\"9c0fc5d\" data-element_type=\"column\" data-e-type=\"column\">\n\t\t\t<div class=\"elementor-widget-wrap elementor-element-populated\">\n\t\t\t\t\t\t<div class=\"elementor-element elementor-element-511dedb elementor-widget elementor-widget-heading\" data-id=\"511dedb\" data-element_type=\"widget\" data-e-type=\"widget\" data-widget_type=\"heading.default\">\n\t\t\t\t<div class=\"elementor-widget-container\">\n\t\t\t\t\t<h1 class=\"elementor-heading-title elementor-size-default\">Vacunas para adultos<\/h1>\t\t\t\t<\/div>\n\t\t\t\t<\/div>\n\t\t\t\t<div class=\"elementor-element elementor-element-aafb2cc elementor-widget elementor-widget-text-editor\" data-id=\"aafb2cc\" data-element_type=\"widget\" data-e-type=\"widget\" data-widget_type=\"text-editor.default\">\n\t\t\t\t<div class=\"elementor-widget-container\">\n\t\t\t\t\t\t\t\t\t<p>Los adultos necesitan mantener sus vacunas al d\u00eda porque la inmunidad de las vacunas infantiles puede desaparecer con el tiempo. Tambi\u00e9n corre el riesgo de sufrir diferentes enfermedades en la edad adulta. La vacunaci\u00f3n es una de las medidas de atenci\u00f3n preventiva m\u00e1s convenientes y seguras disponibles.<\/p>\t\t\t\t\t\t\t\t<\/div>\n\t\t\t\t<\/div>\n\t\t\t\t\t<\/div>\n\t\t<\/div>\n\t\t\t\t\t<\/div>\n\t\t<\/section>\n\t\t\t\t<section class=\"elementor-section elementor-top-section elementor-element elementor-element-cdb878b elementor-section-boxed elementor-section-height-default elementor-section-height-default\" data-id=\"cdb878b\" data-element_type=\"section\" data-e-type=\"section\" data-settings=\"{&quot;background_background&quot;:&quot;classic&quot;}\">\n\t\t\t\t\t\t<div class=\"elementor-container elementor-column-gap-default\">\n\t\t\t\t\t<div class=\"elementor-column elementor-col-100 elementor-top-column elementor-element elementor-element-00fd5c8\" data-id=\"00fd5c8\" data-element_type=\"column\" data-e-type=\"column\">\n\t\t\t<div class=\"elementor-widget-wrap elementor-element-populated\">\n\t\t\t\t\t\t<div class=\"elementor-element elementor-element-1522c25 elementor-align-center elementor-widget elementor-widget-button\" data-id=\"1522c25\" data-element_type=\"widget\" data-e-type=\"widget\" data-widget_type=\"button.default\">\n\t\t\t\t<div class=\"elementor-widget-container\">\n\t\t\t\t\t\t\t\t\t<div class=\"elementor-button-wrapper\">\n\t\t\t\t\t<a class=\"elementor-button elementor-button-link elementor-size-sm\" href=\"https:\/\/tulsa-health.org\/wp-content\/uploads\/2025\/10\/Immunization-Fee-Schedule-Effective-09242025.pdf\">\n\t\t\t\t\t\t<span class=\"elementor-button-content-wrapper\">\n\t\t\t\t\t\t\t\t\t<span class=\"elementor-button-text\">Vacunas ofrecidas en THD<\/span>\n\t\t\t\t\t<\/span>\n\t\t\t\t\t<\/a>\n\t\t\t\t<\/div>\n\t\t\t\t\t\t\t\t<\/div>\n\t\t\t\t<\/div>\n\t\t\t\t<div class=\"elementor-element elementor-element-af94f88 elementor-widget elementor-widget-text-editor\" data-id=\"af94f88\" data-element_type=\"widget\" data-e-type=\"widget\" data-widget_type=\"text-editor.default\">\n\t\t\t\t<div class=\"elementor-widget-container\">\n\t\t\t\t\t\t\t\t\t<h2>Servicios Cl\u00ednicos<\/h2><p>Las vacunas no se limitan a los ni\u00f1os; tambi\u00e9n se recomiendan para adultos. Es posible que a\u00fan necesite vacunas y refuerzos espec\u00edficos. Podemos ayudarle a determinar qu\u00e9 vacunas necesita revisando su historial m\u00e9dico y de vacunaci\u00f3n, su estilo de vida, sus planes de viaje y otros factores. Por favor, traiga su historial o registro de vacunaci\u00f3n.<\/p><p>Se ofrecen servicios sin cita previa en ciertos d\u00edas; de lo contrario, se requiere cita previa. El horario var\u00eda seg\u00fan la ubicaci\u00f3n; haga clic en la cl\u00ednica que prefiera a continuaci\u00f3n para consultar la disponibilidad. Para obtener m\u00e1s informaci\u00f3n o programar una cita, llame al <a href=\"tel:918-595-4509\">918-595-4509<\/a>.<\/p><h2>Costo<\/h2><p>Actualmente, THD acepta Cigna, Community Care, Blue Cross Blue Shield, Health Choice, Medicare o Medicaid para las vacunas. La cobertura puede variar entre los diferentes planes de seguro. Traiga su tarjeta de seguro y una identificaci\u00f3n con foto. Siempre es recomendable consultar con su proveedor de seguros los detalles de la cobertura antes de recibir las vacunas, ya que usted puede ser responsable de los gastos que no est\u00e9n cubiertos por su p\u00f3liza de seguro.<\/p><h2>Recursos Relacionados<\/h2><ul><li><a href=\"https:\/\/www.cdc.gov\/vaccines\/schedules\/easy-to-read\/adult-easyread.html\">Vacunas recomendadas por los CDC para adultos<\/a><\/li><\/ul>\t\t\t\t\t\t\t\t<\/div>\n\t\t\t\t<\/div>\n\t\t\t\t\t<\/div>\n\t\t<\/div>\n\t\t\t\t\t<\/div>\n\t\t<\/section>\n\t\t\t\t<section class=\"elementor-section elementor-top-section elementor-element elementor-element-7810c28 elementor-section-boxed elementor-section-height-default elementor-section-height-default\" data-id=\"7810c28\" data-element_type=\"section\" data-e-type=\"section\" data-settings=\"{&quot;background_background&quot;:&quot;classic&quot;}\">\n\t\t\t\t\t\t<div class=\"elementor-container elementor-column-gap-default\">\n\t\t\t\t\t<div class=\"elementor-column elementor-col-100 elementor-top-column elementor-element elementor-element-82cc6ae\" data-id=\"82cc6ae\" data-element_type=\"column\" data-e-type=\"column\">\n\t\t\t<div class=\"elementor-widget-wrap elementor-element-populated\">\n\t\t\t\t\t\t<div class=\"elementor-element elementor-element-5bbc03c elementor-widget elementor-widget-heading\" data-id=\"5bbc03c\" data-element_type=\"widget\" data-e-type=\"widget\" data-widget_type=\"heading.default\">\n\t\t\t\t<div class=\"elementor-widget-container\">\n\t\t\t\t\t<h3 class=\"elementor-heading-title elementor-size-default\">Las vacunas para adultos est\u00e1n disponibles en las siguientes ubicaciones<\/h3>\t\t\t\t<\/div>\n\t\t\t\t<\/div>\n\t\t\t\t<div class=\"elementor-element elementor-element-4fad44b elementor-widget elementor-widget-ucaddon_post_grid\" data-id=\"4fad44b\" data-element_type=\"widget\" data-e-type=\"widget\" data-widget_type=\"ucaddon_post_grid.default\">\n\t\t\t\t<div class=\"elementor-widget-container\">\n\t\t\t\t\t\n<!-- start Post Grid -->\n\t\t<link id='font-awesome-css' href='http:\/\/tulsa-health.org\/wp-content\/plugins\/unlimited-elements-for-elementor-premium\/assets_libraries\/font-awesome6\/fontawesome-all.min.css' type='text\/css' rel='stylesheet' >\n\t\t<link id='font-awesome-4-shim-css' href='http:\/\/tulsa-health.org\/wp-content\/plugins\/unlimited-elements-for-elementor-premium\/assets_libraries\/font-awesome6\/fontawesome-v4-shims.min.css' type='text\/css' rel='stylesheet' >\n\n<style>\/* widget: Post Grid *\/\n\n#uc_post_grid_elementor_4fad44b.uc_post_grid_style_one .uc_post_grid_style_one_wrap {\n   display:grid;\n}\n\n\n\n#uc_post_grid_elementor_4fad44b .uc_post_grid_style_one_item\n{\n  overflow:hidden;\n  position:relative;\n}\n\n#uc_post_grid_elementor_4fad44b .uc_post_image\n{\n  transition:0.3s;\n  position:relative;\n  overflow:hidden;\n}\n\n#uc_post_grid_elementor_4fad44b .uc_post_image img\n{\n  width:100%;\n  display:block;\n  transition:0.3s;\n}\n\n\n\t\n\n\n\n\n\n\n#uc_post_grid_elementor_4fad44b .uc_post_image_overlay\n{\n  position:absolute;\n  top:0px;\n  left:0px;\n  height:100%;\n  width:100%;\n  transition:0.3s;\n}\n\n#uc_post_grid_elementor_4fad44b .uc_more_btn{\n\n  display:inline-block;\n  text-align:center;\n  text-decoration:none;\n  transition:0.3s;\n}\n\n.ue-grid-item-category a\n{\n  display:inline-block;\n  font-size:10px;\n  \n}\n\n.uc_post_title\n{\n  font-size:21px;\n}\n\n\n#uc_post_grid_elementor_4fad44b .ue_post_grid_item\n{\n  display:flex;\n  flex-direction:column;\n}\n\n#uc_post_grid_elementor_4fad44b.uc_post_grid_style_one .uc_content{\n flex-grow:1;\n}\n\n#uc_post_grid_elementor_4fad44b.uc_post_grid_style_one .uc_content > div\n{\n  height:100%;\n  display:flex;\n  flex-direction:column;\n}\n\n#uc_post_grid_elementor_4fad44b .uc_post_button\n{\n  margin-top:auto;\n}\n\n\n\n\n\n\n\n\n\n\n\n\n\n\n\n\n\n\n\n\n\n\n\n\n#uc_post_grid_elementor_4fad44b .ue-meta-data\n{\n  \n  display:flex;\n\n  flex-wrap: wrap;\n  line-height:1em;\n}\n\n#uc_post_grid_elementor_4fad44b .ue-grid-item-meta-data\n{\n      display:inline-flex;\n      align-items:center;\n}\n\n.ue-grid-item-meta-data\n{\n  font-size:12px;\n  text-align:center;\n}\n\n#uc_post_grid_elementor_4fad44b .ue-grid-item-meta-data-icon\n{\n  line-height:1em;\n}\n\n#uc_post_grid_elementor_4fad44b .ue-grid-item-meta-data-icon svg\n{\n  width:1em;\n  height:1em;\n}\n\n#uc_post_grid_elementor_4fad44b .ue-debug-meta\n{\n  padding:10px;\n  border:1px solid red;\n  position:relative;\n  line-height:1.5em;\n  font-size:11px;\n  width:100%;\n}\n\n<\/style>\n\n<div class=\"uc_post_grid_style_one uc-filterable-grid\" id=\"uc_post_grid_elementor_4fad44b\"  data-ajax='true'  data-filterbehave='ajax'  querydata='{&quot;count_posts&quot;:1,&quot;total_posts&quot;:1,&quot;page&quot;:1,&quot;num_pages&quot;:1,&quot;orderby&quot;:&quot;title&quot;,&quot;orderdir&quot;:&quot;asc&quot;}' >\n\t\t<div class=\"uc_post_grid_style_one_wrap ue_post_grid uc-items-wrapper\">\n\t\t\t<div class=\"uc_post_grid_style_one_item ue_post_grid_item ue-item\">\n  \n   <a class=\"uc_post_grid_style_one_image\" href=\"http:\/\/tulsa-health.org\/es\/thd_clinic_locations\/central-regional-health-center\/\" target=\"_self\">\n   <div class=\"uc_post_image\">\n   <img fetchpriority=\"high\" decoding=\"async\" src=\"https:\/\/tulsa-health.org\/wp-content\/uploads\/2023\/06\/Location_-CRHC_Outside-USE-THIS-768x576.png\"  alt=\"Location_ CRHC_Outside\" width=\"768\" height=\"576\">\n   <div class=\"uc_post_image_overlay\"><\/div>\n   <\/div>\n  <\/a>\n   \n <div class=\"uc_content\">\n    <div>\n      \n           \n    \n  \n      \n      \n    <div class=\"uc_post_title\"><a href=\"http:\/\/tulsa-health.org\/es\/thd_clinic_locations\/central-regional-health-center\/\" target=\"_self\"><div>Centro Regional de Salud Central<\/div><\/a><\/div>\t\n    \n     \n     \n          <div class=\"ue-meta-data\">\n                        \n                        \n        \n\t\t\t\n\n\n\n\n\n\n\n\n\n\n\n\n            \n                        \n                        \n                        \n                        \n            \t\t\t\n              \n            \n          <\/div>\n     \n      \n      \n      \n     <div class=\"uc_post_text\">315 S. Utica, Tulsa, OK 74104-2203<\/div>    <div class=\"uc_post_button\"><a class=\"uc_more_btn\" href=\"http:\/\/tulsa-health.org\/es\/thd_clinic_locations\/central-regional-health-center\/\" target=\"_self\">Ver servicios y detalles<\/a><\/div> \t<\/div>\n  <\/div>\n<\/div>\n\n\t\t<\/div>\n\t<\/div>\n\n\n\n  <div id=\"uc_post_grid_elementor_4fad44b_empty_message\" class=\"ue-no-posts-found\"  style=\"display:none\" >No se han encontrado publicaciones<\/div>\n\n\n<!-- end Post Grid -->\t\t\t\t<\/div>\n\t\t\t\t<\/div>\n\t\t\t\t\t<\/div>\n\t\t<\/div>\n\t\t\t\t\t<\/div>\n\t\t<\/section>\n\t\t\t\t<section class=\"elementor-section elementor-top-section elementor-element elementor-element-bcbdb99 elementor-section-full_width elementor-section-height-default elementor-section-height-default\" data-id=\"bcbdb99\" data-element_type=\"section\" data-e-type=\"section\">\n\t\t\t\t\t\t<div class=\"elementor-container elementor-column-gap-default\">\n\t\t\t\t\t<div class=\"elementor-column elementor-col-100 elementor-top-column elementor-element elementor-element-fbfd137\" data-id=\"fbfd137\" data-element_type=\"column\" data-e-type=\"column\">\n\t\t\t<div class=\"elementor-widget-wrap elementor-element-populated\">\n\t\t\t\t\t\t<div class=\"elementor-element elementor-element-6274364 elementor-widget elementor-widget-shortcode\" data-id=\"6274364\" data-element_type=\"widget\" data-e-type=\"widget\" data-widget_type=\"shortcode.default\">\n\t\t\t\t<div class=\"elementor-widget-container\">\n\t\t\t\t\t\t\t<div class=\"elementor-shortcode\">\t\t<div data-elementor-type=\"section\" data-elementor-id=\"4934\" class=\"elementor elementor-4934\" data-elementor-post-type=\"elementor_library\">\n\t\t\t\t\t<section class=\"elementor-section elementor-top-section elementor-element elementor-element-4469b59d elementor-section-stretched elementor-section-boxed elementor-section-height-default elementor-section-height-default\" data-id=\"4469b59d\" data-element_type=\"section\" data-e-type=\"section\" data-settings=\"{&quot;background_background&quot;:&quot;classic&quot;,&quot;stretch_section&quot;:&quot;section-stretched&quot;}\">\n\t\t\t\t\t\t\t<div class=\"elementor-background-overlay\"><\/div>\n\t\t\t\t\t\t\t<div class=\"elementor-container elementor-column-gap-default\">\n\t\t\t\t\t<div class=\"elementor-column elementor-col-100 elementor-top-column elementor-element elementor-element-615ea353\" data-id=\"615ea353\" data-element_type=\"column\" data-e-type=\"column\">\n\t\t\t<div class=\"elementor-widget-wrap elementor-element-populated\">\n\t\t\t\t\t\t<div class=\"elementor-element elementor-element-bdb2691 elementor-widget elementor-widget-heading\" data-id=\"bdb2691\" data-element_type=\"widget\" data-e-type=\"widget\" data-widget_type=\"heading.default\">\n\t\t\t\t<div class=\"elementor-widget-container\">\n\t\t\t\t\t<h5 class=\"elementor-heading-title elementor-size-default\">UBICACIONES<\/h5>\t\t\t\t<\/div>\n\t\t\t\t<\/div>\n\t\t\t\t<div class=\"elementor-element elementor-element-00f74f9 elementor-widget elementor-widget-text-editor\" data-id=\"00f74f9\" data-element_type=\"widget\" data-e-type=\"widget\" data-widget_type=\"text-editor.default\">\n\t\t\t\t<div class=\"elementor-widget-container\">\n\t\t\t\t\t\t\t\t\t<p>Tenemos 9 ubicaciones en todo el condado de Tulsa que ofrecen una variedad de servicios para ayudarlo a usted y a su familia a mantenerse saludables.<\/p>\t\t\t\t\t\t\t\t<\/div>\n\t\t\t\t<\/div>\n\t\t\t\t<div class=\"elementor-element elementor-element-fd63501 elementor-align-center secondary elementor-widget elementor-widget-button\" data-id=\"fd63501\" data-element_type=\"widget\" data-e-type=\"widget\" data-widget_type=\"button.default\">\n\t\t\t\t<div class=\"elementor-widget-container\">\n\t\t\t\t\t\t\t\t\t<div class=\"elementor-button-wrapper\">\n\t\t\t\t\t<a class=\"elementor-button elementor-button-link elementor-size-sm\" href=\"\/es\/locations\/\">\n\t\t\t\t\t\t<span class=\"elementor-button-content-wrapper\">\n\t\t\t\t\t\t\t\t\t<span class=\"elementor-button-text\">Encuentra la tuya<\/span>\n\t\t\t\t\t<\/span>\n\t\t\t\t\t<\/a>\n\t\t\t\t<\/div>\n\t\t\t\t\t\t\t\t<\/div>\n\t\t\t\t<\/div>\n\t\t\t\t\t<\/div>\n\t\t<\/div>\n\t\t\t\t\t<\/div>\n\t\t<\/section>\n\t\t\t\t<\/div>\n\t\t<\/div>\n\t\t\t\t\t\t<\/div>\n\t\t\t\t<\/div>\n\t\t\t\t\t<\/div>\n\t\t<\/div>\n\t\t\t\t\t<\/div>\n\t\t<\/section>\n\t\t\t\t<\/div>","protected":false},"excerpt":{"rendered":"<p>Adult Immunizations\u200b Adults need to keep their vaccinations up to date because immunity from childhood vaccines can wear off over time. You are also at risk for different diseases as an adult. Vaccination is one of the most convenient and safest preventive care measures available. Immunizations Offered at THD Clinic Services Vaccines do not end [&hellip;]<\/p>\n","protected":false},"author":1,"featured_media":9813,"parent":1510,"menu_order":0,"comment_status":"closed","ping_status":"closed","template":"elementor_header_footer","meta":{"_acf_changed":false,"footnotes":""},"class_list":["post-1578","page","type-page","status-publish","has-post-thumbnail","hentry"],"acf":[],"yoast_head":"<!-- This site is optimized with the Yoast SEO plugin v27.4 - https:\/\/yoast.com\/product\/yoast-seo-wordpress\/ -->\n<title>Adult Immunizations - Tulsa Health Department<\/title>\n<meta name=\"description\" content=\"Adults need to keep their vaccinations up to date because immunity from childhood vaccines can wear off over time.\" \/>\n<meta name=\"robots\" content=\"index, follow, max-snippet:-1, max-image-preview:large, max-video-preview:-1\" \/>\n<link rel=\"canonical\" href=\"https:\/\/tulsa-health.org\/es\/services\/testing-and-immunizations\/adult-immunizations\/\" \/>\n<meta property=\"og:locale\" content=\"es_MX\" \/>\n<meta property=\"og:type\" content=\"article\" \/>\n<meta property=\"og:title\" content=\"Adult Immunizations - Tulsa Health Department\" \/>\n<meta property=\"og:description\" content=\"Adults need to keep their vaccinations up to date because immunity from childhood vaccines can wear off over time.\" \/>\n<meta property=\"og:url\" content=\"https:\/\/tulsa-health.org\/es\/services\/testing-and-immunizations\/adult-immunizations\/\" \/>\n<meta property=\"og:site_name\" content=\"Tulsa Health Department\" \/>\n<meta property=\"article:modified_time\" content=\"2025-10-10T20:20:52+00:00\" \/>\n<meta property=\"og:image\" content=\"https:\/\/tulsa-health.org\/wp-content\/uploads\/2023\/07\/iStock-1369602887-1.jpg\" \/>\n\t<meta property=\"og:image:width\" content=\"2120\" \/>\n\t<meta property=\"og:image:height\" content=\"1414\" \/>\n\t<meta property=\"og:image:type\" content=\"image\/jpeg\" \/>\n<meta name=\"twitter:card\" content=\"summary_large_image\" \/>\n<meta name=\"twitter:label1\" content=\"Tiempo de lectura\" \/>\n\t<meta name=\"twitter:data1\" content=\"2 minutes\" \/>\n<script type=\"application\/ld+json\" class=\"yoast-schema-graph\">{\"@context\":\"https:\\\/\\\/schema.org\",\"@graph\":[{\"@type\":\"WebPage\",\"@id\":\"https:\\\/\\\/tulsa-health.org\\\/services\\\/testing-and-immunizations\\\/adult-immunizations\\\/\",\"url\":\"https:\\\/\\\/tulsa-health.org\\\/services\\\/testing-and-immunizations\\\/adult-immunizations\\\/\",\"name\":\"Adult Immunizations - Tulsa Health Department\",\"isPartOf\":{\"@id\":\"https:\\\/\\\/tulsa-health.org\\\/es\\\/#website\"},\"primaryImageOfPage\":{\"@id\":\"https:\\\/\\\/tulsa-health.org\\\/services\\\/testing-and-immunizations\\\/adult-immunizations\\\/#primaryimage\"},\"image\":{\"@id\":\"https:\\\/\\\/tulsa-health.org\\\/services\\\/testing-and-immunizations\\\/adult-immunizations\\\/#primaryimage\"},\"thumbnailUrl\":\"https:\\\/\\\/tulsa-health.org\\\/wp-content\\\/uploads\\\/2023\\\/07\\\/iStock-1369602887-1.jpg\",\"datePublished\":\"2023-05-02T20:12:10+00:00\",\"dateModified\":\"2025-10-10T20:20:52+00:00\",\"description\":\"Adults need to keep their vaccinations up to date because immunity from childhood vaccines can wear off over time.\",\"breadcrumb\":{\"@id\":\"https:\\\/\\\/tulsa-health.org\\\/services\\\/testing-and-immunizations\\\/adult-immunizations\\\/#breadcrumb\"},\"inLanguage\":\"es-MX\",\"potentialAction\":[{\"@type\":\"ReadAction\",\"target\":[\"https:\\\/\\\/tulsa-health.org\\\/services\\\/testing-and-immunizations\\\/adult-immunizations\\\/\"]}]},{\"@type\":\"ImageObject\",\"inLanguage\":\"es-MX\",\"@id\":\"https:\\\/\\\/tulsa-health.org\\\/services\\\/testing-and-immunizations\\\/adult-immunizations\\\/#primaryimage\",\"url\":\"https:\\\/\\\/tulsa-health.org\\\/wp-content\\\/uploads\\\/2023\\\/07\\\/iStock-1369602887-1.jpg\",\"contentUrl\":\"https:\\\/\\\/tulsa-health.org\\\/wp-content\\\/uploads\\\/2023\\\/07\\\/iStock-1369602887-1.jpg\",\"width\":2120,\"height\":1414,\"caption\":\"Shot of a young doctor applying a band-aid after injecting her patient during a consultation in the clinic\"},{\"@type\":\"BreadcrumbList\",\"@id\":\"https:\\\/\\\/tulsa-health.org\\\/services\\\/testing-and-immunizations\\\/adult-immunizations\\\/#breadcrumb\",\"itemListElement\":[{\"@type\":\"ListItem\",\"position\":1,\"name\":\"Home\",\"item\":\"https:\\\/\\\/tulsa-health.org\\\/\"},{\"@type\":\"ListItem\",\"position\":2,\"name\":\"Services\",\"item\":\"https:\\\/\\\/tulsa-health.org\\\/services\\\/\"},{\"@type\":\"ListItem\",\"position\":3,\"name\":\"Testing and Immunizations\",\"item\":\"https:\\\/\\\/tulsa-health.org\\\/services\\\/testing-and-immunizations\\\/\"},{\"@type\":\"ListItem\",\"position\":4,\"name\":\"Adult Immunizations\"}]},{\"@type\":\"WebSite\",\"@id\":\"https:\\\/\\\/tulsa-health.org\\\/es\\\/#website\",\"url\":\"https:\\\/\\\/tulsa-health.org\\\/es\\\/\",\"name\":\"Tulsa Health Department\",\"description\":\"Clinical Services, Immunizations, Permits and More | Tulsa Health Department\",\"potentialAction\":[{\"@type\":\"SearchAction\",\"target\":{\"@type\":\"EntryPoint\",\"urlTemplate\":\"https:\\\/\\\/tulsa-health.org\\\/es\\\/?s={search_term_string}\"},\"query-input\":{\"@type\":\"PropertyValueSpecification\",\"valueRequired\":true,\"valueName\":\"search_term_string\"}}],\"inLanguage\":\"es-MX\"}]}<\/script>\n<!-- \/ Yoast SEO plugin. -->","yoast_head_json":{"title":"Vacunas para adultos - Departamento de Salud de Tulsa","description":"Los adultos deben mantener sus vacunas al d\u00eda porque la inmunidad de las vacunas infantiles puede desaparecer con el tiempo.","robots":{"index":"index","follow":"follow","max-snippet":"max-snippet:-1","max-image-preview":"max-image-preview:large","max-video-preview":"max-video-preview:-1"},"canonical":"https:\/\/tulsa-health.org\/es\/services\/testing-and-immunizations\/adult-immunizations\/","og_locale":"es_MX","og_type":"article","og_title":"Adult Immunizations - Tulsa Health Department","og_description":"Adults need to keep their vaccinations up to date because immunity from childhood vaccines can wear off over time.","og_url":"https:\/\/tulsa-health.org\/es\/services\/testing-and-immunizations\/adult-immunizations\/","og_site_name":"Tulsa Health Department","article_modified_time":"2025-10-10T20:20:52+00:00","og_image":[{"width":2120,"height":1414,"url":"https:\/\/tulsa-health.org\/wp-content\/uploads\/2023\/07\/iStock-1369602887-1.jpg","type":"image\/jpeg"}],"twitter_card":"summary_large_image","twitter_misc":{"Tiempo de lectura":"2 minutes"},"schema":{"@context":"https:\/\/schema.org","@graph":[{"@type":"WebPage","@id":"https:\/\/tulsa-health.org\/services\/testing-and-immunizations\/adult-immunizations\/","url":"https:\/\/tulsa-health.org\/services\/testing-and-immunizations\/adult-immunizations\/","name":"Vacunas para adultos - Departamento de Salud de Tulsa","isPartOf":{"@id":"https:\/\/tulsa-health.org\/es\/#website"},"primaryImageOfPage":{"@id":"https:\/\/tulsa-health.org\/services\/testing-and-immunizations\/adult-immunizations\/#primaryimage"},"image":{"@id":"https:\/\/tulsa-health.org\/services\/testing-and-immunizations\/adult-immunizations\/#primaryimage"},"thumbnailUrl":"https:\/\/tulsa-health.org\/wp-content\/uploads\/2023\/07\/iStock-1369602887-1.jpg","datePublished":"2023-05-02T20:12:10+00:00","dateModified":"2025-10-10T20:20:52+00:00","description":"Los adultos deben mantener sus vacunas al d\u00eda porque la inmunidad de las vacunas infantiles puede desaparecer con el tiempo.","breadcrumb":{"@id":"https:\/\/tulsa-health.org\/services\/testing-and-immunizations\/adult-immunizations\/#breadcrumb"},"inLanguage":"es-MX","potentialAction":[{"@type":"ReadAction","target":["https:\/\/tulsa-health.org\/services\/testing-and-immunizations\/adult-immunizations\/"]}]},{"@type":"ImageObject","inLanguage":"es-MX","@id":"https:\/\/tulsa-health.org\/services\/testing-and-immunizations\/adult-immunizations\/#primaryimage","url":"https:\/\/tulsa-health.org\/wp-content\/uploads\/2023\/07\/iStock-1369602887-1.jpg","contentUrl":"https:\/\/tulsa-health.org\/wp-content\/uploads\/2023\/07\/iStock-1369602887-1.jpg","width":2120,"height":1414,"caption":"Shot of a young doctor applying a band-aid after injecting her patient during a consultation in the clinic"},{"@type":"BreadcrumbList","@id":"https:\/\/tulsa-health.org\/services\/testing-and-immunizations\/adult-immunizations\/#breadcrumb","itemListElement":[{"@type":"ListItem","position":1,"name":"Home","item":"https:\/\/tulsa-health.org\/"},{"@type":"ListItem","position":2,"name":"Services","item":"https:\/\/tulsa-health.org\/services\/"},{"@type":"ListItem","position":3,"name":"Testing and Immunizations","item":"https:\/\/tulsa-health.org\/services\/testing-and-immunizations\/"},{"@type":"ListItem","position":4,"name":"Adult Immunizations"}]},{"@type":"WebSite","@id":"https:\/\/tulsa-health.org\/es\/#website","url":"https:\/\/tulsa-health.org\/es\/","name":"Departamento de Salud de Tulsa","description":"Servicios cl\u00ednicos, vacunas, permisos y m\u00e1s | Departamento de Salud de Tulsa","potentialAction":[{"@type":"SearchAction","target":{"@type":"EntryPoint","urlTemplate":"https:\/\/tulsa-health.org\/es\/?s={search_term_string}"},"query-input":{"@type":"PropertyValueSpecification","valueRequired":true,"valueName":"search_term_string"}}],"inLanguage":"es-MX"}]}},"publishpress_future_workflow_manual_trigger":{"enabledWorkflows":[]},"_links":{"self":[{"href":"http:\/\/tulsa-health.org\/es\/wp-json\/wp\/v2\/pages\/1578","targetHints":{"allow":["GET"]}}],"collection":[{"href":"http:\/\/tulsa-health.org\/es\/wp-json\/wp\/v2\/pages"}],"about":[{"href":"http:\/\/tulsa-health.org\/es\/wp-json\/wp\/v2\/types\/page"}],"author":[{"embeddable":true,"href":"http:\/\/tulsa-health.org\/es\/wp-json\/wp\/v2\/users\/1"}],"replies":[{"embeddable":true,"href":"http:\/\/tulsa-health.org\/es\/wp-json\/wp\/v2\/comments?post=1578"}],"version-history":[{"count":15,"href":"http:\/\/tulsa-health.org\/es\/wp-json\/wp\/v2\/pages\/1578\/revisions"}],"predecessor-version":[{"id":23462,"href":"http:\/\/tulsa-health.org\/es\/wp-json\/wp\/v2\/pages\/1578\/revisions\/23462"}],"up":[{"embeddable":true,"href":"http:\/\/tulsa-health.org\/es\/wp-json\/wp\/v2\/pages\/1510"}],"wp:featuredmedia":[{"embeddable":true,"href":"http:\/\/tulsa-health.org\/es\/wp-json\/wp\/v2\/media\/9813"}],"wp:attachment":[{"href":"http:\/\/tulsa-health.org\/es\/wp-json\/wp\/v2\/media?parent=1578"}],"curies":[{"name":"gracias","href":"https:\/\/api.w.org\/{rel}","templated":true}]}}