{"id":2811,"date":"2023-05-05T16:20:56","date_gmt":"2023-05-05T21:20:56","guid":{"rendered":"https:\/\/test.tulsa-health.org\/?page_id=2811"},"modified":"2024-10-29T16:54:12","modified_gmt":"2024-10-29T21:54:12","slug":"hipaa-privacy-statement","status":"publish","type":"page","link":"http:\/\/tulsa-health.org\/es\/about-us\/hipaa-privacy-statement\/","title":{"rendered":"Declaraci\u00f3n de privacidad de HIPAA"},"content":{"rendered":"<div data-elementor-type=\"wp-page\" data-elementor-id=\"2811\" class=\"elementor elementor-2811\" data-elementor-post-type=\"page\">\n\t\t\t\t\t\t<section class=\"elementor-section elementor-top-section elementor-element elementor-element-e112210 elementor-section-full_width elementor-section-height-min-height elementor-section-height-default elementor-section-items-middle\" data-id=\"e112210\" data-element_type=\"section\" data-e-type=\"section\" data-settings=\"{&quot;background_background&quot;:&quot;classic&quot;}\">\n\t\t\t\t\t\t<div class=\"elementor-container elementor-column-gap-no\">\n\t\t\t\t\t<div class=\"elementor-column elementor-col-100 elementor-top-column elementor-element elementor-element-8b8acb6\" data-id=\"8b8acb6\" data-element_type=\"column\" data-e-type=\"column\">\n\t\t\t<div class=\"elementor-widget-wrap\">\n\t\t\t\t\t\t\t<\/div>\n\t\t<\/div>\n\t\t\t\t\t<\/div>\n\t\t<\/section>\n\t\t\t\t<section class=\"elementor-section elementor-top-section elementor-element elementor-element-2ccf3b2 elementor-section-boxed elementor-section-height-default elementor-section-height-default\" data-id=\"2ccf3b2\" data-element_type=\"section\" data-e-type=\"section\" data-settings=\"{&quot;background_background&quot;:&quot;classic&quot;}\">\n\t\t\t\t\t\t<div class=\"elementor-container elementor-column-gap-default\">\n\t\t\t\t\t<div class=\"elementor-column elementor-col-100 elementor-top-column elementor-element elementor-element-90b5d67\" data-id=\"90b5d67\" data-element_type=\"column\" data-e-type=\"column\">\n\t\t\t<div class=\"elementor-widget-wrap elementor-element-populated\">\n\t\t\t\t\t\t<div class=\"elementor-element elementor-element-a94ecc2 elementor-widget elementor-widget-heading\" data-id=\"a94ecc2\" data-element_type=\"widget\" data-e-type=\"widget\" data-widget_type=\"heading.default\">\n\t\t\t\t<div class=\"elementor-widget-container\">\n\t\t\t\t\t<h1 class=\"elementor-heading-title elementor-size-default\">Declaraci\u00f3n de privacidad de HIPAA<\/h1>\t\t\t\t<\/div>\n\t\t\t\t<\/div>\n\t\t\t\t\t<\/div>\n\t\t<\/div>\n\t\t\t\t\t<\/div>\n\t\t<\/section>\n\t\t\t\t<section class=\"elementor-section elementor-top-section elementor-element elementor-element-e6ed274 elementor-section-boxed elementor-section-height-default elementor-section-height-default\" data-id=\"e6ed274\" data-element_type=\"section\" data-e-type=\"section\" data-settings=\"{&quot;background_background&quot;:&quot;classic&quot;}\">\n\t\t\t\t\t\t<div class=\"elementor-container elementor-column-gap-default\">\n\t\t\t\t\t<div class=\"elementor-column elementor-col-100 elementor-top-column elementor-element elementor-element-1fc2025\" data-id=\"1fc2025\" data-element_type=\"column\" data-e-type=\"column\">\n\t\t\t<div class=\"elementor-widget-wrap elementor-element-populated\">\n\t\t\t\t\t\t<div class=\"elementor-element elementor-element-c3cbf1e elementor-widget elementor-widget-text-editor\" data-id=\"c3cbf1e\" data-element_type=\"widget\" data-e-type=\"widget\" data-widget_type=\"text-editor.default\">\n\t\t\t\t<div class=\"elementor-widget-container\">\n\t\t\t\t\t\t\t\t\t<p>Este aviso describe c\u00f3mo se puede utilizar y divulgar su informaci\u00f3n m\u00e9dica y c\u00f3mo puede usted obtener acceso a esta informaci\u00f3n. Por favor rev\u00edselo detenidamente.<\/p><p>Es pol\u00edtica del Departamento de Salud de la ciudad y el condado de Tulsa (THD) mantener confidencial toda su informaci\u00f3n m\u00e9dica y personal. Solo usaremos o divulgaremos su informaci\u00f3n por las siguientes razones:<\/p><h2>Tratamiento<\/h2><p>Compartiremos su informaci\u00f3n m\u00e9dica con otros proveedores m\u00e9dicos que participan en su atenci\u00f3n (incluidos hospitales y cl\u00ednicas), para derivarlo a tratamiento y coordinar su atenci\u00f3n con otros. Por ejemplo, podemos comunicarnos con usted para recordarle citas o informaci\u00f3n sobre opciones de tratamiento. Los miembros del personal m\u00e9dico, el equipo de riesgo o de mejora de la calidad pueden utilizar la informaci\u00f3n de su registro m\u00e9dico para evaluar la atenci\u00f3n y los resultados en su caso y en otros similares. Esta informaci\u00f3n luego se utilizar\u00e1 en un esfuerzo por mejorar continuamente la calidad y eficacia de la atenci\u00f3n y el servicio de salud que brindamos. Tambi\u00e9n participamos en intercambios electr\u00f3nicos de informaci\u00f3n m\u00e9dica, que pueden hacer que su PHI est\u00e9 disponible en todo el estado y todo el pa\u00eds. S\u00f3lo autorizaremos que esta informaci\u00f3n sea compartida para fines de su tratamiento. Por ejemplo, si se encuentra en otra ciudad o estado, es posible que comparta informaci\u00f3n sobre el tratamiento con un m\u00e9dico que necesite esa informaci\u00f3n.<\/p><p>Tambi\u00e9n le proporcionaremos a sus proveedores de atenci\u00f3n m\u00e9dica posteriores copias de varios informes que deber\u00edan ayudarlo a tratarlo. Dichos informes podr\u00e1n ser orales, escritos o electr\u00f3nicos.<\/p><h2>Pago<\/h2><p>Podemos usar y divulgar su PHI cuando sea necesario para recibir el pago por los servicios que le brindamos. Por ejemplo, si tiene beneficios de Medicaid o seguro privado, divulgaremos la informaci\u00f3n m\u00ednima necesaria para que el programa Medicaid nos pague.<\/p><h2>Operaciones de atenci\u00f3n m\u00e9dica<\/h2><p>Usaremos y divulgaremos su PHI cuando sea necesario para asegurarnos de brindarle un buen servicio. Por ejemplo, podemos revisar sus registros para asegurarnos de que se haya brindado un servicio de calidad. Tambi\u00e9n podemos compartir su PHI con un plan de salud para el Conjunto de informaci\u00f3n y datos del empleador del plan de salud (HEDIS) del plan. Por ejemplo, es posible que su compa\u00f1\u00eda de seguros desee saber si ha recibido vacunas en un esfuerzo por realizar mejoras en su servicio y calidad de atenci\u00f3n. cuidado.<\/p><p>Otros usos o divulgaciones de su PHI que pueden ocurrir incluyen:<\/p><ul><li>Si nos ha dado permiso por escrito para divulgar parte de su informaci\u00f3n;<\/li><li>Cuando as\u00ed lo ordene una orden judicial v\u00e1lida;<br \/>Cuando se investiguen casos de abuso o negligencia infantil;<\/li><li>La informaci\u00f3n sobre vacunas se comparte con escuelas y guarder\u00edas;<\/li><li>Cuando los socios comerciales de THD, como cl\u00ednicas comunitarias, firman acuerdos para proteger su privacidad;<\/li><li>Cuando lo exija la ley estatal. Por ejemplo, al informar lesiones y enfermedades seg\u00fan lo exigen los c\u00f3digos de Salud P\u00fablica o para prevenir la propagaci\u00f3n de enfermedades como la tuberculosis (TB) o al informar sospechas de abuso o negligencia infantil al Departamento de Servicios Humanos.<\/li><li>Podemos compartir su informaci\u00f3n con cualquier persona seg\u00fan sea necesario, de conformidad con la ley de Oklahoma y las pol\u00edticas y procedimientos de THD, si creemos que existe un peligro inminente. Por ejemplo, divulgaremos la informaci\u00f3n m\u00ednima necesaria si creemos que evitar\u00e1 o reducir\u00e1 una amenaza grave e inminente a la salud y seguridad de una persona o del p\u00fablico.<\/li><\/ul><h2>Coordinaci\u00f3n de Emergencias<\/h2><p>Compartiremos su informaci\u00f3n m\u00e9dica con otros proveedores m\u00e9dicos que participan en su atenci\u00f3n para coordinar su atenci\u00f3n con otros (como trabajadores de socorro de emergencia u otras personas que puedan ayudarlo a encontrar los servicios de salud adecuados). Podemos compartir su informaci\u00f3n seg\u00fan sea necesario para identificar, localizar y notificar a sus familiares, tutores o cualquier otra persona responsable de su cuidado sobre su ubicaci\u00f3n, condici\u00f3n general o muerte. Por ejemplo, si es necesario, podemos notificar a la polic\u00eda, la prensa o al p\u00fablico en general en la medida necesaria para ayudar a localizar, identificar o notificar a familiares y otras personas sobre su ubicaci\u00f3n y condici\u00f3n general.<\/p><h2>Cualquier otro uso o divulgaci\u00f3n de su PHI requiere su autorizaci\u00f3n por escrito:<\/h2><p>Bajo cualquier circunstancia distinta a las enumeradas anteriormente, THD le solicitar\u00e1 su autorizaci\u00f3n por escrito antes de usar o divulgar su PHI. Espec\u00edficamente, THD debe obtener su autorizaci\u00f3n por escrito para el uso y divulgaci\u00f3n de notas de psicoterapia, marketing y venta de PHI. THD no vender\u00e1 PHI sin su autorizaci\u00f3n por escrito. Posteriormente podr\u00e1 cancelar su autorizaci\u00f3n por escrito y no divulgaremos su PHI despu\u00e9s de recibir su cancelaci\u00f3n, excepto las divulgaciones que se procesaron antes de que recibi\u00e9ramos su cancelaci\u00f3n. Para solicitar sus registros m\u00e9dicos, llame al 918-595-4134 para recibir instrucciones.<\/p><h2>Tus derechos<\/h2><p>Tienes derecho a:<\/p><ul><li>Recibir una lista de personas u organizaciones, distintas de las enumeradas anteriormente, a quienes divulgamos su informaci\u00f3n.<\/li><li>Solicitar l\u00edmites sobre c\u00f3mo se utiliza o divulga su informaci\u00f3n; sin embargo, no estamos obligados a aceptar esos l\u00edmites a menos que usted pague de su bolsillo el total de un servicio. Si paga de su bolsillo el total de un servicio y solicita que no compartamos informaci\u00f3n de ese servicio con su compa\u00f1\u00eda de seguros, cumpliremos con su solicitud.<\/li><li>Pide que no nos comuniquemos contigo en casa.<\/li><li>Inspeccionar y copiar sus registros m\u00e9dicos excepto en casos que impliquen ciertas notas de psicoterapia.<\/li><li>Modificar informaci\u00f3n incorrecta en su expediente m\u00e9dico.<\/li><li>Revocar su permiso por escrito para la divulgaci\u00f3n de informaci\u00f3n.<\/li><li>Reciba una notificaci\u00f3n si se viola su informaci\u00f3n m\u00e9dica no segura.<\/li><li>Reciba una copia impresa de este aviso de privacidad.<\/li><\/ul><h2>Nuestras responsabilidades<\/h2><p>La ley federal exige que el Departamento de Salud de Tulsa:<\/p><ul><li>Mantener la confidencialidad de su informaci\u00f3n de salud protegida.<\/li><li>Proporcionarle una copia de este aviso.<\/li><li>Respetar los t\u00e9rminos de este aviso.<\/li><li>Cambie este aviso \u00fanicamente seg\u00fan lo permitan las normas federales.<\/li><li>Proporcionarle una forma de presentar quejas sobre cuestiones de privacidad.<\/li><\/ul><p>Para obtener m\u00e1s informaci\u00f3n sobre este aviso y sus derechos, o para informar cualquier queja sobre cuestiones de privacidad, comun\u00edquese con:<\/p><p><strong>Oficial de Privacidad de HIPAA<br \/><\/strong>Julia Profit-Williams<br \/><a href=\"tel:918.595.4370\">918.595.4370<\/a><br \/><a href=\"mailto:jprofit@tulsa-health.org\">jprofit@tulsa-health.org<\/a><\/p><p><strong>Oficial de cumplimiento de HIPAA<br \/><\/strong>Chanteau Orr<br \/><a href=\"tel:9185954492\">918.595.4492<\/a><br \/><a href=\"mailto:corr@tulsa-health.org\">corr@tulsa-health.org<\/a><\/p><p>Tambi\u00e9n puede reportar quejas directamente al Secretario de Salud y Servicios Humanos en la siguiente direcci\u00f3n:<\/p><p>El Departamento de Salud y Servicios Humanos de EE. UU., la Oficina de Derechos Civiles<br \/>1301 Calle Joven, Suite 1169, Dallas, TX75202<br \/>Tel\u00e9fono: 214.767.4056, 214.767.8940 (TDD)<\/p><p>Descargue una copia de esta declaraci\u00f3n:<\/p><ul><li><a href=\"\/wp-content\/uploads\/2024\/05\/THD-Privacy-Notice-English.pdf\">Declaraci\u00f3n de privacidad HIPAA del Departamento de Salud de Tulsa (ingl\u00e9s)<\/a><\/li><li><a href=\"\/wp-content\/uploads\/2024\/05\/THD-Privacy-Notice-Spanish.pdf\">Declaraci\u00f3n de Privacidad HIPAA del Departamento de Salud de Tulsa (espa\u00f1ol)<\/a><\/li><\/ul>\t\t\t\t\t\t\t\t<\/div>\n\t\t\t\t<\/div>\n\t\t\t\t\t<\/div>\n\t\t<\/div>\n\t\t\t\t\t<\/div>\n\t\t<\/section>\n\t\t\t\t<section class=\"elementor-section elementor-top-section elementor-element elementor-element-a9111d2 elementor-section-full_width elementor-section-height-default elementor-section-height-default\" data-id=\"a9111d2\" data-element_type=\"section\" data-e-type=\"section\">\n\t\t\t\t\t\t<div class=\"elementor-container elementor-column-gap-default\">\n\t\t\t\t\t<div class=\"elementor-column elementor-col-100 elementor-top-column elementor-element elementor-element-b90d732\" data-id=\"b90d732\" data-element_type=\"column\" data-e-type=\"column\">\n\t\t\t<div class=\"elementor-widget-wrap elementor-element-populated\">\n\t\t\t\t\t\t<div class=\"elementor-element elementor-element-099c983 elementor-widget elementor-widget-shortcode\" data-id=\"099c983\" data-element_type=\"widget\" data-e-type=\"widget\" data-widget_type=\"shortcode.default\">\n\t\t\t\t<div class=\"elementor-widget-container\">\n\t\t\t\t\t\t\t<div class=\"elementor-shortcode\">\t\t<div data-elementor-type=\"section\" data-elementor-id=\"4934\" class=\"elementor elementor-4934\" data-elementor-post-type=\"elementor_library\">\n\t\t\t\t\t<section class=\"elementor-section elementor-top-section elementor-element elementor-element-4469b59d elementor-section-stretched elementor-section-boxed elementor-section-height-default elementor-section-height-default\" data-id=\"4469b59d\" data-element_type=\"section\" data-e-type=\"section\" data-settings=\"{&quot;background_background&quot;:&quot;classic&quot;,&quot;stretch_section&quot;:&quot;section-stretched&quot;}\">\n\t\t\t\t\t\t\t<div class=\"elementor-background-overlay\"><\/div>\n\t\t\t\t\t\t\t<div class=\"elementor-container elementor-column-gap-default\">\n\t\t\t\t\t<div class=\"elementor-column elementor-col-100 elementor-top-column elementor-element elementor-element-615ea353\" data-id=\"615ea353\" data-element_type=\"column\" data-e-type=\"column\">\n\t\t\t<div class=\"elementor-widget-wrap elementor-element-populated\">\n\t\t\t\t\t\t<div class=\"elementor-element elementor-element-bdb2691 elementor-widget elementor-widget-heading\" data-id=\"bdb2691\" data-element_type=\"widget\" data-e-type=\"widget\" data-widget_type=\"heading.default\">\n\t\t\t\t<div class=\"elementor-widget-container\">\n\t\t\t\t\t<h5 class=\"elementor-heading-title elementor-size-default\">UBICACIONES<\/h5>\t\t\t\t<\/div>\n\t\t\t\t<\/div>\n\t\t\t\t<div class=\"elementor-element elementor-element-00f74f9 elementor-widget elementor-widget-text-editor\" data-id=\"00f74f9\" data-element_type=\"widget\" data-e-type=\"widget\" data-widget_type=\"text-editor.default\">\n\t\t\t\t<div class=\"elementor-widget-container\">\n\t\t\t\t\t\t\t\t\t<p>Tenemos 9 ubicaciones en todo el condado de Tulsa que ofrecen una variedad de servicios para ayudarlo a usted y a su familia a mantenerse saludables.<\/p>\t\t\t\t\t\t\t\t<\/div>\n\t\t\t\t<\/div>\n\t\t\t\t<div class=\"elementor-element elementor-element-fd63501 elementor-align-center secondary elementor-widget elementor-widget-button\" data-id=\"fd63501\" data-element_type=\"widget\" data-e-type=\"widget\" data-widget_type=\"button.default\">\n\t\t\t\t<div class=\"elementor-widget-container\">\n\t\t\t\t\t\t\t\t\t<div class=\"elementor-button-wrapper\">\n\t\t\t\t\t<a class=\"elementor-button elementor-button-link elementor-size-sm\" href=\"\/es\/locations\/\">\n\t\t\t\t\t\t<span class=\"elementor-button-content-wrapper\">\n\t\t\t\t\t\t\t\t\t<span class=\"elementor-button-text\">Encuentra la tuya<\/span>\n\t\t\t\t\t<\/span>\n\t\t\t\t\t<\/a>\n\t\t\t\t<\/div>\n\t\t\t\t\t\t\t\t<\/div>\n\t\t\t\t<\/div>\n\t\t\t\t\t<\/div>\n\t\t<\/div>\n\t\t\t\t\t<\/div>\n\t\t<\/section>\n\t\t\t\t<\/div>\n\t\t<\/div>\n\t\t\t\t\t\t<\/div>\n\t\t\t\t<\/div>\n\t\t\t\t\t<\/div>\n\t\t<\/div>\n\t\t\t\t\t<\/div>\n\t\t<\/section>\n\t\t\t\t<\/div>","protected":false},"excerpt":{"rendered":"<p>HIPAA Privacy Statement This notice describes how medical information about you may be used and disclosed and how you can get access to this information. Please review it carefully. It is the policy of the Tulsa City-County Health Department (THD) to keep all of your medical and personal information confidential. We will only use or [&hellip;]<\/p>\n","protected":false},"author":1,"featured_media":458,"parent":719,"menu_order":0,"comment_status":"closed","ping_status":"closed","template":"elementor_header_footer","meta":{"_acf_changed":false,"footnotes":""},"class_list":["post-2811","page","type-page","status-publish","has-post-thumbnail","hentry"],"acf":[],"yoast_head":"<!-- This site is optimized with the Yoast SEO plugin v27.4 - https:\/\/yoast.com\/product\/yoast-seo-wordpress\/ -->\n<title>HIPAA Privacy Statement - Tulsa Health Department<\/title>\n<meta name=\"description\" content=\"It is the policy of the Tulsa City-County Health Department (THD) to keep all of your medical and personal information confidential.\" \/>\n<meta name=\"robots\" content=\"index, follow, max-snippet:-1, max-image-preview:large, max-video-preview:-1\" \/>\n<link rel=\"canonical\" href=\"https:\/\/tulsa-health.org\/es\/about-us\/hipaa-privacy-statement\/\" \/>\n<meta property=\"og:locale\" content=\"es_MX\" \/>\n<meta property=\"og:type\" content=\"article\" \/>\n<meta property=\"og:title\" content=\"HIPAA Privacy Statement - Tulsa Health Department\" \/>\n<meta property=\"og:description\" content=\"It is the policy of the Tulsa City-County Health Department (THD) to keep all of your medical and personal information confidential.\" \/>\n<meta property=\"og:url\" content=\"https:\/\/tulsa-health.org\/es\/about-us\/hipaa-privacy-statement\/\" \/>\n<meta property=\"og:site_name\" content=\"Tulsa Health Department\" \/>\n<meta property=\"article:modified_time\" content=\"2024-10-29T21:54:12+00:00\" \/>\n<meta property=\"og:image\" content=\"https:\/\/tulsa-health.org\/wp-content\/uploads\/2022\/09\/vlcsnap-2019-12-16-15h27m23s612-1-1-1024x576.png\" \/>\n\t<meta property=\"og:image:width\" content=\"1024\" \/>\n\t<meta property=\"og:image:height\" content=\"576\" \/>\n\t<meta property=\"og:image:type\" content=\"image\/png\" \/>\n<meta name=\"twitter:card\" content=\"summary_large_image\" \/>\n<meta name=\"twitter:label1\" content=\"Tiempo de lectura\" \/>\n\t<meta name=\"twitter:data1\" content=\"5 minutes\" \/>\n<script type=\"application\/ld+json\" class=\"yoast-schema-graph\">{\"@context\":\"https:\\\/\\\/schema.org\",\"@graph\":[{\"@type\":\"WebPage\",\"@id\":\"https:\\\/\\\/tulsa-health.org\\\/about-us\\\/hipaa-privacy-statement\\\/\",\"url\":\"https:\\\/\\\/tulsa-health.org\\\/about-us\\\/hipaa-privacy-statement\\\/\",\"name\":\"HIPAA Privacy Statement - Tulsa Health Department\",\"isPartOf\":{\"@id\":\"https:\\\/\\\/tulsa-health.org\\\/es\\\/#website\"},\"primaryImageOfPage\":{\"@id\":\"https:\\\/\\\/tulsa-health.org\\\/about-us\\\/hipaa-privacy-statement\\\/#primaryimage\"},\"image\":{\"@id\":\"https:\\\/\\\/tulsa-health.org\\\/about-us\\\/hipaa-privacy-statement\\\/#primaryimage\"},\"thumbnailUrl\":\"https:\\\/\\\/tulsa-health.org\\\/wp-content\\\/uploads\\\/2022\\\/09\\\/vlcsnap-2019-12-16-15h27m23s612-1-1.png\",\"datePublished\":\"2023-05-05T21:20:56+00:00\",\"dateModified\":\"2024-10-29T21:54:12+00:00\",\"description\":\"It is the policy of the Tulsa City-County Health Department (THD) to keep all of your medical and personal information confidential.\",\"breadcrumb\":{\"@id\":\"https:\\\/\\\/tulsa-health.org\\\/about-us\\\/hipaa-privacy-statement\\\/#breadcrumb\"},\"inLanguage\":\"es-MX\",\"potentialAction\":[{\"@type\":\"ReadAction\",\"target\":[\"https:\\\/\\\/tulsa-health.org\\\/about-us\\\/hipaa-privacy-statement\\\/\"]}]},{\"@type\":\"ImageObject\",\"inLanguage\":\"es-MX\",\"@id\":\"https:\\\/\\\/tulsa-health.org\\\/about-us\\\/hipaa-privacy-statement\\\/#primaryimage\",\"url\":\"https:\\\/\\\/tulsa-health.org\\\/wp-content\\\/uploads\\\/2022\\\/09\\\/vlcsnap-2019-12-16-15h27m23s612-1-1.png\",\"contentUrl\":\"https:\\\/\\\/tulsa-health.org\\\/wp-content\\\/uploads\\\/2022\\\/09\\\/vlcsnap-2019-12-16-15h27m23s612-1-1.png\",\"width\":1920,\"height\":1080,\"caption\":\"Tulsa-Health Department\"},{\"@type\":\"BreadcrumbList\",\"@id\":\"https:\\\/\\\/tulsa-health.org\\\/about-us\\\/hipaa-privacy-statement\\\/#breadcrumb\",\"itemListElement\":[{\"@type\":\"ListItem\",\"position\":1,\"name\":\"Home\",\"item\":\"https:\\\/\\\/tulsa-health.org\\\/\"},{\"@type\":\"ListItem\",\"position\":2,\"name\":\"About Us\",\"item\":\"https:\\\/\\\/tulsa-health.org\\\/about-us\\\/\"},{\"@type\":\"ListItem\",\"position\":3,\"name\":\"HIPAA Privacy Statement\"}]},{\"@type\":\"WebSite\",\"@id\":\"https:\\\/\\\/tulsa-health.org\\\/es\\\/#website\",\"url\":\"https:\\\/\\\/tulsa-health.org\\\/es\\\/\",\"name\":\"Tulsa Health Department\",\"description\":\"Clinical Services, Immunizations, Permits and More | Tulsa Health Department\",\"potentialAction\":[{\"@type\":\"SearchAction\",\"target\":{\"@type\":\"EntryPoint\",\"urlTemplate\":\"https:\\\/\\\/tulsa-health.org\\\/es\\\/?s={search_term_string}\"},\"query-input\":{\"@type\":\"PropertyValueSpecification\",\"valueRequired\":true,\"valueName\":\"search_term_string\"}}],\"inLanguage\":\"es-MX\"}]}<\/script>\n<!-- \/ Yoast SEO plugin. -->","yoast_head_json":{"title":"Declaraci\u00f3n de privacidad de HIPAA - Departamento de Salud de Tulsa","description":"Es pol\u00edtica del Departamento de Salud de la Ciudad-Condado de Tulsa (THD) mantener confidencial toda su informaci\u00f3n m\u00e9dica y personal.","robots":{"index":"index","follow":"follow","max-snippet":"max-snippet:-1","max-image-preview":"max-image-preview:large","max-video-preview":"max-video-preview:-1"},"canonical":"https:\/\/tulsa-health.org\/es\/about-us\/hipaa-privacy-statement\/","og_locale":"es_MX","og_type":"article","og_title":"HIPAA Privacy Statement - Tulsa Health Department","og_description":"It is the policy of the Tulsa City-County Health Department (THD) to keep all of your medical and personal information confidential.","og_url":"https:\/\/tulsa-health.org\/es\/about-us\/hipaa-privacy-statement\/","og_site_name":"Tulsa Health Department","article_modified_time":"2024-10-29T21:54:12+00:00","og_image":[{"width":1024,"height":576,"url":"https:\/\/tulsa-health.org\/wp-content\/uploads\/2022\/09\/vlcsnap-2019-12-16-15h27m23s612-1-1-1024x576.png","type":"image\/png"}],"twitter_card":"summary_large_image","twitter_misc":{"Tiempo de lectura":"5 minutes"},"schema":{"@context":"https:\/\/schema.org","@graph":[{"@type":"WebPage","@id":"https:\/\/tulsa-health.org\/about-us\/hipaa-privacy-statement\/","url":"https:\/\/tulsa-health.org\/about-us\/hipaa-privacy-statement\/","name":"Declaraci\u00f3n de privacidad de HIPAA - Departamento de Salud de Tulsa","isPartOf":{"@id":"https:\/\/tulsa-health.org\/es\/#website"},"primaryImageOfPage":{"@id":"https:\/\/tulsa-health.org\/about-us\/hipaa-privacy-statement\/#primaryimage"},"image":{"@id":"https:\/\/tulsa-health.org\/about-us\/hipaa-privacy-statement\/#primaryimage"},"thumbnailUrl":"https:\/\/tulsa-health.org\/wp-content\/uploads\/2022\/09\/vlcsnap-2019-12-16-15h27m23s612-1-1.png","datePublished":"2023-05-05T21:20:56+00:00","dateModified":"2024-10-29T21:54:12+00:00","description":"Es pol\u00edtica del Departamento de Salud de la Ciudad-Condado de Tulsa (THD) mantener confidencial toda su informaci\u00f3n m\u00e9dica y personal.","breadcrumb":{"@id":"https:\/\/tulsa-health.org\/about-us\/hipaa-privacy-statement\/#breadcrumb"},"inLanguage":"es-MX","potentialAction":[{"@type":"ReadAction","target":["https:\/\/tulsa-health.org\/about-us\/hipaa-privacy-statement\/"]}]},{"@type":"ImageObject","inLanguage":"es-MX","@id":"https:\/\/tulsa-health.org\/about-us\/hipaa-privacy-statement\/#primaryimage","url":"https:\/\/tulsa-health.org\/wp-content\/uploads\/2022\/09\/vlcsnap-2019-12-16-15h27m23s612-1-1.png","contentUrl":"https:\/\/tulsa-health.org\/wp-content\/uploads\/2022\/09\/vlcsnap-2019-12-16-15h27m23s612-1-1.png","width":1920,"height":1080,"caption":"Tulsa-Health Department"},{"@type":"BreadcrumbList","@id":"https:\/\/tulsa-health.org\/about-us\/hipaa-privacy-statement\/#breadcrumb","itemListElement":[{"@type":"ListItem","position":1,"name":"Home","item":"https:\/\/tulsa-health.org\/"},{"@type":"ListItem","position":2,"name":"About Us","item":"https:\/\/tulsa-health.org\/about-us\/"},{"@type":"ListItem","position":3,"name":"HIPAA Privacy Statement"}]},{"@type":"WebSite","@id":"https:\/\/tulsa-health.org\/es\/#website","url":"https:\/\/tulsa-health.org\/es\/","name":"Departamento de Salud de Tulsa","description":"Servicios cl\u00ednicos, vacunas, permisos y m\u00e1s | Departamento de Salud de Tulsa","potentialAction":[{"@type":"SearchAction","target":{"@type":"EntryPoint","urlTemplate":"https:\/\/tulsa-health.org\/es\/?s={search_term_string}"},"query-input":{"@type":"PropertyValueSpecification","valueRequired":true,"valueName":"search_term_string"}}],"inLanguage":"es-MX"}]}},"publishpress_future_workflow_manual_trigger":{"enabledWorkflows":[]},"_links":{"self":[{"href":"http:\/\/tulsa-health.org\/es\/wp-json\/wp\/v2\/pages\/2811","targetHints":{"allow":["GET"]}}],"collection":[{"href":"http:\/\/tulsa-health.org\/es\/wp-json\/wp\/v2\/pages"}],"about":[{"href":"http:\/\/tulsa-health.org\/es\/wp-json\/wp\/v2\/types\/page"}],"author":[{"embeddable":true,"href":"http:\/\/tulsa-health.org\/es\/wp-json\/wp\/v2\/users\/1"}],"replies":[{"embeddable":true,"href":"http:\/\/tulsa-health.org\/es\/wp-json\/wp\/v2\/comments?post=2811"}],"version-history":[{"count":0,"href":"http:\/\/tulsa-health.org\/es\/wp-json\/wp\/v2\/pages\/2811\/revisions"}],"up":[{"embeddable":true,"href":"http:\/\/tulsa-health.org\/es\/wp-json\/wp\/v2\/pages\/719"}],"wp:featuredmedia":[{"embeddable":true,"href":"http:\/\/tulsa-health.org\/es\/wp-json\/wp\/v2\/media\/458"}],"wp:attachment":[{"href":"http:\/\/tulsa-health.org\/es\/wp-json\/wp\/v2\/media?parent=2811"}],"curies":[{"name":"gracias","href":"https:\/\/api.w.org\/{rel}","templated":true}]}}