{"id":2427,"date":"2023-05-04T18:28:21","date_gmt":"2023-05-04T23:28:21","guid":{"rendered":"https:\/\/test.tulsa-health.org\/?page_id=2427"},"modified":"2023-12-20T17:52:02","modified_gmt":"2023-12-20T23:52:02","slug":"environmental","status":"publish","type":"page","link":"http:\/\/tulsa-health.org\/vi\/permits-inspections\/environmental\/","title":{"rendered":"Thu\u1ed9c v\u1ec1 m\u00f4i tr\u01b0\u1eddng"},"content":{"rendered":"<div data-elementor-type=\"wp-page\" data-elementor-id=\"2427\" class=\"elementor elementor-2427\" data-elementor-post-type=\"page\">\n\t\t\t\t\t\t<section class=\"elementor-section elementor-top-section elementor-element elementor-element-3695448 elementor-section-full_width elementor-section-height-min-height elementor-section-height-default elementor-section-items-middle\" data-id=\"3695448\" data-element_type=\"section\" data-e-type=\"section\" data-settings=\"{&quot;background_background&quot;:&quot;classic&quot;}\">\n\t\t\t\t\t\t<div class=\"elementor-container elementor-column-gap-no\">\n\t\t\t\t\t<div class=\"elementor-column elementor-col-100 elementor-top-column elementor-element elementor-element-4dbffa7\" data-id=\"4dbffa7\" data-element_type=\"column\" data-e-type=\"column\">\n\t\t\t<div class=\"elementor-widget-wrap\">\n\t\t\t\t\t\t\t<\/div>\n\t\t<\/div>\n\t\t\t\t\t<\/div>\n\t\t<\/section>\n\t\t\t\t<section class=\"elementor-section elementor-top-section elementor-element elementor-element-3ce339e elementor-section-boxed elementor-section-height-default elementor-section-height-default\" data-id=\"3ce339e\" data-element_type=\"section\" data-e-type=\"section\" data-settings=\"{&quot;background_background&quot;:&quot;classic&quot;}\">\n\t\t\t\t\t\t<div class=\"elementor-container elementor-column-gap-default\">\n\t\t\t\t\t<div class=\"elementor-column elementor-col-100 elementor-top-column elementor-element elementor-element-b3eb491\" data-id=\"b3eb491\" data-element_type=\"column\" data-e-type=\"column\">\n\t\t\t<div class=\"elementor-widget-wrap elementor-element-populated\">\n\t\t\t\t\t\t<div class=\"elementor-element elementor-element-a9b9404 elementor-widget elementor-widget-heading\" data-id=\"a9b9404\" data-element_type=\"widget\" data-e-type=\"widget\" data-widget_type=\"heading.default\">\n\t\t\t\t<div class=\"elementor-widget-container\">\n\t\t\t\t\t<h1 class=\"elementor-heading-title elementor-size-default\">Gi\u1ea5y ph\u00e9p &amp; Ki\u1ec3m tra M\u00f4i tr\u01b0\u1eddng<\/h1>\t\t\t\t<\/div>\n\t\t\t\t<\/div>\n\t\t\t\t<div class=\"elementor-element elementor-element-88d86d2 elementor-widget elementor-widget-text-editor\" data-id=\"88d86d2\" data-element_type=\"widget\" data-e-type=\"widget\" data-widget_type=\"text-editor.default\">\n\t\t\t\t<div class=\"elementor-widget-container\">\n\t\t\t\t\t\t\t\t\t<p>T\u00ecm c\u00e1c cu\u1ed9c ki\u1ec3m tra s\u1ee9c kh\u1ecfe v\u00e0 m\u00f4i tr\u01b0\u1eddng ph\u00f9 h\u1ee3p, xin gi\u1ea5y ph\u00e9p \u0111\u1ed1t ho\u1eb7c b\u1ec3 ch\u1ee9a ph\u00f9 h\u1ee3p ho\u1eb7c n\u1ed9p \u0111\u01a1n khi\u1ebfu n\u1ea1i v\u1ec1 s\u1ee9c kh\u1ecfe \u0111\u1ed1i v\u1edbi t\u00e0i s\u1ea3n ho\u1eb7c doanh nghi\u1ec7p.<\/p>\t\t\t\t\t\t\t\t<\/div>\n\t\t\t\t<\/div>\n\t\t\t\t\t<\/div>\n\t\t<\/div>\n\t\t\t\t\t<\/div>\n\t\t<\/section>\n\t\t\t\t<section class=\"elementor-section elementor-top-section elementor-element elementor-element-d461caf elementor-section-boxed elementor-section-height-default elementor-section-height-default\" data-id=\"d461caf\" data-element_type=\"section\" data-e-type=\"section\" data-settings=\"{&quot;background_background&quot;:&quot;classic&quot;}\">\n\t\t\t\t\t\t<div class=\"elementor-container elementor-column-gap-default\">\n\t\t\t\t\t<div class=\"elementor-column elementor-col-100 elementor-top-column elementor-element elementor-element-750f291\" data-id=\"750f291\" data-element_type=\"column\" data-e-type=\"column\">\n\t\t\t<div class=\"elementor-widget-wrap elementor-element-populated\">\n\t\t\t\t\t\t<div class=\"elementor-element elementor-element-6a0bb79 elementor-widget elementor-widget-ucaddon_unlimited_grid\" data-id=\"6a0bb79\" data-element_type=\"widget\" data-e-type=\"widget\" data-widget_type=\"ucaddon_unlimited_grid.default\">\n\t\t\t\t<div class=\"elementor-widget-container\">\n\t\t\t\t\t\n<!-- start Unlimited Grid -->\n\t\t<link id='font-awesome-css' href='http:\/\/tulsa-health.org\/wp-content\/plugins\/unlimited-elements-for-elementor-premium\/assets_libraries\/font-awesome6\/fontawesome-all.min.css' type='text\/css' rel='stylesheet' >\n\t\t<link id='font-awesome-4-shim-css' href='http:\/\/tulsa-health.org\/wp-content\/plugins\/unlimited-elements-for-elementor-premium\/assets_libraries\/font-awesome6\/fontawesome-v4-shims.min.css' type='text\/css' rel='stylesheet' >\n\t\t<link id='fancybox-css' href='http:\/\/tulsa-health.org\/wp-content\/plugins\/unlimited-elements-for-elementor-premium\/assets_libraries\/fancybox3\/jquery.fancybox.min.css' type='text\/css' rel='stylesheet' >\n\n<style>\/* widget: Unlimited Grid *\/\n\n#uc_unlimited_grid_elementor_6a0bb79\n{\n  display:grid;\n  grid-auto-rows: 1fr;\n}\n\n.ue-btn\n{\n  text-decoration:none;\n  text-align:center;\n  transition:0.3s;\n}\n\n#uc_unlimited_grid_elementor_6a0bb79 .ue-overlay-link\n{\n  display:block;\n  position:absolute;\n  top:0px;\n  bottom:0px;\n  right:0px;\n  left:0px;\n}\n\n#uc_unlimited_grid_elementor_6a0bb79 .ue-item\n{\n  position:relative;\n  display:flex;\n  overflow:hidden;\n  background-size:cover;\n}\n\n#uc_unlimited_grid_elementor_6a0bb79 .ue-item-overlay\n{\n  position:absolute;\n  top:0;\n  right:0;\n  left:0;\n  bottom:0;\n  transition:0.3s;\n}\n\n#uc_unlimited_grid_elementor_6a0bb79 .ue-item-bg\n{\n  position:absolute;\n  top:0;\n  right:0;\n  left:0;\n  bottom:0;\n  transition:0.3s;\n  background-size:cover;\n}\n\n\n\t\n\n\n\n\n\n\n#uc_unlimited_grid_elementor_6a0bb79 .ue-graphic-element\n{\n  display:inline-flex;\n  align-items:center;\n  justify-content:center;\n  line-height:1em;\n  overflow:hidden;\n}\n\n#uc_unlimited_grid_elementor_6a0bb79 .ue-graphic-element svg\n{\n  height:1em;\n  width:1em;\n}\n\n#uc_unlimited_grid_elementor_6a0bb79 .ue-graphic-element img\n{\n  display:block;\n}\n\n.ue-item-title\n{\n  font-size:21px;\n}\n\n#uc_unlimited_grid_elementor_6a0bb79 .ue-item-content\n{\n  position:relative;\n  width:100%;\n}\n\n\n\n\t@media only screen and (max-width: 767px) {\n      \n      \n      #uc_unlimited_grid_elementor_6a0bb79  {\n          grid-template-columns: repeat(1, 1fr);\n        }\n      \n      #uc_unlimited_grid_elementor_6a0bb79 .ue-item\n      {\n        grid-column: span 1;\n        grid-row: span 1;\n      }\n      \n      \n      }\n\t\n\n\n\n\n\n\n\n\n\n\n\n\n\n\n\n\n\n  #uc_unlimited_grid_elementor_6a0bb79 #uc_unlimited_grid_elementor_6a0bb79_item1 .ue-item-bg\n  {\n    background-image:url(https:\/\/tulsa-health.org\/wp-content\/uploads\/2023\/07\/Envior-Mosquito-Complaints.jpg);\n  }\n\n\n\n  #uc_unlimited_grid_elementor_6a0bb79 #uc_unlimited_grid_elementor_6a0bb79_item2 .ue-item-bg\n  {\n    background-image:url(https:\/\/tulsa-health.org\/wp-content\/uploads\/2023\/07\/Checking-Your-Water-Lab-8-scaled.jpg);\n  }\n\n\n\n  #uc_unlimited_grid_elementor_6a0bb79 #uc_unlimited_grid_elementor_6a0bb79_item3 .ue-item-bg\n  {\n    background-image:url(https:\/\/tulsa-health.org\/wp-content\/uploads\/2023\/07\/BurnignVariances-stock-photo-22021354-fireplace-in-forest-at-dusk-iStock_000022021354Medium.jpg);\n  }\n\n\n\n  #uc_unlimited_grid_elementor_6a0bb79 #uc_unlimited_grid_elementor_6a0bb79_item4 .ue-item-bg\n  {\n    background-image:url(https:\/\/tulsa-health.org\/wp-content\/uploads\/2023\/07\/Asbestos-19788268-asbestos-warning-sign-iStock_000019788268Small.jpg);\n  }\n\n\n\n  #uc_unlimited_grid_elementor_6a0bb79 #uc_unlimited_grid_elementor_6a0bb79_item5 .ue-item-bg\n  {\n    background-image:url(https:\/\/tulsa-health.org\/wp-content\/uploads\/2023\/07\/UndergroundStorage-stock-photo-20752237-new-gasoline-station-underground-fuel-t-iStock_000020752237Small.jpg);\n  }\n\n\n\n\n\n<\/style>\n\n<div id=\"uc_unlimited_grid_elementor_6a0bb79\" class=\"ue-unlimited-grid\">\n  <div id=\"uc_unlimited_grid_elementor_6a0bb79_item1\" class=\"ue-item elementor-repeater-item-cedf45c\">\n  <div class=\"ue-item-bg\"><\/div>\n  <div class=\"ue-item-overlay\"><\/div>\n  \n    <div class=\"ue-item-content None\">\n                      <div class=\"ue-item-title\">Khi\u1ebfu n\u1ea1i v\u1ec1 M\u00f4i tr\u01b0\u1eddng v\u00e0 Mu\u1ed7i<\/div>\n    <div class=\"ue-item-text\"><p>Khi m\u1ed9t m\u00f4i tr\u01b0\u1eddng b\u1eaft \u0111\u1ea7u t\u00e1c \u0111\u1ed9ng \u0111\u1ebfn s\u1ee9c kh\u1ecfe con ng\u01b0\u1eddi, n\u00f3 s\u1ebd tr\u1edf th\u00e0nh m\u1ed1i quan t\u00e2m c\u1ee7a c\u1ed9ng \u0111\u1ed3ng. N\u1ed9p \u0111\u01a1n khi\u1ebfu n\u1ea1i v\u1ec1 m\u00f4i tr\u01b0\u1eddng, mu\u1ed7i, v.v.<\/p><\/div>\n      <\/div>\n    \n  \n    \n    \n  <a class=\"ue-overlay-link\" href=\"\/vi\/forms\/complaints\/\" ><\/a>\n  \n  \n  \n<\/div>\n<div id=\"uc_unlimited_grid_elementor_6a0bb79_item2\" class=\"ue-item elementor-repeater-item-23ed0eb\">\n  <div class=\"ue-item-bg\"><\/div>\n  <div class=\"ue-item-overlay\"><\/div>\n  \n    <div class=\"ue-item-content None\">\n                      <div class=\"ue-item-title\">Ki\u1ec3m tra n\u01b0\u1edbc c\u1ee7a b\u1ea1n: Ph\u00f2ng th\u00ed nghi\u1ec7m n\u01b0\u1edbc m\u00f4i tr\u01b0\u1eddng<\/div>\n    <div class=\"ue-item-text\"><p>N\u01b0\u1edbc an to\u00e0n v\u00e0 s\u1eb5n c\u00f3 r\u1ea5t quan tr\u1ecdng \u0111\u1ed1i v\u1edbi s\u1ee9c kh\u1ecfe c\u1ed9ng \u0111\u1ed3ng, cho d\u00f9 n\u00f3 \u0111\u01b0\u1ee3c s\u1eed d\u1ee5ng \u0111\u1ec3 u\u1ed1ng, sinh ho\u1ea1t, s\u1ea3n xu\u1ea5t th\u1ef1c ph\u1ea9m hay m\u1ee5c \u0111\u00edch gi\u1ea3i tr\u00ed.\u200b<\/p><\/div>\n      <\/div>\n    \n  \n    \n    \n  <a class=\"ue-overlay-link\" href=\"\/vi\/permits-inspections\/environmental\/checking-your-water-environmental-water-lab\/\" ><\/a>\n  \n  \n  \n<\/div>\n<div id=\"uc_unlimited_grid_elementor_6a0bb79_item3\" class=\"ue-item elementor-repeater-item-c3ce2af\">\n  <div class=\"ue-item-bg\"><\/div>\n  <div class=\"ue-item-overlay\"><\/div>\n  \n    <div class=\"ue-item-content None\">\n                      <div class=\"ue-item-title\">\u0110\u1ed1t ph\u01b0\u01a1ng sai<\/div>\n    <div class=\"ue-item-text\"><p>G\u1eedi y\u00eau c\u1ea7u \u0111\u1ec3 nh\u1eadn \u0111\u01b0\u1ee3c gi\u1ea5y ph\u00e9p thay \u0111\u1ed5i \u0111\u1ed1t \u0111\u1ec3 b\u1ea1n c\u00f3 th\u1ec3 tham gia \u0111\u1ed1t ngo\u00e0i tr\u1eddi ho\u1eb7c v\u1eadn h\u00e0nh l\u00f2 \u0111\u1ed1t l\u1ed9 thi\u00ean.<\/p><\/div>\n      <\/div>\n    \n  \n    \n    \n  <a class=\"ue-overlay-link\" href=\"\/vi\/permits-inspections\/environmental\/burning-variances\/\" ><\/a>\n  \n  \n  \n<\/div>\n<div id=\"uc_unlimited_grid_elementor_6a0bb79_item4\" class=\"ue-item elementor-repeater-item-3430f5b\">\n  <div class=\"ue-item-bg\"><\/div>\n  <div class=\"ue-item-overlay\"><\/div>\n  \n    <div class=\"ue-item-content None\">\n                      <div class=\"ue-item-title\">Lo\u1ea1i b\u1ecf ami\u0103ng<\/div>\n    <div class=\"ue-item-text\"><p>Ami\u0103ng l\u00e0 m\u1ed9t lo\u1ea1i kho\u00e1ng ch\u1ea5t t\u1ef1 nhi\u00ean tr\u01b0\u1edbc \u0111\u00e2y \u0111\u01b0\u1ee3c s\u1eed d\u1ee5ng trong v\u1eadt li\u1ec7u x\u00e2y d\u1ef1ng v\u1edbi vai tr\u00f2 ch\u1ee7 y\u1ebfu l\u00e0 ch\u1ea5t c\u00e1ch \u0111i\u1ec7n ho\u1eb7c ch\u1ea5t ch\u1ed1ng ch\u00e1y. Ng\u00e0y nay, ami\u0103ng \u0111\u01b0\u1ee3c c\u00f4ng nh\u1eadn l\u00e0 m\u1ed9t m\u1ed1i nguy hi\u1ec3m cho s\u1ee9c kh\u1ecfe.<\/p><\/div>\n      <\/div>\n    \n  \n    \n    \n  <a class=\"ue-overlay-link\" href=\"\/vi\/permits-inspections\/environmental\/asbestos-removal\/\" ><\/a>\n  \n  \n  \n<\/div>\n<div id=\"uc_unlimited_grid_elementor_6a0bb79_item5\" class=\"ue-item elementor-repeater-item-2e3e954\">\n  <div class=\"ue-item-bg\"><\/div>\n  <div class=\"ue-item-overlay\"><\/div>\n  \n    <div class=\"ue-item-content None\">\n                      <div class=\"ue-item-title\">B\u1ec3 ch\u1ee9a ng\u1ea7m<\/div>\n    <div class=\"ue-item-text\"><p>THD c\u1ea5p gi\u1ea5y ph\u00e9p, gi\u1ea5y ph\u00e9p l\u1eafp \u0111\u1eb7t, v\u1eadn h\u00e0nh b\u1ec3 ch\u1ee9a x\u0103ng d\u1ea7u ng\u1ea7m.<\/p><\/div>\n      <\/div>\n    \n  \n    \n    \n  <a class=\"ue-overlay-link\" href=\"\/vi\/permits-inspections\/environmental\/underground-storage-tank\/\" ><\/a>\n  \n  \n  \n<\/div>\n\n<\/div>\n<!-- end Unlimited Grid -->\t\t\t\t<\/div>\n\t\t\t\t<\/div>\n\t\t\t\t\t<\/div>\n\t\t<\/div>\n\t\t\t\t\t<\/div>\n\t\t<\/section>\n\t\t\t\t<section class=\"elementor-section elementor-top-section elementor-element elementor-element-c0f8b31 elementor-section-full_width elementor-section-height-default elementor-section-height-default\" data-id=\"c0f8b31\" data-element_type=\"section\" data-e-type=\"section\">\n\t\t\t\t\t\t<div class=\"elementor-container elementor-column-gap-default\">\n\t\t\t\t\t<div class=\"elementor-column elementor-col-100 elementor-top-column elementor-element elementor-element-0737956\" data-id=\"0737956\" data-element_type=\"column\" data-e-type=\"column\">\n\t\t\t<div class=\"elementor-widget-wrap elementor-element-populated\">\n\t\t\t\t\t\t<div class=\"elementor-element elementor-element-b91c5af elementor-widget elementor-widget-shortcode\" data-id=\"b91c5af\" data-element_type=\"widget\" data-e-type=\"widget\" data-widget_type=\"shortcode.default\">\n\t\t\t\t<div class=\"elementor-widget-container\">\n\t\t\t\t\t\t\t<div class=\"elementor-shortcode\">\t\t<div data-elementor-type=\"section\" data-elementor-id=\"4934\" class=\"elementor elementor-4934\" data-elementor-post-type=\"elementor_library\">\n\t\t\t\t\t<section class=\"elementor-section elementor-top-section elementor-element elementor-element-4469b59d elementor-section-stretched elementor-section-boxed elementor-section-height-default elementor-section-height-default\" data-id=\"4469b59d\" data-element_type=\"section\" data-e-type=\"section\" data-settings=\"{&quot;background_background&quot;:&quot;classic&quot;,&quot;stretch_section&quot;:&quot;section-stretched&quot;}\">\n\t\t\t\t\t\t\t<div class=\"elementor-background-overlay\"><\/div>\n\t\t\t\t\t\t\t<div class=\"elementor-container elementor-column-gap-default\">\n\t\t\t\t\t<div class=\"elementor-column elementor-col-100 elementor-top-column elementor-element elementor-element-615ea353\" data-id=\"615ea353\" data-element_type=\"column\" data-e-type=\"column\">\n\t\t\t<div class=\"elementor-widget-wrap elementor-element-populated\">\n\t\t\t\t\t\t<div class=\"elementor-element elementor-element-bdb2691 elementor-widget elementor-widget-heading\" data-id=\"bdb2691\" data-element_type=\"widget\" data-e-type=\"widget\" data-widget_type=\"heading.default\">\n\t\t\t\t<div class=\"elementor-widget-container\">\n\t\t\t\t\t<h5 class=\"elementor-heading-title elementor-size-default\">\u0110\u1ecaA \u0110I\u1ec2M<\/h5>\t\t\t\t<\/div>\n\t\t\t\t<\/div>\n\t\t\t\t<div class=\"elementor-element elementor-element-00f74f9 elementor-widget elementor-widget-text-editor\" data-id=\"00f74f9\" data-element_type=\"widget\" data-e-type=\"widget\" data-widget_type=\"text-editor.default\">\n\t\t\t\t<div class=\"elementor-widget-container\">\n\t\t\t\t\t\t\t\t\t<p>Ch\u00fang t\u00f4i c\u00f3 9 c\u01a1 s\u1edf tr\u00ean kh\u1eafp Qu\u1eadn Tulsa cung c\u1ea5p nhi\u1ec1u d\u1ecbch v\u1ee5 kh\u00e1c nhau \u0111\u1ec3 gi\u00fap b\u1ea1n v\u00e0 gia \u0111\u00ecnh lu\u00f4n kh\u1ecfe m\u1ea1nh.<\/p>\t\t\t\t\t\t\t\t<\/div>\n\t\t\t\t<\/div>\n\t\t\t\t<div class=\"elementor-element elementor-element-fd63501 elementor-align-center secondary elementor-widget elementor-widget-button\" data-id=\"fd63501\" data-element_type=\"widget\" data-e-type=\"widget\" data-widget_type=\"button.default\">\n\t\t\t\t<div class=\"elementor-widget-container\">\n\t\t\t\t\t\t\t\t\t<div class=\"elementor-button-wrapper\">\n\t\t\t\t\t<a class=\"elementor-button elementor-button-link elementor-size-sm\" href=\"\/vi\/locations\/\">\n\t\t\t\t\t\t<span class=\"elementor-button-content-wrapper\">\n\t\t\t\t\t\t\t\t\t<span class=\"elementor-button-text\">T\u00ecm c\u1ee7a b\u1ea1n<\/span>\n\t\t\t\t\t<\/span>\n\t\t\t\t\t<\/a>\n\t\t\t\t<\/div>\n\t\t\t\t\t\t\t\t<\/div>\n\t\t\t\t<\/div>\n\t\t\t\t\t<\/div>\n\t\t<\/div>\n\t\t\t\t\t<\/div>\n\t\t<\/section>\n\t\t\t\t<\/div>\n\t\t<\/div>\n\t\t\t\t\t\t<\/div>\n\t\t\t\t<\/div>\n\t\t\t\t\t<\/div>\n\t\t<\/div>\n\t\t\t\t\t<\/div>\n\t\t<\/section>\n\t\t\t\t<\/div>","protected":false},"excerpt":{"rendered":"<p>Environmental\u200b Permits &#038; Inspections Find the right health and environmental inspections, get the right burning or storage tank permits, or file health complaints against a property or business. Environment and Mosquito Complaints When an environment starts to impact human health, it becomes a community concern. File a complaint about the environment, mosquitoes, and more. Checking [&hellip;]<\/p>\n","protected":false},"author":1,"featured_media":10014,"parent":698,"menu_order":0,"comment_status":"closed","ping_status":"closed","template":"elementor_header_footer","meta":{"_acf_changed":false,"footnotes":""},"class_list":["post-2427","page","type-page","status-publish","has-post-thumbnail","hentry"],"acf":[],"yoast_head":"<!-- This site is optimized with the Yoast SEO plugin v27.5 - https:\/\/yoast.com\/product\/yoast-seo-wordpress\/ -->\n<title>Environmental - Tulsa Health Department<\/title>\n<meta name=\"description\" content=\"Find the right health and environmental inspections, get the right burning or storage tank permits, or file health complaints against a property or business.\" \/>\n<meta name=\"robots\" content=\"index, follow, max-snippet:-1, max-image-preview:large, max-video-preview:-1\" \/>\n<link rel=\"canonical\" href=\"https:\/\/tulsa-health.org\/vi\/permits-inspections\/environmental\/\" \/>\n<meta property=\"og:locale\" content=\"vi_VN\" \/>\n<meta property=\"og:type\" content=\"article\" \/>\n<meta property=\"og:title\" content=\"Environmental - Tulsa Health Department\" \/>\n<meta property=\"og:description\" content=\"Find the right health and environmental inspections, get the right burning or storage tank permits, or file health complaints against a property or business.\" \/>\n<meta property=\"og:url\" content=\"https:\/\/tulsa-health.org\/vi\/permits-inspections\/environmental\/\" \/>\n<meta property=\"og:site_name\" content=\"Tulsa Health Department\" \/>\n<meta property=\"article:modified_time\" content=\"2023-12-20T23:52:02+00:00\" \/>\n<meta property=\"og:image\" content=\"https:\/\/tulsa-health.org\/wp-content\/uploads\/2023\/07\/header-enviornmental-health.jpg\" \/>\n\t<meta property=\"og:image:width\" content=\"1920\" \/>\n\t<meta property=\"og:image:height\" content=\"695\" \/>\n\t<meta property=\"og:image:type\" content=\"image\/jpeg\" \/>\n<meta name=\"twitter:card\" content=\"summary_large_image\" \/>\n<meta name=\"twitter:label1\" content=\"\u01af\u1edbc t\u00ednh th\u1eddi gian \u0111\u1ecdc\" \/>\n\t<meta name=\"twitter:data1\" content=\"1 ph\u00fat\" \/>\n<script type=\"application\/ld+json\" class=\"yoast-schema-graph\">{\"@context\":\"https:\\\/\\\/schema.org\",\"@graph\":[{\"@type\":\"WebPage\",\"@id\":\"https:\\\/\\\/tulsa-health.org\\\/permits-inspections\\\/environmental\\\/\",\"url\":\"https:\\\/\\\/tulsa-health.org\\\/permits-inspections\\\/environmental\\\/\",\"name\":\"Environmental - Tulsa Health Department\",\"isPartOf\":{\"@id\":\"https:\\\/\\\/tulsa-health.org\\\/es\\\/#website\"},\"primaryImageOfPage\":{\"@id\":\"https:\\\/\\\/tulsa-health.org\\\/permits-inspections\\\/environmental\\\/#primaryimage\"},\"image\":{\"@id\":\"https:\\\/\\\/tulsa-health.org\\\/permits-inspections\\\/environmental\\\/#primaryimage\"},\"thumbnailUrl\":\"https:\\\/\\\/tulsa-health.org\\\/wp-content\\\/uploads\\\/2023\\\/07\\\/header-enviornmental-health.jpg\",\"datePublished\":\"2023-05-04T23:28:21+00:00\",\"dateModified\":\"2023-12-20T23:52:02+00:00\",\"description\":\"Find the right health and environmental inspections, get the right burning or storage tank permits, or file health complaints against a property or business.\",\"breadcrumb\":{\"@id\":\"https:\\\/\\\/tulsa-health.org\\\/permits-inspections\\\/environmental\\\/#breadcrumb\"},\"inLanguage\":\"vi\",\"potentialAction\":[{\"@type\":\"ReadAction\",\"target\":[\"https:\\\/\\\/tulsa-health.org\\\/permits-inspections\\\/environmental\\\/\"]}]},{\"@type\":\"ImageObject\",\"inLanguage\":\"vi\",\"@id\":\"https:\\\/\\\/tulsa-health.org\\\/permits-inspections\\\/environmental\\\/#primaryimage\",\"url\":\"https:\\\/\\\/tulsa-health.org\\\/wp-content\\\/uploads\\\/2023\\\/07\\\/header-enviornmental-health.jpg\",\"contentUrl\":\"https:\\\/\\\/tulsa-health.org\\\/wp-content\\\/uploads\\\/2023\\\/07\\\/header-enviornmental-health.jpg\",\"width\":1920,\"height\":695,\"caption\":\"Environmental Health\"},{\"@type\":\"BreadcrumbList\",\"@id\":\"https:\\\/\\\/tulsa-health.org\\\/permits-inspections\\\/environmental\\\/#breadcrumb\",\"itemListElement\":[{\"@type\":\"ListItem\",\"position\":1,\"name\":\"Home\",\"item\":\"https:\\\/\\\/tulsa-health.org\\\/\"},{\"@type\":\"ListItem\",\"position\":2,\"name\":\"Permits &#038; Inspections\",\"item\":\"https:\\\/\\\/tulsa-health.org\\\/permits-inspections\\\/\"},{\"@type\":\"ListItem\",\"position\":3,\"name\":\"Environmental\"}]},{\"@type\":\"WebSite\",\"@id\":\"https:\\\/\\\/tulsa-health.org\\\/es\\\/#website\",\"url\":\"https:\\\/\\\/tulsa-health.org\\\/es\\\/\",\"name\":\"Tulsa Health Department\",\"description\":\"Clinical Services, Immunizations, Permits and More | Tulsa Health Department\",\"potentialAction\":[{\"@type\":\"SearchAction\",\"target\":{\"@type\":\"EntryPoint\",\"urlTemplate\":\"https:\\\/\\\/tulsa-health.org\\\/es\\\/?s={search_term_string}\"},\"query-input\":{\"@type\":\"PropertyValueSpecification\",\"valueRequired\":true,\"valueName\":\"search_term_string\"}}],\"inLanguage\":\"vi\"}]}<\/script>\n<!-- \/ Yoast SEO plugin. -->","yoast_head_json":{"title":"M\u00f4i tr\u01b0\u1eddng - S\u1edf Y t\u1ebf Tulsa","description":"T\u00ecm c\u00e1c cu\u1ed9c ki\u1ec3m tra s\u1ee9c kh\u1ecfe v\u00e0 m\u00f4i tr\u01b0\u1eddng ph\u00f9 h\u1ee3p, xin gi\u1ea5y ph\u00e9p \u0111\u1ed1t ho\u1eb7c b\u1ec3 ch\u1ee9a ph\u00f9 h\u1ee3p ho\u1eb7c n\u1ed9p \u0111\u01a1n khi\u1ebfu n\u1ea1i v\u1ec1 s\u1ee9c kh\u1ecfe \u0111\u1ed1i v\u1edbi t\u00e0i s\u1ea3n ho\u1eb7c doanh nghi\u1ec7p.","robots":{"index":"index","follow":"follow","max-snippet":"max-snippet:-1","max-image-preview":"max-image-preview:large","max-video-preview":"max-video-preview:-1"},"canonical":"https:\/\/tulsa-health.org\/vi\/permits-inspections\/environmental\/","og_locale":"vi_VN","og_type":"article","og_title":"Environmental - Tulsa Health Department","og_description":"Find the right health and environmental inspections, get the right burning or storage tank permits, or file health complaints against a property or business.","og_url":"https:\/\/tulsa-health.org\/vi\/permits-inspections\/environmental\/","og_site_name":"Tulsa Health Department","article_modified_time":"2023-12-20T23:52:02+00:00","og_image":[{"width":1920,"height":695,"url":"https:\/\/tulsa-health.org\/wp-content\/uploads\/2023\/07\/header-enviornmental-health.jpg","type":"image\/jpeg"}],"twitter_card":"summary_large_image","twitter_misc":{"\u01af\u1edbc t\u00ednh th\u1eddi gian \u0111\u1ecdc":"1 ph\u00fat"},"schema":{"@context":"https:\/\/schema.org","@graph":[{"@type":"WebPage","@id":"https:\/\/tulsa-health.org\/permits-inspections\/environmental\/","url":"https:\/\/tulsa-health.org\/permits-inspections\/environmental\/","name":"M\u00f4i tr\u01b0\u1eddng - S\u1edf Y t\u1ebf Tulsa","isPartOf":{"@id":"https:\/\/tulsa-health.org\/es\/#website"},"primaryImageOfPage":{"@id":"https:\/\/tulsa-health.org\/permits-inspections\/environmental\/#primaryimage"},"image":{"@id":"https:\/\/tulsa-health.org\/permits-inspections\/environmental\/#primaryimage"},"thumbnailUrl":"https:\/\/tulsa-health.org\/wp-content\/uploads\/2023\/07\/header-enviornmental-health.jpg","datePublished":"2023-05-04T23:28:21+00:00","dateModified":"2023-12-20T23:52:02+00:00","description":"T\u00ecm c\u00e1c cu\u1ed9c ki\u1ec3m tra s\u1ee9c kh\u1ecfe v\u00e0 m\u00f4i tr\u01b0\u1eddng ph\u00f9 h\u1ee3p, xin gi\u1ea5y ph\u00e9p \u0111\u1ed1t ho\u1eb7c b\u1ec3 ch\u1ee9a ph\u00f9 h\u1ee3p ho\u1eb7c n\u1ed9p \u0111\u01a1n khi\u1ebfu n\u1ea1i v\u1ec1 s\u1ee9c kh\u1ecfe \u0111\u1ed1i v\u1edbi t\u00e0i s\u1ea3n ho\u1eb7c doanh nghi\u1ec7p.","breadcrumb":{"@id":"https:\/\/tulsa-health.org\/permits-inspections\/environmental\/#breadcrumb"},"inLanguage":"vi","potentialAction":[{"@type":"ReadAction","target":["https:\/\/tulsa-health.org\/permits-inspections\/environmental\/"]}]},{"@type":"ImageObject","inLanguage":"vi","@id":"https:\/\/tulsa-health.org\/permits-inspections\/environmental\/#primaryimage","url":"https:\/\/tulsa-health.org\/wp-content\/uploads\/2023\/07\/header-enviornmental-health.jpg","contentUrl":"https:\/\/tulsa-health.org\/wp-content\/uploads\/2023\/07\/header-enviornmental-health.jpg","width":1920,"height":695,"caption":"Environmental Health"},{"@type":"BreadcrumbList","@id":"https:\/\/tulsa-health.org\/permits-inspections\/environmental\/#breadcrumb","itemListElement":[{"@type":"ListItem","position":1,"name":"Home","item":"https:\/\/tulsa-health.org\/"},{"@type":"ListItem","position":2,"name":"Permits &#038; Inspections","item":"https:\/\/tulsa-health.org\/permits-inspections\/"},{"@type":"ListItem","position":3,"name":"Environmental"}]},{"@type":"WebSite","@id":"https:\/\/tulsa-health.org\/es\/#website","url":"https:\/\/tulsa-health.org\/es\/","name":"S\u1edf Y t\u1ebf Tulsa","description":"D\u1ecbch v\u1ee5 l\u00e2m s\u00e0ng, ti\u00eam ch\u1ee7ng, gi\u1ea5y ph\u00e9p v\u00e0 nhi\u1ec1u h\u01a1n n\u1eefa | S\u1edf Y t\u1ebf Tulsa","potentialAction":[{"@type":"SearchAction","target":{"@type":"EntryPoint","urlTemplate":"https:\/\/tulsa-health.org\/es\/?s={search_term_string}"},"query-input":{"@type":"PropertyValueSpecification","valueRequired":true,"valueName":"search_term_string"}}],"inLanguage":"vi"}]}},"publishpress_future_workflow_manual_trigger":{"enabledWorkflows":[]},"_links":{"self":[{"href":"http:\/\/tulsa-health.org\/vi\/wp-json\/wp\/v2\/pages\/2427","targetHints":{"allow":["GET"]}}],"collection":[{"href":"http:\/\/tulsa-health.org\/vi\/wp-json\/wp\/v2\/pages"}],"about":[{"href":"http:\/\/tulsa-health.org\/vi\/wp-json\/wp\/v2\/types\/page"}],"author":[{"embeddable":true,"href":"http:\/\/tulsa-health.org\/vi\/wp-json\/wp\/v2\/users\/1"}],"replies":[{"embeddable":true,"href":"http:\/\/tulsa-health.org\/vi\/wp-json\/wp\/v2\/comments?post=2427"}],"version-history":[{"count":0,"href":"http:\/\/tulsa-health.org\/vi\/wp-json\/wp\/v2\/pages\/2427\/revisions"}],"up":[{"embeddable":true,"href":"http:\/\/tulsa-health.org\/vi\/wp-json\/wp\/v2\/pages\/698"}],"wp:featuredmedia":[{"embeddable":true,"href":"http:\/\/tulsa-health.org\/vi\/wp-json\/wp\/v2\/media\/10014"}],"wp:attachment":[{"href":"http:\/\/tulsa-health.org\/vi\/wp-json\/wp\/v2\/media?parent=2427"}],"curies":[{"name":"wp","href":"https:\/\/api.w.org\/{rel}","templated":true}]}}