{"id":2438,"date":"2023-05-04T18:32:42","date_gmt":"2023-05-04T23:32:42","guid":{"rendered":"https:\/\/test.tulsa-health.org\/?page_id=2438"},"modified":"2025-06-06T16:14:56","modified_gmt":"2025-06-06T21:14:56","slug":"checking-your-water-environmental-water-lab","status":"publish","type":"page","link":"http:\/\/tulsa-health.org\/vi\/permits-inspections\/environmental\/checking-your-water-environmental-water-lab\/","title":{"rendered":"Ph\u00f2ng th\u00ed nghi\u1ec7m n\u01b0\u1edbc m\u00f4i tr\u01b0\u1eddng"},"content":{"rendered":"<div data-elementor-type=\"wp-page\" data-elementor-id=\"2438\" class=\"elementor elementor-2438\" data-elementor-post-type=\"page\">\n\t\t\t\t\t\t<section class=\"elementor-section elementor-top-section elementor-element elementor-element-7e653c5 elementor-section-full_width elementor-section-height-min-height elementor-section-height-default elementor-section-items-middle\" data-id=\"7e653c5\" data-element_type=\"section\" data-e-type=\"section\" data-settings=\"{&quot;background_background&quot;:&quot;classic&quot;}\">\n\t\t\t\t\t\t<div class=\"elementor-container elementor-column-gap-no\">\n\t\t\t\t\t<div class=\"elementor-column elementor-col-100 elementor-top-column elementor-element elementor-element-8499268\" data-id=\"8499268\" data-element_type=\"column\" data-e-type=\"column\">\n\t\t\t<div class=\"elementor-widget-wrap\">\n\t\t\t\t\t\t\t<\/div>\n\t\t<\/div>\n\t\t\t\t\t<\/div>\n\t\t<\/section>\n\t\t\t\t<section class=\"elementor-section elementor-top-section elementor-element elementor-element-83e2315 elementor-section-boxed elementor-section-height-default elementor-section-height-default\" data-id=\"83e2315\" data-element_type=\"section\" data-e-type=\"section\" data-settings=\"{&quot;background_background&quot;:&quot;classic&quot;}\">\n\t\t\t\t\t\t<div class=\"elementor-container elementor-column-gap-default\">\n\t\t\t\t\t<div class=\"elementor-column elementor-col-100 elementor-top-column elementor-element elementor-element-0e86b1d\" data-id=\"0e86b1d\" data-element_type=\"column\" data-e-type=\"column\">\n\t\t\t<div class=\"elementor-widget-wrap elementor-element-populated\">\n\t\t\t\t\t\t<div class=\"elementor-element elementor-element-089f150 elementor-widget elementor-widget-heading\" data-id=\"089f150\" data-element_type=\"widget\" data-e-type=\"widget\" data-widget_type=\"heading.default\">\n\t\t\t\t<div class=\"elementor-widget-container\">\n\t\t\t\t\t<h1 class=\"elementor-heading-title elementor-size-default\">Ph\u00f2ng th\u00ed nghi\u1ec7m n\u01b0\u1edbc m\u00f4i tr\u01b0\u1eddng\u200b<\/h1>\t\t\t\t<\/div>\n\t\t\t\t<\/div>\n\t\t\t\t<div class=\"elementor-element elementor-element-2520f64 elementor-widget elementor-widget-text-editor\" data-id=\"2520f64\" data-element_type=\"widget\" data-e-type=\"widget\" data-widget_type=\"text-editor.default\">\n\t\t\t\t<div class=\"elementor-widget-container\">\n\t\t\t\t\t\t\t\t\t<p>N\u01b0\u1edbc an to\u00e0n v\u00e0 s\u1eb5n c\u00f3 r\u1ea5t quan tr\u1ecdng \u0111\u1ed1i v\u1edbi s\u1ee9c kh\u1ecfe c\u1ed9ng \u0111\u1ed3ng, cho d\u00f9 n\u00f3 \u0111\u01b0\u1ee3c s\u1eed d\u1ee5ng \u0111\u1ec3 u\u1ed1ng, sinh ho\u1ea1t, s\u1ea3n xu\u1ea5t th\u1ef1c ph\u1ea9m hay m\u1ee5c \u0111\u00edch gi\u1ea3i tr\u00ed.\u200b<\/p>\t\t\t\t\t\t\t\t<\/div>\n\t\t\t\t<\/div>\n\t\t\t\t\t<\/div>\n\t\t<\/div>\n\t\t\t\t\t<\/div>\n\t\t<\/section>\n\t\t\t\t<section class=\"elementor-section elementor-top-section elementor-element elementor-element-a46a95a elementor-section-boxed elementor-section-height-default elementor-section-height-default\" data-id=\"a46a95a\" data-element_type=\"section\" data-e-type=\"section\" data-settings=\"{&quot;background_background&quot;:&quot;classic&quot;}\">\n\t\t\t\t\t\t<div class=\"elementor-container elementor-column-gap-default\">\n\t\t\t\t\t<div class=\"elementor-column elementor-col-100 elementor-top-column elementor-element elementor-element-73c12a6\" data-id=\"73c12a6\" data-element_type=\"column\" data-e-type=\"column\">\n\t\t\t<div class=\"elementor-widget-wrap elementor-element-populated\">\n\t\t\t\t\t\t<div class=\"elementor-element elementor-element-d97abce elementor-widget elementor-widget-text-editor\" data-id=\"d97abce\" data-element_type=\"widget\" data-e-type=\"widget\" data-widget_type=\"text-editor.default\">\n\t\t\t\t<div class=\"elementor-widget-container\">\n\t\t\t\t\t\t\t\t\t<h2>Ki\u1ec3m tra n\u01b0\u1edbc c\u1ee7a b\u1ea1n<\/h2><p>N\u1ebfu b\u1ea1n lo ng\u1ea1i v\u1ec1 ngu\u1ed3n n\u01b0\u1edbc c\u00f4ng c\u1ed9ng ho\u1eb7c n\u01b0\u1edbc t\u01b0 nh\u00e2n c\u1ee7a m\u00ecnh, b\u1ea1n c\u00f3 th\u1ec3 y\u00eau c\u1ea7u x\u00e9t nghi\u1ec7m n\u01b0\u1edbc v\u1edbi m\u1ed9t kho\u1ea3n ph\u00ed. <strong>B\u1ea1n ph\u1ea3i l\u1ea5y m\u1ed9t chai t\u1eeb Ph\u00f2ng th\u00ed nghi\u1ec7m n\u01b0\u1edbc c\u1ee7a THD tr\u01b0\u1edbc khi l\u1ea5y b\u1ea5t k\u1ef3 m\u1eabu n\u00e0o. Ph\u00f2ng th\u00ed nghi\u1ec7m n\u01b0\u1edbc c\u1ee7a ch\u00fang t\u00f4i ch\u1ec9 c\u00f3 th\u1ec3 ch\u1ea5p nh\u1eadn c\u00e1c m\u1eabu \u0111\u01b0\u1ee3c thu th\u1eadp trong c\u00e1c th\u00f9ng ch\u1ee9a \u0111\u01b0\u1ee3c ch\u1ea5p thu\u1eadn. C\u00e1c m\u1eabu \u0111\u01b0\u1ee3c thu th\u1eadp trong chai n\u01b0\u1edbc u\u1ed1ng, l\u1ecd th\u1ee7y tinh, v.v. s\u1ebd kh\u00f4ng \u0111\u01b0\u1ee3c ch\u1ea5p nh\u1eadn.<\/strong><\/p><p>Vui l\u00f2ng gi\u1eef c\u00e1c m\u1eabu n\u01b0\u1edbc \u0111\u00e3 thu th\u1eadp tr\u00ean \u0111\u00e1 v\u00e0 tr\u1ea3 l\u1ea1i ph\u00f2ng th\u00ed nghi\u1ec7m ngay \u0111\u1ec3 c\u00f3 k\u1ebft qu\u1ea3 t\u1ed1t nh\u1ea5t.<\/p><p>\u0110\u1ec3 x\u00e9t nghi\u1ec7m vi khu\u1ea9n, m\u1eabu n\u01b0\u1edbc u\u1ed1ng ph\u1ea3i \u0111\u01b0\u1ee3c tr\u1ea3 l\u1ea1i trong v\u00f2ng 30 gi\u1edd k\u1ec3 t\u1eeb th\u1eddi \u0111i\u1ec3m l\u1ea5y m\u1eabu.<\/p><h2>Ho\u1ea1t \u0111\u1ed9ng c\u1ee7a ph\u00f2ng th\u00ed nghi\u1ec7m n\u01b0\u1edbc<\/h2><p>Ch\u1ea5t l\u01b0\u1ee3ng v\u00e0 s\u1ef1 an to\u00e0n c\u1ee7a ngu\u1ed3n cung c\u1ea5p n\u01b0\u1edbc u\u1ed1ng c\u1ee7a ch\u00fang t\u00f4i l\u00e0 \u01b0u ti\u00ean h\u00e0ng \u0111\u1ea7u t\u1ea1i THD. \u0110\u00f3 l\u00e0 l\u00fd do t\u1ea1i sao THD v\u1eadn h\u00e0nh ph\u00f2ng th\u00ed nghi\u1ec7m n\u1ed9i b\u1ed9 c\u1ee7a ri\u00eang m\u00ecnh, cung c\u1ea5p d\u1ecbch v\u1ee5 ki\u1ec3m tra ch\u1ea5t l\u01b0\u1ee3ng n\u01b0\u1edbc c\u1ea3 v\u1ec1 vi khu\u1ea9n v\u00e0 h\u00f3a h\u1ecdc \u0111\u1ec3 t\u00ecm c\u00e1c ch\u1ea5t g\u00e2y \u00f4 nhi\u1ec5m nh\u01b0 kim lo\u1ea1i n\u1eb7ng, kho\u00e1ng ch\u1ea5t v\u00e0 c\u00e1c t\u1ea1p ch\u1ea5t kh\u00e1c.\u00a0<\/p><p>T\u00ecm Ph\u00f2ng th\u00ed nghi\u1ec7m n\u01b0\u1edbc c\u1ee7a ch\u00fang t\u00f4i n\u1eb1m t\u1ea1i <a href=\"https:\/\/maps.app.goo.gl\/dYA6ghXGV229VrjaA\">Trung t\u00e2m Y t\u1ebf James O. Goodwin, 5051 S. 129th East Ave, Tulsa, OK<\/a>.<\/p><p>Ph\u00f2ng th\u00ed nghi\u1ec7m n\u01b0\u1edbc c\u1ee7a THD m\u1edf c\u1eeda t\u1eeb Th\u1ee9 Hai \u0111\u1ebfn Th\u1ee9 S\u00e1u t\u1eeb 8:00 s\u00e1ng \u0111\u1ebfn 5:00 chi\u1ec1u, ngo\u1ea1i tr\u1eeb c\u00e1c ng\u00e0y l\u1ec5 do nh\u00e0 n\u01b0\u1edbc c\u00f4ng nh\u1eadn. Xin l\u01b0u \u00fd, m\u1eabu n\u01b0\u1edbc ch\u1ec9 \u0111\u01b0\u1ee3c ch\u1ea5p nh\u1eadn \u0111\u1ebfn 4:30 chi\u1ec1u m\u1ed7i ng\u00e0y.<\/p><p>Vui l\u00f2ng g\u1ecdi\u00a0<a href=\"\/vi\/\u0111i\u1ec7n tho\u1ea1i:9185954200\/\">918-595-4200<\/a>\u00a0\u0111\u1ec3 bi\u1ebft th\u00eam th\u00f4ng tin v\u00e0 chi ph\u00ed. H\u1ea7u h\u1ebft c\u00e1c th\u1ebb t\u00edn d\u1ee5ng c\u1ee7a nh\u1eefng d\u1ecbch v\u1ee5 l\u1edbn \u0111\u1ec1u \u0111\u01b0\u1ee3c ch\u1ea5p nh\u1eadn.<\/p><p><strong>T\u00e0i nguy\u00ean li\u00ean quan<\/strong><\/p><ul><li><a href=\"https:\/\/tulsa-health.org\/wp-content\/uploads\/2025\/06\/EHSLabPricing_v20250527.pdf\">Gi\u00e1 ph\u00f2ng th\u00ed nghi\u1ec7m n\u01b0\u1edbc<\/a><\/li><li><a href=\"\/wp-content\/uploads\/2023\/05\/ChainOfCustody_fillable_V20160329.pdf\">M\u1eabu chu\u1ed7i h\u00e0nh tr\u00ecnh s\u1ea3n ph\u1ea9m<\/a><\/li><\/ul><h2>Th\u1eed nghi\u1ec7m s\u1ea3n ph\u1ea9m ph\u1ee5 kh\u1eed tr\u00f9ng (DBP)<\/h2>\t\t\t\t\t\t\t\t<\/div>\n\t\t\t\t<\/div>\n\t\t\t\t<div class=\"elementor-element elementor-element-9bc932f elementor-widget elementor-widget-button\" data-id=\"9bc932f\" data-element_type=\"widget\" data-e-type=\"widget\" data-widget_type=\"button.default\">\n\t\t\t\t<div class=\"elementor-widget-container\">\n\t\t\t\t\t\t\t\t\t<div class=\"elementor-button-wrapper\">\n\t\t\t\t\t<a class=\"elementor-button elementor-button-link elementor-size-sm\" href=\"\/wp-content\/uploads\/2023\/06\/DBPtesting.pdf\">\n\t\t\t\t\t\t<span class=\"elementor-button-content-wrapper\">\n\t\t\t\t\t\t\t\t\t<span class=\"elementor-button-text\">T\u00ecm hi\u1ec3u th\u00eam v\u1ec1 th\u1eed nghi\u1ec7m DBP c\u1ee7a THD<\/span>\n\t\t\t\t\t<\/span>\n\t\t\t\t\t<\/a>\n\t\t\t\t<\/div>\n\t\t\t\t\t\t\t\t<\/div>\n\t\t\t\t<\/div>\n\t\t\t\t\t<\/div>\n\t\t<\/div>\n\t\t\t\t\t<\/div>\n\t\t<\/section>\n\t\t\t\t<section class=\"elementor-section elementor-top-section elementor-element elementor-element-657bbd5 elementor-section-full_width elementor-section-height-default elementor-section-height-default\" data-id=\"657bbd5\" data-element_type=\"section\" data-e-type=\"section\">\n\t\t\t\t\t\t<div class=\"elementor-container elementor-column-gap-default\">\n\t\t\t\t\t<div class=\"elementor-column elementor-col-100 elementor-top-column elementor-element elementor-element-0738449\" data-id=\"0738449\" data-element_type=\"column\" data-e-type=\"column\">\n\t\t\t<div class=\"elementor-widget-wrap elementor-element-populated\">\n\t\t\t\t\t\t<div class=\"elementor-element elementor-element-4d2fb45 elementor-widget elementor-widget-shortcode\" data-id=\"4d2fb45\" data-element_type=\"widget\" data-e-type=\"widget\" data-widget_type=\"shortcode.default\">\n\t\t\t\t<div class=\"elementor-widget-container\">\n\t\t\t\t\t\t\t<div class=\"elementor-shortcode\">\t\t<div data-elementor-type=\"section\" data-elementor-id=\"4934\" class=\"elementor elementor-4934\" data-elementor-post-type=\"elementor_library\">\n\t\t\t\t\t<section class=\"elementor-section elementor-top-section elementor-element elementor-element-4469b59d elementor-section-stretched elementor-section-boxed elementor-section-height-default elementor-section-height-default\" data-id=\"4469b59d\" data-element_type=\"section\" data-e-type=\"section\" data-settings=\"{&quot;background_background&quot;:&quot;classic&quot;,&quot;stretch_section&quot;:&quot;section-stretched&quot;}\">\n\t\t\t\t\t\t\t<div class=\"elementor-background-overlay\"><\/div>\n\t\t\t\t\t\t\t<div class=\"elementor-container elementor-column-gap-default\">\n\t\t\t\t\t<div class=\"elementor-column elementor-col-100 elementor-top-column elementor-element elementor-element-615ea353\" data-id=\"615ea353\" data-element_type=\"column\" data-e-type=\"column\">\n\t\t\t<div class=\"elementor-widget-wrap elementor-element-populated\">\n\t\t\t\t\t\t<div class=\"elementor-element elementor-element-bdb2691 elementor-widget elementor-widget-heading\" data-id=\"bdb2691\" data-element_type=\"widget\" data-e-type=\"widget\" data-widget_type=\"heading.default\">\n\t\t\t\t<div class=\"elementor-widget-container\">\n\t\t\t\t\t<h5 class=\"elementor-heading-title elementor-size-default\">\u0110\u1ecaA \u0110I\u1ec2M<\/h5>\t\t\t\t<\/div>\n\t\t\t\t<\/div>\n\t\t\t\t<div class=\"elementor-element elementor-element-00f74f9 elementor-widget elementor-widget-text-editor\" data-id=\"00f74f9\" data-element_type=\"widget\" data-e-type=\"widget\" data-widget_type=\"text-editor.default\">\n\t\t\t\t<div class=\"elementor-widget-container\">\n\t\t\t\t\t\t\t\t\t<p>Ch\u00fang t\u00f4i c\u00f3 9 c\u01a1 s\u1edf tr\u00ean kh\u1eafp Qu\u1eadn Tulsa cung c\u1ea5p nhi\u1ec1u d\u1ecbch v\u1ee5 kh\u00e1c nhau \u0111\u1ec3 gi\u00fap b\u1ea1n v\u00e0 gia \u0111\u00ecnh lu\u00f4n kh\u1ecfe m\u1ea1nh.<\/p>\t\t\t\t\t\t\t\t<\/div>\n\t\t\t\t<\/div>\n\t\t\t\t<div class=\"elementor-element elementor-element-fd63501 elementor-align-center secondary elementor-widget elementor-widget-button\" data-id=\"fd63501\" data-element_type=\"widget\" data-e-type=\"widget\" data-widget_type=\"button.default\">\n\t\t\t\t<div class=\"elementor-widget-container\">\n\t\t\t\t\t\t\t\t\t<div class=\"elementor-button-wrapper\">\n\t\t\t\t\t<a class=\"elementor-button elementor-button-link elementor-size-sm\" href=\"\/vi\/locations\/\">\n\t\t\t\t\t\t<span class=\"elementor-button-content-wrapper\">\n\t\t\t\t\t\t\t\t\t<span class=\"elementor-button-text\">T\u00ecm c\u1ee7a b\u1ea1n<\/span>\n\t\t\t\t\t<\/span>\n\t\t\t\t\t<\/a>\n\t\t\t\t<\/div>\n\t\t\t\t\t\t\t\t<\/div>\n\t\t\t\t<\/div>\n\t\t\t\t\t<\/div>\n\t\t<\/div>\n\t\t\t\t\t<\/div>\n\t\t<\/section>\n\t\t\t\t<\/div>\n\t\t<\/div>\n\t\t\t\t\t\t<\/div>\n\t\t\t\t<\/div>\n\t\t\t\t\t<\/div>\n\t\t<\/div>\n\t\t\t\t\t<\/div>\n\t\t<\/section>\n\t\t<div class=\"elementor-element elementor-element-e2b889a e-flex e-con-boxed e-con e-parent\" data-id=\"e2b889a\" data-element_type=\"container\" data-e-type=\"container\">\n\t\t\t\t\t<div class=\"e-con-inner\">\n\t\t\t\t\t<\/div>\n\t\t\t\t<\/div>\n\t\t\t\t<\/div>","protected":false},"excerpt":{"rendered":"<p>Environmental Water Lab\u200b Safe and readily available water is important for public health, whether it is used for drinking, domestic use, food production or recreational purposes. \u200b Check Your Water If you have concerns about your public or private water, you may have your water tested for a fee. You must get a bottle from [&hellip;]<\/p>\n","protected":false},"author":1,"featured_media":10016,"parent":2427,"menu_order":0,"comment_status":"closed","ping_status":"closed","template":"elementor_header_footer","meta":{"_acf_changed":false,"footnotes":""},"class_list":["post-2438","page","type-page","status-publish","has-post-thumbnail","hentry"],"acf":[],"yoast_head":"<!-- This site is optimized with the Yoast SEO plugin v27.5 - https:\/\/yoast.com\/product\/yoast-seo-wordpress\/ -->\n<title>Environmental Water Lab - Tulsa Health Department<\/title>\n<meta name=\"description\" content=\"Safe and readily available water is important for public health, whether it is used for drinking, domestic use, food production or recreational purposes. \u200b\" \/>\n<meta name=\"robots\" content=\"index, follow, max-snippet:-1, max-image-preview:large, max-video-preview:-1\" \/>\n<link rel=\"canonical\" href=\"https:\/\/tulsa-health.org\/vi\/permits-inspections\/environmental\/checking-your-water-environmental-water-lab\/\" \/>\n<meta property=\"og:locale\" content=\"vi_VN\" \/>\n<meta property=\"og:type\" content=\"article\" \/>\n<meta property=\"og:title\" content=\"Environmental Water Lab - Tulsa Health Department\" \/>\n<meta property=\"og:description\" content=\"Safe and readily available water is important for public health, whether it is used for drinking, domestic use, food production or recreational purposes. \u200b\" \/>\n<meta property=\"og:url\" content=\"https:\/\/tulsa-health.org\/vi\/permits-inspections\/environmental\/checking-your-water-environmental-water-lab\/\" \/>\n<meta property=\"og:site_name\" content=\"Tulsa Health Department\" \/>\n<meta property=\"article:modified_time\" content=\"2025-06-06T21:14:56+00:00\" \/>\n<meta property=\"og:image\" content=\"https:\/\/tulsa-health.org\/wp-content\/uploads\/2023\/07\/Checking-Your-Water-Lab-8-scaled.jpg\" \/>\n\t<meta property=\"og:image:width\" content=\"2560\" \/>\n\t<meta property=\"og:image:height\" content=\"1707\" \/>\n\t<meta property=\"og:image:type\" content=\"image\/jpeg\" \/>\n<meta name=\"twitter:card\" content=\"summary_large_image\" \/>\n<meta name=\"twitter:label1\" content=\"\u01af\u1edbc t\u00ednh th\u1eddi gian \u0111\u1ecdc\" \/>\n\t<meta name=\"twitter:data1\" content=\"2 ph\u00fat\" \/>\n<script type=\"application\/ld+json\" class=\"yoast-schema-graph\">{\"@context\":\"https:\\\/\\\/schema.org\",\"@graph\":[{\"@type\":\"WebPage\",\"@id\":\"https:\\\/\\\/tulsa-health.org\\\/permits-inspections\\\/environmental\\\/checking-your-water-environmental-water-lab\\\/\",\"url\":\"https:\\\/\\\/tulsa-health.org\\\/permits-inspections\\\/environmental\\\/checking-your-water-environmental-water-lab\\\/\",\"name\":\"Environmental Water Lab - Tulsa Health Department\",\"isPartOf\":{\"@id\":\"https:\\\/\\\/tulsa-health.org\\\/es\\\/#website\"},\"primaryImageOfPage\":{\"@id\":\"https:\\\/\\\/tulsa-health.org\\\/permits-inspections\\\/environmental\\\/checking-your-water-environmental-water-lab\\\/#primaryimage\"},\"image\":{\"@id\":\"https:\\\/\\\/tulsa-health.org\\\/permits-inspections\\\/environmental\\\/checking-your-water-environmental-water-lab\\\/#primaryimage\"},\"thumbnailUrl\":\"https:\\\/\\\/tulsa-health.org\\\/wp-content\\\/uploads\\\/2023\\\/07\\\/Checking-Your-Water-Lab-8-scaled.jpg\",\"datePublished\":\"2023-05-04T23:32:42+00:00\",\"dateModified\":\"2025-06-06T21:14:56+00:00\",\"description\":\"Safe and readily available water is important for public health, whether it is used for drinking, domestic use, food production or recreational purposes. \u200b\",\"breadcrumb\":{\"@id\":\"https:\\\/\\\/tulsa-health.org\\\/permits-inspections\\\/environmental\\\/checking-your-water-environmental-water-lab\\\/#breadcrumb\"},\"inLanguage\":\"vi\",\"potentialAction\":[{\"@type\":\"ReadAction\",\"target\":[\"https:\\\/\\\/tulsa-health.org\\\/permits-inspections\\\/environmental\\\/checking-your-water-environmental-water-lab\\\/\"]}]},{\"@type\":\"ImageObject\",\"inLanguage\":\"vi\",\"@id\":\"https:\\\/\\\/tulsa-health.org\\\/permits-inspections\\\/environmental\\\/checking-your-water-environmental-water-lab\\\/#primaryimage\",\"url\":\"https:\\\/\\\/tulsa-health.org\\\/wp-content\\\/uploads\\\/2023\\\/07\\\/Checking-Your-Water-Lab-8-scaled.jpg\",\"contentUrl\":\"https:\\\/\\\/tulsa-health.org\\\/wp-content\\\/uploads\\\/2023\\\/07\\\/Checking-Your-Water-Lab-8-scaled.jpg\",\"width\":2560,\"height\":1707,\"caption\":\"Checking Your Water Lab\"},{\"@type\":\"BreadcrumbList\",\"@id\":\"https:\\\/\\\/tulsa-health.org\\\/permits-inspections\\\/environmental\\\/checking-your-water-environmental-water-lab\\\/#breadcrumb\",\"itemListElement\":[{\"@type\":\"ListItem\",\"position\":1,\"name\":\"Home\",\"item\":\"https:\\\/\\\/tulsa-health.org\\\/\"},{\"@type\":\"ListItem\",\"position\":2,\"name\":\"Permits &#038; Inspections\",\"item\":\"https:\\\/\\\/tulsa-health.org\\\/permits-inspections\\\/\"},{\"@type\":\"ListItem\",\"position\":3,\"name\":\"Environmental\",\"item\":\"https:\\\/\\\/tulsa-health.org\\\/permits-inspections\\\/environmental\\\/\"},{\"@type\":\"ListItem\",\"position\":4,\"name\":\"Environmental Water Lab\"}]},{\"@type\":\"WebSite\",\"@id\":\"https:\\\/\\\/tulsa-health.org\\\/es\\\/#website\",\"url\":\"https:\\\/\\\/tulsa-health.org\\\/es\\\/\",\"name\":\"Tulsa Health Department\",\"description\":\"Clinical Services, Immunizations, Permits and More | Tulsa Health Department\",\"potentialAction\":[{\"@type\":\"SearchAction\",\"target\":{\"@type\":\"EntryPoint\",\"urlTemplate\":\"https:\\\/\\\/tulsa-health.org\\\/es\\\/?s={search_term_string}\"},\"query-input\":{\"@type\":\"PropertyValueSpecification\",\"valueRequired\":true,\"valueName\":\"search_term_string\"}}],\"inLanguage\":\"vi\"}]}<\/script>\n<!-- \/ Yoast SEO plugin. -->","yoast_head_json":{"title":"Ph\u00f2ng th\u00ed nghi\u1ec7m n\u01b0\u1edbc m\u00f4i tr\u01b0\u1eddng - S\u1edf Y t\u1ebf Tulsa","description":"N\u01b0\u1edbc an to\u00e0n v\u00e0 s\u1eb5n c\u00f3 r\u1ea5t quan tr\u1ecdng \u0111\u1ed1i v\u1edbi s\u1ee9c kh\u1ecfe c\u1ed9ng \u0111\u1ed3ng, cho d\u00f9 n\u00f3 \u0111\u01b0\u1ee3c s\u1eed d\u1ee5ng \u0111\u1ec3 u\u1ed1ng, sinh ho\u1ea1t, s\u1ea3n xu\u1ea5t th\u1ef1c ph\u1ea9m hay m\u1ee5c \u0111\u00edch gi\u1ea3i tr\u00ed.\u200b","robots":{"index":"index","follow":"follow","max-snippet":"max-snippet:-1","max-image-preview":"max-image-preview:large","max-video-preview":"max-video-preview:-1"},"canonical":"https:\/\/tulsa-health.org\/vi\/permits-inspections\/environmental\/checking-your-water-environmental-water-lab\/","og_locale":"vi_VN","og_type":"article","og_title":"Environmental Water Lab - Tulsa Health Department","og_description":"Safe and readily available water is important for public health, whether it is used for drinking, domestic use, food production or recreational purposes. \u200b","og_url":"https:\/\/tulsa-health.org\/vi\/permits-inspections\/environmental\/checking-your-water-environmental-water-lab\/","og_site_name":"Tulsa Health Department","article_modified_time":"2025-06-06T21:14:56+00:00","og_image":[{"width":2560,"height":1707,"url":"https:\/\/tulsa-health.org\/wp-content\/uploads\/2023\/07\/Checking-Your-Water-Lab-8-scaled.jpg","type":"image\/jpeg"}],"twitter_card":"summary_large_image","twitter_misc":{"\u01af\u1edbc t\u00ednh th\u1eddi gian \u0111\u1ecdc":"2 ph\u00fat"},"schema":{"@context":"https:\/\/schema.org","@graph":[{"@type":"WebPage","@id":"https:\/\/tulsa-health.org\/permits-inspections\/environmental\/checking-your-water-environmental-water-lab\/","url":"https:\/\/tulsa-health.org\/permits-inspections\/environmental\/checking-your-water-environmental-water-lab\/","name":"Ph\u00f2ng th\u00ed nghi\u1ec7m n\u01b0\u1edbc m\u00f4i tr\u01b0\u1eddng - S\u1edf Y t\u1ebf Tulsa","isPartOf":{"@id":"https:\/\/tulsa-health.org\/es\/#website"},"primaryImageOfPage":{"@id":"https:\/\/tulsa-health.org\/permits-inspections\/environmental\/checking-your-water-environmental-water-lab\/#primaryimage"},"image":{"@id":"https:\/\/tulsa-health.org\/permits-inspections\/environmental\/checking-your-water-environmental-water-lab\/#primaryimage"},"thumbnailUrl":"https:\/\/tulsa-health.org\/wp-content\/uploads\/2023\/07\/Checking-Your-Water-Lab-8-scaled.jpg","datePublished":"2023-05-04T23:32:42+00:00","dateModified":"2025-06-06T21:14:56+00:00","description":"N\u01b0\u1edbc an to\u00e0n v\u00e0 s\u1eb5n c\u00f3 r\u1ea5t quan tr\u1ecdng \u0111\u1ed1i v\u1edbi s\u1ee9c kh\u1ecfe c\u1ed9ng \u0111\u1ed3ng, cho d\u00f9 n\u00f3 \u0111\u01b0\u1ee3c s\u1eed d\u1ee5ng \u0111\u1ec3 u\u1ed1ng, sinh ho\u1ea1t, s\u1ea3n xu\u1ea5t th\u1ef1c ph\u1ea9m hay m\u1ee5c \u0111\u00edch gi\u1ea3i tr\u00ed.\u200b","breadcrumb":{"@id":"https:\/\/tulsa-health.org\/permits-inspections\/environmental\/checking-your-water-environmental-water-lab\/#breadcrumb"},"inLanguage":"vi","potentialAction":[{"@type":"ReadAction","target":["https:\/\/tulsa-health.org\/permits-inspections\/environmental\/checking-your-water-environmental-water-lab\/"]}]},{"@type":"ImageObject","inLanguage":"vi","@id":"https:\/\/tulsa-health.org\/permits-inspections\/environmental\/checking-your-water-environmental-water-lab\/#primaryimage","url":"https:\/\/tulsa-health.org\/wp-content\/uploads\/2023\/07\/Checking-Your-Water-Lab-8-scaled.jpg","contentUrl":"https:\/\/tulsa-health.org\/wp-content\/uploads\/2023\/07\/Checking-Your-Water-Lab-8-scaled.jpg","width":2560,"height":1707,"caption":"Checking Your Water Lab"},{"@type":"BreadcrumbList","@id":"https:\/\/tulsa-health.org\/permits-inspections\/environmental\/checking-your-water-environmental-water-lab\/#breadcrumb","itemListElement":[{"@type":"ListItem","position":1,"name":"Home","item":"https:\/\/tulsa-health.org\/"},{"@type":"ListItem","position":2,"name":"Permits &#038; Inspections","item":"https:\/\/tulsa-health.org\/permits-inspections\/"},{"@type":"ListItem","position":3,"name":"Environmental","item":"https:\/\/tulsa-health.org\/permits-inspections\/environmental\/"},{"@type":"ListItem","position":4,"name":"Environmental Water Lab"}]},{"@type":"WebSite","@id":"https:\/\/tulsa-health.org\/es\/#website","url":"https:\/\/tulsa-health.org\/es\/","name":"S\u1edf Y t\u1ebf Tulsa","description":"D\u1ecbch v\u1ee5 l\u00e2m s\u00e0ng, ti\u00eam ch\u1ee7ng, gi\u1ea5y ph\u00e9p v\u00e0 nhi\u1ec1u h\u01a1n n\u1eefa | S\u1edf Y t\u1ebf Tulsa","potentialAction":[{"@type":"SearchAction","target":{"@type":"EntryPoint","urlTemplate":"https:\/\/tulsa-health.org\/es\/?s={search_term_string}"},"query-input":{"@type":"PropertyValueSpecification","valueRequired":true,"valueName":"search_term_string"}}],"inLanguage":"vi"}]}},"publishpress_future_workflow_manual_trigger":{"enabledWorkflows":[]},"_links":{"self":[{"href":"http:\/\/tulsa-health.org\/vi\/wp-json\/wp\/v2\/pages\/2438","targetHints":{"allow":["GET"]}}],"collection":[{"href":"http:\/\/tulsa-health.org\/vi\/wp-json\/wp\/v2\/pages"}],"about":[{"href":"http:\/\/tulsa-health.org\/vi\/wp-json\/wp\/v2\/types\/page"}],"author":[{"embeddable":true,"href":"http:\/\/tulsa-health.org\/vi\/wp-json\/wp\/v2\/users\/1"}],"replies":[{"embeddable":true,"href":"http:\/\/tulsa-health.org\/vi\/wp-json\/wp\/v2\/comments?post=2438"}],"version-history":[{"count":3,"href":"http:\/\/tulsa-health.org\/vi\/wp-json\/wp\/v2\/pages\/2438\/revisions"}],"predecessor-version":[{"id":22451,"href":"http:\/\/tulsa-health.org\/vi\/wp-json\/wp\/v2\/pages\/2438\/revisions\/22451"}],"up":[{"embeddable":true,"href":"http:\/\/tulsa-health.org\/vi\/wp-json\/wp\/v2\/pages\/2427"}],"wp:featuredmedia":[{"embeddable":true,"href":"http:\/\/tulsa-health.org\/vi\/wp-json\/wp\/v2\/media\/10016"}],"wp:attachment":[{"href":"http:\/\/tulsa-health.org\/vi\/wp-json\/wp\/v2\/media?parent=2438"}],"curies":[{"name":"wp","href":"https:\/\/api.w.org\/{rel}","templated":true}]}}