{"id":2806,"date":"2023-05-05T16:19:34","date_gmt":"2023-05-05T21:19:34","guid":{"rendered":"https:\/\/test.tulsa-health.org\/?page_id=2806"},"modified":"2023-12-20T15:52:19","modified_gmt":"2023-12-20T21:52:19","slug":"eligibility-of-services","status":"publish","type":"page","link":"http:\/\/tulsa-health.org\/vi\/about-us\/eligibility-of-services\/","title":{"rendered":"T\u00ednh \u0111\u1ee7 \u0111i\u1ec1u ki\u1ec7n c\u1ee7a d\u1ecbch v\u1ee5"},"content":{"rendered":"<div data-elementor-type=\"wp-page\" data-elementor-id=\"2806\" class=\"elementor elementor-2806\" data-elementor-post-type=\"page\">\n\t\t\t\t\t\t<section class=\"elementor-section elementor-top-section elementor-element elementor-element-9116ad7 elementor-section-full_width elementor-section-height-min-height elementor-section-height-default elementor-section-items-middle\" data-id=\"9116ad7\" data-element_type=\"section\" data-e-type=\"section\" data-settings=\"{&quot;background_background&quot;:&quot;classic&quot;}\">\n\t\t\t\t\t\t<div class=\"elementor-container elementor-column-gap-no\">\n\t\t\t\t\t<div class=\"elementor-column elementor-col-100 elementor-top-column elementor-element elementor-element-3ba4f58\" data-id=\"3ba4f58\" data-element_type=\"column\" data-e-type=\"column\">\n\t\t\t<div class=\"elementor-widget-wrap\">\n\t\t\t\t\t\t\t<\/div>\n\t\t<\/div>\n\t\t\t\t\t<\/div>\n\t\t<\/section>\n\t\t\t\t<section class=\"elementor-section elementor-top-section elementor-element elementor-element-ee7d3c5 elementor-section-boxed elementor-section-height-default elementor-section-height-default\" data-id=\"ee7d3c5\" data-element_type=\"section\" data-e-type=\"section\" data-settings=\"{&quot;background_background&quot;:&quot;classic&quot;}\">\n\t\t\t\t\t\t<div class=\"elementor-container elementor-column-gap-default\">\n\t\t\t\t\t<div class=\"elementor-column elementor-col-100 elementor-top-column elementor-element elementor-element-fe71641\" data-id=\"fe71641\" data-element_type=\"column\" data-e-type=\"column\">\n\t\t\t<div class=\"elementor-widget-wrap elementor-element-populated\">\n\t\t\t\t\t\t<div class=\"elementor-element elementor-element-1dc5156 elementor-widget elementor-widget-heading\" data-id=\"1dc5156\" data-element_type=\"widget\" data-e-type=\"widget\" data-widget_type=\"heading.default\">\n\t\t\t\t<div class=\"elementor-widget-container\">\n\t\t\t\t\t<h1 class=\"elementor-heading-title elementor-size-default\">\u0110I\u1ec0U KI\u1ec6N D\u1ecaCH V\u1ee4<\/h1>\t\t\t\t<\/div>\n\t\t\t\t<\/div>\n\t\t\t\t\t<\/div>\n\t\t<\/div>\n\t\t\t\t\t<\/div>\n\t\t<\/section>\n\t\t\t\t<section class=\"elementor-section elementor-top-section elementor-element elementor-element-0ff6758 elementor-section-boxed elementor-section-height-default elementor-section-height-default\" data-id=\"0ff6758\" data-element_type=\"section\" data-e-type=\"section\" data-settings=\"{&quot;background_background&quot;:&quot;classic&quot;}\">\n\t\t\t\t\t\t<div class=\"elementor-container elementor-column-gap-default\">\n\t\t\t\t\t<div class=\"elementor-column elementor-col-100 elementor-top-column elementor-element elementor-element-38edff8\" data-id=\"38edff8\" data-element_type=\"column\" data-e-type=\"column\">\n\t\t\t<div class=\"elementor-widget-wrap elementor-element-populated\">\n\t\t\t\t\t\t<div class=\"elementor-element elementor-element-13ed7a2 elementor-widget elementor-widget-text-editor\" data-id=\"13ed7a2\" data-element_type=\"widget\" data-e-type=\"widget\" data-widget_type=\"text-editor.default\">\n\t\t\t\t<div class=\"elementor-widget-container\">\n\t\t\t\t\t\t\t\t\t<p>M\u1ed9t ph\u1ea7n s\u1ee9 m\u1ec7nh c\u1ee7a ch\u00fang t\u00f4i t\u1ea1i THD l\u00e0 \u0111\u1ea3m b\u1ea3o r\u1eb1ng c\u00e1c d\u1ecbch v\u1ee5 c\u1ee7a ch\u00fang t\u00f4i \u0111\u01b0\u1ee3c cung c\u1ea5p v\u1edbi s\u1ef1 t\u00f4n tr\u1ecdng d\u00e0nh cho m\u1ecdi ng\u01b0\u1eddi \u1edf Qu\u1eadn Tulsa. V\u00ec l\u00fd do n\u00e0y, ch\u00fang t\u00f4i hoan ngh\u00eanh t\u1ea5t c\u1ea3 c\u01b0 d\u00e2n Qu\u1eadn Tulsa v\u00e0 l\u00e0m vi\u1ec7c ch\u0103m ch\u1ec9 \u0111\u1ec3 cung c\u1ea5p d\u1ecbch v\u1ee5 v\u00e0 ch\u0103m s\u00f3c xu\u1ea5t s\u1eafc v\u1edbi chi ph\u00ed t\u1ed1i thi\u1ec3u. Vui l\u00f2ng h\u1ecfi v\u1ec1 c\u00e1c ph\u00f2ng kh\u00e1m v\u00e0 d\u1ecbch v\u1ee5 c\u1ee5 th\u1ec3. B\u1ea1n s\u1ebd t\u00ecm th\u1ea5y nhi\u1ec1u d\u1ecbch v\u1ee5 c\u00f3 s\u1eb5n tr\u00ean c\u01a1 s\u1edf t\u00ednh ph\u00ed theo thang tr\u01b0\u1ee3t, t\u00f9y theo thu nh\u1eadp. C\u00e1c d\u1ecbch v\u1ee5 kh\u00e1c \u0111\u01b0\u1ee3c cung c\u1ea5p v\u1edbi m\u1ed9t kho\u1ea3n ph\u00ed c\u1ed1 \u0111\u1ecbnh; m\u1ed9t s\u1ed1 d\u1ecbch v\u1ee5 v\u00e0 ho\u1ea1t \u0111\u1ed9ng THD \u0111\u01b0\u1ee3c cung c\u1ea5p mi\u1ec5n ph\u00ed. Vui l\u00f2ng g\u1ecdi \u0111\u1ec3 bi\u1ebft th\u00eam th\u00f4ng tin\u00a0<a href=\"\/vi\/\u0111i\u1ec7n tho\u1ea1i: 9185829355\/\">582-WELL (9355)<\/a>.<\/p>\t\t\t\t\t\t\t\t<\/div>\n\t\t\t\t<\/div>\n\t\t\t\t\t<\/div>\n\t\t<\/div>\n\t\t\t\t\t<\/div>\n\t\t<\/section>\n\t\t\t\t<section class=\"elementor-section elementor-top-section elementor-element elementor-element-fb48824 elementor-section-full_width elementor-section-height-default elementor-section-height-default\" data-id=\"fb48824\" data-element_type=\"section\" data-e-type=\"section\">\n\t\t\t\t\t\t<div class=\"elementor-container elementor-column-gap-default\">\n\t\t\t\t\t<div class=\"elementor-column elementor-col-100 elementor-top-column elementor-element elementor-element-7ab2c10\" data-id=\"7ab2c10\" data-element_type=\"column\" data-e-type=\"column\">\n\t\t\t<div class=\"elementor-widget-wrap elementor-element-populated\">\n\t\t\t\t\t\t<div class=\"elementor-element elementor-element-91ab242 elementor-widget elementor-widget-shortcode\" data-id=\"91ab242\" data-element_type=\"widget\" data-e-type=\"widget\" data-widget_type=\"shortcode.default\">\n\t\t\t\t<div class=\"elementor-widget-container\">\n\t\t\t\t\t\t\t<div class=\"elementor-shortcode\">\t\t<div data-elementor-type=\"section\" data-elementor-id=\"4934\" class=\"elementor elementor-4934\" data-elementor-post-type=\"elementor_library\">\n\t\t\t\t\t<section class=\"elementor-section elementor-top-section elementor-element elementor-element-4469b59d elementor-section-stretched elementor-section-boxed elementor-section-height-default elementor-section-height-default\" data-id=\"4469b59d\" data-element_type=\"section\" data-e-type=\"section\" data-settings=\"{&quot;background_background&quot;:&quot;classic&quot;,&quot;stretch_section&quot;:&quot;section-stretched&quot;}\">\n\t\t\t\t\t\t\t<div class=\"elementor-background-overlay\"><\/div>\n\t\t\t\t\t\t\t<div class=\"elementor-container elementor-column-gap-default\">\n\t\t\t\t\t<div class=\"elementor-column elementor-col-100 elementor-top-column elementor-element elementor-element-615ea353\" data-id=\"615ea353\" data-element_type=\"column\" data-e-type=\"column\">\n\t\t\t<div class=\"elementor-widget-wrap elementor-element-populated\">\n\t\t\t\t\t\t<div class=\"elementor-element elementor-element-bdb2691 elementor-widget elementor-widget-heading\" data-id=\"bdb2691\" data-element_type=\"widget\" data-e-type=\"widget\" data-widget_type=\"heading.default\">\n\t\t\t\t<div class=\"elementor-widget-container\">\n\t\t\t\t\t<h5 class=\"elementor-heading-title elementor-size-default\">\u0110\u1ecaA \u0110I\u1ec2M<\/h5>\t\t\t\t<\/div>\n\t\t\t\t<\/div>\n\t\t\t\t<div class=\"elementor-element elementor-element-00f74f9 elementor-widget elementor-widget-text-editor\" data-id=\"00f74f9\" data-element_type=\"widget\" data-e-type=\"widget\" data-widget_type=\"text-editor.default\">\n\t\t\t\t<div class=\"elementor-widget-container\">\n\t\t\t\t\t\t\t\t\t<p>Ch\u00fang t\u00f4i c\u00f3 9 c\u01a1 s\u1edf tr\u00ean kh\u1eafp Qu\u1eadn Tulsa cung c\u1ea5p nhi\u1ec1u d\u1ecbch v\u1ee5 kh\u00e1c nhau \u0111\u1ec3 gi\u00fap b\u1ea1n v\u00e0 gia \u0111\u00ecnh lu\u00f4n kh\u1ecfe m\u1ea1nh.<\/p>\t\t\t\t\t\t\t\t<\/div>\n\t\t\t\t<\/div>\n\t\t\t\t<div class=\"elementor-element elementor-element-fd63501 elementor-align-center secondary elementor-widget elementor-widget-button\" data-id=\"fd63501\" data-element_type=\"widget\" data-e-type=\"widget\" data-widget_type=\"button.default\">\n\t\t\t\t<div class=\"elementor-widget-container\">\n\t\t\t\t\t\t\t\t\t<div class=\"elementor-button-wrapper\">\n\t\t\t\t\t<a class=\"elementor-button elementor-button-link elementor-size-sm\" href=\"\/vi\/locations\/\">\n\t\t\t\t\t\t<span class=\"elementor-button-content-wrapper\">\n\t\t\t\t\t\t\t\t\t<span class=\"elementor-button-text\">T\u00ecm c\u1ee7a b\u1ea1n<\/span>\n\t\t\t\t\t<\/span>\n\t\t\t\t\t<\/a>\n\t\t\t\t<\/div>\n\t\t\t\t\t\t\t\t<\/div>\n\t\t\t\t<\/div>\n\t\t\t\t\t<\/div>\n\t\t<\/div>\n\t\t\t\t\t<\/div>\n\t\t<\/section>\n\t\t\t\t<\/div>\n\t\t<\/div>\n\t\t\t\t\t\t<\/div>\n\t\t\t\t<\/div>\n\t\t\t\t\t<\/div>\n\t\t<\/div>\n\t\t\t\t\t<\/div>\n\t\t<\/section>\n\t\t\t\t<\/div>","protected":false},"excerpt":{"rendered":"<p>ELIGIBILITY OF SERVICES\u200b Part of our mission at THD is to see that our services are delivered with respect for every person in Tulsa County. For this reason, we welcome all Tulsa County residents and work hard to deliver excellent care and services at minimal costs. Please inquire about specific clinics and services. You&#8217;ll find [&hellip;]<\/p>\n","protected":false},"author":1,"featured_media":458,"parent":719,"menu_order":0,"comment_status":"closed","ping_status":"closed","template":"elementor_header_footer","meta":{"_acf_changed":false,"footnotes":""},"class_list":["post-2806","page","type-page","status-publish","has-post-thumbnail","hentry"],"acf":[],"yoast_head":"<!-- This site is optimized with the Yoast SEO plugin v27.5 - https:\/\/yoast.com\/product\/yoast-seo-wordpress\/ -->\n<title>Eligibility Of Services - Tulsa Health Department<\/title>\n<meta name=\"description\" content=\"Part of our mission at THD is to see that our services are delivered with respect for every person in Tulsa County.\" \/>\n<meta name=\"robots\" content=\"index, follow, max-snippet:-1, max-image-preview:large, max-video-preview:-1\" \/>\n<link rel=\"canonical\" href=\"https:\/\/tulsa-health.org\/vi\/about-us\/eligibility-of-services\/\" \/>\n<meta property=\"og:locale\" content=\"vi_VN\" \/>\n<meta property=\"og:type\" content=\"article\" \/>\n<meta property=\"og:title\" content=\"Eligibility Of Services - Tulsa Health Department\" \/>\n<meta property=\"og:description\" content=\"Part of our mission at THD is to see that our services are delivered with respect for every person in Tulsa County.\" \/>\n<meta property=\"og:url\" content=\"https:\/\/tulsa-health.org\/vi\/about-us\/eligibility-of-services\/\" \/>\n<meta property=\"og:site_name\" content=\"Tulsa Health Department\" \/>\n<meta property=\"article:modified_time\" content=\"2023-12-20T21:52:19+00:00\" \/>\n<meta property=\"og:image\" content=\"https:\/\/tulsa-health.org\/wp-content\/uploads\/2022\/09\/vlcsnap-2019-12-16-15h27m23s612-1-1-1024x576.png\" \/>\n\t<meta property=\"og:image:width\" content=\"1024\" \/>\n\t<meta property=\"og:image:height\" content=\"576\" \/>\n\t<meta property=\"og:image:type\" content=\"image\/png\" \/>\n<meta name=\"twitter:card\" content=\"summary_large_image\" \/>\n<meta name=\"twitter:label1\" content=\"\u01af\u1edbc t\u00ednh th\u1eddi gian \u0111\u1ecdc\" \/>\n\t<meta name=\"twitter:data1\" content=\"1 ph\u00fat\" \/>\n<script type=\"application\/ld+json\" class=\"yoast-schema-graph\">{\"@context\":\"https:\\\/\\\/schema.org\",\"@graph\":[{\"@type\":\"WebPage\",\"@id\":\"https:\\\/\\\/tulsa-health.org\\\/about-us\\\/eligibility-of-services\\\/\",\"url\":\"https:\\\/\\\/tulsa-health.org\\\/about-us\\\/eligibility-of-services\\\/\",\"name\":\"Eligibility Of Services - Tulsa Health Department\",\"isPartOf\":{\"@id\":\"https:\\\/\\\/tulsa-health.org\\\/es\\\/#website\"},\"primaryImageOfPage\":{\"@id\":\"https:\\\/\\\/tulsa-health.org\\\/about-us\\\/eligibility-of-services\\\/#primaryimage\"},\"image\":{\"@id\":\"https:\\\/\\\/tulsa-health.org\\\/about-us\\\/eligibility-of-services\\\/#primaryimage\"},\"thumbnailUrl\":\"https:\\\/\\\/tulsa-health.org\\\/wp-content\\\/uploads\\\/2022\\\/09\\\/vlcsnap-2019-12-16-15h27m23s612-1-1.png\",\"datePublished\":\"2023-05-05T21:19:34+00:00\",\"dateModified\":\"2023-12-20T21:52:19+00:00\",\"description\":\"Part of our mission at THD is to see that our services are delivered with respect for every person in Tulsa County.\",\"breadcrumb\":{\"@id\":\"https:\\\/\\\/tulsa-health.org\\\/about-us\\\/eligibility-of-services\\\/#breadcrumb\"},\"inLanguage\":\"vi\",\"potentialAction\":[{\"@type\":\"ReadAction\",\"target\":[\"https:\\\/\\\/tulsa-health.org\\\/about-us\\\/eligibility-of-services\\\/\"]}]},{\"@type\":\"ImageObject\",\"inLanguage\":\"vi\",\"@id\":\"https:\\\/\\\/tulsa-health.org\\\/about-us\\\/eligibility-of-services\\\/#primaryimage\",\"url\":\"https:\\\/\\\/tulsa-health.org\\\/wp-content\\\/uploads\\\/2022\\\/09\\\/vlcsnap-2019-12-16-15h27m23s612-1-1.png\",\"contentUrl\":\"https:\\\/\\\/tulsa-health.org\\\/wp-content\\\/uploads\\\/2022\\\/09\\\/vlcsnap-2019-12-16-15h27m23s612-1-1.png\",\"width\":1920,\"height\":1080,\"caption\":\"Tulsa-Health Department\"},{\"@type\":\"BreadcrumbList\",\"@id\":\"https:\\\/\\\/tulsa-health.org\\\/about-us\\\/eligibility-of-services\\\/#breadcrumb\",\"itemListElement\":[{\"@type\":\"ListItem\",\"position\":1,\"name\":\"Home\",\"item\":\"https:\\\/\\\/tulsa-health.org\\\/\"},{\"@type\":\"ListItem\",\"position\":2,\"name\":\"About Us\",\"item\":\"https:\\\/\\\/tulsa-health.org\\\/about-us\\\/\"},{\"@type\":\"ListItem\",\"position\":3,\"name\":\"Eligibility Of Services\"}]},{\"@type\":\"WebSite\",\"@id\":\"https:\\\/\\\/tulsa-health.org\\\/es\\\/#website\",\"url\":\"https:\\\/\\\/tulsa-health.org\\\/es\\\/\",\"name\":\"Tulsa Health Department\",\"description\":\"Clinical Services, Immunizations, Permits and More | Tulsa Health Department\",\"potentialAction\":[{\"@type\":\"SearchAction\",\"target\":{\"@type\":\"EntryPoint\",\"urlTemplate\":\"https:\\\/\\\/tulsa-health.org\\\/es\\\/?s={search_term_string}\"},\"query-input\":{\"@type\":\"PropertyValueSpecification\",\"valueRequired\":true,\"valueName\":\"search_term_string\"}}],\"inLanguage\":\"vi\"}]}<\/script>\n<!-- \/ Yoast SEO plugin. -->","yoast_head_json":{"title":"\u0110i\u1ec1u ki\u1ec7n nh\u1eadn d\u1ecbch v\u1ee5 - S\u1edf Y t\u1ebf Tulsa","description":"M\u1ed9t ph\u1ea7n s\u1ee9 m\u1ec7nh c\u1ee7a ch\u00fang t\u00f4i t\u1ea1i THD l\u00e0 \u0111\u1ea3m b\u1ea3o c\u00e1c d\u1ecbch v\u1ee5 \u0111\u01b0\u1ee3c cung c\u1ea5p v\u1edbi s\u1ef1 t\u00f4n tr\u1ecdng d\u00e0nh cho m\u1ecdi ng\u01b0\u1eddi d\u00e2n \u1edf Qu\u1eadn Tulsa.","robots":{"index":"index","follow":"follow","max-snippet":"max-snippet:-1","max-image-preview":"max-image-preview:large","max-video-preview":"max-video-preview:-1"},"canonical":"https:\/\/tulsa-health.org\/vi\/about-us\/eligibility-of-services\/","og_locale":"vi_VN","og_type":"article","og_title":"Eligibility Of Services - Tulsa Health Department","og_description":"Part of our mission at THD is to see that our services are delivered with respect for every person in Tulsa County.","og_url":"https:\/\/tulsa-health.org\/vi\/about-us\/eligibility-of-services\/","og_site_name":"Tulsa Health Department","article_modified_time":"2023-12-20T21:52:19+00:00","og_image":[{"width":1024,"height":576,"url":"https:\/\/tulsa-health.org\/wp-content\/uploads\/2022\/09\/vlcsnap-2019-12-16-15h27m23s612-1-1-1024x576.png","type":"image\/png"}],"twitter_card":"summary_large_image","twitter_misc":{"\u01af\u1edbc t\u00ednh th\u1eddi gian \u0111\u1ecdc":"1 ph\u00fat"},"schema":{"@context":"https:\/\/schema.org","@graph":[{"@type":"WebPage","@id":"https:\/\/tulsa-health.org\/about-us\/eligibility-of-services\/","url":"https:\/\/tulsa-health.org\/about-us\/eligibility-of-services\/","name":"\u0110i\u1ec1u ki\u1ec7n nh\u1eadn d\u1ecbch v\u1ee5 - S\u1edf Y t\u1ebf Tulsa","isPartOf":{"@id":"https:\/\/tulsa-health.org\/es\/#website"},"primaryImageOfPage":{"@id":"https:\/\/tulsa-health.org\/about-us\/eligibility-of-services\/#primaryimage"},"image":{"@id":"https:\/\/tulsa-health.org\/about-us\/eligibility-of-services\/#primaryimage"},"thumbnailUrl":"https:\/\/tulsa-health.org\/wp-content\/uploads\/2022\/09\/vlcsnap-2019-12-16-15h27m23s612-1-1.png","datePublished":"2023-05-05T21:19:34+00:00","dateModified":"2023-12-20T21:52:19+00:00","description":"M\u1ed9t ph\u1ea7n s\u1ee9 m\u1ec7nh c\u1ee7a ch\u00fang t\u00f4i t\u1ea1i THD l\u00e0 \u0111\u1ea3m b\u1ea3o c\u00e1c d\u1ecbch v\u1ee5 \u0111\u01b0\u1ee3c cung c\u1ea5p v\u1edbi s\u1ef1 t\u00f4n tr\u1ecdng d\u00e0nh cho m\u1ecdi ng\u01b0\u1eddi d\u00e2n \u1edf Qu\u1eadn Tulsa.","breadcrumb":{"@id":"https:\/\/tulsa-health.org\/about-us\/eligibility-of-services\/#breadcrumb"},"inLanguage":"vi","potentialAction":[{"@type":"ReadAction","target":["https:\/\/tulsa-health.org\/about-us\/eligibility-of-services\/"]}]},{"@type":"ImageObject","inLanguage":"vi","@id":"https:\/\/tulsa-health.org\/about-us\/eligibility-of-services\/#primaryimage","url":"https:\/\/tulsa-health.org\/wp-content\/uploads\/2022\/09\/vlcsnap-2019-12-16-15h27m23s612-1-1.png","contentUrl":"https:\/\/tulsa-health.org\/wp-content\/uploads\/2022\/09\/vlcsnap-2019-12-16-15h27m23s612-1-1.png","width":1920,"height":1080,"caption":"Tulsa-Health Department"},{"@type":"BreadcrumbList","@id":"https:\/\/tulsa-health.org\/about-us\/eligibility-of-services\/#breadcrumb","itemListElement":[{"@type":"ListItem","position":1,"name":"Home","item":"https:\/\/tulsa-health.org\/"},{"@type":"ListItem","position":2,"name":"About Us","item":"https:\/\/tulsa-health.org\/about-us\/"},{"@type":"ListItem","position":3,"name":"Eligibility Of Services"}]},{"@type":"WebSite","@id":"https:\/\/tulsa-health.org\/es\/#website","url":"https:\/\/tulsa-health.org\/es\/","name":"S\u1edf Y t\u1ebf Tulsa","description":"D\u1ecbch v\u1ee5 l\u00e2m s\u00e0ng, ti\u00eam ch\u1ee7ng, gi\u1ea5y ph\u00e9p v\u00e0 nhi\u1ec1u h\u01a1n n\u1eefa | S\u1edf Y t\u1ebf Tulsa","potentialAction":[{"@type":"SearchAction","target":{"@type":"EntryPoint","urlTemplate":"https:\/\/tulsa-health.org\/es\/?s={search_term_string}"},"query-input":{"@type":"PropertyValueSpecification","valueRequired":true,"valueName":"search_term_string"}}],"inLanguage":"vi"}]}},"publishpress_future_workflow_manual_trigger":{"enabledWorkflows":[]},"_links":{"self":[{"href":"http:\/\/tulsa-health.org\/vi\/wp-json\/wp\/v2\/pages\/2806","targetHints":{"allow":["GET"]}}],"collection":[{"href":"http:\/\/tulsa-health.org\/vi\/wp-json\/wp\/v2\/pages"}],"about":[{"href":"http:\/\/tulsa-health.org\/vi\/wp-json\/wp\/v2\/types\/page"}],"author":[{"embeddable":true,"href":"http:\/\/tulsa-health.org\/vi\/wp-json\/wp\/v2\/users\/1"}],"replies":[{"embeddable":true,"href":"http:\/\/tulsa-health.org\/vi\/wp-json\/wp\/v2\/comments?post=2806"}],"version-history":[{"count":0,"href":"http:\/\/tulsa-health.org\/vi\/wp-json\/wp\/v2\/pages\/2806\/revisions"}],"up":[{"embeddable":true,"href":"http:\/\/tulsa-health.org\/vi\/wp-json\/wp\/v2\/pages\/719"}],"wp:featuredmedia":[{"embeddable":true,"href":"http:\/\/tulsa-health.org\/vi\/wp-json\/wp\/v2\/media\/458"}],"wp:attachment":[{"href":"http:\/\/tulsa-health.org\/vi\/wp-json\/wp\/v2\/media?parent=2806"}],"curies":[{"name":"wp","href":"https:\/\/api.w.org\/{rel}","templated":true}]}}