{"id":12626,"date":"2023-08-28T13:31:07","date_gmt":"2023-08-28T18:31:07","guid":{"rendered":"https:\/\/test-tulsa-health.com\/?page_id=12626"},"modified":"2024-08-13T16:48:17","modified_gmt":"2024-08-13T21:48:17","slug":"tulsa-county-covid-19-data","status":"publish","type":"page","link":"https:\/\/tulsa-health.org\/de\/services\/family-health-services\/illness-and-disease\/coronavirus-disease-2019\/tulsa-county-covid-19-data\/","title":{"rendered":"COVID-19-Daten von Tulsa County"},"content":{"rendered":"<div data-elementor-type=\"wp-page\" data-elementor-id=\"12626\" class=\"elementor elementor-12626\" data-elementor-post-type=\"page\">\n\t\t\t\t\t\t<section class=\"elementor-section elementor-top-section elementor-element elementor-element-0c38d37 elementor-section-full_width elementor-section-height-min-height elementor-section-height-default elementor-section-items-middle\" data-id=\"0c38d37\" data-element_type=\"section\" data-e-type=\"section\" data-settings=\"{&quot;background_background&quot;:&quot;classic&quot;}\">\n\t\t\t\t\t\t<div class=\"elementor-container elementor-column-gap-no\">\n\t\t\t\t\t<div class=\"elementor-column elementor-col-100 elementor-top-column elementor-element elementor-element-82e392f\" data-id=\"82e392f\" data-element_type=\"column\" data-e-type=\"column\">\n\t\t\t<div class=\"elementor-widget-wrap\">\n\t\t\t\t\t\t\t<\/div>\n\t\t<\/div>\n\t\t\t\t\t<\/div>\n\t\t<\/section>\n\t\t\t\t<section class=\"elementor-section elementor-top-section elementor-element elementor-element-2476b6d elementor-section-boxed elementor-section-height-default elementor-section-height-default\" data-id=\"2476b6d\" data-element_type=\"section\" data-e-type=\"section\" data-settings=\"{&quot;background_background&quot;:&quot;classic&quot;}\">\n\t\t\t\t\t\t<div class=\"elementor-container elementor-column-gap-default\">\n\t\t\t\t\t<div class=\"elementor-column elementor-col-100 elementor-top-column elementor-element elementor-element-678bc06\" data-id=\"678bc06\" data-element_type=\"column\" data-e-type=\"column\">\n\t\t\t<div class=\"elementor-widget-wrap elementor-element-populated\">\n\t\t\t\t\t\t<div class=\"elementor-element elementor-element-cd3af11 elementor-widget elementor-widget-heading\" data-id=\"cd3af11\" data-element_type=\"widget\" data-e-type=\"widget\" data-widget_type=\"heading.default\">\n\t\t\t\t<div class=\"elementor-widget-container\">\n\t\t\t\t\t<h1 class=\"elementor-heading-title elementor-size-default\">COVID-19-Daten von Tulsa County<\/h1>\t\t\t\t<\/div>\n\t\t\t\t<\/div>\n\t\t\t\t<div class=\"elementor-element elementor-element-ccf262c elementor-widget elementor-widget-text-editor\" data-id=\"ccf262c\" data-element_type=\"widget\" data-e-type=\"widget\" data-widget_type=\"text-editor.default\">\n\t\t\t\t<div class=\"elementor-widget-container\">\n\t\t\t\t\t\t\t\t\t<p>Das Gesundheitsministerium von Tulsa ist der Transparenz verpflichtet. Sehen Sie sich aktuelle Abwasserdaten im Zusammenhang mit COVID-19 und historische Falldaten in einem leicht verst\u00e4ndlichen Format an.<\/p>\t\t\t\t\t\t\t\t<\/div>\n\t\t\t\t<\/div>\n\t\t\t\t\t<\/div>\n\t\t<\/div>\n\t\t\t\t\t<\/div>\n\t\t<\/section>\n\t\t\t\t<section class=\"elementor-section elementor-top-section elementor-element elementor-element-1bd1362 elementor-section-boxed elementor-section-height-default elementor-section-height-default\" data-id=\"1bd1362\" data-element_type=\"section\" data-e-type=\"section\" data-settings=\"{&quot;background_background&quot;:&quot;classic&quot;}\">\n\t\t\t\t\t\t<div class=\"elementor-container elementor-column-gap-default\">\n\t\t\t\t\t<div class=\"elementor-column elementor-col-100 elementor-top-column elementor-element elementor-element-38ab7f4\" data-id=\"38ab7f4\" data-element_type=\"column\" data-e-type=\"column\">\n\t\t\t<div class=\"elementor-widget-wrap elementor-element-populated\">\n\t\t\t\t\t\t<div class=\"elementor-element elementor-element-38b3395 elementor-widget elementor-widget-text-editor\" data-id=\"38b3395\" data-element_type=\"widget\" data-e-type=\"widget\" data-widget_type=\"text-editor.default\">\n\t\t\t\t<div class=\"elementor-widget-container\">\n\t\t\t\t\t\t\t\t\t<h2>SARS-CoV-2 im Abwasser<\/h2><p>Das Gesundheitsamt von Tulsa hat mit der Stadt Tulsa und der University of Oklahoma ein Abwasser\u00fcberwachungsprogramm entwickelt. Diese Bem\u00fchungen werden teilweise von der Rockefeller Foundation finanziert. Diese Karte wird dienstags und freitags aktualisiert. Wenn Sie Fragen haben, senden Sie bitte eine E-Mail <a href=\"mailto:outreach@OKH2O.org\">outreach@OKH2O.org<\/a><\/p>\t\t\t\t\t\t\t\t<\/div>\n\t\t\t\t<\/div>\n\t\t\t\t<div class=\"elementor-element elementor-element-8bc1509 elementor-widget elementor-widget-template\" data-id=\"8bc1509\" data-element_type=\"widget\" data-e-type=\"widget\" data-widget_type=\"template.default\">\n\t\t\t\t<div class=\"elementor-widget-container\">\n\t\t\t\t\t\t\t<div class=\"elementor-template\">\n\t\t\t\t\t<div data-elementor-type=\"container\" data-elementor-id=\"20672\" class=\"elementor elementor-20672\" data-elementor-post-type=\"elementor_library\">\n\t\t\t\t<div class=\"elementor-element elementor-element-59fc28d e-con-full e-flex e-con e-parent\" data-id=\"59fc28d\" data-element_type=\"container\" data-e-type=\"container\">\n\t\t\t\t<div class=\"elementor-element elementor-element-4b53bcc elementor-widget elementor-widget-html\" data-id=\"4b53bcc\" data-element_type=\"widget\" data-e-type=\"widget\" data-widget_type=\"html.default\">\n\t\t\t\t<div class=\"elementor-widget-container\">\n\t\t\t\t\t<iframe title=\"OKWW_\u00d6ffentlich\" width=\"600\" height=\"450\" src=\"https:\/\/app.powerbigov.us\/view?r=eyJrIjoiZDllMjEzOGMtMzVmMy00MTJmLTgxMmQtNDRmZTdmYjFlNDZkIiwidCI6IjlhMzA3ODY0LTNlOTgtNGYwOC1iOTBhLTcyOGI2MmNmMzJjNSJ9\" frameborder=\"0\" allowfullscreen=\"true\"><\/iframe>\t\t\t\t<\/div>\n\t\t\t\t<\/div>\n\t\t\t\t<\/div>\n\t\t\t\t<\/div>\n\t\t\t\t<\/div>\n\t\t\t\t\t\t<\/div>\n\t\t\t\t<\/div>\n\t\t\t\t<div class=\"elementor-element elementor-element-8df4766 elementor-widget elementor-widget-text-editor\" data-id=\"8df4766\" data-element_type=\"widget\" data-e-type=\"widget\" data-widget_type=\"text-editor.default\">\n\t\t\t\t<div class=\"elementor-widget-container\">\n\t\t\t\t\t\t\t\t\t<h2>Daten-Dashboard von Tulsa County<\/h2><p>Das Datenteam von Tulsa Health ver\u00f6ffentlichte w\u00f6chentlich COVID-19-Daten bis zum Ablauf des \u00f6ffentlichen Gesundheitsnotstands am 11. Mai 2023, wodurch die Pandemie in ein endemisches Stadium \u00fcberging. <a href=\"\/de\/covid-19-public-health-emergency-expiration-faqs\/\">Sehen Sie, was das f\u00fcr Sie bedeutet<\/a>. <strong>Dieses Daten-Dashboard dient nur historischen Aufzeichnungszwecken und wird nicht mehr aktualisiert.<\/strong> Alle Panels sind interaktiv und erweiterbar.<\/p>\t\t\t\t\t\t\t\t<\/div>\n\t\t\t\t<\/div>\n\t\t\t\t<div class=\"elementor-element elementor-element-8bae86b elementor-widget elementor-widget-button\" data-id=\"8bae86b\" data-element_type=\"widget\" data-e-type=\"widget\" data-widget_type=\"button.default\">\n\t\t\t\t<div class=\"elementor-widget-container\">\n\t\t\t\t\t\t\t\t\t<div class=\"elementor-button-wrapper\">\n\t\t\t\t\t<a class=\"elementor-button elementor-button-link elementor-size-sm\" href=\"https:\/\/tcchd.maps.arcgis.com\/apps\/opsdashboard\/index.html#\/ebb119cd215b4c57933b7fbe477e7c30\">\n\t\t\t\t\t\t<span class=\"elementor-button-content-wrapper\">\n\t\t\t\t\t\t\t\t\t<span class=\"elementor-button-text\">Hier ansehen<\/span>\n\t\t\t\t\t<\/span>\n\t\t\t\t\t<\/a>\n\t\t\t\t<\/div>\n\t\t\t\t\t\t\t\t<\/div>\n\t\t\t\t<\/div>\n\t\t\t\t<div class=\"elementor-element elementor-element-5426519 elementor-widget elementor-widget-text-editor\" data-id=\"5426519\" data-element_type=\"widget\" data-e-type=\"widget\" data-widget_type=\"text-editor.default\">\n\t\t\t\t<div class=\"elementor-widget-container\">\n\t\t\t\t\t\t\t\t\t<h2>Oklahoma-Daten<\/h2><p>F\u00fcr historische landesweite COVID-19-Daten: <a href=\"https:\/\/coronavirus.health.ok.gov\/\">Besuchen Sie das Gesundheitsministerium des Staates Oklahoma<\/a>. Weitere historische Daten stehen zur Einsicht in deren zur Verf\u00fcgung <a href=\"https:\/\/oklahoma.gov\/covid19\/newsroom\/executive-order-reports.html\">Bericht der Executive Order<\/a> und ihre <a href=\"https:\/\/oklahoma.gov\/covid19\/newsroom\/weekly-epidemiology-and-surveillance-report.html\">W\u00f6chentlicher Epidemiologie- und \u00dcberwachungsbericht<\/a>.<\/p>\t\t\t\t\t\t\t\t<\/div>\n\t\t\t\t<\/div>\n\t\t\t\t\t<\/div>\n\t\t<\/div>\n\t\t\t\t\t<\/div>\n\t\t<\/section>\n\t\t\t\t<\/div>","protected":false},"excerpt":{"rendered":"<p>Tulsa County COVID-19 Data Tulsa Health Department is committed to transparency. View current wastewater data related to COVID-19 and historic case data in an easy-to-understand format. SARS-CoV-2 in Wastewater The Tulsa Health Department has partnered with the City of Tulsa and the University of Oklahoma on a wastewater surveillance program. This effort is funded in [&hellip;]<\/p>\n","protected":false},"author":1,"featured_media":12629,"parent":12412,"menu_order":0,"comment_status":"closed","ping_status":"closed","template":"","meta":{"_acf_changed":false,"footnotes":""},"class_list":["post-12626","page","type-page","status-publish","has-post-thumbnail","hentry"],"acf":[],"yoast_head":"<!-- This site is optimized with the Yoast SEO plugin v27.4 - https:\/\/yoast.com\/product\/yoast-seo-wordpress\/ -->\n<title>Tulsa County COVID-19 Data - Tulsa Health Department<\/title>\n<meta name=\"description\" content=\"Tulsa Health Department is committed to transparency. View current wastewater data related to COVID-19 and historic case data in an easy-to-understand format.\" \/>\n<meta name=\"robots\" content=\"index, follow, max-snippet:-1, max-image-preview:large, max-video-preview:-1\" \/>\n<link rel=\"canonical\" href=\"https:\/\/tulsa-health.org\/de\/services\/family-health-services\/illness-and-disease\/coronavirus-disease-2019\/tulsa-county-covid-19-data\/\" \/>\n<meta property=\"og:locale\" content=\"de_DE\" \/>\n<meta property=\"og:type\" content=\"article\" \/>\n<meta property=\"og:title\" content=\"Tulsa County COVID-19 Data - Tulsa Health Department\" \/>\n<meta property=\"og:description\" content=\"Tulsa Health Department is committed to transparency. View current wastewater data related to COVID-19 and historic case data in an easy-to-understand format.\" \/>\n<meta property=\"og:url\" content=\"https:\/\/tulsa-health.org\/de\/services\/family-health-services\/illness-and-disease\/coronavirus-disease-2019\/tulsa-county-covid-19-data\/\" \/>\n<meta property=\"og:site_name\" content=\"Tulsa Health Department\" \/>\n<meta property=\"article:modified_time\" content=\"2024-08-13T21:48:17+00:00\" \/>\n<meta property=\"og:image\" content=\"https:\/\/tulsa-health.org\/wp-content\/uploads\/2023\/08\/tulsa-county-covid-19.jpeg\" \/>\n\t<meta property=\"og:image:width\" content=\"1920\" \/>\n\t<meta property=\"og:image:height\" content=\"1080\" \/>\n\t<meta property=\"og:image:type\" content=\"image\/jpeg\" \/>\n<meta name=\"twitter:card\" content=\"summary_large_image\" \/>\n<meta name=\"twitter:label1\" content=\"Gesch\u00e4tzte Lesezeit\" \/>\n\t<meta name=\"twitter:data1\" content=\"1 minute\" \/>\n<script type=\"application\/ld+json\" class=\"yoast-schema-graph\">{\"@context\":\"https:\\\/\\\/schema.org\",\"@graph\":[{\"@type\":\"WebPage\",\"@id\":\"https:\\\/\\\/tulsa-health.org\\\/services\\\/family-health-services\\\/illness-and-disease\\\/coronavirus-disease-2019\\\/tulsa-county-covid-19-data\\\/\",\"url\":\"https:\\\/\\\/tulsa-health.org\\\/services\\\/family-health-services\\\/illness-and-disease\\\/coronavirus-disease-2019\\\/tulsa-county-covid-19-data\\\/\",\"name\":\"Tulsa County COVID-19 Data - Tulsa Health Department\",\"isPartOf\":{\"@id\":\"https:\\\/\\\/tulsa-health.org\\\/es\\\/#website\"},\"primaryImageOfPage\":{\"@id\":\"https:\\\/\\\/tulsa-health.org\\\/services\\\/family-health-services\\\/illness-and-disease\\\/coronavirus-disease-2019\\\/tulsa-county-covid-19-data\\\/#primaryimage\"},\"image\":{\"@id\":\"https:\\\/\\\/tulsa-health.org\\\/services\\\/family-health-services\\\/illness-and-disease\\\/coronavirus-disease-2019\\\/tulsa-county-covid-19-data\\\/#primaryimage\"},\"thumbnailUrl\":\"https:\\\/\\\/tulsa-health.org\\\/wp-content\\\/uploads\\\/2023\\\/08\\\/tulsa-county-covid-19.jpeg\",\"datePublished\":\"2023-08-28T18:31:07+00:00\",\"dateModified\":\"2024-08-13T21:48:17+00:00\",\"description\":\"Tulsa Health Department is committed to transparency. View current wastewater data related to COVID-19 and historic case data in an easy-to-understand format.\",\"breadcrumb\":{\"@id\":\"https:\\\/\\\/tulsa-health.org\\\/services\\\/family-health-services\\\/illness-and-disease\\\/coronavirus-disease-2019\\\/tulsa-county-covid-19-data\\\/#breadcrumb\"},\"inLanguage\":\"de-DE-formal\",\"potentialAction\":[{\"@type\":\"ReadAction\",\"target\":[\"https:\\\/\\\/tulsa-health.org\\\/services\\\/family-health-services\\\/illness-and-disease\\\/coronavirus-disease-2019\\\/tulsa-county-covid-19-data\\\/\"]}]},{\"@type\":\"ImageObject\",\"inLanguage\":\"de-DE-formal\",\"@id\":\"https:\\\/\\\/tulsa-health.org\\\/services\\\/family-health-services\\\/illness-and-disease\\\/coronavirus-disease-2019\\\/tulsa-county-covid-19-data\\\/#primaryimage\",\"url\":\"https:\\\/\\\/tulsa-health.org\\\/wp-content\\\/uploads\\\/2023\\\/08\\\/tulsa-county-covid-19.jpeg\",\"contentUrl\":\"https:\\\/\\\/tulsa-health.org\\\/wp-content\\\/uploads\\\/2023\\\/08\\\/tulsa-county-covid-19.jpeg\",\"width\":1920,\"height\":1080,\"caption\":\"Tulsa County Covid 19 Data\"},{\"@type\":\"BreadcrumbList\",\"@id\":\"https:\\\/\\\/tulsa-health.org\\\/services\\\/family-health-services\\\/illness-and-disease\\\/coronavirus-disease-2019\\\/tulsa-county-covid-19-data\\\/#breadcrumb\",\"itemListElement\":[{\"@type\":\"ListItem\",\"position\":1,\"name\":\"Home\",\"item\":\"https:\\\/\\\/tulsa-health.org\\\/\"},{\"@type\":\"ListItem\",\"position\":2,\"name\":\"Services\",\"item\":\"https:\\\/\\\/tulsa-health.org\\\/services\\\/\"},{\"@type\":\"ListItem\",\"position\":3,\"name\":\"Family Health Services\",\"item\":\"https:\\\/\\\/tulsa-health.org\\\/services\\\/family-health-services\\\/\"},{\"@type\":\"ListItem\",\"position\":4,\"name\":\"Illness and Disease\",\"item\":\"https:\\\/\\\/tulsa-health.org\\\/services\\\/family-health-services\\\/illness-and-disease\\\/\"},{\"@type\":\"ListItem\",\"position\":5,\"name\":\"Coronavirus Disease 2019 (COVID-19)\",\"item\":\"https:\\\/\\\/tulsa-health.org\\\/services\\\/family-health-services\\\/illness-and-disease\\\/coronavirus-disease-2019\\\/\"},{\"@type\":\"ListItem\",\"position\":6,\"name\":\"Tulsa County COVID-19 Data\"}]},{\"@type\":\"WebSite\",\"@id\":\"https:\\\/\\\/tulsa-health.org\\\/es\\\/#website\",\"url\":\"https:\\\/\\\/tulsa-health.org\\\/es\\\/\",\"name\":\"Tulsa Health Department\",\"description\":\"Clinical Services, Immunizations, Permits and More | Tulsa Health Department\",\"potentialAction\":[{\"@type\":\"SearchAction\",\"target\":{\"@type\":\"EntryPoint\",\"urlTemplate\":\"https:\\\/\\\/tulsa-health.org\\\/es\\\/?s={search_term_string}\"},\"query-input\":{\"@type\":\"PropertyValueSpecification\",\"valueRequired\":true,\"valueName\":\"search_term_string\"}}],\"inLanguage\":\"de-DE-formal\"}]}<\/script>\n<!-- \/ Yoast SEO plugin. -->","yoast_head_json":{"title":"COVID-19-Daten des Tulsa County \u2013 Gesundheitsamt Tulsa","description":"Das Gesundheitsministerium von Tulsa ist der Transparenz verpflichtet. Sehen Sie sich aktuelle Abwasserdaten im Zusammenhang mit COVID-19 und historische Falldaten in einem leicht verst\u00e4ndlichen Format an.","robots":{"index":"index","follow":"follow","max-snippet":"max-snippet:-1","max-image-preview":"max-image-preview:large","max-video-preview":"max-video-preview:-1"},"canonical":"https:\/\/tulsa-health.org\/de\/services\/family-health-services\/illness-and-disease\/coronavirus-disease-2019\/tulsa-county-covid-19-data\/","og_locale":"de_DE","og_type":"article","og_title":"Tulsa County COVID-19 Data - Tulsa Health Department","og_description":"Tulsa Health Department is committed to transparency. View current wastewater data related to COVID-19 and historic case data in an easy-to-understand format.","og_url":"https:\/\/tulsa-health.org\/de\/services\/family-health-services\/illness-and-disease\/coronavirus-disease-2019\/tulsa-county-covid-19-data\/","og_site_name":"Tulsa Health Department","article_modified_time":"2024-08-13T21:48:17+00:00","og_image":[{"width":1920,"height":1080,"url":"https:\/\/tulsa-health.org\/wp-content\/uploads\/2023\/08\/tulsa-county-covid-19.jpeg","type":"image\/jpeg"}],"twitter_card":"summary_large_image","twitter_misc":{"Gesch\u00e4tzte Lesezeit":"1 minute"},"schema":{"@context":"https:\/\/schema.org","@graph":[{"@type":"WebPage","@id":"https:\/\/tulsa-health.org\/services\/family-health-services\/illness-and-disease\/coronavirus-disease-2019\/tulsa-county-covid-19-data\/","url":"https:\/\/tulsa-health.org\/services\/family-health-services\/illness-and-disease\/coronavirus-disease-2019\/tulsa-county-covid-19-data\/","name":"COVID-19-Daten des Tulsa County \u2013 Gesundheitsamt Tulsa","isPartOf":{"@id":"https:\/\/tulsa-health.org\/es\/#website"},"primaryImageOfPage":{"@id":"https:\/\/tulsa-health.org\/services\/family-health-services\/illness-and-disease\/coronavirus-disease-2019\/tulsa-county-covid-19-data\/#primaryimage"},"image":{"@id":"https:\/\/tulsa-health.org\/services\/family-health-services\/illness-and-disease\/coronavirus-disease-2019\/tulsa-county-covid-19-data\/#primaryimage"},"thumbnailUrl":"https:\/\/tulsa-health.org\/wp-content\/uploads\/2023\/08\/tulsa-county-covid-19.jpeg","datePublished":"2023-08-28T18:31:07+00:00","dateModified":"2024-08-13T21:48:17+00:00","description":"Das Gesundheitsministerium von Tulsa ist der Transparenz verpflichtet. Sehen Sie sich aktuelle Abwasserdaten im Zusammenhang mit COVID-19 und historische Falldaten in einem leicht verst\u00e4ndlichen Format an.","breadcrumb":{"@id":"https:\/\/tulsa-health.org\/services\/family-health-services\/illness-and-disease\/coronavirus-disease-2019\/tulsa-county-covid-19-data\/#breadcrumb"},"inLanguage":"de-DE-formal","potentialAction":[{"@type":"ReadAction","target":["https:\/\/tulsa-health.org\/services\/family-health-services\/illness-and-disease\/coronavirus-disease-2019\/tulsa-county-covid-19-data\/"]}]},{"@type":"ImageObject","inLanguage":"de-DE-formal","@id":"https:\/\/tulsa-health.org\/services\/family-health-services\/illness-and-disease\/coronavirus-disease-2019\/tulsa-county-covid-19-data\/#primaryimage","url":"https:\/\/tulsa-health.org\/wp-content\/uploads\/2023\/08\/tulsa-county-covid-19.jpeg","contentUrl":"https:\/\/tulsa-health.org\/wp-content\/uploads\/2023\/08\/tulsa-county-covid-19.jpeg","width":1920,"height":1080,"caption":"Tulsa County Covid 19 Data"},{"@type":"BreadcrumbList","@id":"https:\/\/tulsa-health.org\/services\/family-health-services\/illness-and-disease\/coronavirus-disease-2019\/tulsa-county-covid-19-data\/#breadcrumb","itemListElement":[{"@type":"ListItem","position":1,"name":"Home","item":"https:\/\/tulsa-health.org\/"},{"@type":"ListItem","position":2,"name":"Services","item":"https:\/\/tulsa-health.org\/services\/"},{"@type":"ListItem","position":3,"name":"Family Health Services","item":"https:\/\/tulsa-health.org\/services\/family-health-services\/"},{"@type":"ListItem","position":4,"name":"Illness and Disease","item":"https:\/\/tulsa-health.org\/services\/family-health-services\/illness-and-disease\/"},{"@type":"ListItem","position":5,"name":"Coronavirus Disease 2019 (COVID-19)","item":"https:\/\/tulsa-health.org\/services\/family-health-services\/illness-and-disease\/coronavirus-disease-2019\/"},{"@type":"ListItem","position":6,"name":"Tulsa County COVID-19 Data"}]},{"@type":"WebSite","@id":"https:\/\/tulsa-health.org\/es\/#website","url":"https:\/\/tulsa-health.org\/es\/","name":"Gesundheitsamt von Tulsa","description":"Klinische Dienste, Impfungen, Genehmigungen und mehr | Gesundheitsamt Tulsa","potentialAction":[{"@type":"SearchAction","target":{"@type":"EntryPoint","urlTemplate":"https:\/\/tulsa-health.org\/es\/?s={search_term_string}"},"query-input":{"@type":"PropertyValueSpecification","valueRequired":true,"valueName":"search_term_string"}}],"inLanguage":"de-DE-formal"}]}},"publishpress_future_workflow_manual_trigger":{"enabledWorkflows":[]},"_links":{"self":[{"href":"https:\/\/tulsa-health.org\/de\/wp-json\/wp\/v2\/pages\/12626","targetHints":{"allow":["GET"]}}],"collection":[{"href":"https:\/\/tulsa-health.org\/de\/wp-json\/wp\/v2\/pages"}],"about":[{"href":"https:\/\/tulsa-health.org\/de\/wp-json\/wp\/v2\/types\/page"}],"author":[{"embeddable":true,"href":"https:\/\/tulsa-health.org\/de\/wp-json\/wp\/v2\/users\/1"}],"replies":[{"embeddable":true,"href":"https:\/\/tulsa-health.org\/de\/wp-json\/wp\/v2\/comments?post=12626"}],"version-history":[{"count":0,"href":"https:\/\/tulsa-health.org\/de\/wp-json\/wp\/v2\/pages\/12626\/revisions"}],"up":[{"embeddable":true,"href":"https:\/\/tulsa-health.org\/de\/wp-json\/wp\/v2\/pages\/12412"}],"wp:featuredmedia":[{"embeddable":true,"href":"https:\/\/tulsa-health.org\/de\/wp-json\/wp\/v2\/media\/12629"}],"wp:attachment":[{"href":"https:\/\/tulsa-health.org\/de\/wp-json\/wp\/v2\/media?parent=12626"}],"curies":[{"name":"wp","href":"https:\/\/api.w.org\/{rel}","templated":true}]}}