{"id":1591,"date":"2023-05-02T15:17:18","date_gmt":"2023-05-02T20:17:18","guid":{"rendered":"https:\/\/test.tulsa-health.org\/?page_id=1591"},"modified":"2023-12-20T19:21:35","modified_gmt":"2023-12-21T01:21:35","slug":"family-health-services","status":"publish","type":"page","link":"https:\/\/tulsa-health.org\/de\/services\/family-health-services\/","title":{"rendered":"Familiengesundheitsdienste"},"content":{"rendered":"<div data-elementor-type=\"wp-page\" data-elementor-id=\"1591\" class=\"elementor elementor-1591\" data-elementor-post-type=\"page\">\n\t\t\t\t\t\t<section class=\"elementor-section elementor-top-section elementor-element elementor-element-9c5910d elementor-section-full_width elementor-section-height-min-height elementor-section-height-default elementor-section-items-middle\" data-id=\"9c5910d\" data-element_type=\"section\" data-e-type=\"section\" data-settings=\"{&quot;background_background&quot;:&quot;classic&quot;}\">\n\t\t\t\t\t\t<div class=\"elementor-container elementor-column-gap-no\">\n\t\t\t\t\t<div class=\"elementor-column elementor-col-100 elementor-top-column elementor-element elementor-element-dcc4ae8\" data-id=\"dcc4ae8\" data-element_type=\"column\" data-e-type=\"column\">\n\t\t\t<div class=\"elementor-widget-wrap\">\n\t\t\t\t\t\t\t<\/div>\n\t\t<\/div>\n\t\t\t\t\t<\/div>\n\t\t<\/section>\n\t\t\t\t<section class=\"elementor-section elementor-top-section elementor-element elementor-element-772d34d elementor-section-boxed elementor-section-height-default elementor-section-height-default\" data-id=\"772d34d\" data-element_type=\"section\" data-e-type=\"section\" data-settings=\"{&quot;background_background&quot;:&quot;classic&quot;}\">\n\t\t\t\t\t\t<div class=\"elementor-container elementor-column-gap-default\">\n\t\t\t\t\t<div class=\"elementor-column elementor-col-100 elementor-top-column elementor-element elementor-element-0116e0e\" data-id=\"0116e0e\" data-element_type=\"column\" data-e-type=\"column\">\n\t\t\t<div class=\"elementor-widget-wrap elementor-element-populated\">\n\t\t\t\t\t\t<div class=\"elementor-element elementor-element-12d7fec elementor-widget elementor-widget-heading\" data-id=\"12d7fec\" data-element_type=\"widget\" data-e-type=\"widget\" data-widget_type=\"heading.default\">\n\t\t\t\t<div class=\"elementor-widget-container\">\n\t\t\t\t\t<h1 class=\"elementor-heading-title elementor-size-default\">Familiengesundheitsdienste<\/h1>\t\t\t\t<\/div>\n\t\t\t\t<\/div>\n\t\t\t\t<div class=\"elementor-element elementor-element-33b4e24 elementor-widget elementor-widget-text-editor\" data-id=\"33b4e24\" data-element_type=\"widget\" data-e-type=\"widget\" data-widget_type=\"text-editor.default\">\n\t\t\t\t<div class=\"elementor-widget-container\">\n\t\t\t\t\t\t\t\t\t<p>THD setzt sich daf\u00fcr ein, innerhalb unserer Gemeinde daran zu arbeiten, die Gesundheit jedes Bewohners zu verbessern. In unseren Gesundheitszentren im gesamten Tulsa County stehen viele grundlegende Gesundheitsdienste zur Verf\u00fcgung, von der Krankheitsvorsorge bis hin zu Impfungen. Wir legen besonderen Wert auf Pr\u00e4vention und Fr\u00fcherkennung und f\u00f6rdern gleichzeitig eine gesunde Lebensweise.<\/p>\t\t\t\t\t\t\t\t<\/div>\n\t\t\t\t<\/div>\n\t\t\t\t\t<\/div>\n\t\t<\/div>\n\t\t\t\t\t<\/div>\n\t\t<\/section>\n\t\t\t\t<section class=\"elementor-section elementor-top-section elementor-element elementor-element-1e73b6f elementor-section-boxed elementor-section-height-default elementor-section-height-default\" data-id=\"1e73b6f\" data-element_type=\"section\" data-e-type=\"section\" data-settings=\"{&quot;background_background&quot;:&quot;classic&quot;}\">\n\t\t\t\t\t\t<div class=\"elementor-container elementor-column-gap-default\">\n\t\t\t\t\t<div class=\"elementor-column elementor-col-100 elementor-top-column elementor-element elementor-element-d691a94\" data-id=\"d691a94\" data-element_type=\"column\" data-e-type=\"column\">\n\t\t\t<div class=\"elementor-widget-wrap elementor-element-populated\">\n\t\t\t\t\t\t<div class=\"elementor-element elementor-element-583e9f2 elementor-widget elementor-widget-ucaddon_unlimited_grid\" data-id=\"583e9f2\" data-element_type=\"widget\" data-e-type=\"widget\" data-widget_type=\"ucaddon_unlimited_grid.default\">\n\t\t\t\t<div class=\"elementor-widget-container\">\n\t\t\t\t\t\n<!-- start Unlimited Grid -->\n\t\t<link id='font-awesome-css' href='https:\/\/tulsa-health.org\/wp-content\/plugins\/unlimited-elements-for-elementor-premium\/assets_libraries\/font-awesome6\/fontawesome-all.min.css' type='text\/css' rel='stylesheet' >\n\t\t<link id='font-awesome-4-shim-css' href='https:\/\/tulsa-health.org\/wp-content\/plugins\/unlimited-elements-for-elementor-premium\/assets_libraries\/font-awesome6\/fontawesome-v4-shims.min.css' type='text\/css' rel='stylesheet' >\n\t\t<link id='fancybox-css' href='https:\/\/tulsa-health.org\/wp-content\/plugins\/unlimited-elements-for-elementor-premium\/assets_libraries\/fancybox3\/jquery.fancybox.min.css' type='text\/css' rel='stylesheet' >\n\n<style>\/* widget: Unlimited Grid *\/\n\n#uc_unlimited_grid_elementor_583e9f2\n{\n  display:grid;\n  grid-auto-rows: 1fr;\n}\n\n.ue-btn\n{\n  text-decoration:none;\n  text-align:center;\n  transition:0.3s;\n}\n\n#uc_unlimited_grid_elementor_583e9f2 .ue-overlay-link\n{\n  display:block;\n  position:absolute;\n  top:0px;\n  bottom:0px;\n  right:0px;\n  left:0px;\n}\n\n#uc_unlimited_grid_elementor_583e9f2 .ue-item\n{\n  position:relative;\n  display:flex;\n  overflow:hidden;\n  background-size:cover;\n}\n\n#uc_unlimited_grid_elementor_583e9f2 .ue-item-overlay\n{\n  position:absolute;\n  top:0;\n  right:0;\n  left:0;\n  bottom:0;\n  transition:0.3s;\n}\n\n#uc_unlimited_grid_elementor_583e9f2 .ue-item-bg\n{\n  position:absolute;\n  top:0;\n  right:0;\n  left:0;\n  bottom:0;\n  transition:0.3s;\n  background-size:cover;\n}\n\n\n\t\n\n\n\n\n\n\n#uc_unlimited_grid_elementor_583e9f2 .ue-graphic-element\n{\n  display:inline-flex;\n  align-items:center;\n  justify-content:center;\n  line-height:1em;\n  overflow:hidden;\n}\n\n#uc_unlimited_grid_elementor_583e9f2 .ue-graphic-element svg\n{\n  height:1em;\n  width:1em;\n}\n\n#uc_unlimited_grid_elementor_583e9f2 .ue-graphic-element img\n{\n  display:block;\n}\n\n.ue-item-title\n{\n  font-size:21px;\n}\n\n#uc_unlimited_grid_elementor_583e9f2 .ue-item-content\n{\n  position:relative;\n  width:100%;\n}\n\n\n\n\t@media only screen and (max-width: 767px) {\n      \n      \n      #uc_unlimited_grid_elementor_583e9f2  {\n          grid-template-columns: repeat(1, 1fr);\n        }\n      \n      #uc_unlimited_grid_elementor_583e9f2 .ue-item\n      {\n        grid-column: span 1;\n        grid-row: span 1;\n      }\n      \n      \n      }\n\t\n\n\n\n\n\n\n\n\n\n\n\n\n\n\n\n\n\n  #uc_unlimited_grid_elementor_583e9f2 #uc_unlimited_grid_elementor_583e9f2_item1 .ue-item-bg\n  {\n    background-image:url(https:\/\/tulsa-health.org\/wp-content\/uploads\/2023\/08\/Women-Infants-Children.jpeg);\n  }\n\n\n\n  #uc_unlimited_grid_elementor_583e9f2 #uc_unlimited_grid_elementor_583e9f2_item2 .ue-item-bg\n  {\n    background-image:url(https:\/\/tulsa-health.org\/wp-content\/uploads\/2023\/07\/Adult-Health-2-scaled.jpg);\n  }\n\n\n\n  #uc_unlimited_grid_elementor_583e9f2 #uc_unlimited_grid_elementor_583e9f2_item3 .ue-item-bg\n  {\n    background-image:url(https:\/\/tulsa-health.org\/wp-content\/uploads\/2023\/07\/Illness-and-Disease.jpg);\n  }\n\n\n\n  #uc_unlimited_grid_elementor_583e9f2 #uc_unlimited_grid_elementor_583e9f2_item4 .ue-item-bg\n  {\n    background-image:url(https:\/\/tulsa-health.org\/wp-content\/uploads\/2023\/07\/Child-Health-Guidance-scaled.jpg);\n  }\n\n\n\n  #uc_unlimited_grid_elementor_583e9f2 #uc_unlimited_grid_elementor_583e9f2_item5 .ue-item-bg\n  {\n    background-image:url(https:\/\/tulsa-health.org\/wp-content\/uploads\/2023\/07\/Teen-Health-1.jpg);\n  }\n\n\n\n\n\n<\/style>\n\n<div id=\"uc_unlimited_grid_elementor_583e9f2\" class=\"ue-unlimited-grid\">\n  <div id=\"uc_unlimited_grid_elementor_583e9f2_item1\" class=\"ue-item elementor-repeater-item-23ed0eb\">\n  <div class=\"ue-item-bg\"><\/div>\n  <div class=\"ue-item-overlay\"><\/div>\n  \n    <div class=\"ue-item-content None\">\n                      <div class=\"ue-item-title\">Frauen, S\u00e4uglinge und Kinder<\/div>\n    <div class=\"ue-item-text\"><p>Women, Infants and Children (WIC) ist ein erg\u00e4nzendes Ern\u00e4hrungsprogramm, das dazu dient, die Gesundheit von einkommensberechtigten Frauen, S\u00e4uglingen und Kindern bis zum Alter von f\u00fcnf Jahren zu sch\u00fctzen, die einem Ern\u00e4hrungsrisiko ausgesetzt sind.\u200b<\/p><\/div>\n      <\/div>\n    \n  \n    \n    \n  <a class=\"ue-overlay-link\" href=\"\/de\/services\/family-health-services\/women-infants-and-children-wic\/\" ><\/a>\n  \n  \n  \n<\/div>\n<div id=\"uc_unlimited_grid_elementor_583e9f2_item2\" class=\"ue-item elementor-repeater-item-c3ce2af\">\n  <div class=\"ue-item-bg\"><\/div>\n  <div class=\"ue-item-overlay\"><\/div>\n  \n    <div class=\"ue-item-content None\">\n                      <div class=\"ue-item-title\">Erwachsenengesundheit und Familienplanung<\/div>\n    <div class=\"ue-item-text\"><p>Bei THD ermutigen wir Sie, eine aktive Rolle f\u00fcr Ihre pers\u00f6nliche Gesundheit und Ihr Wohlbefinden zu \u00fcbernehmen \u2013 wenn nicht f\u00fcr sich selbst, dann f\u00fcr diejenigen, die Sie lieben. Unsere Programme und Dienstleistungen f\u00fcr Erwachsene k\u00f6nnen Ihnen helfen, indem sie Sie auf dem Laufenden halten, gesundheitliche Probleme fr\u00fchzeitig erkennen und Sie in die Lage versetzen, einen gesunden Lebensstil zu f\u00fchren.<\/p><\/div>\n      <\/div>\n    \n  \n    \n    \n  <a class=\"ue-overlay-link\" href=\"\/de\/services\/family-health-services\/adult-health\/\" ><\/a>\n  \n  \n  \n<\/div>\n<div id=\"uc_unlimited_grid_elementor_583e9f2_item3\" class=\"ue-item elementor-repeater-item-3430f5b\">\n  <div class=\"ue-item-bg\"><\/div>\n  <div class=\"ue-item-overlay\"><\/div>\n  \n    <div class=\"ue-item-content None\">\n                      <div class=\"ue-item-title\">Krankheit und Krankheit<\/div>\n    <div class=\"ue-item-text\"><p>Wir sind hier, um Aufkl\u00e4rung und \u00d6ffentlichkeitsarbeit zu leisten, um die Ausbreitung von Krankheiten und Leiden im Tulsa County einzud\u00e4mmen.<\/p><\/div>\n      <\/div>\n    \n  \n    \n    \n  <a class=\"ue-overlay-link\" href=\"\/de\/services\/family-health-services\/illness-and-disease\/\" ><\/a>\n  \n  \n  \n<\/div>\n<div id=\"uc_unlimited_grid_elementor_583e9f2_item4\" class=\"ue-item elementor-repeater-item-2e3e954\">\n  <div class=\"ue-item-bg\"><\/div>\n  <div class=\"ue-item-overlay\"><\/div>\n  \n    <div class=\"ue-item-content None\">\n                      <div class=\"ue-item-title\">Kindergesundheit und Beratung<\/div>\n    <div class=\"ue-item-text\"><p>Starten Sie Ihre Kleinen auf dem richtigen Fu\u00df. Erstgeb\u00e4rende M\u00fctter k\u00f6nnen sich f\u00fcr unser Programm \u201eChildren First\u201c anmelden, das regelm\u00e4\u00dfige Hausbesuche durch eine ausgebildete Krankenschwester vorsieht. THD bietet au\u00dferdem Impfungen f\u00fcr Kinder, Zahnpflege und das erg\u00e4nzende Ern\u00e4hrungsprogramm WIC an. Child Guidance ist ein landesweites Programm, das gesunde Familienbeziehungen und die Entwicklung von Kindern f\u00f6rdert und unterst\u00fctzt. Unser f\u00fcrsorgliches Personal aus Fachkr\u00e4ften mit Master- und Doktorgrad bietet Pr\u00e4vention, Aufkl\u00e4rung, Vorsorgeuntersuchungen, Diagnostik und Behandlung f\u00fcr Kinder und ihre Familien.<\/p><\/div>\n      <\/div>\n    \n  \n    \n    \n  <a class=\"ue-overlay-link\" href=\"\/de\/services\/family-health-services\/child-health-and-guidance\/\" ><\/a>\n  \n  \n  \n<\/div>\n<div id=\"uc_unlimited_grid_elementor_583e9f2_item5\" class=\"ue-item elementor-repeater-item-c321790\">\n  <div class=\"ue-item-bg\"><\/div>\n  <div class=\"ue-item-overlay\"><\/div>\n  \n    <div class=\"ue-item-content None\">\n                      <div class=\"ue-item-title\">Jugendgesundheit<\/div>\n    <div class=\"ue-item-text\"><p>Wir m\u00f6chten Jugendliche dazu bef\u00e4higen, Verantwortung f\u00fcr ihre eigene reproduktive Gesundheit zu \u00fcbernehmen, und ihnen Bildung und F\u00e4higkeiten bieten, damit sie stolze und verantwortungsvolle Entscheidungen \u00fcber ihren K\u00f6rper treffen k\u00f6nnen.<\/p><\/div>\n      <\/div>\n    \n  \n    \n    \n  <a class=\"ue-overlay-link\" href=\"\/de\/services\/family-health-services\/teen-health\/\" ><\/a>\n  \n  \n  \n<\/div>\n\n<\/div>\n<!-- end Unlimited Grid -->\t\t\t\t<\/div>\n\t\t\t\t<\/div>\n\t\t\t\t\t<\/div>\n\t\t<\/div>\n\t\t\t\t\t<\/div>\n\t\t<\/section>\n\t\t\t\t<section class=\"elementor-section elementor-top-section elementor-element elementor-element-6235eb1 elementor-section-full_width elementor-section-height-default elementor-section-height-default\" data-id=\"6235eb1\" data-element_type=\"section\" data-e-type=\"section\">\n\t\t\t\t\t\t<div class=\"elementor-container elementor-column-gap-default\">\n\t\t\t\t\t<div class=\"elementor-column elementor-col-100 elementor-top-column elementor-element elementor-element-fa48f58\" data-id=\"fa48f58\" data-element_type=\"column\" data-e-type=\"column\">\n\t\t\t<div class=\"elementor-widget-wrap elementor-element-populated\">\n\t\t\t\t\t\t<div class=\"elementor-element elementor-element-b7f78c5 elementor-widget elementor-widget-shortcode\" data-id=\"b7f78c5\" data-element_type=\"widget\" data-e-type=\"widget\" data-widget_type=\"shortcode.default\">\n\t\t\t\t<div class=\"elementor-widget-container\">\n\t\t\t\t\t\t\t<div class=\"elementor-shortcode\">\t\t<div data-elementor-type=\"section\" data-elementor-id=\"4934\" class=\"elementor elementor-4934\" data-elementor-post-type=\"elementor_library\">\n\t\t\t\t\t<section class=\"elementor-section elementor-top-section elementor-element elementor-element-4469b59d elementor-section-stretched elementor-section-boxed elementor-section-height-default elementor-section-height-default\" data-id=\"4469b59d\" data-element_type=\"section\" data-e-type=\"section\" data-settings=\"{&quot;background_background&quot;:&quot;classic&quot;,&quot;stretch_section&quot;:&quot;section-stretched&quot;}\">\n\t\t\t\t\t\t\t<div class=\"elementor-background-overlay\"><\/div>\n\t\t\t\t\t\t\t<div class=\"elementor-container elementor-column-gap-default\">\n\t\t\t\t\t<div class=\"elementor-column elementor-col-100 elementor-top-column elementor-element elementor-element-615ea353\" data-id=\"615ea353\" data-element_type=\"column\" data-e-type=\"column\">\n\t\t\t<div class=\"elementor-widget-wrap elementor-element-populated\">\n\t\t\t\t\t\t<div class=\"elementor-element elementor-element-bdb2691 elementor-widget elementor-widget-heading\" data-id=\"bdb2691\" data-element_type=\"widget\" data-e-type=\"widget\" data-widget_type=\"heading.default\">\n\t\t\t\t<div class=\"elementor-widget-container\">\n\t\t\t\t\t<h5 class=\"elementor-heading-title elementor-size-default\">STANDORTE<\/h5>\t\t\t\t<\/div>\n\t\t\t\t<\/div>\n\t\t\t\t<div class=\"elementor-element elementor-element-00f74f9 elementor-widget elementor-widget-text-editor\" data-id=\"00f74f9\" data-element_type=\"widget\" data-e-type=\"widget\" data-widget_type=\"text-editor.default\">\n\t\t\t\t<div class=\"elementor-widget-container\">\n\t\t\t\t\t\t\t\t\t<p>Wir verf\u00fcgen \u00fcber 9 Standorte im gesamten Tulsa County, die eine Vielzahl von Dienstleistungen anbieten, die Ihnen und Ihrer Familie dabei helfen, gesund zu bleiben.<\/p>\t\t\t\t\t\t\t\t<\/div>\n\t\t\t\t<\/div>\n\t\t\t\t<div class=\"elementor-element elementor-element-fd63501 elementor-align-center secondary elementor-widget elementor-widget-button\" data-id=\"fd63501\" data-element_type=\"widget\" data-e-type=\"widget\" data-widget_type=\"button.default\">\n\t\t\t\t<div class=\"elementor-widget-container\">\n\t\t\t\t\t\t\t\t\t<div class=\"elementor-button-wrapper\">\n\t\t\t\t\t<a class=\"elementor-button elementor-button-link elementor-size-sm\" href=\"\/de\/locations\/\">\n\t\t\t\t\t\t<span class=\"elementor-button-content-wrapper\">\n\t\t\t\t\t\t\t\t\t<span class=\"elementor-button-text\">Finden Sie Ihr<\/span>\n\t\t\t\t\t<\/span>\n\t\t\t\t\t<\/a>\n\t\t\t\t<\/div>\n\t\t\t\t\t\t\t\t<\/div>\n\t\t\t\t<\/div>\n\t\t\t\t\t<\/div>\n\t\t<\/div>\n\t\t\t\t\t<\/div>\n\t\t<\/section>\n\t\t\t\t<\/div>\n\t\t<\/div>\n\t\t\t\t\t\t<\/div>\n\t\t\t\t<\/div>\n\t\t\t\t\t<\/div>\n\t\t<\/div>\n\t\t\t\t\t<\/div>\n\t\t<\/section>\n\t\t\t\t<\/div>","protected":false},"excerpt":{"rendered":"<p>Family Health Services\u200b THD is committed to working within our community to improve the health of every resident. Many essential health care services, from disease screening to immunizations, are available at our health centers located throughout Tulsa County. We place a special emphasis on prevention and early detection, while promoting healthy lifestyle choices. Women, Infants [&hellip;]<\/p>\n","protected":false},"author":1,"featured_media":12600,"parent":692,"menu_order":0,"comment_status":"closed","ping_status":"closed","template":"elementor_header_footer","meta":{"_acf_changed":false,"footnotes":""},"class_list":["post-1591","page","type-page","status-publish","has-post-thumbnail","hentry"],"acf":[],"yoast_head":"<!-- This site is optimized with the Yoast SEO plugin v27.3 - https:\/\/yoast.com\/product\/yoast-seo-wordpress\/ -->\n<title>Family Health Services - Tulsa Health Department<\/title>\n<meta name=\"description\" content=\"Many essential health care services, from disease screening to immunizations, are available at our health centers located throughout Tulsa County.\" \/>\n<meta name=\"robots\" content=\"index, follow, max-snippet:-1, max-image-preview:large, max-video-preview:-1\" \/>\n<link rel=\"canonical\" href=\"https:\/\/tulsa-health.org\/de\/services\/family-health-services\/\" \/>\n<meta property=\"og:locale\" content=\"de_DE\" \/>\n<meta property=\"og:type\" content=\"article\" \/>\n<meta property=\"og:title\" content=\"Family Health Services - Tulsa Health Department\" \/>\n<meta property=\"og:description\" content=\"Many essential health care services, from disease screening to immunizations, are available at our health centers located throughout Tulsa County.\" \/>\n<meta property=\"og:url\" content=\"https:\/\/tulsa-health.org\/de\/services\/family-health-services\/\" \/>\n<meta property=\"og:site_name\" content=\"Tulsa Health Department\" \/>\n<meta property=\"article:modified_time\" content=\"2023-12-21T01:21:35+00:00\" \/>\n<meta property=\"og:image\" content=\"https:\/\/tulsa-health.org\/wp-content\/uploads\/2023\/08\/Women-Infants-Children.jpeg\" \/>\n\t<meta property=\"og:image:width\" content=\"1280\" \/>\n\t<meta property=\"og:image:height\" content=\"853\" \/>\n\t<meta property=\"og:image:type\" content=\"image\/jpeg\" \/>\n<meta name=\"twitter:card\" content=\"summary_large_image\" \/>\n<meta name=\"twitter:label1\" content=\"Gesch\u00e4tzte Lesezeit\" \/>\n\t<meta name=\"twitter:data1\" content=\"2 minutes\" \/>\n<script type=\"application\/ld+json\" class=\"yoast-schema-graph\">{\"@context\":\"https:\\\/\\\/schema.org\",\"@graph\":[{\"@type\":\"WebPage\",\"@id\":\"https:\\\/\\\/tulsa-health.org\\\/services\\\/family-health-services\\\/\",\"url\":\"https:\\\/\\\/tulsa-health.org\\\/services\\\/family-health-services\\\/\",\"name\":\"Family Health Services - Tulsa Health Department\",\"isPartOf\":{\"@id\":\"https:\\\/\\\/tulsa-health.org\\\/es\\\/#website\"},\"primaryImageOfPage\":{\"@id\":\"https:\\\/\\\/tulsa-health.org\\\/services\\\/family-health-services\\\/#primaryimage\"},\"image\":{\"@id\":\"https:\\\/\\\/tulsa-health.org\\\/services\\\/family-health-services\\\/#primaryimage\"},\"thumbnailUrl\":\"https:\\\/\\\/tulsa-health.org\\\/wp-content\\\/uploads\\\/2023\\\/08\\\/Women-Infants-Children.jpeg\",\"datePublished\":\"2023-05-02T20:17:18+00:00\",\"dateModified\":\"2023-12-21T01:21:35+00:00\",\"description\":\"Many essential health care services, from disease screening to immunizations, are available at our health centers located throughout Tulsa County.\",\"breadcrumb\":{\"@id\":\"https:\\\/\\\/tulsa-health.org\\\/services\\\/family-health-services\\\/#breadcrumb\"},\"inLanguage\":\"de-DE-formal\",\"potentialAction\":[{\"@type\":\"ReadAction\",\"target\":[\"https:\\\/\\\/tulsa-health.org\\\/services\\\/family-health-services\\\/\"]}]},{\"@type\":\"ImageObject\",\"inLanguage\":\"de-DE-formal\",\"@id\":\"https:\\\/\\\/tulsa-health.org\\\/services\\\/family-health-services\\\/#primaryimage\",\"url\":\"https:\\\/\\\/tulsa-health.org\\\/wp-content\\\/uploads\\\/2023\\\/08\\\/Women-Infants-Children.jpeg\",\"contentUrl\":\"https:\\\/\\\/tulsa-health.org\\\/wp-content\\\/uploads\\\/2023\\\/08\\\/Women-Infants-Children.jpeg\",\"width\":1280,\"height\":853,\"caption\":\"Women Infants Children\"},{\"@type\":\"BreadcrumbList\",\"@id\":\"https:\\\/\\\/tulsa-health.org\\\/services\\\/family-health-services\\\/#breadcrumb\",\"itemListElement\":[{\"@type\":\"ListItem\",\"position\":1,\"name\":\"Home\",\"item\":\"https:\\\/\\\/tulsa-health.org\\\/\"},{\"@type\":\"ListItem\",\"position\":2,\"name\":\"Services\",\"item\":\"https:\\\/\\\/tulsa-health.org\\\/services\\\/\"},{\"@type\":\"ListItem\",\"position\":3,\"name\":\"Family Health Services\"}]},{\"@type\":\"WebSite\",\"@id\":\"https:\\\/\\\/tulsa-health.org\\\/es\\\/#website\",\"url\":\"https:\\\/\\\/tulsa-health.org\\\/es\\\/\",\"name\":\"Tulsa Health Department\",\"description\":\"Clinical Services, Immunizations, Permits and More | Tulsa Health Department\",\"potentialAction\":[{\"@type\":\"SearchAction\",\"target\":{\"@type\":\"EntryPoint\",\"urlTemplate\":\"https:\\\/\\\/tulsa-health.org\\\/es\\\/?s={search_term_string}\"},\"query-input\":{\"@type\":\"PropertyValueSpecification\",\"valueRequired\":true,\"valueName\":\"search_term_string\"}}],\"inLanguage\":\"de-DE-formal\"}]}<\/script>\n<!-- \/ Yoast SEO plugin. -->","yoast_head_json":{"title":"Familiengesundheitsdienste - Gesundheitsamt Tulsa","description":"In unseren Gesundheitszentren im gesamten Tulsa County stehen zahlreiche wichtige Gesundheitsdienste zur Verf\u00fcgung, von Krankheitsscreenings bis hin zu Impfungen.","robots":{"index":"index","follow":"follow","max-snippet":"max-snippet:-1","max-image-preview":"max-image-preview:large","max-video-preview":"max-video-preview:-1"},"canonical":"https:\/\/tulsa-health.org\/de\/services\/family-health-services\/","og_locale":"de_DE","og_type":"article","og_title":"Family Health Services - Tulsa Health Department","og_description":"Many essential health care services, from disease screening to immunizations, are available at our health centers located throughout Tulsa County.","og_url":"https:\/\/tulsa-health.org\/de\/services\/family-health-services\/","og_site_name":"Tulsa Health Department","article_modified_time":"2023-12-21T01:21:35+00:00","og_image":[{"width":1280,"height":853,"url":"https:\/\/tulsa-health.org\/wp-content\/uploads\/2023\/08\/Women-Infants-Children.jpeg","type":"image\/jpeg"}],"twitter_card":"summary_large_image","twitter_misc":{"Gesch\u00e4tzte Lesezeit":"2 minutes"},"schema":{"@context":"https:\/\/schema.org","@graph":[{"@type":"WebPage","@id":"https:\/\/tulsa-health.org\/services\/family-health-services\/","url":"https:\/\/tulsa-health.org\/services\/family-health-services\/","name":"Familiengesundheitsdienste - Gesundheitsamt Tulsa","isPartOf":{"@id":"https:\/\/tulsa-health.org\/es\/#website"},"primaryImageOfPage":{"@id":"https:\/\/tulsa-health.org\/services\/family-health-services\/#primaryimage"},"image":{"@id":"https:\/\/tulsa-health.org\/services\/family-health-services\/#primaryimage"},"thumbnailUrl":"https:\/\/tulsa-health.org\/wp-content\/uploads\/2023\/08\/Women-Infants-Children.jpeg","datePublished":"2023-05-02T20:17:18+00:00","dateModified":"2023-12-21T01:21:35+00:00","description":"In unseren Gesundheitszentren im gesamten Tulsa County stehen zahlreiche wichtige Gesundheitsdienste zur Verf\u00fcgung, von Krankheitsscreenings bis hin zu Impfungen.","breadcrumb":{"@id":"https:\/\/tulsa-health.org\/services\/family-health-services\/#breadcrumb"},"inLanguage":"de-DE-formal","potentialAction":[{"@type":"ReadAction","target":["https:\/\/tulsa-health.org\/services\/family-health-services\/"]}]},{"@type":"ImageObject","inLanguage":"de-DE-formal","@id":"https:\/\/tulsa-health.org\/services\/family-health-services\/#primaryimage","url":"https:\/\/tulsa-health.org\/wp-content\/uploads\/2023\/08\/Women-Infants-Children.jpeg","contentUrl":"https:\/\/tulsa-health.org\/wp-content\/uploads\/2023\/08\/Women-Infants-Children.jpeg","width":1280,"height":853,"caption":"Women Infants Children"},{"@type":"BreadcrumbList","@id":"https:\/\/tulsa-health.org\/services\/family-health-services\/#breadcrumb","itemListElement":[{"@type":"ListItem","position":1,"name":"Home","item":"https:\/\/tulsa-health.org\/"},{"@type":"ListItem","position":2,"name":"Services","item":"https:\/\/tulsa-health.org\/services\/"},{"@type":"ListItem","position":3,"name":"Family Health Services"}]},{"@type":"WebSite","@id":"https:\/\/tulsa-health.org\/es\/#website","url":"https:\/\/tulsa-health.org\/es\/","name":"Gesundheitsamt von Tulsa","description":"Klinische Dienste, Impfungen, Genehmigungen und mehr | Gesundheitsamt Tulsa","potentialAction":[{"@type":"SearchAction","target":{"@type":"EntryPoint","urlTemplate":"https:\/\/tulsa-health.org\/es\/?s={search_term_string}"},"query-input":{"@type":"PropertyValueSpecification","valueRequired":true,"valueName":"search_term_string"}}],"inLanguage":"de-DE-formal"}]}},"publishpress_future_workflow_manual_trigger":{"enabledWorkflows":[]},"_links":{"self":[{"href":"https:\/\/tulsa-health.org\/de\/wp-json\/wp\/v2\/pages\/1591","targetHints":{"allow":["GET"]}}],"collection":[{"href":"https:\/\/tulsa-health.org\/de\/wp-json\/wp\/v2\/pages"}],"about":[{"href":"https:\/\/tulsa-health.org\/de\/wp-json\/wp\/v2\/types\/page"}],"author":[{"embeddable":true,"href":"https:\/\/tulsa-health.org\/de\/wp-json\/wp\/v2\/users\/1"}],"replies":[{"embeddable":true,"href":"https:\/\/tulsa-health.org\/de\/wp-json\/wp\/v2\/comments?post=1591"}],"version-history":[{"count":0,"href":"https:\/\/tulsa-health.org\/de\/wp-json\/wp\/v2\/pages\/1591\/revisions"}],"up":[{"embeddable":true,"href":"https:\/\/tulsa-health.org\/de\/wp-json\/wp\/v2\/pages\/692"}],"wp:featuredmedia":[{"embeddable":true,"href":"https:\/\/tulsa-health.org\/de\/wp-json\/wp\/v2\/media\/12600"}],"wp:attachment":[{"href":"https:\/\/tulsa-health.org\/de\/wp-json\/wp\/v2\/media?parent=1591"}],"curies":[{"name":"wp","href":"https:\/\/api.w.org\/{rel}","templated":true}]}}