{"id":1605,"date":"2023-05-02T15:33:01","date_gmt":"2023-05-02T20:33:01","guid":{"rendered":"https:\/\/test.tulsa-health.org\/?page_id=1605"},"modified":"2023-12-20T19:21:52","modified_gmt":"2023-12-21T01:21:52","slug":"adult-health","status":"publish","type":"page","link":"https:\/\/tulsa-health.org\/de\/services\/family-health-services\/adult-health\/","title":{"rendered":"Gesundheit f\u00fcr Erwachsene"},"content":{"rendered":"<div data-elementor-type=\"wp-page\" data-elementor-id=\"1605\" class=\"elementor elementor-1605\" data-elementor-post-type=\"page\">\n\t\t\t\t\t\t<section class=\"elementor-section elementor-top-section elementor-element elementor-element-39dbc0f elementor-section-full_width elementor-section-height-min-height elementor-section-height-default elementor-section-items-middle\" data-id=\"39dbc0f\" data-element_type=\"section\" data-e-type=\"section\" data-settings=\"{&quot;background_background&quot;:&quot;classic&quot;}\">\n\t\t\t\t\t\t<div class=\"elementor-container elementor-column-gap-no\">\n\t\t\t\t\t<div class=\"elementor-column elementor-col-100 elementor-top-column elementor-element elementor-element-8aa28f0\" data-id=\"8aa28f0\" data-element_type=\"column\" data-e-type=\"column\">\n\t\t\t<div class=\"elementor-widget-wrap\">\n\t\t\t\t\t\t\t<\/div>\n\t\t<\/div>\n\t\t\t\t\t<\/div>\n\t\t<\/section>\n\t\t\t\t<section class=\"elementor-section elementor-top-section elementor-element elementor-element-83df465 elementor-section-boxed elementor-section-height-default elementor-section-height-default\" data-id=\"83df465\" data-element_type=\"section\" data-e-type=\"section\" data-settings=\"{&quot;background_background&quot;:&quot;classic&quot;}\">\n\t\t\t\t\t\t<div class=\"elementor-container elementor-column-gap-default\">\n\t\t\t\t\t<div class=\"elementor-column elementor-col-100 elementor-top-column elementor-element elementor-element-9c1e533\" data-id=\"9c1e533\" data-element_type=\"column\" data-e-type=\"column\">\n\t\t\t<div class=\"elementor-widget-wrap elementor-element-populated\">\n\t\t\t\t\t\t<div class=\"elementor-element elementor-element-306bea5 elementor-widget elementor-widget-heading\" data-id=\"306bea5\" data-element_type=\"widget\" data-e-type=\"widget\" data-widget_type=\"heading.default\">\n\t\t\t\t<div class=\"elementor-widget-container\">\n\t\t\t\t\t<h1 class=\"elementor-heading-title elementor-size-default\">Gesundheit f\u00fcr Erwachsene<\/h1>\t\t\t\t<\/div>\n\t\t\t\t<\/div>\n\t\t\t\t<div class=\"elementor-element elementor-element-05c1935 elementor-widget elementor-widget-text-editor\" data-id=\"05c1935\" data-element_type=\"widget\" data-e-type=\"widget\" data-widget_type=\"text-editor.default\">\n\t\t\t\t<div class=\"elementor-widget-container\">\n\t\t\t\t\t\t\t\t\t<p>Bei THD ermutigen wir Sie, eine aktive Rolle f\u00fcr Ihre pers\u00f6nliche Gesundheit und Ihr Wohlbefinden zu \u00fcbernehmen \u2013 wenn nicht f\u00fcr sich selbst, dann f\u00fcr diejenigen, die Sie lieben. Unsere Programme und Dienstleistungen f\u00fcr Erwachsene k\u00f6nnen Ihnen helfen, indem sie Sie auf dem Laufenden halten, gesundheitliche Probleme fr\u00fchzeitig erkennen und Sie in die Lage versetzen, einen gesunden Lebensstil zu f\u00fchren.<\/p>\t\t\t\t\t\t\t\t<\/div>\n\t\t\t\t<\/div>\n\t\t\t\t\t<\/div>\n\t\t<\/div>\n\t\t\t\t\t<\/div>\n\t\t<\/section>\n\t\t\t\t<section class=\"elementor-section elementor-top-section elementor-element elementor-element-06f94b1 elementor-section-boxed elementor-section-height-default elementor-section-height-default\" data-id=\"06f94b1\" data-element_type=\"section\" data-e-type=\"section\" data-settings=\"{&quot;background_background&quot;:&quot;classic&quot;}\">\n\t\t\t\t\t\t<div class=\"elementor-container elementor-column-gap-default\">\n\t\t\t\t\t<div class=\"elementor-column elementor-col-100 elementor-top-column elementor-element elementor-element-5a7f06f\" data-id=\"5a7f06f\" data-element_type=\"column\" data-e-type=\"column\">\n\t\t\t<div class=\"elementor-widget-wrap elementor-element-populated\">\n\t\t\t\t\t\t<div class=\"elementor-element elementor-element-55bf781 elementor-widget elementor-widget-ucaddon_unlimited_grid\" data-id=\"55bf781\" data-element_type=\"widget\" data-e-type=\"widget\" data-widget_type=\"ucaddon_unlimited_grid.default\">\n\t\t\t\t<div class=\"elementor-widget-container\">\n\t\t\t\t\t\n<!-- start Unlimited Grid -->\n\t\t<link id='font-awesome-css' href='https:\/\/tulsa-health.org\/wp-content\/plugins\/unlimited-elements-for-elementor-premium\/assets_libraries\/font-awesome6\/fontawesome-all.min.css' type='text\/css' rel='stylesheet' >\n\t\t<link id='font-awesome-4-shim-css' href='https:\/\/tulsa-health.org\/wp-content\/plugins\/unlimited-elements-for-elementor-premium\/assets_libraries\/font-awesome6\/fontawesome-v4-shims.min.css' type='text\/css' rel='stylesheet' >\n\t\t<link id='fancybox-css' href='https:\/\/tulsa-health.org\/wp-content\/plugins\/unlimited-elements-for-elementor-premium\/assets_libraries\/fancybox3\/jquery.fancybox.min.css' type='text\/css' rel='stylesheet' >\n\n<style>\/* widget: Unlimited Grid *\/\n\n#uc_unlimited_grid_elementor_55bf781\n{\n  display:grid;\n  grid-auto-rows: 1fr;\n}\n\n.ue-btn\n{\n  text-decoration:none;\n  text-align:center;\n  transition:0.3s;\n}\n\n#uc_unlimited_grid_elementor_55bf781 .ue-overlay-link\n{\n  display:block;\n  position:absolute;\n  top:0px;\n  bottom:0px;\n  right:0px;\n  left:0px;\n}\n\n#uc_unlimited_grid_elementor_55bf781 .ue-item\n{\n  position:relative;\n  display:flex;\n  overflow:hidden;\n  background-size:cover;\n}\n\n#uc_unlimited_grid_elementor_55bf781 .ue-item-overlay\n{\n  position:absolute;\n  top:0;\n  right:0;\n  left:0;\n  bottom:0;\n  transition:0.3s;\n}\n\n#uc_unlimited_grid_elementor_55bf781 .ue-item-bg\n{\n  position:absolute;\n  top:0;\n  right:0;\n  left:0;\n  bottom:0;\n  transition:0.3s;\n  background-size:cover;\n}\n\n\n\t\n\n\n\n\n\n\n#uc_unlimited_grid_elementor_55bf781 .ue-graphic-element\n{\n  display:inline-flex;\n  align-items:center;\n  justify-content:center;\n  line-height:1em;\n  overflow:hidden;\n}\n\n#uc_unlimited_grid_elementor_55bf781 .ue-graphic-element svg\n{\n  height:1em;\n  width:1em;\n}\n\n#uc_unlimited_grid_elementor_55bf781 .ue-graphic-element img\n{\n  display:block;\n}\n\n.ue-item-title\n{\n  font-size:21px;\n}\n\n#uc_unlimited_grid_elementor_55bf781 .ue-item-content\n{\n  position:relative;\n  width:100%;\n}\n\n\n\n\t@media only screen and (max-width: 767px) {\n      \n      \n      #uc_unlimited_grid_elementor_55bf781  {\n          grid-template-columns: repeat(1, 1fr);\n        }\n      \n      #uc_unlimited_grid_elementor_55bf781 .ue-item\n      {\n        grid-column: span 1;\n        grid-row: span 1;\n      }\n      \n      \n      }\n\t\n\n\n\n\n\n\n\n\n\n\n\n\n\n\n\n\n\n  #uc_unlimited_grid_elementor_55bf781 #uc_unlimited_grid_elementor_55bf781_item1 .ue-item-bg\n  {\n    background-image:url(https:\/\/tulsa-health.org\/wp-content\/uploads\/2023\/07\/Family-Planning-Getty-scaled.jpg);\n  }\n\n\n\n  #uc_unlimited_grid_elementor_55bf781 #uc_unlimited_grid_elementor_55bf781_item2 .ue-item-bg\n  {\n    background-image:url(https:\/\/tulsa-health.org\/wp-content\/uploads\/2023\/07\/Vasectomy-scaled.jpg);\n  }\n\n\n\n  #uc_unlimited_grid_elementor_55bf781 #uc_unlimited_grid_elementor_55bf781_item3 .ue-item-bg\n  {\n    background-image:url(https:\/\/tulsa-health.org\/wp-content\/uploads\/2023\/07\/PregnancyTesting-4766678.jpg);\n  }\n\n\n\n  #uc_unlimited_grid_elementor_55bf781 #uc_unlimited_grid_elementor_55bf781_item4 .ue-item-bg\n  {\n    background-image:url(https:\/\/tulsa-health.org\/wp-content\/uploads\/2023\/07\/Health-screenings-scaled.jpg);\n  }\n\n\n\n  #uc_unlimited_grid_elementor_55bf781 #uc_unlimited_grid_elementor_55bf781_item5 .ue-item-bg\n  {\n    background-image:url(https:\/\/tulsa-health.org\/wp-content\/uploads\/2023\/07\/Adult-Health-scaled.jpg);\n  }\n\n\n\n\n\n<\/style>\n\n<div id=\"uc_unlimited_grid_elementor_55bf781\" class=\"ue-unlimited-grid\">\n  <div id=\"uc_unlimited_grid_elementor_55bf781_item1\" class=\"ue-item elementor-repeater-item-23ed0eb\">\n  <div class=\"ue-item-bg\"><\/div>\n  <div class=\"ue-item-overlay\"><\/div>\n  \n    <div class=\"ue-item-content None\">\n                      <div class=\"ue-item-title\">Familienplanung<\/div>\n    <div class=\"ue-item-text\"><p>THD bietet umfassende Familienplanungsdienste, einschlie\u00dflich k\u00f6rperlicher Untersuchungen, Labordienstleistungen, Schwangerschaftstests, Verh\u00fctungsmittel, Beratung und \u00dcberweisungen f\u00fcr andere THD- und gemeinn\u00fctzige Dienste. Unsere Mitarbeiter und Gesundheitsdienstleister sprechen Englisch und Spanisch und stehen Ihnen mit Rat und Tat zur Seite.<\/p><\/div>\n      <\/div>\n    \n  \n    \n    \n  <a class=\"ue-overlay-link\" href=\"\/de\/services\/family-health-services\/adult-health\/family-planning\/\" ><\/a>\n  \n  \n  \n<\/div>\n<div id=\"uc_unlimited_grid_elementor_55bf781_item2\" class=\"ue-item elementor-repeater-item-c3ce2af\">\n  <div class=\"ue-item-bg\"><\/div>\n  <div class=\"ue-item-overlay\"><\/div>\n  \n    <div class=\"ue-item-content None\">\n                      <div class=\"ue-item-title\">Vasektomie<\/div>\n    <div class=\"ue-item-text\"><p>Eine Vasektomie ist ein Eingriff, dem sich ein Mann unterziehen kann, um eine sogenannte dauerhafte Empf\u00e4ngnisverh\u00fctung zu erreichen. Dabei werden die Eileiter jedes Hodens abgeklemmt, durchtrennt oder auf andere Weise versiegelt, damit sich die Spermien mit der Samenfl\u00fcssigkeit vermischen k\u00f6nnen.<\/p><\/div>\n      <\/div>\n    \n  \n    \n    \n  <a class=\"ue-overlay-link\" href=\"\/de\/services\/family-health-services\/adult-health\/vasectomy\/\" ><\/a>\n  \n  \n  \n<\/div>\n<div id=\"uc_unlimited_grid_elementor_55bf781_item3\" class=\"ue-item elementor-repeater-item-3430f5b\">\n  <div class=\"ue-item-bg\"><\/div>\n  <div class=\"ue-item-overlay\"><\/div>\n  \n    <div class=\"ue-item-content None\">\n                      <div class=\"ue-item-title\">Schwangerschaftstest<\/div>\n    <div class=\"ue-item-text\"><p>THD bietet vertrauliche Schwangerschaftstests zu einem gestaffelten Preis-Leistungs-Verh\u00e4ltnis an, wobei die Ergebnisse zum Zeitpunkt Ihres Besuchs bereitgestellt werden.<\/p><\/div>\n      <\/div>\n    \n  \n    \n    \n  <a class=\"ue-overlay-link\" href=\"\/de\/services\/family-health-services\/adult-health\/pregnancy-testing\/\" ><\/a>\n  \n  \n  \n<\/div>\n<div id=\"uc_unlimited_grid_elementor_55bf781_item4\" class=\"ue-item elementor-repeater-item-2e3e954\">\n  <div class=\"ue-item-bg\"><\/div>\n  <div class=\"ue-item-overlay\"><\/div>\n  \n    <div class=\"ue-item-content None\">\n                      <div class=\"ue-item-title\">Gesundheitsuntersuchungen<\/div>\n    <div class=\"ue-item-text\"><p>THD tr\u00e4gt dazu bei, die Gesundheit von Erwachsenen zu f\u00f6rdern und zu erhalten, indem es zu minimalen Kosten Brustuntersuchungen, Pap-Abstriche und Vorsorgeuntersuchungen f\u00fcr verschiedene Erkrankungen anbietet.<\/p><\/div>\n      <\/div>\n    \n  \n    \n    \n  <a class=\"ue-overlay-link\" href=\"\/de\/services\/family-health-services\/adult-health\/health-screenings\/\" ><\/a>\n  \n  \n  \n<\/div>\n<div id=\"uc_unlimited_grid_elementor_55bf781_item5\" class=\"ue-item elementor-repeater-item-c321790\">\n  <div class=\"ue-item-bg\"><\/div>\n  <div class=\"ue-item-overlay\"><\/div>\n  \n    <div class=\"ue-item-content None\">\n                      <div class=\"ue-item-title\">K\u00f6rperliche Untersuchung<\/div>\n    <div class=\"ue-item-text\"><p>K\u00f6rperliche Untersuchungen sind ein wichtiger Bestandteil der Familienplanung. Sie lassen Ihren Arzt entscheiden, ob Sie m\u00f6glicherweise ein Rezept f\u00fcr bestimmte Verh\u00fctungsmethoden erhalten, oder helfen Ihnen bei der Vorbereitung auf eine gesunde Schwangerschaft.<\/p><\/div>\n      <\/div>\n    \n  \n    \n    \n  <a class=\"ue-overlay-link\" href=\"\/de\/services\/family-health-services\/adult-health\/physical-exam\/\" ><\/a>\n  \n  \n  \n<\/div>\n\n<\/div>\n<!-- end Unlimited Grid -->\t\t\t\t<\/div>\n\t\t\t\t<\/div>\n\t\t\t\t\t<\/div>\n\t\t<\/div>\n\t\t\t\t\t<\/div>\n\t\t<\/section>\n\t\t\t\t<section class=\"elementor-section elementor-top-section elementor-element elementor-element-e73f1f8 elementor-section-full_width elementor-section-height-default elementor-section-height-default\" data-id=\"e73f1f8\" data-element_type=\"section\" data-e-type=\"section\">\n\t\t\t\t\t\t<div class=\"elementor-container elementor-column-gap-default\">\n\t\t\t\t\t<div class=\"elementor-column elementor-col-100 elementor-top-column elementor-element elementor-element-832e280\" data-id=\"832e280\" data-element_type=\"column\" data-e-type=\"column\">\n\t\t\t<div class=\"elementor-widget-wrap elementor-element-populated\">\n\t\t\t\t\t\t<div class=\"elementor-element elementor-element-0d0eead elementor-widget elementor-widget-shortcode\" data-id=\"0d0eead\" data-element_type=\"widget\" data-e-type=\"widget\" data-widget_type=\"shortcode.default\">\n\t\t\t\t<div class=\"elementor-widget-container\">\n\t\t\t\t\t\t\t<div class=\"elementor-shortcode\">\t\t<div data-elementor-type=\"section\" data-elementor-id=\"4934\" class=\"elementor elementor-4934\" data-elementor-post-type=\"elementor_library\">\n\t\t\t\t\t<section class=\"elementor-section elementor-top-section elementor-element elementor-element-4469b59d elementor-section-stretched elementor-section-boxed elementor-section-height-default elementor-section-height-default\" data-id=\"4469b59d\" data-element_type=\"section\" data-e-type=\"section\" data-settings=\"{&quot;background_background&quot;:&quot;classic&quot;,&quot;stretch_section&quot;:&quot;section-stretched&quot;}\">\n\t\t\t\t\t\t\t<div class=\"elementor-background-overlay\"><\/div>\n\t\t\t\t\t\t\t<div class=\"elementor-container elementor-column-gap-default\">\n\t\t\t\t\t<div class=\"elementor-column elementor-col-100 elementor-top-column elementor-element elementor-element-615ea353\" data-id=\"615ea353\" data-element_type=\"column\" data-e-type=\"column\">\n\t\t\t<div class=\"elementor-widget-wrap elementor-element-populated\">\n\t\t\t\t\t\t<div class=\"elementor-element elementor-element-bdb2691 elementor-widget elementor-widget-heading\" data-id=\"bdb2691\" data-element_type=\"widget\" data-e-type=\"widget\" data-widget_type=\"heading.default\">\n\t\t\t\t<div class=\"elementor-widget-container\">\n\t\t\t\t\t<h5 class=\"elementor-heading-title elementor-size-default\">STANDORTE<\/h5>\t\t\t\t<\/div>\n\t\t\t\t<\/div>\n\t\t\t\t<div class=\"elementor-element elementor-element-00f74f9 elementor-widget elementor-widget-text-editor\" data-id=\"00f74f9\" data-element_type=\"widget\" data-e-type=\"widget\" data-widget_type=\"text-editor.default\">\n\t\t\t\t<div class=\"elementor-widget-container\">\n\t\t\t\t\t\t\t\t\t<p>Wir verf\u00fcgen \u00fcber 9 Standorte im gesamten Tulsa County, die eine Vielzahl von Dienstleistungen anbieten, die Ihnen und Ihrer Familie dabei helfen, gesund zu bleiben.<\/p>\t\t\t\t\t\t\t\t<\/div>\n\t\t\t\t<\/div>\n\t\t\t\t<div class=\"elementor-element elementor-element-fd63501 elementor-align-center secondary elementor-widget elementor-widget-button\" data-id=\"fd63501\" data-element_type=\"widget\" data-e-type=\"widget\" data-widget_type=\"button.default\">\n\t\t\t\t<div class=\"elementor-widget-container\">\n\t\t\t\t\t\t\t\t\t<div class=\"elementor-button-wrapper\">\n\t\t\t\t\t<a class=\"elementor-button elementor-button-link elementor-size-sm\" href=\"\/de\/locations\/\">\n\t\t\t\t\t\t<span class=\"elementor-button-content-wrapper\">\n\t\t\t\t\t\t\t\t\t<span class=\"elementor-button-text\">Finden Sie Ihr<\/span>\n\t\t\t\t\t<\/span>\n\t\t\t\t\t<\/a>\n\t\t\t\t<\/div>\n\t\t\t\t\t\t\t\t<\/div>\n\t\t\t\t<\/div>\n\t\t\t\t\t<\/div>\n\t\t<\/div>\n\t\t\t\t\t<\/div>\n\t\t<\/section>\n\t\t\t\t<\/div>\n\t\t<\/div>\n\t\t\t\t\t\t<\/div>\n\t\t\t\t<\/div>\n\t\t\t\t\t<\/div>\n\t\t<\/div>\n\t\t\t\t\t<\/div>\n\t\t<\/section>\n\t\t\t\t<\/div>","protected":false},"excerpt":{"rendered":"<p>Adult Health At THD, we encourage you to take an active role in your personal health and well-being \u2013 if not for yourself, then for those who love you. Our programs and services for adults can help by keeping you informed, identify health problems early on and empower you to lead a healthy lifestyle. Family [&hellip;]<\/p>\n","protected":false},"author":1,"featured_media":10419,"parent":1591,"menu_order":0,"comment_status":"closed","ping_status":"closed","template":"elementor_header_footer","meta":{"_acf_changed":false,"footnotes":""},"class_list":["post-1605","page","type-page","status-publish","has-post-thumbnail","hentry"],"acf":[],"yoast_head":"<!-- This site is optimized with the Yoast SEO plugin v27.4 - https:\/\/yoast.com\/product\/yoast-seo-wordpress\/ -->\n<title>Adult Health - Tulsa Health Department<\/title>\n<meta name=\"description\" content=\"Our programs and services for adults can help by keeping you informed, identify health problems early on and empower you to lead a healthy lifestyle.\" \/>\n<meta name=\"robots\" content=\"index, follow, max-snippet:-1, max-image-preview:large, max-video-preview:-1\" \/>\n<link rel=\"canonical\" href=\"https:\/\/tulsa-health.org\/de\/services\/family-health-services\/adult-health\/\" \/>\n<meta property=\"og:locale\" content=\"de_DE\" \/>\n<meta property=\"og:type\" content=\"article\" \/>\n<meta property=\"og:title\" content=\"Adult Health - Tulsa Health Department\" \/>\n<meta property=\"og:description\" content=\"Our programs and services for adults can help by keeping you informed, identify health problems early on and empower you to lead a healthy lifestyle.\" \/>\n<meta property=\"og:url\" content=\"https:\/\/tulsa-health.org\/de\/services\/family-health-services\/adult-health\/\" \/>\n<meta property=\"og:site_name\" content=\"Tulsa Health Department\" \/>\n<meta property=\"article:modified_time\" content=\"2023-12-21T01:21:52+00:00\" \/>\n<meta property=\"og:image\" content=\"https:\/\/tulsa-health.org\/wp-content\/uploads\/2023\/07\/Adult-Health-scaled.jpg\" \/>\n\t<meta property=\"og:image:width\" content=\"2560\" \/>\n\t<meta property=\"og:image:height\" content=\"1707\" \/>\n\t<meta property=\"og:image:type\" content=\"image\/jpeg\" \/>\n<meta name=\"twitter:card\" content=\"summary_large_image\" \/>\n<meta name=\"twitter:label1\" content=\"Gesch\u00e4tzte Lesezeit\" \/>\n\t<meta name=\"twitter:data1\" content=\"2 minutes\" \/>\n<script type=\"application\/ld+json\" class=\"yoast-schema-graph\">{\"@context\":\"https:\\\/\\\/schema.org\",\"@graph\":[{\"@type\":\"WebPage\",\"@id\":\"https:\\\/\\\/tulsa-health.org\\\/services\\\/family-health-services\\\/adult-health\\\/\",\"url\":\"https:\\\/\\\/tulsa-health.org\\\/services\\\/family-health-services\\\/adult-health\\\/\",\"name\":\"Adult Health - Tulsa Health Department\",\"isPartOf\":{\"@id\":\"https:\\\/\\\/tulsa-health.org\\\/es\\\/#website\"},\"primaryImageOfPage\":{\"@id\":\"https:\\\/\\\/tulsa-health.org\\\/services\\\/family-health-services\\\/adult-health\\\/#primaryimage\"},\"image\":{\"@id\":\"https:\\\/\\\/tulsa-health.org\\\/services\\\/family-health-services\\\/adult-health\\\/#primaryimage\"},\"thumbnailUrl\":\"https:\\\/\\\/tulsa-health.org\\\/wp-content\\\/uploads\\\/2023\\\/07\\\/Adult-Health-scaled.jpg\",\"datePublished\":\"2023-05-02T20:33:01+00:00\",\"dateModified\":\"2023-12-21T01:21:52+00:00\",\"description\":\"Our programs and services for adults can help by keeping you informed, identify health problems early on and empower you to lead a healthy lifestyle.\",\"breadcrumb\":{\"@id\":\"https:\\\/\\\/tulsa-health.org\\\/services\\\/family-health-services\\\/adult-health\\\/#breadcrumb\"},\"inLanguage\":\"de-DE-formal\",\"potentialAction\":[{\"@type\":\"ReadAction\",\"target\":[\"https:\\\/\\\/tulsa-health.org\\\/services\\\/family-health-services\\\/adult-health\\\/\"]}]},{\"@type\":\"ImageObject\",\"inLanguage\":\"de-DE-formal\",\"@id\":\"https:\\\/\\\/tulsa-health.org\\\/services\\\/family-health-services\\\/adult-health\\\/#primaryimage\",\"url\":\"https:\\\/\\\/tulsa-health.org\\\/wp-content\\\/uploads\\\/2023\\\/07\\\/Adult-Health-scaled.jpg\",\"contentUrl\":\"https:\\\/\\\/tulsa-health.org\\\/wp-content\\\/uploads\\\/2023\\\/07\\\/Adult-Health-scaled.jpg\",\"width\":2560,\"height\":1707,\"caption\":\"Adult Health\"},{\"@type\":\"BreadcrumbList\",\"@id\":\"https:\\\/\\\/tulsa-health.org\\\/services\\\/family-health-services\\\/adult-health\\\/#breadcrumb\",\"itemListElement\":[{\"@type\":\"ListItem\",\"position\":1,\"name\":\"Home\",\"item\":\"https:\\\/\\\/tulsa-health.org\\\/\"},{\"@type\":\"ListItem\",\"position\":2,\"name\":\"Services\",\"item\":\"https:\\\/\\\/tulsa-health.org\\\/services\\\/\"},{\"@type\":\"ListItem\",\"position\":3,\"name\":\"Family Health Services\",\"item\":\"https:\\\/\\\/tulsa-health.org\\\/services\\\/family-health-services\\\/\"},{\"@type\":\"ListItem\",\"position\":4,\"name\":\"Adult Health\"}]},{\"@type\":\"WebSite\",\"@id\":\"https:\\\/\\\/tulsa-health.org\\\/es\\\/#website\",\"url\":\"https:\\\/\\\/tulsa-health.org\\\/es\\\/\",\"name\":\"Tulsa Health Department\",\"description\":\"Clinical Services, Immunizations, Permits and More | Tulsa Health Department\",\"potentialAction\":[{\"@type\":\"SearchAction\",\"target\":{\"@type\":\"EntryPoint\",\"urlTemplate\":\"https:\\\/\\\/tulsa-health.org\\\/es\\\/?s={search_term_string}\"},\"query-input\":{\"@type\":\"PropertyValueSpecification\",\"valueRequired\":true,\"valueName\":\"search_term_string\"}}],\"inLanguage\":\"de-DE-formal\"}]}<\/script>\n<!-- \/ Yoast SEO plugin. -->","yoast_head_json":{"title":"Gesundheit f\u00fcr Erwachsene - Gesundheitsamt Tulsa","description":"Unsere Programme und Dienste f\u00fcr Erwachsene k\u00f6nnen Ihnen helfen, indem sie Sie auf dem Laufenden halten, gesundheitliche Probleme fr\u00fchzeitig erkennen und Ihnen die M\u00f6glichkeit geben, einen gesunden Lebensstil zu f\u00fchren.","robots":{"index":"index","follow":"follow","max-snippet":"max-snippet:-1","max-image-preview":"max-image-preview:large","max-video-preview":"max-video-preview:-1"},"canonical":"https:\/\/tulsa-health.org\/de\/services\/family-health-services\/adult-health\/","og_locale":"de_DE","og_type":"article","og_title":"Adult Health - Tulsa Health Department","og_description":"Our programs and services for adults can help by keeping you informed, identify health problems early on and empower you to lead a healthy lifestyle.","og_url":"https:\/\/tulsa-health.org\/de\/services\/family-health-services\/adult-health\/","og_site_name":"Tulsa Health Department","article_modified_time":"2023-12-21T01:21:52+00:00","og_image":[{"width":2560,"height":1707,"url":"https:\/\/tulsa-health.org\/wp-content\/uploads\/2023\/07\/Adult-Health-scaled.jpg","type":"image\/jpeg"}],"twitter_card":"summary_large_image","twitter_misc":{"Gesch\u00e4tzte Lesezeit":"2 minutes"},"schema":{"@context":"https:\/\/schema.org","@graph":[{"@type":"WebPage","@id":"https:\/\/tulsa-health.org\/services\/family-health-services\/adult-health\/","url":"https:\/\/tulsa-health.org\/services\/family-health-services\/adult-health\/","name":"Gesundheit f\u00fcr Erwachsene - Gesundheitsamt Tulsa","isPartOf":{"@id":"https:\/\/tulsa-health.org\/es\/#website"},"primaryImageOfPage":{"@id":"https:\/\/tulsa-health.org\/services\/family-health-services\/adult-health\/#primaryimage"},"image":{"@id":"https:\/\/tulsa-health.org\/services\/family-health-services\/adult-health\/#primaryimage"},"thumbnailUrl":"https:\/\/tulsa-health.org\/wp-content\/uploads\/2023\/07\/Adult-Health-scaled.jpg","datePublished":"2023-05-02T20:33:01+00:00","dateModified":"2023-12-21T01:21:52+00:00","description":"Unsere Programme und Dienste f\u00fcr Erwachsene k\u00f6nnen Ihnen helfen, indem sie Sie auf dem Laufenden halten, gesundheitliche Probleme fr\u00fchzeitig erkennen und Ihnen die M\u00f6glichkeit geben, einen gesunden Lebensstil zu f\u00fchren.","breadcrumb":{"@id":"https:\/\/tulsa-health.org\/services\/family-health-services\/adult-health\/#breadcrumb"},"inLanguage":"de-DE-formal","potentialAction":[{"@type":"ReadAction","target":["https:\/\/tulsa-health.org\/services\/family-health-services\/adult-health\/"]}]},{"@type":"ImageObject","inLanguage":"de-DE-formal","@id":"https:\/\/tulsa-health.org\/services\/family-health-services\/adult-health\/#primaryimage","url":"https:\/\/tulsa-health.org\/wp-content\/uploads\/2023\/07\/Adult-Health-scaled.jpg","contentUrl":"https:\/\/tulsa-health.org\/wp-content\/uploads\/2023\/07\/Adult-Health-scaled.jpg","width":2560,"height":1707,"caption":"Adult Health"},{"@type":"BreadcrumbList","@id":"https:\/\/tulsa-health.org\/services\/family-health-services\/adult-health\/#breadcrumb","itemListElement":[{"@type":"ListItem","position":1,"name":"Home","item":"https:\/\/tulsa-health.org\/"},{"@type":"ListItem","position":2,"name":"Services","item":"https:\/\/tulsa-health.org\/services\/"},{"@type":"ListItem","position":3,"name":"Family Health Services","item":"https:\/\/tulsa-health.org\/services\/family-health-services\/"},{"@type":"ListItem","position":4,"name":"Adult Health"}]},{"@type":"WebSite","@id":"https:\/\/tulsa-health.org\/es\/#website","url":"https:\/\/tulsa-health.org\/es\/","name":"Gesundheitsamt von Tulsa","description":"Klinische Dienste, Impfungen, Genehmigungen und mehr | Gesundheitsamt Tulsa","potentialAction":[{"@type":"SearchAction","target":{"@type":"EntryPoint","urlTemplate":"https:\/\/tulsa-health.org\/es\/?s={search_term_string}"},"query-input":{"@type":"PropertyValueSpecification","valueRequired":true,"valueName":"search_term_string"}}],"inLanguage":"de-DE-formal"}]}},"publishpress_future_workflow_manual_trigger":{"enabledWorkflows":[]},"_links":{"self":[{"href":"https:\/\/tulsa-health.org\/de\/wp-json\/wp\/v2\/pages\/1605","targetHints":{"allow":["GET"]}}],"collection":[{"href":"https:\/\/tulsa-health.org\/de\/wp-json\/wp\/v2\/pages"}],"about":[{"href":"https:\/\/tulsa-health.org\/de\/wp-json\/wp\/v2\/types\/page"}],"author":[{"embeddable":true,"href":"https:\/\/tulsa-health.org\/de\/wp-json\/wp\/v2\/users\/1"}],"replies":[{"embeddable":true,"href":"https:\/\/tulsa-health.org\/de\/wp-json\/wp\/v2\/comments?post=1605"}],"version-history":[{"count":0,"href":"https:\/\/tulsa-health.org\/de\/wp-json\/wp\/v2\/pages\/1605\/revisions"}],"up":[{"embeddable":true,"href":"https:\/\/tulsa-health.org\/de\/wp-json\/wp\/v2\/pages\/1591"}],"wp:featuredmedia":[{"embeddable":true,"href":"https:\/\/tulsa-health.org\/de\/wp-json\/wp\/v2\/media\/10419"}],"wp:attachment":[{"href":"https:\/\/tulsa-health.org\/de\/wp-json\/wp\/v2\/media?parent=1605"}],"curies":[{"name":"wp","href":"https:\/\/api.w.org\/{rel}","templated":true}]}}