{"id":1780,"date":"2023-05-02T17:15:07","date_gmt":"2023-05-02T22:15:07","guid":{"rendered":"https:\/\/test.tulsa-health.org\/?page_id=1780"},"modified":"2024-05-29T12:45:26","modified_gmt":"2024-05-29T17:45:26","slug":"teen-clinic","status":"publish","type":"page","link":"https:\/\/tulsa-health.org\/de\/services\/family-health-services\/teen-health\/teen-clinic\/","title":{"rendered":"Jugendklinik"},"content":{"rendered":"<div data-elementor-type=\"wp-page\" data-elementor-id=\"1780\" class=\"elementor elementor-1780\" data-elementor-post-type=\"page\">\n\t\t\t\t\t\t<section class=\"elementor-section elementor-top-section elementor-element elementor-element-899226f elementor-section-full_width elementor-section-height-min-height elementor-section-height-default elementor-section-items-middle\" data-id=\"899226f\" data-element_type=\"section\" data-e-type=\"section\" data-settings=\"{&quot;background_background&quot;:&quot;classic&quot;}\">\n\t\t\t\t\t\t<div class=\"elementor-container elementor-column-gap-no\">\n\t\t\t\t\t<div class=\"elementor-column elementor-col-100 elementor-top-column elementor-element elementor-element-d9bfb15\" data-id=\"d9bfb15\" data-element_type=\"column\" data-e-type=\"column\">\n\t\t\t<div class=\"elementor-widget-wrap\">\n\t\t\t\t\t\t\t<\/div>\n\t\t<\/div>\n\t\t\t\t\t<\/div>\n\t\t<\/section>\n\t\t\t\t<section class=\"elementor-section elementor-top-section elementor-element elementor-element-0b6cbeb elementor-section-boxed elementor-section-height-default elementor-section-height-default\" data-id=\"0b6cbeb\" data-element_type=\"section\" data-e-type=\"section\" data-settings=\"{&quot;background_background&quot;:&quot;classic&quot;}\">\n\t\t\t\t\t\t<div class=\"elementor-container elementor-column-gap-default\">\n\t\t\t\t\t<div class=\"elementor-column elementor-col-100 elementor-top-column elementor-element elementor-element-fe41ea4\" data-id=\"fe41ea4\" data-element_type=\"column\" data-e-type=\"column\">\n\t\t\t<div class=\"elementor-widget-wrap elementor-element-populated\">\n\t\t\t\t\t\t<div class=\"elementor-element elementor-element-2ce161b elementor-widget elementor-widget-heading\" data-id=\"2ce161b\" data-element_type=\"widget\" data-e-type=\"widget\" data-widget_type=\"heading.default\">\n\t\t\t\t<div class=\"elementor-widget-container\">\n\t\t\t\t\t<h1 class=\"elementor-heading-title elementor-size-default\">Jugendklinik<\/h1>\t\t\t\t<\/div>\n\t\t\t\t<\/div>\n\t\t\t\t<div class=\"elementor-element elementor-element-39c03c3 elementor-widget elementor-widget-text-editor\" data-id=\"39c03c3\" data-element_type=\"widget\" data-e-type=\"widget\" data-widget_type=\"text-editor.default\">\n\t\t\t\t<div class=\"elementor-widget-container\">\n\t\t\t\t\t\t\t\t\t<p>Die Jugendklinik von THD bietet vertrauliche sexuelle und reproduktive Gesundheitsf\u00fcrsorge f\u00fcr Jugendliche mit Zustimmung der Eltern\/Erziehungsberechtigten. Besucher unserer Jugendkliniken werden von einem herzlichen, f\u00fcrsorglichen Personal empfangen. Wir sind f\u00fcr Sie da, um Ihnen zuzuh\u00f6ren und Beratung und Bildung anzubieten, um alle Fragen oder Bedenken zu beantworten, die Sie haben.<\/p><p>Terminvereinbarungen sind telefonisch m\u00f6glich<span style=\"color: var( --e-global-color-text );font-size: 1.2rem;background-color: var( --e-global-color-43edc70 )\">\u00a0<\/span><a style=\"background-color: #faf9f2;font-size: 1.2rem\" href=\"Tel.:9185829355\">918-582-9355<\/a> und bitte um ein Gespr\u00e4ch mit unserem <a href=\"https:\/\/tulsa-health.org\/de\/services\/family-health-services\/adult-health\/family-planning\/\">Familienplanungsprogramm<\/a><span style=\"color: var( --e-global-color-text );font-size: 1.2rem;background-color: var( --e-global-color-43edc70 )\">.<\/span><\/p>\t\t\t\t\t\t\t\t<\/div>\n\t\t\t\t<\/div>\n\t\t\t\t\t<\/div>\n\t\t<\/div>\n\t\t\t\t\t<\/div>\n\t\t<\/section>\n\t\t\t\t<section class=\"elementor-section elementor-top-section elementor-element elementor-element-117fbad elementor-section-boxed elementor-section-height-default elementor-section-height-default\" data-id=\"117fbad\" data-element_type=\"section\" data-e-type=\"section\" data-settings=\"{&quot;background_background&quot;:&quot;classic&quot;}\">\n\t\t\t\t\t\t<div class=\"elementor-container elementor-column-gap-default\">\n\t\t\t\t\t<div class=\"elementor-column elementor-col-100 elementor-top-column elementor-element elementor-element-640e1a6\" data-id=\"640e1a6\" data-element_type=\"column\" data-e-type=\"column\">\n\t\t\t<div class=\"elementor-widget-wrap elementor-element-populated\">\n\t\t\t\t\t\t<div class=\"elementor-element elementor-element-b15fa40 elementor-widget elementor-widget-text-editor\" data-id=\"b15fa40\" data-element_type=\"widget\" data-e-type=\"widget\" data-widget_type=\"text-editor.default\">\n\t\t\t\t<div class=\"elementor-widget-container\">\n\t\t\t\t\t\t\t\t\t<h2>F\u00fcr Jugendliche verf\u00fcgbare Dienste<\/h2><p>F\u00fcr Teenager kann es schwierig sein, mit ihren Eltern \u00fcber sexuelle Aktivit\u00e4t zu sprechen. Viele Eltern sind jedoch bereit, \u00fcber Sex und Empf\u00e4ngnisverh\u00fctung zu sprechen, insbesondere wenn sie wissen, dass Sie versuchen, Verantwortung f\u00fcr Ihre Gesundheit zu \u00fcbernehmen.\u00a0<\/p><p><a href=\"https:\/\/tulsa-health.org\/de\/services\/family-health-services\/adult-health\/family-planning\/\">Familienplanungsdienste<\/a>B. k\u00f6rperliche Untersuchungen und Geburtenkontrolle, stehen Jugendlichen unter 17 Jahren mit Zustimmung der Eltern\/Erziehungsberechtigten zur Verf\u00fcgung. Es gibt begrenzte Situationen, in denen Jugendliche freiwillig* der Inanspruchnahme von Familienplanungsdiensten zustimmen k\u00f6nnen. Weitere Informationen finden Sie weiter unten.<\/p>\t\t\t\t\t\t\t\t<\/div>\n\t\t\t\t<\/div>\n\t\t\t\t<div class=\"elementor-element elementor-element-f417fa5 elementor-widget elementor-widget-la-heading-anchor-link\" data-id=\"f417fa5\" data-element_type=\"widget\" data-e-type=\"widget\" data-widget_type=\"la-heading-anchor-link.default\">\n\t\t\t\t<div class=\"elementor-widget-container\">\n\t\t\t\t\t        <h2 id=\"appointment\" class=\"la_heading_anchor_link\">\n            Was Sie bei Ihrem Termin erwartet            <button onclick=\"LAHeadingAnchorLinkCopyToClipboard('https:\/\/tulsa-health.org\/de\/services\/family-health-services\/teen-health\/teen-clinic\/#appointment')\">\n                <svg xmlns=\"http:\/\/www.w3.org\/2000\/svg\" width=\"24\" height=\"24\" stroke=\"currentColor\" viewbox=\"0 0 24 24\" fill=\"none\" stroke-width=\"2\" stroke-linecap=\"round\" stroke-linejoin=\"round\" class=\"feather feather-link\">\n                    <path d=\"M10 13a5 5 0 0 0 7.54.54l3-3a5 5 0 0 0-7.07-7.07l-1.72 1.71\"><\/path><path d=\"M14 11a5 5 0 0 0-7.54-.54l-3 3a5 5 0 0 0 7.07 7.07l1.71-1.71\"><\/path>\n                <\/svg>\n            <\/button>\n        <\/h2>\n        \t\t\t\t<\/div>\n\t\t\t\t<\/div>\n\t\t\t\t<div class=\"elementor-element elementor-element-81a3ebf elementor-widget elementor-widget-text-editor\" data-id=\"81a3ebf\" data-element_type=\"widget\" data-e-type=\"widget\" data-widget_type=\"text-editor.default\">\n\t\t\t\t<div class=\"elementor-widget-container\">\n\t\t\t\t\t\t\t\t\t<p>M\u00f6glicherweise sind Sie nerv\u00f6s, wenn Sie unsere Familienplanungsklinik zum ersten Mal besuchen. Je besser Sie im Vorfeld vorbereitet sind, desto entspannter werden Sie am Termin sein. Folgendes k\u00f6nnen Sie erwarten:<\/p><ul><li>Papierkram. Kommen Sie etwa 15 Minuten vor Ihrem geplanten Termin, um den notwendigen Papierkram zu erledigen. Wenn Sie Fragen haben, fragen Sie uns einfach. Vergessen Sie nicht, dass ein Elternteil\/Erziehungsberechtigter eine Einverst\u00e4ndniserkl\u00e4rung unterzeichnen muss, damit Sie Familienplanungsdienste in Anspruch nehmen k\u00f6nnen, oder dass Sie bestimmte Kriterien erf\u00fcllen m\u00fcssen, um selbst in die Dienste einzuwilligen.<\/li><li>M\u00f6glicherweise m\u00fcssen Sie eine Urinprobe abgeben. Trinken Sie daher vor Ihrer Ankunft unbedingt etwas Wasser.<\/li><li>Wenn Sie im Untersuchungsraum sind, wird Ihnen der Arzt Fragen zu Ihrer Krankengeschichte stellen. Sie haben auch die M\u00f6glichkeit, uns Fragen zu allen Tests oder Medikamenten zu stellen, die Sie ben\u00f6tigen oder w\u00fcnschen. Haben Sie Angst, dass Sie sich nicht erinnern, was Sie fragen sollen? Es ist in Ordnung, ein paar Notizen mitzubringen.<\/li><li>Abh\u00e4ngig von der Art des Termins wird m\u00f6glicherweise eine k\u00f6rperliche Untersuchung durchgef\u00fchrt.<\/li><li>Schauen Sie nach Ihrem Besuch im Terminfenster vorbei, wenn Sie Nachuntersuchungen vereinbaren m\u00fcssen.<\/li><\/ul>\t\t\t\t\t\t\t\t<\/div>\n\t\t\t\t<\/div>\n\t\t\t\t<div class=\"elementor-element elementor-element-1c3cc84 elementor-widget elementor-widget-la-heading-anchor-link\" data-id=\"1c3cc84\" data-element_type=\"widget\" data-e-type=\"widget\" data-widget_type=\"la-heading-anchor-link.default\">\n\t\t\t\t<div class=\"elementor-widget-container\">\n\t\t\t\t\t        <h2 id=\"services\" class=\"la_heading_anchor_link\">\n            Erbrachte Dienstleistungen            <button onclick=\"LAHeadingAnchorLinkCopyToClipboard('https:\/\/tulsa-health.org\/de\/services\/family-health-services\/teen-health\/teen-clinic\/#services')\">\n                <svg xmlns=\"http:\/\/www.w3.org\/2000\/svg\" width=\"24\" height=\"24\" stroke=\"currentColor\" viewbox=\"0 0 24 24\" fill=\"none\" stroke-width=\"2\" stroke-linecap=\"round\" stroke-linejoin=\"round\" class=\"feather feather-link\">\n                    <path d=\"M10 13a5 5 0 0 0 7.54.54l3-3a5 5 0 0 0-7.07-7.07l-1.72 1.71\"><\/path><path d=\"M14 11a5 5 0 0 0-7.54-.54l-3 3a5 5 0 0 0 7.07 7.07l1.71-1.71\"><\/path>\n                <\/svg>\n            <\/button>\n        <\/h2>\n        \t\t\t\t<\/div>\n\t\t\t\t<\/div>\n\t\t\t\t<div class=\"elementor-element elementor-element-7a506c6 elementor-widget elementor-widget-text-editor\" data-id=\"7a506c6\" data-element_type=\"widget\" data-e-type=\"widget\" data-widget_type=\"text-editor.default\">\n\t\t\t\t<div class=\"elementor-widget-container\">\n\t\t\t\t\t\t\t\t\t<ul><li>Kondome \u2013 immer kostenlos an der Rezeption erh\u00e4ltlich <a href=\"\/de\/locations\/\">Standort des Gesundheitsministeriums von Tulsa<\/a><\/li><li>STD-Test<\/li><li>Empf\u00e4ngnisverh\u00fctung, einschlie\u00dflich Spiralen und Implantate, Depo-Provera, Pillen und Nuvaring*<\/li><li>Schwangerschaftstest*<\/li><li>Notfallverh\u00fctung*<\/li><\/ul><p>*F\u00fcr alle Familienplanungsdienste f\u00fcr Jugendliche im Alter von 17 Jahren und j\u00fcnger ist die Zustimmung der Eltern erforderlich. Allerdings kann ein Teenager selbst der Inanspruchnahme von Diensten zustimmen, wenn er bestimmte Kriterien erf\u00fcllt, z. unabh\u00e4ngig von ihren Eltern\/Erziehungsberechtigten sind und f\u00fcr ihren Lebensunterhalt sorgen oder schwanger sind\/waren.<\/p>\t\t\t\t\t\t\t\t<\/div>\n\t\t\t\t<\/div>\n\t\t\t\t\t<\/div>\n\t\t<\/div>\n\t\t\t\t\t<\/div>\n\t\t<\/section>\n\t\t\t\t<section class=\"elementor-section elementor-top-section elementor-element elementor-element-46e0241 elementor-section-full_width elementor-section-height-default elementor-section-height-default\" data-id=\"46e0241\" data-element_type=\"section\" data-e-type=\"section\">\n\t\t\t\t\t\t<div class=\"elementor-container elementor-column-gap-default\">\n\t\t\t\t\t<div class=\"elementor-column elementor-col-100 elementor-top-column elementor-element elementor-element-c8afcee\" data-id=\"c8afcee\" data-element_type=\"column\" data-e-type=\"column\">\n\t\t\t<div class=\"elementor-widget-wrap elementor-element-populated\">\n\t\t\t\t\t\t<div class=\"elementor-element elementor-element-3f28256 elementor-widget elementor-widget-shortcode\" data-id=\"3f28256\" data-element_type=\"widget\" data-e-type=\"widget\" data-widget_type=\"shortcode.default\">\n\t\t\t\t<div class=\"elementor-widget-container\">\n\t\t\t\t\t\t\t<div class=\"elementor-shortcode\">\t\t<div data-elementor-type=\"section\" data-elementor-id=\"4934\" class=\"elementor elementor-4934\" data-elementor-post-type=\"elementor_library\">\n\t\t\t\t\t<section class=\"elementor-section elementor-top-section elementor-element elementor-element-4469b59d elementor-section-stretched elementor-section-boxed elementor-section-height-default elementor-section-height-default\" data-id=\"4469b59d\" data-element_type=\"section\" data-e-type=\"section\" data-settings=\"{&quot;background_background&quot;:&quot;classic&quot;,&quot;stretch_section&quot;:&quot;section-stretched&quot;}\">\n\t\t\t\t\t\t\t<div class=\"elementor-background-overlay\"><\/div>\n\t\t\t\t\t\t\t<div class=\"elementor-container elementor-column-gap-default\">\n\t\t\t\t\t<div class=\"elementor-column elementor-col-100 elementor-top-column elementor-element elementor-element-615ea353\" data-id=\"615ea353\" data-element_type=\"column\" data-e-type=\"column\">\n\t\t\t<div class=\"elementor-widget-wrap elementor-element-populated\">\n\t\t\t\t\t\t<div class=\"elementor-element elementor-element-bdb2691 elementor-widget elementor-widget-heading\" data-id=\"bdb2691\" data-element_type=\"widget\" data-e-type=\"widget\" data-widget_type=\"heading.default\">\n\t\t\t\t<div class=\"elementor-widget-container\">\n\t\t\t\t\t<h5 class=\"elementor-heading-title elementor-size-default\">STANDORTE<\/h5>\t\t\t\t<\/div>\n\t\t\t\t<\/div>\n\t\t\t\t<div class=\"elementor-element elementor-element-00f74f9 elementor-widget elementor-widget-text-editor\" data-id=\"00f74f9\" data-element_type=\"widget\" data-e-type=\"widget\" data-widget_type=\"text-editor.default\">\n\t\t\t\t<div class=\"elementor-widget-container\">\n\t\t\t\t\t\t\t\t\t<p>Wir verf\u00fcgen \u00fcber 9 Standorte im gesamten Tulsa County, die eine Vielzahl von Dienstleistungen anbieten, die Ihnen und Ihrer Familie dabei helfen, gesund zu bleiben.<\/p>\t\t\t\t\t\t\t\t<\/div>\n\t\t\t\t<\/div>\n\t\t\t\t<div class=\"elementor-element elementor-element-fd63501 elementor-align-center secondary elementor-widget elementor-widget-button\" data-id=\"fd63501\" data-element_type=\"widget\" data-e-type=\"widget\" data-widget_type=\"button.default\">\n\t\t\t\t<div class=\"elementor-widget-container\">\n\t\t\t\t\t\t\t\t\t<div class=\"elementor-button-wrapper\">\n\t\t\t\t\t<a class=\"elementor-button elementor-button-link elementor-size-sm\" href=\"\/de\/locations\/\">\n\t\t\t\t\t\t<span class=\"elementor-button-content-wrapper\">\n\t\t\t\t\t\t\t\t\t<span class=\"elementor-button-text\">Finden Sie Ihr<\/span>\n\t\t\t\t\t<\/span>\n\t\t\t\t\t<\/a>\n\t\t\t\t<\/div>\n\t\t\t\t\t\t\t\t<\/div>\n\t\t\t\t<\/div>\n\t\t\t\t\t<\/div>\n\t\t<\/div>\n\t\t\t\t\t<\/div>\n\t\t<\/section>\n\t\t\t\t<\/div>\n\t\t<\/div>\n\t\t\t\t\t\t<\/div>\n\t\t\t\t<\/div>\n\t\t\t\t\t<\/div>\n\t\t<\/div>\n\t\t\t\t\t<\/div>\n\t\t<\/section>\n\t\t\t\t<\/div>","protected":false},"excerpt":{"rendered":"<p>Teen Clinic\u200b THD&#8217;s teen clinic provides confidential sexual and reproductive health care for teens with parent\/guardian consent. Visitors to our teen clinics will be received by a warm, caring staff. We are here to listen and offer counseling and education to address any questions or concerns you may have. Appointments can be made by calling\u00a0918-582-9355 [&hellip;]<\/p>\n","protected":false},"author":1,"featured_media":10515,"parent":1772,"menu_order":0,"comment_status":"closed","ping_status":"closed","template":"elementor_header_footer","meta":{"_acf_changed":false,"footnotes":""},"class_list":["post-1780","page","type-page","status-publish","has-post-thumbnail","hentry"],"acf":[],"yoast_head":"<!-- This site is optimized with the Yoast SEO plugin v27.4 - https:\/\/yoast.com\/product\/yoast-seo-wordpress\/ -->\n<title>Teen Clinic - Tulsa Health Department<\/title>\n<meta name=\"description\" content=\"Youth 19 and under can receive confidential sexual and reproductive health care. Parental consent may be required for those under the age of 18 years to receive services.\" \/>\n<meta name=\"robots\" content=\"index, follow, max-snippet:-1, max-image-preview:large, max-video-preview:-1\" \/>\n<link rel=\"canonical\" href=\"https:\/\/tulsa-health.org\/de\/services\/family-health-services\/teen-health\/teen-clinic\/\" \/>\n<meta property=\"og:locale\" content=\"de_DE\" \/>\n<meta property=\"og:type\" content=\"article\" \/>\n<meta property=\"og:title\" content=\"Teen Clinic - Tulsa Health Department\" \/>\n<meta property=\"og:description\" content=\"Youth 19 and under can receive confidential sexual and reproductive health care. Parental consent may be required for those under the age of 18 years to receive services.\" \/>\n<meta property=\"og:url\" content=\"https:\/\/tulsa-health.org\/de\/services\/family-health-services\/teen-health\/teen-clinic\/\" \/>\n<meta property=\"og:site_name\" content=\"Tulsa Health Department\" \/>\n<meta property=\"article:modified_time\" content=\"2024-05-29T17:45:26+00:00\" \/>\n<meta property=\"og:image\" content=\"https:\/\/tulsa-health.org\/wp-content\/uploads\/2023\/07\/teen-clinic-1.jpg\" \/>\n\t<meta property=\"og:image:width\" content=\"1620\" \/>\n\t<meta property=\"og:image:height\" content=\"1080\" \/>\n\t<meta property=\"og:image:type\" content=\"image\/jpeg\" \/>\n<meta name=\"twitter:card\" content=\"summary_large_image\" \/>\n<meta name=\"twitter:label1\" content=\"Gesch\u00e4tzte Lesezeit\" \/>\n\t<meta name=\"twitter:data1\" content=\"2 minutes\" \/>\n<script type=\"application\/ld+json\" class=\"yoast-schema-graph\">{\"@context\":\"https:\\\/\\\/schema.org\",\"@graph\":[{\"@type\":\"WebPage\",\"@id\":\"https:\\\/\\\/tulsa-health.org\\\/services\\\/family-health-services\\\/teen-health\\\/teen-clinic\\\/\",\"url\":\"https:\\\/\\\/tulsa-health.org\\\/services\\\/family-health-services\\\/teen-health\\\/teen-clinic\\\/\",\"name\":\"Teen Clinic - Tulsa Health Department\",\"isPartOf\":{\"@id\":\"https:\\\/\\\/tulsa-health.org\\\/es\\\/#website\"},\"primaryImageOfPage\":{\"@id\":\"https:\\\/\\\/tulsa-health.org\\\/services\\\/family-health-services\\\/teen-health\\\/teen-clinic\\\/#primaryimage\"},\"image\":{\"@id\":\"https:\\\/\\\/tulsa-health.org\\\/services\\\/family-health-services\\\/teen-health\\\/teen-clinic\\\/#primaryimage\"},\"thumbnailUrl\":\"https:\\\/\\\/tulsa-health.org\\\/wp-content\\\/uploads\\\/2023\\\/07\\\/teen-clinic-1.jpg\",\"datePublished\":\"2023-05-02T22:15:07+00:00\",\"dateModified\":\"2024-05-29T17:45:26+00:00\",\"description\":\"Youth 19 and under can receive confidential sexual and reproductive health care. Parental consent may be required for those under the age of 18 years to receive services.\",\"breadcrumb\":{\"@id\":\"https:\\\/\\\/tulsa-health.org\\\/services\\\/family-health-services\\\/teen-health\\\/teen-clinic\\\/#breadcrumb\"},\"inLanguage\":\"de-DE-formal\",\"potentialAction\":[{\"@type\":\"ReadAction\",\"target\":[\"https:\\\/\\\/tulsa-health.org\\\/services\\\/family-health-services\\\/teen-health\\\/teen-clinic\\\/\"]}]},{\"@type\":\"ImageObject\",\"inLanguage\":\"de-DE-formal\",\"@id\":\"https:\\\/\\\/tulsa-health.org\\\/services\\\/family-health-services\\\/teen-health\\\/teen-clinic\\\/#primaryimage\",\"url\":\"https:\\\/\\\/tulsa-health.org\\\/wp-content\\\/uploads\\\/2023\\\/07\\\/teen-clinic-1.jpg\",\"contentUrl\":\"https:\\\/\\\/tulsa-health.org\\\/wp-content\\\/uploads\\\/2023\\\/07\\\/teen-clinic-1.jpg\",\"width\":1620,\"height\":1080,\"caption\":\"Teen Clinic\"},{\"@type\":\"BreadcrumbList\",\"@id\":\"https:\\\/\\\/tulsa-health.org\\\/services\\\/family-health-services\\\/teen-health\\\/teen-clinic\\\/#breadcrumb\",\"itemListElement\":[{\"@type\":\"ListItem\",\"position\":1,\"name\":\"Home\",\"item\":\"https:\\\/\\\/tulsa-health.org\\\/\"},{\"@type\":\"ListItem\",\"position\":2,\"name\":\"Services\",\"item\":\"https:\\\/\\\/tulsa-health.org\\\/services\\\/\"},{\"@type\":\"ListItem\",\"position\":3,\"name\":\"Family Health Services\",\"item\":\"https:\\\/\\\/tulsa-health.org\\\/services\\\/family-health-services\\\/\"},{\"@type\":\"ListItem\",\"position\":4,\"name\":\"Teen Health\",\"item\":\"https:\\\/\\\/tulsa-health.org\\\/services\\\/family-health-services\\\/teen-health\\\/\"},{\"@type\":\"ListItem\",\"position\":5,\"name\":\"Teen Clinic\"}]},{\"@type\":\"WebSite\",\"@id\":\"https:\\\/\\\/tulsa-health.org\\\/es\\\/#website\",\"url\":\"https:\\\/\\\/tulsa-health.org\\\/es\\\/\",\"name\":\"Tulsa Health Department\",\"description\":\"Clinical Services, Immunizations, Permits and More | Tulsa Health Department\",\"potentialAction\":[{\"@type\":\"SearchAction\",\"target\":{\"@type\":\"EntryPoint\",\"urlTemplate\":\"https:\\\/\\\/tulsa-health.org\\\/es\\\/?s={search_term_string}\"},\"query-input\":{\"@type\":\"PropertyValueSpecification\",\"valueRequired\":true,\"valueName\":\"search_term_string\"}}],\"inLanguage\":\"de-DE-formal\"}]}<\/script>\n<!-- \/ Yoast SEO plugin. -->","yoast_head_json":{"title":"Jugendklinik - Gesundheitsamt Tulsa","description":"Jugendliche unter 19 Jahren k\u00f6nnen vertrauliche Beratung zu sexueller und reproduktiver Gesundheit erhalten. F\u00fcr Personen unter 18 Jahren kann die Zustimmung der Eltern erforderlich sein, um die Leistungen in Anspruch zu nehmen.","robots":{"index":"index","follow":"follow","max-snippet":"max-snippet:-1","max-image-preview":"max-image-preview:large","max-video-preview":"max-video-preview:-1"},"canonical":"https:\/\/tulsa-health.org\/de\/services\/family-health-services\/teen-health\/teen-clinic\/","og_locale":"de_DE","og_type":"article","og_title":"Teen Clinic - Tulsa Health Department","og_description":"Youth 19 and under can receive confidential sexual and reproductive health care. Parental consent may be required for those under the age of 18 years to receive services.","og_url":"https:\/\/tulsa-health.org\/de\/services\/family-health-services\/teen-health\/teen-clinic\/","og_site_name":"Tulsa Health Department","article_modified_time":"2024-05-29T17:45:26+00:00","og_image":[{"width":1620,"height":1080,"url":"https:\/\/tulsa-health.org\/wp-content\/uploads\/2023\/07\/teen-clinic-1.jpg","type":"image\/jpeg"}],"twitter_card":"summary_large_image","twitter_misc":{"Gesch\u00e4tzte Lesezeit":"2 minutes"},"schema":{"@context":"https:\/\/schema.org","@graph":[{"@type":"WebPage","@id":"https:\/\/tulsa-health.org\/services\/family-health-services\/teen-health\/teen-clinic\/","url":"https:\/\/tulsa-health.org\/services\/family-health-services\/teen-health\/teen-clinic\/","name":"Jugendklinik - Gesundheitsamt Tulsa","isPartOf":{"@id":"https:\/\/tulsa-health.org\/es\/#website"},"primaryImageOfPage":{"@id":"https:\/\/tulsa-health.org\/services\/family-health-services\/teen-health\/teen-clinic\/#primaryimage"},"image":{"@id":"https:\/\/tulsa-health.org\/services\/family-health-services\/teen-health\/teen-clinic\/#primaryimage"},"thumbnailUrl":"https:\/\/tulsa-health.org\/wp-content\/uploads\/2023\/07\/teen-clinic-1.jpg","datePublished":"2023-05-02T22:15:07+00:00","dateModified":"2024-05-29T17:45:26+00:00","description":"Jugendliche unter 19 Jahren k\u00f6nnen vertrauliche Beratung zu sexueller und reproduktiver Gesundheit erhalten. F\u00fcr Personen unter 18 Jahren kann die Zustimmung der Eltern erforderlich sein, um die Leistungen in Anspruch zu nehmen.","breadcrumb":{"@id":"https:\/\/tulsa-health.org\/services\/family-health-services\/teen-health\/teen-clinic\/#breadcrumb"},"inLanguage":"de-DE-formal","potentialAction":[{"@type":"ReadAction","target":["https:\/\/tulsa-health.org\/services\/family-health-services\/teen-health\/teen-clinic\/"]}]},{"@type":"ImageObject","inLanguage":"de-DE-formal","@id":"https:\/\/tulsa-health.org\/services\/family-health-services\/teen-health\/teen-clinic\/#primaryimage","url":"https:\/\/tulsa-health.org\/wp-content\/uploads\/2023\/07\/teen-clinic-1.jpg","contentUrl":"https:\/\/tulsa-health.org\/wp-content\/uploads\/2023\/07\/teen-clinic-1.jpg","width":1620,"height":1080,"caption":"Teen Clinic"},{"@type":"BreadcrumbList","@id":"https:\/\/tulsa-health.org\/services\/family-health-services\/teen-health\/teen-clinic\/#breadcrumb","itemListElement":[{"@type":"ListItem","position":1,"name":"Home","item":"https:\/\/tulsa-health.org\/"},{"@type":"ListItem","position":2,"name":"Services","item":"https:\/\/tulsa-health.org\/services\/"},{"@type":"ListItem","position":3,"name":"Family Health Services","item":"https:\/\/tulsa-health.org\/services\/family-health-services\/"},{"@type":"ListItem","position":4,"name":"Teen Health","item":"https:\/\/tulsa-health.org\/services\/family-health-services\/teen-health\/"},{"@type":"ListItem","position":5,"name":"Teen Clinic"}]},{"@type":"WebSite","@id":"https:\/\/tulsa-health.org\/es\/#website","url":"https:\/\/tulsa-health.org\/es\/","name":"Gesundheitsamt von Tulsa","description":"Klinische Dienste, Impfungen, Genehmigungen und mehr | Gesundheitsamt Tulsa","potentialAction":[{"@type":"SearchAction","target":{"@type":"EntryPoint","urlTemplate":"https:\/\/tulsa-health.org\/es\/?s={search_term_string}"},"query-input":{"@type":"PropertyValueSpecification","valueRequired":true,"valueName":"search_term_string"}}],"inLanguage":"de-DE-formal"}]}},"publishpress_future_workflow_manual_trigger":{"enabledWorkflows":[]},"_links":{"self":[{"href":"https:\/\/tulsa-health.org\/de\/wp-json\/wp\/v2\/pages\/1780","targetHints":{"allow":["GET"]}}],"collection":[{"href":"https:\/\/tulsa-health.org\/de\/wp-json\/wp\/v2\/pages"}],"about":[{"href":"https:\/\/tulsa-health.org\/de\/wp-json\/wp\/v2\/types\/page"}],"author":[{"embeddable":true,"href":"https:\/\/tulsa-health.org\/de\/wp-json\/wp\/v2\/users\/1"}],"replies":[{"embeddable":true,"href":"https:\/\/tulsa-health.org\/de\/wp-json\/wp\/v2\/comments?post=1780"}],"version-history":[{"count":0,"href":"https:\/\/tulsa-health.org\/de\/wp-json\/wp\/v2\/pages\/1780\/revisions"}],"up":[{"embeddable":true,"href":"https:\/\/tulsa-health.org\/de\/wp-json\/wp\/v2\/pages\/1772"}],"wp:featuredmedia":[{"embeddable":true,"href":"https:\/\/tulsa-health.org\/de\/wp-json\/wp\/v2\/media\/10515"}],"wp:attachment":[{"href":"https:\/\/tulsa-health.org\/de\/wp-json\/wp\/v2\/media?parent=1780"}],"curies":[{"name":"wp","href":"https:\/\/api.w.org\/{rel}","templated":true}]}}