{"id":2355,"date":"2023-05-04T18:07:27","date_gmt":"2023-05-04T23:07:27","guid":{"rendered":"https:\/\/test.tulsa-health.org\/?page_id=2355"},"modified":"2023-12-20T18:42:10","modified_gmt":"2023-12-21T00:42:10","slug":"housing","status":"publish","type":"page","link":"https:\/\/tulsa-health.org\/de\/permits-inspections\/housing\/","title":{"rendered":"Geh\u00e4use"},"content":{"rendered":"<div data-elementor-type=\"wp-page\" data-elementor-id=\"2355\" class=\"elementor elementor-2355\" data-elementor-post-type=\"page\">\n\t\t\t\t\t\t<section class=\"elementor-section elementor-top-section elementor-element elementor-element-1811387 elementor-section-full_width elementor-section-height-min-height elementor-section-height-default elementor-section-items-middle\" data-id=\"1811387\" data-element_type=\"section\" data-e-type=\"section\" data-settings=\"{&quot;background_background&quot;:&quot;classic&quot;}\">\n\t\t\t\t\t\t<div class=\"elementor-container elementor-column-gap-no\">\n\t\t\t\t\t<div class=\"elementor-column elementor-col-100 elementor-top-column elementor-element elementor-element-dde1b32\" data-id=\"dde1b32\" data-element_type=\"column\" data-e-type=\"column\">\n\t\t\t<div class=\"elementor-widget-wrap\">\n\t\t\t\t\t\t\t<\/div>\n\t\t<\/div>\n\t\t\t\t\t<\/div>\n\t\t<\/section>\n\t\t\t\t<section class=\"elementor-section elementor-top-section elementor-element elementor-element-9840e40 elementor-section-boxed elementor-section-height-default elementor-section-height-default\" data-id=\"9840e40\" data-element_type=\"section\" data-e-type=\"section\" data-settings=\"{&quot;background_background&quot;:&quot;classic&quot;}\">\n\t\t\t\t\t\t<div class=\"elementor-container elementor-column-gap-default\">\n\t\t\t\t\t<div class=\"elementor-column elementor-col-100 elementor-top-column elementor-element elementor-element-620a221\" data-id=\"620a221\" data-element_type=\"column\" data-e-type=\"column\">\n\t\t\t<div class=\"elementor-widget-wrap elementor-element-populated\">\n\t\t\t\t\t\t<div class=\"elementor-element elementor-element-7516e71 elementor-widget elementor-widget-heading\" data-id=\"7516e71\" data-element_type=\"widget\" data-e-type=\"widget\" data-widget_type=\"heading.default\">\n\t\t\t\t<div class=\"elementor-widget-container\">\n\t\t\t\t\t<h1 class=\"elementor-heading-title elementor-size-default\">Wohnen<\/h1>\t\t\t\t<\/div>\n\t\t\t\t<\/div>\n\t\t\t\t<div class=\"elementor-element elementor-element-96c0950 elementor-widget elementor-widget-text-editor\" data-id=\"96c0950\" data-element_type=\"widget\" data-e-type=\"widget\" data-widget_type=\"text-editor.default\">\n\t\t\t\t<div class=\"elementor-widget-container\">\n\t\t\t\t\t\t\t\t\t<p>THD bietet Dienstleistungen an, die dazu beitragen, sicheres Wohnen, gesunde Lebensr\u00e4ume und mehr zu gew\u00e4hrleisten. Wir f\u00fchren auch Inspektionen von Immobilien durch und informieren \u00fcber \u00f6rtliche Vorschriften.<\/p>\t\t\t\t\t\t\t\t<\/div>\n\t\t\t\t<\/div>\n\t\t\t\t\t<\/div>\n\t\t<\/div>\n\t\t\t\t\t<\/div>\n\t\t<\/section>\n\t\t\t\t<section class=\"elementor-section elementor-top-section elementor-element elementor-element-fe05a62 elementor-section-boxed elementor-section-height-default elementor-section-height-default\" data-id=\"fe05a62\" data-element_type=\"section\" data-e-type=\"section\" data-settings=\"{&quot;background_background&quot;:&quot;classic&quot;}\">\n\t\t\t\t\t\t<div class=\"elementor-container elementor-column-gap-default\">\n\t\t\t\t\t<div class=\"elementor-column elementor-col-100 elementor-top-column elementor-element elementor-element-f5eab0e\" data-id=\"f5eab0e\" data-element_type=\"column\" data-e-type=\"column\">\n\t\t\t<div class=\"elementor-widget-wrap elementor-element-populated\">\n\t\t\t\t\t\t<div class=\"elementor-element elementor-element-43e9629 elementor-widget elementor-widget-ucaddon_unlimited_grid\" data-id=\"43e9629\" data-element_type=\"widget\" data-e-type=\"widget\" data-widget_type=\"ucaddon_unlimited_grid.default\">\n\t\t\t\t<div class=\"elementor-widget-container\">\n\t\t\t\t\t\n<!-- start Unlimited Grid -->\n\t\t<link id='font-awesome-css' href='https:\/\/tulsa-health.org\/wp-content\/plugins\/unlimited-elements-for-elementor-premium\/assets_libraries\/font-awesome6\/fontawesome-all.min.css' type='text\/css' rel='stylesheet' >\n\t\t<link id='font-awesome-4-shim-css' href='https:\/\/tulsa-health.org\/wp-content\/plugins\/unlimited-elements-for-elementor-premium\/assets_libraries\/font-awesome6\/fontawesome-v4-shims.min.css' type='text\/css' rel='stylesheet' >\n\t\t<link id='fancybox-css' href='https:\/\/tulsa-health.org\/wp-content\/plugins\/unlimited-elements-for-elementor-premium\/assets_libraries\/fancybox3\/jquery.fancybox.min.css' type='text\/css' rel='stylesheet' >\n\n<style>\/* widget: Unlimited Grid *\/\n\n#uc_unlimited_grid_elementor_43e9629\n{\n  display:grid;\n  grid-auto-rows: 1fr;\n}\n\n.ue-btn\n{\n  text-decoration:none;\n  text-align:center;\n  transition:0.3s;\n}\n\n#uc_unlimited_grid_elementor_43e9629 .ue-overlay-link\n{\n  display:block;\n  position:absolute;\n  top:0px;\n  bottom:0px;\n  right:0px;\n  left:0px;\n}\n\n#uc_unlimited_grid_elementor_43e9629 .ue-item\n{\n  position:relative;\n  display:flex;\n  overflow:hidden;\n  background-size:cover;\n}\n\n#uc_unlimited_grid_elementor_43e9629 .ue-item-overlay\n{\n  position:absolute;\n  top:0;\n  right:0;\n  left:0;\n  bottom:0;\n  transition:0.3s;\n}\n\n#uc_unlimited_grid_elementor_43e9629 .ue-item-bg\n{\n  position:absolute;\n  top:0;\n  right:0;\n  left:0;\n  bottom:0;\n  transition:0.3s;\n  background-size:cover;\n}\n\n\n\t\n\n\n\n\n\n\n#uc_unlimited_grid_elementor_43e9629 .ue-graphic-element\n{\n  display:inline-flex;\n  align-items:center;\n  justify-content:center;\n  line-height:1em;\n  overflow:hidden;\n}\n\n#uc_unlimited_grid_elementor_43e9629 .ue-graphic-element svg\n{\n  height:1em;\n  width:1em;\n}\n\n#uc_unlimited_grid_elementor_43e9629 .ue-graphic-element img\n{\n  display:block;\n}\n\n.ue-item-title\n{\n  font-size:21px;\n}\n\n#uc_unlimited_grid_elementor_43e9629 .ue-item-content\n{\n  position:relative;\n  width:100%;\n}\n\n\n\n\t@media only screen and (max-width: 767px) {\n      \n      \n      #uc_unlimited_grid_elementor_43e9629  {\n          grid-template-columns: repeat(1, 1fr);\n        }\n      \n      #uc_unlimited_grid_elementor_43e9629 .ue-item\n      {\n        grid-column: span 1;\n        grid-row: span 1;\n      }\n      \n      \n      }\n\t\n\n\n\n\n\n\n\n\n\n\n\n\n\n\n\n\n\n  #uc_unlimited_grid_elementor_43e9629 #uc_unlimited_grid_elementor_43e9629_item1 .ue-item-bg\n  {\n    background-image:url(https:\/\/tulsa-health.org\/wp-content\/uploads\/2023\/07\/inspections.jpg);\n  }\n\n\n\n  #uc_unlimited_grid_elementor_43e9629 #uc_unlimited_grid_elementor_43e9629_item2 .ue-item-bg\n  {\n    background-image:url(https:\/\/tulsa-health.org\/wp-content\/uploads\/2023\/07\/PropertyMaintenance-stock-photo-16200192-mowing-the-lawn-iStock_000016200192Small.jpg);\n  }\n\n\n\n  #uc_unlimited_grid_elementor_43e9629 #uc_unlimited_grid_elementor_43e9629_item3 .ue-item-bg\n  {\n    background-image:url(https:\/\/tulsa-health.org\/wp-content\/uploads\/2023\/07\/public-swimming-option-1-of-2-1.jpg);\n  }\n\n\n\n  #uc_unlimited_grid_elementor_43e9629 #uc_unlimited_grid_elementor_43e9629_item4 .ue-item-bg\n  {\n    background-image:url(https:\/\/tulsa-health.org\/wp-content\/uploads\/2023\/07\/MoldInfo-2371421_P_Housework.jpg);\n  }\n\n\n\n  #uc_unlimited_grid_elementor_43e9629 #uc_unlimited_grid_elementor_43e9629_item5 .ue-item-bg\n  {\n    background-image:url(https:\/\/tulsa-health.org\/wp-content\/uploads\/2023\/07\/Lodging-stock-photo-15553126-breakfast-in-bed-iStock_000015553126Small.jpg);\n  }\n\n\n\n\n\n<\/style>\n\n<div id=\"uc_unlimited_grid_elementor_43e9629\" class=\"ue-unlimited-grid\">\n  <div id=\"uc_unlimited_grid_elementor_43e9629_item1\" class=\"ue-item elementor-repeater-item-23ed0eb\">\n  <div class=\"ue-item-bg\"><\/div>\n  <div class=\"ue-item-overlay\"><\/div>\n  \n    <div class=\"ue-item-content None\">\n                      <div class=\"ue-item-title\">Wohnungsinspektionen<\/div>\n    <div class=\"ue-item-text\"><p>THD inspiziert bestehende Bauwerke, um bestimmte Mindestbaustandards sicherzustellen und durchzusetzen, die eingehalten werden m\u00fcssen, wenn das Bauwerk bewohnt oder genutzt wird.<\/p><\/div>\n      <\/div>\n    \n  \n    \n    \n  <a class=\"ue-overlay-link\" href=\"\/de\/permits-inspections\/housing\/housing-inspections\/\" ><\/a>\n  \n  \n  \n<\/div>\n<div id=\"uc_unlimited_grid_elementor_43e9629_item2\" class=\"ue-item elementor-repeater-item-c3ce2af\">\n  <div class=\"ue-item-bg\"><\/div>\n  <div class=\"ue-item-overlay\"><\/div>\n  \n    <div class=\"ue-item-content None\">\n                      <div class=\"ue-item-title\">Grundst\u00fcckspflege<\/div>\n    <div class=\"ue-item-text\"><p>THD hilft bei der Durchsetzung \u00f6ffentlicher Bel\u00e4stigungsprogramme des Tulsa County und der Stadt Tulsa, die darauf abzielen, unhygienische Zust\u00e4nde zu beseitigen, die potenzielle Gefahren f\u00fcr die \u00f6ffentliche Gesundheit darstellen.\u200b<\/p><\/div>\n      <\/div>\n    \n  \n    \n    \n  <a class=\"ue-overlay-link\" href=\"\/de\/permits-inspections\/housing\/property-maintenance\/\" ><\/a>\n  \n  \n  \n<\/div>\n<div id=\"uc_unlimited_grid_elementor_43e9629_item3\" class=\"ue-item elementor-repeater-item-3430f5b\">\n  <div class=\"ue-item-bg\"><\/div>\n  <div class=\"ue-item-overlay\"><\/div>\n  \n    <div class=\"ue-item-content None\">\n                      <div class=\"ue-item-title\">\u00d6ffentliche Schwimmb\u00e4der<\/div>\n    <div class=\"ue-item-text\"><p>Regeln und Vorschriften f\u00fcr \u00f6ffentliche Schwimmb\u00e4der in Tulsa.<\/p><\/div>\n      <\/div>\n    \n  \n    \n    \n  <a class=\"ue-overlay-link\" href=\"\/de\/permits-inspections\/housing\/public-swimming-pools\/\" ><\/a>\n  \n  \n  \n<\/div>\n<div id=\"uc_unlimited_grid_elementor_43e9629_item4\" class=\"ue-item elementor-repeater-item-2e3e954\">\n  <div class=\"ue-item-bg\"><\/div>\n  <div class=\"ue-item-overlay\"><\/div>\n  \n    <div class=\"ue-item-content None\">\n                      <div class=\"ue-item-title\">Schimmelinformationen<\/div>\n    <div class=\"ue-item-text\"><p>Obwohl Schimmel normalerweise keine Hauptursache f\u00fcr schwerwiegende Gesundheitsprobleme ist, kann er verschiedene Atemwegserkrankungen wie Asthma, Lungenpilzinfektionen, Bronchitis und Allergien verursachen oder verschlimmern.<\/p><\/div>\n      <\/div>\n    \n  \n    \n    \n  <a class=\"ue-overlay-link\" href=\"\/de\/permits-inspections\/housing\/mold-info\/\" ><\/a>\n  \n  \n  \n<\/div>\n<div id=\"uc_unlimited_grid_elementor_43e9629_item5\" class=\"ue-item elementor-repeater-item-c321790\">\n  <div class=\"ue-item-bg\"><\/div>\n  <div class=\"ue-item-overlay\"><\/div>\n  \n    <div class=\"ue-item-content None\">\n                      <div class=\"ue-item-title\">Inspektionen von Unterk\u00fcnften<\/div>\n    <div class=\"ue-item-text\"><p>Mitarbeiter des Umweltgesundheitsdienstes des Tulsa Health Department inspizieren im Rahmen eines Vertrags mit dem Oklahoma State Department of Health Beherbergungsbetriebe im Tulsa County.<\/p><\/div>\n      <\/div>\n    \n  \n    \n    \n  <a class=\"ue-overlay-link\" href=\"\/de\/permits-inspections\/housing\/lodging-inspections\/\" ><\/a>\n  \n  \n  \n<\/div>\n\n<\/div>\n<!-- end Unlimited Grid -->\t\t\t\t<\/div>\n\t\t\t\t<\/div>\n\t\t\t\t\t<\/div>\n\t\t<\/div>\n\t\t\t\t\t<\/div>\n\t\t<\/section>\n\t\t\t\t<section class=\"elementor-section elementor-top-section elementor-element elementor-element-b072758 elementor-section-full_width elementor-section-height-default elementor-section-height-default\" data-id=\"b072758\" data-element_type=\"section\" data-e-type=\"section\">\n\t\t\t\t\t\t<div class=\"elementor-container elementor-column-gap-default\">\n\t\t\t\t\t<div class=\"elementor-column elementor-col-100 elementor-top-column elementor-element elementor-element-ca91f53\" data-id=\"ca91f53\" data-element_type=\"column\" data-e-type=\"column\">\n\t\t\t<div class=\"elementor-widget-wrap elementor-element-populated\">\n\t\t\t\t\t\t<div class=\"elementor-element elementor-element-e804972 elementor-widget elementor-widget-shortcode\" data-id=\"e804972\" data-element_type=\"widget\" data-e-type=\"widget\" data-widget_type=\"shortcode.default\">\n\t\t\t\t<div class=\"elementor-widget-container\">\n\t\t\t\t\t\t\t<div class=\"elementor-shortcode\">\t\t<div data-elementor-type=\"section\" data-elementor-id=\"4934\" class=\"elementor elementor-4934\" data-elementor-post-type=\"elementor_library\">\n\t\t\t\t\t<section class=\"elementor-section elementor-top-section elementor-element elementor-element-4469b59d elementor-section-stretched elementor-section-boxed elementor-section-height-default elementor-section-height-default\" data-id=\"4469b59d\" data-element_type=\"section\" data-e-type=\"section\" data-settings=\"{&quot;background_background&quot;:&quot;classic&quot;,&quot;stretch_section&quot;:&quot;section-stretched&quot;}\">\n\t\t\t\t\t\t\t<div class=\"elementor-background-overlay\"><\/div>\n\t\t\t\t\t\t\t<div class=\"elementor-container elementor-column-gap-default\">\n\t\t\t\t\t<div class=\"elementor-column elementor-col-100 elementor-top-column elementor-element elementor-element-615ea353\" data-id=\"615ea353\" data-element_type=\"column\" data-e-type=\"column\">\n\t\t\t<div class=\"elementor-widget-wrap elementor-element-populated\">\n\t\t\t\t\t\t<div class=\"elementor-element elementor-element-bdb2691 elementor-widget elementor-widget-heading\" data-id=\"bdb2691\" data-element_type=\"widget\" data-e-type=\"widget\" data-widget_type=\"heading.default\">\n\t\t\t\t<div class=\"elementor-widget-container\">\n\t\t\t\t\t<h5 class=\"elementor-heading-title elementor-size-default\">STANDORTE<\/h5>\t\t\t\t<\/div>\n\t\t\t\t<\/div>\n\t\t\t\t<div class=\"elementor-element elementor-element-00f74f9 elementor-widget elementor-widget-text-editor\" data-id=\"00f74f9\" data-element_type=\"widget\" data-e-type=\"widget\" data-widget_type=\"text-editor.default\">\n\t\t\t\t<div class=\"elementor-widget-container\">\n\t\t\t\t\t\t\t\t\t<p>Wir verf\u00fcgen \u00fcber 9 Standorte im gesamten Tulsa County, die eine Vielzahl von Dienstleistungen anbieten, die Ihnen und Ihrer Familie dabei helfen, gesund zu bleiben.<\/p>\t\t\t\t\t\t\t\t<\/div>\n\t\t\t\t<\/div>\n\t\t\t\t<div class=\"elementor-element elementor-element-fd63501 elementor-align-center secondary elementor-widget elementor-widget-button\" data-id=\"fd63501\" data-element_type=\"widget\" data-e-type=\"widget\" data-widget_type=\"button.default\">\n\t\t\t\t<div class=\"elementor-widget-container\">\n\t\t\t\t\t\t\t\t\t<div class=\"elementor-button-wrapper\">\n\t\t\t\t\t<a class=\"elementor-button elementor-button-link elementor-size-sm\" href=\"\/de\/locations\/\">\n\t\t\t\t\t\t<span class=\"elementor-button-content-wrapper\">\n\t\t\t\t\t\t\t\t\t<span class=\"elementor-button-text\">Finden Sie Ihr<\/span>\n\t\t\t\t\t<\/span>\n\t\t\t\t\t<\/a>\n\t\t\t\t<\/div>\n\t\t\t\t\t\t\t\t<\/div>\n\t\t\t\t<\/div>\n\t\t\t\t\t<\/div>\n\t\t<\/div>\n\t\t\t\t\t<\/div>\n\t\t<\/section>\n\t\t\t\t<\/div>\n\t\t<\/div>\n\t\t\t\t\t\t<\/div>\n\t\t\t\t<\/div>\n\t\t\t\t\t<\/div>\n\t\t<\/div>\n\t\t\t\t\t<\/div>\n\t\t<\/section>\n\t\t\t\t<\/div>","protected":false},"excerpt":{"rendered":"<p>Housing\u200b THD offers services to help ensure safe housing, healthy living spaces, and more. We also conduct inspections of properties and provide information about local regulations. Housing Inspections THD inspects existing structures to ensure and enforce certain minimum building standards that must be in place if the structure is occupied or used. Property Maintenance THD [&hellip;]<\/p>\n","protected":false},"author":1,"featured_media":10356,"parent":698,"menu_order":0,"comment_status":"closed","ping_status":"closed","template":"elementor_header_footer","meta":{"_acf_changed":false,"footnotes":""},"class_list":["post-2355","page","type-page","status-publish","has-post-thumbnail","hentry"],"acf":[],"yoast_head":"<!-- This site is optimized with the Yoast SEO plugin v27.4 - https:\/\/yoast.com\/product\/yoast-seo-wordpress\/ -->\n<title>Housing - Tulsa Health Department<\/title>\n<meta name=\"description\" content=\"THD offers services to help ensure safe housing, healthy living spaces, and more. We also conduct inspections of properties and provide information about local regulations.\" \/>\n<meta name=\"robots\" content=\"index, follow, max-snippet:-1, max-image-preview:large, max-video-preview:-1\" \/>\n<link rel=\"canonical\" href=\"https:\/\/tulsa-health.org\/de\/permits-inspections\/housing\/\" \/>\n<meta property=\"og:locale\" content=\"de_DE\" \/>\n<meta property=\"og:type\" content=\"article\" \/>\n<meta property=\"og:title\" content=\"Housing - Tulsa Health Department\" \/>\n<meta property=\"og:description\" content=\"THD offers services to help ensure safe housing, healthy living spaces, and more. We also conduct inspections of properties and provide information about local regulations.\" \/>\n<meta property=\"og:url\" content=\"https:\/\/tulsa-health.org\/de\/permits-inspections\/housing\/\" \/>\n<meta property=\"og:site_name\" content=\"Tulsa Health Department\" \/>\n<meta property=\"article:modified_time\" content=\"2023-12-21T00:42:10+00:00\" \/>\n<meta property=\"og:image\" content=\"https:\/\/tulsa-health.org\/wp-content\/uploads\/2023\/07\/header-croberts_apartment_complex_in_tulsa_oklahoma_at_sunset_b3cdbe26-6ac0-4d6b-87c5-4a8e37c57512.png\" \/>\n\t<meta property=\"og:image:width\" content=\"1024\" \/>\n\t<meta property=\"og:image:height\" content=\"1024\" \/>\n\t<meta property=\"og:image:type\" content=\"image\/png\" \/>\n<meta name=\"twitter:card\" content=\"summary_large_image\" \/>\n<meta name=\"twitter:label1\" content=\"Gesch\u00e4tzte Lesezeit\" \/>\n\t<meta name=\"twitter:data1\" content=\"1 minute\" \/>\n<script type=\"application\/ld+json\" class=\"yoast-schema-graph\">{\"@context\":\"https:\\\/\\\/schema.org\",\"@graph\":[{\"@type\":\"WebPage\",\"@id\":\"https:\\\/\\\/tulsa-health.org\\\/permits-inspections\\\/housing\\\/\",\"url\":\"https:\\\/\\\/tulsa-health.org\\\/permits-inspections\\\/housing\\\/\",\"name\":\"Housing - Tulsa Health Department\",\"isPartOf\":{\"@id\":\"https:\\\/\\\/tulsa-health.org\\\/es\\\/#website\"},\"primaryImageOfPage\":{\"@id\":\"https:\\\/\\\/tulsa-health.org\\\/permits-inspections\\\/housing\\\/#primaryimage\"},\"image\":{\"@id\":\"https:\\\/\\\/tulsa-health.org\\\/permits-inspections\\\/housing\\\/#primaryimage\"},\"thumbnailUrl\":\"https:\\\/\\\/tulsa-health.org\\\/wp-content\\\/uploads\\\/2023\\\/07\\\/header-croberts_apartment_complex_in_tulsa_oklahoma_at_sunset_b3cdbe26-6ac0-4d6b-87c5-4a8e37c57512.png\",\"datePublished\":\"2023-05-04T23:07:27+00:00\",\"dateModified\":\"2023-12-21T00:42:10+00:00\",\"description\":\"THD offers services to help ensure safe housing, healthy living spaces, and more. We also conduct inspections of properties and provide information about local regulations.\",\"breadcrumb\":{\"@id\":\"https:\\\/\\\/tulsa-health.org\\\/permits-inspections\\\/housing\\\/#breadcrumb\"},\"inLanguage\":\"de-DE-formal\",\"potentialAction\":[{\"@type\":\"ReadAction\",\"target\":[\"https:\\\/\\\/tulsa-health.org\\\/permits-inspections\\\/housing\\\/\"]}]},{\"@type\":\"ImageObject\",\"inLanguage\":\"de-DE-formal\",\"@id\":\"https:\\\/\\\/tulsa-health.org\\\/permits-inspections\\\/housing\\\/#primaryimage\",\"url\":\"https:\\\/\\\/tulsa-health.org\\\/wp-content\\\/uploads\\\/2023\\\/07\\\/header-croberts_apartment_complex_in_tulsa_oklahoma_at_sunset_b3cdbe26-6ac0-4d6b-87c5-4a8e37c57512.png\",\"contentUrl\":\"https:\\\/\\\/tulsa-health.org\\\/wp-content\\\/uploads\\\/2023\\\/07\\\/header-croberts_apartment_complex_in_tulsa_oklahoma_at_sunset_b3cdbe26-6ac0-4d6b-87c5-4a8e37c57512.png\",\"width\":1024,\"height\":1024,\"caption\":\"Sunset over a home\"},{\"@type\":\"BreadcrumbList\",\"@id\":\"https:\\\/\\\/tulsa-health.org\\\/permits-inspections\\\/housing\\\/#breadcrumb\",\"itemListElement\":[{\"@type\":\"ListItem\",\"position\":1,\"name\":\"Home\",\"item\":\"https:\\\/\\\/tulsa-health.org\\\/\"},{\"@type\":\"ListItem\",\"position\":2,\"name\":\"Permits &#038; Inspections\",\"item\":\"https:\\\/\\\/tulsa-health.org\\\/permits-inspections\\\/\"},{\"@type\":\"ListItem\",\"position\":3,\"name\":\"Housing\"}]},{\"@type\":\"WebSite\",\"@id\":\"https:\\\/\\\/tulsa-health.org\\\/es\\\/#website\",\"url\":\"https:\\\/\\\/tulsa-health.org\\\/es\\\/\",\"name\":\"Tulsa Health Department\",\"description\":\"Clinical Services, Immunizations, Permits and More | Tulsa Health Department\",\"potentialAction\":[{\"@type\":\"SearchAction\",\"target\":{\"@type\":\"EntryPoint\",\"urlTemplate\":\"https:\\\/\\\/tulsa-health.org\\\/es\\\/?s={search_term_string}\"},\"query-input\":{\"@type\":\"PropertyValueSpecification\",\"valueRequired\":true,\"valueName\":\"search_term_string\"}}],\"inLanguage\":\"de-DE-formal\"}]}<\/script>\n<!-- \/ Yoast SEO plugin. -->","yoast_head_json":{"title":"Wohnen - Gesundheitsamt Tulsa","description":"THD bietet Dienstleistungen an, die dazu beitragen, sicheres Wohnen, gesunde Lebensr\u00e4ume und mehr zu gew\u00e4hrleisten. Wir f\u00fchren auch Inspektionen von Immobilien durch und informieren \u00fcber \u00f6rtliche Vorschriften.","robots":{"index":"index","follow":"follow","max-snippet":"max-snippet:-1","max-image-preview":"max-image-preview:large","max-video-preview":"max-video-preview:-1"},"canonical":"https:\/\/tulsa-health.org\/de\/permits-inspections\/housing\/","og_locale":"de_DE","og_type":"article","og_title":"Housing - Tulsa Health Department","og_description":"THD offers services to help ensure safe housing, healthy living spaces, and more. We also conduct inspections of properties and provide information about local regulations.","og_url":"https:\/\/tulsa-health.org\/de\/permits-inspections\/housing\/","og_site_name":"Tulsa Health Department","article_modified_time":"2023-12-21T00:42:10+00:00","og_image":[{"width":1024,"height":1024,"url":"https:\/\/tulsa-health.org\/wp-content\/uploads\/2023\/07\/header-croberts_apartment_complex_in_tulsa_oklahoma_at_sunset_b3cdbe26-6ac0-4d6b-87c5-4a8e37c57512.png","type":"image\/png"}],"twitter_card":"summary_large_image","twitter_misc":{"Gesch\u00e4tzte Lesezeit":"1 minute"},"schema":{"@context":"https:\/\/schema.org","@graph":[{"@type":"WebPage","@id":"https:\/\/tulsa-health.org\/permits-inspections\/housing\/","url":"https:\/\/tulsa-health.org\/permits-inspections\/housing\/","name":"Wohnen - Gesundheitsamt Tulsa","isPartOf":{"@id":"https:\/\/tulsa-health.org\/es\/#website"},"primaryImageOfPage":{"@id":"https:\/\/tulsa-health.org\/permits-inspections\/housing\/#primaryimage"},"image":{"@id":"https:\/\/tulsa-health.org\/permits-inspections\/housing\/#primaryimage"},"thumbnailUrl":"https:\/\/tulsa-health.org\/wp-content\/uploads\/2023\/07\/header-croberts_apartment_complex_in_tulsa_oklahoma_at_sunset_b3cdbe26-6ac0-4d6b-87c5-4a8e37c57512.png","datePublished":"2023-05-04T23:07:27+00:00","dateModified":"2023-12-21T00:42:10+00:00","description":"THD bietet Dienstleistungen an, die dazu beitragen, sicheres Wohnen, gesunde Lebensr\u00e4ume und mehr zu gew\u00e4hrleisten. Wir f\u00fchren auch Inspektionen von Immobilien durch und informieren \u00fcber \u00f6rtliche Vorschriften.","breadcrumb":{"@id":"https:\/\/tulsa-health.org\/permits-inspections\/housing\/#breadcrumb"},"inLanguage":"de-DE-formal","potentialAction":[{"@type":"ReadAction","target":["https:\/\/tulsa-health.org\/permits-inspections\/housing\/"]}]},{"@type":"ImageObject","inLanguage":"de-DE-formal","@id":"https:\/\/tulsa-health.org\/permits-inspections\/housing\/#primaryimage","url":"https:\/\/tulsa-health.org\/wp-content\/uploads\/2023\/07\/header-croberts_apartment_complex_in_tulsa_oklahoma_at_sunset_b3cdbe26-6ac0-4d6b-87c5-4a8e37c57512.png","contentUrl":"https:\/\/tulsa-health.org\/wp-content\/uploads\/2023\/07\/header-croberts_apartment_complex_in_tulsa_oklahoma_at_sunset_b3cdbe26-6ac0-4d6b-87c5-4a8e37c57512.png","width":1024,"height":1024,"caption":"Sunset over a home"},{"@type":"BreadcrumbList","@id":"https:\/\/tulsa-health.org\/permits-inspections\/housing\/#breadcrumb","itemListElement":[{"@type":"ListItem","position":1,"name":"Home","item":"https:\/\/tulsa-health.org\/"},{"@type":"ListItem","position":2,"name":"Permits &#038; Inspections","item":"https:\/\/tulsa-health.org\/permits-inspections\/"},{"@type":"ListItem","position":3,"name":"Housing"}]},{"@type":"WebSite","@id":"https:\/\/tulsa-health.org\/es\/#website","url":"https:\/\/tulsa-health.org\/es\/","name":"Gesundheitsamt von Tulsa","description":"Klinische Dienste, Impfungen, Genehmigungen und mehr | Gesundheitsamt Tulsa","potentialAction":[{"@type":"SearchAction","target":{"@type":"EntryPoint","urlTemplate":"https:\/\/tulsa-health.org\/es\/?s={search_term_string}"},"query-input":{"@type":"PropertyValueSpecification","valueRequired":true,"valueName":"search_term_string"}}],"inLanguage":"de-DE-formal"}]}},"publishpress_future_workflow_manual_trigger":{"enabledWorkflows":[]},"_links":{"self":[{"href":"https:\/\/tulsa-health.org\/de\/wp-json\/wp\/v2\/pages\/2355","targetHints":{"allow":["GET"]}}],"collection":[{"href":"https:\/\/tulsa-health.org\/de\/wp-json\/wp\/v2\/pages"}],"about":[{"href":"https:\/\/tulsa-health.org\/de\/wp-json\/wp\/v2\/types\/page"}],"author":[{"embeddable":true,"href":"https:\/\/tulsa-health.org\/de\/wp-json\/wp\/v2\/users\/1"}],"replies":[{"embeddable":true,"href":"https:\/\/tulsa-health.org\/de\/wp-json\/wp\/v2\/comments?post=2355"}],"version-history":[{"count":0,"href":"https:\/\/tulsa-health.org\/de\/wp-json\/wp\/v2\/pages\/2355\/revisions"}],"up":[{"embeddable":true,"href":"https:\/\/tulsa-health.org\/de\/wp-json\/wp\/v2\/pages\/698"}],"wp:featuredmedia":[{"embeddable":true,"href":"https:\/\/tulsa-health.org\/de\/wp-json\/wp\/v2\/media\/10356"}],"wp:attachment":[{"href":"https:\/\/tulsa-health.org\/de\/wp-json\/wp\/v2\/media?parent=2355"}],"curies":[{"name":"wp","href":"https:\/\/api.w.org\/{rel}","templated":true}]}}