{"id":2462,"date":"2023-05-04T18:36:41","date_gmt":"2023-05-04T23:36:41","guid":{"rendered":"https:\/\/test.tulsa-health.org\/?page_id=2462"},"modified":"2023-12-20T17:52:22","modified_gmt":"2023-12-20T23:52:22","slug":"asbestos-removal","status":"publish","type":"page","link":"https:\/\/tulsa-health.org\/de\/permits-inspections\/environmental\/asbestos-removal\/","title":{"rendered":"Asbestsanierung"},"content":{"rendered":"<div data-elementor-type=\"wp-page\" data-elementor-id=\"2462\" class=\"elementor elementor-2462\" data-elementor-post-type=\"page\">\n\t\t\t\t\t\t<section class=\"elementor-section elementor-top-section elementor-element elementor-element-6e0ec31 elementor-section-full_width elementor-section-height-min-height elementor-section-height-default elementor-section-items-middle\" data-id=\"6e0ec31\" data-element_type=\"section\" data-e-type=\"section\" data-settings=\"{&quot;background_background&quot;:&quot;classic&quot;}\">\n\t\t\t\t\t\t<div class=\"elementor-container elementor-column-gap-no\">\n\t\t\t\t\t<div class=\"elementor-column elementor-col-100 elementor-top-column elementor-element elementor-element-8a7488b\" data-id=\"8a7488b\" data-element_type=\"column\" data-e-type=\"column\">\n\t\t\t<div class=\"elementor-widget-wrap\">\n\t\t\t\t\t\t\t<\/div>\n\t\t<\/div>\n\t\t\t\t\t<\/div>\n\t\t<\/section>\n\t\t\t\t<section class=\"elementor-section elementor-top-section elementor-element elementor-element-4a8a517 elementor-section-boxed elementor-section-height-default elementor-section-height-default\" data-id=\"4a8a517\" data-element_type=\"section\" data-e-type=\"section\" data-settings=\"{&quot;background_background&quot;:&quot;classic&quot;}\">\n\t\t\t\t\t\t<div class=\"elementor-container elementor-column-gap-default\">\n\t\t\t\t\t<div class=\"elementor-column elementor-col-100 elementor-top-column elementor-element elementor-element-3c083b1\" data-id=\"3c083b1\" data-element_type=\"column\" data-e-type=\"column\">\n\t\t\t<div class=\"elementor-widget-wrap elementor-element-populated\">\n\t\t\t\t\t\t<div class=\"elementor-element elementor-element-909755c elementor-widget elementor-widget-heading\" data-id=\"909755c\" data-element_type=\"widget\" data-e-type=\"widget\" data-widget_type=\"heading.default\">\n\t\t\t\t<div class=\"elementor-widget-container\">\n\t\t\t\t\t<h1 class=\"elementor-heading-title elementor-size-default\">Asbestsanierung<\/h1>\t\t\t\t<\/div>\n\t\t\t\t<\/div>\n\t\t\t\t<div class=\"elementor-element elementor-element-d249c2f elementor-widget elementor-widget-text-editor\" data-id=\"d249c2f\" data-element_type=\"widget\" data-e-type=\"widget\" data-widget_type=\"text-editor.default\">\n\t\t\t\t<div class=\"elementor-widget-container\">\n\t\t\t\t\t\t\t\t\t<p>Asbest ist ein nat\u00fcrlich vorkommendes Mineral, das fr\u00fcher in Baumaterialien haupts\u00e4chlich als Isolator oder Brandschutzmittel verwendet wurde. Heutzutage gilt Asbest als Gesundheitsrisiko.<\/p>\t\t\t\t\t\t\t\t<\/div>\n\t\t\t\t<\/div>\n\t\t\t\t\t<\/div>\n\t\t<\/div>\n\t\t\t\t\t<\/div>\n\t\t<\/section>\n\t\t\t\t<section class=\"elementor-section elementor-top-section elementor-element elementor-element-7c537aa elementor-section-boxed elementor-section-height-default elementor-section-height-default\" data-id=\"7c537aa\" data-element_type=\"section\" data-e-type=\"section\" data-settings=\"{&quot;background_background&quot;:&quot;classic&quot;}\">\n\t\t\t\t\t\t<div class=\"elementor-container elementor-column-gap-default\">\n\t\t\t\t\t<div class=\"elementor-column elementor-col-100 elementor-top-column elementor-element elementor-element-337bfb3\" data-id=\"337bfb3\" data-element_type=\"column\" data-e-type=\"column\">\n\t\t\t<div class=\"elementor-widget-wrap elementor-element-populated\">\n\t\t\t\t\t\t<div class=\"elementor-element elementor-element-d92f8e4 elementor-widget elementor-widget-text-editor\" data-id=\"d92f8e4\" data-element_type=\"widget\" data-e-type=\"widget\" data-widget_type=\"text-editor.default\">\n\t\t\t\t<div class=\"elementor-widget-container\">\n\t\t\t\t\t\t\t\t\t<p>Obwohl die Entfernung von Asbest oft w\u00fcnschenswert oder notwendig ist, unterliegt seine Entfernung zum Schutz der \u00f6ffentlichen Gesundheit strengen Vorschriften. M\u00f6glicherweise m\u00fcssen Sie f\u00fcr die Asbestsanierung eine Genehmigung einholen.<\/p><p>Der erste Schritt bei der Feststellung, ob f\u00fcr Ihr Abriss- oder Renovierungsprojekt eine Genehmigung erforderlich ist, besteht darin, die Art der Struktur zu bestimmen, die betroffen sein wird. THD regelt Abbruch- und Renovierungsprojekte, die institutionelle, gewerbliche, \u00f6ffentliche, industrielle oder Wohngeb\u00e4ude umfassen. Eine Ausnahme von dieser Regelung ist eine einzelne Wohnstruktur, die vier oder weniger Wohneinheiten umfasst. Aufgrund dieser Ausnahme ist f\u00fcr die meisten Renovierungen von Einfamilienh\u00e4usern keine Genehmigung erforderlich.<\/p><p><strong>Wenn Sie an einem Umbau, einer Renovierung, einem Abriss oder einem anderen Projekt beteiligt sind und glauben, dass Sie ein Asbestproblem haben, rufen Sie bitte THD an unter <a href=\"tel:9185954200\">918-595-4200<\/a>.<\/strong> Unsere Umweltspezialisten k\u00f6nnen Ihnen bei Bedarf bei der Beantragung einer Genehmigung behilflich sein und die Zust\u00e4ndigkeit f\u00fcr die Regulierung der Asbestsanierung ermitteln.<\/p><p>Ressourcen:<\/p><ul><li><a href=\"https:\/\/www.atsdr.cdc.gov\/asbestos\/index.html\">CDC: Asbest und Ihre Gesundheit<\/a><\/li><\/ul>\t\t\t\t\t\t\t\t<\/div>\n\t\t\t\t<\/div>\n\t\t\t\t\t<\/div>\n\t\t<\/div>\n\t\t\t\t\t<\/div>\n\t\t<\/section>\n\t\t\t\t<section class=\"elementor-section elementor-top-section elementor-element elementor-element-ebed769 elementor-section-full_width elementor-section-height-default elementor-section-height-default\" data-id=\"ebed769\" data-element_type=\"section\" data-e-type=\"section\">\n\t\t\t\t\t\t<div class=\"elementor-container elementor-column-gap-default\">\n\t\t\t\t\t<div class=\"elementor-column elementor-col-100 elementor-top-column elementor-element elementor-element-d0b0dec\" data-id=\"d0b0dec\" data-element_type=\"column\" data-e-type=\"column\">\n\t\t\t<div class=\"elementor-widget-wrap elementor-element-populated\">\n\t\t\t\t\t\t<div class=\"elementor-element elementor-element-7d5a888 elementor-widget elementor-widget-shortcode\" data-id=\"7d5a888\" data-element_type=\"widget\" data-e-type=\"widget\" data-widget_type=\"shortcode.default\">\n\t\t\t\t<div class=\"elementor-widget-container\">\n\t\t\t\t\t\t\t<div class=\"elementor-shortcode\">\t\t<div data-elementor-type=\"section\" data-elementor-id=\"4934\" class=\"elementor elementor-4934\" data-elementor-post-type=\"elementor_library\">\n\t\t\t\t\t<section class=\"elementor-section elementor-top-section elementor-element elementor-element-4469b59d elementor-section-stretched elementor-section-boxed elementor-section-height-default elementor-section-height-default\" data-id=\"4469b59d\" data-element_type=\"section\" data-e-type=\"section\" data-settings=\"{&quot;background_background&quot;:&quot;classic&quot;,&quot;stretch_section&quot;:&quot;section-stretched&quot;}\">\n\t\t\t\t\t\t\t<div class=\"elementor-background-overlay\"><\/div>\n\t\t\t\t\t\t\t<div class=\"elementor-container elementor-column-gap-default\">\n\t\t\t\t\t<div class=\"elementor-column elementor-col-100 elementor-top-column elementor-element elementor-element-615ea353\" data-id=\"615ea353\" data-element_type=\"column\" data-e-type=\"column\">\n\t\t\t<div class=\"elementor-widget-wrap elementor-element-populated\">\n\t\t\t\t\t\t<div class=\"elementor-element elementor-element-bdb2691 elementor-widget elementor-widget-heading\" data-id=\"bdb2691\" data-element_type=\"widget\" data-e-type=\"widget\" data-widget_type=\"heading.default\">\n\t\t\t\t<div class=\"elementor-widget-container\">\n\t\t\t\t\t<h5 class=\"elementor-heading-title elementor-size-default\">STANDORTE<\/h5>\t\t\t\t<\/div>\n\t\t\t\t<\/div>\n\t\t\t\t<div class=\"elementor-element elementor-element-00f74f9 elementor-widget elementor-widget-text-editor\" data-id=\"00f74f9\" data-element_type=\"widget\" data-e-type=\"widget\" data-widget_type=\"text-editor.default\">\n\t\t\t\t<div class=\"elementor-widget-container\">\n\t\t\t\t\t\t\t\t\t<p>Wir verf\u00fcgen \u00fcber 9 Standorte im gesamten Tulsa County, die eine Vielzahl von Dienstleistungen anbieten, die Ihnen und Ihrer Familie dabei helfen, gesund zu bleiben.<\/p>\t\t\t\t\t\t\t\t<\/div>\n\t\t\t\t<\/div>\n\t\t\t\t<div class=\"elementor-element elementor-element-fd63501 elementor-align-center secondary elementor-widget elementor-widget-button\" data-id=\"fd63501\" data-element_type=\"widget\" data-e-type=\"widget\" data-widget_type=\"button.default\">\n\t\t\t\t<div class=\"elementor-widget-container\">\n\t\t\t\t\t\t\t\t\t<div class=\"elementor-button-wrapper\">\n\t\t\t\t\t<a class=\"elementor-button elementor-button-link elementor-size-sm\" href=\"\/de\/locations\/\">\n\t\t\t\t\t\t<span class=\"elementor-button-content-wrapper\">\n\t\t\t\t\t\t\t\t\t<span class=\"elementor-button-text\">Finden Sie Ihr<\/span>\n\t\t\t\t\t<\/span>\n\t\t\t\t\t<\/a>\n\t\t\t\t<\/div>\n\t\t\t\t\t\t\t\t<\/div>\n\t\t\t\t<\/div>\n\t\t\t\t\t<\/div>\n\t\t<\/div>\n\t\t\t\t\t<\/div>\n\t\t<\/section>\n\t\t\t\t<\/div>\n\t\t<\/div>\n\t\t\t\t\t\t<\/div>\n\t\t\t\t<\/div>\n\t\t\t\t\t<\/div>\n\t\t<\/div>\n\t\t\t\t\t<\/div>\n\t\t<\/section>\n\t\t\t\t<\/div>","protected":false},"excerpt":{"rendered":"<p>Asbestos Removal\u200b Asbestos is a naturally occurring mineral formerly used in building materials primarily as an insulator or fire retardant. Today, asbestos is well recognized as a health hazard. Though it is often desirable or necessary to remove asbestos, its removal is highly regulated in order to protect public health. You may have to obtain [&hellip;]<\/p>\n","protected":false},"author":1,"featured_media":12386,"parent":2427,"menu_order":0,"comment_status":"closed","ping_status":"closed","template":"elementor_header_footer","meta":{"_acf_changed":false,"footnotes":""},"class_list":["post-2462","page","type-page","status-publish","has-post-thumbnail","hentry"],"acf":[],"yoast_head":"<!-- This site is optimized with the Yoast SEO plugin v27.4 - https:\/\/yoast.com\/product\/yoast-seo-wordpress\/ -->\n<title>Asbestos Removal - Tulsa Health Department<\/title>\n<meta name=\"description\" content=\"Asbestos is a naturally occurring mineral formerly used in building materials primarily as an insulator or fire retardant.\" \/>\n<meta name=\"robots\" content=\"index, follow, max-snippet:-1, max-image-preview:large, max-video-preview:-1\" \/>\n<link rel=\"canonical\" href=\"https:\/\/tulsa-health.org\/de\/permits-inspections\/environmental\/asbestos-removal\/\" \/>\n<meta property=\"og:locale\" content=\"de_DE\" \/>\n<meta property=\"og:type\" content=\"article\" \/>\n<meta property=\"og:title\" content=\"Asbestos Removal - Tulsa Health Department\" \/>\n<meta property=\"og:description\" content=\"Asbestos is a naturally occurring mineral formerly used in building materials primarily as an insulator or fire retardant.\" \/>\n<meta property=\"og:url\" content=\"https:\/\/tulsa-health.org\/de\/permits-inspections\/environmental\/asbestos-removal\/\" \/>\n<meta property=\"og:site_name\" content=\"Tulsa Health Department\" \/>\n<meta property=\"article:modified_time\" content=\"2023-12-20T23:52:22+00:00\" \/>\n<meta property=\"og:image\" content=\"https:\/\/tulsa-health.org\/wp-content\/uploads\/2023\/08\/asbestos-removal.jpeg\" \/>\n\t<meta property=\"og:image:width\" content=\"2110\" \/>\n\t<meta property=\"og:image:height\" content=\"1420\" \/>\n\t<meta property=\"og:image:type\" content=\"image\/jpeg\" \/>\n<meta name=\"twitter:card\" content=\"summary_large_image\" \/>\n<meta name=\"twitter:label1\" content=\"Gesch\u00e4tzte Lesezeit\" \/>\n\t<meta name=\"twitter:data1\" content=\"2 minutes\" \/>\n<script type=\"application\/ld+json\" class=\"yoast-schema-graph\">{\"@context\":\"https:\\\/\\\/schema.org\",\"@graph\":[{\"@type\":\"WebPage\",\"@id\":\"https:\\\/\\\/tulsa-health.org\\\/permits-inspections\\\/environmental\\\/asbestos-removal\\\/\",\"url\":\"https:\\\/\\\/tulsa-health.org\\\/permits-inspections\\\/environmental\\\/asbestos-removal\\\/\",\"name\":\"Asbestos Removal - Tulsa Health Department\",\"isPartOf\":{\"@id\":\"https:\\\/\\\/tulsa-health.org\\\/es\\\/#website\"},\"primaryImageOfPage\":{\"@id\":\"https:\\\/\\\/tulsa-health.org\\\/permits-inspections\\\/environmental\\\/asbestos-removal\\\/#primaryimage\"},\"image\":{\"@id\":\"https:\\\/\\\/tulsa-health.org\\\/permits-inspections\\\/environmental\\\/asbestos-removal\\\/#primaryimage\"},\"thumbnailUrl\":\"https:\\\/\\\/tulsa-health.org\\\/wp-content\\\/uploads\\\/2023\\\/08\\\/asbestos-removal.jpeg\",\"datePublished\":\"2023-05-04T23:36:41+00:00\",\"dateModified\":\"2023-12-20T23:52:22+00:00\",\"description\":\"Asbestos is a naturally occurring mineral formerly used in building materials primarily as an insulator or fire retardant.\",\"breadcrumb\":{\"@id\":\"https:\\\/\\\/tulsa-health.org\\\/permits-inspections\\\/environmental\\\/asbestos-removal\\\/#breadcrumb\"},\"inLanguage\":\"de-DE-formal\",\"potentialAction\":[{\"@type\":\"ReadAction\",\"target\":[\"https:\\\/\\\/tulsa-health.org\\\/permits-inspections\\\/environmental\\\/asbestos-removal\\\/\"]}]},{\"@type\":\"ImageObject\",\"inLanguage\":\"de-DE-formal\",\"@id\":\"https:\\\/\\\/tulsa-health.org\\\/permits-inspections\\\/environmental\\\/asbestos-removal\\\/#primaryimage\",\"url\":\"https:\\\/\\\/tulsa-health.org\\\/wp-content\\\/uploads\\\/2023\\\/08\\\/asbestos-removal.jpeg\",\"contentUrl\":\"https:\\\/\\\/tulsa-health.org\\\/wp-content\\\/uploads\\\/2023\\\/08\\\/asbestos-removal.jpeg\",\"width\":2110,\"height\":1420,\"caption\":\"Asbestos Dust warning\"},{\"@type\":\"BreadcrumbList\",\"@id\":\"https:\\\/\\\/tulsa-health.org\\\/permits-inspections\\\/environmental\\\/asbestos-removal\\\/#breadcrumb\",\"itemListElement\":[{\"@type\":\"ListItem\",\"position\":1,\"name\":\"Home\",\"item\":\"https:\\\/\\\/tulsa-health.org\\\/\"},{\"@type\":\"ListItem\",\"position\":2,\"name\":\"Permits &#038; Inspections\",\"item\":\"https:\\\/\\\/tulsa-health.org\\\/permits-inspections\\\/\"},{\"@type\":\"ListItem\",\"position\":3,\"name\":\"Environmental\",\"item\":\"https:\\\/\\\/tulsa-health.org\\\/permits-inspections\\\/environmental\\\/\"},{\"@type\":\"ListItem\",\"position\":4,\"name\":\"Asbestos Removal\"}]},{\"@type\":\"WebSite\",\"@id\":\"https:\\\/\\\/tulsa-health.org\\\/es\\\/#website\",\"url\":\"https:\\\/\\\/tulsa-health.org\\\/es\\\/\",\"name\":\"Tulsa Health Department\",\"description\":\"Clinical Services, Immunizations, Permits and More | Tulsa Health Department\",\"potentialAction\":[{\"@type\":\"SearchAction\",\"target\":{\"@type\":\"EntryPoint\",\"urlTemplate\":\"https:\\\/\\\/tulsa-health.org\\\/es\\\/?s={search_term_string}\"},\"query-input\":{\"@type\":\"PropertyValueSpecification\",\"valueRequired\":true,\"valueName\":\"search_term_string\"}}],\"inLanguage\":\"de-DE-formal\"}]}<\/script>\n<!-- \/ Yoast SEO plugin. -->","yoast_head_json":{"title":"Asbestentfernung - Gesundheitsamt Tulsa","description":"Asbest ist ein nat\u00fcrlich vorkommendes Mineral, das fr\u00fcher in Baumaterialien haupts\u00e4chlich als Isolator oder Flammschutzmittel verwendet wurde.","robots":{"index":"index","follow":"follow","max-snippet":"max-snippet:-1","max-image-preview":"max-image-preview:large","max-video-preview":"max-video-preview:-1"},"canonical":"https:\/\/tulsa-health.org\/de\/permits-inspections\/environmental\/asbestos-removal\/","og_locale":"de_DE","og_type":"article","og_title":"Asbestos Removal - Tulsa Health Department","og_description":"Asbestos is a naturally occurring mineral formerly used in building materials primarily as an insulator or fire retardant.","og_url":"https:\/\/tulsa-health.org\/de\/permits-inspections\/environmental\/asbestos-removal\/","og_site_name":"Tulsa Health Department","article_modified_time":"2023-12-20T23:52:22+00:00","og_image":[{"width":2110,"height":1420,"url":"https:\/\/tulsa-health.org\/wp-content\/uploads\/2023\/08\/asbestos-removal.jpeg","type":"image\/jpeg"}],"twitter_card":"summary_large_image","twitter_misc":{"Gesch\u00e4tzte Lesezeit":"2 minutes"},"schema":{"@context":"https:\/\/schema.org","@graph":[{"@type":"WebPage","@id":"https:\/\/tulsa-health.org\/permits-inspections\/environmental\/asbestos-removal\/","url":"https:\/\/tulsa-health.org\/permits-inspections\/environmental\/asbestos-removal\/","name":"Asbestentfernung - Gesundheitsamt Tulsa","isPartOf":{"@id":"https:\/\/tulsa-health.org\/es\/#website"},"primaryImageOfPage":{"@id":"https:\/\/tulsa-health.org\/permits-inspections\/environmental\/asbestos-removal\/#primaryimage"},"image":{"@id":"https:\/\/tulsa-health.org\/permits-inspections\/environmental\/asbestos-removal\/#primaryimage"},"thumbnailUrl":"https:\/\/tulsa-health.org\/wp-content\/uploads\/2023\/08\/asbestos-removal.jpeg","datePublished":"2023-05-04T23:36:41+00:00","dateModified":"2023-12-20T23:52:22+00:00","description":"Asbest ist ein nat\u00fcrlich vorkommendes Mineral, das fr\u00fcher in Baumaterialien haupts\u00e4chlich als Isolator oder Flammschutzmittel verwendet wurde.","breadcrumb":{"@id":"https:\/\/tulsa-health.org\/permits-inspections\/environmental\/asbestos-removal\/#breadcrumb"},"inLanguage":"de-DE-formal","potentialAction":[{"@type":"ReadAction","target":["https:\/\/tulsa-health.org\/permits-inspections\/environmental\/asbestos-removal\/"]}]},{"@type":"ImageObject","inLanguage":"de-DE-formal","@id":"https:\/\/tulsa-health.org\/permits-inspections\/environmental\/asbestos-removal\/#primaryimage","url":"https:\/\/tulsa-health.org\/wp-content\/uploads\/2023\/08\/asbestos-removal.jpeg","contentUrl":"https:\/\/tulsa-health.org\/wp-content\/uploads\/2023\/08\/asbestos-removal.jpeg","width":2110,"height":1420,"caption":"Asbestos Dust warning"},{"@type":"BreadcrumbList","@id":"https:\/\/tulsa-health.org\/permits-inspections\/environmental\/asbestos-removal\/#breadcrumb","itemListElement":[{"@type":"ListItem","position":1,"name":"Home","item":"https:\/\/tulsa-health.org\/"},{"@type":"ListItem","position":2,"name":"Permits &#038; Inspections","item":"https:\/\/tulsa-health.org\/permits-inspections\/"},{"@type":"ListItem","position":3,"name":"Environmental","item":"https:\/\/tulsa-health.org\/permits-inspections\/environmental\/"},{"@type":"ListItem","position":4,"name":"Asbestos Removal"}]},{"@type":"WebSite","@id":"https:\/\/tulsa-health.org\/es\/#website","url":"https:\/\/tulsa-health.org\/es\/","name":"Gesundheitsamt von Tulsa","description":"Klinische Dienste, Impfungen, Genehmigungen und mehr | Gesundheitsamt Tulsa","potentialAction":[{"@type":"SearchAction","target":{"@type":"EntryPoint","urlTemplate":"https:\/\/tulsa-health.org\/es\/?s={search_term_string}"},"query-input":{"@type":"PropertyValueSpecification","valueRequired":true,"valueName":"search_term_string"}}],"inLanguage":"de-DE-formal"}]}},"publishpress_future_workflow_manual_trigger":{"enabledWorkflows":[]},"_links":{"self":[{"href":"https:\/\/tulsa-health.org\/de\/wp-json\/wp\/v2\/pages\/2462","targetHints":{"allow":["GET"]}}],"collection":[{"href":"https:\/\/tulsa-health.org\/de\/wp-json\/wp\/v2\/pages"}],"about":[{"href":"https:\/\/tulsa-health.org\/de\/wp-json\/wp\/v2\/types\/page"}],"author":[{"embeddable":true,"href":"https:\/\/tulsa-health.org\/de\/wp-json\/wp\/v2\/users\/1"}],"replies":[{"embeddable":true,"href":"https:\/\/tulsa-health.org\/de\/wp-json\/wp\/v2\/comments?post=2462"}],"version-history":[{"count":0,"href":"https:\/\/tulsa-health.org\/de\/wp-json\/wp\/v2\/pages\/2462\/revisions"}],"up":[{"embeddable":true,"href":"https:\/\/tulsa-health.org\/de\/wp-json\/wp\/v2\/pages\/2427"}],"wp:featuredmedia":[{"embeddable":true,"href":"https:\/\/tulsa-health.org\/de\/wp-json\/wp\/v2\/media\/12386"}],"wp:attachment":[{"href":"https:\/\/tulsa-health.org\/de\/wp-json\/wp\/v2\/media?parent=2462"}],"curies":[{"name":"wp","href":"https:\/\/api.w.org\/{rel}","templated":true}]}}