{"id":2705,"date":"2023-05-05T15:37:01","date_gmt":"2023-05-05T20:37:01","guid":{"rendered":"https:\/\/test.tulsa-health.org\/?page_id=2705"},"modified":"2025-07-11T16:08:00","modified_gmt":"2025-07-11T21:08:00","slug":"community-health","status":"publish","type":"page","link":"https:\/\/tulsa-health.org\/de\/programs\/community-health\/","title":{"rendered":"Gesundheitswesen"},"content":{"rendered":"<div data-elementor-type=\"wp-page\" data-elementor-id=\"2705\" class=\"elementor elementor-2705\" data-elementor-post-type=\"page\">\n\t\t\t\t\t\t<section class=\"elementor-section elementor-top-section elementor-element elementor-element-1736901 elementor-section-full_width elementor-section-height-min-height elementor-section-height-default elementor-section-items-middle\" data-id=\"1736901\" data-element_type=\"section\" data-e-type=\"section\" data-settings=\"{&quot;background_background&quot;:&quot;classic&quot;}\">\n\t\t\t\t\t\t<div class=\"elementor-container elementor-column-gap-no\">\n\t\t\t\t\t<div class=\"elementor-column elementor-col-100 elementor-top-column elementor-element elementor-element-be91d01\" data-id=\"be91d01\" data-element_type=\"column\" data-e-type=\"column\">\n\t\t\t<div class=\"elementor-widget-wrap\">\n\t\t\t\t\t\t\t<\/div>\n\t\t<\/div>\n\t\t\t\t\t<\/div>\n\t\t<\/section>\n\t\t\t\t<section class=\"elementor-section elementor-top-section elementor-element elementor-element-2bf24b3 elementor-section-boxed elementor-section-height-default elementor-section-height-default\" data-id=\"2bf24b3\" data-element_type=\"section\" data-e-type=\"section\" data-settings=\"{&quot;background_background&quot;:&quot;classic&quot;}\">\n\t\t\t\t\t\t<div class=\"elementor-container elementor-column-gap-default\">\n\t\t\t\t\t<div class=\"elementor-column elementor-col-100 elementor-top-column elementor-element elementor-element-afa1b1f\" data-id=\"afa1b1f\" data-element_type=\"column\" data-e-type=\"column\">\n\t\t\t<div class=\"elementor-widget-wrap elementor-element-populated\">\n\t\t\t\t\t\t<div class=\"elementor-element elementor-element-01723eb elementor-widget elementor-widget-heading\" data-id=\"01723eb\" data-element_type=\"widget\" data-e-type=\"widget\" data-widget_type=\"heading.default\">\n\t\t\t\t<div class=\"elementor-widget-container\">\n\t\t\t\t\t<h1 class=\"elementor-heading-title elementor-size-default\">GESUNDHEITSWESEN<\/h1>\t\t\t\t<\/div>\n\t\t\t\t<\/div>\n\t\t\t\t<div class=\"elementor-element elementor-element-5e5c8f5 elementor-widget elementor-widget-text-editor\" data-id=\"5e5c8f5\" data-element_type=\"widget\" data-e-type=\"widget\" data-widget_type=\"text-editor.default\">\n\t\t\t\t<div class=\"elementor-widget-container\">\n\t\t\t\t\t\t\t\t\t<p>In Zusammenarbeit mit lokalen Gesundheitssystemen bieten unsere Community-Health-Programme Gesundheits- und Sozialdienste f\u00fcr diejenigen an, die sie am meisten ben\u00f6tigen. Unsere Community Health Worker sind der Schl\u00fcssel, um unterversorgte Bev\u00f6lkerungsgruppen zu erreichen, ihnen die Pflege zu bieten, die sie ben\u00f6tigen, und als Br\u00fccke f\u00fcr den Zugang zu den notwendigen Dienstleistungen zu fungieren. Dies stellt sicher, dass sich Einzelpersonen nicht alleine in komplexen Gesundheitssystemen zurechtfinden m\u00fcssen.<\/p>\t\t\t\t\t\t\t\t<\/div>\n\t\t\t\t<\/div>\n\t\t\t\t\t<\/div>\n\t\t<\/div>\n\t\t\t\t\t<\/div>\n\t\t<\/section>\n\t\t\t\t<section class=\"elementor-section elementor-top-section elementor-element elementor-element-667e4e7 elementor-section-boxed elementor-section-height-default elementor-section-height-default\" data-id=\"667e4e7\" data-element_type=\"section\" data-e-type=\"section\" data-settings=\"{&quot;background_background&quot;:&quot;classic&quot;}\">\n\t\t\t\t\t\t<div class=\"elementor-container elementor-column-gap-default\">\n\t\t\t\t\t<div class=\"elementor-column elementor-col-100 elementor-top-column elementor-element elementor-element-c19b88d\" data-id=\"c19b88d\" data-element_type=\"column\" data-e-type=\"column\">\n\t\t\t<div class=\"elementor-widget-wrap elementor-element-populated\">\n\t\t\t\t\t\t<div class=\"elementor-element elementor-element-11d5a2d elementor-widget elementor-widget-la-heading-anchor-link\" data-id=\"11d5a2d\" data-element_type=\"widget\" data-e-type=\"widget\" data-widget_type=\"la-heading-anchor-link.default\">\n\t\t\t\t<div class=\"elementor-widget-container\">\n\t\t\t\t\t        <h2 id=\"center-for-community-health\" class=\"la_heading_anchor_link\">\n            Das Zentrum f\u00fcr \u00f6ffentliche Gesundheit            <button onclick=\"LAHeadingAnchorLinkCopyToClipboard('https:\/\/tulsa-health.org\/de\/programs\/community-health\/#center-for-community-health')\">\n                <svg xmlns=\"http:\/\/www.w3.org\/2000\/svg\" width=\"24\" height=\"24\" stroke=\"currentColor\" viewbox=\"0 0 24 24\" fill=\"none\" stroke-width=\"2\" stroke-linecap=\"round\" stroke-linejoin=\"round\" class=\"feather feather-link\">\n                    <path d=\"M10 13a5 5 0 0 0 7.54.54l3-3a5 5 0 0 0-7.07-7.07l-1.72 1.71\"><\/path><path d=\"M14 11a5 5 0 0 0-7.54-.54l-3 3a5 5 0 0 0 7.07 7.07l1.71-1.71\"><\/path>\n                <\/svg>\n            <\/button>\n        <\/h2>\n        \t\t\t\t<\/div>\n\t\t\t\t<\/div>\n\t\t\t\t<div class=\"elementor-element elementor-element-235852d elementor-widget elementor-widget-text-editor\" data-id=\"235852d\" data-element_type=\"widget\" data-e-type=\"widget\" data-widget_type=\"text-editor.default\">\n\t\t\t\t<div class=\"elementor-widget-container\">\n\t\t\t\t\t\t\t\t\t<p>Der <a href=\"#Center-for-comunity-health\">Zentrum f\u00fcr Gemeinschaftsgesundheit<\/a> ist eine Partnerschaft zwischen dem Saint Francis Health System und dem Tulsa Health Department mit dem \u00fcbergeordneten Ziel, die Gesundheit im Tulsa County zu verbessern.<\/p><p><strong>Leitbild<br \/><\/strong>Arbeiten Sie mit Patienten zusammen, um Gesundheits- und Sozialdienste durch die Integration von Interventionen von Community Health Workern zu erleichtern und so Gesundheit und Lebensqualit\u00e4t zu verbessern.<\/p><p><strong>Programmangebote<br \/><\/strong>Wir helfen Patienten:<\/p><ul><li>Verbinden Sie sich mit anderen Diensten in unserer Gemeinde (Essen, Versorgung, Wohnen, Rechtsbeistand, psychische Gesundheit, Selbsthilfegruppen, Zahngesundheit usw.);<\/li><li>Planen Sie Nachsorge- und Grundversorgungstermine.<\/li><li>Erhalten Sie kostenlosen Transport zu Gesundheitsterminen;<\/li><li>Richten Sie Ihren pers\u00f6nlichen Arzt ein; Und<\/li><li>Verstehen Sie die Entlassungsanweisungen nach dem Verlassen des Krankenhauses und die Arzttermine.<\/li><\/ul><p>Kontakt<br \/>F\u00fcr weitere Informationen rufen Sie <a href=\"tel:918-595-4390\">918-595-4390<\/a> oder <a href=\"mailto:acabrera@tulsa-health.org\">Senden Sie eine E-Mail an den Manager des Center for Community Health.<\/a><\/p>\t\t\t\t\t\t\t\t<\/div>\n\t\t\t\t<\/div>\n\t\t\t\t<div class=\"elementor-element elementor-element-6c42ca8 elementor-widget elementor-widget-image\" data-id=\"6c42ca8\" data-element_type=\"widget\" data-e-type=\"widget\" data-widget_type=\"image.default\">\n\t\t\t\t<div class=\"elementor-widget-container\">\n\t\t\t\t\t\t\t\t\t\t\t\t\t\t\t<img fetchpriority=\"high\" decoding=\"async\" width=\"361\" height=\"145\" src=\"https:\/\/tulsa-health.org\/wp-content\/uploads\/2023\/12\/Center-for-CH-logo.png\" class=\"attachment-large size-large wp-image-15743\" alt=\"\" srcset=\"https:\/\/tulsa-health.org\/wp-content\/uploads\/2023\/12\/Center-for-CH-logo.png 361w, https:\/\/tulsa-health.org\/wp-content\/uploads\/2023\/12\/Center-for-CH-logo-300x120.png 300w, https:\/\/tulsa-health.org\/wp-content\/uploads\/2023\/12\/Center-for-CH-logo-18x7.png 18w\" sizes=\"(max-width: 361px) 100vw, 361px\" \/>\t\t\t\t\t\t\t\t\t\t\t\t\t\t\t<\/div>\n\t\t\t\t<\/div>\n\t\t\t\t<div class=\"elementor-element elementor-element-cfe3966 elementor-widget-divider--view-line elementor-widget elementor-widget-divider\" data-id=\"cfe3966\" data-element_type=\"widget\" data-e-type=\"widget\" data-widget_type=\"divider.default\">\n\t\t\t\t<div class=\"elementor-widget-container\">\n\t\t\t\t\t\t\t<div class=\"elementor-divider\">\n\t\t\t<span class=\"elementor-divider-separator\">\n\t\t\t\t\t\t<\/span>\n\t\t<\/div>\n\t\t\t\t\t\t<\/div>\n\t\t\t\t<\/div>\n\t\t\t\t<div class=\"elementor-element elementor-element-9434e61 elementor-widget elementor-widget-la-heading-anchor-link\" data-id=\"9434e61\" data-element_type=\"widget\" data-e-type=\"widget\" data-widget_type=\"la-heading-anchor-link.default\">\n\t\t\t\t<div class=\"elementor-widget-container\">\n\t\t\t\t\t        <h2 id=\"program-2\" class=\"la_heading_anchor_link\">\n            Gemeinschaftsgesundheitsprogramm            <button onclick=\"LAHeadingAnchorLinkCopyToClipboard('https:\/\/tulsa-health.org\/de\/programs\/community-health\/#program-2')\">\n                <svg xmlns=\"http:\/\/www.w3.org\/2000\/svg\" width=\"24\" height=\"24\" stroke=\"currentColor\" viewbox=\"0 0 24 24\" fill=\"none\" stroke-width=\"2\" stroke-linecap=\"round\" stroke-linejoin=\"round\" class=\"feather feather-link\">\n                    <path d=\"M10 13a5 5 0 0 0 7.54.54l3-3a5 5 0 0 0-7.07-7.07l-1.72 1.71\"><\/path><path d=\"M14 11a5 5 0 0 0-7.54-.54l-3 3a5 5 0 0 0 7.07 7.07l1.71-1.71\"><\/path>\n                <\/svg>\n            <\/button>\n        <\/h2>\n        \t\t\t\t<\/div>\n\t\t\t\t<\/div>\n\t\t\t\t<div class=\"elementor-element elementor-element-4fd9695 elementor-widget elementor-widget-text-editor\" data-id=\"4fd9695\" data-element_type=\"widget\" data-e-type=\"widget\" data-widget_type=\"text-editor.default\">\n\t\t\t\t<div class=\"elementor-widget-container\">\n\t\t\t\t\t\t\t\t\t<p>Der <a href=\"#community-health-program\">Gemeinschaftsgesundheitsprogramm<\/a> ist eine Partnerschaft zwischen Ascension St. John und dem Gesundheitsamt von Tulsa. Es nutzt eine auf Community Health Worker ausgerichtete Intervention, einschlie\u00dflich Fallmanagement, Community-\u00dcberweisungen, Gesundheitserziehung, Interessenvertretung und Hausbesuche, um die Wiedereinweisungsraten in die Notaufnahme zu senken und die Zahl der Nachsorgetermine beim Hausarzt zu erh\u00f6hen.<\/p><p><strong>Leitbild<\/strong><br \/>Das \u00fcbergeordnete Ziel des Programms besteht darin, die Gesundheit und Lebensqualit\u00e4t der Bewohner des Tulsa County zu verbessern, indem es sich mit sozialen Faktoren der Gesundheit befasst, um Patienten besser bei der Navigation durch Gesundheits- und Sozialdienste zu helfen.<\/p><p><strong>Programmangebote<\/strong><br \/>Im Gesundheitswesen kann es schwierig sein, sich zurechtzufinden. Wir helfen Patienten:<\/p><ul><li>Planen Sie Nachsorge- und Grundversorgungstermine<\/li><li>einen eigenen Hausarzt einrichten<\/li><li>Sie erhalten einen kostenlosen Transport zu Gesundheitsterminen<\/li><li>Entlassungsanweisungen verstehen<\/li><li>Verbinden Sie sich mit anderen Diensten in unserer Community<\/li><\/ul><p>Kontakt<br \/>F\u00fcr weitere Informationen rufen Sie bitte an <a href=\"tel:918-595-4307\">918-595-4307<\/a> oder <a href=\"mailto:cgiesbrecht@tulsa-health.org\">Senden Sie eine E-Mail an den Community Health Program Manager.<\/a><\/p><p><em>Das Community Health Program wird mit Mitteln der Ascension St. John Health Equity Initiative unterst\u00fctzt.<\/em><\/p>\t\t\t\t\t\t\t\t<\/div>\n\t\t\t\t<\/div>\n\t\t\t\t<div class=\"elementor-element elementor-element-b057161 elementor-widget elementor-widget-image\" data-id=\"b057161\" data-element_type=\"widget\" data-e-type=\"widget\" data-widget_type=\"image.default\">\n\t\t\t\t<div class=\"elementor-widget-container\">\n\t\t\t\t\t\t\t\t\t\t\t\t\t\t\t<img decoding=\"async\" width=\"800\" height=\"178\" src=\"https:\/\/tulsa-health.org\/wp-content\/uploads\/2025\/03\/THD_Community-Health-Program_ASJ-1024x228.png\" class=\"attachment-large size-large wp-image-21720\" alt=\"\" srcset=\"https:\/\/tulsa-health.org\/wp-content\/uploads\/2025\/03\/THD_Community-Health-Program_ASJ-1024x228.png 1024w, https:\/\/tulsa-health.org\/wp-content\/uploads\/2025\/03\/THD_Community-Health-Program_ASJ-300x67.png 300w, https:\/\/tulsa-health.org\/wp-content\/uploads\/2025\/03\/THD_Community-Health-Program_ASJ-768x171.png 768w, https:\/\/tulsa-health.org\/wp-content\/uploads\/2025\/03\/THD_Community-Health-Program_ASJ-1536x342.png 1536w, https:\/\/tulsa-health.org\/wp-content\/uploads\/2025\/03\/THD_Community-Health-Program_ASJ-18x4.png 18w, https:\/\/tulsa-health.org\/wp-content\/uploads\/2025\/03\/THD_Community-Health-Program_ASJ.png 1920w\" sizes=\"(max-width: 800px) 100vw, 800px\" \/>\t\t\t\t\t\t\t\t\t\t\t\t\t\t\t<\/div>\n\t\t\t\t<\/div>\n\t\t\t\t\t<\/div>\n\t\t<\/div>\n\t\t\t\t\t<\/div>\n\t\t<\/section>\n\t\t\t\t<section class=\"elementor-section elementor-top-section elementor-element elementor-element-6d32abf elementor-section-full_width elementor-section-height-default elementor-section-height-default\" data-id=\"6d32abf\" data-element_type=\"section\" data-e-type=\"section\">\n\t\t\t\t\t\t<div class=\"elementor-container elementor-column-gap-default\">\n\t\t\t\t\t<div class=\"elementor-column elementor-col-100 elementor-top-column elementor-element elementor-element-5dbad95\" data-id=\"5dbad95\" data-element_type=\"column\" data-e-type=\"column\">\n\t\t\t<div class=\"elementor-widget-wrap elementor-element-populated\">\n\t\t\t\t\t\t<div class=\"elementor-element elementor-element-b9f54b1 elementor-widget elementor-widget-shortcode\" data-id=\"b9f54b1\" data-element_type=\"widget\" data-e-type=\"widget\" data-widget_type=\"shortcode.default\">\n\t\t\t\t<div class=\"elementor-widget-container\">\n\t\t\t\t\t\t\t<div class=\"elementor-shortcode\">\t\t<div data-elementor-type=\"section\" data-elementor-id=\"4934\" class=\"elementor elementor-4934\" data-elementor-post-type=\"elementor_library\">\n\t\t\t\t\t<section class=\"elementor-section elementor-top-section elementor-element elementor-element-4469b59d elementor-section-stretched elementor-section-boxed elementor-section-height-default elementor-section-height-default\" data-id=\"4469b59d\" data-element_type=\"section\" data-e-type=\"section\" data-settings=\"{&quot;background_background&quot;:&quot;classic&quot;,&quot;stretch_section&quot;:&quot;section-stretched&quot;}\">\n\t\t\t\t\t\t\t<div class=\"elementor-background-overlay\"><\/div>\n\t\t\t\t\t\t\t<div class=\"elementor-container elementor-column-gap-default\">\n\t\t\t\t\t<div class=\"elementor-column elementor-col-100 elementor-top-column elementor-element elementor-element-615ea353\" data-id=\"615ea353\" data-element_type=\"column\" data-e-type=\"column\">\n\t\t\t<div class=\"elementor-widget-wrap elementor-element-populated\">\n\t\t\t\t\t\t<div class=\"elementor-element elementor-element-bdb2691 elementor-widget elementor-widget-heading\" data-id=\"bdb2691\" data-element_type=\"widget\" data-e-type=\"widget\" data-widget_type=\"heading.default\">\n\t\t\t\t<div class=\"elementor-widget-container\">\n\t\t\t\t\t<h5 class=\"elementor-heading-title elementor-size-default\">STANDORTE<\/h5>\t\t\t\t<\/div>\n\t\t\t\t<\/div>\n\t\t\t\t<div class=\"elementor-element elementor-element-00f74f9 elementor-widget elementor-widget-text-editor\" data-id=\"00f74f9\" data-element_type=\"widget\" data-e-type=\"widget\" data-widget_type=\"text-editor.default\">\n\t\t\t\t<div class=\"elementor-widget-container\">\n\t\t\t\t\t\t\t\t\t<p>Wir verf\u00fcgen \u00fcber 9 Standorte im gesamten Tulsa County, die eine Vielzahl von Dienstleistungen anbieten, die Ihnen und Ihrer Familie dabei helfen, gesund zu bleiben.<\/p>\t\t\t\t\t\t\t\t<\/div>\n\t\t\t\t<\/div>\n\t\t\t\t<div class=\"elementor-element elementor-element-fd63501 elementor-align-center secondary elementor-widget elementor-widget-button\" data-id=\"fd63501\" data-element_type=\"widget\" data-e-type=\"widget\" data-widget_type=\"button.default\">\n\t\t\t\t<div class=\"elementor-widget-container\">\n\t\t\t\t\t\t\t\t\t<div class=\"elementor-button-wrapper\">\n\t\t\t\t\t<a class=\"elementor-button elementor-button-link elementor-size-sm\" href=\"\/de\/locations\/\">\n\t\t\t\t\t\t<span class=\"elementor-button-content-wrapper\">\n\t\t\t\t\t\t\t\t\t<span class=\"elementor-button-text\">Finden Sie Ihr<\/span>\n\t\t\t\t\t<\/span>\n\t\t\t\t\t<\/a>\n\t\t\t\t<\/div>\n\t\t\t\t\t\t\t\t<\/div>\n\t\t\t\t<\/div>\n\t\t\t\t\t<\/div>\n\t\t<\/div>\n\t\t\t\t\t<\/div>\n\t\t<\/section>\n\t\t\t\t<\/div>\n\t\t<\/div>\n\t\t\t\t\t\t<\/div>\n\t\t\t\t<\/div>\n\t\t\t\t\t<\/div>\n\t\t<\/div>\n\t\t\t\t\t<\/div>\n\t\t<\/section>\n\t\t\t\t<\/div>","protected":false},"excerpt":{"rendered":"<p>COMMUNITY HEALTH Partnering with local health systems, our Community Health programs provide healthcare and social services to those who need it the most. Our Community Health Workers are the key to reaching underserved populations, providing them with the care they require and serving as a bridge to access the necessary services. This ensures individuals don&#8217;t [&hellip;]<\/p>\n","protected":false},"author":1,"featured_media":20734,"parent":641,"menu_order":0,"comment_status":"closed","ping_status":"closed","template":"elementor_header_footer","meta":{"_acf_changed":false,"footnotes":""},"class_list":["post-2705","page","type-page","status-publish","has-post-thumbnail","hentry"],"acf":[],"yoast_head":"<!-- This site is optimized with the Yoast SEO plugin v27.3 - https:\/\/yoast.com\/product\/yoast-seo-wordpress\/ -->\n<title>Community Health - Tulsa Health Department<\/title>\n<meta name=\"description\" content=\"The Center for Community Health is a partnership between Saint Francis Health System and the Tulsa Health Department with the overarching goal to improve health in Tulsa County.\" \/>\n<meta name=\"robots\" content=\"index, follow, max-snippet:-1, max-image-preview:large, max-video-preview:-1\" \/>\n<link rel=\"canonical\" href=\"https:\/\/tulsa-health.org\/de\/programs\/community-health\/\" \/>\n<meta property=\"og:locale\" content=\"de_DE\" \/>\n<meta property=\"og:type\" content=\"article\" \/>\n<meta property=\"og:title\" content=\"Community Health - Tulsa Health Department\" \/>\n<meta property=\"og:description\" content=\"The Center for Community Health is a partnership between Saint Francis Health System and the Tulsa Health Department with the overarching goal to improve health in Tulsa County.\" \/>\n<meta property=\"og:url\" content=\"https:\/\/tulsa-health.org\/de\/programs\/community-health\/\" \/>\n<meta property=\"og:site_name\" content=\"Tulsa Health Department\" \/>\n<meta property=\"article:modified_time\" content=\"2025-07-11T21:08:00+00:00\" \/>\n<meta property=\"og:image\" content=\"https:\/\/tulsa-health.org\/wp-content\/uploads\/2024\/08\/GettyImages-1195969677.jpg\" \/>\n\t<meta property=\"og:image:width\" content=\"1920\" \/>\n\t<meta property=\"og:image:height\" content=\"1280\" \/>\n\t<meta property=\"og:image:type\" content=\"image\/jpeg\" \/>\n<meta name=\"twitter:card\" content=\"summary_large_image\" \/>\n<meta name=\"twitter:label1\" content=\"Gesch\u00e4tzte Lesezeit\" \/>\n\t<meta name=\"twitter:data1\" content=\"3 minutes\" \/>\n<script type=\"application\/ld+json\" class=\"yoast-schema-graph\">{\"@context\":\"https:\\\/\\\/schema.org\",\"@graph\":[{\"@type\":\"WebPage\",\"@id\":\"https:\\\/\\\/tulsa-health.org\\\/programs\\\/community-health\\\/\",\"url\":\"https:\\\/\\\/tulsa-health.org\\\/programs\\\/community-health\\\/\",\"name\":\"Community Health - Tulsa Health Department\",\"isPartOf\":{\"@id\":\"https:\\\/\\\/tulsa-health.org\\\/es\\\/#website\"},\"primaryImageOfPage\":{\"@id\":\"https:\\\/\\\/tulsa-health.org\\\/programs\\\/community-health\\\/#primaryimage\"},\"image\":{\"@id\":\"https:\\\/\\\/tulsa-health.org\\\/programs\\\/community-health\\\/#primaryimage\"},\"thumbnailUrl\":\"https:\\\/\\\/tulsa-health.org\\\/wp-content\\\/uploads\\\/2024\\\/08\\\/GettyImages-1195969677.jpg\",\"datePublished\":\"2023-05-05T20:37:01+00:00\",\"dateModified\":\"2025-07-11T21:08:00+00:00\",\"description\":\"The Center for Community Health is a partnership between Saint Francis Health System and the Tulsa Health Department with the overarching goal to improve health in Tulsa County.\",\"breadcrumb\":{\"@id\":\"https:\\\/\\\/tulsa-health.org\\\/programs\\\/community-health\\\/#breadcrumb\"},\"inLanguage\":\"de-DE-formal\",\"potentialAction\":[{\"@type\":\"ReadAction\",\"target\":[\"https:\\\/\\\/tulsa-health.org\\\/programs\\\/community-health\\\/\"]}]},{\"@type\":\"ImageObject\",\"inLanguage\":\"de-DE-formal\",\"@id\":\"https:\\\/\\\/tulsa-health.org\\\/programs\\\/community-health\\\/#primaryimage\",\"url\":\"https:\\\/\\\/tulsa-health.org\\\/wp-content\\\/uploads\\\/2024\\\/08\\\/GettyImages-1195969677.jpg\",\"contentUrl\":\"https:\\\/\\\/tulsa-health.org\\\/wp-content\\\/uploads\\\/2024\\\/08\\\/GettyImages-1195969677.jpg\",\"width\":1920,\"height\":1280},{\"@type\":\"BreadcrumbList\",\"@id\":\"https:\\\/\\\/tulsa-health.org\\\/programs\\\/community-health\\\/#breadcrumb\",\"itemListElement\":[{\"@type\":\"ListItem\",\"position\":1,\"name\":\"Home\",\"item\":\"https:\\\/\\\/tulsa-health.org\\\/\"},{\"@type\":\"ListItem\",\"position\":2,\"name\":\"Community Programs\",\"item\":\"https:\\\/\\\/tulsa-health.org\\\/programs\\\/\"},{\"@type\":\"ListItem\",\"position\":3,\"name\":\"Community Health\"}]},{\"@type\":\"WebSite\",\"@id\":\"https:\\\/\\\/tulsa-health.org\\\/es\\\/#website\",\"url\":\"https:\\\/\\\/tulsa-health.org\\\/es\\\/\",\"name\":\"Tulsa Health Department\",\"description\":\"Clinical Services, Immunizations, Permits and More | Tulsa Health Department\",\"potentialAction\":[{\"@type\":\"SearchAction\",\"target\":{\"@type\":\"EntryPoint\",\"urlTemplate\":\"https:\\\/\\\/tulsa-health.org\\\/es\\\/?s={search_term_string}\"},\"query-input\":{\"@type\":\"PropertyValueSpecification\",\"valueRequired\":true,\"valueName\":\"search_term_string\"}}],\"inLanguage\":\"de-DE-formal\"}]}<\/script>\n<!-- \/ Yoast SEO plugin. -->","yoast_head_json":{"title":"\u00d6ffentliche Gesundheit - Gesundheitsamt Tulsa","description":"Das Center for Community Health ist eine Partnerschaft zwischen dem Saint Francis Health System und dem Tulsa Health Department mit dem \u00fcbergeordneten Ziel, die Gesundheit im Tulsa County zu verbessern.","robots":{"index":"index","follow":"follow","max-snippet":"max-snippet:-1","max-image-preview":"max-image-preview:large","max-video-preview":"max-video-preview:-1"},"canonical":"https:\/\/tulsa-health.org\/de\/programs\/community-health\/","og_locale":"de_DE","og_type":"article","og_title":"Community Health - Tulsa Health Department","og_description":"The Center for Community Health is a partnership between Saint Francis Health System and the Tulsa Health Department with the overarching goal to improve health in Tulsa County.","og_url":"https:\/\/tulsa-health.org\/de\/programs\/community-health\/","og_site_name":"Tulsa Health Department","article_modified_time":"2025-07-11T21:08:00+00:00","og_image":[{"width":1920,"height":1280,"url":"https:\/\/tulsa-health.org\/wp-content\/uploads\/2024\/08\/GettyImages-1195969677.jpg","type":"image\/jpeg"}],"twitter_card":"summary_large_image","twitter_misc":{"Gesch\u00e4tzte Lesezeit":"3 minutes"},"schema":{"@context":"https:\/\/schema.org","@graph":[{"@type":"WebPage","@id":"https:\/\/tulsa-health.org\/programs\/community-health\/","url":"https:\/\/tulsa-health.org\/programs\/community-health\/","name":"\u00d6ffentliche Gesundheit - Gesundheitsamt Tulsa","isPartOf":{"@id":"https:\/\/tulsa-health.org\/es\/#website"},"primaryImageOfPage":{"@id":"https:\/\/tulsa-health.org\/programs\/community-health\/#primaryimage"},"image":{"@id":"https:\/\/tulsa-health.org\/programs\/community-health\/#primaryimage"},"thumbnailUrl":"https:\/\/tulsa-health.org\/wp-content\/uploads\/2024\/08\/GettyImages-1195969677.jpg","datePublished":"2023-05-05T20:37:01+00:00","dateModified":"2025-07-11T21:08:00+00:00","description":"Das Center for Community Health ist eine Partnerschaft zwischen dem Saint Francis Health System und dem Tulsa Health Department mit dem \u00fcbergeordneten Ziel, die Gesundheit im Tulsa County zu verbessern.","breadcrumb":{"@id":"https:\/\/tulsa-health.org\/programs\/community-health\/#breadcrumb"},"inLanguage":"de-DE-formal","potentialAction":[{"@type":"ReadAction","target":["https:\/\/tulsa-health.org\/programs\/community-health\/"]}]},{"@type":"ImageObject","inLanguage":"de-DE-formal","@id":"https:\/\/tulsa-health.org\/programs\/community-health\/#primaryimage","url":"https:\/\/tulsa-health.org\/wp-content\/uploads\/2024\/08\/GettyImages-1195969677.jpg","contentUrl":"https:\/\/tulsa-health.org\/wp-content\/uploads\/2024\/08\/GettyImages-1195969677.jpg","width":1920,"height":1280},{"@type":"BreadcrumbList","@id":"https:\/\/tulsa-health.org\/programs\/community-health\/#breadcrumb","itemListElement":[{"@type":"ListItem","position":1,"name":"Home","item":"https:\/\/tulsa-health.org\/"},{"@type":"ListItem","position":2,"name":"Community Programs","item":"https:\/\/tulsa-health.org\/programs\/"},{"@type":"ListItem","position":3,"name":"Community Health"}]},{"@type":"WebSite","@id":"https:\/\/tulsa-health.org\/es\/#website","url":"https:\/\/tulsa-health.org\/es\/","name":"Gesundheitsamt von Tulsa","description":"Klinische Dienste, Impfungen, Genehmigungen und mehr | Gesundheitsamt Tulsa","potentialAction":[{"@type":"SearchAction","target":{"@type":"EntryPoint","urlTemplate":"https:\/\/tulsa-health.org\/es\/?s={search_term_string}"},"query-input":{"@type":"PropertyValueSpecification","valueRequired":true,"valueName":"search_term_string"}}],"inLanguage":"de-DE-formal"}]}},"publishpress_future_workflow_manual_trigger":{"enabledWorkflows":[]},"_links":{"self":[{"href":"https:\/\/tulsa-health.org\/de\/wp-json\/wp\/v2\/pages\/2705","targetHints":{"allow":["GET"]}}],"collection":[{"href":"https:\/\/tulsa-health.org\/de\/wp-json\/wp\/v2\/pages"}],"about":[{"href":"https:\/\/tulsa-health.org\/de\/wp-json\/wp\/v2\/types\/page"}],"author":[{"embeddable":true,"href":"https:\/\/tulsa-health.org\/de\/wp-json\/wp\/v2\/users\/1"}],"replies":[{"embeddable":true,"href":"https:\/\/tulsa-health.org\/de\/wp-json\/wp\/v2\/comments?post=2705"}],"version-history":[{"count":6,"href":"https:\/\/tulsa-health.org\/de\/wp-json\/wp\/v2\/pages\/2705\/revisions"}],"predecessor-version":[{"id":22631,"href":"https:\/\/tulsa-health.org\/de\/wp-json\/wp\/v2\/pages\/2705\/revisions\/22631"}],"up":[{"embeddable":true,"href":"https:\/\/tulsa-health.org\/de\/wp-json\/wp\/v2\/pages\/641"}],"wp:featuredmedia":[{"embeddable":true,"href":"https:\/\/tulsa-health.org\/de\/wp-json\/wp\/v2\/media\/20734"}],"wp:attachment":[{"href":"https:\/\/tulsa-health.org\/de\/wp-json\/wp\/v2\/media?parent=2705"}],"curies":[{"name":"wp","href":"https:\/\/api.w.org\/{rel}","templated":true}]}}