{"id":2797,"date":"2023-05-05T16:16:30","date_gmt":"2023-05-05T21:16:30","guid":{"rendered":"https:\/\/test.tulsa-health.org\/?page_id=2797"},"modified":"2026-03-20T11:16:59","modified_gmt":"2026-03-20T16:16:59","slug":"workplace-wellness","status":"publish","type":"page","link":"https:\/\/tulsa-health.org\/de\/programs\/workplace-wellness\/","title":{"rendered":"Wohlbefinden am Arbeitsplatz"},"content":{"rendered":"<div data-elementor-type=\"wp-page\" data-elementor-id=\"2797\" class=\"elementor elementor-2797\" data-elementor-post-type=\"page\">\n\t\t\t\t\t\t<section class=\"elementor-section elementor-top-section elementor-element elementor-element-3ccbe2b elementor-section-full_width elementor-section-height-min-height elementor-section-height-default elementor-section-items-middle\" data-id=\"3ccbe2b\" data-element_type=\"section\" data-e-type=\"section\" data-settings=\"{&quot;background_background&quot;:&quot;classic&quot;}\">\n\t\t\t\t\t\t<div class=\"elementor-container elementor-column-gap-no\">\n\t\t\t\t\t<div class=\"elementor-column elementor-col-100 elementor-top-column elementor-element elementor-element-a284dee\" data-id=\"a284dee\" data-element_type=\"column\" data-e-type=\"column\">\n\t\t\t<div class=\"elementor-widget-wrap\">\n\t\t\t\t\t\t\t<\/div>\n\t\t<\/div>\n\t\t\t\t\t<\/div>\n\t\t<\/section>\n\t\t\t\t<section class=\"elementor-section elementor-top-section elementor-element elementor-element-2e517ee elementor-section-boxed elementor-section-height-default elementor-section-height-default\" data-id=\"2e517ee\" data-element_type=\"section\" data-e-type=\"section\" data-settings=\"{&quot;background_background&quot;:&quot;classic&quot;}\">\n\t\t\t\t\t\t<div class=\"elementor-container elementor-column-gap-default\">\n\t\t\t\t\t<div class=\"elementor-column elementor-col-100 elementor-top-column elementor-element elementor-element-eabcd01\" data-id=\"eabcd01\" data-element_type=\"column\" data-e-type=\"column\">\n\t\t\t<div class=\"elementor-widget-wrap elementor-element-populated\">\n\t\t\t\t\t\t<div class=\"elementor-element elementor-element-c5758a0 elementor-widget elementor-widget-heading\" data-id=\"c5758a0\" data-element_type=\"widget\" data-e-type=\"widget\" data-widget_type=\"heading.default\">\n\t\t\t\t<div class=\"elementor-widget-container\">\n\t\t\t\t\t<h1 class=\"elementor-heading-title elementor-size-default\">Wohlbefinden am Arbeitsplatz<\/h1>\t\t\t\t<\/div>\n\t\t\t\t<\/div>\n\t\t\t\t<div class=\"elementor-element elementor-element-021f6a5 elementor-widget elementor-widget-text-editor\" data-id=\"021f6a5\" data-element_type=\"widget\" data-e-type=\"widget\" data-widget_type=\"text-editor.default\">\n\t\t\t\t<div class=\"elementor-widget-container\">\n\t\t\t\t\t\t\t\t\t<p>Da Arbeitnehmer in Amerika heute mehr als ein Drittel ihres Tages am Arbeitsplatz verbringen, sind Arbeitgeber in der einzigartigen Lage, die Gesundheit und Sicherheit ihrer Mitarbeiter zu f\u00f6rdern.<\/p>\t\t\t\t\t\t\t\t<\/div>\n\t\t\t\t<\/div>\n\t\t\t\t\t<\/div>\n\t\t<\/div>\n\t\t\t\t\t<\/div>\n\t\t<\/section>\n\t\t\t\t<section class=\"elementor-section elementor-top-section elementor-element elementor-element-58c1f4b elementor-section-boxed elementor-section-height-default elementor-section-height-default\" data-id=\"58c1f4b\" data-element_type=\"section\" data-e-type=\"section\" data-settings=\"{&quot;background_background&quot;:&quot;classic&quot;}\">\n\t\t\t\t\t\t<div class=\"elementor-container elementor-column-gap-default\">\n\t\t\t\t\t<div class=\"elementor-column elementor-col-100 elementor-top-column elementor-element elementor-element-bd8a262\" data-id=\"bd8a262\" data-element_type=\"column\" data-e-type=\"column\">\n\t\t\t<div class=\"elementor-widget-wrap elementor-element-populated\">\n\t\t\t\t\t\t<div class=\"elementor-element elementor-element-8eb945b elementor-widget elementor-widget-text-editor\" data-id=\"8eb945b\" data-element_type=\"widget\" data-e-type=\"widget\" data-widget_type=\"text-editor.default\">\n\t\t\t\t<div class=\"elementor-widget-container\">\n\t\t\t\t\t\t\t\t\t<p>Der Einsatz wirksamer Wellness-Programme und -Richtlinien am Arbeitsplatz kann Gesundheitsrisiken verringern und die Lebensqualit\u00e4t der Mitarbeiter verbessern. Dar\u00fcber hinaus f\u00f6rdern diese Programme die Kameradschaft und Teamarbeit, tragen dazu bei, Fehlzeiten zu verringern, und k\u00f6nnen ein fantastisches Rekrutierungsinstrument sein \u2013 und gleichzeitig die Gesundheitskosten senken.<\/p>\t\t\t\t\t\t\t\t<\/div>\n\t\t\t\t<\/div>\n\t\t\t\t<div class=\"elementor-element elementor-element-0186f44 elementor-widget elementor-widget-la-heading-anchor-link\" data-id=\"0186f44\" data-element_type=\"widget\" data-e-type=\"widget\" data-widget_type=\"la-heading-anchor-link.default\">\n\t\t\t\t<div class=\"elementor-widget-container\">\n\t\t\t\t\t        <h2 id=\"w4b\" class=\"la_heading_anchor_link\">\n            Arbeits-4-Balance            <button onclick=\"LAHeadingAnchorLinkCopyToClipboard('https:\/\/tulsa-health.org\/de\/programs\/workplace-wellness\/#w4b')\">\n                <svg xmlns=\"http:\/\/www.w3.org\/2000\/svg\" width=\"24\" height=\"24\" stroke=\"currentColor\" viewbox=\"0 0 24 24\" fill=\"none\" stroke-width=\"2\" stroke-linecap=\"round\" stroke-linejoin=\"round\" class=\"feather feather-link\">\n                    <path d=\"M10 13a5 5 0 0 0 7.54.54l3-3a5 5 0 0 0-7.07-7.07l-1.72 1.71\"><\/path><path d=\"M14 11a5 5 0 0 0-7.54-.54l-3 3a5 5 0 0 0 7.07 7.07l1.71-1.71\"><\/path>\n                <\/svg>\n            <\/button>\n        <\/h2>\n        \t\t\t\t<\/div>\n\t\t\t\t<\/div>\n\t\t\t\t<div class=\"elementor-element elementor-element-daaee6b elementor-widget elementor-widget-text-editor\" data-id=\"daaee6b\" data-element_type=\"widget\" data-e-type=\"widget\" data-widget_type=\"text-editor.default\">\n\t\t\t\t<div class=\"elementor-widget-container\">\n\t\t\t\t\t\t\t\t\t<p>Working 4 Balance (W4B) ist das interne Wellnessprogramm des Gesundheitsministeriums von Tulsa am Arbeitsplatz. Die Gesundheitskultur bei THD umfasst Richtlinien, Aktivit\u00e4ten und Erwartungen, um sicherzustellen, dass die Mitarbeiter (vom oberen Management bis zur Einstiegsebene) verstehen, dass ihr Wohlbefinden wichtig ist. THD verf\u00fcgt \u00fcber eine eigene Abteilung und Mitarbeiter f\u00fcr das Wohlbefinden der Mitarbeiter. Ein Wellness-Ausschuss f\u00fcr Mitarbeiter unterst\u00fctzt die F\u00f6rderung und Durchf\u00fchrung von Wellness-Programmen und der Wellness-Beratungsausschuss pr\u00fcft Programme auf wissenschaftliche Erkenntnisse. THD bietet eine Vielzahl von Wellness-Initiativen an; wie Gesundheitscoaching, Wellness-Challenges, ergonomische Beurteilungen, Kurse und Gesundheitsuntersuchungen, um den Bed\u00fcrfnissen der 340 Mitarbeiter der Agentur gerecht zu werden. Dar\u00fcber hinaus verf\u00fcgt THD \u00fcber Richtlinien zur Unterst\u00fctzung von k\u00f6rperlicher Aktivit\u00e4t, Ern\u00e4hrung, Tabak und stillenden M\u00fcttern.<\/p><p>THD war ein\u00a0<a href=\"https:\/\/oklahoma.gov\/certifiedhealthy.html\">Zertifiziertes gesundes Unternehmen in Oklahoma<\/a>\u00a0vom Oklahoma State Department of Health und a\u00a0<a href=\"https:\/\/www.yourethecure.org\/fit-friendly-worksites-program-encourages-healthy-workforce\">Fit-freundlicher Arbeitsplatz<\/a>\u00a0von der American Heart Association seit 2008 und an\u00a0<a href=\"https:\/\/www.okbreastfeeding.org\/worksite-recognition.html\">Stillfreundliche Arbeitsstelle in Oklahoma<\/a>\u00a0seit 2018.<\/p><p>W4B bietet Folgendes an:<\/p><ul><li>Kostenlose Beratung f\u00fcr Unternehmen, die an der Entwicklung eigener Wellness-Programme am Arbeitsplatz interessiert sind<\/li><li>Vortr\u00e4ge zur Gesundheitserziehung mit einer Mindestbeteiligung.<\/li><li>Biometrische Gesundheitsuntersuchungen gegen eine geringe Geb\u00fchr.<\/li><\/ul><p>Bitte kontaktieren Sie die W4B-Wellness-Spezialistin Anne Farrell per E-Mail unter <a href=\"mailto:afarrell@tulsa-health.org\">afarrell@tulsa-health.org<\/a> F\u00fcr weitere Informationen oder zur Vereinbarung eines Pr\u00e4sentationstermins.<\/p>\t\t\t\t\t\t\t\t<\/div>\n\t\t\t\t<\/div>\n\t\t\t\t<div class=\"elementor-element elementor-element-b590cda elementor-widget elementor-widget-la-heading-anchor-link\" data-id=\"b590cda\" data-element_type=\"widget\" data-e-type=\"widget\" data-widget_type=\"la-heading-anchor-link.default\">\n\t\t\t\t<div class=\"elementor-widget-container\">\n\t\t\t\t\t        <h2 id=\"resources\" class=\"la_heading_anchor_link\">\n            Ressourcen zum Arbeiten von zu Hause aus            <button onclick=\"LAHeadingAnchorLinkCopyToClipboard('https:\/\/tulsa-health.org\/de\/programs\/workplace-wellness\/#resources')\">\n                <svg xmlns=\"http:\/\/www.w3.org\/2000\/svg\" width=\"24\" height=\"24\" stroke=\"currentColor\" viewbox=\"0 0 24 24\" fill=\"none\" stroke-width=\"2\" stroke-linecap=\"round\" stroke-linejoin=\"round\" class=\"feather feather-link\">\n                    <path d=\"M10 13a5 5 0 0 0 7.54.54l3-3a5 5 0 0 0-7.07-7.07l-1.72 1.71\"><\/path><path d=\"M14 11a5 5 0 0 0-7.54-.54l-3 3a5 5 0 0 0 7.07 7.07l1.71-1.71\"><\/path>\n                <\/svg>\n            <\/button>\n        <\/h2>\n        \t\t\t\t<\/div>\n\t\t\t\t<\/div>\n\t\t\t\t<div class=\"elementor-element elementor-element-a9c1d8d elementor-widget elementor-widget-text-editor\" data-id=\"a9c1d8d\" data-element_type=\"widget\" data-e-type=\"widget\" data-widget_type=\"text-editor.default\">\n\t\t\t\t<div class=\"elementor-widget-container\">\n\t\t\t\t\t\t\t\t\t<p>Hier sind einige Ressourcen aus dem\u00a0<a href=\"https:\/\/www.nsc.org\/\">Nationaler Sicherheitsrat<\/a>\u00a0Und\u00a0<a href=\"https:\/\/www.who.int\/\">Weltgesundheitsorganisation<\/a>\u00a0um Mitarbeitern dabei zu helfen, sich an die Arbeit mit weniger Kollegen und in Remote-Umgebungen zu gew\u00f6hnen.<\/p><ul><li><a href=\"https:\/\/oklahoma.gov\/certifiedhealthy.html\">Zertifiziertes Healthy Oklahoma-Programm<\/a><\/li><li><a href=\"https:\/\/www.welcoa.org\/\">Wellness Council von Amerika<\/a><\/li><li><a href=\"\/wp-content\/uploads\/2023\/05\/coping-with-stress.pdf\">Mit Stress umgehen<\/a><\/li><\/ul>\t\t\t\t\t\t\t\t<\/div>\n\t\t\t\t<\/div>\n\t\t\t\t\t<\/div>\n\t\t<\/div>\n\t\t\t\t\t<\/div>\n\t\t<\/section>\n\t\t\t\t<section class=\"elementor-section elementor-top-section elementor-element elementor-element-1851904 elementor-section-full_width elementor-section-height-default elementor-section-height-default\" data-id=\"1851904\" data-element_type=\"section\" data-e-type=\"section\">\n\t\t\t\t\t\t<div class=\"elementor-container elementor-column-gap-default\">\n\t\t\t\t\t<div class=\"elementor-column elementor-col-100 elementor-top-column elementor-element elementor-element-b4b2ae8\" data-id=\"b4b2ae8\" data-element_type=\"column\" data-e-type=\"column\">\n\t\t\t<div class=\"elementor-widget-wrap elementor-element-populated\">\n\t\t\t\t\t\t<div class=\"elementor-element elementor-element-bb46d82 elementor-widget elementor-widget-shortcode\" data-id=\"bb46d82\" data-element_type=\"widget\" data-e-type=\"widget\" data-widget_type=\"shortcode.default\">\n\t\t\t\t<div class=\"elementor-widget-container\">\n\t\t\t\t\t\t\t<div class=\"elementor-shortcode\">\t\t<div data-elementor-type=\"section\" data-elementor-id=\"4934\" class=\"elementor elementor-4934\" data-elementor-post-type=\"elementor_library\">\n\t\t\t\t\t<section class=\"elementor-section elementor-top-section elementor-element elementor-element-4469b59d elementor-section-stretched elementor-section-boxed elementor-section-height-default elementor-section-height-default\" data-id=\"4469b59d\" data-element_type=\"section\" data-e-type=\"section\" data-settings=\"{&quot;background_background&quot;:&quot;classic&quot;,&quot;stretch_section&quot;:&quot;section-stretched&quot;}\">\n\t\t\t\t\t\t\t<div class=\"elementor-background-overlay\"><\/div>\n\t\t\t\t\t\t\t<div class=\"elementor-container elementor-column-gap-default\">\n\t\t\t\t\t<div class=\"elementor-column elementor-col-100 elementor-top-column elementor-element elementor-element-615ea353\" data-id=\"615ea353\" data-element_type=\"column\" data-e-type=\"column\">\n\t\t\t<div class=\"elementor-widget-wrap elementor-element-populated\">\n\t\t\t\t\t\t<div class=\"elementor-element elementor-element-bdb2691 elementor-widget elementor-widget-heading\" data-id=\"bdb2691\" data-element_type=\"widget\" data-e-type=\"widget\" data-widget_type=\"heading.default\">\n\t\t\t\t<div class=\"elementor-widget-container\">\n\t\t\t\t\t<h5 class=\"elementor-heading-title elementor-size-default\">STANDORTE<\/h5>\t\t\t\t<\/div>\n\t\t\t\t<\/div>\n\t\t\t\t<div class=\"elementor-element elementor-element-00f74f9 elementor-widget elementor-widget-text-editor\" data-id=\"00f74f9\" data-element_type=\"widget\" data-e-type=\"widget\" data-widget_type=\"text-editor.default\">\n\t\t\t\t<div class=\"elementor-widget-container\">\n\t\t\t\t\t\t\t\t\t<p>Wir verf\u00fcgen \u00fcber 9 Standorte im gesamten Tulsa County, die eine Vielzahl von Dienstleistungen anbieten, die Ihnen und Ihrer Familie dabei helfen, gesund zu bleiben.<\/p>\t\t\t\t\t\t\t\t<\/div>\n\t\t\t\t<\/div>\n\t\t\t\t<div class=\"elementor-element elementor-element-fd63501 elementor-align-center secondary elementor-widget elementor-widget-button\" data-id=\"fd63501\" data-element_type=\"widget\" data-e-type=\"widget\" data-widget_type=\"button.default\">\n\t\t\t\t<div class=\"elementor-widget-container\">\n\t\t\t\t\t\t\t\t\t<div class=\"elementor-button-wrapper\">\n\t\t\t\t\t<a class=\"elementor-button elementor-button-link elementor-size-sm\" href=\"\/de\/locations\/\">\n\t\t\t\t\t\t<span class=\"elementor-button-content-wrapper\">\n\t\t\t\t\t\t\t\t\t<span class=\"elementor-button-text\">Finden Sie Ihr<\/span>\n\t\t\t\t\t<\/span>\n\t\t\t\t\t<\/a>\n\t\t\t\t<\/div>\n\t\t\t\t\t\t\t\t<\/div>\n\t\t\t\t<\/div>\n\t\t\t\t\t<\/div>\n\t\t<\/div>\n\t\t\t\t\t<\/div>\n\t\t<\/section>\n\t\t\t\t<\/div>\n\t\t<\/div>\n\t\t\t\t\t\t<\/div>\n\t\t\t\t<\/div>\n\t\t\t\t\t<\/div>\n\t\t<\/div>\n\t\t\t\t\t<\/div>\n\t\t<\/section>\n\t\t\t\t<\/div>","protected":false},"excerpt":{"rendered":"<p>Workplace Wellness With workers in America today spending more than one-third of their day on the job, employers are in a unique position to promote the health and safety of their employees. The use of effective workplace wellness programs and policies can reduce health risks and improve the quality of life for employees. Additionally, these [&hellip;]<\/p>\n","protected":false},"author":1,"featured_media":9951,"parent":641,"menu_order":0,"comment_status":"closed","ping_status":"closed","template":"elementor_header_footer","meta":{"_acf_changed":false,"footnotes":""},"class_list":["post-2797","page","type-page","status-publish","has-post-thumbnail","hentry"],"acf":[],"yoast_head":"<!-- This site is optimized with the Yoast SEO plugin v27.4 - https:\/\/yoast.com\/product\/yoast-seo-wordpress\/ -->\n<title>Workplace Wellness - Tulsa Health Department<\/title>\n<meta name=\"description\" content=\"With workers in America today spending more than one-third of their day on the job, employers are in a unique position to promote the health and safety of their employees.\" \/>\n<meta name=\"robots\" content=\"index, follow, max-snippet:-1, max-image-preview:large, max-video-preview:-1\" \/>\n<link rel=\"canonical\" href=\"https:\/\/tulsa-health.org\/de\/programs\/workplace-wellness\/\" \/>\n<meta property=\"og:locale\" content=\"de_DE\" \/>\n<meta property=\"og:type\" content=\"article\" \/>\n<meta property=\"og:title\" content=\"Workplace Wellness - Tulsa Health Department\" \/>\n<meta property=\"og:description\" content=\"With workers in America today spending more than one-third of their day on the job, employers are in a unique position to promote the health and safety of their employees.\" \/>\n<meta property=\"og:url\" content=\"https:\/\/tulsa-health.org\/de\/programs\/workplace-wellness\/\" \/>\n<meta property=\"og:site_name\" content=\"Tulsa Health Department\" \/>\n<meta property=\"article:modified_time\" content=\"2026-03-20T16:16:59+00:00\" \/>\n<meta property=\"og:image\" content=\"https:\/\/tulsa-health.org\/wp-content\/uploads\/2023\/07\/workplace-wellness-iStock-1022160216-1.jpg\" \/>\n\t<meta property=\"og:image:width\" content=\"1690\" \/>\n\t<meta property=\"og:image:height\" content=\"1080\" \/>\n\t<meta property=\"og:image:type\" content=\"image\/jpeg\" \/>\n<meta name=\"twitter:card\" content=\"summary_large_image\" \/>\n<meta name=\"twitter:label1\" content=\"Gesch\u00e4tzte Lesezeit\" \/>\n\t<meta name=\"twitter:data1\" content=\"2 minutes\" \/>\n<script type=\"application\/ld+json\" class=\"yoast-schema-graph\">{\"@context\":\"https:\\\/\\\/schema.org\",\"@graph\":[{\"@type\":\"WebPage\",\"@id\":\"https:\\\/\\\/tulsa-health.org\\\/programs\\\/workplace-wellness\\\/\",\"url\":\"https:\\\/\\\/tulsa-health.org\\\/programs\\\/workplace-wellness\\\/\",\"name\":\"Workplace Wellness - Tulsa Health Department\",\"isPartOf\":{\"@id\":\"https:\\\/\\\/tulsa-health.org\\\/es\\\/#website\"},\"primaryImageOfPage\":{\"@id\":\"https:\\\/\\\/tulsa-health.org\\\/programs\\\/workplace-wellness\\\/#primaryimage\"},\"image\":{\"@id\":\"https:\\\/\\\/tulsa-health.org\\\/programs\\\/workplace-wellness\\\/#primaryimage\"},\"thumbnailUrl\":\"https:\\\/\\\/tulsa-health.org\\\/wp-content\\\/uploads\\\/2023\\\/07\\\/workplace-wellness-iStock-1022160216-1.jpg\",\"datePublished\":\"2023-05-05T21:16:30+00:00\",\"dateModified\":\"2026-03-20T16:16:59+00:00\",\"description\":\"With workers in America today spending more than one-third of their day on the job, employers are in a unique position to promote the health and safety of their employees.\",\"breadcrumb\":{\"@id\":\"https:\\\/\\\/tulsa-health.org\\\/programs\\\/workplace-wellness\\\/#breadcrumb\"},\"inLanguage\":\"de-DE-formal\",\"potentialAction\":[{\"@type\":\"ReadAction\",\"target\":[\"https:\\\/\\\/tulsa-health.org\\\/programs\\\/workplace-wellness\\\/\"]}]},{\"@type\":\"ImageObject\",\"inLanguage\":\"de-DE-formal\",\"@id\":\"https:\\\/\\\/tulsa-health.org\\\/programs\\\/workplace-wellness\\\/#primaryimage\",\"url\":\"https:\\\/\\\/tulsa-health.org\\\/wp-content\\\/uploads\\\/2023\\\/07\\\/workplace-wellness-iStock-1022160216-1.jpg\",\"contentUrl\":\"https:\\\/\\\/tulsa-health.org\\\/wp-content\\\/uploads\\\/2023\\\/07\\\/workplace-wellness-iStock-1022160216-1.jpg\",\"width\":1690,\"height\":1080,\"caption\":\"Woman and an exercise mat in an office background\"},{\"@type\":\"BreadcrumbList\",\"@id\":\"https:\\\/\\\/tulsa-health.org\\\/programs\\\/workplace-wellness\\\/#breadcrumb\",\"itemListElement\":[{\"@type\":\"ListItem\",\"position\":1,\"name\":\"Home\",\"item\":\"https:\\\/\\\/tulsa-health.org\\\/\"},{\"@type\":\"ListItem\",\"position\":2,\"name\":\"Community Programs\",\"item\":\"https:\\\/\\\/tulsa-health.org\\\/programs\\\/\"},{\"@type\":\"ListItem\",\"position\":3,\"name\":\"Workplace Wellness\"}]},{\"@type\":\"WebSite\",\"@id\":\"https:\\\/\\\/tulsa-health.org\\\/es\\\/#website\",\"url\":\"https:\\\/\\\/tulsa-health.org\\\/es\\\/\",\"name\":\"Tulsa Health Department\",\"description\":\"Clinical Services, Immunizations, Permits and More | Tulsa Health Department\",\"potentialAction\":[{\"@type\":\"SearchAction\",\"target\":{\"@type\":\"EntryPoint\",\"urlTemplate\":\"https:\\\/\\\/tulsa-health.org\\\/es\\\/?s={search_term_string}\"},\"query-input\":{\"@type\":\"PropertyValueSpecification\",\"valueRequired\":true,\"valueName\":\"search_term_string\"}}],\"inLanguage\":\"de-DE-formal\"}]}<\/script>\n<!-- \/ Yoast SEO plugin. -->","yoast_head_json":{"title":"Wohlbefinden am Arbeitsplatz \u2013 Gesundheitsamt Tulsa","description":"Da Arbeitnehmer in Amerika heute mehr als ein Drittel ihres Tages am Arbeitsplatz verbringen, sind Arbeitgeber in der einzigartigen Lage, die Gesundheit und Sicherheit ihrer Mitarbeiter zu f\u00f6rdern.","robots":{"index":"index","follow":"follow","max-snippet":"max-snippet:-1","max-image-preview":"max-image-preview:large","max-video-preview":"max-video-preview:-1"},"canonical":"https:\/\/tulsa-health.org\/de\/programs\/workplace-wellness\/","og_locale":"de_DE","og_type":"article","og_title":"Workplace Wellness - Tulsa Health Department","og_description":"With workers in America today spending more than one-third of their day on the job, employers are in a unique position to promote the health and safety of their employees.","og_url":"https:\/\/tulsa-health.org\/de\/programs\/workplace-wellness\/","og_site_name":"Tulsa Health Department","article_modified_time":"2026-03-20T16:16:59+00:00","og_image":[{"width":1690,"height":1080,"url":"https:\/\/tulsa-health.org\/wp-content\/uploads\/2023\/07\/workplace-wellness-iStock-1022160216-1.jpg","type":"image\/jpeg"}],"twitter_card":"summary_large_image","twitter_misc":{"Gesch\u00e4tzte Lesezeit":"2 minutes"},"schema":{"@context":"https:\/\/schema.org","@graph":[{"@type":"WebPage","@id":"https:\/\/tulsa-health.org\/programs\/workplace-wellness\/","url":"https:\/\/tulsa-health.org\/programs\/workplace-wellness\/","name":"Wohlbefinden am Arbeitsplatz \u2013 Gesundheitsamt Tulsa","isPartOf":{"@id":"https:\/\/tulsa-health.org\/es\/#website"},"primaryImageOfPage":{"@id":"https:\/\/tulsa-health.org\/programs\/workplace-wellness\/#primaryimage"},"image":{"@id":"https:\/\/tulsa-health.org\/programs\/workplace-wellness\/#primaryimage"},"thumbnailUrl":"https:\/\/tulsa-health.org\/wp-content\/uploads\/2023\/07\/workplace-wellness-iStock-1022160216-1.jpg","datePublished":"2023-05-05T21:16:30+00:00","dateModified":"2026-03-20T16:16:59+00:00","description":"Da Arbeitnehmer in Amerika heute mehr als ein Drittel ihres Tages am Arbeitsplatz verbringen, sind Arbeitgeber in der einzigartigen Lage, die Gesundheit und Sicherheit ihrer Mitarbeiter zu f\u00f6rdern.","breadcrumb":{"@id":"https:\/\/tulsa-health.org\/programs\/workplace-wellness\/#breadcrumb"},"inLanguage":"de-DE-formal","potentialAction":[{"@type":"ReadAction","target":["https:\/\/tulsa-health.org\/programs\/workplace-wellness\/"]}]},{"@type":"ImageObject","inLanguage":"de-DE-formal","@id":"https:\/\/tulsa-health.org\/programs\/workplace-wellness\/#primaryimage","url":"https:\/\/tulsa-health.org\/wp-content\/uploads\/2023\/07\/workplace-wellness-iStock-1022160216-1.jpg","contentUrl":"https:\/\/tulsa-health.org\/wp-content\/uploads\/2023\/07\/workplace-wellness-iStock-1022160216-1.jpg","width":1690,"height":1080,"caption":"Woman and an exercise mat in an office background"},{"@type":"BreadcrumbList","@id":"https:\/\/tulsa-health.org\/programs\/workplace-wellness\/#breadcrumb","itemListElement":[{"@type":"ListItem","position":1,"name":"Home","item":"https:\/\/tulsa-health.org\/"},{"@type":"ListItem","position":2,"name":"Community Programs","item":"https:\/\/tulsa-health.org\/programs\/"},{"@type":"ListItem","position":3,"name":"Workplace Wellness"}]},{"@type":"WebSite","@id":"https:\/\/tulsa-health.org\/es\/#website","url":"https:\/\/tulsa-health.org\/es\/","name":"Gesundheitsamt von Tulsa","description":"Klinische Dienste, Impfungen, Genehmigungen und mehr | Gesundheitsamt Tulsa","potentialAction":[{"@type":"SearchAction","target":{"@type":"EntryPoint","urlTemplate":"https:\/\/tulsa-health.org\/es\/?s={search_term_string}"},"query-input":{"@type":"PropertyValueSpecification","valueRequired":true,"valueName":"search_term_string"}}],"inLanguage":"de-DE-formal"}]}},"publishpress_future_workflow_manual_trigger":{"enabledWorkflows":[]},"_links":{"self":[{"href":"https:\/\/tulsa-health.org\/de\/wp-json\/wp\/v2\/pages\/2797","targetHints":{"allow":["GET"]}}],"collection":[{"href":"https:\/\/tulsa-health.org\/de\/wp-json\/wp\/v2\/pages"}],"about":[{"href":"https:\/\/tulsa-health.org\/de\/wp-json\/wp\/v2\/types\/page"}],"author":[{"embeddable":true,"href":"https:\/\/tulsa-health.org\/de\/wp-json\/wp\/v2\/users\/1"}],"replies":[{"embeddable":true,"href":"https:\/\/tulsa-health.org\/de\/wp-json\/wp\/v2\/comments?post=2797"}],"version-history":[{"count":3,"href":"https:\/\/tulsa-health.org\/de\/wp-json\/wp\/v2\/pages\/2797\/revisions"}],"predecessor-version":[{"id":24491,"href":"https:\/\/tulsa-health.org\/de\/wp-json\/wp\/v2\/pages\/2797\/revisions\/24491"}],"up":[{"embeddable":true,"href":"https:\/\/tulsa-health.org\/de\/wp-json\/wp\/v2\/pages\/641"}],"wp:featuredmedia":[{"embeddable":true,"href":"https:\/\/tulsa-health.org\/de\/wp-json\/wp\/v2\/media\/9951"}],"wp:attachment":[{"href":"https:\/\/tulsa-health.org\/de\/wp-json\/wp\/v2\/media?parent=2797"}],"curies":[{"name":"wp","href":"https:\/\/api.w.org\/{rel}","templated":true}]}}