{"id":6909,"date":"2023-06-27T16:04:44","date_gmt":"2023-06-27T21:04:44","guid":{"rendered":"https:\/\/test.tulsa-health.org\/?page_id=6909"},"modified":"2023-12-20T16:41:13","modified_gmt":"2023-12-20T22:41:13","slug":"community-assessment-for-public-health-emergency-response","status":"publish","type":"page","link":"https:\/\/tulsa-health.org\/de\/programs\/community-assessment-for-public-health-emergency-response\/","title":{"rendered":"Community-Bewertung f\u00fcr Notfallma\u00dfnahmen im Bereich der \u00f6ffentlichen Gesundheit"},"content":{"rendered":"<div data-elementor-type=\"wp-page\" data-elementor-id=\"6909\" class=\"elementor elementor-6909\" data-elementor-post-type=\"page\">\n\t\t\t\t\t\t<section class=\"elementor-section elementor-top-section elementor-element elementor-element-84d7668 elementor-section-full_width elementor-section-height-min-height elementor-section-height-default elementor-section-items-middle\" data-id=\"84d7668\" data-element_type=\"section\" data-e-type=\"section\" data-settings=\"{&quot;background_background&quot;:&quot;classic&quot;}\">\n\t\t\t\t\t\t<div class=\"elementor-container elementor-column-gap-no\">\n\t\t\t\t\t<div class=\"elementor-column elementor-col-100 elementor-top-column elementor-element elementor-element-cb9369e\" data-id=\"cb9369e\" data-element_type=\"column\" data-e-type=\"column\">\n\t\t\t<div class=\"elementor-widget-wrap\">\n\t\t\t\t\t\t\t<\/div>\n\t\t<\/div>\n\t\t\t\t\t<\/div>\n\t\t<\/section>\n\t\t\t\t<section class=\"elementor-section elementor-top-section elementor-element elementor-element-1602156 elementor-section-boxed elementor-section-height-default elementor-section-height-default\" data-id=\"1602156\" data-element_type=\"section\" data-e-type=\"section\" data-settings=\"{&quot;background_background&quot;:&quot;classic&quot;}\">\n\t\t\t\t\t\t<div class=\"elementor-container elementor-column-gap-default\">\n\t\t\t\t\t<div class=\"elementor-column elementor-col-100 elementor-top-column elementor-element elementor-element-98427c0\" data-id=\"98427c0\" data-element_type=\"column\" data-e-type=\"column\">\n\t\t\t<div class=\"elementor-widget-wrap elementor-element-populated\">\n\t\t\t\t\t\t<div class=\"elementor-element elementor-element-9d3e33c elementor-widget elementor-widget-heading\" data-id=\"9d3e33c\" data-element_type=\"widget\" data-e-type=\"widget\" data-widget_type=\"heading.default\">\n\t\t\t\t<div class=\"elementor-widget-container\">\n\t\t\t\t\t<h1 class=\"elementor-heading-title elementor-size-default\">Community-Bewertung f\u00fcr Notfallma\u00dfnahmen im Bereich der \u00f6ffentlichen Gesundheit<\/h1>\t\t\t\t<\/div>\n\t\t\t\t<\/div>\n\t\t\t\t<div class=\"elementor-element elementor-element-65e268e elementor-widget elementor-widget-text-editor\" data-id=\"65e268e\" data-element_type=\"widget\" data-e-type=\"widget\" data-widget_type=\"text-editor.default\">\n\t\t\t\t<div class=\"elementor-widget-container\">\n\t\t\t\t\t\t\t\t\t<p>Die Community Assessment for Public Health Emergency Response (CASPER) befasst sich mit der Vorbereitung der Haushalte im Tulsa County.<\/p>\t\t\t\t\t\t\t\t<\/div>\n\t\t\t\t<\/div>\n\t\t\t\t\t<\/div>\n\t\t<\/div>\n\t\t\t\t\t<\/div>\n\t\t<\/section>\n\t\t\t\t<section class=\"elementor-section elementor-top-section elementor-element elementor-element-9b99aa6 elementor-section-boxed elementor-section-height-default elementor-section-height-default\" data-id=\"9b99aa6\" data-element_type=\"section\" data-e-type=\"section\" data-settings=\"{&quot;background_background&quot;:&quot;classic&quot;}\">\n\t\t\t\t\t\t<div class=\"elementor-container elementor-column-gap-default\">\n\t\t\t\t\t<div class=\"elementor-column elementor-col-100 elementor-top-column elementor-element elementor-element-3e2ea09\" data-id=\"3e2ea09\" data-element_type=\"column\" data-e-type=\"column\">\n\t\t\t<div class=\"elementor-widget-wrap elementor-element-populated\">\n\t\t\t\t\t\t<div class=\"elementor-element elementor-element-8982b0b elementor-widget elementor-widget-text-editor\" data-id=\"8982b0b\" data-element_type=\"widget\" data-e-type=\"widget\" data-widget_type=\"text-editor.default\">\n\t\t\t\t<div class=\"elementor-widget-container\">\n\t\t\t\t\t\t\t\t\t<p>Oklahoma erlebt eine Vielzahl von Naturkatastrophen, darunter Gewitter, sch\u00e4dliche Winde, Tornados, Hagel, \u00dcberschwemmungen, Waldbr\u00e4nde, Winterst\u00fcrme und Erdbeben, die gef\u00e4hrliche Bedingungen verursachen k\u00f6nnen. Das Tulsa Health Department (THD), zusammen mit <a href=\"https:\/\/www.okmrc.org\/\">Oklahoma Medical Reserve Corps (OKMRC)<\/a>\u00a0Freiwillige f\u00fchrten im Oktober 2018 \u00fcber einen Zeitraum von elf Tagen eine Community Assessment for Public Health Emergency Response (CASPER) durch.<\/p><p>Das CASPER bewertete die potenzielle Widerstandsf\u00e4higkeit der Bewohner des Tulsa County im Falle einer Katastrophe, indem es strategisch Fragen stellte, die L\u00fccken in der Vorbereitung identifizieren k\u00f6nnen. Resilienz wird im Allgemeinen als die Verwundbarkeit einer Einzelperson oder einer Bev\u00f6lkerung plus die Auswirkungen einer Katastrophe dividiert durch die potenzielle F\u00e4higkeit zur Wiederherstellung definiert. Die im Rahmen der Umfrage gesammelten Haushaltsinformationen identifizierten wichtige Bed\u00fcrfnisse der Bewohner des Tulsa County, um ihre Widerstandsf\u00e4higkeit im Falle einer Katastrophe zu verbessern.<\/p>\t\t\t\t\t\t\t\t<\/div>\n\t\t\t\t<\/div>\n\t\t\t\t<div class=\"elementor-element elementor-element-b39245c elementor-widget elementor-widget-button\" data-id=\"b39245c\" data-element_type=\"widget\" data-e-type=\"widget\" data-widget_type=\"button.default\">\n\t\t\t\t<div class=\"elementor-widget-container\">\n\t\t\t\t\t\t\t\t\t<div class=\"elementor-button-wrapper\">\n\t\t\t\t\t<a class=\"elementor-button elementor-button-link elementor-size-sm\" href=\"\/wp-content\/uploads\/2023\/06\/CASPER-Final-Report.pdf\">\n\t\t\t\t\t\t<span class=\"elementor-button-content-wrapper\">\n\t\t\t\t\t\t\t\t\t<span class=\"elementor-button-text\">Vollst\u00e4ndigen Bericht lesen<\/span>\n\t\t\t\t\t<\/span>\n\t\t\t\t\t<\/a>\n\t\t\t\t<\/div>\n\t\t\t\t\t\t\t\t<\/div>\n\t\t\t\t<\/div>\n\t\t\t\t\t<\/div>\n\t\t<\/div>\n\t\t\t\t\t<\/div>\n\t\t<\/section>\n\t\t\t\t<section class=\"elementor-section elementor-top-section elementor-element elementor-element-cc4acaf elementor-section-full_width elementor-section-height-default elementor-section-height-default\" data-id=\"cc4acaf\" data-element_type=\"section\" data-e-type=\"section\">\n\t\t\t\t\t\t<div class=\"elementor-container elementor-column-gap-default\">\n\t\t\t\t\t<div class=\"elementor-column elementor-col-100 elementor-top-column elementor-element elementor-element-442c1d0\" data-id=\"442c1d0\" data-element_type=\"column\" data-e-type=\"column\">\n\t\t\t<div class=\"elementor-widget-wrap elementor-element-populated\">\n\t\t\t\t\t\t<div class=\"elementor-element elementor-element-bee3d86 elementor-widget elementor-widget-shortcode\" data-id=\"bee3d86\" data-element_type=\"widget\" data-e-type=\"widget\" data-widget_type=\"shortcode.default\">\n\t\t\t\t<div class=\"elementor-widget-container\">\n\t\t\t\t\t\t\t<div class=\"elementor-shortcode\">\t\t<div data-elementor-type=\"section\" data-elementor-id=\"4934\" class=\"elementor elementor-4934\" data-elementor-post-type=\"elementor_library\">\n\t\t\t\t\t<section class=\"elementor-section elementor-top-section elementor-element elementor-element-4469b59d elementor-section-stretched elementor-section-boxed elementor-section-height-default elementor-section-height-default\" data-id=\"4469b59d\" data-element_type=\"section\" data-e-type=\"section\" data-settings=\"{&quot;background_background&quot;:&quot;classic&quot;,&quot;stretch_section&quot;:&quot;section-stretched&quot;}\">\n\t\t\t\t\t\t\t<div class=\"elementor-background-overlay\"><\/div>\n\t\t\t\t\t\t\t<div class=\"elementor-container elementor-column-gap-default\">\n\t\t\t\t\t<div class=\"elementor-column elementor-col-100 elementor-top-column elementor-element elementor-element-615ea353\" data-id=\"615ea353\" data-element_type=\"column\" data-e-type=\"column\">\n\t\t\t<div class=\"elementor-widget-wrap elementor-element-populated\">\n\t\t\t\t\t\t<div class=\"elementor-element elementor-element-bdb2691 elementor-widget elementor-widget-heading\" data-id=\"bdb2691\" data-element_type=\"widget\" data-e-type=\"widget\" data-widget_type=\"heading.default\">\n\t\t\t\t<div class=\"elementor-widget-container\">\n\t\t\t\t\t<h5 class=\"elementor-heading-title elementor-size-default\">STANDORTE<\/h5>\t\t\t\t<\/div>\n\t\t\t\t<\/div>\n\t\t\t\t<div class=\"elementor-element elementor-element-00f74f9 elementor-widget elementor-widget-text-editor\" data-id=\"00f74f9\" data-element_type=\"widget\" data-e-type=\"widget\" data-widget_type=\"text-editor.default\">\n\t\t\t\t<div class=\"elementor-widget-container\">\n\t\t\t\t\t\t\t\t\t<p>Wir verf\u00fcgen \u00fcber 9 Standorte im gesamten Tulsa County, die eine Vielzahl von Dienstleistungen anbieten, die Ihnen und Ihrer Familie dabei helfen, gesund zu bleiben.<\/p>\t\t\t\t\t\t\t\t<\/div>\n\t\t\t\t<\/div>\n\t\t\t\t<div class=\"elementor-element elementor-element-fd63501 elementor-align-center secondary elementor-widget elementor-widget-button\" data-id=\"fd63501\" data-element_type=\"widget\" data-e-type=\"widget\" data-widget_type=\"button.default\">\n\t\t\t\t<div class=\"elementor-widget-container\">\n\t\t\t\t\t\t\t\t\t<div class=\"elementor-button-wrapper\">\n\t\t\t\t\t<a class=\"elementor-button elementor-button-link elementor-size-sm\" href=\"\/de\/locations\/\">\n\t\t\t\t\t\t<span class=\"elementor-button-content-wrapper\">\n\t\t\t\t\t\t\t\t\t<span class=\"elementor-button-text\">Finden Sie Ihr<\/span>\n\t\t\t\t\t<\/span>\n\t\t\t\t\t<\/a>\n\t\t\t\t<\/div>\n\t\t\t\t\t\t\t\t<\/div>\n\t\t\t\t<\/div>\n\t\t\t\t\t<\/div>\n\t\t<\/div>\n\t\t\t\t\t<\/div>\n\t\t<\/section>\n\t\t\t\t<\/div>\n\t\t<\/div>\n\t\t\t\t\t\t<\/div>\n\t\t\t\t<\/div>\n\t\t\t\t\t<\/div>\n\t\t<\/div>\n\t\t\t\t\t<\/div>\n\t\t<\/section>\n\t\t\t\t<\/div>","protected":false},"excerpt":{"rendered":"<p>Community Assessment for Public Health Emergency Response The Community Assessment for Public Health Emergency Response (CASPER) addresses Tulsa County household preparedness. Oklahoma experiences a wide range of natural disasters including thunderstorms, damaging winds, tornadoes, hail, flooding, wildfires, winter storms and earthquakes that can cause hazardous conditions. The Tulsa Health Department (THD), along with Oklahoma Medical [&hellip;]<\/p>\n","protected":false},"author":1,"featured_media":9897,"parent":641,"menu_order":0,"comment_status":"closed","ping_status":"closed","template":"elementor_header_footer","meta":{"_acf_changed":false,"footnotes":""},"class_list":["post-6909","page","type-page","status-publish","has-post-thumbnail","hentry"],"acf":[],"yoast_head":"<!-- This site is optimized with the Yoast SEO plugin v27.3 - https:\/\/yoast.com\/product\/yoast-seo-wordpress\/ -->\n<title>Community Assessment for Public Health Emergency Response - Tulsa Health Department<\/title>\n<meta name=\"description\" content=\"The Community Assessment for Public Health Emergency Response (CASPER) addresses Tulsa County household preparedness.\" \/>\n<meta name=\"robots\" content=\"index, follow, max-snippet:-1, max-image-preview:large, max-video-preview:-1\" \/>\n<link rel=\"canonical\" href=\"https:\/\/tulsa-health.org\/de\/programs\/community-assessment-for-public-health-emergency-response\/\" \/>\n<meta property=\"og:locale\" content=\"de_DE\" \/>\n<meta property=\"og:type\" content=\"article\" \/>\n<meta property=\"og:title\" content=\"Community Assessment for Public Health Emergency Response - Tulsa Health Department\" \/>\n<meta property=\"og:description\" content=\"The Community Assessment for Public Health Emergency Response (CASPER) addresses Tulsa County household preparedness.\" \/>\n<meta property=\"og:url\" content=\"https:\/\/tulsa-health.org\/de\/programs\/community-assessment-for-public-health-emergency-response\/\" \/>\n<meta property=\"og:site_name\" content=\"Tulsa Health Department\" \/>\n<meta property=\"article:modified_time\" content=\"2023-12-20T22:41:13+00:00\" \/>\n<meta property=\"og:image\" content=\"https:\/\/tulsa-health.org\/wp-content\/uploads\/2023\/07\/IMG_5598.jpg\" \/>\n\t<meta property=\"og:image:width\" content=\"1800\" \/>\n\t<meta property=\"og:image:height\" content=\"1200\" \/>\n\t<meta property=\"og:image:type\" content=\"image\/jpeg\" \/>\n<meta name=\"twitter:card\" content=\"summary_large_image\" \/>\n<meta name=\"twitter:label1\" content=\"Gesch\u00e4tzte Lesezeit\" \/>\n\t<meta name=\"twitter:data1\" content=\"1 minute\" \/>\n<script type=\"application\/ld+json\" class=\"yoast-schema-graph\">{\"@context\":\"https:\\\/\\\/schema.org\",\"@graph\":[{\"@type\":\"WebPage\",\"@id\":\"https:\\\/\\\/tulsa-health.org\\\/programs\\\/community-assessment-for-public-health-emergency-response\\\/\",\"url\":\"https:\\\/\\\/tulsa-health.org\\\/programs\\\/community-assessment-for-public-health-emergency-response\\\/\",\"name\":\"Community Assessment for Public Health Emergency Response - Tulsa Health Department\",\"isPartOf\":{\"@id\":\"https:\\\/\\\/tulsa-health.org\\\/es\\\/#website\"},\"primaryImageOfPage\":{\"@id\":\"https:\\\/\\\/tulsa-health.org\\\/programs\\\/community-assessment-for-public-health-emergency-response\\\/#primaryimage\"},\"image\":{\"@id\":\"https:\\\/\\\/tulsa-health.org\\\/programs\\\/community-assessment-for-public-health-emergency-response\\\/#primaryimage\"},\"thumbnailUrl\":\"https:\\\/\\\/tulsa-health.org\\\/wp-content\\\/uploads\\\/2023\\\/07\\\/IMG_5598.jpg\",\"datePublished\":\"2023-06-27T21:04:44+00:00\",\"dateModified\":\"2023-12-20T22:41:13+00:00\",\"description\":\"The Community Assessment for Public Health Emergency Response (CASPER) addresses Tulsa County household preparedness.\",\"breadcrumb\":{\"@id\":\"https:\\\/\\\/tulsa-health.org\\\/programs\\\/community-assessment-for-public-health-emergency-response\\\/#breadcrumb\"},\"inLanguage\":\"de-DE-formal\",\"potentialAction\":[{\"@type\":\"ReadAction\",\"target\":[\"https:\\\/\\\/tulsa-health.org\\\/programs\\\/community-assessment-for-public-health-emergency-response\\\/\"]}]},{\"@type\":\"ImageObject\",\"inLanguage\":\"de-DE-formal\",\"@id\":\"https:\\\/\\\/tulsa-health.org\\\/programs\\\/community-assessment-for-public-health-emergency-response\\\/#primaryimage\",\"url\":\"https:\\\/\\\/tulsa-health.org\\\/wp-content\\\/uploads\\\/2023\\\/07\\\/IMG_5598.jpg\",\"contentUrl\":\"https:\\\/\\\/tulsa-health.org\\\/wp-content\\\/uploads\\\/2023\\\/07\\\/IMG_5598.jpg\",\"width\":1800,\"height\":1200,\"caption\":\"THD staff and nurses at a table\"},{\"@type\":\"BreadcrumbList\",\"@id\":\"https:\\\/\\\/tulsa-health.org\\\/programs\\\/community-assessment-for-public-health-emergency-response\\\/#breadcrumb\",\"itemListElement\":[{\"@type\":\"ListItem\",\"position\":1,\"name\":\"Home\",\"item\":\"https:\\\/\\\/tulsa-health.org\\\/\"},{\"@type\":\"ListItem\",\"position\":2,\"name\":\"Community Programs\",\"item\":\"https:\\\/\\\/tulsa-health.org\\\/programs\\\/\"},{\"@type\":\"ListItem\",\"position\":3,\"name\":\"Community Assessment for Public Health Emergency Response\"}]},{\"@type\":\"WebSite\",\"@id\":\"https:\\\/\\\/tulsa-health.org\\\/es\\\/#website\",\"url\":\"https:\\\/\\\/tulsa-health.org\\\/es\\\/\",\"name\":\"Tulsa Health Department\",\"description\":\"Clinical Services, Immunizations, Permits and More | Tulsa Health Department\",\"potentialAction\":[{\"@type\":\"SearchAction\",\"target\":{\"@type\":\"EntryPoint\",\"urlTemplate\":\"https:\\\/\\\/tulsa-health.org\\\/es\\\/?s={search_term_string}\"},\"query-input\":{\"@type\":\"PropertyValueSpecification\",\"valueRequired\":true,\"valueName\":\"search_term_string\"}}],\"inLanguage\":\"de-DE-formal\"}]}<\/script>\n<!-- \/ Yoast SEO plugin. -->","yoast_head_json":{"title":"Gemeindebewertung f\u00fcr die Reaktion auf Notf\u00e4lle im Bereich der \u00f6ffentlichen Gesundheit \u2013 Gesundheitsamt Tulsa","description":"Die Community Assessment for Public Health Emergency Response (CASPER) befasst sich mit der Vorbereitung der Haushalte im Tulsa County.","robots":{"index":"index","follow":"follow","max-snippet":"max-snippet:-1","max-image-preview":"max-image-preview:large","max-video-preview":"max-video-preview:-1"},"canonical":"https:\/\/tulsa-health.org\/de\/programs\/community-assessment-for-public-health-emergency-response\/","og_locale":"de_DE","og_type":"article","og_title":"Community Assessment for Public Health Emergency Response - Tulsa Health Department","og_description":"The Community Assessment for Public Health Emergency Response (CASPER) addresses Tulsa County household preparedness.","og_url":"https:\/\/tulsa-health.org\/de\/programs\/community-assessment-for-public-health-emergency-response\/","og_site_name":"Tulsa Health Department","article_modified_time":"2023-12-20T22:41:13+00:00","og_image":[{"width":1800,"height":1200,"url":"https:\/\/tulsa-health.org\/wp-content\/uploads\/2023\/07\/IMG_5598.jpg","type":"image\/jpeg"}],"twitter_card":"summary_large_image","twitter_misc":{"Gesch\u00e4tzte Lesezeit":"1 minute"},"schema":{"@context":"https:\/\/schema.org","@graph":[{"@type":"WebPage","@id":"https:\/\/tulsa-health.org\/programs\/community-assessment-for-public-health-emergency-response\/","url":"https:\/\/tulsa-health.org\/programs\/community-assessment-for-public-health-emergency-response\/","name":"Gemeindebewertung f\u00fcr die Reaktion auf Notf\u00e4lle im Bereich der \u00f6ffentlichen Gesundheit \u2013 Gesundheitsamt Tulsa","isPartOf":{"@id":"https:\/\/tulsa-health.org\/es\/#website"},"primaryImageOfPage":{"@id":"https:\/\/tulsa-health.org\/programs\/community-assessment-for-public-health-emergency-response\/#primaryimage"},"image":{"@id":"https:\/\/tulsa-health.org\/programs\/community-assessment-for-public-health-emergency-response\/#primaryimage"},"thumbnailUrl":"https:\/\/tulsa-health.org\/wp-content\/uploads\/2023\/07\/IMG_5598.jpg","datePublished":"2023-06-27T21:04:44+00:00","dateModified":"2023-12-20T22:41:13+00:00","description":"Die Community Assessment for Public Health Emergency Response (CASPER) befasst sich mit der Vorbereitung der Haushalte im Tulsa County.","breadcrumb":{"@id":"https:\/\/tulsa-health.org\/programs\/community-assessment-for-public-health-emergency-response\/#breadcrumb"},"inLanguage":"de-DE-formal","potentialAction":[{"@type":"ReadAction","target":["https:\/\/tulsa-health.org\/programs\/community-assessment-for-public-health-emergency-response\/"]}]},{"@type":"ImageObject","inLanguage":"de-DE-formal","@id":"https:\/\/tulsa-health.org\/programs\/community-assessment-for-public-health-emergency-response\/#primaryimage","url":"https:\/\/tulsa-health.org\/wp-content\/uploads\/2023\/07\/IMG_5598.jpg","contentUrl":"https:\/\/tulsa-health.org\/wp-content\/uploads\/2023\/07\/IMG_5598.jpg","width":1800,"height":1200,"caption":"THD staff and nurses at a table"},{"@type":"BreadcrumbList","@id":"https:\/\/tulsa-health.org\/programs\/community-assessment-for-public-health-emergency-response\/#breadcrumb","itemListElement":[{"@type":"ListItem","position":1,"name":"Home","item":"https:\/\/tulsa-health.org\/"},{"@type":"ListItem","position":2,"name":"Community Programs","item":"https:\/\/tulsa-health.org\/programs\/"},{"@type":"ListItem","position":3,"name":"Community Assessment for Public Health Emergency Response"}]},{"@type":"WebSite","@id":"https:\/\/tulsa-health.org\/es\/#website","url":"https:\/\/tulsa-health.org\/es\/","name":"Gesundheitsamt von Tulsa","description":"Klinische Dienste, Impfungen, Genehmigungen und mehr | Gesundheitsamt Tulsa","potentialAction":[{"@type":"SearchAction","target":{"@type":"EntryPoint","urlTemplate":"https:\/\/tulsa-health.org\/es\/?s={search_term_string}"},"query-input":{"@type":"PropertyValueSpecification","valueRequired":true,"valueName":"search_term_string"}}],"inLanguage":"de-DE-formal"}]}},"publishpress_future_workflow_manual_trigger":{"enabledWorkflows":[]},"_links":{"self":[{"href":"https:\/\/tulsa-health.org\/de\/wp-json\/wp\/v2\/pages\/6909","targetHints":{"allow":["GET"]}}],"collection":[{"href":"https:\/\/tulsa-health.org\/de\/wp-json\/wp\/v2\/pages"}],"about":[{"href":"https:\/\/tulsa-health.org\/de\/wp-json\/wp\/v2\/types\/page"}],"author":[{"embeddable":true,"href":"https:\/\/tulsa-health.org\/de\/wp-json\/wp\/v2\/users\/1"}],"replies":[{"embeddable":true,"href":"https:\/\/tulsa-health.org\/de\/wp-json\/wp\/v2\/comments?post=6909"}],"version-history":[{"count":0,"href":"https:\/\/tulsa-health.org\/de\/wp-json\/wp\/v2\/pages\/6909\/revisions"}],"up":[{"embeddable":true,"href":"https:\/\/tulsa-health.org\/de\/wp-json\/wp\/v2\/pages\/641"}],"wp:featuredmedia":[{"embeddable":true,"href":"https:\/\/tulsa-health.org\/de\/wp-json\/wp\/v2\/media\/9897"}],"wp:attachment":[{"href":"https:\/\/tulsa-health.org\/de\/wp-json\/wp\/v2\/media?parent=6909"}],"curies":[{"name":"wp","href":"https:\/\/api.w.org\/{rel}","templated":true}]}}