{"id":1780,"date":"2023-05-02T17:15:07","date_gmt":"2023-05-02T22:15:07","guid":{"rendered":"https:\/\/test.tulsa-health.org\/?page_id=1780"},"modified":"2024-05-29T12:45:26","modified_gmt":"2024-05-29T17:45:26","slug":"teen-clinic","status":"publish","type":"page","link":"https:\/\/tulsa-health.org\/es\/services\/family-health-services\/teen-health\/teen-clinic\/","title":{"rendered":"Cl\u00ednica para adolescentes"},"content":{"rendered":"<div data-elementor-type=\"wp-page\" data-elementor-id=\"1780\" class=\"elementor elementor-1780\" data-elementor-post-type=\"page\">\n\t\t\t\t\t\t<section class=\"elementor-section elementor-top-section elementor-element elementor-element-899226f elementor-section-full_width elementor-section-height-min-height elementor-section-height-default elementor-section-items-middle\" data-id=\"899226f\" data-element_type=\"section\" data-e-type=\"section\" data-settings=\"{&quot;background_background&quot;:&quot;classic&quot;}\">\n\t\t\t\t\t\t<div class=\"elementor-container elementor-column-gap-no\">\n\t\t\t\t\t<div class=\"elementor-column elementor-col-100 elementor-top-column elementor-element elementor-element-d9bfb15\" data-id=\"d9bfb15\" data-element_type=\"column\" data-e-type=\"column\">\n\t\t\t<div class=\"elementor-widget-wrap\">\n\t\t\t\t\t\t\t<\/div>\n\t\t<\/div>\n\t\t\t\t\t<\/div>\n\t\t<\/section>\n\t\t\t\t<section class=\"elementor-section elementor-top-section elementor-element elementor-element-0b6cbeb elementor-section-boxed elementor-section-height-default elementor-section-height-default\" data-id=\"0b6cbeb\" data-element_type=\"section\" data-e-type=\"section\" data-settings=\"{&quot;background_background&quot;:&quot;classic&quot;}\">\n\t\t\t\t\t\t<div class=\"elementor-container elementor-column-gap-default\">\n\t\t\t\t\t<div class=\"elementor-column elementor-col-100 elementor-top-column elementor-element elementor-element-fe41ea4\" data-id=\"fe41ea4\" data-element_type=\"column\" data-e-type=\"column\">\n\t\t\t<div class=\"elementor-widget-wrap elementor-element-populated\">\n\t\t\t\t\t\t<div class=\"elementor-element elementor-element-2ce161b elementor-widget elementor-widget-heading\" data-id=\"2ce161b\" data-element_type=\"widget\" data-e-type=\"widget\" data-widget_type=\"heading.default\">\n\t\t\t\t<div class=\"elementor-widget-container\">\n\t\t\t\t\t<h1 class=\"elementor-heading-title elementor-size-default\">Cl\u00ednica para adolescentes<\/h1>\t\t\t\t<\/div>\n\t\t\t\t<\/div>\n\t\t\t\t<div class=\"elementor-element elementor-element-39c03c3 elementor-widget elementor-widget-text-editor\" data-id=\"39c03c3\" data-element_type=\"widget\" data-e-type=\"widget\" data-widget_type=\"text-editor.default\">\n\t\t\t\t<div class=\"elementor-widget-container\">\n\t\t\t\t\t\t\t\t\t<p>La cl\u00ednica para adolescentes de THD brinda atenci\u00f3n confidencial de salud sexual y reproductiva para adolescentes con el consentimiento de los padres\/tutores. Los visitantes de nuestras cl\u00ednicas para adolescentes ser\u00e1n recibidos por un personal c\u00e1lido y atento. Estamos aqu\u00ed para escuchar y ofrecer asesoramiento y educaci\u00f3n para abordar cualquier pregunta o inquietud que pueda tener.<\/p><p>Se pueden concertar citas llamando<span style=\"color: var( --e-global-color-text );font-size: 1.2rem;background-color: var( --e-global-color-43edc70 )\">\u00a0<\/span><a style=\"background-color: #faf9f2;font-size: 1.2rem\" href=\"tel:9185829355\">918-582-9355<\/a> y pidiendo hablar con nuestro <a href=\"https:\/\/tulsa-health.org\/es\/services\/family-health-services\/adult-health\/family-planning\/\">Programa de planificaci\u00f3n familiar<\/a><span style=\"color: var( --e-global-color-text );font-size: 1.2rem;background-color: var( --e-global-color-43edc70 )\">.<\/span><\/p>\t\t\t\t\t\t\t\t<\/div>\n\t\t\t\t<\/div>\n\t\t\t\t\t<\/div>\n\t\t<\/div>\n\t\t\t\t\t<\/div>\n\t\t<\/section>\n\t\t\t\t<section class=\"elementor-section elementor-top-section elementor-element elementor-element-117fbad elementor-section-boxed elementor-section-height-default elementor-section-height-default\" data-id=\"117fbad\" data-element_type=\"section\" data-e-type=\"section\" data-settings=\"{&quot;background_background&quot;:&quot;classic&quot;}\">\n\t\t\t\t\t\t<div class=\"elementor-container elementor-column-gap-default\">\n\t\t\t\t\t<div class=\"elementor-column elementor-col-100 elementor-top-column elementor-element elementor-element-640e1a6\" data-id=\"640e1a6\" data-element_type=\"column\" data-e-type=\"column\">\n\t\t\t<div class=\"elementor-widget-wrap elementor-element-populated\">\n\t\t\t\t\t\t<div class=\"elementor-element elementor-element-b15fa40 elementor-widget elementor-widget-text-editor\" data-id=\"b15fa40\" data-element_type=\"widget\" data-e-type=\"widget\" data-widget_type=\"text-editor.default\">\n\t\t\t\t<div class=\"elementor-widget-container\">\n\t\t\t\t\t\t\t\t\t<h2>Servicios disponibles para adolescentes<\/h2><p>Puede resultar dif\u00edcil para los adolescentes hablar con sus padres sobre la actividad sexual. Sin embargo, muchos padres est\u00e1n dispuestos a hablar sobre sexo y anticonceptivos, especialmente si saben que usted est\u00e1 tratando de ser responsable con su salud.\u00a0<\/p><p><a href=\"https:\/\/tulsa-health.org\/es\/services\/family-health-services\/adult-health\/family-planning\/\">Servicios de planificaci\u00f3n familiar<\/a>, como ex\u00e1menes f\u00edsicos y anticonceptivos, est\u00e1n disponibles para adolescentes menores de 17 a\u00f1os con el consentimiento de los padres\/tutores. Hay situaciones limitadas en las que los adolescentes pueden dar su propio consentimiento* para recibir servicios de planificaci\u00f3n familiar; consulte a continuaci\u00f3n para obtener informaci\u00f3n adicional.<\/p>\t\t\t\t\t\t\t\t<\/div>\n\t\t\t\t<\/div>\n\t\t\t\t<div class=\"elementor-element elementor-element-f417fa5 elementor-widget elementor-widget-la-heading-anchor-link\" data-id=\"f417fa5\" data-element_type=\"widget\" data-e-type=\"widget\" data-widget_type=\"la-heading-anchor-link.default\">\n\t\t\t\t<div class=\"elementor-widget-container\">\n\t\t\t\t\t        <h2 id=\"appointment\" class=\"la_heading_anchor_link\">\n            Qu\u00e9 esperar en su cita            <button onclick=\"LAHeadingAnchorLinkCopyToClipboard('https:\/\/tulsa-health.org\/es\/services\/family-health-services\/teen-health\/teen-clinic\/#appointment')\">\n                <svg xmlns=\"http:\/\/www.w3.org\/2000\/svg\" width=\"24\" height=\"24\" stroke=\"currentColor\" viewbox=\"0 0 24 24\" fill=\"none\" stroke-width=\"2\" stroke-linecap=\"round\" stroke-linejoin=\"round\" class=\"feather feather-link\">\n                    <path d=\"M10 13a5 5 0 0 0 7.54.54l3-3a5 5 0 0 0-7.07-7.07l-1.72 1.71\"><\/path><path d=\"M14 11a5 5 0 0 0-7.54-.54l-3 3a5 5 0 0 0 7.07 7.07l1.71-1.71\"><\/path>\n                <\/svg>\n            <\/button>\n        <\/h2>\n        \t\t\t\t<\/div>\n\t\t\t\t<\/div>\n\t\t\t\t<div class=\"elementor-element elementor-element-81a3ebf elementor-widget elementor-widget-text-editor\" data-id=\"81a3ebf\" data-element_type=\"widget\" data-e-type=\"widget\" data-widget_type=\"text-editor.default\">\n\t\t\t\t<div class=\"elementor-widget-container\">\n\t\t\t\t\t\t\t\t\t<p>Es posible que se sienta nervioso al visitar nuestra cl\u00ednica de Planificaci\u00f3n Familiar por primera vez. Cuanto m\u00e1s preparado est\u00e9 de antemano, m\u00e1s relajado estar\u00e1 el d\u00eda de la cita. Esto es lo que puede esperar:<\/p><ul><li>Papeleo. Llegue unos 15 minutos antes de la hora programada de su cita para completar los tr\u00e1mites necesarios. Si tienes preguntas, solo preg\u00fantanos. No olvide que un padre\/tutor deber\u00e1 firmar un formulario de consentimiento para que usted reciba servicios de planificaci\u00f3n familiar o deber\u00e1 cumplir con criterios espec\u00edficos para poder dar su propio consentimiento para los servicios.<\/li><li>Es posible que tengas que dar una muestra de orina, as\u00ed que aseg\u00farate de beber un poco de agua antes de llegar.<\/li><li>Cuando est\u00e9 en la sala de examen, el proveedor de atenci\u00f3n m\u00e9dica le har\u00e1 preguntas sobre su historial m\u00e9dico. Tambi\u00e9n tendr\u00e1 la oportunidad de hacernos preguntas sobre cualquier prueba o medicamento que necesite o desee. \u00bfTienes miedo de no recordar qu\u00e9 preguntar? Est\u00e1 bien traer algunas notas.<\/li><li>Dependiendo del tipo de cita, es posible que le realicen un examen f\u00edsico.<\/li><li>Despu\u00e9s de su visita, pase por la ventana de citas si necesita programar alg\u00fan seguimiento.<\/li><\/ul>\t\t\t\t\t\t\t\t<\/div>\n\t\t\t\t<\/div>\n\t\t\t\t<div class=\"elementor-element elementor-element-1c3cc84 elementor-widget elementor-widget-la-heading-anchor-link\" data-id=\"1c3cc84\" data-element_type=\"widget\" data-e-type=\"widget\" data-widget_type=\"la-heading-anchor-link.default\">\n\t\t\t\t<div class=\"elementor-widget-container\">\n\t\t\t\t\t        <h2 id=\"services\" class=\"la_heading_anchor_link\">\n            Servicios prestados            <button onclick=\"LAHeadingAnchorLinkCopyToClipboard('https:\/\/tulsa-health.org\/es\/services\/family-health-services\/teen-health\/teen-clinic\/#services')\">\n                <svg xmlns=\"http:\/\/www.w3.org\/2000\/svg\" width=\"24\" height=\"24\" stroke=\"currentColor\" viewbox=\"0 0 24 24\" fill=\"none\" stroke-width=\"2\" stroke-linecap=\"round\" stroke-linejoin=\"round\" class=\"feather feather-link\">\n                    <path d=\"M10 13a5 5 0 0 0 7.54.54l3-3a5 5 0 0 0-7.07-7.07l-1.72 1.71\"><\/path><path d=\"M14 11a5 5 0 0 0-7.54-.54l-3 3a5 5 0 0 0 7.07 7.07l1.71-1.71\"><\/path>\n                <\/svg>\n            <\/button>\n        <\/h2>\n        \t\t\t\t<\/div>\n\t\t\t\t<\/div>\n\t\t\t\t<div class=\"elementor-element elementor-element-7a506c6 elementor-widget elementor-widget-text-editor\" data-id=\"7a506c6\" data-element_type=\"widget\" data-e-type=\"widget\" data-widget_type=\"text-editor.default\">\n\t\t\t\t<div class=\"elementor-widget-container\">\n\t\t\t\t\t\t\t\t\t<ul><li>Condones: siempre disponibles de forma gratuita en la recepcionista de cada <a href=\"\/es\/locations\/\">Ubicaci\u00f3n del Departamento de Salud de Tulsa<\/a><\/li><li>pruebas de ETS<\/li><li>Anticonceptivos, incluidos DIU e implantes, Depo-Provera, p\u00edldoras y Nuvaring*<\/li><li>Prueba de embarazo*<\/li><li>Anticoncepci\u00f3n de emergencia*<\/li><\/ul><p>*Se requiere el consentimiento de los padres para todos los servicios de planificaci\u00f3n familiar para adolescentes de 17 a\u00f1os o menos; sin embargo, un adolescente puede dar su propio consentimiento para los servicios si cumple con criterios espec\u00edficos, como estar legalmente emancipado de sus padres\/tutores, estar casado, tener un hijo dependiente, son independientes de sus padres\/tutores y se mantienen a s\u00ed mismos, o est\u00e1n\/han estado embarazadas.<\/p>\t\t\t\t\t\t\t\t<\/div>\n\t\t\t\t<\/div>\n\t\t\t\t\t<\/div>\n\t\t<\/div>\n\t\t\t\t\t<\/div>\n\t\t<\/section>\n\t\t\t\t<section class=\"elementor-section elementor-top-section elementor-element elementor-element-46e0241 elementor-section-full_width elementor-section-height-default elementor-section-height-default\" data-id=\"46e0241\" data-element_type=\"section\" data-e-type=\"section\">\n\t\t\t\t\t\t<div class=\"elementor-container elementor-column-gap-default\">\n\t\t\t\t\t<div class=\"elementor-column elementor-col-100 elementor-top-column elementor-element elementor-element-c8afcee\" data-id=\"c8afcee\" data-element_type=\"column\" data-e-type=\"column\">\n\t\t\t<div class=\"elementor-widget-wrap elementor-element-populated\">\n\t\t\t\t\t\t<div class=\"elementor-element elementor-element-3f28256 elementor-widget elementor-widget-shortcode\" data-id=\"3f28256\" data-element_type=\"widget\" data-e-type=\"widget\" data-widget_type=\"shortcode.default\">\n\t\t\t\t<div class=\"elementor-widget-container\">\n\t\t\t\t\t\t\t<div class=\"elementor-shortcode\">\t\t<div data-elementor-type=\"section\" data-elementor-id=\"4934\" class=\"elementor elementor-4934\" data-elementor-post-type=\"elementor_library\">\n\t\t\t\t\t<section class=\"elementor-section elementor-top-section elementor-element elementor-element-4469b59d elementor-section-stretched elementor-section-boxed elementor-section-height-default elementor-section-height-default\" data-id=\"4469b59d\" data-element_type=\"section\" data-e-type=\"section\" data-settings=\"{&quot;background_background&quot;:&quot;classic&quot;,&quot;stretch_section&quot;:&quot;section-stretched&quot;}\">\n\t\t\t\t\t\t\t<div class=\"elementor-background-overlay\"><\/div>\n\t\t\t\t\t\t\t<div class=\"elementor-container elementor-column-gap-default\">\n\t\t\t\t\t<div class=\"elementor-column elementor-col-100 elementor-top-column elementor-element elementor-element-615ea353\" data-id=\"615ea353\" data-element_type=\"column\" data-e-type=\"column\">\n\t\t\t<div class=\"elementor-widget-wrap elementor-element-populated\">\n\t\t\t\t\t\t<div class=\"elementor-element elementor-element-bdb2691 elementor-widget elementor-widget-heading\" data-id=\"bdb2691\" data-element_type=\"widget\" data-e-type=\"widget\" data-widget_type=\"heading.default\">\n\t\t\t\t<div class=\"elementor-widget-container\">\n\t\t\t\t\t<h5 class=\"elementor-heading-title elementor-size-default\">UBICACIONES<\/h5>\t\t\t\t<\/div>\n\t\t\t\t<\/div>\n\t\t\t\t<div class=\"elementor-element elementor-element-00f74f9 elementor-widget elementor-widget-text-editor\" data-id=\"00f74f9\" data-element_type=\"widget\" data-e-type=\"widget\" data-widget_type=\"text-editor.default\">\n\t\t\t\t<div class=\"elementor-widget-container\">\n\t\t\t\t\t\t\t\t\t<p>Tenemos 9 ubicaciones en todo el condado de Tulsa que ofrecen una variedad de servicios para ayudarlo a usted y a su familia a mantenerse saludables.<\/p>\t\t\t\t\t\t\t\t<\/div>\n\t\t\t\t<\/div>\n\t\t\t\t<div class=\"elementor-element elementor-element-fd63501 elementor-align-center secondary elementor-widget elementor-widget-button\" data-id=\"fd63501\" data-element_type=\"widget\" data-e-type=\"widget\" data-widget_type=\"button.default\">\n\t\t\t\t<div class=\"elementor-widget-container\">\n\t\t\t\t\t\t\t\t\t<div class=\"elementor-button-wrapper\">\n\t\t\t\t\t<a class=\"elementor-button elementor-button-link elementor-size-sm\" href=\"\/es\/locations\/\">\n\t\t\t\t\t\t<span class=\"elementor-button-content-wrapper\">\n\t\t\t\t\t\t\t\t\t<span class=\"elementor-button-text\">Encuentra la tuya<\/span>\n\t\t\t\t\t<\/span>\n\t\t\t\t\t<\/a>\n\t\t\t\t<\/div>\n\t\t\t\t\t\t\t\t<\/div>\n\t\t\t\t<\/div>\n\t\t\t\t\t<\/div>\n\t\t<\/div>\n\t\t\t\t\t<\/div>\n\t\t<\/section>\n\t\t\t\t<\/div>\n\t\t<\/div>\n\t\t\t\t\t\t<\/div>\n\t\t\t\t<\/div>\n\t\t\t\t\t<\/div>\n\t\t<\/div>\n\t\t\t\t\t<\/div>\n\t\t<\/section>\n\t\t\t\t<\/div>","protected":false},"excerpt":{"rendered":"<p>Teen Clinic\u200b THD&#8217;s teen clinic provides confidential sexual and reproductive health care for teens with parent\/guardian consent. Visitors to our teen clinics will be received by a warm, caring staff. We are here to listen and offer counseling and education to address any questions or concerns you may have. Appointments can be made by calling\u00a0918-582-9355 [&hellip;]<\/p>\n","protected":false},"author":1,"featured_media":10515,"parent":1772,"menu_order":0,"comment_status":"closed","ping_status":"closed","template":"elementor_header_footer","meta":{"_acf_changed":false,"footnotes":""},"class_list":["post-1780","page","type-page","status-publish","has-post-thumbnail","hentry"],"acf":[],"yoast_head":"<!-- This site is optimized with the Yoast SEO plugin v27.3 - https:\/\/yoast.com\/product\/yoast-seo-wordpress\/ -->\n<title>Teen Clinic - Tulsa Health Department<\/title>\n<meta name=\"description\" content=\"Youth 19 and under can receive confidential sexual and reproductive health care. Parental consent may be required for those under the age of 18 years to receive services.\" \/>\n<meta name=\"robots\" content=\"index, follow, max-snippet:-1, max-image-preview:large, max-video-preview:-1\" \/>\n<link rel=\"canonical\" href=\"https:\/\/tulsa-health.org\/es\/services\/family-health-services\/teen-health\/teen-clinic\/\" \/>\n<meta property=\"og:locale\" content=\"es_MX\" \/>\n<meta property=\"og:type\" content=\"article\" \/>\n<meta property=\"og:title\" content=\"Teen Clinic - Tulsa Health Department\" \/>\n<meta property=\"og:description\" content=\"Youth 19 and under can receive confidential sexual and reproductive health care. Parental consent may be required for those under the age of 18 years to receive services.\" \/>\n<meta property=\"og:url\" content=\"https:\/\/tulsa-health.org\/es\/services\/family-health-services\/teen-health\/teen-clinic\/\" \/>\n<meta property=\"og:site_name\" content=\"Tulsa Health Department\" \/>\n<meta property=\"article:modified_time\" content=\"2024-05-29T17:45:26+00:00\" \/>\n<meta property=\"og:image\" content=\"https:\/\/tulsa-health.org\/wp-content\/uploads\/2023\/07\/teen-clinic-1.jpg\" \/>\n\t<meta property=\"og:image:width\" content=\"1620\" \/>\n\t<meta property=\"og:image:height\" content=\"1080\" \/>\n\t<meta property=\"og:image:type\" content=\"image\/jpeg\" \/>\n<meta name=\"twitter:card\" content=\"summary_large_image\" \/>\n<meta name=\"twitter:label1\" content=\"Tiempo de lectura\" \/>\n\t<meta name=\"twitter:data1\" content=\"2 minutes\" \/>\n<script type=\"application\/ld+json\" class=\"yoast-schema-graph\">{\"@context\":\"https:\\\/\\\/schema.org\",\"@graph\":[{\"@type\":\"WebPage\",\"@id\":\"https:\\\/\\\/tulsa-health.org\\\/services\\\/family-health-services\\\/teen-health\\\/teen-clinic\\\/\",\"url\":\"https:\\\/\\\/tulsa-health.org\\\/services\\\/family-health-services\\\/teen-health\\\/teen-clinic\\\/\",\"name\":\"Teen Clinic - Tulsa Health Department\",\"isPartOf\":{\"@id\":\"https:\\\/\\\/tulsa-health.org\\\/es\\\/#website\"},\"primaryImageOfPage\":{\"@id\":\"https:\\\/\\\/tulsa-health.org\\\/services\\\/family-health-services\\\/teen-health\\\/teen-clinic\\\/#primaryimage\"},\"image\":{\"@id\":\"https:\\\/\\\/tulsa-health.org\\\/services\\\/family-health-services\\\/teen-health\\\/teen-clinic\\\/#primaryimage\"},\"thumbnailUrl\":\"https:\\\/\\\/tulsa-health.org\\\/wp-content\\\/uploads\\\/2023\\\/07\\\/teen-clinic-1.jpg\",\"datePublished\":\"2023-05-02T22:15:07+00:00\",\"dateModified\":\"2024-05-29T17:45:26+00:00\",\"description\":\"Youth 19 and under can receive confidential sexual and reproductive health care. Parental consent may be required for those under the age of 18 years to receive services.\",\"breadcrumb\":{\"@id\":\"https:\\\/\\\/tulsa-health.org\\\/services\\\/family-health-services\\\/teen-health\\\/teen-clinic\\\/#breadcrumb\"},\"inLanguage\":\"es-MX\",\"potentialAction\":[{\"@type\":\"ReadAction\",\"target\":[\"https:\\\/\\\/tulsa-health.org\\\/services\\\/family-health-services\\\/teen-health\\\/teen-clinic\\\/\"]}]},{\"@type\":\"ImageObject\",\"inLanguage\":\"es-MX\",\"@id\":\"https:\\\/\\\/tulsa-health.org\\\/services\\\/family-health-services\\\/teen-health\\\/teen-clinic\\\/#primaryimage\",\"url\":\"https:\\\/\\\/tulsa-health.org\\\/wp-content\\\/uploads\\\/2023\\\/07\\\/teen-clinic-1.jpg\",\"contentUrl\":\"https:\\\/\\\/tulsa-health.org\\\/wp-content\\\/uploads\\\/2023\\\/07\\\/teen-clinic-1.jpg\",\"width\":1620,\"height\":1080,\"caption\":\"Teen Clinic\"},{\"@type\":\"BreadcrumbList\",\"@id\":\"https:\\\/\\\/tulsa-health.org\\\/services\\\/family-health-services\\\/teen-health\\\/teen-clinic\\\/#breadcrumb\",\"itemListElement\":[{\"@type\":\"ListItem\",\"position\":1,\"name\":\"Home\",\"item\":\"https:\\\/\\\/tulsa-health.org\\\/\"},{\"@type\":\"ListItem\",\"position\":2,\"name\":\"Services\",\"item\":\"https:\\\/\\\/tulsa-health.org\\\/services\\\/\"},{\"@type\":\"ListItem\",\"position\":3,\"name\":\"Family Health Services\",\"item\":\"https:\\\/\\\/tulsa-health.org\\\/services\\\/family-health-services\\\/\"},{\"@type\":\"ListItem\",\"position\":4,\"name\":\"Teen Health\",\"item\":\"https:\\\/\\\/tulsa-health.org\\\/services\\\/family-health-services\\\/teen-health\\\/\"},{\"@type\":\"ListItem\",\"position\":5,\"name\":\"Teen Clinic\"}]},{\"@type\":\"WebSite\",\"@id\":\"https:\\\/\\\/tulsa-health.org\\\/es\\\/#website\",\"url\":\"https:\\\/\\\/tulsa-health.org\\\/es\\\/\",\"name\":\"Tulsa Health Department\",\"description\":\"Clinical Services, Immunizations, Permits and More | Tulsa Health Department\",\"potentialAction\":[{\"@type\":\"SearchAction\",\"target\":{\"@type\":\"EntryPoint\",\"urlTemplate\":\"https:\\\/\\\/tulsa-health.org\\\/es\\\/?s={search_term_string}\"},\"query-input\":{\"@type\":\"PropertyValueSpecification\",\"valueRequired\":true,\"valueName\":\"search_term_string\"}}],\"inLanguage\":\"es-MX\"}]}<\/script>\n<!-- \/ Yoast SEO plugin. -->","yoast_head_json":{"title":"Cl\u00ednica para adolescentes - Departamento de Salud de Tulsa","description":"Los j\u00f3venes menores de 19 a\u00f1os pueden recibir atenci\u00f3n confidencial de salud sexual y reproductiva. Los menores de 18 a\u00f1os podr\u00edan requerir el consentimiento de sus padres para recibir servicios.","robots":{"index":"index","follow":"follow","max-snippet":"max-snippet:-1","max-image-preview":"max-image-preview:large","max-video-preview":"max-video-preview:-1"},"canonical":"https:\/\/tulsa-health.org\/es\/services\/family-health-services\/teen-health\/teen-clinic\/","og_locale":"es_MX","og_type":"article","og_title":"Teen Clinic - Tulsa Health Department","og_description":"Youth 19 and under can receive confidential sexual and reproductive health care. Parental consent may be required for those under the age of 18 years to receive services.","og_url":"https:\/\/tulsa-health.org\/es\/services\/family-health-services\/teen-health\/teen-clinic\/","og_site_name":"Tulsa Health Department","article_modified_time":"2024-05-29T17:45:26+00:00","og_image":[{"width":1620,"height":1080,"url":"https:\/\/tulsa-health.org\/wp-content\/uploads\/2023\/07\/teen-clinic-1.jpg","type":"image\/jpeg"}],"twitter_card":"summary_large_image","twitter_misc":{"Tiempo de lectura":"2 minutes"},"schema":{"@context":"https:\/\/schema.org","@graph":[{"@type":"WebPage","@id":"https:\/\/tulsa-health.org\/services\/family-health-services\/teen-health\/teen-clinic\/","url":"https:\/\/tulsa-health.org\/services\/family-health-services\/teen-health\/teen-clinic\/","name":"Cl\u00ednica para adolescentes - Departamento de Salud de Tulsa","isPartOf":{"@id":"https:\/\/tulsa-health.org\/es\/#website"},"primaryImageOfPage":{"@id":"https:\/\/tulsa-health.org\/services\/family-health-services\/teen-health\/teen-clinic\/#primaryimage"},"image":{"@id":"https:\/\/tulsa-health.org\/services\/family-health-services\/teen-health\/teen-clinic\/#primaryimage"},"thumbnailUrl":"https:\/\/tulsa-health.org\/wp-content\/uploads\/2023\/07\/teen-clinic-1.jpg","datePublished":"2023-05-02T22:15:07+00:00","dateModified":"2024-05-29T17:45:26+00:00","description":"Los j\u00f3venes menores de 19 a\u00f1os pueden recibir atenci\u00f3n confidencial de salud sexual y reproductiva. Los menores de 18 a\u00f1os podr\u00edan requerir el consentimiento de sus padres para recibir servicios.","breadcrumb":{"@id":"https:\/\/tulsa-health.org\/services\/family-health-services\/teen-health\/teen-clinic\/#breadcrumb"},"inLanguage":"es-MX","potentialAction":[{"@type":"ReadAction","target":["https:\/\/tulsa-health.org\/services\/family-health-services\/teen-health\/teen-clinic\/"]}]},{"@type":"ImageObject","inLanguage":"es-MX","@id":"https:\/\/tulsa-health.org\/services\/family-health-services\/teen-health\/teen-clinic\/#primaryimage","url":"https:\/\/tulsa-health.org\/wp-content\/uploads\/2023\/07\/teen-clinic-1.jpg","contentUrl":"https:\/\/tulsa-health.org\/wp-content\/uploads\/2023\/07\/teen-clinic-1.jpg","width":1620,"height":1080,"caption":"Teen Clinic"},{"@type":"BreadcrumbList","@id":"https:\/\/tulsa-health.org\/services\/family-health-services\/teen-health\/teen-clinic\/#breadcrumb","itemListElement":[{"@type":"ListItem","position":1,"name":"Home","item":"https:\/\/tulsa-health.org\/"},{"@type":"ListItem","position":2,"name":"Services","item":"https:\/\/tulsa-health.org\/services\/"},{"@type":"ListItem","position":3,"name":"Family Health Services","item":"https:\/\/tulsa-health.org\/services\/family-health-services\/"},{"@type":"ListItem","position":4,"name":"Teen Health","item":"https:\/\/tulsa-health.org\/services\/family-health-services\/teen-health\/"},{"@type":"ListItem","position":5,"name":"Teen Clinic"}]},{"@type":"WebSite","@id":"https:\/\/tulsa-health.org\/es\/#website","url":"https:\/\/tulsa-health.org\/es\/","name":"Departamento de Salud de Tulsa","description":"Servicios cl\u00ednicos, vacunas, permisos y m\u00e1s | Departamento de Salud de Tulsa","potentialAction":[{"@type":"SearchAction","target":{"@type":"EntryPoint","urlTemplate":"https:\/\/tulsa-health.org\/es\/?s={search_term_string}"},"query-input":{"@type":"PropertyValueSpecification","valueRequired":true,"valueName":"search_term_string"}}],"inLanguage":"es-MX"}]}},"publishpress_future_workflow_manual_trigger":{"enabledWorkflows":[]},"_links":{"self":[{"href":"https:\/\/tulsa-health.org\/es\/wp-json\/wp\/v2\/pages\/1780","targetHints":{"allow":["GET"]}}],"collection":[{"href":"https:\/\/tulsa-health.org\/es\/wp-json\/wp\/v2\/pages"}],"about":[{"href":"https:\/\/tulsa-health.org\/es\/wp-json\/wp\/v2\/types\/page"}],"author":[{"embeddable":true,"href":"https:\/\/tulsa-health.org\/es\/wp-json\/wp\/v2\/users\/1"}],"replies":[{"embeddable":true,"href":"https:\/\/tulsa-health.org\/es\/wp-json\/wp\/v2\/comments?post=1780"}],"version-history":[{"count":0,"href":"https:\/\/tulsa-health.org\/es\/wp-json\/wp\/v2\/pages\/1780\/revisions"}],"up":[{"embeddable":true,"href":"https:\/\/tulsa-health.org\/es\/wp-json\/wp\/v2\/pages\/1772"}],"wp:featuredmedia":[{"embeddable":true,"href":"https:\/\/tulsa-health.org\/es\/wp-json\/wp\/v2\/media\/10515"}],"wp:attachment":[{"href":"https:\/\/tulsa-health.org\/es\/wp-json\/wp\/v2\/media?parent=1780"}],"curies":[{"name":"gracias","href":"https:\/\/api.w.org\/{rel}","templated":true}]}}