{"id":1872,"date":"2023-05-02T17:58:49","date_gmt":"2023-05-02T22:58:49","guid":{"rendered":"https:\/\/test.tulsa-health.org\/?page_id=1872"},"modified":"2023-12-20T19:50:56","modified_gmt":"2023-12-21T01:50:56","slug":"dont-bug-me","status":"publish","type":"page","link":"https:\/\/tulsa-health.org\/es\/services\/family-health-services\/illness-and-disease\/dont-bug-me\/","title":{"rendered":"No me molestes"},"content":{"rendered":"<div data-elementor-type=\"wp-page\" data-elementor-id=\"1872\" class=\"elementor elementor-1872\" data-elementor-post-type=\"page\">\n\t\t\t\t\t\t<section class=\"elementor-section elementor-top-section elementor-element elementor-element-14bd37b elementor-section-full_width elementor-section-height-min-height elementor-section-height-default elementor-section-items-middle\" data-id=\"14bd37b\" data-element_type=\"section\" data-e-type=\"section\" data-settings=\"{&quot;background_background&quot;:&quot;classic&quot;}\">\n\t\t\t\t\t\t<div class=\"elementor-container elementor-column-gap-no\">\n\t\t\t\t\t<div class=\"elementor-column elementor-col-100 elementor-top-column elementor-element elementor-element-a9ef56a\" data-id=\"a9ef56a\" data-element_type=\"column\" data-e-type=\"column\">\n\t\t\t<div class=\"elementor-widget-wrap\">\n\t\t\t\t\t\t\t<\/div>\n\t\t<\/div>\n\t\t\t\t\t<\/div>\n\t\t<\/section>\n\t\t\t\t<section class=\"elementor-section elementor-top-section elementor-element elementor-element-e7659f3 elementor-section-boxed elementor-section-height-default elementor-section-height-default\" data-id=\"e7659f3\" data-element_type=\"section\" data-e-type=\"section\" data-settings=\"{&quot;background_background&quot;:&quot;classic&quot;}\">\n\t\t\t\t\t\t<div class=\"elementor-container elementor-column-gap-default\">\n\t\t\t\t\t<div class=\"elementor-column elementor-col-100 elementor-top-column elementor-element elementor-element-5d1fb0e\" data-id=\"5d1fb0e\" data-element_type=\"column\" data-e-type=\"column\">\n\t\t\t<div class=\"elementor-widget-wrap elementor-element-populated\">\n\t\t\t\t\t\t<div class=\"elementor-element elementor-element-80b2c47 elementor-widget elementor-widget-heading\" data-id=\"80b2c47\" data-element_type=\"widget\" data-e-type=\"widget\" data-widget_type=\"heading.default\">\n\t\t\t\t<div class=\"elementor-widget-container\">\n\t\t\t\t\t<h1 class=\"elementor-heading-title elementor-size-default\">No me molestes<\/h1>\t\t\t\t<\/div>\n\t\t\t\t<\/div>\n\t\t\t\t<div class=\"elementor-element elementor-element-c4bfb03 elementor-widget elementor-widget-text-editor\" data-id=\"c4bfb03\" data-element_type=\"widget\" data-e-type=\"widget\" data-widget_type=\"text-editor.default\">\n\t\t\t\t<div class=\"elementor-widget-container\">\n\t\t\t\t\t\t\t\t\t<p>La campa\u00f1a de concientizaci\u00f3n y prevenci\u00f3n de la gripe &quot;No me molestes&quot; est\u00e1 dise\u00f1ada para ense\u00f1ar h\u00e1bitos de vida saludables para evitar contraer o propagar la gripe.<\/p>\t\t\t\t\t\t\t\t<\/div>\n\t\t\t\t<\/div>\n\t\t\t\t\t<\/div>\n\t\t<\/div>\n\t\t\t\t\t<\/div>\n\t\t<\/section>\n\t\t\t\t<section class=\"elementor-section elementor-top-section elementor-element elementor-element-c76dcfe elementor-section-boxed elementor-section-height-default elementor-section-height-default\" data-id=\"c76dcfe\" data-element_type=\"section\" data-e-type=\"section\" data-settings=\"{&quot;background_background&quot;:&quot;classic&quot;}\">\n\t\t\t\t\t\t<div class=\"elementor-container elementor-column-gap-default\">\n\t\t\t\t\t<div class=\"elementor-column elementor-col-100 elementor-top-column elementor-element elementor-element-fa478d7\" data-id=\"fa478d7\" data-element_type=\"column\" data-e-type=\"column\">\n\t\t\t<div class=\"elementor-widget-wrap elementor-element-populated\">\n\t\t\t\t\t\t<div class=\"elementor-element elementor-element-d5b9037 elementor-widget elementor-widget-text-editor\" data-id=\"d5b9037\" data-element_type=\"widget\" data-e-type=\"widget\" data-widget_type=\"text-editor.default\">\n\t\t\t\t<div class=\"elementor-widget-container\">\n\t\t\t\t\t\t\t\t\t<h2>Fondo<\/h2><p>Este esfuerzo conjunto de sensibilizaci\u00f3n entre\u00a0<a href=\"https:\/\/hillcrestmedicalcenter.com\/\">Centro M\u00e9dico Hillcrest\u00a0<\/a>y el Departamento de Salud de Tulsa se lleva a cabo en aulas y empresas, y cuenta con el apoyo de materiales proporcionados a maestros y empresas; apariencias p\u00fablicas; y publicidad impresa, televisiva y exterior. Si sigue las pautas y los mensajes establecidos en la campa\u00f1a \u201cNo me molestes\u201d, puedes ayudar a detener la gripe.<\/p><p>La campa\u00f1a se implement\u00f3 por primera vez en 2004 como resultado de la escasez de vacunas contra la gripe en todo el pa\u00eds. La campa\u00f1a &quot;No me molestes&quot; ha sido destacada a nivel nacional por la Asociaci\u00f3n Nacional de Funcionarios de Salud de Condados y Ciudades como un programa eficaz de prevenci\u00f3n de la salud y se ha duplicado en todo el pa\u00eds. El mensaje universal de la campa\u00f1a ha generado solicitudes de materiales de campa\u00f1a desde lugares tan lejanos como Malasia. La campa\u00f1a tambi\u00e9n recibi\u00f3 el premio Champion of Children&#039;s Health y la Pluma de Bronce de la Asociaci\u00f3n Internacional de Comunicadores Empresariales por su impacto en la salud de la comunidad de Tulsa.<\/p>\t\t\t\t\t\t\t\t<\/div>\n\t\t\t\t<\/div>\n\t\t\t\t<div class=\"elementor-element elementor-element-446305a elementor-widget elementor-widget-button\" data-id=\"446305a\" data-element_type=\"widget\" data-e-type=\"widget\" data-widget_type=\"button.default\">\n\t\t\t\t<div class=\"elementor-widget-container\">\n\t\t\t\t\t\t\t\t\t<div class=\"elementor-button-wrapper\">\n\t\t\t\t\t<a class=\"elementor-button elementor-button-link elementor-size-sm\" href=\"https:\/\/hillcrestmedicalcenter.com\/dontbugme\">\n\t\t\t\t\t\t<span class=\"elementor-button-content-wrapper\">\n\t\t\t\t\t\t\t\t\t<span class=\"elementor-button-text\">Descargar materiales gratuitos<\/span>\n\t\t\t\t\t<\/span>\n\t\t\t\t\t<\/a>\n\t\t\t\t<\/div>\n\t\t\t\t\t\t\t\t<\/div>\n\t\t\t\t<\/div>\n\t\t\t\t<div class=\"elementor-element elementor-element-6443ed2 elementor-widget elementor-widget-video\" data-id=\"6443ed2\" data-element_type=\"widget\" data-e-type=\"widget\" data-settings=\"{&quot;youtube_url&quot;:&quot;https:\\\/\\\/www.youtube.com\\\/watch?v=Soxok-Ckhps&quot;,&quot;video_type&quot;:&quot;youtube&quot;,&quot;controls&quot;:&quot;yes&quot;}\" data-widget_type=\"video.default\">\n\t\t\t\t<div class=\"elementor-widget-container\">\n\t\t\t\t\t\t\t<div class=\"elementor-wrapper elementor-open-inline\">\n\t\t\t<div class=\"elementor-video\"><\/div>\t\t<\/div>\n\t\t\t\t\t\t<\/div>\n\t\t\t\t<\/div>\n\t\t\t\t\t<\/div>\n\t\t<\/div>\n\t\t\t\t\t<\/div>\n\t\t<\/section>\n\t\t\t\t<section class=\"elementor-section elementor-top-section elementor-element elementor-element-1cafcc5 elementor-section-full_width elementor-section-height-default elementor-section-height-default\" data-id=\"1cafcc5\" data-element_type=\"section\" data-e-type=\"section\">\n\t\t\t\t\t\t<div class=\"elementor-container elementor-column-gap-default\">\n\t\t\t\t\t<div class=\"elementor-column elementor-col-100 elementor-top-column elementor-element elementor-element-d4edb58\" data-id=\"d4edb58\" data-element_type=\"column\" data-e-type=\"column\">\n\t\t\t<div class=\"elementor-widget-wrap elementor-element-populated\">\n\t\t\t\t\t\t<div class=\"elementor-element elementor-element-0991558 elementor-widget elementor-widget-shortcode\" data-id=\"0991558\" data-element_type=\"widget\" data-e-type=\"widget\" data-widget_type=\"shortcode.default\">\n\t\t\t\t<div class=\"elementor-widget-container\">\n\t\t\t\t\t\t\t<div class=\"elementor-shortcode\">\t\t<div data-elementor-type=\"section\" data-elementor-id=\"4934\" class=\"elementor elementor-4934\" data-elementor-post-type=\"elementor_library\">\n\t\t\t\t\t<section class=\"elementor-section elementor-top-section elementor-element elementor-element-4469b59d elementor-section-stretched elementor-section-boxed elementor-section-height-default elementor-section-height-default\" data-id=\"4469b59d\" data-element_type=\"section\" data-e-type=\"section\" data-settings=\"{&quot;background_background&quot;:&quot;classic&quot;,&quot;stretch_section&quot;:&quot;section-stretched&quot;}\">\n\t\t\t\t\t\t\t<div class=\"elementor-background-overlay\"><\/div>\n\t\t\t\t\t\t\t<div class=\"elementor-container elementor-column-gap-default\">\n\t\t\t\t\t<div class=\"elementor-column elementor-col-100 elementor-top-column elementor-element elementor-element-615ea353\" data-id=\"615ea353\" data-element_type=\"column\" data-e-type=\"column\">\n\t\t\t<div class=\"elementor-widget-wrap elementor-element-populated\">\n\t\t\t\t\t\t<div class=\"elementor-element elementor-element-bdb2691 elementor-widget elementor-widget-heading\" data-id=\"bdb2691\" data-element_type=\"widget\" data-e-type=\"widget\" data-widget_type=\"heading.default\">\n\t\t\t\t<div class=\"elementor-widget-container\">\n\t\t\t\t\t<h5 class=\"elementor-heading-title elementor-size-default\">UBICACIONES<\/h5>\t\t\t\t<\/div>\n\t\t\t\t<\/div>\n\t\t\t\t<div class=\"elementor-element elementor-element-00f74f9 elementor-widget elementor-widget-text-editor\" data-id=\"00f74f9\" data-element_type=\"widget\" data-e-type=\"widget\" data-widget_type=\"text-editor.default\">\n\t\t\t\t<div class=\"elementor-widget-container\">\n\t\t\t\t\t\t\t\t\t<p>Tenemos 9 ubicaciones en todo el condado de Tulsa que ofrecen una variedad de servicios para ayudarlo a usted y a su familia a mantenerse saludables.<\/p>\t\t\t\t\t\t\t\t<\/div>\n\t\t\t\t<\/div>\n\t\t\t\t<div class=\"elementor-element elementor-element-fd63501 elementor-align-center secondary elementor-widget elementor-widget-button\" data-id=\"fd63501\" data-element_type=\"widget\" data-e-type=\"widget\" data-widget_type=\"button.default\">\n\t\t\t\t<div class=\"elementor-widget-container\">\n\t\t\t\t\t\t\t\t\t<div class=\"elementor-button-wrapper\">\n\t\t\t\t\t<a class=\"elementor-button elementor-button-link elementor-size-sm\" href=\"\/es\/locations\/\">\n\t\t\t\t\t\t<span class=\"elementor-button-content-wrapper\">\n\t\t\t\t\t\t\t\t\t<span class=\"elementor-button-text\">Encuentra la tuya<\/span>\n\t\t\t\t\t<\/span>\n\t\t\t\t\t<\/a>\n\t\t\t\t<\/div>\n\t\t\t\t\t\t\t\t<\/div>\n\t\t\t\t<\/div>\n\t\t\t\t\t<\/div>\n\t\t<\/div>\n\t\t\t\t\t<\/div>\n\t\t<\/section>\n\t\t\t\t<\/div>\n\t\t<\/div>\n\t\t\t\t\t\t<\/div>\n\t\t\t\t<\/div>\n\t\t\t\t\t<\/div>\n\t\t<\/div>\n\t\t\t\t\t<\/div>\n\t\t<\/section>\n\t\t\t\t<\/div>","protected":false},"excerpt":{"rendered":"<p>Don&#8217;t Bug Me\u200b The \u201cDon\u2019t Bug Me\u201d flu awareness and prevention campaign is designed to teach healthy lifestyle habits to avoid getting or spreading the flu.\u200b Background This joint\u00a0awareness effort between\u00a0Hillcrest Medical Center\u00a0and the Tulsa Health Department\u00a0is conducted throughout classrooms and businesses, and is supported by materials provided to teachers and businesses; public appearances; and [&hellip;]<\/p>\n","protected":false},"author":1,"featured_media":9827,"parent":1812,"menu_order":0,"comment_status":"closed","ping_status":"closed","template":"elementor_header_footer","meta":{"_acf_changed":false,"footnotes":""},"class_list":["post-1872","page","type-page","status-publish","has-post-thumbnail","hentry"],"acf":[],"yoast_head":"<!-- This site is optimized with the Yoast SEO plugin v27.4 - https:\/\/yoast.com\/product\/yoast-seo-wordpress\/ -->\n<title>Don&#039;t Bug Me - Tulsa Health Department<\/title>\n<meta name=\"description\" content=\"The \u201cDon\u2019t Bug Me\u201d flu awareness and prevention campaign is designed to teach healthy lifestyle habits to avoid getting or spreading the flu.\u200b\" \/>\n<meta name=\"robots\" content=\"index, follow, max-snippet:-1, max-image-preview:large, max-video-preview:-1\" \/>\n<link rel=\"canonical\" href=\"https:\/\/tulsa-health.org\/es\/services\/family-health-services\/illness-and-disease\/dont-bug-me\/\" \/>\n<meta property=\"og:locale\" content=\"es_MX\" \/>\n<meta property=\"og:type\" content=\"article\" \/>\n<meta property=\"og:title\" content=\"Don&#039;t Bug Me - Tulsa Health Department\" \/>\n<meta property=\"og:description\" content=\"The \u201cDon\u2019t Bug Me\u201d flu awareness and prevention campaign is designed to teach healthy lifestyle habits to avoid getting or spreading the flu.\u200b\" \/>\n<meta property=\"og:url\" content=\"https:\/\/tulsa-health.org\/es\/services\/family-health-services\/illness-and-disease\/dont-bug-me\/\" \/>\n<meta property=\"og:site_name\" content=\"Tulsa Health Department\" \/>\n<meta property=\"article:modified_time\" content=\"2023-12-21T01:50:56+00:00\" \/>\n<meta property=\"og:image\" content=\"https:\/\/tulsa-health.org\/wp-content\/uploads\/2023\/07\/DBM.jpeg\" \/>\n\t<meta property=\"og:image:width\" content=\"1920\" \/>\n\t<meta property=\"og:image:height\" content=\"1068\" \/>\n\t<meta property=\"og:image:type\" content=\"image\/jpeg\" \/>\n<meta name=\"twitter:card\" content=\"summary_large_image\" \/>\n<meta name=\"twitter:label1\" content=\"Tiempo de lectura\" \/>\n\t<meta name=\"twitter:data1\" content=\"1 minute\" \/>\n<script type=\"application\/ld+json\" class=\"yoast-schema-graph\">{\"@context\":\"https:\\\/\\\/schema.org\",\"@graph\":[{\"@type\":\"WebPage\",\"@id\":\"https:\\\/\\\/tulsa-health.org\\\/services\\\/family-health-services\\\/illness-and-disease\\\/dont-bug-me\\\/\",\"url\":\"https:\\\/\\\/tulsa-health.org\\\/services\\\/family-health-services\\\/illness-and-disease\\\/dont-bug-me\\\/\",\"name\":\"Don't Bug Me - Tulsa Health Department\",\"isPartOf\":{\"@id\":\"https:\\\/\\\/tulsa-health.org\\\/es\\\/#website\"},\"primaryImageOfPage\":{\"@id\":\"https:\\\/\\\/tulsa-health.org\\\/services\\\/family-health-services\\\/illness-and-disease\\\/dont-bug-me\\\/#primaryimage\"},\"image\":{\"@id\":\"https:\\\/\\\/tulsa-health.org\\\/services\\\/family-health-services\\\/illness-and-disease\\\/dont-bug-me\\\/#primaryimage\"},\"thumbnailUrl\":\"https:\\\/\\\/tulsa-health.org\\\/wp-content\\\/uploads\\\/2023\\\/07\\\/DBM.jpeg\",\"datePublished\":\"2023-05-02T22:58:49+00:00\",\"dateModified\":\"2023-12-21T01:50:56+00:00\",\"description\":\"The \u201cDon\u2019t Bug Me\u201d flu awareness and prevention campaign is designed to teach healthy lifestyle habits to avoid getting or spreading the flu.\u200b\",\"breadcrumb\":{\"@id\":\"https:\\\/\\\/tulsa-health.org\\\/services\\\/family-health-services\\\/illness-and-disease\\\/dont-bug-me\\\/#breadcrumb\"},\"inLanguage\":\"es-MX\",\"potentialAction\":[{\"@type\":\"ReadAction\",\"target\":[\"https:\\\/\\\/tulsa-health.org\\\/services\\\/family-health-services\\\/illness-and-disease\\\/dont-bug-me\\\/\"]}]},{\"@type\":\"ImageObject\",\"inLanguage\":\"es-MX\",\"@id\":\"https:\\\/\\\/tulsa-health.org\\\/services\\\/family-health-services\\\/illness-and-disease\\\/dont-bug-me\\\/#primaryimage\",\"url\":\"https:\\\/\\\/tulsa-health.org\\\/wp-content\\\/uploads\\\/2023\\\/07\\\/DBM.jpeg\",\"contentUrl\":\"https:\\\/\\\/tulsa-health.org\\\/wp-content\\\/uploads\\\/2023\\\/07\\\/DBM.jpeg\",\"width\":1920,\"height\":1068,\"caption\":\"Doctor and mascot talking to kids - Don't Bug Me\"},{\"@type\":\"BreadcrumbList\",\"@id\":\"https:\\\/\\\/tulsa-health.org\\\/services\\\/family-health-services\\\/illness-and-disease\\\/dont-bug-me\\\/#breadcrumb\",\"itemListElement\":[{\"@type\":\"ListItem\",\"position\":1,\"name\":\"Home\",\"item\":\"https:\\\/\\\/tulsa-health.org\\\/\"},{\"@type\":\"ListItem\",\"position\":2,\"name\":\"Services\",\"item\":\"https:\\\/\\\/tulsa-health.org\\\/services\\\/\"},{\"@type\":\"ListItem\",\"position\":3,\"name\":\"Family Health Services\",\"item\":\"https:\\\/\\\/tulsa-health.org\\\/services\\\/family-health-services\\\/\"},{\"@type\":\"ListItem\",\"position\":4,\"name\":\"Illness and Disease\",\"item\":\"https:\\\/\\\/tulsa-health.org\\\/services\\\/family-health-services\\\/illness-and-disease\\\/\"},{\"@type\":\"ListItem\",\"position\":5,\"name\":\"Don&#8217;t Bug Me\"}]},{\"@type\":\"WebSite\",\"@id\":\"https:\\\/\\\/tulsa-health.org\\\/es\\\/#website\",\"url\":\"https:\\\/\\\/tulsa-health.org\\\/es\\\/\",\"name\":\"Tulsa Health Department\",\"description\":\"Clinical Services, Immunizations, Permits and More | Tulsa Health Department\",\"potentialAction\":[{\"@type\":\"SearchAction\",\"target\":{\"@type\":\"EntryPoint\",\"urlTemplate\":\"https:\\\/\\\/tulsa-health.org\\\/es\\\/?s={search_term_string}\"},\"query-input\":{\"@type\":\"PropertyValueSpecification\",\"valueRequired\":true,\"valueName\":\"search_term_string\"}}],\"inLanguage\":\"es-MX\"}]}<\/script>\n<!-- \/ Yoast SEO plugin. -->","yoast_head_json":{"title":"No me molestes - Departamento de Salud de Tulsa","description":"La campa\u00f1a de concientizaci\u00f3n y prevenci\u00f3n de la gripe &quot;No me molestes&quot; est\u00e1 dise\u00f1ada para ense\u00f1ar h\u00e1bitos de vida saludables para evitar contraer o propagar la gripe.","robots":{"index":"index","follow":"follow","max-snippet":"max-snippet:-1","max-image-preview":"max-image-preview:large","max-video-preview":"max-video-preview:-1"},"canonical":"https:\/\/tulsa-health.org\/es\/services\/family-health-services\/illness-and-disease\/dont-bug-me\/","og_locale":"es_MX","og_type":"article","og_title":"Don't Bug Me - Tulsa Health Department","og_description":"The \u201cDon\u2019t Bug Me\u201d flu awareness and prevention campaign is designed to teach healthy lifestyle habits to avoid getting or spreading the flu.\u200b","og_url":"https:\/\/tulsa-health.org\/es\/services\/family-health-services\/illness-and-disease\/dont-bug-me\/","og_site_name":"Tulsa Health Department","article_modified_time":"2023-12-21T01:50:56+00:00","og_image":[{"width":1920,"height":1068,"url":"https:\/\/tulsa-health.org\/wp-content\/uploads\/2023\/07\/DBM.jpeg","type":"image\/jpeg"}],"twitter_card":"summary_large_image","twitter_misc":{"Tiempo de lectura":"1 minute"},"schema":{"@context":"https:\/\/schema.org","@graph":[{"@type":"WebPage","@id":"https:\/\/tulsa-health.org\/services\/family-health-services\/illness-and-disease\/dont-bug-me\/","url":"https:\/\/tulsa-health.org\/services\/family-health-services\/illness-and-disease\/dont-bug-me\/","name":"No me molestes - Departamento de Salud de Tulsa","isPartOf":{"@id":"https:\/\/tulsa-health.org\/es\/#website"},"primaryImageOfPage":{"@id":"https:\/\/tulsa-health.org\/services\/family-health-services\/illness-and-disease\/dont-bug-me\/#primaryimage"},"image":{"@id":"https:\/\/tulsa-health.org\/services\/family-health-services\/illness-and-disease\/dont-bug-me\/#primaryimage"},"thumbnailUrl":"https:\/\/tulsa-health.org\/wp-content\/uploads\/2023\/07\/DBM.jpeg","datePublished":"2023-05-02T22:58:49+00:00","dateModified":"2023-12-21T01:50:56+00:00","description":"La campa\u00f1a de concientizaci\u00f3n y prevenci\u00f3n de la gripe &quot;No me molestes&quot; est\u00e1 dise\u00f1ada para ense\u00f1ar h\u00e1bitos de vida saludables para evitar contraer o propagar la gripe.","breadcrumb":{"@id":"https:\/\/tulsa-health.org\/services\/family-health-services\/illness-and-disease\/dont-bug-me\/#breadcrumb"},"inLanguage":"es-MX","potentialAction":[{"@type":"ReadAction","target":["https:\/\/tulsa-health.org\/services\/family-health-services\/illness-and-disease\/dont-bug-me\/"]}]},{"@type":"ImageObject","inLanguage":"es-MX","@id":"https:\/\/tulsa-health.org\/services\/family-health-services\/illness-and-disease\/dont-bug-me\/#primaryimage","url":"https:\/\/tulsa-health.org\/wp-content\/uploads\/2023\/07\/DBM.jpeg","contentUrl":"https:\/\/tulsa-health.org\/wp-content\/uploads\/2023\/07\/DBM.jpeg","width":1920,"height":1068,"caption":"Doctor and mascot talking to kids - Don't Bug Me"},{"@type":"BreadcrumbList","@id":"https:\/\/tulsa-health.org\/services\/family-health-services\/illness-and-disease\/dont-bug-me\/#breadcrumb","itemListElement":[{"@type":"ListItem","position":1,"name":"Home","item":"https:\/\/tulsa-health.org\/"},{"@type":"ListItem","position":2,"name":"Services","item":"https:\/\/tulsa-health.org\/services\/"},{"@type":"ListItem","position":3,"name":"Family Health Services","item":"https:\/\/tulsa-health.org\/services\/family-health-services\/"},{"@type":"ListItem","position":4,"name":"Illness and Disease","item":"https:\/\/tulsa-health.org\/services\/family-health-services\/illness-and-disease\/"},{"@type":"ListItem","position":5,"name":"Don&#8217;t Bug Me"}]},{"@type":"WebSite","@id":"https:\/\/tulsa-health.org\/es\/#website","url":"https:\/\/tulsa-health.org\/es\/","name":"Departamento de Salud de Tulsa","description":"Servicios cl\u00ednicos, vacunas, permisos y m\u00e1s | Departamento de Salud de Tulsa","potentialAction":[{"@type":"SearchAction","target":{"@type":"EntryPoint","urlTemplate":"https:\/\/tulsa-health.org\/es\/?s={search_term_string}"},"query-input":{"@type":"PropertyValueSpecification","valueRequired":true,"valueName":"search_term_string"}}],"inLanguage":"es-MX"}]}},"publishpress_future_workflow_manual_trigger":{"enabledWorkflows":[]},"_links":{"self":[{"href":"https:\/\/tulsa-health.org\/es\/wp-json\/wp\/v2\/pages\/1872","targetHints":{"allow":["GET"]}}],"collection":[{"href":"https:\/\/tulsa-health.org\/es\/wp-json\/wp\/v2\/pages"}],"about":[{"href":"https:\/\/tulsa-health.org\/es\/wp-json\/wp\/v2\/types\/page"}],"author":[{"embeddable":true,"href":"https:\/\/tulsa-health.org\/es\/wp-json\/wp\/v2\/users\/1"}],"replies":[{"embeddable":true,"href":"https:\/\/tulsa-health.org\/es\/wp-json\/wp\/v2\/comments?post=1872"}],"version-history":[{"count":0,"href":"https:\/\/tulsa-health.org\/es\/wp-json\/wp\/v2\/pages\/1872\/revisions"}],"up":[{"embeddable":true,"href":"https:\/\/tulsa-health.org\/es\/wp-json\/wp\/v2\/pages\/1812"}],"wp:featuredmedia":[{"embeddable":true,"href":"https:\/\/tulsa-health.org\/es\/wp-json\/wp\/v2\/media\/9827"}],"wp:attachment":[{"href":"https:\/\/tulsa-health.org\/es\/wp-json\/wp\/v2\/media?parent=1872"}],"curies":[{"name":"gracias","href":"https:\/\/api.w.org\/{rel}","templated":true}]}}