{"id":1959,"date":"2023-05-03T13:42:36","date_gmt":"2023-05-03T18:42:36","guid":{"rendered":"https:\/\/test.tulsa-health.org\/?page_id=1959"},"modified":"2023-12-21T10:25:29","modified_gmt":"2023-12-21T16:25:29","slug":"food-recall-services","status":"publish","type":"page","link":"https:\/\/tulsa-health.org\/es\/services\/public-safety-and-data-services\/food-recall-services\/","title":{"rendered":"Servicios de retirada de alimentos"},"content":{"rendered":"<div data-elementor-type=\"wp-page\" data-elementor-id=\"1959\" class=\"elementor elementor-1959\" data-elementor-post-type=\"page\">\n\t\t\t\t\t\t<section class=\"elementor-section elementor-top-section elementor-element elementor-element-4fe922b elementor-section-full_width elementor-section-height-min-height elementor-section-height-default elementor-section-items-middle\" data-id=\"4fe922b\" data-element_type=\"section\" data-e-type=\"section\" data-settings=\"{&quot;background_background&quot;:&quot;classic&quot;}\">\n\t\t\t\t\t\t<div class=\"elementor-container elementor-column-gap-no\">\n\t\t\t\t\t<div class=\"elementor-column elementor-col-100 elementor-top-column elementor-element elementor-element-89230d8\" data-id=\"89230d8\" data-element_type=\"column\" data-e-type=\"column\">\n\t\t\t<div class=\"elementor-widget-wrap\">\n\t\t\t\t\t\t\t<\/div>\n\t\t<\/div>\n\t\t\t\t\t<\/div>\n\t\t<\/section>\n\t\t\t\t<section class=\"elementor-section elementor-top-section elementor-element elementor-element-ff37e31 elementor-section-boxed elementor-section-height-default elementor-section-height-default\" data-id=\"ff37e31\" data-element_type=\"section\" data-e-type=\"section\" data-settings=\"{&quot;background_background&quot;:&quot;classic&quot;}\">\n\t\t\t\t\t\t<div class=\"elementor-container elementor-column-gap-default\">\n\t\t\t\t\t<div class=\"elementor-column elementor-col-100 elementor-top-column elementor-element elementor-element-113bf80\" data-id=\"113bf80\" data-element_type=\"column\" data-e-type=\"column\">\n\t\t\t<div class=\"elementor-widget-wrap elementor-element-populated\">\n\t\t\t\t\t\t<div class=\"elementor-element elementor-element-48451b4 elementor-widget elementor-widget-heading\" data-id=\"48451b4\" data-element_type=\"widget\" data-e-type=\"widget\" data-widget_type=\"heading.default\">\n\t\t\t\t<div class=\"elementor-widget-container\">\n\t\t\t\t\t<h1 class=\"elementor-heading-title elementor-size-default\">Recursos para el retiro del mercado por seguridad alimentaria<\/h1>\t\t\t\t<\/div>\n\t\t\t\t<\/div>\n\t\t\t\t<div class=\"elementor-element elementor-element-aad3a2d elementor-widget elementor-widget-text-editor\" data-id=\"aad3a2d\" data-element_type=\"widget\" data-e-type=\"widget\" data-widget_type=\"text-editor.default\">\n\t\t\t\t<div class=\"elementor-widget-container\">\n\t\t\t\t\t\t\t\t\t<p>Por favor revise el\u00a0<a href=\"https:\/\/www.foodsafety.gov\/\">seguridad alimentaria.gov<\/a> widget a continuaci\u00f3n para obtener avisos actualizados sobre alertas y retiros de alimentos. Visite el sitio web de seguridad alimentaria para ver avisos de retiros del mercado y alertas tanto del\u00a0<a href=\"https:\/\/www.fda.gov\/\">Administraci\u00f3n de Alimentos y Medicamentos de EE. UU. (FDA)<\/a>\u00a0y el\u00a0<a href=\"https:\/\/www.usda.gov\/\">Departamento de Agricultura de EE. UU. (USDA)<\/a>.<\/p>\t\t\t\t\t\t\t\t<\/div>\n\t\t\t\t<\/div>\n\t\t\t\t\t<\/div>\n\t\t<\/div>\n\t\t\t\t\t<\/div>\n\t\t<\/section>\n\t\t\t\t<section class=\"elementor-section elementor-top-section elementor-element elementor-element-1599290 elementor-section-boxed elementor-section-height-default elementor-section-height-default\" data-id=\"1599290\" data-element_type=\"section\" data-e-type=\"section\" data-settings=\"{&quot;background_background&quot;:&quot;classic&quot;}\">\n\t\t\t\t\t\t<div class=\"elementor-container elementor-column-gap-default\">\n\t\t\t\t\t<div class=\"elementor-column elementor-col-100 elementor-top-column elementor-element elementor-element-e72c4a8\" data-id=\"e72c4a8\" data-element_type=\"column\" data-e-type=\"column\">\n\t\t\t<div class=\"elementor-widget-wrap elementor-element-populated\">\n\t\t\t\t\t\t<div class=\"elementor-element elementor-element-1148a03 elementor-widget elementor-widget-text-editor\" data-id=\"1148a03\" data-element_type=\"widget\" data-e-type=\"widget\" data-widget_type=\"text-editor.default\">\n\t\t\t\t<div class=\"elementor-widget-container\">\n\t\t\t\t\t\t\t\t\t<h2>Retiros y alertas<\/h2><p>Una retirada de alimentos se produce cuando hay motivos para creer que un alimento puede provocar que los consumidores se enfermen. Un fabricante o distribuidor de alimentos inicia el retiro del mercado para retirar alimentos del mercado. En algunas situaciones, las agencias gubernamentales solicitan la retirada de alimentos.<\/p><p>Algunas razones para retirar alimentos incluyen:<\/p><ul><li>Descubrimiento de un organismo en un producto que puede enfermar a los consumidores.<\/li><li>Descubrimiento de un al\u00e9rgeno potencial en un producto.<\/li><li>Etiquetado o rotulaci\u00f3n err\u00f3nea de los alimentos. Por ejemplo, un alimento puede contener un al\u00e9rgeno, como nueces o huevos, pero esos ingredientes no aparecen en la etiqueta.<\/li><\/ul>\t\t\t\t\t\t\t\t<\/div>\n\t\t\t\t<\/div>\n\t\t\t\t\t<\/div>\n\t\t<\/div>\n\t\t\t\t\t<\/div>\n\t\t<\/section>\n\t\t\t\t<section class=\"elementor-section elementor-top-section elementor-element elementor-element-a9c7396 elementor-section-boxed elementor-section-height-default elementor-section-height-default\" data-id=\"a9c7396\" data-element_type=\"section\" data-e-type=\"section\">\n\t\t\t\t\t\t<div class=\"elementor-container elementor-column-gap-default\">\n\t\t\t\t\t<div class=\"elementor-column elementor-col-100 elementor-top-column elementor-element elementor-element-2aa75cd\" data-id=\"2aa75cd\" data-element_type=\"column\" data-e-type=\"column\">\n\t\t\t<div class=\"elementor-widget-wrap elementor-element-populated\">\n\t\t\t\t\t\t<div class=\"elementor-element elementor-element-c4945a4 elementor-widget elementor-widget-html\" data-id=\"c4945a4\" data-element_type=\"widget\" data-e-type=\"widget\" data-widget_type=\"html.default\">\n\t\t\t\t<div class=\"elementor-widget-container\">\n\t\t\t\t\t<div data-cdc-widget=\"FoodRecall\" data-instance-name=\"Food%20Recall%20Widget\" data-widget-max-width=\"800px\" data-news-feed-type=\"xml\" data-news-feed=\"https%3A%2F%2Fwww2c.cdc.gov%2Fpodcasts%2Fcreaterss.asp%3Fc%3D146\" data-widget-title=\"Food%20Recalls\" data-widget-min-height=\"400px\" data-style-path=\"\/foodsafety\/foodsafetygov\/css\/foodsafety-recall-widget.css?v\" ><\/div> \n <script src=\"https:\/\/tools.cdc.gov\/1M1B\"><\/script>\t\t\t\t<\/div>\n\t\t\t\t<\/div>\n\t\t\t\t\t<\/div>\n\t\t<\/div>\n\t\t\t\t\t<\/div>\n\t\t<\/section>\n\t\t\t\t<section class=\"elementor-section elementor-top-section elementor-element elementor-element-a86884c elementor-section-full_width elementor-section-height-default elementor-section-height-default\" data-id=\"a86884c\" data-element_type=\"section\" data-e-type=\"section\">\n\t\t\t\t\t\t<div class=\"elementor-container elementor-column-gap-default\">\n\t\t\t\t\t<div class=\"elementor-column elementor-col-100 elementor-top-column elementor-element elementor-element-bcc4063\" data-id=\"bcc4063\" data-element_type=\"column\" data-e-type=\"column\">\n\t\t\t<div class=\"elementor-widget-wrap elementor-element-populated\">\n\t\t\t\t\t\t<div class=\"elementor-element elementor-element-901a770 elementor-widget elementor-widget-shortcode\" data-id=\"901a770\" data-element_type=\"widget\" data-e-type=\"widget\" data-widget_type=\"shortcode.default\">\n\t\t\t\t<div class=\"elementor-widget-container\">\n\t\t\t\t\t\t\t<div class=\"elementor-shortcode\">\t\t<div data-elementor-type=\"section\" data-elementor-id=\"4934\" class=\"elementor elementor-4934\" data-elementor-post-type=\"elementor_library\">\n\t\t\t\t\t<section class=\"elementor-section elementor-top-section elementor-element elementor-element-4469b59d elementor-section-stretched elementor-section-boxed elementor-section-height-default elementor-section-height-default\" data-id=\"4469b59d\" data-element_type=\"section\" data-e-type=\"section\" data-settings=\"{&quot;background_background&quot;:&quot;classic&quot;,&quot;stretch_section&quot;:&quot;section-stretched&quot;}\">\n\t\t\t\t\t\t\t<div class=\"elementor-background-overlay\"><\/div>\n\t\t\t\t\t\t\t<div class=\"elementor-container elementor-column-gap-default\">\n\t\t\t\t\t<div class=\"elementor-column elementor-col-100 elementor-top-column elementor-element elementor-element-615ea353\" data-id=\"615ea353\" data-element_type=\"column\" data-e-type=\"column\">\n\t\t\t<div class=\"elementor-widget-wrap elementor-element-populated\">\n\t\t\t\t\t\t<div class=\"elementor-element elementor-element-bdb2691 elementor-widget elementor-widget-heading\" data-id=\"bdb2691\" data-element_type=\"widget\" data-e-type=\"widget\" data-widget_type=\"heading.default\">\n\t\t\t\t<div class=\"elementor-widget-container\">\n\t\t\t\t\t<h5 class=\"elementor-heading-title elementor-size-default\">UBICACIONES<\/h5>\t\t\t\t<\/div>\n\t\t\t\t<\/div>\n\t\t\t\t<div class=\"elementor-element elementor-element-00f74f9 elementor-widget elementor-widget-text-editor\" data-id=\"00f74f9\" data-element_type=\"widget\" data-e-type=\"widget\" data-widget_type=\"text-editor.default\">\n\t\t\t\t<div class=\"elementor-widget-container\">\n\t\t\t\t\t\t\t\t\t<p>Tenemos 9 ubicaciones en todo el condado de Tulsa que ofrecen una variedad de servicios para ayudarlo a usted y a su familia a mantenerse saludables.<\/p>\t\t\t\t\t\t\t\t<\/div>\n\t\t\t\t<\/div>\n\t\t\t\t<div class=\"elementor-element elementor-element-fd63501 elementor-align-center secondary elementor-widget elementor-widget-button\" data-id=\"fd63501\" data-element_type=\"widget\" data-e-type=\"widget\" data-widget_type=\"button.default\">\n\t\t\t\t<div class=\"elementor-widget-container\">\n\t\t\t\t\t\t\t\t\t<div class=\"elementor-button-wrapper\">\n\t\t\t\t\t<a class=\"elementor-button elementor-button-link elementor-size-sm\" href=\"\/es\/locations\/\">\n\t\t\t\t\t\t<span class=\"elementor-button-content-wrapper\">\n\t\t\t\t\t\t\t\t\t<span class=\"elementor-button-text\">Encuentra la tuya<\/span>\n\t\t\t\t\t<\/span>\n\t\t\t\t\t<\/a>\n\t\t\t\t<\/div>\n\t\t\t\t\t\t\t\t<\/div>\n\t\t\t\t<\/div>\n\t\t\t\t\t<\/div>\n\t\t<\/div>\n\t\t\t\t\t<\/div>\n\t\t<\/section>\n\t\t\t\t<\/div>\n\t\t<\/div>\n\t\t\t\t\t\t<\/div>\n\t\t\t\t<\/div>\n\t\t\t\t\t<\/div>\n\t\t<\/div>\n\t\t\t\t\t<\/div>\n\t\t<\/section>\n\t\t\t\t<\/div>","protected":false},"excerpt":{"rendered":"<p>Food Safety Recall Resources\u200b Please review the\u00a0foodsafety.gov widget below for up-to-date notices on food recalls and alerts. Visit\u00a0the Food Safety\u00a0website for notices of recalls and alerts from both the\u00a0U.S. Food and Drug Administration (FDA)\u00a0and the\u00a0U.S. Department of Agriculture (USDA). Recalls &amp; Alerts A food recall occurs when there is reason to believe that a food [&hellip;]<\/p>\n","protected":false},"author":1,"featured_media":9932,"parent":1908,"menu_order":0,"comment_status":"closed","ping_status":"closed","template":"elementor_header_footer","meta":{"_acf_changed":false,"footnotes":""},"class_list":["post-1959","page","type-page","status-publish","has-post-thumbnail","hentry"],"acf":[],"yoast_head":"<!-- This site is optimized with the Yoast SEO plugin v27.4 - https:\/\/yoast.com\/product\/yoast-seo-wordpress\/ -->\n<title>Food Recall Services - Tulsa Health Department<\/title>\n<meta name=\"description\" content=\"Visit\u00a0the Food Safety\u00a0website for notices of recalls and alerts from both the\u00a0U.S. Food and Drug Administration (FDA)\u00a0and the\u00a0U.S. Department of Agriculture (USDA).\u00a0\" \/>\n<meta name=\"robots\" content=\"index, follow, max-snippet:-1, max-image-preview:large, max-video-preview:-1\" \/>\n<link rel=\"canonical\" href=\"https:\/\/tulsa-health.org\/es\/services\/public-safety-and-data-services\/food-recall-services\/\" \/>\n<meta property=\"og:locale\" content=\"es_MX\" \/>\n<meta property=\"og:type\" content=\"article\" \/>\n<meta property=\"og:title\" content=\"Food Recall Services - Tulsa Health Department\" \/>\n<meta property=\"og:description\" content=\"Visit\u00a0the Food Safety\u00a0website for notices of recalls and alerts from both the\u00a0U.S. Food and Drug Administration (FDA)\u00a0and the\u00a0U.S. Department of Agriculture (USDA).\u00a0\" \/>\n<meta property=\"og:url\" content=\"https:\/\/tulsa-health.org\/es\/services\/public-safety-and-data-services\/food-recall-services\/\" \/>\n<meta property=\"og:site_name\" content=\"Tulsa Health Department\" \/>\n<meta property=\"article:modified_time\" content=\"2023-12-21T16:25:29+00:00\" \/>\n<meta property=\"og:image\" content=\"https:\/\/tulsa-health.org\/wp-content\/uploads\/2023\/07\/Food-Recall-let-me-know-if-this-doesnt-work-lol-.png\" \/>\n\t<meta property=\"og:image:width\" content=\"1920\" \/>\n\t<meta property=\"og:image:height\" content=\"320\" \/>\n\t<meta property=\"og:image:type\" content=\"image\/png\" \/>\n<meta name=\"twitter:card\" content=\"summary_large_image\" \/>\n<meta name=\"twitter:label1\" content=\"Tiempo de lectura\" \/>\n\t<meta name=\"twitter:data1\" content=\"1 minute\" \/>\n<script type=\"application\/ld+json\" class=\"yoast-schema-graph\">{\"@context\":\"https:\\\/\\\/schema.org\",\"@graph\":[{\"@type\":\"WebPage\",\"@id\":\"https:\\\/\\\/tulsa-health.org\\\/services\\\/public-safety-and-data-services\\\/food-recall-services\\\/\",\"url\":\"https:\\\/\\\/tulsa-health.org\\\/services\\\/public-safety-and-data-services\\\/food-recall-services\\\/\",\"name\":\"Food Recall Services - Tulsa Health Department\",\"isPartOf\":{\"@id\":\"https:\\\/\\\/tulsa-health.org\\\/es\\\/#website\"},\"primaryImageOfPage\":{\"@id\":\"https:\\\/\\\/tulsa-health.org\\\/services\\\/public-safety-and-data-services\\\/food-recall-services\\\/#primaryimage\"},\"image\":{\"@id\":\"https:\\\/\\\/tulsa-health.org\\\/services\\\/public-safety-and-data-services\\\/food-recall-services\\\/#primaryimage\"},\"thumbnailUrl\":\"https:\\\/\\\/tulsa-health.org\\\/wp-content\\\/uploads\\\/2023\\\/07\\\/Food-Recall-let-me-know-if-this-doesnt-work-lol-.png\",\"datePublished\":\"2023-05-03T18:42:36+00:00\",\"dateModified\":\"2023-12-21T16:25:29+00:00\",\"description\":\"Visit\u00a0the Food Safety\u00a0website for notices of recalls and alerts from both the\u00a0U.S. Food and Drug Administration (FDA)\u00a0and the\u00a0U.S. Department of Agriculture (USDA).\u00a0\",\"breadcrumb\":{\"@id\":\"https:\\\/\\\/tulsa-health.org\\\/services\\\/public-safety-and-data-services\\\/food-recall-services\\\/#breadcrumb\"},\"inLanguage\":\"es-MX\",\"potentialAction\":[{\"@type\":\"ReadAction\",\"target\":[\"https:\\\/\\\/tulsa-health.org\\\/services\\\/public-safety-and-data-services\\\/food-recall-services\\\/\"]}]},{\"@type\":\"ImageObject\",\"inLanguage\":\"es-MX\",\"@id\":\"https:\\\/\\\/tulsa-health.org\\\/services\\\/public-safety-and-data-services\\\/food-recall-services\\\/#primaryimage\",\"url\":\"https:\\\/\\\/tulsa-health.org\\\/wp-content\\\/uploads\\\/2023\\\/07\\\/Food-Recall-let-me-know-if-this-doesnt-work-lol-.png\",\"contentUrl\":\"https:\\\/\\\/tulsa-health.org\\\/wp-content\\\/uploads\\\/2023\\\/07\\\/Food-Recall-let-me-know-if-this-doesnt-work-lol-.png\",\"width\":1920,\"height\":320,\"caption\":\"Food Recall\"},{\"@type\":\"BreadcrumbList\",\"@id\":\"https:\\\/\\\/tulsa-health.org\\\/services\\\/public-safety-and-data-services\\\/food-recall-services\\\/#breadcrumb\",\"itemListElement\":[{\"@type\":\"ListItem\",\"position\":1,\"name\":\"Home\",\"item\":\"https:\\\/\\\/tulsa-health.org\\\/\"},{\"@type\":\"ListItem\",\"position\":2,\"name\":\"Services\",\"item\":\"https:\\\/\\\/tulsa-health.org\\\/services\\\/\"},{\"@type\":\"ListItem\",\"position\":3,\"name\":\"Public Safety and Data Services\",\"item\":\"https:\\\/\\\/tulsa-health.org\\\/services\\\/public-safety-and-data-services\\\/\"},{\"@type\":\"ListItem\",\"position\":4,\"name\":\"Food Recall Services\"}]},{\"@type\":\"WebSite\",\"@id\":\"https:\\\/\\\/tulsa-health.org\\\/es\\\/#website\",\"url\":\"https:\\\/\\\/tulsa-health.org\\\/es\\\/\",\"name\":\"Tulsa Health Department\",\"description\":\"Clinical Services, Immunizations, Permits and More | Tulsa Health Department\",\"potentialAction\":[{\"@type\":\"SearchAction\",\"target\":{\"@type\":\"EntryPoint\",\"urlTemplate\":\"https:\\\/\\\/tulsa-health.org\\\/es\\\/?s={search_term_string}\"},\"query-input\":{\"@type\":\"PropertyValueSpecification\",\"valueRequired\":true,\"valueName\":\"search_term_string\"}}],\"inLanguage\":\"es-MX\"}]}<\/script>\n<!-- \/ Yoast SEO plugin. -->","yoast_head_json":{"title":"Servicios de retiro de alimentos - Departamento de Salud de Tulsa","description":"Visite el sitio web de Seguridad Alimentaria para obtener avisos de retiros y alertas tanto de la Administraci\u00f3n de Alimentos y Medicamentos de los EE. UU. (FDA) como del Departamento de Agricultura de los EE. UU. (USDA).\u00a0","robots":{"index":"index","follow":"follow","max-snippet":"max-snippet:-1","max-image-preview":"max-image-preview:large","max-video-preview":"max-video-preview:-1"},"canonical":"https:\/\/tulsa-health.org\/es\/services\/public-safety-and-data-services\/food-recall-services\/","og_locale":"es_MX","og_type":"article","og_title":"Food Recall Services - Tulsa Health Department","og_description":"Visit\u00a0the Food Safety\u00a0website for notices of recalls and alerts from both the\u00a0U.S. Food and Drug Administration (FDA)\u00a0and the\u00a0U.S. Department of Agriculture (USDA).\u00a0","og_url":"https:\/\/tulsa-health.org\/es\/services\/public-safety-and-data-services\/food-recall-services\/","og_site_name":"Tulsa Health Department","article_modified_time":"2023-12-21T16:25:29+00:00","og_image":[{"width":1920,"height":320,"url":"https:\/\/tulsa-health.org\/wp-content\/uploads\/2023\/07\/Food-Recall-let-me-know-if-this-doesnt-work-lol-.png","type":"image\/png"}],"twitter_card":"summary_large_image","twitter_misc":{"Tiempo de lectura":"1 minute"},"schema":{"@context":"https:\/\/schema.org","@graph":[{"@type":"WebPage","@id":"https:\/\/tulsa-health.org\/services\/public-safety-and-data-services\/food-recall-services\/","url":"https:\/\/tulsa-health.org\/services\/public-safety-and-data-services\/food-recall-services\/","name":"Servicios de retiro de alimentos - Departamento de Salud de Tulsa","isPartOf":{"@id":"https:\/\/tulsa-health.org\/es\/#website"},"primaryImageOfPage":{"@id":"https:\/\/tulsa-health.org\/services\/public-safety-and-data-services\/food-recall-services\/#primaryimage"},"image":{"@id":"https:\/\/tulsa-health.org\/services\/public-safety-and-data-services\/food-recall-services\/#primaryimage"},"thumbnailUrl":"https:\/\/tulsa-health.org\/wp-content\/uploads\/2023\/07\/Food-Recall-let-me-know-if-this-doesnt-work-lol-.png","datePublished":"2023-05-03T18:42:36+00:00","dateModified":"2023-12-21T16:25:29+00:00","description":"Visite el sitio web de Seguridad Alimentaria para obtener avisos de retiros y alertas tanto de la Administraci\u00f3n de Alimentos y Medicamentos de los EE. UU. (FDA) como del Departamento de Agricultura de los EE. UU. (USDA).\u00a0","breadcrumb":{"@id":"https:\/\/tulsa-health.org\/services\/public-safety-and-data-services\/food-recall-services\/#breadcrumb"},"inLanguage":"es-MX","potentialAction":[{"@type":"ReadAction","target":["https:\/\/tulsa-health.org\/services\/public-safety-and-data-services\/food-recall-services\/"]}]},{"@type":"ImageObject","inLanguage":"es-MX","@id":"https:\/\/tulsa-health.org\/services\/public-safety-and-data-services\/food-recall-services\/#primaryimage","url":"https:\/\/tulsa-health.org\/wp-content\/uploads\/2023\/07\/Food-Recall-let-me-know-if-this-doesnt-work-lol-.png","contentUrl":"https:\/\/tulsa-health.org\/wp-content\/uploads\/2023\/07\/Food-Recall-let-me-know-if-this-doesnt-work-lol-.png","width":1920,"height":320,"caption":"Food Recall"},{"@type":"BreadcrumbList","@id":"https:\/\/tulsa-health.org\/services\/public-safety-and-data-services\/food-recall-services\/#breadcrumb","itemListElement":[{"@type":"ListItem","position":1,"name":"Home","item":"https:\/\/tulsa-health.org\/"},{"@type":"ListItem","position":2,"name":"Services","item":"https:\/\/tulsa-health.org\/services\/"},{"@type":"ListItem","position":3,"name":"Public Safety and Data Services","item":"https:\/\/tulsa-health.org\/services\/public-safety-and-data-services\/"},{"@type":"ListItem","position":4,"name":"Food Recall Services"}]},{"@type":"WebSite","@id":"https:\/\/tulsa-health.org\/es\/#website","url":"https:\/\/tulsa-health.org\/es\/","name":"Departamento de Salud de Tulsa","description":"Servicios cl\u00ednicos, vacunas, permisos y m\u00e1s | Departamento de Salud de Tulsa","potentialAction":[{"@type":"SearchAction","target":{"@type":"EntryPoint","urlTemplate":"https:\/\/tulsa-health.org\/es\/?s={search_term_string}"},"query-input":{"@type":"PropertyValueSpecification","valueRequired":true,"valueName":"search_term_string"}}],"inLanguage":"es-MX"}]}},"publishpress_future_workflow_manual_trigger":{"enabledWorkflows":[]},"_links":{"self":[{"href":"https:\/\/tulsa-health.org\/es\/wp-json\/wp\/v2\/pages\/1959","targetHints":{"allow":["GET"]}}],"collection":[{"href":"https:\/\/tulsa-health.org\/es\/wp-json\/wp\/v2\/pages"}],"about":[{"href":"https:\/\/tulsa-health.org\/es\/wp-json\/wp\/v2\/types\/page"}],"author":[{"embeddable":true,"href":"https:\/\/tulsa-health.org\/es\/wp-json\/wp\/v2\/users\/1"}],"replies":[{"embeddable":true,"href":"https:\/\/tulsa-health.org\/es\/wp-json\/wp\/v2\/comments?post=1959"}],"version-history":[{"count":0,"href":"https:\/\/tulsa-health.org\/es\/wp-json\/wp\/v2\/pages\/1959\/revisions"}],"up":[{"embeddable":true,"href":"https:\/\/tulsa-health.org\/es\/wp-json\/wp\/v2\/pages\/1908"}],"wp:featuredmedia":[{"embeddable":true,"href":"https:\/\/tulsa-health.org\/es\/wp-json\/wp\/v2\/media\/9932"}],"wp:attachment":[{"href":"https:\/\/tulsa-health.org\/es\/wp-json\/wp\/v2\/media?parent=1959"}],"curies":[{"name":"gracias","href":"https:\/\/api.w.org\/{rel}","templated":true}]}}