{"id":2399,"date":"2023-05-04T18:20:57","date_gmt":"2023-05-04T23:20:57","guid":{"rendered":"https:\/\/test.tulsa-health.org\/?page_id=2399"},"modified":"2023-12-20T19:01:52","modified_gmt":"2023-12-21T01:01:52","slug":"mold-info","status":"publish","type":"page","link":"https:\/\/tulsa-health.org\/es\/permits-inspections\/housing\/mold-info\/","title":{"rendered":"Informaci\u00f3n del molde"},"content":{"rendered":"<div data-elementor-type=\"wp-page\" data-elementor-id=\"2399\" class=\"elementor elementor-2399\" data-elementor-post-type=\"page\">\n\t\t\t\t\t\t<section class=\"elementor-section elementor-top-section elementor-element elementor-element-04ab813 elementor-section-full_width elementor-section-height-min-height elementor-section-height-default elementor-section-items-middle\" data-id=\"04ab813\" data-element_type=\"section\" data-e-type=\"section\" data-settings=\"{&quot;background_background&quot;:&quot;classic&quot;}\">\n\t\t\t\t\t\t<div class=\"elementor-container elementor-column-gap-no\">\n\t\t\t\t\t<div class=\"elementor-column elementor-col-100 elementor-top-column elementor-element elementor-element-b7523fa\" data-id=\"b7523fa\" data-element_type=\"column\" data-e-type=\"column\">\n\t\t\t<div class=\"elementor-widget-wrap\">\n\t\t\t\t\t\t\t<\/div>\n\t\t<\/div>\n\t\t\t\t\t<\/div>\n\t\t<\/section>\n\t\t\t\t<section class=\"elementor-section elementor-top-section elementor-element elementor-element-e29ec17 elementor-section-boxed elementor-section-height-default elementor-section-height-default\" data-id=\"e29ec17\" data-element_type=\"section\" data-e-type=\"section\" data-settings=\"{&quot;background_background&quot;:&quot;classic&quot;}\">\n\t\t\t\t\t\t<div class=\"elementor-container elementor-column-gap-default\">\n\t\t\t\t\t<div class=\"elementor-column elementor-col-100 elementor-top-column elementor-element elementor-element-3d7a138\" data-id=\"3d7a138\" data-element_type=\"column\" data-e-type=\"column\">\n\t\t\t<div class=\"elementor-widget-wrap elementor-element-populated\">\n\t\t\t\t\t\t<div class=\"elementor-element elementor-element-9aa9a28 elementor-widget elementor-widget-heading\" data-id=\"9aa9a28\" data-element_type=\"widget\" data-e-type=\"widget\" data-widget_type=\"heading.default\">\n\t\t\t\t<div class=\"elementor-widget-container\">\n\t\t\t\t\t<h1 class=\"elementor-heading-title elementor-size-default\">Informaci\u00f3n del molde<\/h1>\t\t\t\t<\/div>\n\t\t\t\t<\/div>\n\t\t\t\t<div class=\"elementor-element elementor-element-05c41d4 elementor-widget elementor-widget-text-editor\" data-id=\"05c41d4\" data-element_type=\"widget\" data-e-type=\"widget\" data-widget_type=\"text-editor.default\">\n\t\t\t\t<div class=\"elementor-widget-container\">\n\t\t\t\t\t\t\t\t\t<p>Aprenda c\u00f3mo el moho puede desencadenar enfermedades respiratorias y otros s\u00edntomas, descubra c\u00f3mo detectar su presencia y comprenda la importancia del control de la humedad para prevenir el crecimiento y la recontaminaci\u00f3n del moho.<\/p>\t\t\t\t\t\t\t\t<\/div>\n\t\t\t\t<\/div>\n\t\t\t\t\t<\/div>\n\t\t<\/div>\n\t\t\t\t\t<\/div>\n\t\t<\/section>\n\t\t\t\t<section class=\"elementor-section elementor-top-section elementor-element elementor-element-9cfd51b elementor-section-boxed elementor-section-height-default elementor-section-height-default\" data-id=\"9cfd51b\" data-element_type=\"section\" data-e-type=\"section\" data-settings=\"{&quot;background_background&quot;:&quot;classic&quot;}\">\n\t\t\t\t\t\t<div class=\"elementor-container elementor-column-gap-default\">\n\t\t\t\t\t<div class=\"elementor-column elementor-col-100 elementor-top-column elementor-element elementor-element-40bbfb4\" data-id=\"40bbfb4\" data-element_type=\"column\" data-e-type=\"column\">\n\t\t\t<div class=\"elementor-widget-wrap elementor-element-populated\">\n\t\t\t\t\t\t<div class=\"elementor-element elementor-element-ae62786 elementor-widget elementor-widget-text-editor\" data-id=\"ae62786\" data-element_type=\"widget\" data-e-type=\"widget\" data-widget_type=\"text-editor.default\">\n\t\t\t\t<div class=\"elementor-widget-container\">\n\t\t\t\t\t\t\t\t\t<p>El moho se produce naturalmente en nuestro medio ambiente. Todos vivimos con cierta exposici\u00f3n a \u00e9l. Aunque el moho no suele ser una causa importante de problemas de salud graves, puede causar o agravar diversas enfermedades respiratorias como asma, infecciones pulmonares por hongos, bronquitis y alergias. Las personas con inmunosupresi\u00f3n y enfermedades cr\u00f3nicas como la enfermedad pulmonar obstructiva son especialmente susceptibles.<\/p><p>Los s\u00edntomas de reacciones adversas al moho incluyen:<\/p><ul><li>Problemas respiratorios como sibilancias.<\/li><li>Congesti\u00f3n nasal y sinusal<\/li><li>Tos seca<\/li><li>Irritaci\u00f3n de nariz y garganta.<\/li><li>Dificultad para respirar<\/li><li>Irritaci\u00f3n de la piel<\/li><li>Achaques<\/li><li>Fiebre<\/li><\/ul><p>Adem\u00e1s, algunos mohos contienen micotoxinas que pueden presentar un peligro mayor que el de los mohos alerg\u00e9nicos o irritantes.<\/p><h2>Probablemente sabr\u00e1s si tienes un problema<\/h2><p>Por lo general, usted mismo podr\u00e1 darse cuenta si tiene un problema de moho. El crecimiento de moho generalmente parece una decoloraci\u00f3n que va del blanco al naranja y del verde al marr\u00f3n y al negro. Tiene un olor terroso y a humedad. Como regla general, si puede ver u oler moho, debe tomar medidas para eliminarlo y evitar la recontaminaci\u00f3n.<\/p><p>El Departamento de Salud de Tulsa no realiza pruebas para detectar la presencia o el tipo de moho en hogares, escuelas o negocios. Aunque algunas empresas privadas brindan este servicio, determinar los tipos de moho presentes no afecta las medidas correctivas. Todos los mohos deben considerarse iguales en lo que respecta a los posibles riesgos para la salud y su eliminaci\u00f3n.<\/p><h2>Det\u00e9n la humedad y acabar\u00e1s con los problemas de moho<\/h2><p>El moho requiere humedad y material org\u00e1nico para crecer. En la mayor\u00eda de los casos, el moho se puede eliminar limpiando y desinfectando el \u00e1rea. Para obtener m\u00e1s informaci\u00f3n sobre la limpieza del moho, descargue nuestra hoja informativa. Los materiales porosos impregnados de moho, como l\u00e1minas de roca, tejas, alfombras y productos de madera, se pueden quitar y desechar. Es imperativo que identifique y corrija la fuente de humedad del moho para evitar la recontaminaci\u00f3n.<\/p><p>Actualmente, el Departamento de Salud de Tulsa desconoce cualquier reglamentaci\u00f3n ambiental o de salud federal, estatal o local relacionada con la contaminaci\u00f3n por moho. Como tal, ni el THD, el Departamento de Calidad Ambiental ni la Agencia de Protecci\u00f3n Ambiental pueden exigir que el propietario de un edificio o propiedad remedie los problemas de moho.<\/p><p><strong>Recursos Relacionados<\/strong><\/p><ul><li>Departamento de Salud de Tulsa <a href=\"\/wp-content\/uploads\/2023\/05\/Mold-Fact-Sheet-THD.pdf\">Hoja informativa sobre el moho<\/a><\/li><li>El\u00a0<a href=\"http:\/\/www.cdc.gov\/mold\/\">Sitio web de moho de los CDC<\/a>\u00a0proporciona informaci\u00f3n sobre el moho y la salud, un inventario de programas estatales de calidad del aire interior, consejos sobre evaluaci\u00f3n, esfuerzos de limpieza y prevenci\u00f3n del crecimiento de moho, y enlaces a recursos.<\/li><\/ul>\t\t\t\t\t\t\t\t<\/div>\n\t\t\t\t<\/div>\n\t\t\t\t\t<\/div>\n\t\t<\/div>\n\t\t\t\t\t<\/div>\n\t\t<\/section>\n\t\t\t\t<section class=\"elementor-section elementor-top-section elementor-element elementor-element-d31dbed elementor-section-full_width elementor-section-height-default elementor-section-height-default\" data-id=\"d31dbed\" data-element_type=\"section\" data-e-type=\"section\">\n\t\t\t\t\t\t<div class=\"elementor-container elementor-column-gap-default\">\n\t\t\t\t\t<div class=\"elementor-column elementor-col-100 elementor-top-column elementor-element elementor-element-e30916f\" data-id=\"e30916f\" data-element_type=\"column\" data-e-type=\"column\">\n\t\t\t<div class=\"elementor-widget-wrap elementor-element-populated\">\n\t\t\t\t\t\t<div class=\"elementor-element elementor-element-7aed709 elementor-widget elementor-widget-shortcode\" data-id=\"7aed709\" data-element_type=\"widget\" data-e-type=\"widget\" data-widget_type=\"shortcode.default\">\n\t\t\t\t<div class=\"elementor-widget-container\">\n\t\t\t\t\t\t\t<div class=\"elementor-shortcode\">\t\t<div data-elementor-type=\"section\" data-elementor-id=\"4934\" class=\"elementor elementor-4934\" data-elementor-post-type=\"elementor_library\">\n\t\t\t\t\t<section class=\"elementor-section elementor-top-section elementor-element elementor-element-4469b59d elementor-section-stretched elementor-section-boxed elementor-section-height-default elementor-section-height-default\" data-id=\"4469b59d\" data-element_type=\"section\" data-e-type=\"section\" data-settings=\"{&quot;background_background&quot;:&quot;classic&quot;,&quot;stretch_section&quot;:&quot;section-stretched&quot;}\">\n\t\t\t\t\t\t\t<div class=\"elementor-background-overlay\"><\/div>\n\t\t\t\t\t\t\t<div class=\"elementor-container elementor-column-gap-default\">\n\t\t\t\t\t<div class=\"elementor-column elementor-col-100 elementor-top-column elementor-element elementor-element-615ea353\" data-id=\"615ea353\" data-element_type=\"column\" data-e-type=\"column\">\n\t\t\t<div class=\"elementor-widget-wrap elementor-element-populated\">\n\t\t\t\t\t\t<div class=\"elementor-element elementor-element-bdb2691 elementor-widget elementor-widget-heading\" data-id=\"bdb2691\" data-element_type=\"widget\" data-e-type=\"widget\" data-widget_type=\"heading.default\">\n\t\t\t\t<div class=\"elementor-widget-container\">\n\t\t\t\t\t<h5 class=\"elementor-heading-title elementor-size-default\">UBICACIONES<\/h5>\t\t\t\t<\/div>\n\t\t\t\t<\/div>\n\t\t\t\t<div class=\"elementor-element elementor-element-00f74f9 elementor-widget elementor-widget-text-editor\" data-id=\"00f74f9\" data-element_type=\"widget\" data-e-type=\"widget\" data-widget_type=\"text-editor.default\">\n\t\t\t\t<div class=\"elementor-widget-container\">\n\t\t\t\t\t\t\t\t\t<p>Tenemos 9 ubicaciones en todo el condado de Tulsa que ofrecen una variedad de servicios para ayudarlo a usted y a su familia a mantenerse saludables.<\/p>\t\t\t\t\t\t\t\t<\/div>\n\t\t\t\t<\/div>\n\t\t\t\t<div class=\"elementor-element elementor-element-fd63501 elementor-align-center secondary elementor-widget elementor-widget-button\" data-id=\"fd63501\" data-element_type=\"widget\" data-e-type=\"widget\" data-widget_type=\"button.default\">\n\t\t\t\t<div class=\"elementor-widget-container\">\n\t\t\t\t\t\t\t\t\t<div class=\"elementor-button-wrapper\">\n\t\t\t\t\t<a class=\"elementor-button elementor-button-link elementor-size-sm\" href=\"\/es\/locations\/\">\n\t\t\t\t\t\t<span class=\"elementor-button-content-wrapper\">\n\t\t\t\t\t\t\t\t\t<span class=\"elementor-button-text\">Encuentra la tuya<\/span>\n\t\t\t\t\t<\/span>\n\t\t\t\t\t<\/a>\n\t\t\t\t<\/div>\n\t\t\t\t\t\t\t\t<\/div>\n\t\t\t\t<\/div>\n\t\t\t\t\t<\/div>\n\t\t<\/div>\n\t\t\t\t\t<\/div>\n\t\t<\/section>\n\t\t\t\t<\/div>\n\t\t<\/div>\n\t\t\t\t\t\t<\/div>\n\t\t\t\t<\/div>\n\t\t\t\t\t<\/div>\n\t\t<\/div>\n\t\t\t\t\t<\/div>\n\t\t<\/section>\n\t\t\t\t<\/div>","protected":false},"excerpt":{"rendered":"<p>Mold Info Learn how mold can trigger respiratory diseases and other symptoms, discover how to detect its presence, and understand the importance of moisture control in preventing mold growth and recontamination. Mold occurs naturally in our environment. We all live with some exposure to it. Though mold is typically not a major cause of serious [&hellip;]<\/p>\n","protected":false},"author":1,"featured_media":10339,"parent":2355,"menu_order":0,"comment_status":"closed","ping_status":"closed","template":"elementor_header_footer","meta":{"_acf_changed":false,"footnotes":""},"class_list":["post-2399","page","type-page","status-publish","has-post-thumbnail","hentry"],"acf":[],"yoast_head":"<!-- This site is optimized with the Yoast SEO plugin v27.4 - https:\/\/yoast.com\/product\/yoast-seo-wordpress\/ -->\n<title>Mold Info - Tulsa Health Department<\/title>\n<meta name=\"description\" content=\"Mold can trigger respiratory diseases. Discover how to detect its presence, and understand the importance of moisture control in preventing mold growth.\" \/>\n<meta name=\"robots\" content=\"index, follow, max-snippet:-1, max-image-preview:large, max-video-preview:-1\" \/>\n<link rel=\"canonical\" href=\"https:\/\/tulsa-health.org\/es\/permits-inspections\/housing\/mold-info\/\" \/>\n<meta property=\"og:locale\" content=\"es_MX\" \/>\n<meta property=\"og:type\" content=\"article\" \/>\n<meta property=\"og:title\" content=\"Mold Info - Tulsa Health Department\" \/>\n<meta property=\"og:description\" content=\"Mold can trigger respiratory diseases. Discover how to detect its presence, and understand the importance of moisture control in preventing mold growth.\" \/>\n<meta property=\"og:url\" content=\"https:\/\/tulsa-health.org\/es\/permits-inspections\/housing\/mold-info\/\" \/>\n<meta property=\"og:site_name\" content=\"Tulsa Health Department\" \/>\n<meta property=\"article:modified_time\" content=\"2023-12-21T01:01:52+00:00\" \/>\n<meta property=\"og:image\" content=\"https:\/\/tulsa-health.org\/wp-content\/uploads\/2023\/07\/MoldInfo-2371421_P_Housework.jpg\" \/>\n\t<meta property=\"og:image:width\" content=\"1473\" \/>\n\t<meta property=\"og:image:height\" content=\"1080\" \/>\n\t<meta property=\"og:image:type\" content=\"image\/jpeg\" \/>\n<meta name=\"twitter:card\" content=\"summary_large_image\" \/>\n<meta name=\"twitter:label1\" content=\"Tiempo de lectura\" \/>\n\t<meta name=\"twitter:data1\" content=\"3 minutes\" \/>\n<script type=\"application\/ld+json\" class=\"yoast-schema-graph\">{\"@context\":\"https:\\\/\\\/schema.org\",\"@graph\":[{\"@type\":\"WebPage\",\"@id\":\"https:\\\/\\\/tulsa-health.org\\\/permits-inspections\\\/housing\\\/mold-info\\\/\",\"url\":\"https:\\\/\\\/tulsa-health.org\\\/permits-inspections\\\/housing\\\/mold-info\\\/\",\"name\":\"Mold Info - Tulsa Health Department\",\"isPartOf\":{\"@id\":\"https:\\\/\\\/tulsa-health.org\\\/es\\\/#website\"},\"primaryImageOfPage\":{\"@id\":\"https:\\\/\\\/tulsa-health.org\\\/permits-inspections\\\/housing\\\/mold-info\\\/#primaryimage\"},\"image\":{\"@id\":\"https:\\\/\\\/tulsa-health.org\\\/permits-inspections\\\/housing\\\/mold-info\\\/#primaryimage\"},\"thumbnailUrl\":\"https:\\\/\\\/tulsa-health.org\\\/wp-content\\\/uploads\\\/2023\\\/07\\\/MoldInfo-2371421_P_Housework.jpg\",\"datePublished\":\"2023-05-04T23:20:57+00:00\",\"dateModified\":\"2023-12-21T01:01:52+00:00\",\"description\":\"Mold can trigger respiratory diseases. Discover how to detect its presence, and understand the importance of moisture control in preventing mold growth.\",\"breadcrumb\":{\"@id\":\"https:\\\/\\\/tulsa-health.org\\\/permits-inspections\\\/housing\\\/mold-info\\\/#breadcrumb\"},\"inLanguage\":\"es-MX\",\"potentialAction\":[{\"@type\":\"ReadAction\",\"target\":[\"https:\\\/\\\/tulsa-health.org\\\/permits-inspections\\\/housing\\\/mold-info\\\/\"]}]},{\"@type\":\"ImageObject\",\"inLanguage\":\"es-MX\",\"@id\":\"https:\\\/\\\/tulsa-health.org\\\/permits-inspections\\\/housing\\\/mold-info\\\/#primaryimage\",\"url\":\"https:\\\/\\\/tulsa-health.org\\\/wp-content\\\/uploads\\\/2023\\\/07\\\/MoldInfo-2371421_P_Housework.jpg\",\"contentUrl\":\"https:\\\/\\\/tulsa-health.org\\\/wp-content\\\/uploads\\\/2023\\\/07\\\/MoldInfo-2371421_P_Housework.jpg\",\"width\":1473,\"height\":1080,\"caption\":\"Rubber glove scrubbing tiles for mold\"},{\"@type\":\"BreadcrumbList\",\"@id\":\"https:\\\/\\\/tulsa-health.org\\\/permits-inspections\\\/housing\\\/mold-info\\\/#breadcrumb\",\"itemListElement\":[{\"@type\":\"ListItem\",\"position\":1,\"name\":\"Home\",\"item\":\"https:\\\/\\\/tulsa-health.org\\\/\"},{\"@type\":\"ListItem\",\"position\":2,\"name\":\"Permits &#038; Inspections\",\"item\":\"https:\\\/\\\/tulsa-health.org\\\/permits-inspections\\\/\"},{\"@type\":\"ListItem\",\"position\":3,\"name\":\"Housing\",\"item\":\"https:\\\/\\\/tulsa-health.org\\\/permits-inspections\\\/housing\\\/\"},{\"@type\":\"ListItem\",\"position\":4,\"name\":\"Mold Info\"}]},{\"@type\":\"WebSite\",\"@id\":\"https:\\\/\\\/tulsa-health.org\\\/es\\\/#website\",\"url\":\"https:\\\/\\\/tulsa-health.org\\\/es\\\/\",\"name\":\"Tulsa Health Department\",\"description\":\"Clinical Services, Immunizations, Permits and More | Tulsa Health Department\",\"potentialAction\":[{\"@type\":\"SearchAction\",\"target\":{\"@type\":\"EntryPoint\",\"urlTemplate\":\"https:\\\/\\\/tulsa-health.org\\\/es\\\/?s={search_term_string}\"},\"query-input\":{\"@type\":\"PropertyValueSpecification\",\"valueRequired\":true,\"valueName\":\"search_term_string\"}}],\"inLanguage\":\"es-MX\"}]}<\/script>\n<!-- \/ Yoast SEO plugin. -->","yoast_head_json":{"title":"Informaci\u00f3n sobre el moho - Departamento de Salud de Tulsa","description":"El moho puede provocar enfermedades respiratorias. Descubra c\u00f3mo detectar su presencia y comprenda la importancia del control de la humedad para prevenir su crecimiento.","robots":{"index":"index","follow":"follow","max-snippet":"max-snippet:-1","max-image-preview":"max-image-preview:large","max-video-preview":"max-video-preview:-1"},"canonical":"https:\/\/tulsa-health.org\/es\/permits-inspections\/housing\/mold-info\/","og_locale":"es_MX","og_type":"article","og_title":"Mold Info - Tulsa Health Department","og_description":"Mold can trigger respiratory diseases. Discover how to detect its presence, and understand the importance of moisture control in preventing mold growth.","og_url":"https:\/\/tulsa-health.org\/es\/permits-inspections\/housing\/mold-info\/","og_site_name":"Tulsa Health Department","article_modified_time":"2023-12-21T01:01:52+00:00","og_image":[{"width":1473,"height":1080,"url":"https:\/\/tulsa-health.org\/wp-content\/uploads\/2023\/07\/MoldInfo-2371421_P_Housework.jpg","type":"image\/jpeg"}],"twitter_card":"summary_large_image","twitter_misc":{"Tiempo de lectura":"3 minutes"},"schema":{"@context":"https:\/\/schema.org","@graph":[{"@type":"WebPage","@id":"https:\/\/tulsa-health.org\/permits-inspections\/housing\/mold-info\/","url":"https:\/\/tulsa-health.org\/permits-inspections\/housing\/mold-info\/","name":"Informaci\u00f3n sobre el moho - Departamento de Salud de Tulsa","isPartOf":{"@id":"https:\/\/tulsa-health.org\/es\/#website"},"primaryImageOfPage":{"@id":"https:\/\/tulsa-health.org\/permits-inspections\/housing\/mold-info\/#primaryimage"},"image":{"@id":"https:\/\/tulsa-health.org\/permits-inspections\/housing\/mold-info\/#primaryimage"},"thumbnailUrl":"https:\/\/tulsa-health.org\/wp-content\/uploads\/2023\/07\/MoldInfo-2371421_P_Housework.jpg","datePublished":"2023-05-04T23:20:57+00:00","dateModified":"2023-12-21T01:01:52+00:00","description":"El moho puede provocar enfermedades respiratorias. Descubra c\u00f3mo detectar su presencia y comprenda la importancia del control de la humedad para prevenir su crecimiento.","breadcrumb":{"@id":"https:\/\/tulsa-health.org\/permits-inspections\/housing\/mold-info\/#breadcrumb"},"inLanguage":"es-MX","potentialAction":[{"@type":"ReadAction","target":["https:\/\/tulsa-health.org\/permits-inspections\/housing\/mold-info\/"]}]},{"@type":"ImageObject","inLanguage":"es-MX","@id":"https:\/\/tulsa-health.org\/permits-inspections\/housing\/mold-info\/#primaryimage","url":"https:\/\/tulsa-health.org\/wp-content\/uploads\/2023\/07\/MoldInfo-2371421_P_Housework.jpg","contentUrl":"https:\/\/tulsa-health.org\/wp-content\/uploads\/2023\/07\/MoldInfo-2371421_P_Housework.jpg","width":1473,"height":1080,"caption":"Rubber glove scrubbing tiles for mold"},{"@type":"BreadcrumbList","@id":"https:\/\/tulsa-health.org\/permits-inspections\/housing\/mold-info\/#breadcrumb","itemListElement":[{"@type":"ListItem","position":1,"name":"Home","item":"https:\/\/tulsa-health.org\/"},{"@type":"ListItem","position":2,"name":"Permits &#038; Inspections","item":"https:\/\/tulsa-health.org\/permits-inspections\/"},{"@type":"ListItem","position":3,"name":"Housing","item":"https:\/\/tulsa-health.org\/permits-inspections\/housing\/"},{"@type":"ListItem","position":4,"name":"Mold Info"}]},{"@type":"WebSite","@id":"https:\/\/tulsa-health.org\/es\/#website","url":"https:\/\/tulsa-health.org\/es\/","name":"Departamento de Salud de Tulsa","description":"Servicios cl\u00ednicos, vacunas, permisos y m\u00e1s | Departamento de Salud de Tulsa","potentialAction":[{"@type":"SearchAction","target":{"@type":"EntryPoint","urlTemplate":"https:\/\/tulsa-health.org\/es\/?s={search_term_string}"},"query-input":{"@type":"PropertyValueSpecification","valueRequired":true,"valueName":"search_term_string"}}],"inLanguage":"es-MX"}]}},"publishpress_future_workflow_manual_trigger":{"enabledWorkflows":[]},"_links":{"self":[{"href":"https:\/\/tulsa-health.org\/es\/wp-json\/wp\/v2\/pages\/2399","targetHints":{"allow":["GET"]}}],"collection":[{"href":"https:\/\/tulsa-health.org\/es\/wp-json\/wp\/v2\/pages"}],"about":[{"href":"https:\/\/tulsa-health.org\/es\/wp-json\/wp\/v2\/types\/page"}],"author":[{"embeddable":true,"href":"https:\/\/tulsa-health.org\/es\/wp-json\/wp\/v2\/users\/1"}],"replies":[{"embeddable":true,"href":"https:\/\/tulsa-health.org\/es\/wp-json\/wp\/v2\/comments?post=2399"}],"version-history":[{"count":0,"href":"https:\/\/tulsa-health.org\/es\/wp-json\/wp\/v2\/pages\/2399\/revisions"}],"up":[{"embeddable":true,"href":"https:\/\/tulsa-health.org\/es\/wp-json\/wp\/v2\/pages\/2355"}],"wp:featuredmedia":[{"embeddable":true,"href":"https:\/\/tulsa-health.org\/es\/wp-json\/wp\/v2\/media\/10339"}],"wp:attachment":[{"href":"https:\/\/tulsa-health.org\/es\/wp-json\/wp\/v2\/media?parent=2399"}],"curies":[{"name":"gracias","href":"https:\/\/api.w.org\/{rel}","templated":true}]}}