{"id":1658,"date":"2023-05-02T16:03:34","date_gmt":"2023-05-02T21:03:34","guid":{"rendered":"https:\/\/test.tulsa-health.org\/?page_id=1658"},"modified":"2023-12-20T19:24:14","modified_gmt":"2023-12-21T01:24:14","slug":"contraceptives","status":"publish","type":"page","link":"https:\/\/tulsa-health.org\/fr\/services\/family-health-services\/adult-health\/contraceptives\/","title":{"rendered":"Contraceptifs"},"content":{"rendered":"<div data-elementor-type=\"wp-page\" data-elementor-id=\"1658\" class=\"elementor elementor-1658\" data-elementor-post-type=\"page\">\n\t\t\t\t\t\t<section class=\"elementor-section elementor-top-section elementor-element elementor-element-32f25e6 elementor-section-full_width elementor-section-height-min-height elementor-section-height-default elementor-section-items-middle\" data-id=\"32f25e6\" data-element_type=\"section\" data-e-type=\"section\" data-settings=\"{&quot;background_background&quot;:&quot;classic&quot;}\">\n\t\t\t\t\t\t<div class=\"elementor-container elementor-column-gap-no\">\n\t\t\t\t\t<div class=\"elementor-column elementor-col-100 elementor-top-column elementor-element elementor-element-c8e22e8\" data-id=\"c8e22e8\" data-element_type=\"column\" data-e-type=\"column\">\n\t\t\t<div class=\"elementor-widget-wrap\">\n\t\t\t\t\t\t\t<\/div>\n\t\t<\/div>\n\t\t\t\t\t<\/div>\n\t\t<\/section>\n\t\t\t\t<section class=\"elementor-section elementor-top-section elementor-element elementor-element-89b5306 elementor-section-boxed elementor-section-height-default elementor-section-height-default\" data-id=\"89b5306\" data-element_type=\"section\" data-e-type=\"section\" data-settings=\"{&quot;background_background&quot;:&quot;classic&quot;}\">\n\t\t\t\t\t\t<div class=\"elementor-container elementor-column-gap-default\">\n\t\t\t\t\t<div class=\"elementor-column elementor-col-100 elementor-top-column elementor-element elementor-element-84849f1\" data-id=\"84849f1\" data-element_type=\"column\" data-e-type=\"column\">\n\t\t\t<div class=\"elementor-widget-wrap elementor-element-populated\">\n\t\t\t\t\t\t<div class=\"elementor-element elementor-element-55b018b elementor-widget elementor-widget-heading\" data-id=\"55b018b\" data-element_type=\"widget\" data-e-type=\"widget\" data-widget_type=\"heading.default\">\n\t\t\t\t<div class=\"elementor-widget-container\">\n\t\t\t\t\t<h1 class=\"elementor-heading-title elementor-size-default\">Contraceptifs<\/h1>\t\t\t\t<\/div>\n\t\t\t\t<\/div>\n\t\t\t\t<div class=\"elementor-element elementor-element-3dc6f5d elementor-widget elementor-widget-text-editor\" data-id=\"3dc6f5d\" data-element_type=\"widget\" data-e-type=\"widget\" data-widget_type=\"text-editor.default\">\n\t\t\t\t<div class=\"elementor-widget-container\">\n\t\t\t\t\t\t\t\t\t<p>Acc\u00e9dez \u00e0 des services de planification familiale confidentiels et bas\u00e9s sur le revenu pour les hommes et les femmes et d\u00e9couvrez les diff\u00e9rentes options de contraception et les conseils de sant\u00e9 avant et pendant la grossesse.<\/p>\t\t\t\t\t\t\t\t<\/div>\n\t\t\t\t<\/div>\n\t\t\t\t\t<\/div>\n\t\t<\/div>\n\t\t\t\t\t<\/div>\n\t\t<\/section>\n\t\t\t\t<section class=\"elementor-section elementor-top-section elementor-element elementor-element-90108c7 elementor-section-boxed elementor-section-height-default elementor-section-height-default\" data-id=\"90108c7\" data-element_type=\"section\" data-e-type=\"section\" data-settings=\"{&quot;background_background&quot;:&quot;classic&quot;}\">\n\t\t\t\t\t\t<div class=\"elementor-container elementor-column-gap-default\">\n\t\t\t\t\t<div class=\"elementor-column elementor-col-100 elementor-top-column elementor-element elementor-element-6f642e9\" data-id=\"6f642e9\" data-element_type=\"column\" data-e-type=\"column\">\n\t\t\t<div class=\"elementor-widget-wrap elementor-element-populated\">\n\t\t\t\t\t\t<div class=\"elementor-element elementor-element-e068f57 elementor-widget elementor-widget-text-editor\" data-id=\"e068f57\" data-element_type=\"widget\" data-e-type=\"widget\" data-widget_type=\"text-editor.default\">\n\t\t\t\t<div class=\"elementor-widget-container\">\n\t\t\t\t\t\t\t\t\t<h2>Services de planification familiale au THD\u200b<\/h2><p>Le d\u00e9partement de sant\u00e9 de Tulsa fournit des services de planification familiale de qualit\u00e9 aux hommes et aux femmes en \u00e2ge de procr\u00e9er. Les participants sont inform\u00e9s et inform\u00e9s de leurs options en mati\u00e8re de contr\u00f4le des naissances, y compris l&#039;abstinence et la sensibilisation \u00e0 la fertilit\u00e9 en mati\u00e8re de planification familiale naturelle. Les services de planification familiale sont confidentiels et propos\u00e9s en anglais, espagnol et birman.<\/p><p>Le d\u00e9partement de sant\u00e9 de Tulsa se consacre \u00e0 fournir des services \u00e0 l&#039;ensemble de la communaut\u00e9. Les tarifs du service sont bas\u00e9s sur la taille de la famille et le revenu. SoonerCare et certaines assurances priv\u00e9es sont accept\u00e9es. Personne ne se voit refuser des services en raison de son incapacit\u00e9 de payer.<\/p><h2>Clinique pour adolescents<\/h2><p>Les adolescents sont confront\u00e9s \u00e0 des obstacles structurels et interpersonnels plus importants que les adultes en mati\u00e8re de soins de sant\u00e9. Dans le but de r\u00e9duire les obstacles aux soins et de fournir aux adolescents un excellent service, le d\u00e9partement de sant\u00e9 de Tulsa s&#039;est associ\u00e9 au\u00a0<a href=\"http:\/\/tulsacampaign.org\/\">Campagne de Tulsa pour pr\u00e9venir la grossesse chez les adolescentes<\/a>\u00a0pour rendre nos cliniques plus conviviales pour les adolescents. Notre objectif est d&#039;attirer et de retenir davantage d&#039;adolescentes dans le but de pr\u00e9venir les grossesses chez les adolescentes dans le comt\u00e9 de Tulsa.<\/p><p>Des services de sant\u00e9 reproductive r\u00e9serv\u00e9s aux adolescents sont disponibles tous les lundis de 16h00 \u00e0 18h00 au Centre r\u00e9gional de sant\u00e9 et de bien-\u00eatre du Nord situ\u00e9 au 5635 North Martin Luther King Jr. Boulevard.<\/p><h2>Services de planification familiale pour les femmes<\/h2><ul><li>Examens physiques qui peuvent inclure<\/li><li>Test Pap<\/li><li>Examen des seins<\/li><li>D\u00e9pistage, tests et traitement des IST<\/li><li>Informations et fournitures sur le contr\u00f4le des naissances<\/li><li>Tests et conseils de grossesse<\/li><\/ul><p>R\u00e9f\u00e9rences au besoin<\/p><h2>Services de planification familiale pour les hommes<\/h2><ul><li>Examens physiques qui peuvent inclure<\/li><li>Examen testiculaire<\/li><li>D\u00e9pistage, tests et traitement des IST<\/li><li>\u00c9ducation et conseils sur la pr\u00e9vention de la grossesse<\/li><li>MST<\/li><\/ul><h2>Avant et entre la grossesse<\/h2><ul><li>De nombreux facteurs affectent notre sant\u00e9 et jouent un r\u00f4le dans la naissance d\u2019un b\u00e9b\u00e9 en bonne sant\u00e9. Que vous planifiiez ou non une grossesse, suivez ces conseils de sant\u00e9\u00a0:<\/li><li>Prenez une multivitamine avec de l&#039;acide folique<\/li><li>Connaissez vos ant\u00e9c\u00e9dents m\u00e9dicaux familiaux<\/li><li>Vivez un mode de vie sain<\/li><li>Faites des choix alimentaires sains<\/li><li>Obtenez des bilans de sant\u00e9 r\u00e9guliers<\/li><li>Maintenir une bonne sant\u00e9 mentale<\/li><li>Connaissez vos risques de grossesse<\/li><\/ul><h2>Contraceptifs disponibles<\/h2><ul><li>Pr\u00e9servatif masculin en latex<\/li><li>Spericides vaginaux<\/li><li>DIU (Dispositif intra-ut\u00e9rin)<\/li><li>Implant<\/li><li>D\u00e9po-Provera injectable<\/li><li>Pilules contraceptives<\/li><li>Anneau Nuva<\/li><li>Patch de contr\u00f4le des naissances<\/li><li>**Ligature des trompes (st\u00e9rilisation f\u00e9minine)<\/li><li>**Vasectomie (St\u00e9rilisation masculine)<\/li><\/ul><p><em>**Les frais de st\u00e9rilisation sont bas\u00e9s sur les crit\u00e8res d&#039;\u00e9ligibilit\u00e9<\/em><\/p>\t\t\t\t\t\t\t\t<\/div>\n\t\t\t\t<\/div>\n\t\t\t\t\t<\/div>\n\t\t<\/div>\n\t\t\t\t\t<\/div>\n\t\t<\/section>\n\t\t\t\t<section class=\"elementor-section elementor-top-section elementor-element elementor-element-a6a2161 elementor-section-full_width elementor-section-height-default elementor-section-height-default\" data-id=\"a6a2161\" data-element_type=\"section\" data-e-type=\"section\">\n\t\t\t\t\t\t<div class=\"elementor-container elementor-column-gap-default\">\n\t\t\t\t\t<div class=\"elementor-column elementor-col-100 elementor-top-column elementor-element elementor-element-f7593f4\" data-id=\"f7593f4\" data-element_type=\"column\" data-e-type=\"column\">\n\t\t\t<div class=\"elementor-widget-wrap elementor-element-populated\">\n\t\t\t\t\t\t<div class=\"elementor-element elementor-element-6b5aea7 elementor-widget elementor-widget-shortcode\" data-id=\"6b5aea7\" data-element_type=\"widget\" data-e-type=\"widget\" data-widget_type=\"shortcode.default\">\n\t\t\t\t<div class=\"elementor-widget-container\">\n\t\t\t\t\t\t\t<div class=\"elementor-shortcode\">\t\t<div data-elementor-type=\"section\" data-elementor-id=\"4934\" class=\"elementor elementor-4934\" data-elementor-post-type=\"elementor_library\">\n\t\t\t\t\t<section class=\"elementor-section elementor-top-section elementor-element elementor-element-4469b59d elementor-section-stretched elementor-section-boxed elementor-section-height-default elementor-section-height-default\" data-id=\"4469b59d\" data-element_type=\"section\" data-e-type=\"section\" data-settings=\"{&quot;background_background&quot;:&quot;classic&quot;,&quot;stretch_section&quot;:&quot;section-stretched&quot;}\">\n\t\t\t\t\t\t\t<div class=\"elementor-background-overlay\"><\/div>\n\t\t\t\t\t\t\t<div class=\"elementor-container elementor-column-gap-default\">\n\t\t\t\t\t<div class=\"elementor-column elementor-col-100 elementor-top-column elementor-element elementor-element-615ea353\" data-id=\"615ea353\" data-element_type=\"column\" data-e-type=\"column\">\n\t\t\t<div class=\"elementor-widget-wrap elementor-element-populated\">\n\t\t\t\t\t\t<div class=\"elementor-element elementor-element-bdb2691 elementor-widget elementor-widget-heading\" data-id=\"bdb2691\" data-element_type=\"widget\" data-e-type=\"widget\" data-widget_type=\"heading.default\">\n\t\t\t\t<div class=\"elementor-widget-container\">\n\t\t\t\t\t<h5 class=\"elementor-heading-title elementor-size-default\">EMPLACEMENTS<\/h5>\t\t\t\t<\/div>\n\t\t\t\t<\/div>\n\t\t\t\t<div class=\"elementor-element elementor-element-00f74f9 elementor-widget elementor-widget-text-editor\" data-id=\"00f74f9\" data-element_type=\"widget\" data-e-type=\"widget\" data-widget_type=\"text-editor.default\">\n\t\t\t\t<div class=\"elementor-widget-container\">\n\t\t\t\t\t\t\t\t\t<p>Nous avons 9 sites dans le comt\u00e9 de Tulsa qui offrent une vari\u00e9t\u00e9 de services pour vous aider, vous et votre famille, \u00e0 rester en bonne sant\u00e9.<\/p>\t\t\t\t\t\t\t\t<\/div>\n\t\t\t\t<\/div>\n\t\t\t\t<div class=\"elementor-element elementor-element-fd63501 elementor-align-center secondary elementor-widget elementor-widget-button\" data-id=\"fd63501\" data-element_type=\"widget\" data-e-type=\"widget\" data-widget_type=\"button.default\">\n\t\t\t\t<div class=\"elementor-widget-container\">\n\t\t\t\t\t\t\t\t\t<div class=\"elementor-button-wrapper\">\n\t\t\t\t\t<a class=\"elementor-button elementor-button-link elementor-size-sm\" href=\"\/fr\/locations\/\">\n\t\t\t\t\t\t<span class=\"elementor-button-content-wrapper\">\n\t\t\t\t\t\t\t\t\t<span class=\"elementor-button-text\">Trouvez le v\u00f4tre<\/span>\n\t\t\t\t\t<\/span>\n\t\t\t\t\t<\/a>\n\t\t\t\t<\/div>\n\t\t\t\t\t\t\t\t<\/div>\n\t\t\t\t<\/div>\n\t\t\t\t\t<\/div>\n\t\t<\/div>\n\t\t\t\t\t<\/div>\n\t\t<\/section>\n\t\t\t\t<\/div>\n\t\t<\/div>\n\t\t\t\t\t\t<\/div>\n\t\t\t\t<\/div>\n\t\t\t\t\t<\/div>\n\t\t<\/div>\n\t\t\t\t\t<\/div>\n\t\t<\/section>\n\t\t\t\t<\/div>","protected":false},"excerpt":{"rendered":"<p>Contraceptives Access confidential, income-based family planning services for males and females and learn about different contraceptive options and health tips for before and during pregnancy. Family Planning Services at THD\u200b The Tulsa Health Department provides quality family planning services to males and females of reproductive age.\u00a0 Participants are informed of and educated about their options [&hellip;]<\/p>\n","protected":false},"author":1,"featured_media":10024,"parent":1605,"menu_order":0,"comment_status":"closed","ping_status":"closed","template":"elementor_header_footer","meta":{"_acf_changed":false,"footnotes":""},"class_list":["post-1658","page","type-page","status-publish","has-post-thumbnail","hentry"],"acf":[],"yoast_head":"<!-- This site is optimized with the Yoast SEO plugin v27.4 - https:\/\/yoast.com\/product\/yoast-seo-wordpress\/ -->\n<title>Contraceptives - Tulsa Health Department<\/title>\n<meta name=\"description\" content=\"Access confidential, income-based family planning services for males and females and learn about different contraceptive options and health tips for before and during pregnancy.\" \/>\n<meta name=\"robots\" content=\"index, follow, max-snippet:-1, max-image-preview:large, max-video-preview:-1\" \/>\n<link rel=\"canonical\" href=\"https:\/\/tulsa-health.org\/fr\/services\/family-health-services\/adult-health\/contraceptives\/\" \/>\n<meta property=\"og:locale\" content=\"fr_FR\" \/>\n<meta property=\"og:type\" content=\"article\" \/>\n<meta property=\"og:title\" content=\"Contraceptives - Tulsa Health Department\" \/>\n<meta property=\"og:description\" content=\"Access confidential, income-based family planning services for males and females and learn about different contraceptive options and health tips for before and during pregnancy.\" \/>\n<meta property=\"og:url\" content=\"https:\/\/tulsa-health.org\/fr\/services\/family-health-services\/adult-health\/contraceptives\/\" \/>\n<meta property=\"og:site_name\" content=\"Tulsa Health Department\" \/>\n<meta property=\"article:modified_time\" content=\"2023-12-21T01:24:14+00:00\" \/>\n<meta property=\"og:image\" content=\"https:\/\/tulsa-health.org\/wp-content\/uploads\/2023\/07\/GettyImages-1296779721.jpg\" \/>\n\t<meta property=\"og:image:width\" content=\"2119\" \/>\n\t<meta property=\"og:image:height\" content=\"1414\" \/>\n\t<meta property=\"og:image:type\" content=\"image\/jpeg\" \/>\n<meta name=\"twitter:card\" content=\"summary_large_image\" \/>\n<meta name=\"twitter:label1\" content=\"Dur\u00e9e de lecture estim\u00e9e\" \/>\n\t<meta name=\"twitter:data1\" content=\"2 minutes\" \/>\n<script type=\"application\/ld+json\" class=\"yoast-schema-graph\">{\"@context\":\"https:\\\/\\\/schema.org\",\"@graph\":[{\"@type\":\"WebPage\",\"@id\":\"https:\\\/\\\/tulsa-health.org\\\/services\\\/family-health-services\\\/adult-health\\\/contraceptives\\\/\",\"url\":\"https:\\\/\\\/tulsa-health.org\\\/services\\\/family-health-services\\\/adult-health\\\/contraceptives\\\/\",\"name\":\"Contraceptives - Tulsa Health Department\",\"isPartOf\":{\"@id\":\"https:\\\/\\\/tulsa-health.org\\\/es\\\/#website\"},\"primaryImageOfPage\":{\"@id\":\"https:\\\/\\\/tulsa-health.org\\\/services\\\/family-health-services\\\/adult-health\\\/contraceptives\\\/#primaryimage\"},\"image\":{\"@id\":\"https:\\\/\\\/tulsa-health.org\\\/services\\\/family-health-services\\\/adult-health\\\/contraceptives\\\/#primaryimage\"},\"thumbnailUrl\":\"https:\\\/\\\/tulsa-health.org\\\/wp-content\\\/uploads\\\/2023\\\/07\\\/GettyImages-1296779721.jpg\",\"datePublished\":\"2023-05-02T21:03:34+00:00\",\"dateModified\":\"2023-12-21T01:24:14+00:00\",\"description\":\"Access confidential, income-based family planning services for males and females and learn about different contraceptive options and health tips for before and during pregnancy.\",\"breadcrumb\":{\"@id\":\"https:\\\/\\\/tulsa-health.org\\\/services\\\/family-health-services\\\/adult-health\\\/contraceptives\\\/#breadcrumb\"},\"inLanguage\":\"fr-FR\",\"potentialAction\":[{\"@type\":\"ReadAction\",\"target\":[\"https:\\\/\\\/tulsa-health.org\\\/services\\\/family-health-services\\\/adult-health\\\/contraceptives\\\/\"]}]},{\"@type\":\"ImageObject\",\"inLanguage\":\"fr-FR\",\"@id\":\"https:\\\/\\\/tulsa-health.org\\\/services\\\/family-health-services\\\/adult-health\\\/contraceptives\\\/#primaryimage\",\"url\":\"https:\\\/\\\/tulsa-health.org\\\/wp-content\\\/uploads\\\/2023\\\/07\\\/GettyImages-1296779721.jpg\",\"contentUrl\":\"https:\\\/\\\/tulsa-health.org\\\/wp-content\\\/uploads\\\/2023\\\/07\\\/GettyImages-1296779721.jpg\",\"width\":2119,\"height\":1414,\"caption\":\"women hand golding birth control pills close up.\"},{\"@type\":\"BreadcrumbList\",\"@id\":\"https:\\\/\\\/tulsa-health.org\\\/services\\\/family-health-services\\\/adult-health\\\/contraceptives\\\/#breadcrumb\",\"itemListElement\":[{\"@type\":\"ListItem\",\"position\":1,\"name\":\"Home\",\"item\":\"https:\\\/\\\/tulsa-health.org\\\/\"},{\"@type\":\"ListItem\",\"position\":2,\"name\":\"Services\",\"item\":\"https:\\\/\\\/tulsa-health.org\\\/services\\\/\"},{\"@type\":\"ListItem\",\"position\":3,\"name\":\"Family Health Services\",\"item\":\"https:\\\/\\\/tulsa-health.org\\\/services\\\/family-health-services\\\/\"},{\"@type\":\"ListItem\",\"position\":4,\"name\":\"Adult Health\",\"item\":\"https:\\\/\\\/tulsa-health.org\\\/services\\\/family-health-services\\\/adult-health\\\/\"},{\"@type\":\"ListItem\",\"position\":5,\"name\":\"Contraceptives\"}]},{\"@type\":\"WebSite\",\"@id\":\"https:\\\/\\\/tulsa-health.org\\\/es\\\/#website\",\"url\":\"https:\\\/\\\/tulsa-health.org\\\/es\\\/\",\"name\":\"Tulsa Health Department\",\"description\":\"Clinical Services, Immunizations, Permits and More | Tulsa Health Department\",\"potentialAction\":[{\"@type\":\"SearchAction\",\"target\":{\"@type\":\"EntryPoint\",\"urlTemplate\":\"https:\\\/\\\/tulsa-health.org\\\/es\\\/?s={search_term_string}\"},\"query-input\":{\"@type\":\"PropertyValueSpecification\",\"valueRequired\":true,\"valueName\":\"search_term_string\"}}],\"inLanguage\":\"fr-FR\"}]}<\/script>\n<!-- \/ Yoast SEO plugin. -->","yoast_head_json":{"title":"Contraceptifs - D\u00e9partement de la sant\u00e9 de Tulsa","description":"Acc\u00e9dez \u00e0 des services de planification familiale confidentiels et bas\u00e9s sur le revenu pour les hommes et les femmes et d\u00e9couvrez les diff\u00e9rentes options de contraception et les conseils de sant\u00e9 avant et pendant la grossesse.","robots":{"index":"index","follow":"follow","max-snippet":"max-snippet:-1","max-image-preview":"max-image-preview:large","max-video-preview":"max-video-preview:-1"},"canonical":"https:\/\/tulsa-health.org\/fr\/services\/family-health-services\/adult-health\/contraceptives\/","og_locale":"fr_FR","og_type":"article","og_title":"Contraceptives - Tulsa Health Department","og_description":"Access confidential, income-based family planning services for males and females and learn about different contraceptive options and health tips for before and during pregnancy.","og_url":"https:\/\/tulsa-health.org\/fr\/services\/family-health-services\/adult-health\/contraceptives\/","og_site_name":"Tulsa Health Department","article_modified_time":"2023-12-21T01:24:14+00:00","og_image":[{"width":2119,"height":1414,"url":"https:\/\/tulsa-health.org\/wp-content\/uploads\/2023\/07\/GettyImages-1296779721.jpg","type":"image\/jpeg"}],"twitter_card":"summary_large_image","twitter_misc":{"Dur\u00e9e de lecture estim\u00e9e":"2 minutes"},"schema":{"@context":"https:\/\/schema.org","@graph":[{"@type":"WebPage","@id":"https:\/\/tulsa-health.org\/services\/family-health-services\/adult-health\/contraceptives\/","url":"https:\/\/tulsa-health.org\/services\/family-health-services\/adult-health\/contraceptives\/","name":"Contraceptifs - D\u00e9partement de la sant\u00e9 de Tulsa","isPartOf":{"@id":"https:\/\/tulsa-health.org\/es\/#website"},"primaryImageOfPage":{"@id":"https:\/\/tulsa-health.org\/services\/family-health-services\/adult-health\/contraceptives\/#primaryimage"},"image":{"@id":"https:\/\/tulsa-health.org\/services\/family-health-services\/adult-health\/contraceptives\/#primaryimage"},"thumbnailUrl":"https:\/\/tulsa-health.org\/wp-content\/uploads\/2023\/07\/GettyImages-1296779721.jpg","datePublished":"2023-05-02T21:03:34+00:00","dateModified":"2023-12-21T01:24:14+00:00","description":"Acc\u00e9dez \u00e0 des services de planification familiale confidentiels et bas\u00e9s sur le revenu pour les hommes et les femmes et d\u00e9couvrez les diff\u00e9rentes options de contraception et les conseils de sant\u00e9 avant et pendant la grossesse.","breadcrumb":{"@id":"https:\/\/tulsa-health.org\/services\/family-health-services\/adult-health\/contraceptives\/#breadcrumb"},"inLanguage":"fr-FR","potentialAction":[{"@type":"ReadAction","target":["https:\/\/tulsa-health.org\/services\/family-health-services\/adult-health\/contraceptives\/"]}]},{"@type":"ImageObject","inLanguage":"fr-FR","@id":"https:\/\/tulsa-health.org\/services\/family-health-services\/adult-health\/contraceptives\/#primaryimage","url":"https:\/\/tulsa-health.org\/wp-content\/uploads\/2023\/07\/GettyImages-1296779721.jpg","contentUrl":"https:\/\/tulsa-health.org\/wp-content\/uploads\/2023\/07\/GettyImages-1296779721.jpg","width":2119,"height":1414,"caption":"women hand golding birth control pills close up."},{"@type":"BreadcrumbList","@id":"https:\/\/tulsa-health.org\/services\/family-health-services\/adult-health\/contraceptives\/#breadcrumb","itemListElement":[{"@type":"ListItem","position":1,"name":"Home","item":"https:\/\/tulsa-health.org\/"},{"@type":"ListItem","position":2,"name":"Services","item":"https:\/\/tulsa-health.org\/services\/"},{"@type":"ListItem","position":3,"name":"Family Health Services","item":"https:\/\/tulsa-health.org\/services\/family-health-services\/"},{"@type":"ListItem","position":4,"name":"Adult Health","item":"https:\/\/tulsa-health.org\/services\/family-health-services\/adult-health\/"},{"@type":"ListItem","position":5,"name":"Contraceptives"}]},{"@type":"WebSite","@id":"https:\/\/tulsa-health.org\/es\/#website","url":"https:\/\/tulsa-health.org\/es\/","name":"D\u00e9partement de la sant\u00e9 de Tulsa","description":"Services cliniques, vaccinations, permis et plus | D\u00e9partement de la Sant\u00e9 de Tulsa","potentialAction":[{"@type":"SearchAction","target":{"@type":"EntryPoint","urlTemplate":"https:\/\/tulsa-health.org\/es\/?s={search_term_string}"},"query-input":{"@type":"PropertyValueSpecification","valueRequired":true,"valueName":"search_term_string"}}],"inLanguage":"fr-FR"}]}},"publishpress_future_workflow_manual_trigger":{"enabledWorkflows":[]},"_links":{"self":[{"href":"https:\/\/tulsa-health.org\/fr\/wp-json\/wp\/v2\/pages\/1658","targetHints":{"allow":["GET"]}}],"collection":[{"href":"https:\/\/tulsa-health.org\/fr\/wp-json\/wp\/v2\/pages"}],"about":[{"href":"https:\/\/tulsa-health.org\/fr\/wp-json\/wp\/v2\/types\/page"}],"author":[{"embeddable":true,"href":"https:\/\/tulsa-health.org\/fr\/wp-json\/wp\/v2\/users\/1"}],"replies":[{"embeddable":true,"href":"https:\/\/tulsa-health.org\/fr\/wp-json\/wp\/v2\/comments?post=1658"}],"version-history":[{"count":0,"href":"https:\/\/tulsa-health.org\/fr\/wp-json\/wp\/v2\/pages\/1658\/revisions"}],"up":[{"embeddable":true,"href":"https:\/\/tulsa-health.org\/fr\/wp-json\/wp\/v2\/pages\/1605"}],"wp:featuredmedia":[{"embeddable":true,"href":"https:\/\/tulsa-health.org\/fr\/wp-json\/wp\/v2\/media\/10024"}],"wp:attachment":[{"href":"https:\/\/tulsa-health.org\/fr\/wp-json\/wp\/v2\/media?parent=1658"}],"curies":[{"name":"wp","href":"https:\/\/api.w.org\/{rel}","templated":true}]}}