{"id":17326,"date":"2024-01-08T11:28:03","date_gmt":"2024-01-08T17:28:03","guid":{"rendered":"https:\/\/tulsa-health.org\/?page_id=17326"},"modified":"2025-09-05T12:39:50","modified_gmt":"2025-09-05T17:39:50","slug":"partnership","status":"publish","type":"page","link":"https:\/\/tulsa-health.org\/fr\/programs\/school-health\/partnership\/","title":{"rendered":"Partenariat pour la sant\u00e9 scolaire"},"content":{"rendered":"<div data-elementor-type=\"wp-page\" data-elementor-id=\"17326\" class=\"elementor elementor-17326\" data-elementor-post-type=\"page\">\n\t\t\t\t\t\t<section class=\"elementor-section elementor-top-section elementor-element elementor-element-770d8f0 elementor-section-full_width elementor-section-height-min-height elementor-section-height-default elementor-section-items-middle\" data-id=\"770d8f0\" data-element_type=\"section\" data-e-type=\"section\" data-settings=\"{&quot;background_background&quot;:&quot;classic&quot;}\">\n\t\t\t\t\t\t<div class=\"elementor-container elementor-column-gap-no\">\n\t\t\t\t\t<div class=\"elementor-column elementor-col-100 elementor-top-column elementor-element elementor-element-94c3700\" data-id=\"94c3700\" data-element_type=\"column\" data-e-type=\"column\">\n\t\t\t<div class=\"elementor-widget-wrap\">\n\t\t\t\t\t\t\t<\/div>\n\t\t<\/div>\n\t\t\t\t\t<\/div>\n\t\t<\/section>\n\t\t\t\t<section class=\"elementor-section elementor-top-section elementor-element elementor-element-764e43a elementor-section-boxed elementor-section-height-default elementor-section-height-default\" data-id=\"764e43a\" data-element_type=\"section\" data-e-type=\"section\" data-settings=\"{&quot;background_background&quot;:&quot;classic&quot;}\">\n\t\t\t\t\t\t<div class=\"elementor-container elementor-column-gap-default\">\n\t\t\t\t\t<div class=\"elementor-column elementor-col-100 elementor-top-column elementor-element elementor-element-4b14111\" data-id=\"4b14111\" data-element_type=\"column\" data-e-type=\"column\">\n\t\t\t<div class=\"elementor-widget-wrap elementor-element-populated\">\n\t\t\t\t\t\t<div class=\"elementor-element elementor-element-5ab97cc elementor-widget elementor-widget-heading\" data-id=\"5ab97cc\" data-element_type=\"widget\" data-e-type=\"widget\" data-widget_type=\"heading.default\">\n\t\t\t\t<div class=\"elementor-widget-container\">\n\t\t\t\t\t<h1 class=\"elementor-heading-title elementor-size-default\">collaborer avec School Health<\/h1>\t\t\t\t<\/div>\n\t\t\t\t<\/div>\n\t\t\t\t<div class=\"elementor-element elementor-element-fde769d elementor-widget elementor-widget-text-editor\" data-id=\"fde769d\" data-element_type=\"widget\" data-e-type=\"widget\" data-widget_type=\"text-editor.default\">\n\t\t\t\t<div class=\"elementor-widget-container\">\n\t\t\t\t\t\t\t\t\t<p>Le programme de sant\u00e9 scolaire du d\u00e9partement de sant\u00e9 de Tulsa est fier de pouvoir s&#039;associer aux \u00e9coles \u00e9l\u00e9mentaires du comt\u00e9 de Tulsa.<\/p>\t\t\t\t\t\t\t\t<\/div>\n\t\t\t\t<\/div>\n\t\t\t\t\t<\/div>\n\t\t<\/div>\n\t\t\t\t\t<\/div>\n\t\t<\/section>\n\t\t\t\t<section class=\"elementor-section elementor-top-section elementor-element elementor-element-d0f0c49 elementor-section-boxed elementor-section-height-default elementor-section-height-default elementor-invisible\" data-id=\"d0f0c49\" data-element_type=\"section\" data-e-type=\"section\" data-settings=\"{&quot;background_background&quot;:&quot;classic&quot;,&quot;animation&quot;:&quot;fadeInUp&quot;}\">\n\t\t\t\t\t\t<div class=\"elementor-container elementor-column-gap-default\">\n\t\t\t\t\t<div class=\"elementor-column elementor-col-100 elementor-top-column elementor-element elementor-element-d660646\" data-id=\"d660646\" data-element_type=\"column\" data-e-type=\"column\">\n\t\t\t<div class=\"elementor-widget-wrap elementor-element-populated\">\n\t\t\t\t\t\t<section class=\"elementor-section elementor-inner-section elementor-element elementor-element-211b9cb elementor-section-full_width elementor-section-height-default elementor-section-height-default\" data-id=\"211b9cb\" data-element_type=\"section\" data-e-type=\"section\">\n\t\t\t\t\t\t<div class=\"elementor-container elementor-column-gap-default\">\n\t\t\t\t\t<div class=\"elementor-column elementor-col-100 elementor-inner-column elementor-element elementor-element-f5043dc\" data-id=\"f5043dc\" data-element_type=\"column\" data-e-type=\"column\">\n\t\t\t<div class=\"elementor-widget-wrap elementor-element-populated\">\n\t\t\t\t\t\t<div class=\"elementor-element elementor-element-2523668 elementor-widget elementor-widget-text-editor\" data-id=\"2523668\" data-element_type=\"widget\" data-e-type=\"widget\" data-widget_type=\"text-editor.default\">\n\t\t\t\t<div class=\"elementor-widget-container\">\n\t\t\t\t\t\t\t\t\t<h2>Comment \u00e9tablir un partenariat avec la sant\u00e9 scolaire<\/h2>\n<p>THD School Health est fier de s&#039;associer aux \u00e9coles \u00e9l\u00e9mentaires du comt\u00e9 de Tulsa. Les \u00e9coles \u00e9l\u00e9mentaires du comt\u00e9 de Tulsa qui souhaitent s&#039;associer \u00e0 THD School Health devront effectuer une \u00e9valuation annuelle de l&#039;\u00e9tat de pr\u00e9paration en mati\u00e8re de sant\u00e9 scolaire. Les \u00e9coles partenaires doivent \u00e9galement avoir un protocole d&#039;accord (MOU) de district. L&#039;\u00e9valuation nous permet de comprendre le climat de votre \u00e9cole et d&#039;adapter nos services en cons\u00e9quence. Une fois l\u2019\u00e9valuation re\u00e7ue et examin\u00e9e, un repr\u00e9sentant de School Health vous contactera pour discuter des options de programmation possibles. Merci de votre int\u00e9r\u00eat pour un partenariat avec THD School Health.<\/p>\n<h2>Dates des partenariats pour l&#039;ann\u00e9e scolaire<\/h2>\n<ul>\n<li>L&#039;\u00e9valuation est maintenant close pour l&#039;ann\u00e9e scolaire 2025-2026.<\/li>\n<li>Notez sur votre calendrier la date \u00e0 laquelle vous devrez compl\u00e9ter l\u2019\u00e9valuation pour l\u2019ann\u00e9e scolaire 2026-2027.\n<ul>\n<li>L&#039;\u00e9valuation commence le 1er mai 2026 et se termine le 14 ao\u00fbt 2026<\/li>\n<li>R\u00e9unions de planification virtuelles\u00a0: du 1er mai au 21 ao\u00fbt 2026<\/li>\n<\/ul>\n<\/li>\n<\/ul>\n<p>Toute \u00e9valuation soumise apr\u00e8s le 14 ao\u00fbt 2026 ne sera PAS accept\u00e9e. Les r\u00e9unions de planification doivent \u00eatre termin\u00e9es avant le 21 ao\u00fbt 2026 pour que nous puissions collaborer avec votre \u00e9cole pour l&#039;ann\u00e9e scolaire 2026-2027.<\/p>\n<h2>Suivez ces \u00e9tapes<\/h2>\n<p><strong>\u00c9tape 1:<\/strong>Consultez la version PDF de l&#039;\u00e9valuation pour vous assurer que toutes les informations n\u00e9cessaires ont \u00e9t\u00e9 recueillies avant de commencer l&#039;\u00e9valuation en ligne. Les informations n\u00e9cessaires pour compl\u00e9ter l&#039;\u00e9valuation proviendront de l&#039;ann\u00e9e scolaire 2024-2025. Si vous n&#039;\u00eates pas en mesure de r\u00e9pondre \u00e0 une question, indiquez simplement S\/O. Nous vous recommandons de collaborer avec le directeur, le directeur adjoint, les chefs d&#039;\u00e9quipe de niveau scolaire, le professeur d&#039;\u00e9ducation physique, l&#039;infirmi\u00e8re\/l&#039;assistante de sant\u00e9, le conseiller et le coordonnateur communautaire\/agent de liaison avec les parents pour recueillir les informations et les commentaires appropri\u00e9s pour l&#039;\u00e9valuation.<\/p>\n<p><strong>\u00c9tape 2:<\/strong>S\u00e9lectionnez les options de programmation pr\u00e9f\u00e9r\u00e9es.<\/p>\n<p><strong>\u00c9tape 3:<\/strong>Remplissez et soumettez l\u2019\u00e9valuation de l\u2019\u00e9tat de pr\u00e9paration en mati\u00e8re de sant\u00e9 scolaire THD au bas de la page.<\/p>\n<p><strong>\u00c9tape 4:<\/strong>Notre \u00e9quipe vous contactera pour planifier une r\u00e9union de planification virtuelle.<\/p>\n<p><strong>\u00c9tape 5\u00a0:<\/strong>Rencontrez le personnel de THD School Health lors de la r\u00e9union de planification virtuelle pour planifier la programmation de votre \u00e9cole.<\/p>\n<h2>Contactez-nous<\/h2>\n<p>Si vous avez d&#039;autres questions concernant l&#039;\u00e9valuation, veuillez contacter notre responsable de la sant\u00e9 scolaire en appelant <a href=\"tel:918-595-4084\">918-595-4084<\/a> ou <a href=\"mailto:cdaniel@tulsa-health.org\">Envoyez-nous un email<\/a>.<\/p>\t\t\t\t\t\t\t\t<\/div>\n\t\t\t\t<\/div>\n\t\t\t\t\t<\/div>\n\t\t<\/div>\n\t\t\t\t\t<\/div>\n\t\t<\/section>\n\t\t\t\t\t<\/div>\n\t\t<\/div>\n\t\t\t\t\t<\/div>\n\t\t<\/section>\n\t\t\t\t<section class=\"elementor-section elementor-top-section elementor-element elementor-element-ffac91f elementor-section-boxed elementor-section-height-default elementor-section-height-default elementor-invisible\" data-id=\"ffac91f\" data-element_type=\"section\" data-e-type=\"section\" data-settings=\"{&quot;background_background&quot;:&quot;classic&quot;,&quot;animation&quot;:&quot;fadeInUp&quot;}\">\n\t\t\t\t\t\t<div class=\"elementor-container elementor-column-gap-default\">\n\t\t\t\t\t<div class=\"elementor-column elementor-col-100 elementor-top-column elementor-element elementor-element-a33ef3b\" data-id=\"a33ef3b\" data-element_type=\"column\" data-e-type=\"column\" data-settings=\"{&quot;background_background&quot;:&quot;classic&quot;}\">\n\t\t\t<div class=\"elementor-widget-wrap elementor-element-populated\">\n\t\t\t\t\t\t<div class=\"elementor-element elementor-element-304426d elementor-widget elementor-widget-heading\" data-id=\"304426d\" data-element_type=\"widget\" data-e-type=\"widget\" data-widget_type=\"heading.default\">\n\t\t\t\t<div class=\"elementor-widget-container\">\n\t\t\t\t\t<h5 class=\"elementor-heading-title elementor-size-default\">\u00c9valuation de l&#039;\u00e9tat de pr\u00e9paration en mati\u00e8re de sant\u00e9 scolaire<\/h5>\t\t\t\t<\/div>\n\t\t\t\t<\/div>\n\t\t\t\t<section class=\"elementor-section elementor-inner-section elementor-element elementor-element-65c86be elementor-section-full_width elementor-section-height-default elementor-section-height-default\" data-id=\"65c86be\" data-element_type=\"section\" data-e-type=\"section\">\n\t\t\t\t\t\t<div class=\"elementor-container elementor-column-gap-default\">\n\t\t\t\t\t<div class=\"elementor-column elementor-col-100 elementor-inner-column elementor-element elementor-element-8e808db\" data-id=\"8e808db\" data-element_type=\"column\" data-e-type=\"column\">\n\t\t\t<div class=\"elementor-widget-wrap elementor-element-populated\">\n\t\t\t\t\t\t<div class=\"elementor-element elementor-element-f9faa82 elementor-widget__width-auto secondary elementor-widget elementor-widget-button\" data-id=\"f9faa82\" data-element_type=\"widget\" data-e-type=\"widget\" data-widget_type=\"button.default\">\n\t\t\t\t<div class=\"elementor-widget-container\">\n\t\t\t\t\t\t\t\t\t<div class=\"elementor-button-wrapper\">\n\t\t\t\t\t<a class=\"elementor-button elementor-size-sm\" role=\"button\">\n\t\t\t\t\t\t<span class=\"elementor-button-content-wrapper\">\n\t\t\t\t\t\t\t\t\t<span class=\"elementor-button-text\">L&#039;\u00e9valuation ouvrira en mai 2026<\/span>\n\t\t\t\t\t<\/span>\n\t\t\t\t\t<\/a>\n\t\t\t\t<\/div>\n\t\t\t\t\t\t\t\t<\/div>\n\t\t\t\t<\/div>\n\t\t\t\t\t<\/div>\n\t\t<\/div>\n\t\t\t\t\t<\/div>\n\t\t<\/section>\n\t\t\t\t\t<\/div>\n\t\t<\/div>\n\t\t\t\t\t<\/div>\n\t\t<\/section>\n\t\t\t\t<section class=\"elementor-section elementor-top-section elementor-element elementor-element-c67c43d elementor-section-full_width elementor-section-height-default elementor-section-height-default\" data-id=\"c67c43d\" data-element_type=\"section\" data-e-type=\"section\">\n\t\t\t\t\t\t<div class=\"elementor-container elementor-column-gap-default\">\n\t\t\t\t\t<div class=\"elementor-column elementor-col-100 elementor-top-column elementor-element elementor-element-37430b3\" data-id=\"37430b3\" data-element_type=\"column\" data-e-type=\"column\">\n\t\t\t<div class=\"elementor-widget-wrap elementor-element-populated\">\n\t\t\t\t\t\t<div class=\"elementor-element elementor-element-c4ad786 elementor-widget elementor-widget-shortcode\" data-id=\"c4ad786\" data-element_type=\"widget\" data-e-type=\"widget\" data-widget_type=\"shortcode.default\">\n\t\t\t\t<div class=\"elementor-widget-container\">\n\t\t\t\t\t\t\t<div class=\"elementor-shortcode\">\t\t<div data-elementor-type=\"section\" data-elementor-id=\"4934\" class=\"elementor elementor-4934\" data-elementor-post-type=\"elementor_library\">\n\t\t\t\t\t<section class=\"elementor-section elementor-top-section elementor-element elementor-element-4469b59d elementor-section-stretched elementor-section-boxed elementor-section-height-default elementor-section-height-default\" data-id=\"4469b59d\" data-element_type=\"section\" data-e-type=\"section\" data-settings=\"{&quot;background_background&quot;:&quot;classic&quot;,&quot;stretch_section&quot;:&quot;section-stretched&quot;}\">\n\t\t\t\t\t\t\t<div class=\"elementor-background-overlay\"><\/div>\n\t\t\t\t\t\t\t<div class=\"elementor-container elementor-column-gap-default\">\n\t\t\t\t\t<div class=\"elementor-column elementor-col-100 elementor-top-column elementor-element elementor-element-615ea353\" data-id=\"615ea353\" data-element_type=\"column\" data-e-type=\"column\">\n\t\t\t<div class=\"elementor-widget-wrap elementor-element-populated\">\n\t\t\t\t\t\t<div class=\"elementor-element elementor-element-bdb2691 elementor-widget elementor-widget-heading\" data-id=\"bdb2691\" data-element_type=\"widget\" data-e-type=\"widget\" data-widget_type=\"heading.default\">\n\t\t\t\t<div class=\"elementor-widget-container\">\n\t\t\t\t\t<h5 class=\"elementor-heading-title elementor-size-default\">EMPLACEMENTS<\/h5>\t\t\t\t<\/div>\n\t\t\t\t<\/div>\n\t\t\t\t<div class=\"elementor-element elementor-element-00f74f9 elementor-widget elementor-widget-text-editor\" data-id=\"00f74f9\" data-element_type=\"widget\" data-e-type=\"widget\" data-widget_type=\"text-editor.default\">\n\t\t\t\t<div class=\"elementor-widget-container\">\n\t\t\t\t\t\t\t\t\t<p>Nous avons 9 sites dans le comt\u00e9 de Tulsa qui offrent une vari\u00e9t\u00e9 de services pour vous aider, vous et votre famille, \u00e0 rester en bonne sant\u00e9.<\/p>\t\t\t\t\t\t\t\t<\/div>\n\t\t\t\t<\/div>\n\t\t\t\t<div class=\"elementor-element elementor-element-fd63501 elementor-align-center secondary elementor-widget elementor-widget-button\" data-id=\"fd63501\" data-element_type=\"widget\" data-e-type=\"widget\" data-widget_type=\"button.default\">\n\t\t\t\t<div class=\"elementor-widget-container\">\n\t\t\t\t\t\t\t\t\t<div class=\"elementor-button-wrapper\">\n\t\t\t\t\t<a class=\"elementor-button elementor-button-link elementor-size-sm\" href=\"\/fr\/locations\/\">\n\t\t\t\t\t\t<span class=\"elementor-button-content-wrapper\">\n\t\t\t\t\t\t\t\t\t<span class=\"elementor-button-text\">Trouvez le v\u00f4tre<\/span>\n\t\t\t\t\t<\/span>\n\t\t\t\t\t<\/a>\n\t\t\t\t<\/div>\n\t\t\t\t\t\t\t\t<\/div>\n\t\t\t\t<\/div>\n\t\t\t\t\t<\/div>\n\t\t<\/div>\n\t\t\t\t\t<\/div>\n\t\t<\/section>\n\t\t\t\t<\/div>\n\t\t<\/div>\n\t\t\t\t\t\t<\/div>\n\t\t\t\t<\/div>\n\t\t\t\t\t<\/div>\n\t\t<\/div>\n\t\t\t\t\t<\/div>\n\t\t<\/section>\n\t\t\t\t<\/div>","protected":false},"excerpt":{"rendered":"<p>partner with School Health The Tulsa Health Department&#8217;s School Health program is proud to be able to partner with elementary schools in Tulsa County. How to Partner with School Health THD School Health is proud to partner with Tulsa County elementary schools. Tulsa County elementary schools who are interested in partnering with THD School Health [&hellip;]<\/p>\n","protected":false},"author":6,"featured_media":23155,"parent":2757,"menu_order":0,"comment_status":"closed","ping_status":"closed","template":"elementor_header_footer","meta":{"_acf_changed":false,"footnotes":""},"class_list":["post-17326","page","type-page","status-publish","has-post-thumbnail","hentry"],"acf":[],"yoast_head":"<!-- This site is optimized with the Yoast SEO plugin v27.3 - https:\/\/yoast.com\/product\/yoast-seo-wordpress\/ -->\n<title>School Health Partnership - Tulsa Health Department<\/title>\n<meta name=\"description\" content=\"THD&#039;s School Health program is proud to be able to partner with elementary schools in Tulsa County.\" \/>\n<meta name=\"robots\" content=\"index, follow, max-snippet:-1, max-image-preview:large, max-video-preview:-1\" \/>\n<link rel=\"canonical\" href=\"https:\/\/tulsa-health.org\/fr\/programs\/school-health\/partnership\/\" \/>\n<meta property=\"og:locale\" content=\"fr_FR\" \/>\n<meta property=\"og:type\" content=\"article\" \/>\n<meta property=\"og:title\" content=\"School Health Partnership - Tulsa Health Department\" \/>\n<meta property=\"og:description\" content=\"THD&#039;s School Health program is proud to be able to partner with elementary schools in Tulsa County.\" \/>\n<meta property=\"og:url\" content=\"https:\/\/tulsa-health.org\/fr\/programs\/school-health\/partnership\/\" \/>\n<meta property=\"og:site_name\" content=\"Tulsa Health Department\" \/>\n<meta property=\"article:modified_time\" content=\"2025-09-05T17:39:50+00:00\" \/>\n<meta property=\"og:image\" content=\"https:\/\/tulsa-health.org\/wp-content\/uploads\/2025\/09\/Untitled-design-2.jpg\" \/>\n\t<meta property=\"og:image:width\" content=\"1920\" \/>\n\t<meta property=\"og:image:height\" content=\"1080\" \/>\n\t<meta property=\"og:image:type\" content=\"image\/jpeg\" \/>\n<meta name=\"twitter:card\" content=\"summary_large_image\" \/>\n<meta name=\"twitter:label1\" content=\"Dur\u00e9e de lecture estim\u00e9e\" \/>\n\t<meta name=\"twitter:data1\" content=\"2 minutes\" \/>\n<script type=\"application\/ld+json\" class=\"yoast-schema-graph\">{\"@context\":\"https:\\\/\\\/schema.org\",\"@graph\":[{\"@type\":\"WebPage\",\"@id\":\"https:\\\/\\\/tulsa-health.org\\\/programs\\\/school-health\\\/partnership\\\/\",\"url\":\"https:\\\/\\\/tulsa-health.org\\\/programs\\\/school-health\\\/partnership\\\/\",\"name\":\"School Health Partnership - Tulsa Health Department\",\"isPartOf\":{\"@id\":\"https:\\\/\\\/tulsa-health.org\\\/es\\\/#website\"},\"primaryImageOfPage\":{\"@id\":\"https:\\\/\\\/tulsa-health.org\\\/programs\\\/school-health\\\/partnership\\\/#primaryimage\"},\"image\":{\"@id\":\"https:\\\/\\\/tulsa-health.org\\\/programs\\\/school-health\\\/partnership\\\/#primaryimage\"},\"thumbnailUrl\":\"https:\\\/\\\/tulsa-health.org\\\/wp-content\\\/uploads\\\/2025\\\/09\\\/Untitled-design-2.jpg\",\"datePublished\":\"2024-01-08T17:28:03+00:00\",\"dateModified\":\"2025-09-05T17:39:50+00:00\",\"description\":\"THD's School Health program is proud to be able to partner with elementary schools in Tulsa County.\",\"breadcrumb\":{\"@id\":\"https:\\\/\\\/tulsa-health.org\\\/programs\\\/school-health\\\/partnership\\\/#breadcrumb\"},\"inLanguage\":\"fr-FR\",\"potentialAction\":[{\"@type\":\"ReadAction\",\"target\":[\"https:\\\/\\\/tulsa-health.org\\\/programs\\\/school-health\\\/partnership\\\/\"]}]},{\"@type\":\"ImageObject\",\"inLanguage\":\"fr-FR\",\"@id\":\"https:\\\/\\\/tulsa-health.org\\\/programs\\\/school-health\\\/partnership\\\/#primaryimage\",\"url\":\"https:\\\/\\\/tulsa-health.org\\\/wp-content\\\/uploads\\\/2025\\\/09\\\/Untitled-design-2.jpg\",\"contentUrl\":\"https:\\\/\\\/tulsa-health.org\\\/wp-content\\\/uploads\\\/2025\\\/09\\\/Untitled-design-2.jpg\",\"width\":1920,\"height\":1080},{\"@type\":\"BreadcrumbList\",\"@id\":\"https:\\\/\\\/tulsa-health.org\\\/programs\\\/school-health\\\/partnership\\\/#breadcrumb\",\"itemListElement\":[{\"@type\":\"ListItem\",\"position\":1,\"name\":\"Home\",\"item\":\"https:\\\/\\\/tulsa-health.org\\\/\"},{\"@type\":\"ListItem\",\"position\":2,\"name\":\"Community Programs\",\"item\":\"https:\\\/\\\/tulsa-health.org\\\/programs\\\/\"},{\"@type\":\"ListItem\",\"position\":3,\"name\":\"School Health\",\"item\":\"https:\\\/\\\/tulsa-health.org\\\/programs\\\/school-health\\\/\"},{\"@type\":\"ListItem\",\"position\":4,\"name\":\"School Health Partnership\"}]},{\"@type\":\"WebSite\",\"@id\":\"https:\\\/\\\/tulsa-health.org\\\/es\\\/#website\",\"url\":\"https:\\\/\\\/tulsa-health.org\\\/es\\\/\",\"name\":\"Tulsa Health Department\",\"description\":\"Clinical Services, Immunizations, Permits and More | Tulsa Health Department\",\"potentialAction\":[{\"@type\":\"SearchAction\",\"target\":{\"@type\":\"EntryPoint\",\"urlTemplate\":\"https:\\\/\\\/tulsa-health.org\\\/es\\\/?s={search_term_string}\"},\"query-input\":{\"@type\":\"PropertyValueSpecification\",\"valueRequired\":true,\"valueName\":\"search_term_string\"}}],\"inLanguage\":\"fr-FR\"}]}<\/script>\n<!-- \/ Yoast SEO plugin. -->","yoast_head_json":{"title":"Partenariat pour la sant\u00e9 scolaire - D\u00e9partement de la sant\u00e9 de Tulsa","description":"Le programme de sant\u00e9 scolaire de THD est fier de pouvoir s&#039;associer aux \u00e9coles \u00e9l\u00e9mentaires du comt\u00e9 de Tulsa.","robots":{"index":"index","follow":"follow","max-snippet":"max-snippet:-1","max-image-preview":"max-image-preview:large","max-video-preview":"max-video-preview:-1"},"canonical":"https:\/\/tulsa-health.org\/fr\/programs\/school-health\/partnership\/","og_locale":"fr_FR","og_type":"article","og_title":"School Health Partnership - Tulsa Health Department","og_description":"THD's School Health program is proud to be able to partner with elementary schools in Tulsa County.","og_url":"https:\/\/tulsa-health.org\/fr\/programs\/school-health\/partnership\/","og_site_name":"Tulsa Health Department","article_modified_time":"2025-09-05T17:39:50+00:00","og_image":[{"width":1920,"height":1080,"url":"https:\/\/tulsa-health.org\/wp-content\/uploads\/2025\/09\/Untitled-design-2.jpg","type":"image\/jpeg"}],"twitter_card":"summary_large_image","twitter_misc":{"Dur\u00e9e de lecture estim\u00e9e":"2 minutes"},"schema":{"@context":"https:\/\/schema.org","@graph":[{"@type":"WebPage","@id":"https:\/\/tulsa-health.org\/programs\/school-health\/partnership\/","url":"https:\/\/tulsa-health.org\/programs\/school-health\/partnership\/","name":"Partenariat pour la sant\u00e9 scolaire - D\u00e9partement de la sant\u00e9 de Tulsa","isPartOf":{"@id":"https:\/\/tulsa-health.org\/es\/#website"},"primaryImageOfPage":{"@id":"https:\/\/tulsa-health.org\/programs\/school-health\/partnership\/#primaryimage"},"image":{"@id":"https:\/\/tulsa-health.org\/programs\/school-health\/partnership\/#primaryimage"},"thumbnailUrl":"https:\/\/tulsa-health.org\/wp-content\/uploads\/2025\/09\/Untitled-design-2.jpg","datePublished":"2024-01-08T17:28:03+00:00","dateModified":"2025-09-05T17:39:50+00:00","description":"Le programme de sant\u00e9 scolaire de THD est fier de pouvoir s&#039;associer aux \u00e9coles \u00e9l\u00e9mentaires du comt\u00e9 de Tulsa.","breadcrumb":{"@id":"https:\/\/tulsa-health.org\/programs\/school-health\/partnership\/#breadcrumb"},"inLanguage":"fr-FR","potentialAction":[{"@type":"ReadAction","target":["https:\/\/tulsa-health.org\/programs\/school-health\/partnership\/"]}]},{"@type":"ImageObject","inLanguage":"fr-FR","@id":"https:\/\/tulsa-health.org\/programs\/school-health\/partnership\/#primaryimage","url":"https:\/\/tulsa-health.org\/wp-content\/uploads\/2025\/09\/Untitled-design-2.jpg","contentUrl":"https:\/\/tulsa-health.org\/wp-content\/uploads\/2025\/09\/Untitled-design-2.jpg","width":1920,"height":1080},{"@type":"BreadcrumbList","@id":"https:\/\/tulsa-health.org\/programs\/school-health\/partnership\/#breadcrumb","itemListElement":[{"@type":"ListItem","position":1,"name":"Home","item":"https:\/\/tulsa-health.org\/"},{"@type":"ListItem","position":2,"name":"Community Programs","item":"https:\/\/tulsa-health.org\/programs\/"},{"@type":"ListItem","position":3,"name":"School Health","item":"https:\/\/tulsa-health.org\/programs\/school-health\/"},{"@type":"ListItem","position":4,"name":"School Health Partnership"}]},{"@type":"WebSite","@id":"https:\/\/tulsa-health.org\/es\/#website","url":"https:\/\/tulsa-health.org\/es\/","name":"D\u00e9partement de la sant\u00e9 de Tulsa","description":"Services cliniques, vaccinations, permis et plus | D\u00e9partement de la Sant\u00e9 de Tulsa","potentialAction":[{"@type":"SearchAction","target":{"@type":"EntryPoint","urlTemplate":"https:\/\/tulsa-health.org\/es\/?s={search_term_string}"},"query-input":{"@type":"PropertyValueSpecification","valueRequired":true,"valueName":"search_term_string"}}],"inLanguage":"fr-FR"}]}},"publishpress_future_workflow_manual_trigger":{"enabledWorkflows":[]},"_links":{"self":[{"href":"https:\/\/tulsa-health.org\/fr\/wp-json\/wp\/v2\/pages\/17326","targetHints":{"allow":["GET"]}}],"collection":[{"href":"https:\/\/tulsa-health.org\/fr\/wp-json\/wp\/v2\/pages"}],"about":[{"href":"https:\/\/tulsa-health.org\/fr\/wp-json\/wp\/v2\/types\/page"}],"author":[{"embeddable":true,"href":"https:\/\/tulsa-health.org\/fr\/wp-json\/wp\/v2\/users\/6"}],"replies":[{"embeddable":true,"href":"https:\/\/tulsa-health.org\/fr\/wp-json\/wp\/v2\/comments?post=17326"}],"version-history":[{"count":13,"href":"https:\/\/tulsa-health.org\/fr\/wp-json\/wp\/v2\/pages\/17326\/revisions"}],"predecessor-version":[{"id":23252,"href":"https:\/\/tulsa-health.org\/fr\/wp-json\/wp\/v2\/pages\/17326\/revisions\/23252"}],"up":[{"embeddable":true,"href":"https:\/\/tulsa-health.org\/fr\/wp-json\/wp\/v2\/pages\/2757"}],"wp:featuredmedia":[{"embeddable":true,"href":"https:\/\/tulsa-health.org\/fr\/wp-json\/wp\/v2\/media\/23155"}],"wp:attachment":[{"href":"https:\/\/tulsa-health.org\/fr\/wp-json\/wp\/v2\/media?parent=17326"}],"curies":[{"name":"wp","href":"https:\/\/api.w.org\/{rel}","templated":true}]}}