{"id":1780,"date":"2023-05-02T17:15:07","date_gmt":"2023-05-02T22:15:07","guid":{"rendered":"https:\/\/test.tulsa-health.org\/?page_id=1780"},"modified":"2024-05-29T12:45:26","modified_gmt":"2024-05-29T17:45:26","slug":"teen-clinic","status":"publish","type":"page","link":"https:\/\/tulsa-health.org\/fr\/services\/family-health-services\/teen-health\/teen-clinic\/","title":{"rendered":"Clinique pour adolescents"},"content":{"rendered":"<div data-elementor-type=\"wp-page\" data-elementor-id=\"1780\" class=\"elementor elementor-1780\" data-elementor-post-type=\"page\">\n\t\t\t\t\t\t<section class=\"elementor-section elementor-top-section elementor-element elementor-element-899226f elementor-section-full_width elementor-section-height-min-height elementor-section-height-default elementor-section-items-middle\" data-id=\"899226f\" data-element_type=\"section\" data-e-type=\"section\" data-settings=\"{&quot;background_background&quot;:&quot;classic&quot;}\">\n\t\t\t\t\t\t<div class=\"elementor-container elementor-column-gap-no\">\n\t\t\t\t\t<div class=\"elementor-column elementor-col-100 elementor-top-column elementor-element elementor-element-d9bfb15\" data-id=\"d9bfb15\" data-element_type=\"column\" data-e-type=\"column\">\n\t\t\t<div class=\"elementor-widget-wrap\">\n\t\t\t\t\t\t\t<\/div>\n\t\t<\/div>\n\t\t\t\t\t<\/div>\n\t\t<\/section>\n\t\t\t\t<section class=\"elementor-section elementor-top-section elementor-element elementor-element-0b6cbeb elementor-section-boxed elementor-section-height-default elementor-section-height-default\" data-id=\"0b6cbeb\" data-element_type=\"section\" data-e-type=\"section\" data-settings=\"{&quot;background_background&quot;:&quot;classic&quot;}\">\n\t\t\t\t\t\t<div class=\"elementor-container elementor-column-gap-default\">\n\t\t\t\t\t<div class=\"elementor-column elementor-col-100 elementor-top-column elementor-element elementor-element-fe41ea4\" data-id=\"fe41ea4\" data-element_type=\"column\" data-e-type=\"column\">\n\t\t\t<div class=\"elementor-widget-wrap elementor-element-populated\">\n\t\t\t\t\t\t<div class=\"elementor-element elementor-element-2ce161b elementor-widget elementor-widget-heading\" data-id=\"2ce161b\" data-element_type=\"widget\" data-e-type=\"widget\" data-widget_type=\"heading.default\">\n\t\t\t\t<div class=\"elementor-widget-container\">\n\t\t\t\t\t<h1 class=\"elementor-heading-title elementor-size-default\">Clinique pour adolescents<\/h1>\t\t\t\t<\/div>\n\t\t\t\t<\/div>\n\t\t\t\t<div class=\"elementor-element elementor-element-39c03c3 elementor-widget elementor-widget-text-editor\" data-id=\"39c03c3\" data-element_type=\"widget\" data-e-type=\"widget\" data-widget_type=\"text-editor.default\">\n\t\t\t\t<div class=\"elementor-widget-container\">\n\t\t\t\t\t\t\t\t\t<p>La clinique pour adolescents de THD fournit des soins de sant\u00e9 sexuelle et reproductive confidentiels aux adolescents avec le consentement des parents\/tuteurs. Les visiteurs de nos cliniques pour adolescents seront re\u00e7us par un personnel chaleureux et attentionn\u00e9. Nous sommes l\u00e0 pour \u00e9couter et offrir des conseils et une \u00e9ducation pour r\u00e9pondre \u00e0 toutes vos questions ou pr\u00e9occupations.<\/p><p>Les rendez-vous peuvent \u00eatre pris en appelant<span style=\"color: var( --e-global-color-text );font-size: 1.2rem;background-color: var( --e-global-color-43edc70 )\">\u00a0<\/span><a style=\"background-color: #faf9f2;font-size: 1.2rem\" href=\"\/fr\/t\u00e9l:9185829355\/\">918-582-9355<\/a> et demandant \u00e0 parler avec notre <a href=\"https:\/\/tulsa-health.org\/fr\/services\/family-health-services\/adult-health\/family-planning\/\">Programme de planification familiale<\/a><span style=\"color: var( --e-global-color-text );font-size: 1.2rem;background-color: var( --e-global-color-43edc70 )\">.<\/span><\/p>\t\t\t\t\t\t\t\t<\/div>\n\t\t\t\t<\/div>\n\t\t\t\t\t<\/div>\n\t\t<\/div>\n\t\t\t\t\t<\/div>\n\t\t<\/section>\n\t\t\t\t<section class=\"elementor-section elementor-top-section elementor-element elementor-element-117fbad elementor-section-boxed elementor-section-height-default elementor-section-height-default\" data-id=\"117fbad\" data-element_type=\"section\" data-e-type=\"section\" data-settings=\"{&quot;background_background&quot;:&quot;classic&quot;}\">\n\t\t\t\t\t\t<div class=\"elementor-container elementor-column-gap-default\">\n\t\t\t\t\t<div class=\"elementor-column elementor-col-100 elementor-top-column elementor-element elementor-element-640e1a6\" data-id=\"640e1a6\" data-element_type=\"column\" data-e-type=\"column\">\n\t\t\t<div class=\"elementor-widget-wrap elementor-element-populated\">\n\t\t\t\t\t\t<div class=\"elementor-element elementor-element-b15fa40 elementor-widget elementor-widget-text-editor\" data-id=\"b15fa40\" data-element_type=\"widget\" data-e-type=\"widget\" data-widget_type=\"text-editor.default\">\n\t\t\t\t<div class=\"elementor-widget-container\">\n\t\t\t\t\t\t\t\t\t<h2>Services offerts aux adolescents<\/h2><p>Il peut \u00eatre difficile pour les adolescents de parler \u00e0 leurs parents de leur activit\u00e9 sexuelle. Cependant, de nombreux parents sont pr\u00eats \u00e0 parler de sexe et de contr\u00f4le des naissances, surtout s&#039;ils savent que vous essayez d&#039;\u00eatre responsable de votre sant\u00e9.\u00a0<\/p><p><a href=\"https:\/\/tulsa-health.org\/fr\/services\/family-health-services\/adult-health\/family-planning\/\">Services de planification familiale<\/a>, tels que les examens physiques et le contr\u00f4le des naissances, sont accessibles aux adolescents de 17 ans et moins avec le consentement des parents\/tuteurs. Il existe des situations limit\u00e9es dans lesquelles les adolescents peuvent consentir* eux-m\u00eames aux services de planification familiale. Veuillez consulter ci-dessous pour plus d&#039;informations.<\/p>\t\t\t\t\t\t\t\t<\/div>\n\t\t\t\t<\/div>\n\t\t\t\t<div class=\"elementor-element elementor-element-f417fa5 elementor-widget elementor-widget-la-heading-anchor-link\" data-id=\"f417fa5\" data-element_type=\"widget\" data-e-type=\"widget\" data-widget_type=\"la-heading-anchor-link.default\">\n\t\t\t\t<div class=\"elementor-widget-container\">\n\t\t\t\t\t        <h2 id=\"appointment\" class=\"la_heading_anchor_link\">\n            \u00c0 quoi s&#039;attendre lors de votre rendez-vous            <button onclick=\"LAHeadingAnchorLinkCopyToClipboard('https:\/\/tulsa-health.org\/fr\/services\/family-health-services\/teen-health\/teen-clinic\/#appointment')\">\n                <svg xmlns=\"http:\/\/www.w3.org\/2000\/svg\" width=\"24\" height=\"24\" stroke=\"currentColor\" viewbox=\"0 0 24 24\" fill=\"none\" stroke-width=\"2\" stroke-linecap=\"round\" stroke-linejoin=\"round\" class=\"feather feather-link\">\n                    <path d=\"M10 13a5 5 0 0 0 7.54.54l3-3a5 5 0 0 0-7.07-7.07l-1.72 1.71\"><\/path><path d=\"M14 11a5 5 0 0 0-7.54-.54l-3 3a5 5 0 0 0 7.07 7.07l1.71-1.71\"><\/path>\n                <\/svg>\n            <\/button>\n        <\/h2>\n        \t\t\t\t<\/div>\n\t\t\t\t<\/div>\n\t\t\t\t<div class=\"elementor-element elementor-element-81a3ebf elementor-widget elementor-widget-text-editor\" data-id=\"81a3ebf\" data-element_type=\"widget\" data-e-type=\"widget\" data-widget_type=\"text-editor.default\">\n\t\t\t\t<div class=\"elementor-widget-container\">\n\t\t\t\t\t\t\t\t\t<p>Vous pourriez vous sentir nerveux en visitant notre clinique de planification familiale pour la premi\u00e8re fois. Plus vous serez pr\u00e9par\u00e9 \u00e0 l&#039;avance, plus vous serez d\u00e9tendu le jour du rendez-vous. Voici \u00e0 quoi vous pouvez vous attendre\u00a0:<\/p><ul><li>Formalit\u00e9s administratives. Arrivez environ 15 minutes avant l\u2019heure pr\u00e9vue de votre rendez-vous pour remplir les documents n\u00e9cessaires. Si vous avez des questions, posez-les-nous. N&#039;oubliez pas qu&#039;un parent\/tuteur devra signer un formulaire de consentement pour que vous puissiez recevoir des services de planification familiale ou que vous devrez r\u00e9pondre \u00e0 des crit\u00e8res sp\u00e9cifiques afin de consentir vous-m\u00eame aux services.<\/li><li>Vous devrez peut-\u00eatre donner un \u00e9chantillon d&#039;urine, alors assurez-vous de boire de l&#039;eau avant votre arriv\u00e9e.<\/li><li>Lorsque vous serez dans la salle d&#039;examen, le professionnel de la sant\u00e9 vous posera des questions sur vos ant\u00e9c\u00e9dents m\u00e9dicaux. Vous aurez \u00e9galement la possibilit\u00e9 de nous poser des questions sur tout test ou m\u00e9dicament dont vous avez besoin ou souhaitez. Vous avez peur de ne plus savoir quoi demander ? Vous pouvez apporter quelques notes.<\/li><li>Selon le type de rendez-vous, vous pourrez subir un examen physique.<\/li><li>Apr\u00e8s votre visite, passez \u00e0 la fen\u00eatre de rendez-vous si vous devez planifier des suivis.<\/li><\/ul>\t\t\t\t\t\t\t\t<\/div>\n\t\t\t\t<\/div>\n\t\t\t\t<div class=\"elementor-element elementor-element-1c3cc84 elementor-widget elementor-widget-la-heading-anchor-link\" data-id=\"1c3cc84\" data-element_type=\"widget\" data-e-type=\"widget\" data-widget_type=\"la-heading-anchor-link.default\">\n\t\t\t\t<div class=\"elementor-widget-container\">\n\t\t\t\t\t        <h2 id=\"services\" class=\"la_heading_anchor_link\">\n            Services fournis            <button onclick=\"LAHeadingAnchorLinkCopyToClipboard('https:\/\/tulsa-health.org\/fr\/services\/family-health-services\/teen-health\/teen-clinic\/#services')\">\n                <svg xmlns=\"http:\/\/www.w3.org\/2000\/svg\" width=\"24\" height=\"24\" stroke=\"currentColor\" viewbox=\"0 0 24 24\" fill=\"none\" stroke-width=\"2\" stroke-linecap=\"round\" stroke-linejoin=\"round\" class=\"feather feather-link\">\n                    <path d=\"M10 13a5 5 0 0 0 7.54.54l3-3a5 5 0 0 0-7.07-7.07l-1.72 1.71\"><\/path><path d=\"M14 11a5 5 0 0 0-7.54-.54l-3 3a5 5 0 0 0 7.07 7.07l1.71-1.71\"><\/path>\n                <\/svg>\n            <\/button>\n        <\/h2>\n        \t\t\t\t<\/div>\n\t\t\t\t<\/div>\n\t\t\t\t<div class=\"elementor-element elementor-element-7a506c6 elementor-widget elementor-widget-text-editor\" data-id=\"7a506c6\" data-element_type=\"widget\" data-e-type=\"widget\" data-widget_type=\"text-editor.default\">\n\t\t\t\t<div class=\"elementor-widget-container\">\n\t\t\t\t\t\t\t\t\t<ul><li>Pr\u00e9servatifs \u2013 toujours disponibles gratuitement aupr\u00e8s de la r\u00e9ceptionniste \u00e0 chaque <a href=\"\/fr\/locations\/\">Emplacement du d\u00e9partement de sant\u00e9 de Tulsa<\/a><\/li><li>Tests MST<\/li><li>Contr\u00f4le des naissances, y compris les DIU et les implants, le Depo-Provera, les pilules et le Nuvaring*<\/li><li>Test de grossesse*<\/li><li>Contraception d&#039;urgence*<\/li><\/ul><p>*Le consentement parental est requis pour tous les services de planification familiale destin\u00e9s aux adolescents de 17 ans et moins. Toutefois, un adolescent peut consentir lui-m\u00eame aux services s&#039;il r\u00e9pond \u00e0 des crit\u00e8res sp\u00e9cifiques, tels qu&#039;\u00eatre l\u00e9galement \u00e9mancip\u00e9 de son parent\/tuteur, s&#039;il est mari\u00e9, s&#039;il a un enfant \u00e0 charge, sont ind\u00e9pendants de leurs parents\/tuteurs et subviennent \u00e0 leurs besoins, ou sont\/ont \u00e9t\u00e9 enceintes.<\/p>\t\t\t\t\t\t\t\t<\/div>\n\t\t\t\t<\/div>\n\t\t\t\t\t<\/div>\n\t\t<\/div>\n\t\t\t\t\t<\/div>\n\t\t<\/section>\n\t\t\t\t<section class=\"elementor-section elementor-top-section elementor-element elementor-element-46e0241 elementor-section-full_width elementor-section-height-default elementor-section-height-default\" data-id=\"46e0241\" data-element_type=\"section\" data-e-type=\"section\">\n\t\t\t\t\t\t<div class=\"elementor-container elementor-column-gap-default\">\n\t\t\t\t\t<div class=\"elementor-column elementor-col-100 elementor-top-column elementor-element elementor-element-c8afcee\" data-id=\"c8afcee\" data-element_type=\"column\" data-e-type=\"column\">\n\t\t\t<div class=\"elementor-widget-wrap elementor-element-populated\">\n\t\t\t\t\t\t<div class=\"elementor-element elementor-element-3f28256 elementor-widget elementor-widget-shortcode\" data-id=\"3f28256\" data-element_type=\"widget\" data-e-type=\"widget\" data-widget_type=\"shortcode.default\">\n\t\t\t\t<div class=\"elementor-widget-container\">\n\t\t\t\t\t\t\t<div class=\"elementor-shortcode\">\t\t<div data-elementor-type=\"section\" data-elementor-id=\"4934\" class=\"elementor elementor-4934\" data-elementor-post-type=\"elementor_library\">\n\t\t\t\t\t<section class=\"elementor-section elementor-top-section elementor-element elementor-element-4469b59d elementor-section-stretched elementor-section-boxed elementor-section-height-default elementor-section-height-default\" data-id=\"4469b59d\" data-element_type=\"section\" data-e-type=\"section\" data-settings=\"{&quot;background_background&quot;:&quot;classic&quot;,&quot;stretch_section&quot;:&quot;section-stretched&quot;}\">\n\t\t\t\t\t\t\t<div class=\"elementor-background-overlay\"><\/div>\n\t\t\t\t\t\t\t<div class=\"elementor-container elementor-column-gap-default\">\n\t\t\t\t\t<div class=\"elementor-column elementor-col-100 elementor-top-column elementor-element elementor-element-615ea353\" data-id=\"615ea353\" data-element_type=\"column\" data-e-type=\"column\">\n\t\t\t<div class=\"elementor-widget-wrap elementor-element-populated\">\n\t\t\t\t\t\t<div class=\"elementor-element elementor-element-bdb2691 elementor-widget elementor-widget-heading\" data-id=\"bdb2691\" data-element_type=\"widget\" data-e-type=\"widget\" data-widget_type=\"heading.default\">\n\t\t\t\t<div class=\"elementor-widget-container\">\n\t\t\t\t\t<h5 class=\"elementor-heading-title elementor-size-default\">EMPLACEMENTS<\/h5>\t\t\t\t<\/div>\n\t\t\t\t<\/div>\n\t\t\t\t<div class=\"elementor-element elementor-element-00f74f9 elementor-widget elementor-widget-text-editor\" data-id=\"00f74f9\" data-element_type=\"widget\" data-e-type=\"widget\" data-widget_type=\"text-editor.default\">\n\t\t\t\t<div class=\"elementor-widget-container\">\n\t\t\t\t\t\t\t\t\t<p>Nous avons 9 sites dans le comt\u00e9 de Tulsa qui offrent une vari\u00e9t\u00e9 de services pour vous aider, vous et votre famille, \u00e0 rester en bonne sant\u00e9.<\/p>\t\t\t\t\t\t\t\t<\/div>\n\t\t\t\t<\/div>\n\t\t\t\t<div class=\"elementor-element elementor-element-fd63501 elementor-align-center secondary elementor-widget elementor-widget-button\" data-id=\"fd63501\" data-element_type=\"widget\" data-e-type=\"widget\" data-widget_type=\"button.default\">\n\t\t\t\t<div class=\"elementor-widget-container\">\n\t\t\t\t\t\t\t\t\t<div class=\"elementor-button-wrapper\">\n\t\t\t\t\t<a class=\"elementor-button elementor-button-link elementor-size-sm\" href=\"\/fr\/locations\/\">\n\t\t\t\t\t\t<span class=\"elementor-button-content-wrapper\">\n\t\t\t\t\t\t\t\t\t<span class=\"elementor-button-text\">Trouvez le v\u00f4tre<\/span>\n\t\t\t\t\t<\/span>\n\t\t\t\t\t<\/a>\n\t\t\t\t<\/div>\n\t\t\t\t\t\t\t\t<\/div>\n\t\t\t\t<\/div>\n\t\t\t\t\t<\/div>\n\t\t<\/div>\n\t\t\t\t\t<\/div>\n\t\t<\/section>\n\t\t\t\t<\/div>\n\t\t<\/div>\n\t\t\t\t\t\t<\/div>\n\t\t\t\t<\/div>\n\t\t\t\t\t<\/div>\n\t\t<\/div>\n\t\t\t\t\t<\/div>\n\t\t<\/section>\n\t\t\t\t<\/div>","protected":false},"excerpt":{"rendered":"<p>Teen Clinic\u200b THD&#8217;s teen clinic provides confidential sexual and reproductive health care for teens with parent\/guardian consent. Visitors to our teen clinics will be received by a warm, caring staff. We are here to listen and offer counseling and education to address any questions or concerns you may have. Appointments can be made by calling\u00a0918-582-9355 [&hellip;]<\/p>\n","protected":false},"author":1,"featured_media":10515,"parent":1772,"menu_order":0,"comment_status":"closed","ping_status":"closed","template":"elementor_header_footer","meta":{"_acf_changed":false,"footnotes":""},"class_list":["post-1780","page","type-page","status-publish","has-post-thumbnail","hentry"],"acf":[],"yoast_head":"<!-- This site is optimized with the Yoast SEO plugin v27.3 - https:\/\/yoast.com\/product\/yoast-seo-wordpress\/ -->\n<title>Teen Clinic - Tulsa Health Department<\/title>\n<meta name=\"description\" content=\"Youth 19 and under can receive confidential sexual and reproductive health care. Parental consent may be required for those under the age of 18 years to receive services.\" \/>\n<meta name=\"robots\" content=\"index, follow, max-snippet:-1, max-image-preview:large, max-video-preview:-1\" \/>\n<link rel=\"canonical\" href=\"https:\/\/tulsa-health.org\/fr\/services\/family-health-services\/teen-health\/teen-clinic\/\" \/>\n<meta property=\"og:locale\" content=\"fr_FR\" \/>\n<meta property=\"og:type\" content=\"article\" \/>\n<meta property=\"og:title\" content=\"Teen Clinic - Tulsa Health Department\" \/>\n<meta property=\"og:description\" content=\"Youth 19 and under can receive confidential sexual and reproductive health care. Parental consent may be required for those under the age of 18 years to receive services.\" \/>\n<meta property=\"og:url\" content=\"https:\/\/tulsa-health.org\/fr\/services\/family-health-services\/teen-health\/teen-clinic\/\" \/>\n<meta property=\"og:site_name\" content=\"Tulsa Health Department\" \/>\n<meta property=\"article:modified_time\" content=\"2024-05-29T17:45:26+00:00\" \/>\n<meta property=\"og:image\" content=\"https:\/\/tulsa-health.org\/wp-content\/uploads\/2023\/07\/teen-clinic-1.jpg\" \/>\n\t<meta property=\"og:image:width\" content=\"1620\" \/>\n\t<meta property=\"og:image:height\" content=\"1080\" \/>\n\t<meta property=\"og:image:type\" content=\"image\/jpeg\" \/>\n<meta name=\"twitter:card\" content=\"summary_large_image\" \/>\n<meta name=\"twitter:label1\" content=\"Dur\u00e9e de lecture estim\u00e9e\" \/>\n\t<meta name=\"twitter:data1\" content=\"2 minutes\" \/>\n<script type=\"application\/ld+json\" class=\"yoast-schema-graph\">{\"@context\":\"https:\\\/\\\/schema.org\",\"@graph\":[{\"@type\":\"WebPage\",\"@id\":\"https:\\\/\\\/tulsa-health.org\\\/services\\\/family-health-services\\\/teen-health\\\/teen-clinic\\\/\",\"url\":\"https:\\\/\\\/tulsa-health.org\\\/services\\\/family-health-services\\\/teen-health\\\/teen-clinic\\\/\",\"name\":\"Teen Clinic - Tulsa Health Department\",\"isPartOf\":{\"@id\":\"https:\\\/\\\/tulsa-health.org\\\/es\\\/#website\"},\"primaryImageOfPage\":{\"@id\":\"https:\\\/\\\/tulsa-health.org\\\/services\\\/family-health-services\\\/teen-health\\\/teen-clinic\\\/#primaryimage\"},\"image\":{\"@id\":\"https:\\\/\\\/tulsa-health.org\\\/services\\\/family-health-services\\\/teen-health\\\/teen-clinic\\\/#primaryimage\"},\"thumbnailUrl\":\"https:\\\/\\\/tulsa-health.org\\\/wp-content\\\/uploads\\\/2023\\\/07\\\/teen-clinic-1.jpg\",\"datePublished\":\"2023-05-02T22:15:07+00:00\",\"dateModified\":\"2024-05-29T17:45:26+00:00\",\"description\":\"Youth 19 and under can receive confidential sexual and reproductive health care. Parental consent may be required for those under the age of 18 years to receive services.\",\"breadcrumb\":{\"@id\":\"https:\\\/\\\/tulsa-health.org\\\/services\\\/family-health-services\\\/teen-health\\\/teen-clinic\\\/#breadcrumb\"},\"inLanguage\":\"fr-FR\",\"potentialAction\":[{\"@type\":\"ReadAction\",\"target\":[\"https:\\\/\\\/tulsa-health.org\\\/services\\\/family-health-services\\\/teen-health\\\/teen-clinic\\\/\"]}]},{\"@type\":\"ImageObject\",\"inLanguage\":\"fr-FR\",\"@id\":\"https:\\\/\\\/tulsa-health.org\\\/services\\\/family-health-services\\\/teen-health\\\/teen-clinic\\\/#primaryimage\",\"url\":\"https:\\\/\\\/tulsa-health.org\\\/wp-content\\\/uploads\\\/2023\\\/07\\\/teen-clinic-1.jpg\",\"contentUrl\":\"https:\\\/\\\/tulsa-health.org\\\/wp-content\\\/uploads\\\/2023\\\/07\\\/teen-clinic-1.jpg\",\"width\":1620,\"height\":1080,\"caption\":\"Teen Clinic\"},{\"@type\":\"BreadcrumbList\",\"@id\":\"https:\\\/\\\/tulsa-health.org\\\/services\\\/family-health-services\\\/teen-health\\\/teen-clinic\\\/#breadcrumb\",\"itemListElement\":[{\"@type\":\"ListItem\",\"position\":1,\"name\":\"Home\",\"item\":\"https:\\\/\\\/tulsa-health.org\\\/\"},{\"@type\":\"ListItem\",\"position\":2,\"name\":\"Services\",\"item\":\"https:\\\/\\\/tulsa-health.org\\\/services\\\/\"},{\"@type\":\"ListItem\",\"position\":3,\"name\":\"Family Health Services\",\"item\":\"https:\\\/\\\/tulsa-health.org\\\/services\\\/family-health-services\\\/\"},{\"@type\":\"ListItem\",\"position\":4,\"name\":\"Teen Health\",\"item\":\"https:\\\/\\\/tulsa-health.org\\\/services\\\/family-health-services\\\/teen-health\\\/\"},{\"@type\":\"ListItem\",\"position\":5,\"name\":\"Teen Clinic\"}]},{\"@type\":\"WebSite\",\"@id\":\"https:\\\/\\\/tulsa-health.org\\\/es\\\/#website\",\"url\":\"https:\\\/\\\/tulsa-health.org\\\/es\\\/\",\"name\":\"Tulsa Health Department\",\"description\":\"Clinical Services, Immunizations, Permits and More | Tulsa Health Department\",\"potentialAction\":[{\"@type\":\"SearchAction\",\"target\":{\"@type\":\"EntryPoint\",\"urlTemplate\":\"https:\\\/\\\/tulsa-health.org\\\/es\\\/?s={search_term_string}\"},\"query-input\":{\"@type\":\"PropertyValueSpecification\",\"valueRequired\":true,\"valueName\":\"search_term_string\"}}],\"inLanguage\":\"fr-FR\"}]}<\/script>\n<!-- \/ Yoast SEO plugin. -->","yoast_head_json":{"title":"Clinique pour adolescents - D\u00e9partement de la sant\u00e9 de Tulsa","description":"Les jeunes de 19 ans et moins peuvent b\u00e9n\u00e9ficier de soins de sant\u00e9 sexuelle et reproductive confidentiels. Le consentement parental peut \u00eatre requis pour les moins de 18 ans.","robots":{"index":"index","follow":"follow","max-snippet":"max-snippet:-1","max-image-preview":"max-image-preview:large","max-video-preview":"max-video-preview:-1"},"canonical":"https:\/\/tulsa-health.org\/fr\/services\/family-health-services\/teen-health\/teen-clinic\/","og_locale":"fr_FR","og_type":"article","og_title":"Teen Clinic - Tulsa Health Department","og_description":"Youth 19 and under can receive confidential sexual and reproductive health care. Parental consent may be required for those under the age of 18 years to receive services.","og_url":"https:\/\/tulsa-health.org\/fr\/services\/family-health-services\/teen-health\/teen-clinic\/","og_site_name":"Tulsa Health Department","article_modified_time":"2024-05-29T17:45:26+00:00","og_image":[{"width":1620,"height":1080,"url":"https:\/\/tulsa-health.org\/wp-content\/uploads\/2023\/07\/teen-clinic-1.jpg","type":"image\/jpeg"}],"twitter_card":"summary_large_image","twitter_misc":{"Dur\u00e9e de lecture estim\u00e9e":"2 minutes"},"schema":{"@context":"https:\/\/schema.org","@graph":[{"@type":"WebPage","@id":"https:\/\/tulsa-health.org\/services\/family-health-services\/teen-health\/teen-clinic\/","url":"https:\/\/tulsa-health.org\/services\/family-health-services\/teen-health\/teen-clinic\/","name":"Clinique pour adolescents - D\u00e9partement de la sant\u00e9 de Tulsa","isPartOf":{"@id":"https:\/\/tulsa-health.org\/es\/#website"},"primaryImageOfPage":{"@id":"https:\/\/tulsa-health.org\/services\/family-health-services\/teen-health\/teen-clinic\/#primaryimage"},"image":{"@id":"https:\/\/tulsa-health.org\/services\/family-health-services\/teen-health\/teen-clinic\/#primaryimage"},"thumbnailUrl":"https:\/\/tulsa-health.org\/wp-content\/uploads\/2023\/07\/teen-clinic-1.jpg","datePublished":"2023-05-02T22:15:07+00:00","dateModified":"2024-05-29T17:45:26+00:00","description":"Les jeunes de 19 ans et moins peuvent b\u00e9n\u00e9ficier de soins de sant\u00e9 sexuelle et reproductive confidentiels. Le consentement parental peut \u00eatre requis pour les moins de 18 ans.","breadcrumb":{"@id":"https:\/\/tulsa-health.org\/services\/family-health-services\/teen-health\/teen-clinic\/#breadcrumb"},"inLanguage":"fr-FR","potentialAction":[{"@type":"ReadAction","target":["https:\/\/tulsa-health.org\/services\/family-health-services\/teen-health\/teen-clinic\/"]}]},{"@type":"ImageObject","inLanguage":"fr-FR","@id":"https:\/\/tulsa-health.org\/services\/family-health-services\/teen-health\/teen-clinic\/#primaryimage","url":"https:\/\/tulsa-health.org\/wp-content\/uploads\/2023\/07\/teen-clinic-1.jpg","contentUrl":"https:\/\/tulsa-health.org\/wp-content\/uploads\/2023\/07\/teen-clinic-1.jpg","width":1620,"height":1080,"caption":"Teen Clinic"},{"@type":"BreadcrumbList","@id":"https:\/\/tulsa-health.org\/services\/family-health-services\/teen-health\/teen-clinic\/#breadcrumb","itemListElement":[{"@type":"ListItem","position":1,"name":"Home","item":"https:\/\/tulsa-health.org\/"},{"@type":"ListItem","position":2,"name":"Services","item":"https:\/\/tulsa-health.org\/services\/"},{"@type":"ListItem","position":3,"name":"Family Health Services","item":"https:\/\/tulsa-health.org\/services\/family-health-services\/"},{"@type":"ListItem","position":4,"name":"Teen Health","item":"https:\/\/tulsa-health.org\/services\/family-health-services\/teen-health\/"},{"@type":"ListItem","position":5,"name":"Teen Clinic"}]},{"@type":"WebSite","@id":"https:\/\/tulsa-health.org\/es\/#website","url":"https:\/\/tulsa-health.org\/es\/","name":"D\u00e9partement de la sant\u00e9 de Tulsa","description":"Services cliniques, vaccinations, permis et plus | D\u00e9partement de la Sant\u00e9 de Tulsa","potentialAction":[{"@type":"SearchAction","target":{"@type":"EntryPoint","urlTemplate":"https:\/\/tulsa-health.org\/es\/?s={search_term_string}"},"query-input":{"@type":"PropertyValueSpecification","valueRequired":true,"valueName":"search_term_string"}}],"inLanguage":"fr-FR"}]}},"publishpress_future_workflow_manual_trigger":{"enabledWorkflows":[]},"_links":{"self":[{"href":"https:\/\/tulsa-health.org\/fr\/wp-json\/wp\/v2\/pages\/1780","targetHints":{"allow":["GET"]}}],"collection":[{"href":"https:\/\/tulsa-health.org\/fr\/wp-json\/wp\/v2\/pages"}],"about":[{"href":"https:\/\/tulsa-health.org\/fr\/wp-json\/wp\/v2\/types\/page"}],"author":[{"embeddable":true,"href":"https:\/\/tulsa-health.org\/fr\/wp-json\/wp\/v2\/users\/1"}],"replies":[{"embeddable":true,"href":"https:\/\/tulsa-health.org\/fr\/wp-json\/wp\/v2\/comments?post=1780"}],"version-history":[{"count":0,"href":"https:\/\/tulsa-health.org\/fr\/wp-json\/wp\/v2\/pages\/1780\/revisions"}],"up":[{"embeddable":true,"href":"https:\/\/tulsa-health.org\/fr\/wp-json\/wp\/v2\/pages\/1772"}],"wp:featuredmedia":[{"embeddable":true,"href":"https:\/\/tulsa-health.org\/fr\/wp-json\/wp\/v2\/media\/10515"}],"wp:attachment":[{"href":"https:\/\/tulsa-health.org\/fr\/wp-json\/wp\/v2\/media?parent=1780"}],"curies":[{"name":"wp","href":"https:\/\/api.w.org\/{rel}","templated":true}]}}