{"id":1908,"date":"2023-05-03T10:51:53","date_gmt":"2023-05-03T15:51:53","guid":{"rendered":"https:\/\/test.tulsa-health.org\/?page_id=1908"},"modified":"2023-12-21T10:17:40","modified_gmt":"2023-12-21T16:17:40","slug":"public-safety-and-data-services","status":"publish","type":"page","link":"https:\/\/tulsa-health.org\/fr\/services\/public-safety-and-data-services\/","title":{"rendered":"S\u00e9curit\u00e9 publique et services de donn\u00e9es"},"content":{"rendered":"<div data-elementor-type=\"wp-page\" data-elementor-id=\"1908\" class=\"elementor elementor-1908\" data-elementor-post-type=\"page\">\n\t\t\t\t\t\t<section class=\"elementor-section elementor-top-section elementor-element elementor-element-1ea9ce4 elementor-section-full_width elementor-section-height-min-height elementor-section-height-default elementor-section-items-middle\" data-id=\"1ea9ce4\" data-element_type=\"section\" data-e-type=\"section\" data-settings=\"{&quot;background_background&quot;:&quot;classic&quot;}\">\n\t\t\t\t\t\t<div class=\"elementor-container elementor-column-gap-no\">\n\t\t\t\t\t<div class=\"elementor-column elementor-col-100 elementor-top-column elementor-element elementor-element-b515436\" data-id=\"b515436\" data-element_type=\"column\" data-e-type=\"column\">\n\t\t\t<div class=\"elementor-widget-wrap\">\n\t\t\t\t\t\t\t<\/div>\n\t\t<\/div>\n\t\t\t\t\t<\/div>\n\t\t<\/section>\n\t\t\t\t<section class=\"elementor-section elementor-top-section elementor-element elementor-element-0bd7406 elementor-section-boxed elementor-section-height-default elementor-section-height-default\" data-id=\"0bd7406\" data-element_type=\"section\" data-e-type=\"section\" data-settings=\"{&quot;background_background&quot;:&quot;classic&quot;}\">\n\t\t\t\t\t\t<div class=\"elementor-container elementor-column-gap-default\">\n\t\t\t\t\t<div class=\"elementor-column elementor-col-100 elementor-top-column elementor-element elementor-element-6959a91\" data-id=\"6959a91\" data-element_type=\"column\" data-e-type=\"column\">\n\t\t\t<div class=\"elementor-widget-wrap elementor-element-populated\">\n\t\t\t\t\t\t<div class=\"elementor-element elementor-element-ecdc131 elementor-widget elementor-widget-heading\" data-id=\"ecdc131\" data-element_type=\"widget\" data-e-type=\"widget\" data-widget_type=\"heading.default\">\n\t\t\t\t<div class=\"elementor-widget-container\">\n\t\t\t\t\t<h1 class=\"elementor-heading-title elementor-size-default\">la s\u00e9curit\u00e9 publique et <br>services de donn\u00e9es<\/h1>\t\t\t\t<\/div>\n\t\t\t\t<\/div>\n\t\t\t\t<div class=\"elementor-element elementor-element-c46c913 elementor-widget elementor-widget-text-editor\" data-id=\"c46c913\" data-element_type=\"widget\" data-e-type=\"widget\" data-widget_type=\"text-editor.default\">\n\t\t\t\t<div class=\"elementor-widget-container\">\n\t\t\t\t\t\t\t\t\t<p>Le d\u00e9partement de sant\u00e9 de Tulsa joue un r\u00f4le crucial dans la s\u00e9curit\u00e9 publique et le bien-\u00eatre de ses r\u00e9sidents. THD s&#039;appuie sur des services de donn\u00e9es pour collecter, analyser et interpr\u00e9ter des donn\u00e9es li\u00e9es \u00e0 la sant\u00e9 afin de prendre des d\u00e9cisions \u00e9clair\u00e9es et de d\u00e9velopper des strat\u00e9gies de sant\u00e9 publique efficaces. Qu&#039;il s&#039;agisse de garantir l&#039;acc\u00e8s \u00e0 des aliments s\u00fbrs ou de pr\u00e9venir la propagation des maladies infectieuses, le minist\u00e8re de la Sant\u00e9 s&#039;engage \u00e0 promouvoir la sant\u00e9 et la s\u00e9curit\u00e9 de tous.<\/p>\t\t\t\t\t\t\t\t<\/div>\n\t\t\t\t<\/div>\n\t\t\t\t\t<\/div>\n\t\t<\/div>\n\t\t\t\t\t<\/div>\n\t\t<\/section>\n\t\t\t\t<section class=\"elementor-section elementor-top-section elementor-element elementor-element-c0d60fa elementor-section-boxed elementor-section-height-default elementor-section-height-default\" data-id=\"c0d60fa\" data-element_type=\"section\" data-e-type=\"section\" data-settings=\"{&quot;background_background&quot;:&quot;classic&quot;}\">\n\t\t\t\t\t\t<div class=\"elementor-container elementor-column-gap-default\">\n\t\t\t\t\t<div class=\"elementor-column elementor-col-100 elementor-top-column elementor-element elementor-element-e8c75de\" data-id=\"e8c75de\" data-element_type=\"column\" data-e-type=\"column\">\n\t\t\t<div class=\"elementor-widget-wrap elementor-element-populated\">\n\t\t\t\t\t\t<div class=\"elementor-element elementor-element-b553513 elementor-widget elementor-widget-ucaddon_unlimited_grid\" data-id=\"b553513\" data-element_type=\"widget\" data-e-type=\"widget\" data-widget_type=\"ucaddon_unlimited_grid.default\">\n\t\t\t\t<div class=\"elementor-widget-container\">\n\t\t\t\t\t\n<!-- start Unlimited Grid -->\n\t\t<link id='font-awesome-css' href='https:\/\/tulsa-health.org\/wp-content\/plugins\/unlimited-elements-for-elementor-premium\/assets_libraries\/font-awesome6\/fontawesome-all.min.css' type='text\/css' rel='stylesheet' >\n\t\t<link id='font-awesome-4-shim-css' href='https:\/\/tulsa-health.org\/wp-content\/plugins\/unlimited-elements-for-elementor-premium\/assets_libraries\/font-awesome6\/fontawesome-v4-shims.min.css' type='text\/css' rel='stylesheet' >\n\t\t<link id='fancybox-css' href='https:\/\/tulsa-health.org\/wp-content\/plugins\/unlimited-elements-for-elementor-premium\/assets_libraries\/fancybox3\/jquery.fancybox.min.css' type='text\/css' rel='stylesheet' >\n\n<style>\/* widget: Unlimited Grid *\/\n\n#uc_unlimited_grid_elementor_b553513\n{\n  display:grid;\n  grid-auto-rows: 1fr;\n}\n\n.ue-btn\n{\n  text-decoration:none;\n  text-align:center;\n  transition:0.3s;\n}\n\n#uc_unlimited_grid_elementor_b553513 .ue-overlay-link\n{\n  display:block;\n  position:absolute;\n  top:0px;\n  bottom:0px;\n  right:0px;\n  left:0px;\n}\n\n#uc_unlimited_grid_elementor_b553513 .ue-item\n{\n  position:relative;\n  display:flex;\n  overflow:hidden;\n  background-size:cover;\n}\n\n#uc_unlimited_grid_elementor_b553513 .ue-item-overlay\n{\n  position:absolute;\n  top:0;\n  right:0;\n  left:0;\n  bottom:0;\n  transition:0.3s;\n}\n\n#uc_unlimited_grid_elementor_b553513 .ue-item-bg\n{\n  position:absolute;\n  top:0;\n  right:0;\n  left:0;\n  bottom:0;\n  transition:0.3s;\n  background-size:cover;\n}\n\n\n\t\n\n\n\n\n\n\n#uc_unlimited_grid_elementor_b553513 .ue-graphic-element\n{\n  display:inline-flex;\n  align-items:center;\n  justify-content:center;\n  line-height:1em;\n  overflow:hidden;\n}\n\n#uc_unlimited_grid_elementor_b553513 .ue-graphic-element svg\n{\n  height:1em;\n  width:1em;\n}\n\n#uc_unlimited_grid_elementor_b553513 .ue-graphic-element img\n{\n  display:block;\n}\n\n.ue-item-title\n{\n  font-size:21px;\n}\n\n#uc_unlimited_grid_elementor_b553513 .ue-item-content\n{\n  position:relative;\n  width:100%;\n}\n\n\n\n\t@media only screen and (max-width: 767px) {\n      \n      \n      #uc_unlimited_grid_elementor_b553513  {\n          grid-template-columns: repeat(1, 1fr);\n        }\n      \n      #uc_unlimited_grid_elementor_b553513 .ue-item\n      {\n        grid-column: span 1;\n        grid-row: span 1;\n      }\n      \n      \n      }\n\t\n\n\n\n\n\n\n\n\n\n\n\n\n\n\n\n\n\n  #uc_unlimited_grid_elementor_b553513 #uc_unlimited_grid_elementor_b553513_item1 .ue-item-bg\n  {\n    background-image:url(https:\/\/tulsa-health.org\/wp-content\/uploads\/2023\/10\/Header-pest-control.jpg);\n  }\n\n\n\n  #uc_unlimited_grid_elementor_b553513 #uc_unlimited_grid_elementor_b553513_item2 .ue-item-bg\n  {\n    background-image:url(https:\/\/tulsa-health.org\/wp-content\/uploads\/2023\/07\/Food-Recall-let-me-know-if-this-doesnt-work-lol-.png);\n  }\n\n\n\n  #uc_unlimited_grid_elementor_b553513 #uc_unlimited_grid_elementor_b553513_item3 .ue-item-bg\n  {\n    background-image:url(https:\/\/tulsa-health.org\/wp-content\/uploads\/2023\/07\/Data-and-Stats.jpg);\n  }\n\n\n\n  #uc_unlimited_grid_elementor_b553513 #uc_unlimited_grid_elementor_b553513_item4 .ue-item-bg\n  {\n    background-image:url(https:\/\/tulsa-health.org\/wp-content\/uploads\/2023\/07\/Vital-Records.png);\n  }\n\n\n\n\n\n<\/style>\n\n<div id=\"uc_unlimited_grid_elementor_b553513\" class=\"ue-unlimited-grid\">\n  <div id=\"uc_unlimited_grid_elementor_b553513_item1\" class=\"ue-item elementor-repeater-item-23ed0eb\">\n  <div class=\"ue-item-bg\"><\/div>\n  <div class=\"ue-item-overlay\"><\/div>\n  \n    <div class=\"ue-item-content None\">\n                      <div class=\"ue-item-title\">Antiparasitaire<\/div>\n    <div class=\"ue-item-text\"><p>Lorsqu\u2019un organisme nuisible est susceptible d\u2019avoir un impact sur la sant\u00e9 humaine, le contr\u00f4le de cet organisme nuisible devient une pr\u00e9occupation communautaire. Notre programme de contr\u00f4le vectoriel surveille les parasites tels que les moustiques qui peuvent transmettre ou \u00ab vecteurs \u00bb des maladies.<\/p><\/div>\n      <\/div>\n    \n  \n    \n    \n  <a class=\"ue-overlay-link\" href=\"\/fr\/services\/public-safety-and-data-services\/pest-control\/\" ><\/a>\n  \n  \n  \n<\/div>\n<div id=\"uc_unlimited_grid_elementor_b553513_item2\" class=\"ue-item elementor-repeater-item-c3ce2af\">\n  <div class=\"ue-item-bg\"><\/div>\n  <div class=\"ue-item-overlay\"><\/div>\n  \n    <div class=\"ue-item-content None\">\n                      <div class=\"ue-item-title\">Services de rappel d&#039;aliments<\/div>\n    <div class=\"ue-item-text\"><p>Recevez des avis \u00e0 jour sur les rappels d&#039;aliments et les alertes de la FDA et de l&#039;USDA.<\/p><\/div>\n      <\/div>\n    \n  \n    \n    \n  <a class=\"ue-overlay-link\" href=\"\/fr\/services\/public-safety-and-data-services\/food-recall-services\/\" ><\/a>\n  \n  \n  \n<\/div>\n<div id=\"uc_unlimited_grid_elementor_b553513_item3\" class=\"ue-item elementor-repeater-item-3430f5b\">\n  <div class=\"ue-item-bg\"><\/div>\n  <div class=\"ue-item-overlay\"><\/div>\n  \n    <div class=\"ue-item-content None\">\n                      <div class=\"ue-item-title\">Donn\u00e9es et statistiques<\/div>\n    <div class=\"ue-item-text\"><p>THD collecte et analyse des donn\u00e9es pour informer le public et les professionnels de la sant\u00e9 sur l&#039;\u00e9tat de sant\u00e9 des r\u00e9sidents du comt\u00e9 de Tulsa \u00e0 tout moment.<\/p><\/div>\n      <\/div>\n    \n  \n    \n    \n  <a class=\"ue-overlay-link\" href=\"\/fr\/services\/public-safety-and-data-services\/data-and-stats\/\" ><\/a>\n  \n  \n  \n<\/div>\n<div id=\"uc_unlimited_grid_elementor_b553513_item4\" class=\"ue-item elementor-repeater-item-c321790\">\n  <div class=\"ue-item-bg\"><\/div>\n  <div class=\"ue-item-overlay\"><\/div>\n  \n    <div class=\"ue-item-content None\">\n                      <div class=\"ue-item-title\">Actes de naissance et de d\u00e9c\u00e8s<\/div>\n    <div class=\"ue-item-text\"><p>Oklahoma Vital Records tient les registres des naissances et des d\u00e9c\u00e8s survenus dans l&#039;\u00c9tat de l&#039;Oklahoma.<\/p><\/div>\n      <\/div>\n    \n  \n    \n    \n  <a class=\"ue-overlay-link\" href=\"\/fr\/services\/public-safety-and-data-services\/birth-and-death-records\/\" ><\/a>\n  \n  \n  \n<\/div>\n\n<\/div>\n<!-- end Unlimited Grid -->\t\t\t\t<\/div>\n\t\t\t\t<\/div>\n\t\t\t\t\t<\/div>\n\t\t<\/div>\n\t\t\t\t\t<\/div>\n\t\t<\/section>\n\t\t\t\t<section class=\"elementor-section elementor-top-section elementor-element elementor-element-6a36fdb elementor-section-full_width elementor-section-height-default elementor-section-height-default\" data-id=\"6a36fdb\" data-element_type=\"section\" data-e-type=\"section\">\n\t\t\t\t\t\t<div class=\"elementor-container elementor-column-gap-default\">\n\t\t\t\t\t<div class=\"elementor-column elementor-col-100 elementor-top-column elementor-element elementor-element-01f9c4a\" data-id=\"01f9c4a\" data-element_type=\"column\" data-e-type=\"column\">\n\t\t\t<div class=\"elementor-widget-wrap elementor-element-populated\">\n\t\t\t\t\t\t<div class=\"elementor-element elementor-element-c8165b4 elementor-widget elementor-widget-shortcode\" data-id=\"c8165b4\" data-element_type=\"widget\" data-e-type=\"widget\" data-widget_type=\"shortcode.default\">\n\t\t\t\t<div class=\"elementor-widget-container\">\n\t\t\t\t\t\t\t<div class=\"elementor-shortcode\">\t\t<div data-elementor-type=\"section\" data-elementor-id=\"4934\" class=\"elementor elementor-4934\" data-elementor-post-type=\"elementor_library\">\n\t\t\t\t\t<section class=\"elementor-section elementor-top-section elementor-element elementor-element-4469b59d elementor-section-stretched elementor-section-boxed elementor-section-height-default elementor-section-height-default\" data-id=\"4469b59d\" data-element_type=\"section\" data-e-type=\"section\" data-settings=\"{&quot;background_background&quot;:&quot;classic&quot;,&quot;stretch_section&quot;:&quot;section-stretched&quot;}\">\n\t\t\t\t\t\t\t<div class=\"elementor-background-overlay\"><\/div>\n\t\t\t\t\t\t\t<div class=\"elementor-container elementor-column-gap-default\">\n\t\t\t\t\t<div class=\"elementor-column elementor-col-100 elementor-top-column elementor-element elementor-element-615ea353\" data-id=\"615ea353\" data-element_type=\"column\" data-e-type=\"column\">\n\t\t\t<div class=\"elementor-widget-wrap elementor-element-populated\">\n\t\t\t\t\t\t<div class=\"elementor-element elementor-element-bdb2691 elementor-widget elementor-widget-heading\" data-id=\"bdb2691\" data-element_type=\"widget\" data-e-type=\"widget\" data-widget_type=\"heading.default\">\n\t\t\t\t<div class=\"elementor-widget-container\">\n\t\t\t\t\t<h5 class=\"elementor-heading-title elementor-size-default\">EMPLACEMENTS<\/h5>\t\t\t\t<\/div>\n\t\t\t\t<\/div>\n\t\t\t\t<div class=\"elementor-element elementor-element-00f74f9 elementor-widget elementor-widget-text-editor\" data-id=\"00f74f9\" data-element_type=\"widget\" data-e-type=\"widget\" data-widget_type=\"text-editor.default\">\n\t\t\t\t<div class=\"elementor-widget-container\">\n\t\t\t\t\t\t\t\t\t<p>Nous avons 9 sites dans le comt\u00e9 de Tulsa qui offrent une vari\u00e9t\u00e9 de services pour vous aider, vous et votre famille, \u00e0 rester en bonne sant\u00e9.<\/p>\t\t\t\t\t\t\t\t<\/div>\n\t\t\t\t<\/div>\n\t\t\t\t<div class=\"elementor-element elementor-element-fd63501 elementor-align-center secondary elementor-widget elementor-widget-button\" data-id=\"fd63501\" data-element_type=\"widget\" data-e-type=\"widget\" data-widget_type=\"button.default\">\n\t\t\t\t<div class=\"elementor-widget-container\">\n\t\t\t\t\t\t\t\t\t<div class=\"elementor-button-wrapper\">\n\t\t\t\t\t<a class=\"elementor-button elementor-button-link elementor-size-sm\" href=\"\/fr\/locations\/\">\n\t\t\t\t\t\t<span class=\"elementor-button-content-wrapper\">\n\t\t\t\t\t\t\t\t\t<span class=\"elementor-button-text\">Trouvez le v\u00f4tre<\/span>\n\t\t\t\t\t<\/span>\n\t\t\t\t\t<\/a>\n\t\t\t\t<\/div>\n\t\t\t\t\t\t\t\t<\/div>\n\t\t\t\t<\/div>\n\t\t\t\t\t<\/div>\n\t\t<\/div>\n\t\t\t\t\t<\/div>\n\t\t<\/section>\n\t\t\t\t<\/div>\n\t\t<\/div>\n\t\t\t\t\t\t<\/div>\n\t\t\t\t<\/div>\n\t\t\t\t\t<\/div>\n\t\t<\/div>\n\t\t\t\t\t<\/div>\n\t\t<\/section>\n\t\t\t\t<\/div>","protected":false},"excerpt":{"rendered":"<p>public safety and data services The Tulsa Health Department plays a crucial role in the public safety and well-being of its residents. THD relies on data services to collect, analyze and interpret health-related data to make informed decisions and develop effective public health strategies. From ensuring access to safe food to preventing the spread of [&hellip;]<\/p>\n","protected":false},"author":3,"featured_media":9930,"parent":692,"menu_order":0,"comment_status":"closed","ping_status":"closed","template":"elementor_header_footer","meta":{"_acf_changed":false,"footnotes":""},"class_list":["post-1908","page","type-page","status-publish","has-post-thumbnail","hentry"],"acf":[],"yoast_head":"<!-- This site is optimized with the Yoast SEO plugin v27.4 - https:\/\/yoast.com\/product\/yoast-seo-wordpress\/ -->\n<title>Public Safety and Data Services - Tulsa Health Department<\/title>\n<meta name=\"description\" content=\"THD Environmental Health Services works to enforce state laws and city and county regulations to decrease negative environmental factors and health nuisances.\" \/>\n<meta name=\"robots\" content=\"index, follow, max-snippet:-1, max-image-preview:large, max-video-preview:-1\" \/>\n<link rel=\"canonical\" href=\"https:\/\/tulsa-health.org\/fr\/services\/public-safety-and-data-services\/\" \/>\n<meta property=\"og:locale\" content=\"fr_FR\" \/>\n<meta property=\"og:type\" content=\"article\" \/>\n<meta property=\"og:title\" content=\"Public Safety and Data Services - Tulsa Health Department\" \/>\n<meta property=\"og:description\" content=\"THD Environmental Health Services works to enforce state laws and city and county regulations to decrease negative environmental factors and health nuisances.\" \/>\n<meta property=\"og:url\" content=\"https:\/\/tulsa-health.org\/fr\/services\/public-safety-and-data-services\/\" \/>\n<meta property=\"og:site_name\" content=\"Tulsa Health Department\" \/>\n<meta property=\"article:modified_time\" content=\"2023-12-21T16:17:40+00:00\" \/>\n<meta property=\"og:image\" content=\"https:\/\/tulsa-health.org\/wp-content\/uploads\/2023\/07\/header-JGHC_Reception-2-scaled.jpg\" \/>\n\t<meta property=\"og:image:width\" content=\"2560\" \/>\n\t<meta property=\"og:image:height\" content=\"1440\" \/>\n\t<meta property=\"og:image:type\" content=\"image\/jpeg\" \/>\n<meta name=\"twitter:card\" content=\"summary_large_image\" \/>\n<meta name=\"twitter:label1\" content=\"Dur\u00e9e de lecture estim\u00e9e\" \/>\n\t<meta name=\"twitter:data1\" content=\"1 minute\" \/>\n<script type=\"application\/ld+json\" class=\"yoast-schema-graph\">{\"@context\":\"https:\\\/\\\/schema.org\",\"@graph\":[{\"@type\":\"WebPage\",\"@id\":\"https:\\\/\\\/tulsa-health.org\\\/services\\\/public-safety-and-data-services\\\/\",\"url\":\"https:\\\/\\\/tulsa-health.org\\\/services\\\/public-safety-and-data-services\\\/\",\"name\":\"Public Safety and Data Services - Tulsa Health Department\",\"isPartOf\":{\"@id\":\"https:\\\/\\\/tulsa-health.org\\\/es\\\/#website\"},\"primaryImageOfPage\":{\"@id\":\"https:\\\/\\\/tulsa-health.org\\\/services\\\/public-safety-and-data-services\\\/#primaryimage\"},\"image\":{\"@id\":\"https:\\\/\\\/tulsa-health.org\\\/services\\\/public-safety-and-data-services\\\/#primaryimage\"},\"thumbnailUrl\":\"https:\\\/\\\/tulsa-health.org\\\/wp-content\\\/uploads\\\/2023\\\/07\\\/header-JGHC_Reception-2-scaled.jpg\",\"datePublished\":\"2023-05-03T15:51:53+00:00\",\"dateModified\":\"2023-12-21T16:17:40+00:00\",\"description\":\"THD Environmental Health Services works to enforce state laws and city and county regulations to decrease negative environmental factors and health nuisances.\",\"breadcrumb\":{\"@id\":\"https:\\\/\\\/tulsa-health.org\\\/services\\\/public-safety-and-data-services\\\/#breadcrumb\"},\"inLanguage\":\"fr-FR\",\"potentialAction\":[{\"@type\":\"ReadAction\",\"target\":[\"https:\\\/\\\/tulsa-health.org\\\/services\\\/public-safety-and-data-services\\\/\"]}]},{\"@type\":\"ImageObject\",\"inLanguage\":\"fr-FR\",\"@id\":\"https:\\\/\\\/tulsa-health.org\\\/services\\\/public-safety-and-data-services\\\/#primaryimage\",\"url\":\"https:\\\/\\\/tulsa-health.org\\\/wp-content\\\/uploads\\\/2023\\\/07\\\/header-JGHC_Reception-2-scaled.jpg\",\"contentUrl\":\"https:\\\/\\\/tulsa-health.org\\\/wp-content\\\/uploads\\\/2023\\\/07\\\/header-JGHC_Reception-2-scaled.jpg\",\"width\":2560,\"height\":1440,\"caption\":\"THD desk\"},{\"@type\":\"BreadcrumbList\",\"@id\":\"https:\\\/\\\/tulsa-health.org\\\/services\\\/public-safety-and-data-services\\\/#breadcrumb\",\"itemListElement\":[{\"@type\":\"ListItem\",\"position\":1,\"name\":\"Home\",\"item\":\"https:\\\/\\\/tulsa-health.org\\\/\"},{\"@type\":\"ListItem\",\"position\":2,\"name\":\"Services\",\"item\":\"https:\\\/\\\/tulsa-health.org\\\/services\\\/\"},{\"@type\":\"ListItem\",\"position\":3,\"name\":\"Public Safety and Data Services\"}]},{\"@type\":\"WebSite\",\"@id\":\"https:\\\/\\\/tulsa-health.org\\\/es\\\/#website\",\"url\":\"https:\\\/\\\/tulsa-health.org\\\/es\\\/\",\"name\":\"Tulsa Health Department\",\"description\":\"Clinical Services, Immunizations, Permits and More | Tulsa Health Department\",\"potentialAction\":[{\"@type\":\"SearchAction\",\"target\":{\"@type\":\"EntryPoint\",\"urlTemplate\":\"https:\\\/\\\/tulsa-health.org\\\/es\\\/?s={search_term_string}\"},\"query-input\":{\"@type\":\"PropertyValueSpecification\",\"valueRequired\":true,\"valueName\":\"search_term_string\"}}],\"inLanguage\":\"fr-FR\"}]}<\/script>\n<!-- \/ Yoast SEO plugin. -->","yoast_head_json":{"title":"S\u00e9curit\u00e9 publique et services de donn\u00e9es - D\u00e9partement de la sant\u00e9 de Tulsa","description":"Les services de sant\u00e9 environnementale de THD s&#039;efforcent de faire respecter les lois de l&#039;\u00c9tat et les r\u00e9glementations des villes et des comt\u00e9s afin de r\u00e9duire les facteurs environnementaux n\u00e9gatifs et les nuisances pour la sant\u00e9.","robots":{"index":"index","follow":"follow","max-snippet":"max-snippet:-1","max-image-preview":"max-image-preview:large","max-video-preview":"max-video-preview:-1"},"canonical":"https:\/\/tulsa-health.org\/fr\/services\/public-safety-and-data-services\/","og_locale":"fr_FR","og_type":"article","og_title":"Public Safety and Data Services - Tulsa Health Department","og_description":"THD Environmental Health Services works to enforce state laws and city and county regulations to decrease negative environmental factors and health nuisances.","og_url":"https:\/\/tulsa-health.org\/fr\/services\/public-safety-and-data-services\/","og_site_name":"Tulsa Health Department","article_modified_time":"2023-12-21T16:17:40+00:00","og_image":[{"width":2560,"height":1440,"url":"https:\/\/tulsa-health.org\/wp-content\/uploads\/2023\/07\/header-JGHC_Reception-2-scaled.jpg","type":"image\/jpeg"}],"twitter_card":"summary_large_image","twitter_misc":{"Dur\u00e9e de lecture estim\u00e9e":"1 minute"},"schema":{"@context":"https:\/\/schema.org","@graph":[{"@type":"WebPage","@id":"https:\/\/tulsa-health.org\/services\/public-safety-and-data-services\/","url":"https:\/\/tulsa-health.org\/services\/public-safety-and-data-services\/","name":"S\u00e9curit\u00e9 publique et services de donn\u00e9es - D\u00e9partement de la sant\u00e9 de Tulsa","isPartOf":{"@id":"https:\/\/tulsa-health.org\/es\/#website"},"primaryImageOfPage":{"@id":"https:\/\/tulsa-health.org\/services\/public-safety-and-data-services\/#primaryimage"},"image":{"@id":"https:\/\/tulsa-health.org\/services\/public-safety-and-data-services\/#primaryimage"},"thumbnailUrl":"https:\/\/tulsa-health.org\/wp-content\/uploads\/2023\/07\/header-JGHC_Reception-2-scaled.jpg","datePublished":"2023-05-03T15:51:53+00:00","dateModified":"2023-12-21T16:17:40+00:00","description":"Les services de sant\u00e9 environnementale de THD s&#039;efforcent de faire respecter les lois de l&#039;\u00c9tat et les r\u00e9glementations des villes et des comt\u00e9s afin de r\u00e9duire les facteurs environnementaux n\u00e9gatifs et les nuisances pour la sant\u00e9.","breadcrumb":{"@id":"https:\/\/tulsa-health.org\/services\/public-safety-and-data-services\/#breadcrumb"},"inLanguage":"fr-FR","potentialAction":[{"@type":"ReadAction","target":["https:\/\/tulsa-health.org\/services\/public-safety-and-data-services\/"]}]},{"@type":"ImageObject","inLanguage":"fr-FR","@id":"https:\/\/tulsa-health.org\/services\/public-safety-and-data-services\/#primaryimage","url":"https:\/\/tulsa-health.org\/wp-content\/uploads\/2023\/07\/header-JGHC_Reception-2-scaled.jpg","contentUrl":"https:\/\/tulsa-health.org\/wp-content\/uploads\/2023\/07\/header-JGHC_Reception-2-scaled.jpg","width":2560,"height":1440,"caption":"THD desk"},{"@type":"BreadcrumbList","@id":"https:\/\/tulsa-health.org\/services\/public-safety-and-data-services\/#breadcrumb","itemListElement":[{"@type":"ListItem","position":1,"name":"Home","item":"https:\/\/tulsa-health.org\/"},{"@type":"ListItem","position":2,"name":"Services","item":"https:\/\/tulsa-health.org\/services\/"},{"@type":"ListItem","position":3,"name":"Public Safety and Data Services"}]},{"@type":"WebSite","@id":"https:\/\/tulsa-health.org\/es\/#website","url":"https:\/\/tulsa-health.org\/es\/","name":"D\u00e9partement de la sant\u00e9 de Tulsa","description":"Services cliniques, vaccinations, permis et plus | D\u00e9partement de la Sant\u00e9 de Tulsa","potentialAction":[{"@type":"SearchAction","target":{"@type":"EntryPoint","urlTemplate":"https:\/\/tulsa-health.org\/es\/?s={search_term_string}"},"query-input":{"@type":"PropertyValueSpecification","valueRequired":true,"valueName":"search_term_string"}}],"inLanguage":"fr-FR"}]}},"publishpress_future_workflow_manual_trigger":{"enabledWorkflows":[]},"_links":{"self":[{"href":"https:\/\/tulsa-health.org\/fr\/wp-json\/wp\/v2\/pages\/1908","targetHints":{"allow":["GET"]}}],"collection":[{"href":"https:\/\/tulsa-health.org\/fr\/wp-json\/wp\/v2\/pages"}],"about":[{"href":"https:\/\/tulsa-health.org\/fr\/wp-json\/wp\/v2\/types\/page"}],"author":[{"embeddable":true,"href":"https:\/\/tulsa-health.org\/fr\/wp-json\/wp\/v2\/users\/3"}],"replies":[{"embeddable":true,"href":"https:\/\/tulsa-health.org\/fr\/wp-json\/wp\/v2\/comments?post=1908"}],"version-history":[{"count":0,"href":"https:\/\/tulsa-health.org\/fr\/wp-json\/wp\/v2\/pages\/1908\/revisions"}],"up":[{"embeddable":true,"href":"https:\/\/tulsa-health.org\/fr\/wp-json\/wp\/v2\/pages\/692"}],"wp:featuredmedia":[{"embeddable":true,"href":"https:\/\/tulsa-health.org\/fr\/wp-json\/wp\/v2\/media\/9930"}],"wp:attachment":[{"href":"https:\/\/tulsa-health.org\/fr\/wp-json\/wp\/v2\/media?parent=1908"}],"curies":[{"name":"wp","href":"https:\/\/api.w.org\/{rel}","templated":true}]}}