{"id":2374,"date":"2023-05-04T18:15:37","date_gmt":"2023-05-04T23:15:37","guid":{"rendered":"https:\/\/test.tulsa-health.org\/?page_id=2374"},"modified":"2024-01-12T10:53:54","modified_gmt":"2024-01-12T16:53:54","slug":"property-maintenance","status":"publish","type":"page","link":"https:\/\/tulsa-health.org\/fr\/permits-inspections\/housing\/property-maintenance\/","title":{"rendered":"Maintenance de la propri\u00e9t\u00e9"},"content":{"rendered":"<div data-elementor-type=\"wp-page\" data-elementor-id=\"2374\" class=\"elementor elementor-2374\" data-elementor-post-type=\"page\">\n\t\t\t\t\t\t<section class=\"elementor-section elementor-top-section elementor-element elementor-element-174c203 elementor-section-full_width elementor-section-height-min-height elementor-section-height-default elementor-section-items-middle\" data-id=\"174c203\" data-element_type=\"section\" data-e-type=\"section\" data-settings=\"{&quot;background_background&quot;:&quot;classic&quot;}\">\n\t\t\t\t\t\t<div class=\"elementor-container elementor-column-gap-no\">\n\t\t\t\t\t<div class=\"elementor-column elementor-col-100 elementor-top-column elementor-element elementor-element-08f1c49\" data-id=\"08f1c49\" data-element_type=\"column\" data-e-type=\"column\">\n\t\t\t<div class=\"elementor-widget-wrap\">\n\t\t\t\t\t\t\t<\/div>\n\t\t<\/div>\n\t\t\t\t\t<\/div>\n\t\t<\/section>\n\t\t\t\t<section class=\"elementor-section elementor-top-section elementor-element elementor-element-8e617ac elementor-section-boxed elementor-section-height-default elementor-section-height-default\" data-id=\"8e617ac\" data-element_type=\"section\" data-e-type=\"section\" data-settings=\"{&quot;background_background&quot;:&quot;classic&quot;}\">\n\t\t\t\t\t\t<div class=\"elementor-container elementor-column-gap-default\">\n\t\t\t\t\t<div class=\"elementor-column elementor-col-100 elementor-top-column elementor-element elementor-element-707bcbc\" data-id=\"707bcbc\" data-element_type=\"column\" data-e-type=\"column\">\n\t\t\t<div class=\"elementor-widget-wrap elementor-element-populated\">\n\t\t\t\t\t\t<div class=\"elementor-element elementor-element-ac82baa elementor-widget elementor-widget-heading\" data-id=\"ac82baa\" data-element_type=\"widget\" data-e-type=\"widget\" data-widget_type=\"heading.default\">\n\t\t\t\t<div class=\"elementor-widget-container\">\n\t\t\t\t\t<h1 class=\"elementor-heading-title elementor-size-default\">Entretien de la propri\u00e9t\u00e9\u200b<\/h1>\t\t\t\t<\/div>\n\t\t\t\t<\/div>\n\t\t\t\t<div class=\"elementor-element elementor-element-28ffd9e elementor-widget elementor-widget-text-editor\" data-id=\"28ffd9e\" data-element_type=\"widget\" data-e-type=\"widget\" data-widget_type=\"text-editor.default\">\n\t\t\t\t<div class=\"elementor-widget-container\">\n\t\t\t\t\t\t\t\t\t<p>D\u00e9couvrez les risques potentiels pour la sant\u00e9 tels que l&#039;eau stagnante, les conditions insalubres des animaux, les fuites de conduites d&#039;\u00e9gout, etc., tout en comprenant comment signaler ces probl\u00e8mes pour une communaut\u00e9 plus s\u00fbre.<\/p>\t\t\t\t\t\t\t\t<\/div>\n\t\t\t\t<\/div>\n\t\t\t\t\t<\/div>\n\t\t<\/div>\n\t\t\t\t\t<\/div>\n\t\t<\/section>\n\t\t\t\t<section class=\"elementor-section elementor-top-section elementor-element elementor-element-ad1a80b elementor-section-boxed elementor-section-height-default elementor-section-height-default\" data-id=\"ad1a80b\" data-element_type=\"section\" data-e-type=\"section\" data-settings=\"{&quot;background_background&quot;:&quot;classic&quot;}\">\n\t\t\t\t\t\t<div class=\"elementor-container elementor-column-gap-default\">\n\t\t\t\t\t<div class=\"elementor-column elementor-col-100 elementor-top-column elementor-element elementor-element-1703c30\" data-id=\"1703c30\" data-element_type=\"column\" data-e-type=\"column\">\n\t\t\t<div class=\"elementor-widget-wrap elementor-element-populated\">\n\t\t\t\t\t\t<div class=\"elementor-element elementor-element-2d40fe1 elementor-widget elementor-widget-text-editor\" data-id=\"2d40fe1\" data-element_type=\"widget\" data-e-type=\"widget\" data-widget_type=\"text-editor.default\">\n\t\t\t\t<div class=\"elementor-widget-container\">\n\t\t\t\t\t\t\t\t\t<h2>Se prot\u00e9ger contre les nuisances de sant\u00e9 publique\u200b<\/h2><p>THD aide \u00e0 appliquer les programmes de nuisance publique du comt\u00e9 de Tulsa et de la ville de Tulsa qui visent \u00e0 \u00e9liminer les conditions insalubres qui pr\u00e9sentent des risques potentiels pour la sant\u00e9 publique. Voici quelques exemples de nuisances pour la sant\u00e9 publique\u00a0:<\/p><ul><li>Eau stagnante o\u00f9 les moustiques peuvent se reproduire<\/li><li>Carcasses d&#039;animaux<\/li><li>Accumulation de fumier, d\u00e9tritus, gravats, etc.<\/li><li>Fuite des canalisations d&#039;\u00e9gout ou des fosses septiques<\/li><li>Animaux gard\u00e9s dans des conditions insalubres<\/li><li>Structures endommag\u00e9es par le feu ou d\u00e9labr\u00e9es<\/li><li>D\u00e9chets solides ou industriels<\/li><li>Fum\u00e9e dense, odeurs fortes, vapeurs nocives, etc.<\/li><li>Accumulation de d\u00e9chets souffl\u00e9s, de mat\u00e9riaux de construction, etc.<\/li><li>Arbres endommag\u00e9s ou morts<\/li><li>D\u00e9versements dans n\u2019importe quel syst\u00e8me de drainage pluvial<\/li><li>Croissance nuisible de la v\u00e9g\u00e9tation\/mauvaises herbes<\/li><\/ul><p>Pour signaler une \u00e9ventuelle violation de l&#039;hygi\u00e8ne des locaux ou une nuisance \u00e0 la sant\u00e9 publique, veuillez\u00a0<a href=\"\/fr\/forms\/complaints\/\">cliquez ici pour d\u00e9poser une plainte en ligne<\/a>\u00a0ou appeler <a href=\"\/fr\/t\u00e9l:9185954200\/\">918-595-4200<\/a>. THD prendra les mesures n\u00e9cessaires ou vous dirigera vers l&#039;autorit\u00e9 comp\u00e9tente comp\u00e9tente pour traiter votre plainte.<\/p>\t\t\t\t\t\t\t\t<\/div>\n\t\t\t\t<\/div>\n\t\t\t\t\t<\/div>\n\t\t<\/div>\n\t\t\t\t\t<\/div>\n\t\t<\/section>\n\t\t\t\t<section class=\"elementor-section elementor-top-section elementor-element elementor-element-ecd1e80 elementor-section-full_width elementor-section-height-default elementor-section-height-default\" data-id=\"ecd1e80\" data-element_type=\"section\" data-e-type=\"section\">\n\t\t\t\t\t\t<div class=\"elementor-container elementor-column-gap-default\">\n\t\t\t\t\t<div class=\"elementor-column elementor-col-100 elementor-top-column elementor-element elementor-element-b7dd37f\" data-id=\"b7dd37f\" data-element_type=\"column\" data-e-type=\"column\">\n\t\t\t<div class=\"elementor-widget-wrap elementor-element-populated\">\n\t\t\t\t\t\t<div class=\"elementor-element elementor-element-6edf406 elementor-widget elementor-widget-shortcode\" data-id=\"6edf406\" data-element_type=\"widget\" data-e-type=\"widget\" data-widget_type=\"shortcode.default\">\n\t\t\t\t<div class=\"elementor-widget-container\">\n\t\t\t\t\t\t\t<div class=\"elementor-shortcode\">\t\t<div data-elementor-type=\"section\" data-elementor-id=\"4934\" class=\"elementor elementor-4934\" data-elementor-post-type=\"elementor_library\">\n\t\t\t\t\t<section class=\"elementor-section elementor-top-section elementor-element elementor-element-4469b59d elementor-section-stretched elementor-section-boxed elementor-section-height-default elementor-section-height-default\" data-id=\"4469b59d\" data-element_type=\"section\" data-e-type=\"section\" data-settings=\"{&quot;background_background&quot;:&quot;classic&quot;,&quot;stretch_section&quot;:&quot;section-stretched&quot;}\">\n\t\t\t\t\t\t\t<div class=\"elementor-background-overlay\"><\/div>\n\t\t\t\t\t\t\t<div class=\"elementor-container elementor-column-gap-default\">\n\t\t\t\t\t<div class=\"elementor-column elementor-col-100 elementor-top-column elementor-element elementor-element-615ea353\" data-id=\"615ea353\" data-element_type=\"column\" data-e-type=\"column\">\n\t\t\t<div class=\"elementor-widget-wrap elementor-element-populated\">\n\t\t\t\t\t\t<div class=\"elementor-element elementor-element-bdb2691 elementor-widget elementor-widget-heading\" data-id=\"bdb2691\" data-element_type=\"widget\" data-e-type=\"widget\" data-widget_type=\"heading.default\">\n\t\t\t\t<div class=\"elementor-widget-container\">\n\t\t\t\t\t<h5 class=\"elementor-heading-title elementor-size-default\">EMPLACEMENTS<\/h5>\t\t\t\t<\/div>\n\t\t\t\t<\/div>\n\t\t\t\t<div class=\"elementor-element elementor-element-00f74f9 elementor-widget elementor-widget-text-editor\" data-id=\"00f74f9\" data-element_type=\"widget\" data-e-type=\"widget\" data-widget_type=\"text-editor.default\">\n\t\t\t\t<div class=\"elementor-widget-container\">\n\t\t\t\t\t\t\t\t\t<p>Nous avons 9 sites dans le comt\u00e9 de Tulsa qui offrent une vari\u00e9t\u00e9 de services pour vous aider, vous et votre famille, \u00e0 rester en bonne sant\u00e9.<\/p>\t\t\t\t\t\t\t\t<\/div>\n\t\t\t\t<\/div>\n\t\t\t\t<div class=\"elementor-element elementor-element-fd63501 elementor-align-center secondary elementor-widget elementor-widget-button\" data-id=\"fd63501\" data-element_type=\"widget\" data-e-type=\"widget\" data-widget_type=\"button.default\">\n\t\t\t\t<div class=\"elementor-widget-container\">\n\t\t\t\t\t\t\t\t\t<div class=\"elementor-button-wrapper\">\n\t\t\t\t\t<a class=\"elementor-button elementor-button-link elementor-size-sm\" href=\"\/fr\/locations\/\">\n\t\t\t\t\t\t<span class=\"elementor-button-content-wrapper\">\n\t\t\t\t\t\t\t\t\t<span class=\"elementor-button-text\">Trouvez le v\u00f4tre<\/span>\n\t\t\t\t\t<\/span>\n\t\t\t\t\t<\/a>\n\t\t\t\t<\/div>\n\t\t\t\t\t\t\t\t<\/div>\n\t\t\t\t<\/div>\n\t\t\t\t\t<\/div>\n\t\t<\/div>\n\t\t\t\t\t<\/div>\n\t\t<\/section>\n\t\t\t\t<\/div>\n\t\t<\/div>\n\t\t\t\t\t\t<\/div>\n\t\t\t\t<\/div>\n\t\t\t\t\t<\/div>\n\t\t<\/div>\n\t\t\t\t\t<\/div>\n\t\t<\/section>\n\t\t\t\t<\/div>","protected":false},"excerpt":{"rendered":"<p>Property Maintenance\u200b Learn about potential health hazards like stagnant water, unsanitary animal conditions, leaking sewer lines, and more, while understanding how to report these issues for a safer community. Protecting Against Public Health Nuisances\u200b THD helps enforce Tulsa County and City of Tulsa public nuisance programs that seek to eliminate unsanitary conditions that pose potential [&hellip;]<\/p>\n","protected":false},"author":1,"featured_media":12953,"parent":2355,"menu_order":0,"comment_status":"closed","ping_status":"closed","template":"elementor_header_footer","meta":{"_acf_changed":false,"footnotes":""},"class_list":["post-2374","page","type-page","status-publish","has-post-thumbnail","hentry"],"acf":[],"yoast_head":"<!-- This site is optimized with the Yoast SEO plugin v27.4 - https:\/\/yoast.com\/product\/yoast-seo-wordpress\/ -->\n<title>Property Maintenance - Tulsa Health Department<\/title>\n<meta name=\"description\" content=\"Learn about potential health hazards like stagnant water, unsanitary animal conditions, leaking sewer lines, and more.\" \/>\n<meta name=\"robots\" content=\"index, follow, max-snippet:-1, max-image-preview:large, max-video-preview:-1\" \/>\n<link rel=\"canonical\" href=\"https:\/\/tulsa-health.org\/fr\/permits-inspections\/housing\/property-maintenance\/\" \/>\n<meta property=\"og:locale\" content=\"fr_FR\" \/>\n<meta property=\"og:type\" content=\"article\" \/>\n<meta property=\"og:title\" content=\"Property Maintenance - Tulsa Health Department\" \/>\n<meta property=\"og:description\" content=\"Learn about potential health hazards like stagnant water, unsanitary animal conditions, leaking sewer lines, and more.\" \/>\n<meta property=\"og:url\" content=\"https:\/\/tulsa-health.org\/fr\/permits-inspections\/housing\/property-maintenance\/\" \/>\n<meta property=\"og:site_name\" content=\"Tulsa Health Department\" \/>\n<meta property=\"article:modified_time\" content=\"2024-01-12T16:53:54+00:00\" \/>\n<meta property=\"og:image\" content=\"https:\/\/tulsa-health.org\/wp-content\/uploads\/2023\/10\/property-maintenance.jpeg\" \/>\n\t<meta property=\"og:image:width\" content=\"1280\" \/>\n\t<meta property=\"og:image:height\" content=\"853\" \/>\n\t<meta property=\"og:image:type\" content=\"image\/jpeg\" \/>\n<meta name=\"twitter:card\" content=\"summary_large_image\" \/>\n<meta name=\"twitter:label1\" content=\"Dur\u00e9e de lecture estim\u00e9e\" \/>\n\t<meta name=\"twitter:data1\" content=\"1 minute\" \/>\n<script type=\"application\/ld+json\" class=\"yoast-schema-graph\">{\"@context\":\"https:\\\/\\\/schema.org\",\"@graph\":[{\"@type\":\"WebPage\",\"@id\":\"https:\\\/\\\/tulsa-health.org\\\/permits-inspections\\\/housing\\\/property-maintenance\\\/\",\"url\":\"https:\\\/\\\/tulsa-health.org\\\/permits-inspections\\\/housing\\\/property-maintenance\\\/\",\"name\":\"Property Maintenance - Tulsa Health Department\",\"isPartOf\":{\"@id\":\"https:\\\/\\\/tulsa-health.org\\\/es\\\/#website\"},\"primaryImageOfPage\":{\"@id\":\"https:\\\/\\\/tulsa-health.org\\\/permits-inspections\\\/housing\\\/property-maintenance\\\/#primaryimage\"},\"image\":{\"@id\":\"https:\\\/\\\/tulsa-health.org\\\/permits-inspections\\\/housing\\\/property-maintenance\\\/#primaryimage\"},\"thumbnailUrl\":\"https:\\\/\\\/tulsa-health.org\\\/wp-content\\\/uploads\\\/2023\\\/10\\\/property-maintenance.jpeg\",\"datePublished\":\"2023-05-04T23:15:37+00:00\",\"dateModified\":\"2024-01-12T16:53:54+00:00\",\"description\":\"Learn about potential health hazards like stagnant water, unsanitary animal conditions, leaking sewer lines, and more.\",\"breadcrumb\":{\"@id\":\"https:\\\/\\\/tulsa-health.org\\\/permits-inspections\\\/housing\\\/property-maintenance\\\/#breadcrumb\"},\"inLanguage\":\"fr-FR\",\"potentialAction\":[{\"@type\":\"ReadAction\",\"target\":[\"https:\\\/\\\/tulsa-health.org\\\/permits-inspections\\\/housing\\\/property-maintenance\\\/\"]}]},{\"@type\":\"ImageObject\",\"inLanguage\":\"fr-FR\",\"@id\":\"https:\\\/\\\/tulsa-health.org\\\/permits-inspections\\\/housing\\\/property-maintenance\\\/#primaryimage\",\"url\":\"https:\\\/\\\/tulsa-health.org\\\/wp-content\\\/uploads\\\/2023\\\/10\\\/property-maintenance.jpeg\",\"contentUrl\":\"https:\\\/\\\/tulsa-health.org\\\/wp-content\\\/uploads\\\/2023\\\/10\\\/property-maintenance.jpeg\",\"width\":1280,\"height\":853,\"caption\":\"Property Maintenance\"},{\"@type\":\"BreadcrumbList\",\"@id\":\"https:\\\/\\\/tulsa-health.org\\\/permits-inspections\\\/housing\\\/property-maintenance\\\/#breadcrumb\",\"itemListElement\":[{\"@type\":\"ListItem\",\"position\":1,\"name\":\"Home\",\"item\":\"https:\\\/\\\/tulsa-health.org\\\/\"},{\"@type\":\"ListItem\",\"position\":2,\"name\":\"Permits &#038; Inspections\",\"item\":\"https:\\\/\\\/tulsa-health.org\\\/permits-inspections\\\/\"},{\"@type\":\"ListItem\",\"position\":3,\"name\":\"Housing\",\"item\":\"https:\\\/\\\/tulsa-health.org\\\/permits-inspections\\\/housing\\\/\"},{\"@type\":\"ListItem\",\"position\":4,\"name\":\"Property Maintenance\"}]},{\"@type\":\"WebSite\",\"@id\":\"https:\\\/\\\/tulsa-health.org\\\/es\\\/#website\",\"url\":\"https:\\\/\\\/tulsa-health.org\\\/es\\\/\",\"name\":\"Tulsa Health Department\",\"description\":\"Clinical Services, Immunizations, Permits and More | Tulsa Health Department\",\"potentialAction\":[{\"@type\":\"SearchAction\",\"target\":{\"@type\":\"EntryPoint\",\"urlTemplate\":\"https:\\\/\\\/tulsa-health.org\\\/es\\\/?s={search_term_string}\"},\"query-input\":{\"@type\":\"PropertyValueSpecification\",\"valueRequired\":true,\"valueName\":\"search_term_string\"}}],\"inLanguage\":\"fr-FR\"}]}<\/script>\n<!-- \/ Yoast SEO plugin. -->","yoast_head_json":{"title":"Entretien des biens \u2013 D\u00e9partement de la sant\u00e9 de Tulsa","description":"Renseignez-vous sur les risques potentiels pour la sant\u00e9, tels que l\u2019eau stagnante, les conditions insalubres des animaux, les fuites d\u2019\u00e9gouts, etc.","robots":{"index":"index","follow":"follow","max-snippet":"max-snippet:-1","max-image-preview":"max-image-preview:large","max-video-preview":"max-video-preview:-1"},"canonical":"https:\/\/tulsa-health.org\/fr\/permits-inspections\/housing\/property-maintenance\/","og_locale":"fr_FR","og_type":"article","og_title":"Property Maintenance - Tulsa Health Department","og_description":"Learn about potential health hazards like stagnant water, unsanitary animal conditions, leaking sewer lines, and more.","og_url":"https:\/\/tulsa-health.org\/fr\/permits-inspections\/housing\/property-maintenance\/","og_site_name":"Tulsa Health Department","article_modified_time":"2024-01-12T16:53:54+00:00","og_image":[{"width":1280,"height":853,"url":"https:\/\/tulsa-health.org\/wp-content\/uploads\/2023\/10\/property-maintenance.jpeg","type":"image\/jpeg"}],"twitter_card":"summary_large_image","twitter_misc":{"Dur\u00e9e de lecture estim\u00e9e":"1 minute"},"schema":{"@context":"https:\/\/schema.org","@graph":[{"@type":"WebPage","@id":"https:\/\/tulsa-health.org\/permits-inspections\/housing\/property-maintenance\/","url":"https:\/\/tulsa-health.org\/permits-inspections\/housing\/property-maintenance\/","name":"Entretien des biens \u2013 D\u00e9partement de la sant\u00e9 de Tulsa","isPartOf":{"@id":"https:\/\/tulsa-health.org\/es\/#website"},"primaryImageOfPage":{"@id":"https:\/\/tulsa-health.org\/permits-inspections\/housing\/property-maintenance\/#primaryimage"},"image":{"@id":"https:\/\/tulsa-health.org\/permits-inspections\/housing\/property-maintenance\/#primaryimage"},"thumbnailUrl":"https:\/\/tulsa-health.org\/wp-content\/uploads\/2023\/10\/property-maintenance.jpeg","datePublished":"2023-05-04T23:15:37+00:00","dateModified":"2024-01-12T16:53:54+00:00","description":"Renseignez-vous sur les risques potentiels pour la sant\u00e9, tels que l\u2019eau stagnante, les conditions insalubres des animaux, les fuites d\u2019\u00e9gouts, etc.","breadcrumb":{"@id":"https:\/\/tulsa-health.org\/permits-inspections\/housing\/property-maintenance\/#breadcrumb"},"inLanguage":"fr-FR","potentialAction":[{"@type":"ReadAction","target":["https:\/\/tulsa-health.org\/permits-inspections\/housing\/property-maintenance\/"]}]},{"@type":"ImageObject","inLanguage":"fr-FR","@id":"https:\/\/tulsa-health.org\/permits-inspections\/housing\/property-maintenance\/#primaryimage","url":"https:\/\/tulsa-health.org\/wp-content\/uploads\/2023\/10\/property-maintenance.jpeg","contentUrl":"https:\/\/tulsa-health.org\/wp-content\/uploads\/2023\/10\/property-maintenance.jpeg","width":1280,"height":853,"caption":"Property Maintenance"},{"@type":"BreadcrumbList","@id":"https:\/\/tulsa-health.org\/permits-inspections\/housing\/property-maintenance\/#breadcrumb","itemListElement":[{"@type":"ListItem","position":1,"name":"Home","item":"https:\/\/tulsa-health.org\/"},{"@type":"ListItem","position":2,"name":"Permits &#038; Inspections","item":"https:\/\/tulsa-health.org\/permits-inspections\/"},{"@type":"ListItem","position":3,"name":"Housing","item":"https:\/\/tulsa-health.org\/permits-inspections\/housing\/"},{"@type":"ListItem","position":4,"name":"Property Maintenance"}]},{"@type":"WebSite","@id":"https:\/\/tulsa-health.org\/es\/#website","url":"https:\/\/tulsa-health.org\/es\/","name":"D\u00e9partement de la sant\u00e9 de Tulsa","description":"Services cliniques, vaccinations, permis et plus | D\u00e9partement de la Sant\u00e9 de Tulsa","potentialAction":[{"@type":"SearchAction","target":{"@type":"EntryPoint","urlTemplate":"https:\/\/tulsa-health.org\/es\/?s={search_term_string}"},"query-input":{"@type":"PropertyValueSpecification","valueRequired":true,"valueName":"search_term_string"}}],"inLanguage":"fr-FR"}]}},"publishpress_future_workflow_manual_trigger":{"enabledWorkflows":[]},"_links":{"self":[{"href":"https:\/\/tulsa-health.org\/fr\/wp-json\/wp\/v2\/pages\/2374","targetHints":{"allow":["GET"]}}],"collection":[{"href":"https:\/\/tulsa-health.org\/fr\/wp-json\/wp\/v2\/pages"}],"about":[{"href":"https:\/\/tulsa-health.org\/fr\/wp-json\/wp\/v2\/types\/page"}],"author":[{"embeddable":true,"href":"https:\/\/tulsa-health.org\/fr\/wp-json\/wp\/v2\/users\/1"}],"replies":[{"embeddable":true,"href":"https:\/\/tulsa-health.org\/fr\/wp-json\/wp\/v2\/comments?post=2374"}],"version-history":[{"count":0,"href":"https:\/\/tulsa-health.org\/fr\/wp-json\/wp\/v2\/pages\/2374\/revisions"}],"up":[{"embeddable":true,"href":"https:\/\/tulsa-health.org\/fr\/wp-json\/wp\/v2\/pages\/2355"}],"wp:featuredmedia":[{"embeddable":true,"href":"https:\/\/tulsa-health.org\/fr\/wp-json\/wp\/v2\/media\/12953"}],"wp:attachment":[{"href":"https:\/\/tulsa-health.org\/fr\/wp-json\/wp\/v2\/media?parent=2374"}],"curies":[{"name":"wp","href":"https:\/\/api.w.org\/{rel}","templated":true}]}}