{"id":2399,"date":"2023-05-04T18:20:57","date_gmt":"2023-05-04T23:20:57","guid":{"rendered":"https:\/\/test.tulsa-health.org\/?page_id=2399"},"modified":"2023-12-20T19:01:52","modified_gmt":"2023-12-21T01:01:52","slug":"mold-info","status":"publish","type":"page","link":"https:\/\/tulsa-health.org\/fr\/permits-inspections\/housing\/mold-info\/","title":{"rendered":"Informations sur le moule"},"content":{"rendered":"<div data-elementor-type=\"wp-page\" data-elementor-id=\"2399\" class=\"elementor elementor-2399\" data-elementor-post-type=\"page\">\n\t\t\t\t\t\t<section class=\"elementor-section elementor-top-section elementor-element elementor-element-04ab813 elementor-section-full_width elementor-section-height-min-height elementor-section-height-default elementor-section-items-middle\" data-id=\"04ab813\" data-element_type=\"section\" data-e-type=\"section\" data-settings=\"{&quot;background_background&quot;:&quot;classic&quot;}\">\n\t\t\t\t\t\t<div class=\"elementor-container elementor-column-gap-no\">\n\t\t\t\t\t<div class=\"elementor-column elementor-col-100 elementor-top-column elementor-element elementor-element-b7523fa\" data-id=\"b7523fa\" data-element_type=\"column\" data-e-type=\"column\">\n\t\t\t<div class=\"elementor-widget-wrap\">\n\t\t\t\t\t\t\t<\/div>\n\t\t<\/div>\n\t\t\t\t\t<\/div>\n\t\t<\/section>\n\t\t\t\t<section class=\"elementor-section elementor-top-section elementor-element elementor-element-e29ec17 elementor-section-boxed elementor-section-height-default elementor-section-height-default\" data-id=\"e29ec17\" data-element_type=\"section\" data-e-type=\"section\" data-settings=\"{&quot;background_background&quot;:&quot;classic&quot;}\">\n\t\t\t\t\t\t<div class=\"elementor-container elementor-column-gap-default\">\n\t\t\t\t\t<div class=\"elementor-column elementor-col-100 elementor-top-column elementor-element elementor-element-3d7a138\" data-id=\"3d7a138\" data-element_type=\"column\" data-e-type=\"column\">\n\t\t\t<div class=\"elementor-widget-wrap elementor-element-populated\">\n\t\t\t\t\t\t<div class=\"elementor-element elementor-element-9aa9a28 elementor-widget elementor-widget-heading\" data-id=\"9aa9a28\" data-element_type=\"widget\" data-e-type=\"widget\" data-widget_type=\"heading.default\">\n\t\t\t\t<div class=\"elementor-widget-container\">\n\t\t\t\t\t<h1 class=\"elementor-heading-title elementor-size-default\">Informations sur le moule<\/h1>\t\t\t\t<\/div>\n\t\t\t\t<\/div>\n\t\t\t\t<div class=\"elementor-element elementor-element-05c41d4 elementor-widget elementor-widget-text-editor\" data-id=\"05c41d4\" data-element_type=\"widget\" data-e-type=\"widget\" data-widget_type=\"text-editor.default\">\n\t\t\t\t<div class=\"elementor-widget-container\">\n\t\t\t\t\t\t\t\t\t<p>Apprenez comment la moisissure peut d\u00e9clencher des maladies respiratoires et d&#039;autres sympt\u00f4mes, d\u00e9couvrez comment d\u00e9tecter sa pr\u00e9sence et comprenez l&#039;importance du contr\u00f4le de l&#039;humidit\u00e9 pour pr\u00e9venir la croissance et la recontamination des moisissures.<\/p>\t\t\t\t\t\t\t\t<\/div>\n\t\t\t\t<\/div>\n\t\t\t\t\t<\/div>\n\t\t<\/div>\n\t\t\t\t\t<\/div>\n\t\t<\/section>\n\t\t\t\t<section class=\"elementor-section elementor-top-section elementor-element elementor-element-9cfd51b elementor-section-boxed elementor-section-height-default elementor-section-height-default\" data-id=\"9cfd51b\" data-element_type=\"section\" data-e-type=\"section\" data-settings=\"{&quot;background_background&quot;:&quot;classic&quot;}\">\n\t\t\t\t\t\t<div class=\"elementor-container elementor-column-gap-default\">\n\t\t\t\t\t<div class=\"elementor-column elementor-col-100 elementor-top-column elementor-element elementor-element-40bbfb4\" data-id=\"40bbfb4\" data-element_type=\"column\" data-e-type=\"column\">\n\t\t\t<div class=\"elementor-widget-wrap elementor-element-populated\">\n\t\t\t\t\t\t<div class=\"elementor-element elementor-element-ae62786 elementor-widget elementor-widget-text-editor\" data-id=\"ae62786\" data-element_type=\"widget\" data-e-type=\"widget\" data-widget_type=\"text-editor.default\">\n\t\t\t\t<div class=\"elementor-widget-container\">\n\t\t\t\t\t\t\t\t\t<p>La moisissure est pr\u00e9sente naturellement dans notre environnement. Nous vivons tous avec une certaine exposition \u00e0 ce ph\u00e9nom\u00e8ne. Bien que la moisissure ne soit g\u00e9n\u00e9ralement pas une cause majeure de probl\u00e8mes de sant\u00e9 graves, elle peut provoquer ou aggraver diverses maladies respiratoires telles que l&#039;asthme, les infections pulmonaires fongiques, la bronchite et les allergies. Les personnes souffrant d\u2019immunod\u00e9pression et de maladies chroniques telles que la maladie pulmonaire obstructive sont particuli\u00e8rement sensibles.<\/p><p>Les sympt\u00f4mes des r\u00e9actions ind\u00e9sirables aux moisissures comprennent\u00a0:<\/p><ul><li>Probl\u00e8mes respiratoires tels qu&#039;une respiration sifflante<\/li><li>Congestion nasale et sinusale<\/li><li>Toux s\u00e8che<\/li><li>Irritation du nez et de la gorge<\/li><li>Essoufflement<\/li><li>Irritation de la peau<\/li><li>Maux et douleurs<\/li><li>Fi\u00e8vre<\/li><\/ul><p>De plus, certaines moisissures contiennent des mycotoxines qui peuvent pr\u00e9senter un danger plus important que celui des moisissures allerg\u00e8nes ou irritantes.<\/p><h2>Vous saurez probablement si vous avez un probl\u00e8me<\/h2><p>Vous pouvez g\u00e9n\u00e9ralement d\u00e9terminer par vous-m\u00eame si vous avez un probl\u00e8me de moisissure. La croissance des moisissures ressemble g\u00e9n\u00e9ralement \u00e0 une d\u00e9coloration allant du blanc \u00e0 l\u2019orange et du vert au brun et au noir. Il a une odeur terreuse et de moisi. En r\u00e8gle g\u00e9n\u00e9rale, si vous voyez ou sentez de la moisissure, vous devez prendre des mesures pour l\u2019\u00e9liminer et \u00e9viter toute recontamination.<\/p><p>Le d\u00e9partement de sant\u00e9 de Tulsa ne propose pas de tests pour d\u00e9tecter la pr\u00e9sence ou le type de moisissure dans les maisons, les \u00e9coles ou les entreprises. Bien que certaines entreprises priv\u00e9es offrent ce service, la d\u00e9termination des types de moisissures pr\u00e9sentes n\u2019affecte pas les mesures correctives. Toutes les moisissures doivent \u00eatre consid\u00e9r\u00e9es de la m\u00eame mani\u00e8re en ce qui concerne les risques potentiels pour la sant\u00e9 et leur \u00e9limination.<\/p><h2>Arr\u00eatez l\u2019humidit\u00e9 et vous arr\u00eaterez les probl\u00e8mes de moisissure<\/h2><p>La moisissure a besoin d\u2019humidit\u00e9 et de mati\u00e8res organiques pour se d\u00e9velopper. Dans la plupart des cas, la moisissure peut \u00eatre \u00e9limin\u00e9e en nettoyant et en d\u00e9sinfectant la zone. Pour plus d\u2019informations sur le nettoyage des moisissures, veuillez t\u00e9l\u00e9charger notre fiche d\u2019information. Les mat\u00e9riaux poreux impr\u00e9gn\u00e9s de moisissures tels que les plaques de pl\u00e2tre, les dalles de plafond, les tapis et les produits en bois peuvent \u00eatre retir\u00e9s et jet\u00e9s. Il est imp\u00e9ratif d&#039;identifier et de corriger la source d&#039;humidit\u00e9 de la moisissure pour \u00e9viter toute recontamination.<\/p><p>Actuellement, le minist\u00e8re de la Sant\u00e9 de Tulsa n&#039;a connaissance d&#039;aucune r\u00e9glementation f\u00e9d\u00e9rale, \u00e9tatique ou locale en mati\u00e8re d&#039;environnement ou de sant\u00e9 concernant la contamination par les moisissures. En tant que tel, ni le THD, le minist\u00e8re de la Qualit\u00e9 de l&#039;environnement ni l&#039;Agence de protection de l&#039;environnement ne peuvent exiger d&#039;un propri\u00e9taire d&#039;immeuble ou de propri\u00e9t\u00e9 qu&#039;il rem\u00e9die aux probl\u00e8mes de moisissure.<\/p><p><strong>Ressources associ\u00e9es<\/strong><\/p><ul><li>D\u00e9partement de la sant\u00e9 de Tulsa <a href=\"\/wp-content\/uploads\/2023\/05\/Mold-Fact-Sheet-THD.pdf\">Fiche d&#039;information sur les moisissures<\/a><\/li><li>Le\u00a0<a href=\"http:\/\/www.cdc.gov\/mold\/\">Site Web sur les moisissures du CDC<\/a>\u00a0fournit des informations sur les moisissures et la sant\u00e9, un inventaire des programmes nationaux de qualit\u00e9 de l&#039;air int\u00e9rieur, des conseils sur l&#039;\u00e9valuation, les efforts de nettoyage et la pr\u00e9vention de la croissance des moisissures, ainsi que des liens vers des ressources.<\/li><\/ul>\t\t\t\t\t\t\t\t<\/div>\n\t\t\t\t<\/div>\n\t\t\t\t\t<\/div>\n\t\t<\/div>\n\t\t\t\t\t<\/div>\n\t\t<\/section>\n\t\t\t\t<section class=\"elementor-section elementor-top-section elementor-element elementor-element-d31dbed elementor-section-full_width elementor-section-height-default elementor-section-height-default\" data-id=\"d31dbed\" data-element_type=\"section\" data-e-type=\"section\">\n\t\t\t\t\t\t<div class=\"elementor-container elementor-column-gap-default\">\n\t\t\t\t\t<div class=\"elementor-column elementor-col-100 elementor-top-column elementor-element elementor-element-e30916f\" data-id=\"e30916f\" data-element_type=\"column\" data-e-type=\"column\">\n\t\t\t<div class=\"elementor-widget-wrap elementor-element-populated\">\n\t\t\t\t\t\t<div class=\"elementor-element elementor-element-7aed709 elementor-widget elementor-widget-shortcode\" data-id=\"7aed709\" data-element_type=\"widget\" data-e-type=\"widget\" data-widget_type=\"shortcode.default\">\n\t\t\t\t<div class=\"elementor-widget-container\">\n\t\t\t\t\t\t\t<div class=\"elementor-shortcode\">\t\t<div data-elementor-type=\"section\" data-elementor-id=\"4934\" class=\"elementor elementor-4934\" data-elementor-post-type=\"elementor_library\">\n\t\t\t\t\t<section class=\"elementor-section elementor-top-section elementor-element elementor-element-4469b59d elementor-section-stretched elementor-section-boxed elementor-section-height-default elementor-section-height-default\" data-id=\"4469b59d\" data-element_type=\"section\" data-e-type=\"section\" data-settings=\"{&quot;background_background&quot;:&quot;classic&quot;,&quot;stretch_section&quot;:&quot;section-stretched&quot;}\">\n\t\t\t\t\t\t\t<div class=\"elementor-background-overlay\"><\/div>\n\t\t\t\t\t\t\t<div class=\"elementor-container elementor-column-gap-default\">\n\t\t\t\t\t<div class=\"elementor-column elementor-col-100 elementor-top-column elementor-element elementor-element-615ea353\" data-id=\"615ea353\" data-element_type=\"column\" data-e-type=\"column\">\n\t\t\t<div class=\"elementor-widget-wrap elementor-element-populated\">\n\t\t\t\t\t\t<div class=\"elementor-element elementor-element-bdb2691 elementor-widget elementor-widget-heading\" data-id=\"bdb2691\" data-element_type=\"widget\" data-e-type=\"widget\" data-widget_type=\"heading.default\">\n\t\t\t\t<div class=\"elementor-widget-container\">\n\t\t\t\t\t<h5 class=\"elementor-heading-title elementor-size-default\">EMPLACEMENTS<\/h5>\t\t\t\t<\/div>\n\t\t\t\t<\/div>\n\t\t\t\t<div class=\"elementor-element elementor-element-00f74f9 elementor-widget elementor-widget-text-editor\" data-id=\"00f74f9\" data-element_type=\"widget\" data-e-type=\"widget\" data-widget_type=\"text-editor.default\">\n\t\t\t\t<div class=\"elementor-widget-container\">\n\t\t\t\t\t\t\t\t\t<p>Nous avons 9 sites dans le comt\u00e9 de Tulsa qui offrent une vari\u00e9t\u00e9 de services pour vous aider, vous et votre famille, \u00e0 rester en bonne sant\u00e9.<\/p>\t\t\t\t\t\t\t\t<\/div>\n\t\t\t\t<\/div>\n\t\t\t\t<div class=\"elementor-element elementor-element-fd63501 elementor-align-center secondary elementor-widget elementor-widget-button\" data-id=\"fd63501\" data-element_type=\"widget\" data-e-type=\"widget\" data-widget_type=\"button.default\">\n\t\t\t\t<div class=\"elementor-widget-container\">\n\t\t\t\t\t\t\t\t\t<div class=\"elementor-button-wrapper\">\n\t\t\t\t\t<a class=\"elementor-button elementor-button-link elementor-size-sm\" href=\"\/fr\/locations\/\">\n\t\t\t\t\t\t<span class=\"elementor-button-content-wrapper\">\n\t\t\t\t\t\t\t\t\t<span class=\"elementor-button-text\">Trouvez le v\u00f4tre<\/span>\n\t\t\t\t\t<\/span>\n\t\t\t\t\t<\/a>\n\t\t\t\t<\/div>\n\t\t\t\t\t\t\t\t<\/div>\n\t\t\t\t<\/div>\n\t\t\t\t\t<\/div>\n\t\t<\/div>\n\t\t\t\t\t<\/div>\n\t\t<\/section>\n\t\t\t\t<\/div>\n\t\t<\/div>\n\t\t\t\t\t\t<\/div>\n\t\t\t\t<\/div>\n\t\t\t\t\t<\/div>\n\t\t<\/div>\n\t\t\t\t\t<\/div>\n\t\t<\/section>\n\t\t\t\t<\/div>","protected":false},"excerpt":{"rendered":"<p>Mold Info Learn how mold can trigger respiratory diseases and other symptoms, discover how to detect its presence, and understand the importance of moisture control in preventing mold growth and recontamination. Mold occurs naturally in our environment. We all live with some exposure to it. Though mold is typically not a major cause of serious [&hellip;]<\/p>\n","protected":false},"author":1,"featured_media":10339,"parent":2355,"menu_order":0,"comment_status":"closed","ping_status":"closed","template":"elementor_header_footer","meta":{"_acf_changed":false,"footnotes":""},"class_list":["post-2399","page","type-page","status-publish","has-post-thumbnail","hentry"],"acf":[],"yoast_head":"<!-- This site is optimized with the Yoast SEO plugin v27.3 - https:\/\/yoast.com\/product\/yoast-seo-wordpress\/ -->\n<title>Mold Info - Tulsa Health Department<\/title>\n<meta name=\"description\" content=\"Mold can trigger respiratory diseases. Discover how to detect its presence, and understand the importance of moisture control in preventing mold growth.\" \/>\n<meta name=\"robots\" content=\"index, follow, max-snippet:-1, max-image-preview:large, max-video-preview:-1\" \/>\n<link rel=\"canonical\" href=\"https:\/\/tulsa-health.org\/fr\/permits-inspections\/housing\/mold-info\/\" \/>\n<meta property=\"og:locale\" content=\"fr_FR\" \/>\n<meta property=\"og:type\" content=\"article\" \/>\n<meta property=\"og:title\" content=\"Mold Info - Tulsa Health Department\" \/>\n<meta property=\"og:description\" content=\"Mold can trigger respiratory diseases. Discover how to detect its presence, and understand the importance of moisture control in preventing mold growth.\" \/>\n<meta property=\"og:url\" content=\"https:\/\/tulsa-health.org\/fr\/permits-inspections\/housing\/mold-info\/\" \/>\n<meta property=\"og:site_name\" content=\"Tulsa Health Department\" \/>\n<meta property=\"article:modified_time\" content=\"2023-12-21T01:01:52+00:00\" \/>\n<meta property=\"og:image\" content=\"https:\/\/tulsa-health.org\/wp-content\/uploads\/2023\/07\/MoldInfo-2371421_P_Housework.jpg\" \/>\n\t<meta property=\"og:image:width\" content=\"1473\" \/>\n\t<meta property=\"og:image:height\" content=\"1080\" \/>\n\t<meta property=\"og:image:type\" content=\"image\/jpeg\" \/>\n<meta name=\"twitter:card\" content=\"summary_large_image\" \/>\n<meta name=\"twitter:label1\" content=\"Dur\u00e9e de lecture estim\u00e9e\" \/>\n\t<meta name=\"twitter:data1\" content=\"3 minutes\" \/>\n<script type=\"application\/ld+json\" class=\"yoast-schema-graph\">{\"@context\":\"https:\\\/\\\/schema.org\",\"@graph\":[{\"@type\":\"WebPage\",\"@id\":\"https:\\\/\\\/tulsa-health.org\\\/permits-inspections\\\/housing\\\/mold-info\\\/\",\"url\":\"https:\\\/\\\/tulsa-health.org\\\/permits-inspections\\\/housing\\\/mold-info\\\/\",\"name\":\"Mold Info - Tulsa Health Department\",\"isPartOf\":{\"@id\":\"https:\\\/\\\/tulsa-health.org\\\/es\\\/#website\"},\"primaryImageOfPage\":{\"@id\":\"https:\\\/\\\/tulsa-health.org\\\/permits-inspections\\\/housing\\\/mold-info\\\/#primaryimage\"},\"image\":{\"@id\":\"https:\\\/\\\/tulsa-health.org\\\/permits-inspections\\\/housing\\\/mold-info\\\/#primaryimage\"},\"thumbnailUrl\":\"https:\\\/\\\/tulsa-health.org\\\/wp-content\\\/uploads\\\/2023\\\/07\\\/MoldInfo-2371421_P_Housework.jpg\",\"datePublished\":\"2023-05-04T23:20:57+00:00\",\"dateModified\":\"2023-12-21T01:01:52+00:00\",\"description\":\"Mold can trigger respiratory diseases. Discover how to detect its presence, and understand the importance of moisture control in preventing mold growth.\",\"breadcrumb\":{\"@id\":\"https:\\\/\\\/tulsa-health.org\\\/permits-inspections\\\/housing\\\/mold-info\\\/#breadcrumb\"},\"inLanguage\":\"fr-FR\",\"potentialAction\":[{\"@type\":\"ReadAction\",\"target\":[\"https:\\\/\\\/tulsa-health.org\\\/permits-inspections\\\/housing\\\/mold-info\\\/\"]}]},{\"@type\":\"ImageObject\",\"inLanguage\":\"fr-FR\",\"@id\":\"https:\\\/\\\/tulsa-health.org\\\/permits-inspections\\\/housing\\\/mold-info\\\/#primaryimage\",\"url\":\"https:\\\/\\\/tulsa-health.org\\\/wp-content\\\/uploads\\\/2023\\\/07\\\/MoldInfo-2371421_P_Housework.jpg\",\"contentUrl\":\"https:\\\/\\\/tulsa-health.org\\\/wp-content\\\/uploads\\\/2023\\\/07\\\/MoldInfo-2371421_P_Housework.jpg\",\"width\":1473,\"height\":1080,\"caption\":\"Rubber glove scrubbing tiles for mold\"},{\"@type\":\"BreadcrumbList\",\"@id\":\"https:\\\/\\\/tulsa-health.org\\\/permits-inspections\\\/housing\\\/mold-info\\\/#breadcrumb\",\"itemListElement\":[{\"@type\":\"ListItem\",\"position\":1,\"name\":\"Home\",\"item\":\"https:\\\/\\\/tulsa-health.org\\\/\"},{\"@type\":\"ListItem\",\"position\":2,\"name\":\"Permits &#038; Inspections\",\"item\":\"https:\\\/\\\/tulsa-health.org\\\/permits-inspections\\\/\"},{\"@type\":\"ListItem\",\"position\":3,\"name\":\"Housing\",\"item\":\"https:\\\/\\\/tulsa-health.org\\\/permits-inspections\\\/housing\\\/\"},{\"@type\":\"ListItem\",\"position\":4,\"name\":\"Mold Info\"}]},{\"@type\":\"WebSite\",\"@id\":\"https:\\\/\\\/tulsa-health.org\\\/es\\\/#website\",\"url\":\"https:\\\/\\\/tulsa-health.org\\\/es\\\/\",\"name\":\"Tulsa Health Department\",\"description\":\"Clinical Services, Immunizations, Permits and More | Tulsa Health Department\",\"potentialAction\":[{\"@type\":\"SearchAction\",\"target\":{\"@type\":\"EntryPoint\",\"urlTemplate\":\"https:\\\/\\\/tulsa-health.org\\\/es\\\/?s={search_term_string}\"},\"query-input\":{\"@type\":\"PropertyValueSpecification\",\"valueRequired\":true,\"valueName\":\"search_term_string\"}}],\"inLanguage\":\"fr-FR\"}]}<\/script>\n<!-- \/ Yoast SEO plugin. -->","yoast_head_json":{"title":"Informations sur les moisissures - D\u00e9partement de la sant\u00e9 de Tulsa","description":"Les moisissures peuvent provoquer des maladies respiratoires. D\u00e9couvrez comment d\u00e9tecter leur pr\u00e9sence et l&#039;importance du contr\u00f4le de l&#039;humidit\u00e9 pour pr\u00e9venir leur d\u00e9veloppement.","robots":{"index":"index","follow":"follow","max-snippet":"max-snippet:-1","max-image-preview":"max-image-preview:large","max-video-preview":"max-video-preview:-1"},"canonical":"https:\/\/tulsa-health.org\/fr\/permits-inspections\/housing\/mold-info\/","og_locale":"fr_FR","og_type":"article","og_title":"Mold Info - Tulsa Health Department","og_description":"Mold can trigger respiratory diseases. Discover how to detect its presence, and understand the importance of moisture control in preventing mold growth.","og_url":"https:\/\/tulsa-health.org\/fr\/permits-inspections\/housing\/mold-info\/","og_site_name":"Tulsa Health Department","article_modified_time":"2023-12-21T01:01:52+00:00","og_image":[{"width":1473,"height":1080,"url":"https:\/\/tulsa-health.org\/wp-content\/uploads\/2023\/07\/MoldInfo-2371421_P_Housework.jpg","type":"image\/jpeg"}],"twitter_card":"summary_large_image","twitter_misc":{"Dur\u00e9e de lecture estim\u00e9e":"3 minutes"},"schema":{"@context":"https:\/\/schema.org","@graph":[{"@type":"WebPage","@id":"https:\/\/tulsa-health.org\/permits-inspections\/housing\/mold-info\/","url":"https:\/\/tulsa-health.org\/permits-inspections\/housing\/mold-info\/","name":"Informations sur les moisissures - D\u00e9partement de la sant\u00e9 de Tulsa","isPartOf":{"@id":"https:\/\/tulsa-health.org\/es\/#website"},"primaryImageOfPage":{"@id":"https:\/\/tulsa-health.org\/permits-inspections\/housing\/mold-info\/#primaryimage"},"image":{"@id":"https:\/\/tulsa-health.org\/permits-inspections\/housing\/mold-info\/#primaryimage"},"thumbnailUrl":"https:\/\/tulsa-health.org\/wp-content\/uploads\/2023\/07\/MoldInfo-2371421_P_Housework.jpg","datePublished":"2023-05-04T23:20:57+00:00","dateModified":"2023-12-21T01:01:52+00:00","description":"Les moisissures peuvent provoquer des maladies respiratoires. D\u00e9couvrez comment d\u00e9tecter leur pr\u00e9sence et l&#039;importance du contr\u00f4le de l&#039;humidit\u00e9 pour pr\u00e9venir leur d\u00e9veloppement.","breadcrumb":{"@id":"https:\/\/tulsa-health.org\/permits-inspections\/housing\/mold-info\/#breadcrumb"},"inLanguage":"fr-FR","potentialAction":[{"@type":"ReadAction","target":["https:\/\/tulsa-health.org\/permits-inspections\/housing\/mold-info\/"]}]},{"@type":"ImageObject","inLanguage":"fr-FR","@id":"https:\/\/tulsa-health.org\/permits-inspections\/housing\/mold-info\/#primaryimage","url":"https:\/\/tulsa-health.org\/wp-content\/uploads\/2023\/07\/MoldInfo-2371421_P_Housework.jpg","contentUrl":"https:\/\/tulsa-health.org\/wp-content\/uploads\/2023\/07\/MoldInfo-2371421_P_Housework.jpg","width":1473,"height":1080,"caption":"Rubber glove scrubbing tiles for mold"},{"@type":"BreadcrumbList","@id":"https:\/\/tulsa-health.org\/permits-inspections\/housing\/mold-info\/#breadcrumb","itemListElement":[{"@type":"ListItem","position":1,"name":"Home","item":"https:\/\/tulsa-health.org\/"},{"@type":"ListItem","position":2,"name":"Permits &#038; Inspections","item":"https:\/\/tulsa-health.org\/permits-inspections\/"},{"@type":"ListItem","position":3,"name":"Housing","item":"https:\/\/tulsa-health.org\/permits-inspections\/housing\/"},{"@type":"ListItem","position":4,"name":"Mold Info"}]},{"@type":"WebSite","@id":"https:\/\/tulsa-health.org\/es\/#website","url":"https:\/\/tulsa-health.org\/es\/","name":"D\u00e9partement de la sant\u00e9 de Tulsa","description":"Services cliniques, vaccinations, permis et plus | D\u00e9partement de la Sant\u00e9 de Tulsa","potentialAction":[{"@type":"SearchAction","target":{"@type":"EntryPoint","urlTemplate":"https:\/\/tulsa-health.org\/es\/?s={search_term_string}"},"query-input":{"@type":"PropertyValueSpecification","valueRequired":true,"valueName":"search_term_string"}}],"inLanguage":"fr-FR"}]}},"publishpress_future_workflow_manual_trigger":{"enabledWorkflows":[]},"_links":{"self":[{"href":"https:\/\/tulsa-health.org\/fr\/wp-json\/wp\/v2\/pages\/2399","targetHints":{"allow":["GET"]}}],"collection":[{"href":"https:\/\/tulsa-health.org\/fr\/wp-json\/wp\/v2\/pages"}],"about":[{"href":"https:\/\/tulsa-health.org\/fr\/wp-json\/wp\/v2\/types\/page"}],"author":[{"embeddable":true,"href":"https:\/\/tulsa-health.org\/fr\/wp-json\/wp\/v2\/users\/1"}],"replies":[{"embeddable":true,"href":"https:\/\/tulsa-health.org\/fr\/wp-json\/wp\/v2\/comments?post=2399"}],"version-history":[{"count":0,"href":"https:\/\/tulsa-health.org\/fr\/wp-json\/wp\/v2\/pages\/2399\/revisions"}],"up":[{"embeddable":true,"href":"https:\/\/tulsa-health.org\/fr\/wp-json\/wp\/v2\/pages\/2355"}],"wp:featuredmedia":[{"embeddable":true,"href":"https:\/\/tulsa-health.org\/fr\/wp-json\/wp\/v2\/media\/10339"}],"wp:attachment":[{"href":"https:\/\/tulsa-health.org\/fr\/wp-json\/wp\/v2\/media?parent=2399"}],"curies":[{"name":"wp","href":"https:\/\/api.w.org\/{rel}","templated":true}]}}