{"id":2438,"date":"2023-05-04T18:32:42","date_gmt":"2023-05-04T23:32:42","guid":{"rendered":"https:\/\/test.tulsa-health.org\/?page_id=2438"},"modified":"2025-06-06T16:14:56","modified_gmt":"2025-06-06T21:14:56","slug":"checking-your-water-environmental-water-lab","status":"publish","type":"page","link":"https:\/\/tulsa-health.org\/fr\/permits-inspections\/environmental\/checking-your-water-environmental-water-lab\/","title":{"rendered":"Laboratoire d&#039;eau environnementale"},"content":{"rendered":"<div data-elementor-type=\"wp-page\" data-elementor-id=\"2438\" class=\"elementor elementor-2438\" data-elementor-post-type=\"page\">\n\t\t\t\t\t\t<section class=\"elementor-section elementor-top-section elementor-element elementor-element-7e653c5 elementor-section-full_width elementor-section-height-min-height elementor-section-height-default elementor-section-items-middle\" data-id=\"7e653c5\" data-element_type=\"section\" data-e-type=\"section\" data-settings=\"{&quot;background_background&quot;:&quot;classic&quot;}\">\n\t\t\t\t\t\t<div class=\"elementor-container elementor-column-gap-no\">\n\t\t\t\t\t<div class=\"elementor-column elementor-col-100 elementor-top-column elementor-element elementor-element-8499268\" data-id=\"8499268\" data-element_type=\"column\" data-e-type=\"column\">\n\t\t\t<div class=\"elementor-widget-wrap\">\n\t\t\t\t\t\t\t<\/div>\n\t\t<\/div>\n\t\t\t\t\t<\/div>\n\t\t<\/section>\n\t\t\t\t<section class=\"elementor-section elementor-top-section elementor-element elementor-element-83e2315 elementor-section-boxed elementor-section-height-default elementor-section-height-default\" data-id=\"83e2315\" data-element_type=\"section\" data-e-type=\"section\" data-settings=\"{&quot;background_background&quot;:&quot;classic&quot;}\">\n\t\t\t\t\t\t<div class=\"elementor-container elementor-column-gap-default\">\n\t\t\t\t\t<div class=\"elementor-column elementor-col-100 elementor-top-column elementor-element elementor-element-0e86b1d\" data-id=\"0e86b1d\" data-element_type=\"column\" data-e-type=\"column\">\n\t\t\t<div class=\"elementor-widget-wrap elementor-element-populated\">\n\t\t\t\t\t\t<div class=\"elementor-element elementor-element-089f150 elementor-widget elementor-widget-heading\" data-id=\"089f150\" data-element_type=\"widget\" data-e-type=\"widget\" data-widget_type=\"heading.default\">\n\t\t\t\t<div class=\"elementor-widget-container\">\n\t\t\t\t\t<h1 class=\"elementor-heading-title elementor-size-default\">Laboratoire d&#039;eau environnementale<\/h1>\t\t\t\t<\/div>\n\t\t\t\t<\/div>\n\t\t\t\t<div class=\"elementor-element elementor-element-2520f64 elementor-widget elementor-widget-text-editor\" data-id=\"2520f64\" data-element_type=\"widget\" data-e-type=\"widget\" data-widget_type=\"text-editor.default\">\n\t\t\t\t<div class=\"elementor-widget-container\">\n\t\t\t\t\t\t\t\t\t<p>Une eau salubre et facilement disponible est importante pour la sant\u00e9 publique, qu\u2019elle soit utilis\u00e9e \u00e0 des fins de boisson, d\u2019usage domestique, de production alimentaire ou \u00e0 des fins r\u00e9cr\u00e9atives.\u200b<\/p>\t\t\t\t\t\t\t\t<\/div>\n\t\t\t\t<\/div>\n\t\t\t\t\t<\/div>\n\t\t<\/div>\n\t\t\t\t\t<\/div>\n\t\t<\/section>\n\t\t\t\t<section class=\"elementor-section elementor-top-section elementor-element elementor-element-a46a95a elementor-section-boxed elementor-section-height-default elementor-section-height-default\" data-id=\"a46a95a\" data-element_type=\"section\" data-e-type=\"section\" data-settings=\"{&quot;background_background&quot;:&quot;classic&quot;}\">\n\t\t\t\t\t\t<div class=\"elementor-container elementor-column-gap-default\">\n\t\t\t\t\t<div class=\"elementor-column elementor-col-100 elementor-top-column elementor-element elementor-element-73c12a6\" data-id=\"73c12a6\" data-element_type=\"column\" data-e-type=\"column\">\n\t\t\t<div class=\"elementor-widget-wrap elementor-element-populated\">\n\t\t\t\t\t\t<div class=\"elementor-element elementor-element-d97abce elementor-widget elementor-widget-text-editor\" data-id=\"d97abce\" data-element_type=\"widget\" data-e-type=\"widget\" data-widget_type=\"text-editor.default\">\n\t\t\t\t<div class=\"elementor-widget-container\">\n\t\t\t\t\t\t\t\t\t<h2>V\u00e9rifiez votre eau<\/h2><p>Si vous avez des inqui\u00e9tudes concernant votre eau publique ou priv\u00e9e, vous pouvez faire tester votre eau moyennant des frais. <strong>Vous devez vous procurer une bouteille aupr\u00e8s du laboratoire d&#039;eau de THD avant de pr\u00e9lever des \u00e9chantillons. Notre laboratoire d&#039;eau ne peut accepter que les \u00e9chantillons pr\u00e9lev\u00e9s dans des contenants approuv\u00e9s. Les \u00e9chantillons pr\u00e9lev\u00e9s dans des bouteilles d&#039;eau potable, des bocaux Mason, etc. ne seront pas accept\u00e9s.<\/strong><\/p><p>Veuillez conserver les \u00e9chantillons d\u2019eau collect\u00e9s sur de la glace et les renvoyer rapidement au laboratoire pour obtenir les meilleurs r\u00e9sultats.<\/p><p>Pour les tests bact\u00e9riologiques, les \u00e9chantillons d\u2019eau potable doivent \u00eatre retourn\u00e9s dans les 30 heures suivant l\u2019heure du pr\u00e9l\u00e8vement.<\/p><h2>Op\u00e9ration de laboratoire d&#039;eau<\/h2><p>La qualit\u00e9 et la s\u00e9curit\u00e9 de notre approvisionnement en eau potable sont une priorit\u00e9 absolue chez THD. C&#039;est pourquoi THD exploite son propre laboratoire interne qui effectue des tests bact\u00e9riologiques et chimiques de la qualit\u00e9 de l&#039;eau pour d\u00e9tecter les contaminants tels que les m\u00e9taux lourds, les min\u00e9raux et autres impuret\u00e9s.\u00a0<\/p><p>Retrouvez notre Water Lab situ\u00e9 \u00e0 notre <a href=\"https:\/\/maps.app.goo.gl\/dYA6ghXGV229VrjaA\">Centre de sant\u00e9 James O. Goodwin, 5051 S. 129th East Ave, Tulsa, OK<\/a>.<\/p><p>Le laboratoire d&#039;eau du THD est ouvert du lundi au vendredi de 8h \u00e0 17h, sauf les jours f\u00e9ri\u00e9s. Veuillez noter que les \u00e9chantillons d&#039;eau ne sont accept\u00e9s que jusqu&#039;\u00e0 16h30 chaque jour.<\/p><p>Appelez s&#039;il vous pla\u00eet\u00a0<a href=\"\/fr\/t\u00e9l:9185954200\/\">918-595-4200<\/a>\u00a0pour plus d\u2019informations et les co\u00fbts. La plupart des principales cartes de cr\u00e9dit sont accept\u00e9es.<\/p><p><strong>Ressources associ\u00e9es<\/strong><\/p><ul><li><a href=\"https:\/\/tulsa-health.org\/wp-content\/uploads\/2025\/06\/EHSLabPricing_v20250527.pdf\">Prix du laboratoire d&#039;eau<\/a><\/li><li><a href=\"\/wp-content\/uploads\/2023\/05\/ChainOfCustody_fillable_V20160329.pdf\">Formulaire de cha\u00eene de tra\u00e7abilit\u00e9<\/a><\/li><\/ul><h2>Test des sous-produits de d\u00e9sinfection (DBP)<\/h2>\t\t\t\t\t\t\t\t<\/div>\n\t\t\t\t<\/div>\n\t\t\t\t<div class=\"elementor-element elementor-element-9bc932f elementor-widget elementor-widget-button\" data-id=\"9bc932f\" data-element_type=\"widget\" data-e-type=\"widget\" data-widget_type=\"button.default\">\n\t\t\t\t<div class=\"elementor-widget-container\">\n\t\t\t\t\t\t\t\t\t<div class=\"elementor-button-wrapper\">\n\t\t\t\t\t<a class=\"elementor-button elementor-button-link elementor-size-sm\" href=\"\/wp-content\/uploads\/2023\/06\/DBPtesting.pdf\">\n\t\t\t\t\t\t<span class=\"elementor-button-content-wrapper\">\n\t\t\t\t\t\t\t\t\t<span class=\"elementor-button-text\">En savoir plus sur les tests DBP de THD<\/span>\n\t\t\t\t\t<\/span>\n\t\t\t\t\t<\/a>\n\t\t\t\t<\/div>\n\t\t\t\t\t\t\t\t<\/div>\n\t\t\t\t<\/div>\n\t\t\t\t\t<\/div>\n\t\t<\/div>\n\t\t\t\t\t<\/div>\n\t\t<\/section>\n\t\t\t\t<section class=\"elementor-section elementor-top-section elementor-element elementor-element-657bbd5 elementor-section-full_width elementor-section-height-default elementor-section-height-default\" data-id=\"657bbd5\" data-element_type=\"section\" data-e-type=\"section\">\n\t\t\t\t\t\t<div class=\"elementor-container elementor-column-gap-default\">\n\t\t\t\t\t<div class=\"elementor-column elementor-col-100 elementor-top-column elementor-element elementor-element-0738449\" data-id=\"0738449\" data-element_type=\"column\" data-e-type=\"column\">\n\t\t\t<div class=\"elementor-widget-wrap elementor-element-populated\">\n\t\t\t\t\t\t<div class=\"elementor-element elementor-element-4d2fb45 elementor-widget elementor-widget-shortcode\" data-id=\"4d2fb45\" data-element_type=\"widget\" data-e-type=\"widget\" data-widget_type=\"shortcode.default\">\n\t\t\t\t<div class=\"elementor-widget-container\">\n\t\t\t\t\t\t\t<div class=\"elementor-shortcode\">\t\t<div data-elementor-type=\"section\" data-elementor-id=\"4934\" class=\"elementor elementor-4934\" data-elementor-post-type=\"elementor_library\">\n\t\t\t\t\t<section class=\"elementor-section elementor-top-section elementor-element elementor-element-4469b59d elementor-section-stretched elementor-section-boxed elementor-section-height-default elementor-section-height-default\" data-id=\"4469b59d\" data-element_type=\"section\" data-e-type=\"section\" data-settings=\"{&quot;background_background&quot;:&quot;classic&quot;,&quot;stretch_section&quot;:&quot;section-stretched&quot;}\">\n\t\t\t\t\t\t\t<div class=\"elementor-background-overlay\"><\/div>\n\t\t\t\t\t\t\t<div class=\"elementor-container elementor-column-gap-default\">\n\t\t\t\t\t<div class=\"elementor-column elementor-col-100 elementor-top-column elementor-element elementor-element-615ea353\" data-id=\"615ea353\" data-element_type=\"column\" data-e-type=\"column\">\n\t\t\t<div class=\"elementor-widget-wrap elementor-element-populated\">\n\t\t\t\t\t\t<div class=\"elementor-element elementor-element-bdb2691 elementor-widget elementor-widget-heading\" data-id=\"bdb2691\" data-element_type=\"widget\" data-e-type=\"widget\" data-widget_type=\"heading.default\">\n\t\t\t\t<div class=\"elementor-widget-container\">\n\t\t\t\t\t<h5 class=\"elementor-heading-title elementor-size-default\">EMPLACEMENTS<\/h5>\t\t\t\t<\/div>\n\t\t\t\t<\/div>\n\t\t\t\t<div class=\"elementor-element elementor-element-00f74f9 elementor-widget elementor-widget-text-editor\" data-id=\"00f74f9\" data-element_type=\"widget\" data-e-type=\"widget\" data-widget_type=\"text-editor.default\">\n\t\t\t\t<div class=\"elementor-widget-container\">\n\t\t\t\t\t\t\t\t\t<p>Nous avons 9 sites dans le comt\u00e9 de Tulsa qui offrent une vari\u00e9t\u00e9 de services pour vous aider, vous et votre famille, \u00e0 rester en bonne sant\u00e9.<\/p>\t\t\t\t\t\t\t\t<\/div>\n\t\t\t\t<\/div>\n\t\t\t\t<div class=\"elementor-element elementor-element-fd63501 elementor-align-center secondary elementor-widget elementor-widget-button\" data-id=\"fd63501\" data-element_type=\"widget\" data-e-type=\"widget\" data-widget_type=\"button.default\">\n\t\t\t\t<div class=\"elementor-widget-container\">\n\t\t\t\t\t\t\t\t\t<div class=\"elementor-button-wrapper\">\n\t\t\t\t\t<a class=\"elementor-button elementor-button-link elementor-size-sm\" href=\"\/fr\/locations\/\">\n\t\t\t\t\t\t<span class=\"elementor-button-content-wrapper\">\n\t\t\t\t\t\t\t\t\t<span class=\"elementor-button-text\">Trouvez le v\u00f4tre<\/span>\n\t\t\t\t\t<\/span>\n\t\t\t\t\t<\/a>\n\t\t\t\t<\/div>\n\t\t\t\t\t\t\t\t<\/div>\n\t\t\t\t<\/div>\n\t\t\t\t\t<\/div>\n\t\t<\/div>\n\t\t\t\t\t<\/div>\n\t\t<\/section>\n\t\t\t\t<\/div>\n\t\t<\/div>\n\t\t\t\t\t\t<\/div>\n\t\t\t\t<\/div>\n\t\t\t\t\t<\/div>\n\t\t<\/div>\n\t\t\t\t\t<\/div>\n\t\t<\/section>\n\t\t<div class=\"elementor-element elementor-element-e2b889a e-flex e-con-boxed e-con e-parent\" data-id=\"e2b889a\" data-element_type=\"container\" data-e-type=\"container\">\n\t\t\t\t\t<div class=\"e-con-inner\">\n\t\t\t\t\t<\/div>\n\t\t\t\t<\/div>\n\t\t\t\t<\/div>","protected":false},"excerpt":{"rendered":"<p>Environmental Water Lab\u200b Safe and readily available water is important for public health, whether it is used for drinking, domestic use, food production or recreational purposes. \u200b Check Your Water If you have concerns about your public or private water, you may have your water tested for a fee. You must get a bottle from [&hellip;]<\/p>\n","protected":false},"author":1,"featured_media":10016,"parent":2427,"menu_order":0,"comment_status":"closed","ping_status":"closed","template":"elementor_header_footer","meta":{"_acf_changed":false,"footnotes":""},"class_list":["post-2438","page","type-page","status-publish","has-post-thumbnail","hentry"],"acf":[],"yoast_head":"<!-- This site is optimized with the Yoast SEO plugin v27.5 - https:\/\/yoast.com\/product\/yoast-seo-wordpress\/ -->\n<title>Environmental Water Lab - Tulsa Health Department<\/title>\n<meta name=\"description\" content=\"Safe and readily available water is important for public health, whether it is used for drinking, domestic use, food production or recreational purposes. \u200b\" \/>\n<meta name=\"robots\" content=\"index, follow, max-snippet:-1, max-image-preview:large, max-video-preview:-1\" \/>\n<link rel=\"canonical\" href=\"https:\/\/tulsa-health.org\/fr\/permits-inspections\/environmental\/checking-your-water-environmental-water-lab\/\" \/>\n<meta property=\"og:locale\" content=\"fr_FR\" \/>\n<meta property=\"og:type\" content=\"article\" \/>\n<meta property=\"og:title\" content=\"Environmental Water Lab - Tulsa Health Department\" \/>\n<meta property=\"og:description\" content=\"Safe and readily available water is important for public health, whether it is used for drinking, domestic use, food production or recreational purposes. \u200b\" \/>\n<meta property=\"og:url\" content=\"https:\/\/tulsa-health.org\/fr\/permits-inspections\/environmental\/checking-your-water-environmental-water-lab\/\" \/>\n<meta property=\"og:site_name\" content=\"Tulsa Health Department\" \/>\n<meta property=\"article:modified_time\" content=\"2025-06-06T21:14:56+00:00\" \/>\n<meta property=\"og:image\" content=\"https:\/\/tulsa-health.org\/wp-content\/uploads\/2023\/07\/Checking-Your-Water-Lab-8-scaled.jpg\" \/>\n\t<meta property=\"og:image:width\" content=\"2560\" \/>\n\t<meta property=\"og:image:height\" content=\"1707\" \/>\n\t<meta property=\"og:image:type\" content=\"image\/jpeg\" \/>\n<meta name=\"twitter:card\" content=\"summary_large_image\" \/>\n<meta name=\"twitter:label1\" content=\"Dur\u00e9e de lecture estim\u00e9e\" \/>\n\t<meta name=\"twitter:data1\" content=\"2 minutes\" \/>\n<script type=\"application\/ld+json\" class=\"yoast-schema-graph\">{\"@context\":\"https:\\\/\\\/schema.org\",\"@graph\":[{\"@type\":\"WebPage\",\"@id\":\"https:\\\/\\\/tulsa-health.org\\\/permits-inspections\\\/environmental\\\/checking-your-water-environmental-water-lab\\\/\",\"url\":\"https:\\\/\\\/tulsa-health.org\\\/permits-inspections\\\/environmental\\\/checking-your-water-environmental-water-lab\\\/\",\"name\":\"Environmental Water Lab - Tulsa Health Department\",\"isPartOf\":{\"@id\":\"https:\\\/\\\/tulsa-health.org\\\/es\\\/#website\"},\"primaryImageOfPage\":{\"@id\":\"https:\\\/\\\/tulsa-health.org\\\/permits-inspections\\\/environmental\\\/checking-your-water-environmental-water-lab\\\/#primaryimage\"},\"image\":{\"@id\":\"https:\\\/\\\/tulsa-health.org\\\/permits-inspections\\\/environmental\\\/checking-your-water-environmental-water-lab\\\/#primaryimage\"},\"thumbnailUrl\":\"https:\\\/\\\/tulsa-health.org\\\/wp-content\\\/uploads\\\/2023\\\/07\\\/Checking-Your-Water-Lab-8-scaled.jpg\",\"datePublished\":\"2023-05-04T23:32:42+00:00\",\"dateModified\":\"2025-06-06T21:14:56+00:00\",\"description\":\"Safe and readily available water is important for public health, whether it is used for drinking, domestic use, food production or recreational purposes. \u200b\",\"breadcrumb\":{\"@id\":\"https:\\\/\\\/tulsa-health.org\\\/permits-inspections\\\/environmental\\\/checking-your-water-environmental-water-lab\\\/#breadcrumb\"},\"inLanguage\":\"fr-FR\",\"potentialAction\":[{\"@type\":\"ReadAction\",\"target\":[\"https:\\\/\\\/tulsa-health.org\\\/permits-inspections\\\/environmental\\\/checking-your-water-environmental-water-lab\\\/\"]}]},{\"@type\":\"ImageObject\",\"inLanguage\":\"fr-FR\",\"@id\":\"https:\\\/\\\/tulsa-health.org\\\/permits-inspections\\\/environmental\\\/checking-your-water-environmental-water-lab\\\/#primaryimage\",\"url\":\"https:\\\/\\\/tulsa-health.org\\\/wp-content\\\/uploads\\\/2023\\\/07\\\/Checking-Your-Water-Lab-8-scaled.jpg\",\"contentUrl\":\"https:\\\/\\\/tulsa-health.org\\\/wp-content\\\/uploads\\\/2023\\\/07\\\/Checking-Your-Water-Lab-8-scaled.jpg\",\"width\":2560,\"height\":1707,\"caption\":\"Checking Your Water Lab\"},{\"@type\":\"BreadcrumbList\",\"@id\":\"https:\\\/\\\/tulsa-health.org\\\/permits-inspections\\\/environmental\\\/checking-your-water-environmental-water-lab\\\/#breadcrumb\",\"itemListElement\":[{\"@type\":\"ListItem\",\"position\":1,\"name\":\"Home\",\"item\":\"https:\\\/\\\/tulsa-health.org\\\/\"},{\"@type\":\"ListItem\",\"position\":2,\"name\":\"Permits &#038; Inspections\",\"item\":\"https:\\\/\\\/tulsa-health.org\\\/permits-inspections\\\/\"},{\"@type\":\"ListItem\",\"position\":3,\"name\":\"Environmental\",\"item\":\"https:\\\/\\\/tulsa-health.org\\\/permits-inspections\\\/environmental\\\/\"},{\"@type\":\"ListItem\",\"position\":4,\"name\":\"Environmental Water Lab\"}]},{\"@type\":\"WebSite\",\"@id\":\"https:\\\/\\\/tulsa-health.org\\\/es\\\/#website\",\"url\":\"https:\\\/\\\/tulsa-health.org\\\/es\\\/\",\"name\":\"Tulsa Health Department\",\"description\":\"Clinical Services, Immunizations, Permits and More | Tulsa Health Department\",\"potentialAction\":[{\"@type\":\"SearchAction\",\"target\":{\"@type\":\"EntryPoint\",\"urlTemplate\":\"https:\\\/\\\/tulsa-health.org\\\/es\\\/?s={search_term_string}\"},\"query-input\":{\"@type\":\"PropertyValueSpecification\",\"valueRequired\":true,\"valueName\":\"search_term_string\"}}],\"inLanguage\":\"fr-FR\"}]}<\/script>\n<!-- \/ Yoast SEO plugin. -->","yoast_head_json":{"title":"Laboratoire d&#039;analyse environnementale de l&#039;eau - D\u00e9partement de la sant\u00e9 de Tulsa","description":"Une eau salubre et facilement disponible est importante pour la sant\u00e9 publique, qu\u2019elle soit utilis\u00e9e \u00e0 des fins de boisson, d\u2019usage domestique, de production alimentaire ou \u00e0 des fins r\u00e9cr\u00e9atives.\u200b","robots":{"index":"index","follow":"follow","max-snippet":"max-snippet:-1","max-image-preview":"max-image-preview:large","max-video-preview":"max-video-preview:-1"},"canonical":"https:\/\/tulsa-health.org\/fr\/permits-inspections\/environmental\/checking-your-water-environmental-water-lab\/","og_locale":"fr_FR","og_type":"article","og_title":"Environmental Water Lab - Tulsa Health Department","og_description":"Safe and readily available water is important for public health, whether it is used for drinking, domestic use, food production or recreational purposes. \u200b","og_url":"https:\/\/tulsa-health.org\/fr\/permits-inspections\/environmental\/checking-your-water-environmental-water-lab\/","og_site_name":"Tulsa Health Department","article_modified_time":"2025-06-06T21:14:56+00:00","og_image":[{"width":2560,"height":1707,"url":"https:\/\/tulsa-health.org\/wp-content\/uploads\/2023\/07\/Checking-Your-Water-Lab-8-scaled.jpg","type":"image\/jpeg"}],"twitter_card":"summary_large_image","twitter_misc":{"Dur\u00e9e de lecture estim\u00e9e":"2 minutes"},"schema":{"@context":"https:\/\/schema.org","@graph":[{"@type":"WebPage","@id":"https:\/\/tulsa-health.org\/permits-inspections\/environmental\/checking-your-water-environmental-water-lab\/","url":"https:\/\/tulsa-health.org\/permits-inspections\/environmental\/checking-your-water-environmental-water-lab\/","name":"Laboratoire d&#039;analyse environnementale de l&#039;eau - D\u00e9partement de la sant\u00e9 de Tulsa","isPartOf":{"@id":"https:\/\/tulsa-health.org\/es\/#website"},"primaryImageOfPage":{"@id":"https:\/\/tulsa-health.org\/permits-inspections\/environmental\/checking-your-water-environmental-water-lab\/#primaryimage"},"image":{"@id":"https:\/\/tulsa-health.org\/permits-inspections\/environmental\/checking-your-water-environmental-water-lab\/#primaryimage"},"thumbnailUrl":"https:\/\/tulsa-health.org\/wp-content\/uploads\/2023\/07\/Checking-Your-Water-Lab-8-scaled.jpg","datePublished":"2023-05-04T23:32:42+00:00","dateModified":"2025-06-06T21:14:56+00:00","description":"Une eau salubre et facilement disponible est importante pour la sant\u00e9 publique, qu\u2019elle soit utilis\u00e9e \u00e0 des fins de boisson, d\u2019usage domestique, de production alimentaire ou \u00e0 des fins r\u00e9cr\u00e9atives.\u200b","breadcrumb":{"@id":"https:\/\/tulsa-health.org\/permits-inspections\/environmental\/checking-your-water-environmental-water-lab\/#breadcrumb"},"inLanguage":"fr-FR","potentialAction":[{"@type":"ReadAction","target":["https:\/\/tulsa-health.org\/permits-inspections\/environmental\/checking-your-water-environmental-water-lab\/"]}]},{"@type":"ImageObject","inLanguage":"fr-FR","@id":"https:\/\/tulsa-health.org\/permits-inspections\/environmental\/checking-your-water-environmental-water-lab\/#primaryimage","url":"https:\/\/tulsa-health.org\/wp-content\/uploads\/2023\/07\/Checking-Your-Water-Lab-8-scaled.jpg","contentUrl":"https:\/\/tulsa-health.org\/wp-content\/uploads\/2023\/07\/Checking-Your-Water-Lab-8-scaled.jpg","width":2560,"height":1707,"caption":"Checking Your Water Lab"},{"@type":"BreadcrumbList","@id":"https:\/\/tulsa-health.org\/permits-inspections\/environmental\/checking-your-water-environmental-water-lab\/#breadcrumb","itemListElement":[{"@type":"ListItem","position":1,"name":"Home","item":"https:\/\/tulsa-health.org\/"},{"@type":"ListItem","position":2,"name":"Permits &#038; Inspections","item":"https:\/\/tulsa-health.org\/permits-inspections\/"},{"@type":"ListItem","position":3,"name":"Environmental","item":"https:\/\/tulsa-health.org\/permits-inspections\/environmental\/"},{"@type":"ListItem","position":4,"name":"Environmental Water Lab"}]},{"@type":"WebSite","@id":"https:\/\/tulsa-health.org\/es\/#website","url":"https:\/\/tulsa-health.org\/es\/","name":"D\u00e9partement de la sant\u00e9 de Tulsa","description":"Services cliniques, vaccinations, permis et plus | D\u00e9partement de la Sant\u00e9 de Tulsa","potentialAction":[{"@type":"SearchAction","target":{"@type":"EntryPoint","urlTemplate":"https:\/\/tulsa-health.org\/es\/?s={search_term_string}"},"query-input":{"@type":"PropertyValueSpecification","valueRequired":true,"valueName":"search_term_string"}}],"inLanguage":"fr-FR"}]}},"publishpress_future_workflow_manual_trigger":{"enabledWorkflows":[]},"_links":{"self":[{"href":"https:\/\/tulsa-health.org\/fr\/wp-json\/wp\/v2\/pages\/2438","targetHints":{"allow":["GET"]}}],"collection":[{"href":"https:\/\/tulsa-health.org\/fr\/wp-json\/wp\/v2\/pages"}],"about":[{"href":"https:\/\/tulsa-health.org\/fr\/wp-json\/wp\/v2\/types\/page"}],"author":[{"embeddable":true,"href":"https:\/\/tulsa-health.org\/fr\/wp-json\/wp\/v2\/users\/1"}],"replies":[{"embeddable":true,"href":"https:\/\/tulsa-health.org\/fr\/wp-json\/wp\/v2\/comments?post=2438"}],"version-history":[{"count":3,"href":"https:\/\/tulsa-health.org\/fr\/wp-json\/wp\/v2\/pages\/2438\/revisions"}],"predecessor-version":[{"id":22451,"href":"https:\/\/tulsa-health.org\/fr\/wp-json\/wp\/v2\/pages\/2438\/revisions\/22451"}],"up":[{"embeddable":true,"href":"https:\/\/tulsa-health.org\/fr\/wp-json\/wp\/v2\/pages\/2427"}],"wp:featuredmedia":[{"embeddable":true,"href":"https:\/\/tulsa-health.org\/fr\/wp-json\/wp\/v2\/media\/10016"}],"wp:attachment":[{"href":"https:\/\/tulsa-health.org\/fr\/wp-json\/wp\/v2\/media?parent=2438"}],"curies":[{"name":"wp","href":"https:\/\/api.w.org\/{rel}","templated":true}]}}