{"id":2470,"date":"2023-05-04T18:37:54","date_gmt":"2023-05-04T23:37:54","guid":{"rendered":"https:\/\/test.tulsa-health.org\/?page_id=2470"},"modified":"2023-12-20T17:54:58","modified_gmt":"2023-12-20T23:54:58","slug":"underground-storage-tank","status":"publish","type":"page","link":"https:\/\/tulsa-health.org\/fr\/permits-inspections\/environmental\/underground-storage-tank\/","title":{"rendered":"R\u00e9servoir de stockage souterrain"},"content":{"rendered":"<div data-elementor-type=\"wp-page\" data-elementor-id=\"2470\" class=\"elementor elementor-2470\" data-elementor-post-type=\"page\">\n\t\t\t\t\t\t<section class=\"elementor-section elementor-top-section elementor-element elementor-element-5f1b9cc elementor-section-full_width elementor-section-height-min-height elementor-section-height-default elementor-section-items-middle\" data-id=\"5f1b9cc\" data-element_type=\"section\" data-e-type=\"section\" data-settings=\"{&quot;background_background&quot;:&quot;classic&quot;}\">\n\t\t\t\t\t\t<div class=\"elementor-container elementor-column-gap-no\">\n\t\t\t\t\t<div class=\"elementor-column elementor-col-100 elementor-top-column elementor-element elementor-element-6614540\" data-id=\"6614540\" data-element_type=\"column\" data-e-type=\"column\">\n\t\t\t<div class=\"elementor-widget-wrap\">\n\t\t\t\t\t\t\t<\/div>\n\t\t<\/div>\n\t\t\t\t\t<\/div>\n\t\t<\/section>\n\t\t\t\t<section class=\"elementor-section elementor-top-section elementor-element elementor-element-fa06b70 elementor-section-boxed elementor-section-height-default elementor-section-height-default\" data-id=\"fa06b70\" data-element_type=\"section\" data-e-type=\"section\" data-settings=\"{&quot;background_background&quot;:&quot;classic&quot;}\">\n\t\t\t\t\t\t<div class=\"elementor-container elementor-column-gap-default\">\n\t\t\t\t\t<div class=\"elementor-column elementor-col-100 elementor-top-column elementor-element elementor-element-2ab70c0\" data-id=\"2ab70c0\" data-element_type=\"column\" data-e-type=\"column\">\n\t\t\t<div class=\"elementor-widget-wrap elementor-element-populated\">\n\t\t\t\t\t\t<div class=\"elementor-element elementor-element-df1b1e1 elementor-widget elementor-widget-heading\" data-id=\"df1b1e1\" data-element_type=\"widget\" data-e-type=\"widget\" data-widget_type=\"heading.default\">\n\t\t\t\t<div class=\"elementor-widget-container\">\n\t\t\t\t\t<h1 class=\"elementor-heading-title elementor-size-default\">R\u00e9servoir de stockage souterrain<\/h1>\t\t\t\t<\/div>\n\t\t\t\t<\/div>\n\t\t\t\t<div class=\"elementor-element elementor-element-ee84883 elementor-widget elementor-widget-text-editor\" data-id=\"ee84883\" data-element_type=\"widget\" data-e-type=\"widget\" data-widget_type=\"text-editor.default\">\n\t\t\t\t<div class=\"elementor-widget-container\">\n\t\t\t\t\t\t\t\t\t<p>L\u2019exposition aux contaminants provenant d\u2019un r\u00e9servoir de stockage souterrain qui fuit pr\u00e9sente un risque important pour la sant\u00e9 publique. Notre objectif est de prot\u00e9ger l&#039;environnement du comt\u00e9 de Tulsa.<\/p>\t\t\t\t\t\t\t\t<\/div>\n\t\t\t\t<\/div>\n\t\t\t\t\t<\/div>\n\t\t<\/div>\n\t\t\t\t\t<\/div>\n\t\t<\/section>\n\t\t\t\t<section class=\"elementor-section elementor-top-section elementor-element elementor-element-b00d90e elementor-section-boxed elementor-section-height-default elementor-section-height-default\" data-id=\"b00d90e\" data-element_type=\"section\" data-e-type=\"section\" data-settings=\"{&quot;background_background&quot;:&quot;classic&quot;}\">\n\t\t\t\t\t\t<div class=\"elementor-container elementor-column-gap-default\">\n\t\t\t\t\t<div class=\"elementor-column elementor-col-100 elementor-top-column elementor-element elementor-element-93395d8\" data-id=\"93395d8\" data-element_type=\"column\" data-e-type=\"column\">\n\t\t\t<div class=\"elementor-widget-wrap elementor-element-populated\">\n\t\t\t\t\t\t<div class=\"elementor-element elementor-element-ab7f7e6 elementor-widget elementor-widget-text-editor\" data-id=\"ab7f7e6\" data-element_type=\"widget\" data-e-type=\"widget\" data-widget_type=\"text-editor.default\">\n\t\t\t\t<div class=\"elementor-widget-container\">\n\t\t\t\t\t\t\t\t\t<p>Un r\u00e9servoir de stockage souterrain (UST) fait r\u00e9f\u00e9rence \u00e0 un r\u00e9servoir et \u00e0 toute tuyauterie souterraine connect\u00e9e \u00e0 un r\u00e9servoir qui a au moins 10% de son volume combin\u00e9 souterrain. Les UST sont utilis\u00e9s pour stocker le p\u00e9trole et l&#039;huile dans les stations-service automobiles ainsi que d&#039;autres substances dangereuses.<\/p><p>En cas de fuite, de d\u00e9versement ou de d\u00e9bordement, le risque de contamination du sol et des eaux souterraines est exceptionnellement \u00e9lev\u00e9. La plupart des impuret\u00e9s lib\u00e9r\u00e9es par les fuites d&#039;UST comprennent des compos\u00e9s organiques volatils et du p\u00e9trole qui s&#039;\u00e9vaporent facilement dans l&#039;air et le sol. L&#039;exposition \u00e0 ces contaminants pr\u00e9sente un risque important pour la sant\u00e9 publique.<\/p><h2>Demander un permis et une licence<\/h2><p>THD d\u00e9livre des permis et des licences pour l&#039;installation et l&#039;exploitation de r\u00e9servoirs de stockage d&#039;essence souterrains couramment utilis\u00e9s dans les stations-service. De plus, notre personnel effectue chaque ann\u00e9e environ 300 inspections de ces r\u00e9servoirs dans le comt\u00e9 de Tulsa. L\u2019objectif est de garantir l\u2019utilisation d\u2019un \u00e9quipement appropri\u00e9 de r\u00e9cup\u00e9ration des vapeurs, qui prot\u00e8ge contre les \u00e9missions d\u2019ozone.<\/p><p>Appelez s&#039;il vous pla\u00eet <a href=\"\/fr\/t\u00e9l:9185954200\/\">918-595-4200<\/a> pour plus d&#039;informations et les tarifs. La plupart des principales cartes de cr\u00e9dit sont accept\u00e9es.<\/p>\t\t\t\t\t\t\t\t<\/div>\n\t\t\t\t<\/div>\n\t\t\t\t\t<\/div>\n\t\t<\/div>\n\t\t\t\t\t<\/div>\n\t\t<\/section>\n\t\t\t\t<section class=\"elementor-section elementor-top-section elementor-element elementor-element-69d92e3 elementor-section-full_width elementor-section-height-default elementor-section-height-default\" data-id=\"69d92e3\" data-element_type=\"section\" data-e-type=\"section\">\n\t\t\t\t\t\t<div class=\"elementor-container elementor-column-gap-default\">\n\t\t\t\t\t<div class=\"elementor-column elementor-col-100 elementor-top-column elementor-element elementor-element-b8519ea\" data-id=\"b8519ea\" data-element_type=\"column\" data-e-type=\"column\">\n\t\t\t<div class=\"elementor-widget-wrap elementor-element-populated\">\n\t\t\t\t\t\t<div class=\"elementor-element elementor-element-5e35a31 elementor-widget elementor-widget-shortcode\" data-id=\"5e35a31\" data-element_type=\"widget\" data-e-type=\"widget\" data-widget_type=\"shortcode.default\">\n\t\t\t\t<div class=\"elementor-widget-container\">\n\t\t\t\t\t\t\t<div class=\"elementor-shortcode\">\t\t<div data-elementor-type=\"section\" data-elementor-id=\"4934\" class=\"elementor elementor-4934\" data-elementor-post-type=\"elementor_library\">\n\t\t\t\t\t<section class=\"elementor-section elementor-top-section elementor-element elementor-element-4469b59d elementor-section-stretched elementor-section-boxed elementor-section-height-default elementor-section-height-default\" data-id=\"4469b59d\" data-element_type=\"section\" data-e-type=\"section\" data-settings=\"{&quot;background_background&quot;:&quot;classic&quot;,&quot;stretch_section&quot;:&quot;section-stretched&quot;}\">\n\t\t\t\t\t\t\t<div class=\"elementor-background-overlay\"><\/div>\n\t\t\t\t\t\t\t<div class=\"elementor-container elementor-column-gap-default\">\n\t\t\t\t\t<div class=\"elementor-column elementor-col-100 elementor-top-column elementor-element elementor-element-615ea353\" data-id=\"615ea353\" data-element_type=\"column\" data-e-type=\"column\">\n\t\t\t<div class=\"elementor-widget-wrap elementor-element-populated\">\n\t\t\t\t\t\t<div class=\"elementor-element elementor-element-bdb2691 elementor-widget elementor-widget-heading\" data-id=\"bdb2691\" data-element_type=\"widget\" data-e-type=\"widget\" data-widget_type=\"heading.default\">\n\t\t\t\t<div class=\"elementor-widget-container\">\n\t\t\t\t\t<h5 class=\"elementor-heading-title elementor-size-default\">EMPLACEMENTS<\/h5>\t\t\t\t<\/div>\n\t\t\t\t<\/div>\n\t\t\t\t<div class=\"elementor-element elementor-element-00f74f9 elementor-widget elementor-widget-text-editor\" data-id=\"00f74f9\" data-element_type=\"widget\" data-e-type=\"widget\" data-widget_type=\"text-editor.default\">\n\t\t\t\t<div class=\"elementor-widget-container\">\n\t\t\t\t\t\t\t\t\t<p>Nous avons 9 sites dans le comt\u00e9 de Tulsa qui offrent une vari\u00e9t\u00e9 de services pour vous aider, vous et votre famille, \u00e0 rester en bonne sant\u00e9.<\/p>\t\t\t\t\t\t\t\t<\/div>\n\t\t\t\t<\/div>\n\t\t\t\t<div class=\"elementor-element elementor-element-fd63501 elementor-align-center secondary elementor-widget elementor-widget-button\" data-id=\"fd63501\" data-element_type=\"widget\" data-e-type=\"widget\" data-widget_type=\"button.default\">\n\t\t\t\t<div class=\"elementor-widget-container\">\n\t\t\t\t\t\t\t\t\t<div class=\"elementor-button-wrapper\">\n\t\t\t\t\t<a class=\"elementor-button elementor-button-link elementor-size-sm\" href=\"\/fr\/locations\/\">\n\t\t\t\t\t\t<span class=\"elementor-button-content-wrapper\">\n\t\t\t\t\t\t\t\t\t<span class=\"elementor-button-text\">Trouvez le v\u00f4tre<\/span>\n\t\t\t\t\t<\/span>\n\t\t\t\t\t<\/a>\n\t\t\t\t<\/div>\n\t\t\t\t\t\t\t\t<\/div>\n\t\t\t\t<\/div>\n\t\t\t\t\t<\/div>\n\t\t<\/div>\n\t\t\t\t\t<\/div>\n\t\t<\/section>\n\t\t\t\t<\/div>\n\t\t<\/div>\n\t\t\t\t\t\t<\/div>\n\t\t\t\t<\/div>\n\t\t\t\t\t<\/div>\n\t\t<\/div>\n\t\t\t\t\t<\/div>\n\t\t<\/section>\n\t\t\t\t<\/div>","protected":false},"excerpt":{"rendered":"<p>Underground Storage Tank\u200b Exposure to contaminants from a leaking underground storage tank pose a significant public health risk. Our goal is to protect Tulsa County\u2019s environment. An underground storage tank (UST) refers to a tank and any underground piping connected to a tank that has at least 10% of its combined volume underground.\u00a0USTs are used [&hellip;]<\/p>\n","protected":false},"author":1,"featured_media":9650,"parent":2427,"menu_order":0,"comment_status":"closed","ping_status":"closed","template":"elementor_header_footer","meta":{"_acf_changed":false,"footnotes":""},"class_list":["post-2470","page","type-page","status-publish","has-post-thumbnail","hentry"],"acf":[],"yoast_head":"<!-- This site is optimized with the Yoast SEO plugin v27.4 - https:\/\/yoast.com\/product\/yoast-seo-wordpress\/ -->\n<title>Underground Storage Tank - Tulsa Health Department<\/title>\n<meta name=\"description\" content=\"Exposure to contaminants from a leaking underground storage tank pose a significant public health risk. Our goal is to protect Tulsa County\u2019s environment.\" \/>\n<meta name=\"robots\" content=\"index, follow, max-snippet:-1, max-image-preview:large, max-video-preview:-1\" \/>\n<link rel=\"canonical\" href=\"https:\/\/tulsa-health.org\/fr\/permits-inspections\/environmental\/underground-storage-tank\/\" \/>\n<meta property=\"og:locale\" content=\"fr_FR\" \/>\n<meta property=\"og:type\" content=\"article\" \/>\n<meta property=\"og:title\" content=\"Underground Storage Tank - Tulsa Health Department\" \/>\n<meta property=\"og:description\" content=\"Exposure to contaminants from a leaking underground storage tank pose a significant public health risk. Our goal is to protect Tulsa County\u2019s environment.\" \/>\n<meta property=\"og:url\" content=\"https:\/\/tulsa-health.org\/fr\/permits-inspections\/environmental\/underground-storage-tank\/\" \/>\n<meta property=\"og:site_name\" content=\"Tulsa Health Department\" \/>\n<meta property=\"article:modified_time\" content=\"2023-12-20T23:54:58+00:00\" \/>\n<meta property=\"og:image\" content=\"https:\/\/tulsa-health.org\/wp-content\/uploads\/2023\/07\/UndergroundStorage-stock-photo-20752237-new-gasoline-station-underground-fuel-t-iStock_000020752237Small.jpg\" \/>\n\t<meta property=\"og:image:width\" content=\"847\" \/>\n\t<meta property=\"og:image:height\" content=\"567\" \/>\n\t<meta property=\"og:image:type\" content=\"image\/jpeg\" \/>\n<meta name=\"twitter:card\" content=\"summary_large_image\" \/>\n<meta name=\"twitter:label1\" content=\"Dur\u00e9e de lecture estim\u00e9e\" \/>\n\t<meta name=\"twitter:data1\" content=\"2 minutes\" \/>\n<script type=\"application\/ld+json\" class=\"yoast-schema-graph\">{\"@context\":\"https:\\\/\\\/schema.org\",\"@graph\":[{\"@type\":\"WebPage\",\"@id\":\"https:\\\/\\\/tulsa-health.org\\\/permits-inspections\\\/environmental\\\/underground-storage-tank\\\/\",\"url\":\"https:\\\/\\\/tulsa-health.org\\\/permits-inspections\\\/environmental\\\/underground-storage-tank\\\/\",\"name\":\"Underground Storage Tank - Tulsa Health Department\",\"isPartOf\":{\"@id\":\"https:\\\/\\\/tulsa-health.org\\\/es\\\/#website\"},\"primaryImageOfPage\":{\"@id\":\"https:\\\/\\\/tulsa-health.org\\\/permits-inspections\\\/environmental\\\/underground-storage-tank\\\/#primaryimage\"},\"image\":{\"@id\":\"https:\\\/\\\/tulsa-health.org\\\/permits-inspections\\\/environmental\\\/underground-storage-tank\\\/#primaryimage\"},\"thumbnailUrl\":\"https:\\\/\\\/tulsa-health.org\\\/wp-content\\\/uploads\\\/2023\\\/07\\\/UndergroundStorage-stock-photo-20752237-new-gasoline-station-underground-fuel-t-iStock_000020752237Small.jpg\",\"datePublished\":\"2023-05-04T23:37:54+00:00\",\"dateModified\":\"2023-12-20T23:54:58+00:00\",\"description\":\"Exposure to contaminants from a leaking underground storage tank pose a significant public health risk. Our goal is to protect Tulsa County\u2019s environment.\",\"breadcrumb\":{\"@id\":\"https:\\\/\\\/tulsa-health.org\\\/permits-inspections\\\/environmental\\\/underground-storage-tank\\\/#breadcrumb\"},\"inLanguage\":\"fr-FR\",\"potentialAction\":[{\"@type\":\"ReadAction\",\"target\":[\"https:\\\/\\\/tulsa-health.org\\\/permits-inspections\\\/environmental\\\/underground-storage-tank\\\/\"]}]},{\"@type\":\"ImageObject\",\"inLanguage\":\"fr-FR\",\"@id\":\"https:\\\/\\\/tulsa-health.org\\\/permits-inspections\\\/environmental\\\/underground-storage-tank\\\/#primaryimage\",\"url\":\"https:\\\/\\\/tulsa-health.org\\\/wp-content\\\/uploads\\\/2023\\\/07\\\/UndergroundStorage-stock-photo-20752237-new-gasoline-station-underground-fuel-t-iStock_000020752237Small.jpg\",\"contentUrl\":\"https:\\\/\\\/tulsa-health.org\\\/wp-content\\\/uploads\\\/2023\\\/07\\\/UndergroundStorage-stock-photo-20752237-new-gasoline-station-underground-fuel-t-iStock_000020752237Small.jpg\",\"width\":847,\"height\":567,\"caption\":\"Underground Storage\"},{\"@type\":\"BreadcrumbList\",\"@id\":\"https:\\\/\\\/tulsa-health.org\\\/permits-inspections\\\/environmental\\\/underground-storage-tank\\\/#breadcrumb\",\"itemListElement\":[{\"@type\":\"ListItem\",\"position\":1,\"name\":\"Home\",\"item\":\"https:\\\/\\\/tulsa-health.org\\\/\"},{\"@type\":\"ListItem\",\"position\":2,\"name\":\"Permits &#038; Inspections\",\"item\":\"https:\\\/\\\/tulsa-health.org\\\/permits-inspections\\\/\"},{\"@type\":\"ListItem\",\"position\":3,\"name\":\"Environmental\",\"item\":\"https:\\\/\\\/tulsa-health.org\\\/permits-inspections\\\/environmental\\\/\"},{\"@type\":\"ListItem\",\"position\":4,\"name\":\"Underground Storage Tank\"}]},{\"@type\":\"WebSite\",\"@id\":\"https:\\\/\\\/tulsa-health.org\\\/es\\\/#website\",\"url\":\"https:\\\/\\\/tulsa-health.org\\\/es\\\/\",\"name\":\"Tulsa Health Department\",\"description\":\"Clinical Services, Immunizations, Permits and More | Tulsa Health Department\",\"potentialAction\":[{\"@type\":\"SearchAction\",\"target\":{\"@type\":\"EntryPoint\",\"urlTemplate\":\"https:\\\/\\\/tulsa-health.org\\\/es\\\/?s={search_term_string}\"},\"query-input\":{\"@type\":\"PropertyValueSpecification\",\"valueRequired\":true,\"valueName\":\"search_term_string\"}}],\"inLanguage\":\"fr-FR\"}]}<\/script>\n<!-- \/ Yoast SEO plugin. -->","yoast_head_json":{"title":"R\u00e9servoir de stockage souterrain \u2013 Service de sant\u00e9 de Tulsa","description":"L\u2019exposition aux contaminants provenant d\u2019un r\u00e9servoir de stockage souterrain qui fuit pr\u00e9sente un risque important pour la sant\u00e9 publique. Notre objectif est de prot\u00e9ger l&#039;environnement du comt\u00e9 de Tulsa.","robots":{"index":"index","follow":"follow","max-snippet":"max-snippet:-1","max-image-preview":"max-image-preview:large","max-video-preview":"max-video-preview:-1"},"canonical":"https:\/\/tulsa-health.org\/fr\/permits-inspections\/environmental\/underground-storage-tank\/","og_locale":"fr_FR","og_type":"article","og_title":"Underground Storage Tank - Tulsa Health Department","og_description":"Exposure to contaminants from a leaking underground storage tank pose a significant public health risk. Our goal is to protect Tulsa County\u2019s environment.","og_url":"https:\/\/tulsa-health.org\/fr\/permits-inspections\/environmental\/underground-storage-tank\/","og_site_name":"Tulsa Health Department","article_modified_time":"2023-12-20T23:54:58+00:00","og_image":[{"width":847,"height":567,"url":"https:\/\/tulsa-health.org\/wp-content\/uploads\/2023\/07\/UndergroundStorage-stock-photo-20752237-new-gasoline-station-underground-fuel-t-iStock_000020752237Small.jpg","type":"image\/jpeg"}],"twitter_card":"summary_large_image","twitter_misc":{"Dur\u00e9e de lecture estim\u00e9e":"2 minutes"},"schema":{"@context":"https:\/\/schema.org","@graph":[{"@type":"WebPage","@id":"https:\/\/tulsa-health.org\/permits-inspections\/environmental\/underground-storage-tank\/","url":"https:\/\/tulsa-health.org\/permits-inspections\/environmental\/underground-storage-tank\/","name":"R\u00e9servoir de stockage souterrain \u2013 Service de sant\u00e9 de Tulsa","isPartOf":{"@id":"https:\/\/tulsa-health.org\/es\/#website"},"primaryImageOfPage":{"@id":"https:\/\/tulsa-health.org\/permits-inspections\/environmental\/underground-storage-tank\/#primaryimage"},"image":{"@id":"https:\/\/tulsa-health.org\/permits-inspections\/environmental\/underground-storage-tank\/#primaryimage"},"thumbnailUrl":"https:\/\/tulsa-health.org\/wp-content\/uploads\/2023\/07\/UndergroundStorage-stock-photo-20752237-new-gasoline-station-underground-fuel-t-iStock_000020752237Small.jpg","datePublished":"2023-05-04T23:37:54+00:00","dateModified":"2023-12-20T23:54:58+00:00","description":"L\u2019exposition aux contaminants provenant d\u2019un r\u00e9servoir de stockage souterrain qui fuit pr\u00e9sente un risque important pour la sant\u00e9 publique. Notre objectif est de prot\u00e9ger l&#039;environnement du comt\u00e9 de Tulsa.","breadcrumb":{"@id":"https:\/\/tulsa-health.org\/permits-inspections\/environmental\/underground-storage-tank\/#breadcrumb"},"inLanguage":"fr-FR","potentialAction":[{"@type":"ReadAction","target":["https:\/\/tulsa-health.org\/permits-inspections\/environmental\/underground-storage-tank\/"]}]},{"@type":"ImageObject","inLanguage":"fr-FR","@id":"https:\/\/tulsa-health.org\/permits-inspections\/environmental\/underground-storage-tank\/#primaryimage","url":"https:\/\/tulsa-health.org\/wp-content\/uploads\/2023\/07\/UndergroundStorage-stock-photo-20752237-new-gasoline-station-underground-fuel-t-iStock_000020752237Small.jpg","contentUrl":"https:\/\/tulsa-health.org\/wp-content\/uploads\/2023\/07\/UndergroundStorage-stock-photo-20752237-new-gasoline-station-underground-fuel-t-iStock_000020752237Small.jpg","width":847,"height":567,"caption":"Underground Storage"},{"@type":"BreadcrumbList","@id":"https:\/\/tulsa-health.org\/permits-inspections\/environmental\/underground-storage-tank\/#breadcrumb","itemListElement":[{"@type":"ListItem","position":1,"name":"Home","item":"https:\/\/tulsa-health.org\/"},{"@type":"ListItem","position":2,"name":"Permits &#038; Inspections","item":"https:\/\/tulsa-health.org\/permits-inspections\/"},{"@type":"ListItem","position":3,"name":"Environmental","item":"https:\/\/tulsa-health.org\/permits-inspections\/environmental\/"},{"@type":"ListItem","position":4,"name":"Underground Storage Tank"}]},{"@type":"WebSite","@id":"https:\/\/tulsa-health.org\/es\/#website","url":"https:\/\/tulsa-health.org\/es\/","name":"D\u00e9partement de la sant\u00e9 de Tulsa","description":"Services cliniques, vaccinations, permis et plus | D\u00e9partement de la Sant\u00e9 de Tulsa","potentialAction":[{"@type":"SearchAction","target":{"@type":"EntryPoint","urlTemplate":"https:\/\/tulsa-health.org\/es\/?s={search_term_string}"},"query-input":{"@type":"PropertyValueSpecification","valueRequired":true,"valueName":"search_term_string"}}],"inLanguage":"fr-FR"}]}},"publishpress_future_workflow_manual_trigger":{"enabledWorkflows":[]},"_links":{"self":[{"href":"https:\/\/tulsa-health.org\/fr\/wp-json\/wp\/v2\/pages\/2470","targetHints":{"allow":["GET"]}}],"collection":[{"href":"https:\/\/tulsa-health.org\/fr\/wp-json\/wp\/v2\/pages"}],"about":[{"href":"https:\/\/tulsa-health.org\/fr\/wp-json\/wp\/v2\/types\/page"}],"author":[{"embeddable":true,"href":"https:\/\/tulsa-health.org\/fr\/wp-json\/wp\/v2\/users\/1"}],"replies":[{"embeddable":true,"href":"https:\/\/tulsa-health.org\/fr\/wp-json\/wp\/v2\/comments?post=2470"}],"version-history":[{"count":0,"href":"https:\/\/tulsa-health.org\/fr\/wp-json\/wp\/v2\/pages\/2470\/revisions"}],"up":[{"embeddable":true,"href":"https:\/\/tulsa-health.org\/fr\/wp-json\/wp\/v2\/pages\/2427"}],"wp:featuredmedia":[{"embeddable":true,"href":"https:\/\/tulsa-health.org\/fr\/wp-json\/wp\/v2\/media\/9650"}],"wp:attachment":[{"href":"https:\/\/tulsa-health.org\/fr\/wp-json\/wp\/v2\/media?parent=2470"}],"curies":[{"name":"wp","href":"https:\/\/api.w.org\/{rel}","templated":true}]}}