{"id":2797,"date":"2023-05-05T16:16:30","date_gmt":"2023-05-05T21:16:30","guid":{"rendered":"https:\/\/test.tulsa-health.org\/?page_id=2797"},"modified":"2026-03-20T11:16:59","modified_gmt":"2026-03-20T16:16:59","slug":"workplace-wellness","status":"publish","type":"page","link":"https:\/\/tulsa-health.org\/fr\/programs\/workplace-wellness\/","title":{"rendered":"Bien-\u00eatre au travail"},"content":{"rendered":"<div data-elementor-type=\"wp-page\" data-elementor-id=\"2797\" class=\"elementor elementor-2797\" data-elementor-post-type=\"page\">\n\t\t\t\t\t\t<section class=\"elementor-section elementor-top-section elementor-element elementor-element-3ccbe2b elementor-section-full_width elementor-section-height-min-height elementor-section-height-default elementor-section-items-middle\" data-id=\"3ccbe2b\" data-element_type=\"section\" data-e-type=\"section\" data-settings=\"{&quot;background_background&quot;:&quot;classic&quot;}\">\n\t\t\t\t\t\t<div class=\"elementor-container elementor-column-gap-no\">\n\t\t\t\t\t<div class=\"elementor-column elementor-col-100 elementor-top-column elementor-element elementor-element-a284dee\" data-id=\"a284dee\" data-element_type=\"column\" data-e-type=\"column\">\n\t\t\t<div class=\"elementor-widget-wrap\">\n\t\t\t\t\t\t\t<\/div>\n\t\t<\/div>\n\t\t\t\t\t<\/div>\n\t\t<\/section>\n\t\t\t\t<section class=\"elementor-section elementor-top-section elementor-element elementor-element-2e517ee elementor-section-boxed elementor-section-height-default elementor-section-height-default\" data-id=\"2e517ee\" data-element_type=\"section\" data-e-type=\"section\" data-settings=\"{&quot;background_background&quot;:&quot;classic&quot;}\">\n\t\t\t\t\t\t<div class=\"elementor-container elementor-column-gap-default\">\n\t\t\t\t\t<div class=\"elementor-column elementor-col-100 elementor-top-column elementor-element elementor-element-eabcd01\" data-id=\"eabcd01\" data-element_type=\"column\" data-e-type=\"column\">\n\t\t\t<div class=\"elementor-widget-wrap elementor-element-populated\">\n\t\t\t\t\t\t<div class=\"elementor-element elementor-element-c5758a0 elementor-widget elementor-widget-heading\" data-id=\"c5758a0\" data-element_type=\"widget\" data-e-type=\"widget\" data-widget_type=\"heading.default\">\n\t\t\t\t<div class=\"elementor-widget-container\">\n\t\t\t\t\t<h1 class=\"elementor-heading-title elementor-size-default\">Bien-\u00eatre au travail<\/h1>\t\t\t\t<\/div>\n\t\t\t\t<\/div>\n\t\t\t\t<div class=\"elementor-element elementor-element-021f6a5 elementor-widget elementor-widget-text-editor\" data-id=\"021f6a5\" data-element_type=\"widget\" data-e-type=\"widget\" data-widget_type=\"text-editor.default\">\n\t\t\t\t<div class=\"elementor-widget-container\">\n\t\t\t\t\t\t\t\t\t<p>Alors que les travailleurs am\u00e9ricains passent aujourd&#039;hui plus d&#039;un tiers de leur journ\u00e9e au travail, les employeurs se trouvent dans une position unique pour promouvoir la sant\u00e9 et la s\u00e9curit\u00e9 de leurs employ\u00e9s.<\/p>\t\t\t\t\t\t\t\t<\/div>\n\t\t\t\t<\/div>\n\t\t\t\t\t<\/div>\n\t\t<\/div>\n\t\t\t\t\t<\/div>\n\t\t<\/section>\n\t\t\t\t<section class=\"elementor-section elementor-top-section elementor-element elementor-element-58c1f4b elementor-section-boxed elementor-section-height-default elementor-section-height-default\" data-id=\"58c1f4b\" data-element_type=\"section\" data-e-type=\"section\" data-settings=\"{&quot;background_background&quot;:&quot;classic&quot;}\">\n\t\t\t\t\t\t<div class=\"elementor-container elementor-column-gap-default\">\n\t\t\t\t\t<div class=\"elementor-column elementor-col-100 elementor-top-column elementor-element elementor-element-bd8a262\" data-id=\"bd8a262\" data-element_type=\"column\" data-e-type=\"column\">\n\t\t\t<div class=\"elementor-widget-wrap elementor-element-populated\">\n\t\t\t\t\t\t<div class=\"elementor-element elementor-element-8eb945b elementor-widget elementor-widget-text-editor\" data-id=\"8eb945b\" data-element_type=\"widget\" data-e-type=\"widget\" data-widget_type=\"text-editor.default\">\n\t\t\t\t<div class=\"elementor-widget-container\">\n\t\t\t\t\t\t\t\t\t<p>Le recours \u00e0 des programmes et politiques efficaces de bien-\u00eatre au travail peut r\u00e9duire les risques pour la sant\u00e9 et am\u00e9liorer la qualit\u00e9 de vie des employ\u00e9s. De plus, ces programmes renforcent la camaraderie et le travail d\u2019\u00e9quipe, contribuent \u00e0 r\u00e9duire l\u2019absent\u00e9isme et peuvent constituer un formidable outil de recrutement, tout en r\u00e9duisant les co\u00fbts li\u00e9s \u00e0 la sant\u00e9.<\/p>\t\t\t\t\t\t\t\t<\/div>\n\t\t\t\t<\/div>\n\t\t\t\t<div class=\"elementor-element elementor-element-0186f44 elementor-widget elementor-widget-la-heading-anchor-link\" data-id=\"0186f44\" data-element_type=\"widget\" data-e-type=\"widget\" data-widget_type=\"la-heading-anchor-link.default\">\n\t\t\t\t<div class=\"elementor-widget-container\">\n\t\t\t\t\t        <h2 id=\"w4b\" class=\"la_heading_anchor_link\">\n            Travail 4 \u00e9quilibre            <button onclick=\"LAHeadingAnchorLinkCopyToClipboard('https:\/\/tulsa-health.org\/fr\/programs\/workplace-wellness\/#w4b')\">\n                <svg xmlns=\"http:\/\/www.w3.org\/2000\/svg\" width=\"24\" height=\"24\" stroke=\"currentColor\" viewbox=\"0 0 24 24\" fill=\"none\" stroke-width=\"2\" stroke-linecap=\"round\" stroke-linejoin=\"round\" class=\"feather feather-link\">\n                    <path d=\"M10 13a5 5 0 0 0 7.54.54l3-3a5 5 0 0 0-7.07-7.07l-1.72 1.71\"><\/path><path d=\"M14 11a5 5 0 0 0-7.54-.54l-3 3a5 5 0 0 0 7.07 7.07l1.71-1.71\"><\/path>\n                <\/svg>\n            <\/button>\n        <\/h2>\n        \t\t\t\t<\/div>\n\t\t\t\t<\/div>\n\t\t\t\t<div class=\"elementor-element elementor-element-daaee6b elementor-widget elementor-widget-text-editor\" data-id=\"daaee6b\" data-element_type=\"widget\" data-e-type=\"widget\" data-widget_type=\"text-editor.default\">\n\t\t\t\t<div class=\"elementor-widget-container\">\n\t\t\t\t\t\t\t\t\t<p>Working 4 Balance (W4B) est le programme interne de bien-\u00eatre au travail du minist\u00e8re de la Sant\u00e9 de Tulsa. La culture de la sant\u00e9 chez THD comprend des politiques, des activit\u00e9s et des attentes visant \u00e0 garantir que les employ\u00e9s (de la haute direction jusqu&#039;au niveau d&#039;entr\u00e9e) comprennent que leur bien-\u00eatre est important. THD dispose d&#039;un d\u00e9partement et d&#039;un personnel d\u00e9di\u00e9s au bien-\u00eatre des employ\u00e9s. Un comit\u00e9 de bien-\u00eatre des employ\u00e9s soutient la promotion et la facilitation des programmes de bien-\u00eatre et le comit\u00e9 consultatif du bien-\u00eatre examine les programmes \u00e0 la recherche de preuves scientifiques. THD propose une vari\u00e9t\u00e9 d&#039;initiatives de bien-\u00eatre\u00a0; tels que du coaching sant\u00e9, des challenges bien-\u00eatre, des \u00e9valuations ergonomiques, des cours et des bilans de sant\u00e9 pour r\u00e9pondre aux besoins des 340 collaborateurs de l&#039;agence. De plus, THD a des politiques pour soutenir l\u2019activit\u00e9 physique, la nutrition, le tabac et les m\u00e8res allaitantes.<\/p><p>THD a \u00e9t\u00e9 un\u00a0<a href=\"https:\/\/oklahoma.gov\/certifiedhealthy.html\">Entreprise certifi\u00e9e en bonne sant\u00e9 en Oklahoma<\/a>\u00a0par le D\u00e9partement de la Sant\u00e9 de l&#039;\u00c9tat de l&#039;Oklahoma et un\u00a0<a href=\"https:\/\/www.yourethecure.org\/fit-friendly-worksites-program-encourages-healthy-workforce\">Chantier adapt\u00e9 \u00e0 la forme<\/a>\u00a0par l&#039;American Heart Association depuis 2008 et un\u00a0<a href=\"https:\/\/www.okbreastfeeding.org\/worksite-recognition.html\">Chantier favorable \u00e0 l&#039;allaitement en Oklahoma<\/a>\u00a0depuis 2018.<\/p><p>W4B est disponible pour proposer :<\/p><ul><li>Consultations gratuites aux entreprises int\u00e9ress\u00e9es \u00e0 d\u00e9velopper leurs propres programmes de bien-\u00eatre au travail<\/li><li>Pr\u00e9sentations d&#039;\u00e9ducation \u00e0 la sant\u00e9 avec une participation minimale.<\/li><li>Bilan de sant\u00e9 biom\u00e9trique pour une somme modique.<\/li><\/ul><p>Veuillez contacter Anne Farrell, sp\u00e9cialiste du bien-\u00eatre chez W4B, par courriel \u00e0 <a href=\"mailto:afarrell@tulsa-health.org\">afarrell@tulsa-health.org<\/a> pour plus d&#039;informations ou pour programmer une pr\u00e9sentation.<\/p>\t\t\t\t\t\t\t\t<\/div>\n\t\t\t\t<\/div>\n\t\t\t\t<div class=\"elementor-element elementor-element-b590cda elementor-widget elementor-widget-la-heading-anchor-link\" data-id=\"b590cda\" data-element_type=\"widget\" data-e-type=\"widget\" data-widget_type=\"la-heading-anchor-link.default\">\n\t\t\t\t<div class=\"elementor-widget-container\">\n\t\t\t\t\t        <h2 id=\"resources\" class=\"la_heading_anchor_link\">\n            Travailler \u00e0 domicile            <button onclick=\"LAHeadingAnchorLinkCopyToClipboard('https:\/\/tulsa-health.org\/fr\/programs\/workplace-wellness\/#resources')\">\n                <svg xmlns=\"http:\/\/www.w3.org\/2000\/svg\" width=\"24\" height=\"24\" stroke=\"currentColor\" viewbox=\"0 0 24 24\" fill=\"none\" stroke-width=\"2\" stroke-linecap=\"round\" stroke-linejoin=\"round\" class=\"feather feather-link\">\n                    <path d=\"M10 13a5 5 0 0 0 7.54.54l3-3a5 5 0 0 0-7.07-7.07l-1.72 1.71\"><\/path><path d=\"M14 11a5 5 0 0 0-7.54-.54l-3 3a5 5 0 0 0 7.07 7.07l1.71-1.71\"><\/path>\n                <\/svg>\n            <\/button>\n        <\/h2>\n        \t\t\t\t<\/div>\n\t\t\t\t<\/div>\n\t\t\t\t<div class=\"elementor-element elementor-element-a9c1d8d elementor-widget elementor-widget-text-editor\" data-id=\"a9c1d8d\" data-element_type=\"widget\" data-e-type=\"widget\" data-widget_type=\"text-editor.default\">\n\t\t\t\t<div class=\"elementor-widget-container\">\n\t\t\t\t\t\t\t\t\t<p>Voici quelques ressources du\u00a0<a href=\"https:\/\/www.nsc.org\/\">Conseil national de s\u00e9curit\u00e9<\/a>\u00a0et\u00a0<a href=\"https:\/\/www.who.int\/\">Organisation Mondiale de la Sant\u00e9<\/a>\u00a0pour aider les employ\u00e9s \u00e0 s&#039;adapter au travail avec moins de coll\u00e8gues et dans des environnements distants.<\/p><ul><li><a href=\"https:\/\/oklahoma.gov\/certifiedhealthy.html\">Programme certifi\u00e9 Healthy Oklahoma<\/a><\/li><li><a href=\"https:\/\/www.welcoa.org\/\">Conseil am\u00e9ricain du bien-\u00eatre<\/a><\/li><li><a href=\"\/wp-content\/uploads\/2023\/05\/coping-with-stress.pdf\">G\u00e9rer le stress<\/a><\/li><\/ul>\t\t\t\t\t\t\t\t<\/div>\n\t\t\t\t<\/div>\n\t\t\t\t\t<\/div>\n\t\t<\/div>\n\t\t\t\t\t<\/div>\n\t\t<\/section>\n\t\t\t\t<section class=\"elementor-section elementor-top-section elementor-element elementor-element-1851904 elementor-section-full_width elementor-section-height-default elementor-section-height-default\" data-id=\"1851904\" data-element_type=\"section\" data-e-type=\"section\">\n\t\t\t\t\t\t<div class=\"elementor-container elementor-column-gap-default\">\n\t\t\t\t\t<div class=\"elementor-column elementor-col-100 elementor-top-column elementor-element elementor-element-b4b2ae8\" data-id=\"b4b2ae8\" data-element_type=\"column\" data-e-type=\"column\">\n\t\t\t<div class=\"elementor-widget-wrap elementor-element-populated\">\n\t\t\t\t\t\t<div class=\"elementor-element elementor-element-bb46d82 elementor-widget elementor-widget-shortcode\" data-id=\"bb46d82\" data-element_type=\"widget\" data-e-type=\"widget\" data-widget_type=\"shortcode.default\">\n\t\t\t\t<div class=\"elementor-widget-container\">\n\t\t\t\t\t\t\t<div class=\"elementor-shortcode\">\t\t<div data-elementor-type=\"section\" data-elementor-id=\"4934\" class=\"elementor elementor-4934\" data-elementor-post-type=\"elementor_library\">\n\t\t\t\t\t<section class=\"elementor-section elementor-top-section elementor-element elementor-element-4469b59d elementor-section-stretched elementor-section-boxed elementor-section-height-default elementor-section-height-default\" data-id=\"4469b59d\" data-element_type=\"section\" data-e-type=\"section\" data-settings=\"{&quot;background_background&quot;:&quot;classic&quot;,&quot;stretch_section&quot;:&quot;section-stretched&quot;}\">\n\t\t\t\t\t\t\t<div class=\"elementor-background-overlay\"><\/div>\n\t\t\t\t\t\t\t<div class=\"elementor-container elementor-column-gap-default\">\n\t\t\t\t\t<div class=\"elementor-column elementor-col-100 elementor-top-column elementor-element elementor-element-615ea353\" data-id=\"615ea353\" data-element_type=\"column\" data-e-type=\"column\">\n\t\t\t<div class=\"elementor-widget-wrap elementor-element-populated\">\n\t\t\t\t\t\t<div class=\"elementor-element elementor-element-bdb2691 elementor-widget elementor-widget-heading\" data-id=\"bdb2691\" data-element_type=\"widget\" data-e-type=\"widget\" data-widget_type=\"heading.default\">\n\t\t\t\t<div class=\"elementor-widget-container\">\n\t\t\t\t\t<h5 class=\"elementor-heading-title elementor-size-default\">EMPLACEMENTS<\/h5>\t\t\t\t<\/div>\n\t\t\t\t<\/div>\n\t\t\t\t<div class=\"elementor-element elementor-element-00f74f9 elementor-widget elementor-widget-text-editor\" data-id=\"00f74f9\" data-element_type=\"widget\" data-e-type=\"widget\" data-widget_type=\"text-editor.default\">\n\t\t\t\t<div class=\"elementor-widget-container\">\n\t\t\t\t\t\t\t\t\t<p>Nous avons 9 sites dans le comt\u00e9 de Tulsa qui offrent une vari\u00e9t\u00e9 de services pour vous aider, vous et votre famille, \u00e0 rester en bonne sant\u00e9.<\/p>\t\t\t\t\t\t\t\t<\/div>\n\t\t\t\t<\/div>\n\t\t\t\t<div class=\"elementor-element elementor-element-fd63501 elementor-align-center secondary elementor-widget elementor-widget-button\" data-id=\"fd63501\" data-element_type=\"widget\" data-e-type=\"widget\" data-widget_type=\"button.default\">\n\t\t\t\t<div class=\"elementor-widget-container\">\n\t\t\t\t\t\t\t\t\t<div class=\"elementor-button-wrapper\">\n\t\t\t\t\t<a class=\"elementor-button elementor-button-link elementor-size-sm\" href=\"\/fr\/locations\/\">\n\t\t\t\t\t\t<span class=\"elementor-button-content-wrapper\">\n\t\t\t\t\t\t\t\t\t<span class=\"elementor-button-text\">Trouvez le v\u00f4tre<\/span>\n\t\t\t\t\t<\/span>\n\t\t\t\t\t<\/a>\n\t\t\t\t<\/div>\n\t\t\t\t\t\t\t\t<\/div>\n\t\t\t\t<\/div>\n\t\t\t\t\t<\/div>\n\t\t<\/div>\n\t\t\t\t\t<\/div>\n\t\t<\/section>\n\t\t\t\t<\/div>\n\t\t<\/div>\n\t\t\t\t\t\t<\/div>\n\t\t\t\t<\/div>\n\t\t\t\t\t<\/div>\n\t\t<\/div>\n\t\t\t\t\t<\/div>\n\t\t<\/section>\n\t\t\t\t<\/div>","protected":false},"excerpt":{"rendered":"<p>Workplace Wellness With workers in America today spending more than one-third of their day on the job, employers are in a unique position to promote the health and safety of their employees. The use of effective workplace wellness programs and policies can reduce health risks and improve the quality of life for employees. Additionally, these [&hellip;]<\/p>\n","protected":false},"author":1,"featured_media":9951,"parent":641,"menu_order":0,"comment_status":"closed","ping_status":"closed","template":"elementor_header_footer","meta":{"_acf_changed":false,"footnotes":""},"class_list":["post-2797","page","type-page","status-publish","has-post-thumbnail","hentry"],"acf":[],"yoast_head":"<!-- This site is optimized with the Yoast SEO plugin v27.4 - https:\/\/yoast.com\/product\/yoast-seo-wordpress\/ -->\n<title>Workplace Wellness - Tulsa Health Department<\/title>\n<meta name=\"description\" content=\"With workers in America today spending more than one-third of their day on the job, employers are in a unique position to promote the health and safety of their employees.\" \/>\n<meta name=\"robots\" content=\"index, follow, max-snippet:-1, max-image-preview:large, max-video-preview:-1\" \/>\n<link rel=\"canonical\" href=\"https:\/\/tulsa-health.org\/fr\/programs\/workplace-wellness\/\" \/>\n<meta property=\"og:locale\" content=\"fr_FR\" \/>\n<meta property=\"og:type\" content=\"article\" \/>\n<meta property=\"og:title\" content=\"Workplace Wellness - Tulsa Health Department\" \/>\n<meta property=\"og:description\" content=\"With workers in America today spending more than one-third of their day on the job, employers are in a unique position to promote the health and safety of their employees.\" \/>\n<meta property=\"og:url\" content=\"https:\/\/tulsa-health.org\/fr\/programs\/workplace-wellness\/\" \/>\n<meta property=\"og:site_name\" content=\"Tulsa Health Department\" \/>\n<meta property=\"article:modified_time\" content=\"2026-03-20T16:16:59+00:00\" \/>\n<meta property=\"og:image\" content=\"https:\/\/tulsa-health.org\/wp-content\/uploads\/2023\/07\/workplace-wellness-iStock-1022160216-1.jpg\" \/>\n\t<meta property=\"og:image:width\" content=\"1690\" \/>\n\t<meta property=\"og:image:height\" content=\"1080\" \/>\n\t<meta property=\"og:image:type\" content=\"image\/jpeg\" \/>\n<meta name=\"twitter:card\" content=\"summary_large_image\" \/>\n<meta name=\"twitter:label1\" content=\"Dur\u00e9e de lecture estim\u00e9e\" \/>\n\t<meta name=\"twitter:data1\" content=\"2 minutes\" \/>\n<script type=\"application\/ld+json\" class=\"yoast-schema-graph\">{\"@context\":\"https:\\\/\\\/schema.org\",\"@graph\":[{\"@type\":\"WebPage\",\"@id\":\"https:\\\/\\\/tulsa-health.org\\\/programs\\\/workplace-wellness\\\/\",\"url\":\"https:\\\/\\\/tulsa-health.org\\\/programs\\\/workplace-wellness\\\/\",\"name\":\"Workplace Wellness - Tulsa Health Department\",\"isPartOf\":{\"@id\":\"https:\\\/\\\/tulsa-health.org\\\/es\\\/#website\"},\"primaryImageOfPage\":{\"@id\":\"https:\\\/\\\/tulsa-health.org\\\/programs\\\/workplace-wellness\\\/#primaryimage\"},\"image\":{\"@id\":\"https:\\\/\\\/tulsa-health.org\\\/programs\\\/workplace-wellness\\\/#primaryimage\"},\"thumbnailUrl\":\"https:\\\/\\\/tulsa-health.org\\\/wp-content\\\/uploads\\\/2023\\\/07\\\/workplace-wellness-iStock-1022160216-1.jpg\",\"datePublished\":\"2023-05-05T21:16:30+00:00\",\"dateModified\":\"2026-03-20T16:16:59+00:00\",\"description\":\"With workers in America today spending more than one-third of their day on the job, employers are in a unique position to promote the health and safety of their employees.\",\"breadcrumb\":{\"@id\":\"https:\\\/\\\/tulsa-health.org\\\/programs\\\/workplace-wellness\\\/#breadcrumb\"},\"inLanguage\":\"fr-FR\",\"potentialAction\":[{\"@type\":\"ReadAction\",\"target\":[\"https:\\\/\\\/tulsa-health.org\\\/programs\\\/workplace-wellness\\\/\"]}]},{\"@type\":\"ImageObject\",\"inLanguage\":\"fr-FR\",\"@id\":\"https:\\\/\\\/tulsa-health.org\\\/programs\\\/workplace-wellness\\\/#primaryimage\",\"url\":\"https:\\\/\\\/tulsa-health.org\\\/wp-content\\\/uploads\\\/2023\\\/07\\\/workplace-wellness-iStock-1022160216-1.jpg\",\"contentUrl\":\"https:\\\/\\\/tulsa-health.org\\\/wp-content\\\/uploads\\\/2023\\\/07\\\/workplace-wellness-iStock-1022160216-1.jpg\",\"width\":1690,\"height\":1080,\"caption\":\"Woman and an exercise mat in an office background\"},{\"@type\":\"BreadcrumbList\",\"@id\":\"https:\\\/\\\/tulsa-health.org\\\/programs\\\/workplace-wellness\\\/#breadcrumb\",\"itemListElement\":[{\"@type\":\"ListItem\",\"position\":1,\"name\":\"Home\",\"item\":\"https:\\\/\\\/tulsa-health.org\\\/\"},{\"@type\":\"ListItem\",\"position\":2,\"name\":\"Community Programs\",\"item\":\"https:\\\/\\\/tulsa-health.org\\\/programs\\\/\"},{\"@type\":\"ListItem\",\"position\":3,\"name\":\"Workplace Wellness\"}]},{\"@type\":\"WebSite\",\"@id\":\"https:\\\/\\\/tulsa-health.org\\\/es\\\/#website\",\"url\":\"https:\\\/\\\/tulsa-health.org\\\/es\\\/\",\"name\":\"Tulsa Health Department\",\"description\":\"Clinical Services, Immunizations, Permits and More | Tulsa Health Department\",\"potentialAction\":[{\"@type\":\"SearchAction\",\"target\":{\"@type\":\"EntryPoint\",\"urlTemplate\":\"https:\\\/\\\/tulsa-health.org\\\/es\\\/?s={search_term_string}\"},\"query-input\":{\"@type\":\"PropertyValueSpecification\",\"valueRequired\":true,\"valueName\":\"search_term_string\"}}],\"inLanguage\":\"fr-FR\"}]}<\/script>\n<!-- \/ Yoast SEO plugin. -->","yoast_head_json":{"title":"Bien-\u00eatre au travail \u2013 D\u00e9partement de la sant\u00e9 de Tulsa","description":"Alors que les travailleurs am\u00e9ricains passent aujourd&#039;hui plus d&#039;un tiers de leur journ\u00e9e au travail, les employeurs se trouvent dans une position unique pour promouvoir la sant\u00e9 et la s\u00e9curit\u00e9 de leurs employ\u00e9s.","robots":{"index":"index","follow":"follow","max-snippet":"max-snippet:-1","max-image-preview":"max-image-preview:large","max-video-preview":"max-video-preview:-1"},"canonical":"https:\/\/tulsa-health.org\/fr\/programs\/workplace-wellness\/","og_locale":"fr_FR","og_type":"article","og_title":"Workplace Wellness - Tulsa Health Department","og_description":"With workers in America today spending more than one-third of their day on the job, employers are in a unique position to promote the health and safety of their employees.","og_url":"https:\/\/tulsa-health.org\/fr\/programs\/workplace-wellness\/","og_site_name":"Tulsa Health Department","article_modified_time":"2026-03-20T16:16:59+00:00","og_image":[{"width":1690,"height":1080,"url":"https:\/\/tulsa-health.org\/wp-content\/uploads\/2023\/07\/workplace-wellness-iStock-1022160216-1.jpg","type":"image\/jpeg"}],"twitter_card":"summary_large_image","twitter_misc":{"Dur\u00e9e de lecture estim\u00e9e":"2 minutes"},"schema":{"@context":"https:\/\/schema.org","@graph":[{"@type":"WebPage","@id":"https:\/\/tulsa-health.org\/programs\/workplace-wellness\/","url":"https:\/\/tulsa-health.org\/programs\/workplace-wellness\/","name":"Bien-\u00eatre au travail \u2013 D\u00e9partement de la sant\u00e9 de Tulsa","isPartOf":{"@id":"https:\/\/tulsa-health.org\/es\/#website"},"primaryImageOfPage":{"@id":"https:\/\/tulsa-health.org\/programs\/workplace-wellness\/#primaryimage"},"image":{"@id":"https:\/\/tulsa-health.org\/programs\/workplace-wellness\/#primaryimage"},"thumbnailUrl":"https:\/\/tulsa-health.org\/wp-content\/uploads\/2023\/07\/workplace-wellness-iStock-1022160216-1.jpg","datePublished":"2023-05-05T21:16:30+00:00","dateModified":"2026-03-20T16:16:59+00:00","description":"Alors que les travailleurs am\u00e9ricains passent aujourd&#039;hui plus d&#039;un tiers de leur journ\u00e9e au travail, les employeurs se trouvent dans une position unique pour promouvoir la sant\u00e9 et la s\u00e9curit\u00e9 de leurs employ\u00e9s.","breadcrumb":{"@id":"https:\/\/tulsa-health.org\/programs\/workplace-wellness\/#breadcrumb"},"inLanguage":"fr-FR","potentialAction":[{"@type":"ReadAction","target":["https:\/\/tulsa-health.org\/programs\/workplace-wellness\/"]}]},{"@type":"ImageObject","inLanguage":"fr-FR","@id":"https:\/\/tulsa-health.org\/programs\/workplace-wellness\/#primaryimage","url":"https:\/\/tulsa-health.org\/wp-content\/uploads\/2023\/07\/workplace-wellness-iStock-1022160216-1.jpg","contentUrl":"https:\/\/tulsa-health.org\/wp-content\/uploads\/2023\/07\/workplace-wellness-iStock-1022160216-1.jpg","width":1690,"height":1080,"caption":"Woman and an exercise mat in an office background"},{"@type":"BreadcrumbList","@id":"https:\/\/tulsa-health.org\/programs\/workplace-wellness\/#breadcrumb","itemListElement":[{"@type":"ListItem","position":1,"name":"Home","item":"https:\/\/tulsa-health.org\/"},{"@type":"ListItem","position":2,"name":"Community Programs","item":"https:\/\/tulsa-health.org\/programs\/"},{"@type":"ListItem","position":3,"name":"Workplace Wellness"}]},{"@type":"WebSite","@id":"https:\/\/tulsa-health.org\/es\/#website","url":"https:\/\/tulsa-health.org\/es\/","name":"D\u00e9partement de la sant\u00e9 de Tulsa","description":"Services cliniques, vaccinations, permis et plus | D\u00e9partement de la Sant\u00e9 de Tulsa","potentialAction":[{"@type":"SearchAction","target":{"@type":"EntryPoint","urlTemplate":"https:\/\/tulsa-health.org\/es\/?s={search_term_string}"},"query-input":{"@type":"PropertyValueSpecification","valueRequired":true,"valueName":"search_term_string"}}],"inLanguage":"fr-FR"}]}},"publishpress_future_workflow_manual_trigger":{"enabledWorkflows":[]},"_links":{"self":[{"href":"https:\/\/tulsa-health.org\/fr\/wp-json\/wp\/v2\/pages\/2797","targetHints":{"allow":["GET"]}}],"collection":[{"href":"https:\/\/tulsa-health.org\/fr\/wp-json\/wp\/v2\/pages"}],"about":[{"href":"https:\/\/tulsa-health.org\/fr\/wp-json\/wp\/v2\/types\/page"}],"author":[{"embeddable":true,"href":"https:\/\/tulsa-health.org\/fr\/wp-json\/wp\/v2\/users\/1"}],"replies":[{"embeddable":true,"href":"https:\/\/tulsa-health.org\/fr\/wp-json\/wp\/v2\/comments?post=2797"}],"version-history":[{"count":3,"href":"https:\/\/tulsa-health.org\/fr\/wp-json\/wp\/v2\/pages\/2797\/revisions"}],"predecessor-version":[{"id":24491,"href":"https:\/\/tulsa-health.org\/fr\/wp-json\/wp\/v2\/pages\/2797\/revisions\/24491"}],"up":[{"embeddable":true,"href":"https:\/\/tulsa-health.org\/fr\/wp-json\/wp\/v2\/pages\/641"}],"wp:featuredmedia":[{"embeddable":true,"href":"https:\/\/tulsa-health.org\/fr\/wp-json\/wp\/v2\/media\/9951"}],"wp:attachment":[{"href":"https:\/\/tulsa-health.org\/fr\/wp-json\/wp\/v2\/media?parent=2797"}],"curies":[{"name":"wp","href":"https:\/\/api.w.org\/{rel}","templated":true}]}}