{"id":2811,"date":"2023-05-05T16:20:56","date_gmt":"2023-05-05T21:20:56","guid":{"rendered":"https:\/\/test.tulsa-health.org\/?page_id=2811"},"modified":"2024-10-29T16:54:12","modified_gmt":"2024-10-29T21:54:12","slug":"hipaa-privacy-statement","status":"publish","type":"page","link":"https:\/\/tulsa-health.org\/fr\/about-us\/hipaa-privacy-statement\/","title":{"rendered":"D\u00e9claration de confidentialit\u00e9 HIPAA"},"content":{"rendered":"<div data-elementor-type=\"wp-page\" data-elementor-id=\"2811\" class=\"elementor elementor-2811\" data-elementor-post-type=\"page\">\n\t\t\t\t\t\t<section class=\"elementor-section elementor-top-section elementor-element elementor-element-e112210 elementor-section-full_width elementor-section-height-min-height elementor-section-height-default elementor-section-items-middle\" data-id=\"e112210\" data-element_type=\"section\" data-e-type=\"section\" data-settings=\"{&quot;background_background&quot;:&quot;classic&quot;}\">\n\t\t\t\t\t\t<div class=\"elementor-container elementor-column-gap-no\">\n\t\t\t\t\t<div class=\"elementor-column elementor-col-100 elementor-top-column elementor-element elementor-element-8b8acb6\" data-id=\"8b8acb6\" data-element_type=\"column\" data-e-type=\"column\">\n\t\t\t<div class=\"elementor-widget-wrap\">\n\t\t\t\t\t\t\t<\/div>\n\t\t<\/div>\n\t\t\t\t\t<\/div>\n\t\t<\/section>\n\t\t\t\t<section class=\"elementor-section elementor-top-section elementor-element elementor-element-2ccf3b2 elementor-section-boxed elementor-section-height-default elementor-section-height-default\" data-id=\"2ccf3b2\" data-element_type=\"section\" data-e-type=\"section\" data-settings=\"{&quot;background_background&quot;:&quot;classic&quot;}\">\n\t\t\t\t\t\t<div class=\"elementor-container elementor-column-gap-default\">\n\t\t\t\t\t<div class=\"elementor-column elementor-col-100 elementor-top-column elementor-element elementor-element-90b5d67\" data-id=\"90b5d67\" data-element_type=\"column\" data-e-type=\"column\">\n\t\t\t<div class=\"elementor-widget-wrap elementor-element-populated\">\n\t\t\t\t\t\t<div class=\"elementor-element elementor-element-a94ecc2 elementor-widget elementor-widget-heading\" data-id=\"a94ecc2\" data-element_type=\"widget\" data-e-type=\"widget\" data-widget_type=\"heading.default\">\n\t\t\t\t<div class=\"elementor-widget-container\">\n\t\t\t\t\t<h1 class=\"elementor-heading-title elementor-size-default\">D\u00e9claration de confidentialit\u00e9 HIPAA<\/h1>\t\t\t\t<\/div>\n\t\t\t\t<\/div>\n\t\t\t\t\t<\/div>\n\t\t<\/div>\n\t\t\t\t\t<\/div>\n\t\t<\/section>\n\t\t\t\t<section class=\"elementor-section elementor-top-section elementor-element elementor-element-e6ed274 elementor-section-boxed elementor-section-height-default elementor-section-height-default\" data-id=\"e6ed274\" data-element_type=\"section\" data-e-type=\"section\" data-settings=\"{&quot;background_background&quot;:&quot;classic&quot;}\">\n\t\t\t\t\t\t<div class=\"elementor-container elementor-column-gap-default\">\n\t\t\t\t\t<div class=\"elementor-column elementor-col-100 elementor-top-column elementor-element elementor-element-1fc2025\" data-id=\"1fc2025\" data-element_type=\"column\" data-e-type=\"column\">\n\t\t\t<div class=\"elementor-widget-wrap elementor-element-populated\">\n\t\t\t\t\t\t<div class=\"elementor-element elementor-element-c3cbf1e elementor-widget elementor-widget-text-editor\" data-id=\"c3cbf1e\" data-element_type=\"widget\" data-e-type=\"widget\" data-widget_type=\"text-editor.default\">\n\t\t\t\t<div class=\"elementor-widget-container\">\n\t\t\t\t\t\t\t\t\t<p>Cet avis d\u00e9crit comment les informations m\u00e9dicales vous concernant peuvent \u00eatre utilis\u00e9es et divulgu\u00e9es et comment vous pouvez acc\u00e9der \u00e0 ces informations. Veuillez l&#039;examiner attentivement.<\/p><p>Le d\u00e9partement de sant\u00e9 du comt\u00e9 de Tulsa (THD) a pour politique de garder confidentielles toutes vos informations m\u00e9dicales et personnelles. Nous utiliserons ou divulguerons vos informations uniquement pour les raisons suivantes\u00a0:<\/p><h2>Traitement<\/h2><p>Nous partagerons vos informations m\u00e9dicales avec d&#039;autres prestataires m\u00e9dicaux impliqu\u00e9s dans vos soins (y compris les h\u00f4pitaux et les cliniques), pour vous orienter vers un traitement et pour coordonner vos soins avec d&#039;autres. Par exemple, nous pouvons vous contacter pour des rappels de rendez-vous ou des informations sur les options de traitement. Les membres du personnel m\u00e9dical, l\u2019\u00e9quipe d\u2019am\u00e9lioration des risques ou d\u2019am\u00e9lioration de la qualit\u00e9 peuvent utiliser les informations contenues dans votre dossier m\u00e9dical pour \u00e9valuer les soins et les r\u00e9sultats dans votre cas et dans d\u2019autres cas similaires. Ces informations seront ensuite utilis\u00e9es dans le but d&#039;am\u00e9liorer continuellement la qualit\u00e9 et l&#039;efficacit\u00e9 des soins et des services de sant\u00e9 que nous fournissons. Nous participons \u00e9galement aux \u00e9changes \u00e9lectroniques d&#039;informations sur la sant\u00e9, qui peuvent rendre vos PHI disponibles dans tout l&#039;\u00c9tat et \u00e0 l&#039;\u00e9chelle nationale. Nous autoriserons uniquement le partage de ces informations \u00e0 des fins de traitement. Par exemple, si vous r\u00e9sidez dans une autre ville ou un autre \u00c9tat, il peut \u00eatre possible de partager des informations sur le traitement avec un m\u00e9decin qui a besoin de ces informations.<\/p><p>Nous fournirons \u00e9galement \u00e0 vos prestataires de soins de sant\u00e9 ult\u00e9rieurs des copies de divers rapports qui devraient l&#039;aider \u00e0 vous traiter. Ces rapports peuvent \u00eatre oraux, \u00e9crits ou \u00e9lectroniques.<\/p><h2>Paiement<\/h2><p>Nous pouvons utiliser et divulguer les PHI lorsque cela est n\u00e9cessaire pour recevoir le paiement des services qui vous sont fournis. Par exemple, si vous b\u00e9n\u00e9ficiez d&#039;avantages Medicaid ou d&#039;une assurance priv\u00e9e, nous divulguerons les informations minimales n\u00e9cessaires pour que le programme Medicaid puisse nous payer.<\/p><h2>Op\u00e9rations de soins de sant\u00e9<\/h2><p>Nous utiliserons et divulguerons les PHI lorsque cela sera n\u00e9cessaire pour nous assurer que nous vous fournissons un bon service. Par exemple, nous pouvons examiner vos dossiers afin de nous assurer qu&#039;un service de qualit\u00e9 a \u00e9t\u00e9 fourni. Nous pouvons \u00e9galement partager les PHI avec un plan de sant\u00e9 pour l&#039;ensemble de donn\u00e9es et d&#039;informations sur l&#039;employeur du plan de sant\u00e9 (HEDIS) du plan. Par exemple, votre compagnie d&#039;assurance peut vouloir savoir si vous avez re\u00e7u des vaccins dans le but d&#039;am\u00e9liorer son service et la qualit\u00e9 de ses soins. se soucier.<\/p><p>Les autres utilisations ou divulgations de vos PHI pouvant survenir incluent\u00a0:<\/p><ul><li>Si vous nous avez donn\u00e9 la permission par \u00e9crit de divulguer une partie de vos informations\u00a0;<\/li><li>Lorsque cela lui est ordonn\u00e9 par une ordonnance judiciaire valide\u00a0;<br \/>Lorsque des cas de maltraitance ou de n\u00e9gligence envers des enfants font l\u2019objet d\u2019une enqu\u00eate\u00a0;<\/li><li>Les informations sur la vaccination sont partag\u00e9es avec les \u00e9coles et les garderies\u00a0;<\/li><li>Lorsque des associ\u00e9s commerciaux de THD, tels que des cliniques communautaires, signent des accords pour prot\u00e9ger votre vie priv\u00e9e\u00a0;<\/li><li>Lorsque la loi de l\u2019\u00c9tat l\u2019exige. Par exemple, lorsque vous signalez des blessures et des maladies comme l&#039;exigent les codes de sant\u00e9 publique ou pour pr\u00e9venir la propagation de maladies telles que la tuberculose (TB), ou lorsque vous signalez des soup\u00e7ons de maltraitance ou de n\u00e9gligence envers les enfants au minist\u00e8re des Services sociaux.<\/li><li>Nous pouvons partager vos informations avec toute personne si n\u00e9cessaire, conform\u00e9ment \u00e0 la loi de l&#039;Oklahoma et aux politiques et proc\u00e9dures de THD, si nous estimons qu&#039;il existe un danger imminent. Par exemple, nous divulguerons le minimum d&#039;informations n\u00e9cessaires si nous pensons que cela permettra de pr\u00e9venir ou d&#039;att\u00e9nuer une menace grave et imminente pour la sant\u00e9 et la s\u00e9curit\u00e9 d&#039;une personne ou du public.<\/li><\/ul><h2>Coordination d&#039;urgence<\/h2><p>Nous partagerons vos informations m\u00e9dicales avec d&#039;autres prestataires m\u00e9dicaux impliqu\u00e9s dans vos soins afin de coordonner vos soins avec d&#039;autres (tels que des secouristes ou d&#039;autres personnes pouvant vous aider \u00e0 trouver les services de sant\u00e9 appropri\u00e9s). Nous pouvons partager vos informations si n\u00e9cessaire pour identifier, localiser et informer les membres de la famille, les tuteurs ou toute autre personne responsable de votre prise en charge de votre localisation, de votre \u00e9tat g\u00e9n\u00e9ral ou de votre d\u00e9c\u00e8s. Par exemple, si cela est n\u00e9cessaire, nous pouvons informer la police, la presse ou le grand public dans la mesure n\u00e9cessaire pour aider \u00e0 localiser, identifier ou informer de toute autre mani\u00e8re les membres de votre famille et autres personnes de votre emplacement et de votre \u00e9tat g\u00e9n\u00e9ral.<\/p><h2>Toute autre utilisation ou divulgation de vos PHI n\u00e9cessite votre autorisation \u00e9crite\u00a0:<\/h2><p>Dans toutes les circonstances autres que celles \u00e9num\u00e9r\u00e9es ci-dessus, THD vous demandera votre autorisation \u00e9crite avant d&#039;utiliser ou de divulguer vos PHI. Plus pr\u00e9cis\u00e9ment, THD doit obtenir votre autorisation \u00e9crite pour l&#039;utilisation et la divulgation de notes de psychoth\u00e9rapie, le marketing et la vente de PHI. THD ne vendra pas de PHI sans votre autorisation \u00e9crite. Vous pouvez ult\u00e9rieurement annuler votre autorisation par \u00e9crit et nous ne divulguerons pas vos PHI apr\u00e8s r\u00e9ception de votre annulation, \u00e0 l&#039;exception des divulgations qui ont \u00e9t\u00e9 trait\u00e9es avant que nous recevions votre annulation. Pour demander votre dossier m\u00e9dical, veuillez appeler le 918-595-4134 pour obtenir des instructions.<\/p><h2>Tes droits<\/h2><p>Vous avez le droit de :<\/p><ul><li>Recevez une liste de personnes ou d&#039;organisations, autres que celles \u00e9num\u00e9r\u00e9es ci-dessus, \u00e0 qui nous avons divulgu\u00e9 vos informations.<\/li><li>Demander des limites sur la mani\u00e8re dont vos informations sont utilis\u00e9es ou divulgu\u00e9es\u00a0; cependant, nous ne sommes pas tenus d\u2019accepter ces limites, sauf si vous payez int\u00e9gralement de votre poche un service. Si vous payez int\u00e9gralement de votre poche un service et que vous demandez que nous ne partagions pas les informations relatives \u00e0 ce service avec votre compagnie d&#039;assurance, nous honorerons votre demande.<\/li><li>Demandez \u00e0 ce que nous ne vous contactions pas \u00e0 la maison.<\/li><li>Inspectez et copiez vos dossiers m\u00e9dicaux, sauf dans les cas impliquant certaines notes de psychoth\u00e9rapie.<\/li><li>Modifiez les informations incorrectes dans votre dossier m\u00e9dical.<\/li><li>R\u00e9voquez votre autorisation \u00e9crite pour la divulgation d\u2019informations.<\/li><li>Recevez une notification si vos informations de sant\u00e9 non s\u00e9curis\u00e9es sont viol\u00e9es.<\/li><li>Recevez une copie papier de cet avis de confidentialit\u00e9.<\/li><\/ul><h2>Nos responsabilit\u00e9s<\/h2><p>La loi f\u00e9d\u00e9rale exige que le minist\u00e8re de la Sant\u00e9 de Tulsa\u00a0:<\/p><ul><li>Maintenez la confidentialit\u00e9 de vos informations de sant\u00e9 prot\u00e9g\u00e9es.<\/li><li>Vous fournir une copie de cet avis.<\/li><li>Respectez les termes de cet avis.<\/li><li>Modifiez cet avis uniquement dans la mesure permise par les r\u00e8gles f\u00e9d\u00e9rales.<\/li><li>Vous fournir un moyen de d\u00e9poser des plaintes concernant des probl\u00e8mes de confidentialit\u00e9.<\/li><\/ul><p>Pour plus d\u2019informations concernant cet avis et vos droits, ou pour signaler toute plainte concernant des probl\u00e8mes de confidentialit\u00e9, contactez\u00a0:<\/p><p><strong>Responsable de la confidentialit\u00e9 HIPAA<br \/><\/strong>Julia Profit-Williams<br \/><a href=\"tel:918.595.4370\">918.595.4370<\/a><br \/><a href=\"mailto:jprofit@tulsa-health.org\">jprofit@tulsa-health.org<\/a><\/p><p><strong>Responsable de la conformit\u00e9 HIPAA<br \/><\/strong>Chanteau Orr<br \/><a href=\"tel:9185954492\">918.595.4492<\/a><br \/><a href=\"mailto:corr@tulsa-health.org\">corr@tulsa-health.org<\/a><\/p><p>Vous pouvez \u00e9galement signaler vos plaintes directement au secr\u00e9taire \u00e0 la Sant\u00e9 et aux Services sociaux \u00e0 l&#039;adresse suivante\u00a0:<\/p><p>Le minist\u00e8re am\u00e9ricain de la Sant\u00e9 et des Services sociaux, le Bureau des droits civils<br \/>1301, rue Young, bureau 1169, Dallas, TX75202<br \/>T\u00e9l\u00e9phone : 214.767.4056, 214.767.8940 (ATS)<\/p><p>T\u00e9l\u00e9chargez une copie de cette d\u00e9claration\u00a0:<\/p><ul><li><a href=\"\/wp-content\/uploads\/2024\/05\/THD-Privacy-Notice-English.pdf\">D\u00e9claration de confidentialit\u00e9 HIPAA du d\u00e9partement de sant\u00e9 de Tulsa (anglais)<\/a><\/li><li><a href=\"\/wp-content\/uploads\/2024\/05\/THD-Privacy-Notice-Spanish.pdf\">D\u00e9claration de confidentialit\u00e9 HIPAA du d\u00e9partement de sant\u00e9 de Tulsa (espagnol)<\/a><\/li><\/ul>\t\t\t\t\t\t\t\t<\/div>\n\t\t\t\t<\/div>\n\t\t\t\t\t<\/div>\n\t\t<\/div>\n\t\t\t\t\t<\/div>\n\t\t<\/section>\n\t\t\t\t<section class=\"elementor-section elementor-top-section elementor-element elementor-element-a9111d2 elementor-section-full_width elementor-section-height-default elementor-section-height-default\" data-id=\"a9111d2\" data-element_type=\"section\" data-e-type=\"section\">\n\t\t\t\t\t\t<div class=\"elementor-container elementor-column-gap-default\">\n\t\t\t\t\t<div class=\"elementor-column elementor-col-100 elementor-top-column elementor-element elementor-element-b90d732\" data-id=\"b90d732\" data-element_type=\"column\" data-e-type=\"column\">\n\t\t\t<div class=\"elementor-widget-wrap elementor-element-populated\">\n\t\t\t\t\t\t<div class=\"elementor-element elementor-element-099c983 elementor-widget elementor-widget-shortcode\" data-id=\"099c983\" data-element_type=\"widget\" data-e-type=\"widget\" data-widget_type=\"shortcode.default\">\n\t\t\t\t<div class=\"elementor-widget-container\">\n\t\t\t\t\t\t\t<div class=\"elementor-shortcode\">\t\t<div data-elementor-type=\"section\" data-elementor-id=\"4934\" class=\"elementor elementor-4934\" data-elementor-post-type=\"elementor_library\">\n\t\t\t\t\t<section class=\"elementor-section elementor-top-section elementor-element elementor-element-4469b59d elementor-section-stretched elementor-section-boxed elementor-section-height-default elementor-section-height-default\" data-id=\"4469b59d\" data-element_type=\"section\" data-e-type=\"section\" data-settings=\"{&quot;background_background&quot;:&quot;classic&quot;,&quot;stretch_section&quot;:&quot;section-stretched&quot;}\">\n\t\t\t\t\t\t\t<div class=\"elementor-background-overlay\"><\/div>\n\t\t\t\t\t\t\t<div class=\"elementor-container elementor-column-gap-default\">\n\t\t\t\t\t<div class=\"elementor-column elementor-col-100 elementor-top-column elementor-element elementor-element-615ea353\" data-id=\"615ea353\" data-element_type=\"column\" data-e-type=\"column\">\n\t\t\t<div class=\"elementor-widget-wrap elementor-element-populated\">\n\t\t\t\t\t\t<div class=\"elementor-element elementor-element-bdb2691 elementor-widget elementor-widget-heading\" data-id=\"bdb2691\" data-element_type=\"widget\" data-e-type=\"widget\" data-widget_type=\"heading.default\">\n\t\t\t\t<div class=\"elementor-widget-container\">\n\t\t\t\t\t<h5 class=\"elementor-heading-title elementor-size-default\">EMPLACEMENTS<\/h5>\t\t\t\t<\/div>\n\t\t\t\t<\/div>\n\t\t\t\t<div class=\"elementor-element elementor-element-00f74f9 elementor-widget elementor-widget-text-editor\" data-id=\"00f74f9\" data-element_type=\"widget\" data-e-type=\"widget\" data-widget_type=\"text-editor.default\">\n\t\t\t\t<div class=\"elementor-widget-container\">\n\t\t\t\t\t\t\t\t\t<p>Nous avons 9 sites dans le comt\u00e9 de Tulsa qui offrent une vari\u00e9t\u00e9 de services pour vous aider, vous et votre famille, \u00e0 rester en bonne sant\u00e9.<\/p>\t\t\t\t\t\t\t\t<\/div>\n\t\t\t\t<\/div>\n\t\t\t\t<div class=\"elementor-element elementor-element-fd63501 elementor-align-center secondary elementor-widget elementor-widget-button\" data-id=\"fd63501\" data-element_type=\"widget\" data-e-type=\"widget\" data-widget_type=\"button.default\">\n\t\t\t\t<div class=\"elementor-widget-container\">\n\t\t\t\t\t\t\t\t\t<div class=\"elementor-button-wrapper\">\n\t\t\t\t\t<a class=\"elementor-button elementor-button-link elementor-size-sm\" href=\"\/fr\/locations\/\">\n\t\t\t\t\t\t<span class=\"elementor-button-content-wrapper\">\n\t\t\t\t\t\t\t\t\t<span class=\"elementor-button-text\">Trouvez le v\u00f4tre<\/span>\n\t\t\t\t\t<\/span>\n\t\t\t\t\t<\/a>\n\t\t\t\t<\/div>\n\t\t\t\t\t\t\t\t<\/div>\n\t\t\t\t<\/div>\n\t\t\t\t\t<\/div>\n\t\t<\/div>\n\t\t\t\t\t<\/div>\n\t\t<\/section>\n\t\t\t\t<\/div>\n\t\t<\/div>\n\t\t\t\t\t\t<\/div>\n\t\t\t\t<\/div>\n\t\t\t\t\t<\/div>\n\t\t<\/div>\n\t\t\t\t\t<\/div>\n\t\t<\/section>\n\t\t\t\t<\/div>","protected":false},"excerpt":{"rendered":"<p>HIPAA Privacy Statement This notice describes how medical information about you may be used and disclosed and how you can get access to this information. Please review it carefully. It is the policy of the Tulsa City-County Health Department (THD) to keep all of your medical and personal information confidential. We will only use or [&hellip;]<\/p>\n","protected":false},"author":1,"featured_media":458,"parent":719,"menu_order":0,"comment_status":"closed","ping_status":"closed","template":"elementor_header_footer","meta":{"_acf_changed":false,"footnotes":""},"class_list":["post-2811","page","type-page","status-publish","has-post-thumbnail","hentry"],"acf":[],"yoast_head":"<!-- This site is optimized with the Yoast SEO plugin v27.4 - https:\/\/yoast.com\/product\/yoast-seo-wordpress\/ -->\n<title>HIPAA Privacy Statement - Tulsa Health Department<\/title>\n<meta name=\"description\" content=\"It is the policy of the Tulsa City-County Health Department (THD) to keep all of your medical and personal information confidential.\" \/>\n<meta name=\"robots\" content=\"index, follow, max-snippet:-1, max-image-preview:large, max-video-preview:-1\" \/>\n<link rel=\"canonical\" href=\"https:\/\/tulsa-health.org\/fr\/about-us\/hipaa-privacy-statement\/\" \/>\n<meta property=\"og:locale\" content=\"fr_FR\" \/>\n<meta property=\"og:type\" content=\"article\" \/>\n<meta property=\"og:title\" content=\"HIPAA Privacy Statement - Tulsa Health Department\" \/>\n<meta property=\"og:description\" content=\"It is the policy of the Tulsa City-County Health Department (THD) to keep all of your medical and personal information confidential.\" \/>\n<meta property=\"og:url\" content=\"https:\/\/tulsa-health.org\/fr\/about-us\/hipaa-privacy-statement\/\" \/>\n<meta property=\"og:site_name\" content=\"Tulsa Health Department\" \/>\n<meta property=\"article:modified_time\" content=\"2024-10-29T21:54:12+00:00\" \/>\n<meta property=\"og:image\" content=\"https:\/\/tulsa-health.org\/wp-content\/uploads\/2022\/09\/vlcsnap-2019-12-16-15h27m23s612-1-1-1024x576.png\" \/>\n\t<meta property=\"og:image:width\" content=\"1024\" \/>\n\t<meta property=\"og:image:height\" content=\"576\" \/>\n\t<meta property=\"og:image:type\" content=\"image\/png\" \/>\n<meta name=\"twitter:card\" content=\"summary_large_image\" \/>\n<meta name=\"twitter:label1\" content=\"Dur\u00e9e de lecture estim\u00e9e\" \/>\n\t<meta name=\"twitter:data1\" content=\"5 minutes\" \/>\n<script type=\"application\/ld+json\" class=\"yoast-schema-graph\">{\"@context\":\"https:\\\/\\\/schema.org\",\"@graph\":[{\"@type\":\"WebPage\",\"@id\":\"https:\\\/\\\/tulsa-health.org\\\/about-us\\\/hipaa-privacy-statement\\\/\",\"url\":\"https:\\\/\\\/tulsa-health.org\\\/about-us\\\/hipaa-privacy-statement\\\/\",\"name\":\"HIPAA Privacy Statement - Tulsa Health Department\",\"isPartOf\":{\"@id\":\"https:\\\/\\\/tulsa-health.org\\\/es\\\/#website\"},\"primaryImageOfPage\":{\"@id\":\"https:\\\/\\\/tulsa-health.org\\\/about-us\\\/hipaa-privacy-statement\\\/#primaryimage\"},\"image\":{\"@id\":\"https:\\\/\\\/tulsa-health.org\\\/about-us\\\/hipaa-privacy-statement\\\/#primaryimage\"},\"thumbnailUrl\":\"https:\\\/\\\/tulsa-health.org\\\/wp-content\\\/uploads\\\/2022\\\/09\\\/vlcsnap-2019-12-16-15h27m23s612-1-1.png\",\"datePublished\":\"2023-05-05T21:20:56+00:00\",\"dateModified\":\"2024-10-29T21:54:12+00:00\",\"description\":\"It is the policy of the Tulsa City-County Health Department (THD) to keep all of your medical and personal information confidential.\",\"breadcrumb\":{\"@id\":\"https:\\\/\\\/tulsa-health.org\\\/about-us\\\/hipaa-privacy-statement\\\/#breadcrumb\"},\"inLanguage\":\"fr-FR\",\"potentialAction\":[{\"@type\":\"ReadAction\",\"target\":[\"https:\\\/\\\/tulsa-health.org\\\/about-us\\\/hipaa-privacy-statement\\\/\"]}]},{\"@type\":\"ImageObject\",\"inLanguage\":\"fr-FR\",\"@id\":\"https:\\\/\\\/tulsa-health.org\\\/about-us\\\/hipaa-privacy-statement\\\/#primaryimage\",\"url\":\"https:\\\/\\\/tulsa-health.org\\\/wp-content\\\/uploads\\\/2022\\\/09\\\/vlcsnap-2019-12-16-15h27m23s612-1-1.png\",\"contentUrl\":\"https:\\\/\\\/tulsa-health.org\\\/wp-content\\\/uploads\\\/2022\\\/09\\\/vlcsnap-2019-12-16-15h27m23s612-1-1.png\",\"width\":1920,\"height\":1080,\"caption\":\"Tulsa-Health Department\"},{\"@type\":\"BreadcrumbList\",\"@id\":\"https:\\\/\\\/tulsa-health.org\\\/about-us\\\/hipaa-privacy-statement\\\/#breadcrumb\",\"itemListElement\":[{\"@type\":\"ListItem\",\"position\":1,\"name\":\"Home\",\"item\":\"https:\\\/\\\/tulsa-health.org\\\/\"},{\"@type\":\"ListItem\",\"position\":2,\"name\":\"About Us\",\"item\":\"https:\\\/\\\/tulsa-health.org\\\/about-us\\\/\"},{\"@type\":\"ListItem\",\"position\":3,\"name\":\"HIPAA Privacy Statement\"}]},{\"@type\":\"WebSite\",\"@id\":\"https:\\\/\\\/tulsa-health.org\\\/es\\\/#website\",\"url\":\"https:\\\/\\\/tulsa-health.org\\\/es\\\/\",\"name\":\"Tulsa Health Department\",\"description\":\"Clinical Services, Immunizations, Permits and More | Tulsa Health Department\",\"potentialAction\":[{\"@type\":\"SearchAction\",\"target\":{\"@type\":\"EntryPoint\",\"urlTemplate\":\"https:\\\/\\\/tulsa-health.org\\\/es\\\/?s={search_term_string}\"},\"query-input\":{\"@type\":\"PropertyValueSpecification\",\"valueRequired\":true,\"valueName\":\"search_term_string\"}}],\"inLanguage\":\"fr-FR\"}]}<\/script>\n<!-- \/ Yoast SEO plugin. -->","yoast_head_json":{"title":"D\u00e9claration de confidentialit\u00e9 HIPAA - D\u00e9partement de la Sant\u00e9 de Tulsa","description":"La politique du d\u00e9partement de la sant\u00e9 de la ville et du comt\u00e9 de Tulsa (THD) est de garder confidentielles toutes vos informations m\u00e9dicales et personnelles.","robots":{"index":"index","follow":"follow","max-snippet":"max-snippet:-1","max-image-preview":"max-image-preview:large","max-video-preview":"max-video-preview:-1"},"canonical":"https:\/\/tulsa-health.org\/fr\/about-us\/hipaa-privacy-statement\/","og_locale":"fr_FR","og_type":"article","og_title":"HIPAA Privacy Statement - Tulsa Health Department","og_description":"It is the policy of the Tulsa City-County Health Department (THD) to keep all of your medical and personal information confidential.","og_url":"https:\/\/tulsa-health.org\/fr\/about-us\/hipaa-privacy-statement\/","og_site_name":"Tulsa Health Department","article_modified_time":"2024-10-29T21:54:12+00:00","og_image":[{"width":1024,"height":576,"url":"https:\/\/tulsa-health.org\/wp-content\/uploads\/2022\/09\/vlcsnap-2019-12-16-15h27m23s612-1-1-1024x576.png","type":"image\/png"}],"twitter_card":"summary_large_image","twitter_misc":{"Dur\u00e9e de lecture estim\u00e9e":"5 minutes"},"schema":{"@context":"https:\/\/schema.org","@graph":[{"@type":"WebPage","@id":"https:\/\/tulsa-health.org\/about-us\/hipaa-privacy-statement\/","url":"https:\/\/tulsa-health.org\/about-us\/hipaa-privacy-statement\/","name":"D\u00e9claration de confidentialit\u00e9 HIPAA - D\u00e9partement de la Sant\u00e9 de Tulsa","isPartOf":{"@id":"https:\/\/tulsa-health.org\/es\/#website"},"primaryImageOfPage":{"@id":"https:\/\/tulsa-health.org\/about-us\/hipaa-privacy-statement\/#primaryimage"},"image":{"@id":"https:\/\/tulsa-health.org\/about-us\/hipaa-privacy-statement\/#primaryimage"},"thumbnailUrl":"https:\/\/tulsa-health.org\/wp-content\/uploads\/2022\/09\/vlcsnap-2019-12-16-15h27m23s612-1-1.png","datePublished":"2023-05-05T21:20:56+00:00","dateModified":"2024-10-29T21:54:12+00:00","description":"La politique du d\u00e9partement de la sant\u00e9 de la ville et du comt\u00e9 de Tulsa (THD) est de garder confidentielles toutes vos informations m\u00e9dicales et personnelles.","breadcrumb":{"@id":"https:\/\/tulsa-health.org\/about-us\/hipaa-privacy-statement\/#breadcrumb"},"inLanguage":"fr-FR","potentialAction":[{"@type":"ReadAction","target":["https:\/\/tulsa-health.org\/about-us\/hipaa-privacy-statement\/"]}]},{"@type":"ImageObject","inLanguage":"fr-FR","@id":"https:\/\/tulsa-health.org\/about-us\/hipaa-privacy-statement\/#primaryimage","url":"https:\/\/tulsa-health.org\/wp-content\/uploads\/2022\/09\/vlcsnap-2019-12-16-15h27m23s612-1-1.png","contentUrl":"https:\/\/tulsa-health.org\/wp-content\/uploads\/2022\/09\/vlcsnap-2019-12-16-15h27m23s612-1-1.png","width":1920,"height":1080,"caption":"Tulsa-Health Department"},{"@type":"BreadcrumbList","@id":"https:\/\/tulsa-health.org\/about-us\/hipaa-privacy-statement\/#breadcrumb","itemListElement":[{"@type":"ListItem","position":1,"name":"Home","item":"https:\/\/tulsa-health.org\/"},{"@type":"ListItem","position":2,"name":"About Us","item":"https:\/\/tulsa-health.org\/about-us\/"},{"@type":"ListItem","position":3,"name":"HIPAA Privacy Statement"}]},{"@type":"WebSite","@id":"https:\/\/tulsa-health.org\/es\/#website","url":"https:\/\/tulsa-health.org\/es\/","name":"D\u00e9partement de la sant\u00e9 de Tulsa","description":"Services cliniques, vaccinations, permis et plus | D\u00e9partement de la Sant\u00e9 de Tulsa","potentialAction":[{"@type":"SearchAction","target":{"@type":"EntryPoint","urlTemplate":"https:\/\/tulsa-health.org\/es\/?s={search_term_string}"},"query-input":{"@type":"PropertyValueSpecification","valueRequired":true,"valueName":"search_term_string"}}],"inLanguage":"fr-FR"}]}},"publishpress_future_workflow_manual_trigger":{"enabledWorkflows":[]},"_links":{"self":[{"href":"https:\/\/tulsa-health.org\/fr\/wp-json\/wp\/v2\/pages\/2811","targetHints":{"allow":["GET"]}}],"collection":[{"href":"https:\/\/tulsa-health.org\/fr\/wp-json\/wp\/v2\/pages"}],"about":[{"href":"https:\/\/tulsa-health.org\/fr\/wp-json\/wp\/v2\/types\/page"}],"author":[{"embeddable":true,"href":"https:\/\/tulsa-health.org\/fr\/wp-json\/wp\/v2\/users\/1"}],"replies":[{"embeddable":true,"href":"https:\/\/tulsa-health.org\/fr\/wp-json\/wp\/v2\/comments?post=2811"}],"version-history":[{"count":0,"href":"https:\/\/tulsa-health.org\/fr\/wp-json\/wp\/v2\/pages\/2811\/revisions"}],"up":[{"embeddable":true,"href":"https:\/\/tulsa-health.org\/fr\/wp-json\/wp\/v2\/pages\/719"}],"wp:featuredmedia":[{"embeddable":true,"href":"https:\/\/tulsa-health.org\/fr\/wp-json\/wp\/v2\/media\/458"}],"wp:attachment":[{"href":"https:\/\/tulsa-health.org\/fr\/wp-json\/wp\/v2\/media?parent=2811"}],"curies":[{"name":"wp","href":"https:\/\/api.w.org\/{rel}","templated":true}]}}