{"id":6897,"date":"2023-06-27T15:54:10","date_gmt":"2023-06-27T20:54:10","guid":{"rendered":"https:\/\/test.tulsa-health.org\/?page_id=6897"},"modified":"2023-12-21T10:09:08","modified_gmt":"2023-12-21T16:09:08","slug":"zika","status":"publish","type":"page","link":"https:\/\/tulsa-health.org\/fr\/services\/family-health-services\/illness-and-disease\/zika\/","title":{"rendered":"Zika"},"content":{"rendered":"<div data-elementor-type=\"wp-page\" data-elementor-id=\"6897\" class=\"elementor elementor-6897\" data-elementor-post-type=\"page\">\n\t\t\t\t\t\t<section class=\"elementor-section elementor-top-section elementor-element elementor-element-2437e1d elementor-section-full_width elementor-section-height-min-height elementor-section-height-default elementor-section-items-middle\" data-id=\"2437e1d\" data-element_type=\"section\" data-e-type=\"section\" data-settings=\"{&quot;background_background&quot;:&quot;classic&quot;}\">\n\t\t\t\t\t\t<div class=\"elementor-container elementor-column-gap-no\">\n\t\t\t\t\t<div class=\"elementor-column elementor-col-100 elementor-top-column elementor-element elementor-element-f56571c\" data-id=\"f56571c\" data-element_type=\"column\" data-e-type=\"column\">\n\t\t\t<div class=\"elementor-widget-wrap\">\n\t\t\t\t\t\t\t<\/div>\n\t\t<\/div>\n\t\t\t\t\t<\/div>\n\t\t<\/section>\n\t\t\t\t<section class=\"elementor-section elementor-top-section elementor-element elementor-element-49232e3 elementor-section-boxed elementor-section-height-default elementor-section-height-default\" data-id=\"49232e3\" data-element_type=\"section\" data-e-type=\"section\" data-settings=\"{&quot;background_background&quot;:&quot;classic&quot;}\">\n\t\t\t\t\t\t<div class=\"elementor-container elementor-column-gap-default\">\n\t\t\t\t\t<div class=\"elementor-column elementor-col-100 elementor-top-column elementor-element elementor-element-9bf2116\" data-id=\"9bf2116\" data-element_type=\"column\" data-e-type=\"column\">\n\t\t\t<div class=\"elementor-widget-wrap elementor-element-populated\">\n\t\t\t\t\t\t<div class=\"elementor-element elementor-element-afc50ef elementor-widget elementor-widget-heading\" data-id=\"afc50ef\" data-element_type=\"widget\" data-e-type=\"widget\" data-widget_type=\"heading.default\">\n\t\t\t\t<div class=\"elementor-widget-container\">\n\t\t\t\t\t<h1 class=\"elementor-heading-title elementor-size-default\">VIRUS ZIKA<\/h1>\t\t\t\t<\/div>\n\t\t\t\t<\/div>\n\t\t\t\t\t<\/div>\n\t\t<\/div>\n\t\t\t\t\t<\/div>\n\t\t<\/section>\n\t\t\t\t<section class=\"elementor-section elementor-top-section elementor-element elementor-element-50ca630 elementor-section-boxed elementor-section-height-default elementor-section-height-default\" data-id=\"50ca630\" data-element_type=\"section\" data-e-type=\"section\" data-settings=\"{&quot;background_background&quot;:&quot;classic&quot;}\">\n\t\t\t\t\t\t<div class=\"elementor-container elementor-column-gap-default\">\n\t\t\t\t\t<div class=\"elementor-column elementor-col-100 elementor-top-column elementor-element elementor-element-ce9f742\" data-id=\"ce9f742\" data-element_type=\"column\" data-e-type=\"column\">\n\t\t\t<div class=\"elementor-widget-wrap elementor-element-populated\">\n\t\t\t\t\t\t<div class=\"elementor-element elementor-element-cf32101 elementor-widget elementor-widget-text-editor\" data-id=\"cf32101\" data-element_type=\"widget\" data-e-type=\"widget\" data-widget_type=\"text-editor.default\">\n\t\t\t\t<div class=\"elementor-widget-container\">\n\t\t\t\t\t\t\t\t\t<p>Le virus Zika se transmet aux humains par les piq\u00fbres de moustiques. Les sympt\u00f4mes les plus courants de la maladie \u00e0 virus Zika sont la fi\u00e8vre, les \u00e9ruptions cutan\u00e9es, les douleurs articulaires et la conjonctivite (yeux rouges). La maladie est g\u00e9n\u00e9ralement b\u00e9nigne et les sympt\u00f4mes durent de plusieurs jours \u00e0 une semaine. Une maladie grave n\u00e9cessitant une hospitalisation est rare.<\/p><p>Un cas \u00ab transmis localement \u00bb se produit lorsqu\u2019une personne qui n\u2019a pas voyag\u00e9 r\u00e9cemment est piqu\u00e9e par un moustique infect\u00e9 l\u00e0 o\u00f9 elle vit, travaille ou joue.\u00a0<strong>Aucun cas de Zika transmis localement n&#039;a \u00e9t\u00e9 signal\u00e9 dans la zone continentale des \u00c9tats-Unis.<\/strong>, mais des cas ont \u00e9t\u00e9 signal\u00e9s chez des voyageurs de retour.\u00a0<\/p><p><a href=\"http:\/\/www.cdc.gov\/zika\/index.html\">Consultez les derni\u00e8res informations du CDC sur le virus Zika<\/a><\/p><p><strong>Fiches<\/strong><\/p><ul><li><a href=\"https:\/\/tulsa-health.org\/fr\/sites\/default\/files\/page_attachments\/control_mosquitoes_chikv_denv_zika.pdf\/\">Aide \u00e0 contr\u00f4ler les moustiques qui propagent les virus de la dengue, du chikungunya et du Zika<\/a>\u00a0(Mise \u00e0 jour le 15\/08)<\/li><li><a href=\"\/wp-content\/uploads\/2023\/06\/fs_mosquito_bite_prevention_travelers.pdf\">Pr\u00e9vention des piq\u00fbres de moustiques pour les voyageurs<\/a>\u00a0(Mise \u00e0 jour le 15\/10)<\/li><li><a href=\"\/wp-content\/uploads\/2023\/06\/Mosquito-Bite-Prevention-United-States-02.17.16.pdf\">Pr\u00e9vention des piq\u00fbres de moustiques aux \u00c9tats-Unis<\/a>\u00a0(Mise \u00e0 jour le 17\/02\/16)<\/li><li><a href=\"\/wp-content\/uploads\/2023\/06\/zika-factsheet_0.pdf\">Guide d&#039;information sur le virus Zika de THD<\/a>\u00a0(Anglais)<\/li><li><a href=\"\/wp-content\/uploads\/2023\/06\/zika-factsheet-spa.pdf\">Guide d&#039;information sur le virus Zika de THD<\/a>\u00a0(Espagnol)<\/li><li><a href=\"\/wp-content\/uploads\/2023\/06\/zikapregnancyinfographic.pdf\">Zika, infographie sur la grossesse et les voyages<\/a><\/li><\/ul>\t\t\t\t\t\t\t\t<\/div>\n\t\t\t\t<\/div>\n\t\t\t\t<div class=\"elementor-element elementor-element-5df8dc0 elementor-widget elementor-widget-html\" data-id=\"5df8dc0\" data-element_type=\"widget\" data-e-type=\"widget\" data-widget_type=\"html.default\">\n\t\t\t\t<div class=\"elementor-widget-container\">\n\t\t\t\t\t<div data-cdc-widget=\"micrositeCollectionViewer\" data-cdc-collectionid=\"234519\" data-cdc-theme=\"theme1\" data-cdc-geotag=\"{'continent': '6255149', 'country': '6252001', 'state': '4544379', 'region': '' }\">&nbsp;<\/div><script type=\"text\/javascript\" src=\"\/\/tools.cdc.gov\/TemplatePackage\/contrib\/widgets\/tp-widget-external-loader.js\"><\/script>\t\t\t\t<\/div>\n\t\t\t\t<\/div>\n\t\t\t\t\t<\/div>\n\t\t<\/div>\n\t\t\t\t\t<\/div>\n\t\t<\/section>\n\t\t\t\t<section class=\"elementor-section elementor-top-section elementor-element elementor-element-665ba7f elementor-section-full_width elementor-section-height-default elementor-section-height-default\" data-id=\"665ba7f\" data-element_type=\"section\" data-e-type=\"section\">\n\t\t\t\t\t\t<div class=\"elementor-container elementor-column-gap-default\">\n\t\t\t\t\t<div class=\"elementor-column elementor-col-100 elementor-top-column elementor-element elementor-element-37dd067\" data-id=\"37dd067\" data-element_type=\"column\" data-e-type=\"column\">\n\t\t\t<div class=\"elementor-widget-wrap elementor-element-populated\">\n\t\t\t\t\t\t<div class=\"elementor-element elementor-element-8b093db elementor-widget elementor-widget-shortcode\" data-id=\"8b093db\" data-element_type=\"widget\" data-e-type=\"widget\" data-widget_type=\"shortcode.default\">\n\t\t\t\t<div class=\"elementor-widget-container\">\n\t\t\t\t\t\t\t<div class=\"elementor-shortcode\">\t\t<div data-elementor-type=\"section\" data-elementor-id=\"4934\" class=\"elementor elementor-4934\" data-elementor-post-type=\"elementor_library\">\n\t\t\t\t\t<section class=\"elementor-section elementor-top-section elementor-element elementor-element-4469b59d elementor-section-stretched elementor-section-boxed elementor-section-height-default elementor-section-height-default\" data-id=\"4469b59d\" data-element_type=\"section\" data-e-type=\"section\" data-settings=\"{&quot;background_background&quot;:&quot;classic&quot;,&quot;stretch_section&quot;:&quot;section-stretched&quot;}\">\n\t\t\t\t\t\t\t<div class=\"elementor-background-overlay\"><\/div>\n\t\t\t\t\t\t\t<div class=\"elementor-container elementor-column-gap-default\">\n\t\t\t\t\t<div class=\"elementor-column elementor-col-100 elementor-top-column elementor-element elementor-element-615ea353\" data-id=\"615ea353\" data-element_type=\"column\" data-e-type=\"column\">\n\t\t\t<div class=\"elementor-widget-wrap elementor-element-populated\">\n\t\t\t\t\t\t<div class=\"elementor-element elementor-element-bdb2691 elementor-widget elementor-widget-heading\" data-id=\"bdb2691\" data-element_type=\"widget\" data-e-type=\"widget\" data-widget_type=\"heading.default\">\n\t\t\t\t<div class=\"elementor-widget-container\">\n\t\t\t\t\t<h5 class=\"elementor-heading-title elementor-size-default\">EMPLACEMENTS<\/h5>\t\t\t\t<\/div>\n\t\t\t\t<\/div>\n\t\t\t\t<div class=\"elementor-element elementor-element-00f74f9 elementor-widget elementor-widget-text-editor\" data-id=\"00f74f9\" data-element_type=\"widget\" data-e-type=\"widget\" data-widget_type=\"text-editor.default\">\n\t\t\t\t<div class=\"elementor-widget-container\">\n\t\t\t\t\t\t\t\t\t<p>Nous avons 9 sites dans le comt\u00e9 de Tulsa qui offrent une vari\u00e9t\u00e9 de services pour vous aider, vous et votre famille, \u00e0 rester en bonne sant\u00e9.<\/p>\t\t\t\t\t\t\t\t<\/div>\n\t\t\t\t<\/div>\n\t\t\t\t<div class=\"elementor-element elementor-element-fd63501 elementor-align-center secondary elementor-widget elementor-widget-button\" data-id=\"fd63501\" data-element_type=\"widget\" data-e-type=\"widget\" data-widget_type=\"button.default\">\n\t\t\t\t<div class=\"elementor-widget-container\">\n\t\t\t\t\t\t\t\t\t<div class=\"elementor-button-wrapper\">\n\t\t\t\t\t<a class=\"elementor-button elementor-button-link elementor-size-sm\" href=\"\/fr\/locations\/\">\n\t\t\t\t\t\t<span class=\"elementor-button-content-wrapper\">\n\t\t\t\t\t\t\t\t\t<span class=\"elementor-button-text\">Trouvez le v\u00f4tre<\/span>\n\t\t\t\t\t<\/span>\n\t\t\t\t\t<\/a>\n\t\t\t\t<\/div>\n\t\t\t\t\t\t\t\t<\/div>\n\t\t\t\t<\/div>\n\t\t\t\t\t<\/div>\n\t\t<\/div>\n\t\t\t\t\t<\/div>\n\t\t<\/section>\n\t\t\t\t<\/div>\n\t\t<\/div>\n\t\t\t\t\t\t<\/div>\n\t\t\t\t<\/div>\n\t\t\t\t\t<\/div>\n\t\t<\/div>\n\t\t\t\t\t<\/div>\n\t\t<\/section>\n\t\t\t\t<\/div>","protected":false},"excerpt":{"rendered":"<p>ZIKA VIRUS Zika virus is spread to people through mosquito bites. The most common symptoms of Zika virus disease are fever, rash, joint pain, and conjunctivitis (red eyes). The illness is usually mild with symptoms lasting from several days to a week. Severe disease requiring hospitalization is uncommon. A &#8220;locally transmitted&#8221; case occurs when\u00a0a person [&hellip;]<\/p>\n","protected":false},"author":1,"featured_media":13609,"parent":1812,"menu_order":0,"comment_status":"closed","ping_status":"closed","template":"elementor_header_footer","meta":{"_acf_changed":false,"footnotes":""},"class_list":["post-6897","page","type-page","status-publish","has-post-thumbnail","hentry"],"acf":[],"yoast_head":"<!-- This site is optimized with the Yoast SEO plugin v27.3 - https:\/\/yoast.com\/product\/yoast-seo-wordpress\/ -->\n<title>Zika - Tulsa Health Department<\/title>\n<meta name=\"description\" content=\"Zika virus is spread to people through mosquito bites. The most common symptoms of Zika virus disease are fever, rash, joint pain, and conjunctivitis (red eyes).\" \/>\n<meta name=\"robots\" content=\"index, follow, max-snippet:-1, max-image-preview:large, max-video-preview:-1\" \/>\n<link rel=\"canonical\" href=\"https:\/\/tulsa-health.org\/fr\/services\/family-health-services\/illness-and-disease\/zika\/\" \/>\n<meta property=\"og:locale\" content=\"fr_FR\" \/>\n<meta property=\"og:type\" content=\"article\" \/>\n<meta property=\"og:title\" content=\"Zika - Tulsa Health Department\" \/>\n<meta property=\"og:description\" content=\"Zika virus is spread to people through mosquito bites. The most common symptoms of Zika virus disease are fever, rash, joint pain, and conjunctivitis (red eyes).\" \/>\n<meta property=\"og:url\" content=\"https:\/\/tulsa-health.org\/fr\/services\/family-health-services\/illness-and-disease\/zika\/\" \/>\n<meta property=\"og:site_name\" content=\"Tulsa Health Department\" \/>\n<meta property=\"article:modified_time\" content=\"2023-12-21T16:09:08+00:00\" \/>\n<meta property=\"og:image\" content=\"https:\/\/tulsa-health.org\/wp-content\/uploads\/2023\/10\/Mosquitos.jpg\" \/>\n\t<meta property=\"og:image:width\" content=\"1732\" \/>\n\t<meta property=\"og:image:height\" content=\"1067\" \/>\n\t<meta property=\"og:image:type\" content=\"image\/jpeg\" \/>\n<meta name=\"twitter:card\" content=\"summary_large_image\" \/>\n<meta name=\"twitter:label1\" content=\"Dur\u00e9e de lecture estim\u00e9e\" \/>\n\t<meta name=\"twitter:data1\" content=\"1 minute\" \/>\n<script type=\"application\/ld+json\" class=\"yoast-schema-graph\">{\"@context\":\"https:\\\/\\\/schema.org\",\"@graph\":[{\"@type\":\"WebPage\",\"@id\":\"https:\\\/\\\/tulsa-health.org\\\/services\\\/family-health-services\\\/illness-and-disease\\\/zika\\\/\",\"url\":\"https:\\\/\\\/tulsa-health.org\\\/services\\\/family-health-services\\\/illness-and-disease\\\/zika\\\/\",\"name\":\"Zika - Tulsa Health Department\",\"isPartOf\":{\"@id\":\"https:\\\/\\\/tulsa-health.org\\\/es\\\/#website\"},\"primaryImageOfPage\":{\"@id\":\"https:\\\/\\\/tulsa-health.org\\\/services\\\/family-health-services\\\/illness-and-disease\\\/zika\\\/#primaryimage\"},\"image\":{\"@id\":\"https:\\\/\\\/tulsa-health.org\\\/services\\\/family-health-services\\\/illness-and-disease\\\/zika\\\/#primaryimage\"},\"thumbnailUrl\":\"https:\\\/\\\/tulsa-health.org\\\/wp-content\\\/uploads\\\/2023\\\/10\\\/Mosquitos.jpg\",\"datePublished\":\"2023-06-27T20:54:10+00:00\",\"dateModified\":\"2023-12-21T16:09:08+00:00\",\"description\":\"Zika virus is spread to people through mosquito bites. The most common symptoms of Zika virus disease are fever, rash, joint pain, and conjunctivitis (red eyes).\",\"breadcrumb\":{\"@id\":\"https:\\\/\\\/tulsa-health.org\\\/services\\\/family-health-services\\\/illness-and-disease\\\/zika\\\/#breadcrumb\"},\"inLanguage\":\"fr-FR\",\"potentialAction\":[{\"@type\":\"ReadAction\",\"target\":[\"https:\\\/\\\/tulsa-health.org\\\/services\\\/family-health-services\\\/illness-and-disease\\\/zika\\\/\"]}]},{\"@type\":\"ImageObject\",\"inLanguage\":\"fr-FR\",\"@id\":\"https:\\\/\\\/tulsa-health.org\\\/services\\\/family-health-services\\\/illness-and-disease\\\/zika\\\/#primaryimage\",\"url\":\"https:\\\/\\\/tulsa-health.org\\\/wp-content\\\/uploads\\\/2023\\\/10\\\/Mosquitos.jpg\",\"contentUrl\":\"https:\\\/\\\/tulsa-health.org\\\/wp-content\\\/uploads\\\/2023\\\/10\\\/Mosquitos.jpg\",\"width\":1732,\"height\":1067,\"caption\":\"Mosquitos\"},{\"@type\":\"BreadcrumbList\",\"@id\":\"https:\\\/\\\/tulsa-health.org\\\/services\\\/family-health-services\\\/illness-and-disease\\\/zika\\\/#breadcrumb\",\"itemListElement\":[{\"@type\":\"ListItem\",\"position\":1,\"name\":\"Home\",\"item\":\"https:\\\/\\\/tulsa-health.org\\\/\"},{\"@type\":\"ListItem\",\"position\":2,\"name\":\"Services\",\"item\":\"https:\\\/\\\/tulsa-health.org\\\/services\\\/\"},{\"@type\":\"ListItem\",\"position\":3,\"name\":\"Family Health Services\",\"item\":\"https:\\\/\\\/tulsa-health.org\\\/services\\\/family-health-services\\\/\"},{\"@type\":\"ListItem\",\"position\":4,\"name\":\"Illness and Disease\",\"item\":\"https:\\\/\\\/tulsa-health.org\\\/services\\\/family-health-services\\\/illness-and-disease\\\/\"},{\"@type\":\"ListItem\",\"position\":5,\"name\":\"Zika\"}]},{\"@type\":\"WebSite\",\"@id\":\"https:\\\/\\\/tulsa-health.org\\\/es\\\/#website\",\"url\":\"https:\\\/\\\/tulsa-health.org\\\/es\\\/\",\"name\":\"Tulsa Health Department\",\"description\":\"Clinical Services, Immunizations, Permits and More | Tulsa Health Department\",\"potentialAction\":[{\"@type\":\"SearchAction\",\"target\":{\"@type\":\"EntryPoint\",\"urlTemplate\":\"https:\\\/\\\/tulsa-health.org\\\/es\\\/?s={search_term_string}\"},\"query-input\":{\"@type\":\"PropertyValueSpecification\",\"valueRequired\":true,\"valueName\":\"search_term_string\"}}],\"inLanguage\":\"fr-FR\"}]}<\/script>\n<!-- \/ Yoast SEO plugin. -->","yoast_head_json":{"title":"Zika - D\u00e9partement de la sant\u00e9 de Tulsa","description":"Le virus Zika se transmet \u00e0 l&#039;homme par les piq\u00fbres de moustiques. Les sympt\u00f4mes les plus courants de la maladie \u00e0 virus Zika sont la fi\u00e8vre, une \u00e9ruption cutan\u00e9e, des douleurs articulaires et une conjonctivite (yeux rouges).","robots":{"index":"index","follow":"follow","max-snippet":"max-snippet:-1","max-image-preview":"max-image-preview:large","max-video-preview":"max-video-preview:-1"},"canonical":"https:\/\/tulsa-health.org\/fr\/services\/family-health-services\/illness-and-disease\/zika\/","og_locale":"fr_FR","og_type":"article","og_title":"Zika - Tulsa Health Department","og_description":"Zika virus is spread to people through mosquito bites. The most common symptoms of Zika virus disease are fever, rash, joint pain, and conjunctivitis (red eyes).","og_url":"https:\/\/tulsa-health.org\/fr\/services\/family-health-services\/illness-and-disease\/zika\/","og_site_name":"Tulsa Health Department","article_modified_time":"2023-12-21T16:09:08+00:00","og_image":[{"width":1732,"height":1067,"url":"https:\/\/tulsa-health.org\/wp-content\/uploads\/2023\/10\/Mosquitos.jpg","type":"image\/jpeg"}],"twitter_card":"summary_large_image","twitter_misc":{"Dur\u00e9e de lecture estim\u00e9e":"1 minute"},"schema":{"@context":"https:\/\/schema.org","@graph":[{"@type":"WebPage","@id":"https:\/\/tulsa-health.org\/services\/family-health-services\/illness-and-disease\/zika\/","url":"https:\/\/tulsa-health.org\/services\/family-health-services\/illness-and-disease\/zika\/","name":"Zika - D\u00e9partement de la sant\u00e9 de Tulsa","isPartOf":{"@id":"https:\/\/tulsa-health.org\/es\/#website"},"primaryImageOfPage":{"@id":"https:\/\/tulsa-health.org\/services\/family-health-services\/illness-and-disease\/zika\/#primaryimage"},"image":{"@id":"https:\/\/tulsa-health.org\/services\/family-health-services\/illness-and-disease\/zika\/#primaryimage"},"thumbnailUrl":"https:\/\/tulsa-health.org\/wp-content\/uploads\/2023\/10\/Mosquitos.jpg","datePublished":"2023-06-27T20:54:10+00:00","dateModified":"2023-12-21T16:09:08+00:00","description":"Le virus Zika se transmet \u00e0 l&#039;homme par les piq\u00fbres de moustiques. Les sympt\u00f4mes les plus courants de la maladie \u00e0 virus Zika sont la fi\u00e8vre, une \u00e9ruption cutan\u00e9e, des douleurs articulaires et une conjonctivite (yeux rouges).","breadcrumb":{"@id":"https:\/\/tulsa-health.org\/services\/family-health-services\/illness-and-disease\/zika\/#breadcrumb"},"inLanguage":"fr-FR","potentialAction":[{"@type":"ReadAction","target":["https:\/\/tulsa-health.org\/services\/family-health-services\/illness-and-disease\/zika\/"]}]},{"@type":"ImageObject","inLanguage":"fr-FR","@id":"https:\/\/tulsa-health.org\/services\/family-health-services\/illness-and-disease\/zika\/#primaryimage","url":"https:\/\/tulsa-health.org\/wp-content\/uploads\/2023\/10\/Mosquitos.jpg","contentUrl":"https:\/\/tulsa-health.org\/wp-content\/uploads\/2023\/10\/Mosquitos.jpg","width":1732,"height":1067,"caption":"Mosquitos"},{"@type":"BreadcrumbList","@id":"https:\/\/tulsa-health.org\/services\/family-health-services\/illness-and-disease\/zika\/#breadcrumb","itemListElement":[{"@type":"ListItem","position":1,"name":"Home","item":"https:\/\/tulsa-health.org\/"},{"@type":"ListItem","position":2,"name":"Services","item":"https:\/\/tulsa-health.org\/services\/"},{"@type":"ListItem","position":3,"name":"Family Health Services","item":"https:\/\/tulsa-health.org\/services\/family-health-services\/"},{"@type":"ListItem","position":4,"name":"Illness and Disease","item":"https:\/\/tulsa-health.org\/services\/family-health-services\/illness-and-disease\/"},{"@type":"ListItem","position":5,"name":"Zika"}]},{"@type":"WebSite","@id":"https:\/\/tulsa-health.org\/es\/#website","url":"https:\/\/tulsa-health.org\/es\/","name":"D\u00e9partement de la sant\u00e9 de Tulsa","description":"Services cliniques, vaccinations, permis et plus | D\u00e9partement de la Sant\u00e9 de Tulsa","potentialAction":[{"@type":"SearchAction","target":{"@type":"EntryPoint","urlTemplate":"https:\/\/tulsa-health.org\/es\/?s={search_term_string}"},"query-input":{"@type":"PropertyValueSpecification","valueRequired":true,"valueName":"search_term_string"}}],"inLanguage":"fr-FR"}]}},"publishpress_future_workflow_manual_trigger":{"enabledWorkflows":[]},"_links":{"self":[{"href":"https:\/\/tulsa-health.org\/fr\/wp-json\/wp\/v2\/pages\/6897","targetHints":{"allow":["GET"]}}],"collection":[{"href":"https:\/\/tulsa-health.org\/fr\/wp-json\/wp\/v2\/pages"}],"about":[{"href":"https:\/\/tulsa-health.org\/fr\/wp-json\/wp\/v2\/types\/page"}],"author":[{"embeddable":true,"href":"https:\/\/tulsa-health.org\/fr\/wp-json\/wp\/v2\/users\/1"}],"replies":[{"embeddable":true,"href":"https:\/\/tulsa-health.org\/fr\/wp-json\/wp\/v2\/comments?post=6897"}],"version-history":[{"count":0,"href":"https:\/\/tulsa-health.org\/fr\/wp-json\/wp\/v2\/pages\/6897\/revisions"}],"up":[{"embeddable":true,"href":"https:\/\/tulsa-health.org\/fr\/wp-json\/wp\/v2\/pages\/1812"}],"wp:featuredmedia":[{"embeddable":true,"href":"https:\/\/tulsa-health.org\/fr\/wp-json\/wp\/v2\/media\/13609"}],"wp:attachment":[{"href":"https:\/\/tulsa-health.org\/fr\/wp-json\/wp\/v2\/media?parent=6897"}],"curies":[{"name":"wp","href":"https:\/\/api.w.org\/{rel}","templated":true}]}}