{"id":8809,"date":"2023-06-28T13:57:45","date_gmt":"2023-06-28T18:57:45","guid":{"rendered":"https:\/\/test.tulsa-health.org\/?page_id=8809"},"modified":"2025-05-07T10:50:17","modified_gmt":"2025-05-07T15:50:17","slug":"thd-form-submission-confirmation","status":"publish","type":"page","link":"https:\/\/tulsa-health.org\/fr\/forms\/thd-form-submission-confirmation\/","title":{"rendered":"Confirmation de soumission du formulaire THD"},"content":{"rendered":"<div data-elementor-type=\"wp-page\" data-elementor-id=\"8809\" class=\"elementor elementor-8809\" data-elementor-post-type=\"page\">\n\t\t\t\t\t\t<section class=\"elementor-section elementor-top-section elementor-element elementor-element-9235522 elementor-section-boxed elementor-section-height-default elementor-section-height-default elementor-invisible\" data-id=\"9235522\" data-element_type=\"section\" data-e-type=\"section\" data-settings=\"{&quot;background_background&quot;:&quot;classic&quot;,&quot;animation&quot;:&quot;fadeInUp&quot;}\">\n\t\t\t\t\t\t<div class=\"elementor-container elementor-column-gap-default\">\n\t\t\t\t\t<div class=\"elementor-column elementor-col-100 elementor-top-column elementor-element elementor-element-e9918ae\" data-id=\"e9918ae\" data-element_type=\"column\" data-e-type=\"column\">\n\t\t\t<div class=\"elementor-widget-wrap elementor-element-populated\">\n\t\t\t\t\t\t<div class=\"elementor-element elementor-element-c795097 elementor-widget elementor-widget-heading\" data-id=\"c795097\" data-element_type=\"widget\" data-e-type=\"widget\" data-widget_type=\"heading.default\">\n\t\t\t\t<div class=\"elementor-widget-container\">\n\t\t\t\t\t<h1 class=\"elementor-heading-title elementor-size-default\">MERCI D&#039;AVOIR CONTACT\u00c9 LE SERVICE DE SANT\u00c9 DE TULSA<\/h1>\t\t\t\t<\/div>\n\t\t\t\t<\/div>\n\t\t\t\t<div class=\"elementor-element elementor-element-3102c83 elementor-widget elementor-widget-text-editor\" data-id=\"3102c83\" data-element_type=\"widget\" data-e-type=\"widget\" data-widget_type=\"text-editor.default\">\n\t\t\t\t<div class=\"elementor-widget-container\">\n\t\t\t\t\t\t\t\t\t<p><strong>Votre soumission a \u00e9t\u00e9 collect\u00e9e.<\/strong><\/p><p>Si vous avez fourni vos coordonn\u00e9es et demand\u00e9 un suivi, nous vous contacterons en utilisant la m\u00e9thode fournie pour r\u00e9pondre \u00e0 votre demande ou vous fournir toutes les mises \u00e0 jour n\u00e9cessaires.<\/p>\t\t\t\t\t\t\t\t<\/div>\n\t\t\t\t<\/div>\n\t\t\t\t\t<\/div>\n\t\t<\/div>\n\t\t\t\t\t<\/div>\n\t\t<\/section>\n\t\t\t\t<section class=\"elementor-section elementor-top-section elementor-element elementor-element-bcf9ff3 elementor-section-full_width elementor-section-height-default elementor-section-height-default elementor-invisible\" data-id=\"bcf9ff3\" data-element_type=\"section\" data-e-type=\"section\" data-settings=\"{&quot;animation&quot;:&quot;fadeInUp&quot;}\">\n\t\t\t\t\t\t<div class=\"elementor-container elementor-column-gap-default\">\n\t\t\t\t\t<div class=\"elementor-column elementor-col-100 elementor-top-column elementor-element elementor-element-9482076\" data-id=\"9482076\" data-element_type=\"column\" data-e-type=\"column\">\n\t\t\t<div class=\"elementor-widget-wrap elementor-element-populated\">\n\t\t\t\t\t\t<div class=\"elementor-element elementor-element-ba31072 elementor-widget elementor-widget-shortcode\" data-id=\"ba31072\" data-element_type=\"widget\" data-e-type=\"widget\" data-widget_type=\"shortcode.default\">\n\t\t\t\t<div class=\"elementor-widget-container\">\n\t\t\t\t\t\t\t<div class=\"elementor-shortcode\">\t\t<div data-elementor-type=\"section\" data-elementor-id=\"4934\" class=\"elementor elementor-4934\" data-elementor-post-type=\"elementor_library\">\n\t\t\t\t\t<section class=\"elementor-section elementor-top-section elementor-element elementor-element-4469b59d elementor-section-stretched elementor-section-boxed elementor-section-height-default elementor-section-height-default\" data-id=\"4469b59d\" data-element_type=\"section\" data-e-type=\"section\" data-settings=\"{&quot;background_background&quot;:&quot;classic&quot;,&quot;stretch_section&quot;:&quot;section-stretched&quot;}\">\n\t\t\t\t\t\t\t<div class=\"elementor-background-overlay\"><\/div>\n\t\t\t\t\t\t\t<div class=\"elementor-container elementor-column-gap-default\">\n\t\t\t\t\t<div class=\"elementor-column elementor-col-100 elementor-top-column elementor-element elementor-element-615ea353\" data-id=\"615ea353\" data-element_type=\"column\" data-e-type=\"column\">\n\t\t\t<div class=\"elementor-widget-wrap elementor-element-populated\">\n\t\t\t\t\t\t<div class=\"elementor-element elementor-element-bdb2691 elementor-widget elementor-widget-heading\" data-id=\"bdb2691\" data-element_type=\"widget\" data-e-type=\"widget\" data-widget_type=\"heading.default\">\n\t\t\t\t<div class=\"elementor-widget-container\">\n\t\t\t\t\t<h5 class=\"elementor-heading-title elementor-size-default\">EMPLACEMENTS<\/h5>\t\t\t\t<\/div>\n\t\t\t\t<\/div>\n\t\t\t\t<div class=\"elementor-element elementor-element-00f74f9 elementor-widget elementor-widget-text-editor\" data-id=\"00f74f9\" data-element_type=\"widget\" data-e-type=\"widget\" data-widget_type=\"text-editor.default\">\n\t\t\t\t<div class=\"elementor-widget-container\">\n\t\t\t\t\t\t\t\t\t<p>Nous avons 9 sites dans le comt\u00e9 de Tulsa qui offrent une vari\u00e9t\u00e9 de services pour vous aider, vous et votre famille, \u00e0 rester en bonne sant\u00e9.<\/p>\t\t\t\t\t\t\t\t<\/div>\n\t\t\t\t<\/div>\n\t\t\t\t<div class=\"elementor-element elementor-element-fd63501 elementor-align-center secondary elementor-widget elementor-widget-button\" data-id=\"fd63501\" data-element_type=\"widget\" data-e-type=\"widget\" data-widget_type=\"button.default\">\n\t\t\t\t<div class=\"elementor-widget-container\">\n\t\t\t\t\t\t\t\t\t<div class=\"elementor-button-wrapper\">\n\t\t\t\t\t<a class=\"elementor-button elementor-button-link elementor-size-sm\" href=\"\/fr\/locations\/\">\n\t\t\t\t\t\t<span class=\"elementor-button-content-wrapper\">\n\t\t\t\t\t\t\t\t\t<span class=\"elementor-button-text\">Trouvez le v\u00f4tre<\/span>\n\t\t\t\t\t<\/span>\n\t\t\t\t\t<\/a>\n\t\t\t\t<\/div>\n\t\t\t\t\t\t\t\t<\/div>\n\t\t\t\t<\/div>\n\t\t\t\t\t<\/div>\n\t\t<\/div>\n\t\t\t\t\t<\/div>\n\t\t<\/section>\n\t\t\t\t<\/div>\n\t\t<\/div>\n\t\t\t\t\t\t<\/div>\n\t\t\t\t<\/div>\n\t\t\t\t\t<\/div>\n\t\t<\/div>\n\t\t\t\t\t<\/div>\n\t\t<\/section>\n\t\t\t\t<\/div>","protected":false},"excerpt":{"rendered":"<p>Merci d&#039;avoir contact\u00e9 le service de sant\u00e9 de Tulsa. Votre demande a bien \u00e9t\u00e9 enregistr\u00e9e. Si vous avez fourni vos coordonn\u00e9es et demand\u00e9 un suivi, nous vous contacterons par le moyen indiqu\u00e9 afin de r\u00e9pondre \u00e0 votre demande ou de vous fournir les informations n\u00e9cessaires.<\/p>","protected":false},"author":1,"featured_media":13661,"parent":8843,"menu_order":0,"comment_status":"closed","ping_status":"closed","template":"","meta":{"_acf_changed":false,"footnotes":""},"class_list":["post-8809","page","type-page","status-publish","has-post-thumbnail","hentry"],"acf":[],"yoast_head":"<!-- This site is optimized with the Yoast SEO plugin v27.3 - https:\/\/yoast.com\/product\/yoast-seo-wordpress\/ -->\n<title>THD Form Submission Confirmation - Tulsa Health Department<\/title>\n<meta name=\"description\" content=\"If you have provided contact information and requested a follow-up, we will reach out to you using the provided method to address your inquiry or provide any necessary updates.\" \/>\n<meta name=\"robots\" content=\"index, follow, max-snippet:-1, max-image-preview:large, max-video-preview:-1\" \/>\n<link rel=\"canonical\" href=\"https:\/\/tulsa-health.org\/fr\/forms\/thd-form-submission-confirmation\/\" \/>\n<meta property=\"og:locale\" content=\"fr_FR\" \/>\n<meta property=\"og:type\" content=\"article\" \/>\n<meta property=\"og:title\" content=\"THD Form Submission Confirmation - Tulsa Health Department\" \/>\n<meta property=\"og:description\" content=\"If you have provided contact information and requested a follow-up, we will reach out to you using the provided method to address your inquiry or provide any necessary updates.\" \/>\n<meta property=\"og:url\" content=\"https:\/\/tulsa-health.org\/fr\/forms\/thd-form-submission-confirmation\/\" \/>\n<meta property=\"og:site_name\" content=\"Tulsa Health Department\" \/>\n<meta property=\"article:modified_time\" content=\"2025-05-07T15:50:17+00:00\" \/>\n<meta property=\"og:image\" content=\"https:\/\/tulsa-health.org\/wp-content\/uploads\/2023\/10\/File-A-Complaint.jpeg\" \/>\n\t<meta property=\"og:image:width\" content=\"1601\" \/>\n\t<meta property=\"og:image:height\" content=\"1080\" \/>\n\t<meta property=\"og:image:type\" content=\"image\/jpeg\" \/>\n<meta name=\"twitter:card\" content=\"summary_large_image\" \/>\n<meta name=\"twitter:label1\" content=\"Dur\u00e9e de lecture estim\u00e9e\" \/>\n\t<meta name=\"twitter:data1\" content=\"1 minute\" \/>\n<script type=\"application\/ld+json\" class=\"yoast-schema-graph\">{\"@context\":\"https:\\\/\\\/schema.org\",\"@graph\":[{\"@type\":\"WebPage\",\"@id\":\"https:\\\/\\\/tulsa-health.org\\\/forms\\\/thd-form-submission-confirmation\\\/\",\"url\":\"https:\\\/\\\/tulsa-health.org\\\/forms\\\/thd-form-submission-confirmation\\\/\",\"name\":\"THD Form Submission Confirmation - Tulsa Health Department\",\"isPartOf\":{\"@id\":\"https:\\\/\\\/tulsa-health.org\\\/es\\\/#website\"},\"primaryImageOfPage\":{\"@id\":\"https:\\\/\\\/tulsa-health.org\\\/forms\\\/thd-form-submission-confirmation\\\/#primaryimage\"},\"image\":{\"@id\":\"https:\\\/\\\/tulsa-health.org\\\/forms\\\/thd-form-submission-confirmation\\\/#primaryimage\"},\"thumbnailUrl\":\"https:\\\/\\\/tulsa-health.org\\\/wp-content\\\/uploads\\\/2023\\\/10\\\/File-A-Complaint.jpeg\",\"datePublished\":\"2023-06-28T18:57:45+00:00\",\"dateModified\":\"2025-05-07T15:50:17+00:00\",\"description\":\"If you have provided contact information and requested a follow-up, we will reach out to you using the provided method to address your inquiry or provide any necessary updates.\",\"breadcrumb\":{\"@id\":\"https:\\\/\\\/tulsa-health.org\\\/forms\\\/thd-form-submission-confirmation\\\/#breadcrumb\"},\"inLanguage\":\"fr-FR\",\"potentialAction\":[{\"@type\":\"ReadAction\",\"target\":[\"https:\\\/\\\/tulsa-health.org\\\/forms\\\/thd-form-submission-confirmation\\\/\"]}]},{\"@type\":\"ImageObject\",\"inLanguage\":\"fr-FR\",\"@id\":\"https:\\\/\\\/tulsa-health.org\\\/forms\\\/thd-form-submission-confirmation\\\/#primaryimage\",\"url\":\"https:\\\/\\\/tulsa-health.org\\\/wp-content\\\/uploads\\\/2023\\\/10\\\/File-A-Complaint.jpeg\",\"contentUrl\":\"https:\\\/\\\/tulsa-health.org\\\/wp-content\\\/uploads\\\/2023\\\/10\\\/File-A-Complaint.jpeg\",\"width\":1601,\"height\":1080},{\"@type\":\"BreadcrumbList\",\"@id\":\"https:\\\/\\\/tulsa-health.org\\\/forms\\\/thd-form-submission-confirmation\\\/#breadcrumb\",\"itemListElement\":[{\"@type\":\"ListItem\",\"position\":1,\"name\":\"Home\",\"item\":\"https:\\\/\\\/tulsa-health.org\\\/\"},{\"@type\":\"ListItem\",\"position\":2,\"name\":\"Forms\",\"item\":\"https:\\\/\\\/tulsa-health.org\\\/forms\\\/\"},{\"@type\":\"ListItem\",\"position\":3,\"name\":\"THD Form Submission Confirmation\"}]},{\"@type\":\"WebSite\",\"@id\":\"https:\\\/\\\/tulsa-health.org\\\/es\\\/#website\",\"url\":\"https:\\\/\\\/tulsa-health.org\\\/es\\\/\",\"name\":\"Tulsa Health Department\",\"description\":\"Clinical Services, Immunizations, Permits and More | Tulsa Health Department\",\"potentialAction\":[{\"@type\":\"SearchAction\",\"target\":{\"@type\":\"EntryPoint\",\"urlTemplate\":\"https:\\\/\\\/tulsa-health.org\\\/es\\\/?s={search_term_string}\"},\"query-input\":{\"@type\":\"PropertyValueSpecification\",\"valueRequired\":true,\"valueName\":\"search_term_string\"}}],\"inLanguage\":\"fr-FR\"}]}<\/script>\n<!-- \/ Yoast SEO plugin. -->","yoast_head_json":{"title":"Confirmation de soumission du formulaire THD - D\u00e9partement de la sant\u00e9 de Tulsa","description":"Si vous avez fourni vos coordonn\u00e9es et demand\u00e9 un suivi, nous vous contacterons en utilisant la m\u00e9thode fournie pour r\u00e9pondre \u00e0 votre demande ou vous fournir toutes les mises \u00e0 jour n\u00e9cessaires.","robots":{"index":"index","follow":"follow","max-snippet":"max-snippet:-1","max-image-preview":"max-image-preview:large","max-video-preview":"max-video-preview:-1"},"canonical":"https:\/\/tulsa-health.org\/fr\/forms\/thd-form-submission-confirmation\/","og_locale":"fr_FR","og_type":"article","og_title":"THD Form Submission Confirmation - Tulsa Health Department","og_description":"If you have provided contact information and requested a follow-up, we will reach out to you using the provided method to address your inquiry or provide any necessary updates.","og_url":"https:\/\/tulsa-health.org\/fr\/forms\/thd-form-submission-confirmation\/","og_site_name":"Tulsa Health Department","article_modified_time":"2025-05-07T15:50:17+00:00","og_image":[{"width":1601,"height":1080,"url":"https:\/\/tulsa-health.org\/wp-content\/uploads\/2023\/10\/File-A-Complaint.jpeg","type":"image\/jpeg"}],"twitter_card":"summary_large_image","twitter_misc":{"Dur\u00e9e de lecture estim\u00e9e":"1 minute"},"schema":{"@context":"https:\/\/schema.org","@graph":[{"@type":"WebPage","@id":"https:\/\/tulsa-health.org\/forms\/thd-form-submission-confirmation\/","url":"https:\/\/tulsa-health.org\/forms\/thd-form-submission-confirmation\/","name":"Confirmation de soumission du formulaire THD - D\u00e9partement de la sant\u00e9 de Tulsa","isPartOf":{"@id":"https:\/\/tulsa-health.org\/es\/#website"},"primaryImageOfPage":{"@id":"https:\/\/tulsa-health.org\/forms\/thd-form-submission-confirmation\/#primaryimage"},"image":{"@id":"https:\/\/tulsa-health.org\/forms\/thd-form-submission-confirmation\/#primaryimage"},"thumbnailUrl":"https:\/\/tulsa-health.org\/wp-content\/uploads\/2023\/10\/File-A-Complaint.jpeg","datePublished":"2023-06-28T18:57:45+00:00","dateModified":"2025-05-07T15:50:17+00:00","description":"Si vous avez fourni vos coordonn\u00e9es et demand\u00e9 un suivi, nous vous contacterons en utilisant la m\u00e9thode fournie pour r\u00e9pondre \u00e0 votre demande ou vous fournir toutes les mises \u00e0 jour n\u00e9cessaires.","breadcrumb":{"@id":"https:\/\/tulsa-health.org\/forms\/thd-form-submission-confirmation\/#breadcrumb"},"inLanguage":"fr-FR","potentialAction":[{"@type":"ReadAction","target":["https:\/\/tulsa-health.org\/forms\/thd-form-submission-confirmation\/"]}]},{"@type":"ImageObject","inLanguage":"fr-FR","@id":"https:\/\/tulsa-health.org\/forms\/thd-form-submission-confirmation\/#primaryimage","url":"https:\/\/tulsa-health.org\/wp-content\/uploads\/2023\/10\/File-A-Complaint.jpeg","contentUrl":"https:\/\/tulsa-health.org\/wp-content\/uploads\/2023\/10\/File-A-Complaint.jpeg","width":1601,"height":1080},{"@type":"BreadcrumbList","@id":"https:\/\/tulsa-health.org\/forms\/thd-form-submission-confirmation\/#breadcrumb","itemListElement":[{"@type":"ListItem","position":1,"name":"Home","item":"https:\/\/tulsa-health.org\/"},{"@type":"ListItem","position":2,"name":"Forms","item":"https:\/\/tulsa-health.org\/forms\/"},{"@type":"ListItem","position":3,"name":"THD Form Submission Confirmation"}]},{"@type":"WebSite","@id":"https:\/\/tulsa-health.org\/es\/#website","url":"https:\/\/tulsa-health.org\/es\/","name":"D\u00e9partement de la sant\u00e9 de Tulsa","description":"Services cliniques, vaccinations, permis et plus | D\u00e9partement de la Sant\u00e9 de Tulsa","potentialAction":[{"@type":"SearchAction","target":{"@type":"EntryPoint","urlTemplate":"https:\/\/tulsa-health.org\/es\/?s={search_term_string}"},"query-input":{"@type":"PropertyValueSpecification","valueRequired":true,"valueName":"search_term_string"}}],"inLanguage":"fr-FR"}]}},"publishpress_future_workflow_manual_trigger":{"enabledWorkflows":[]},"_links":{"self":[{"href":"https:\/\/tulsa-health.org\/fr\/wp-json\/wp\/v2\/pages\/8809","targetHints":{"allow":["GET"]}}],"collection":[{"href":"https:\/\/tulsa-health.org\/fr\/wp-json\/wp\/v2\/pages"}],"about":[{"href":"https:\/\/tulsa-health.org\/fr\/wp-json\/wp\/v2\/types\/page"}],"author":[{"embeddable":true,"href":"https:\/\/tulsa-health.org\/fr\/wp-json\/wp\/v2\/users\/1"}],"replies":[{"embeddable":true,"href":"https:\/\/tulsa-health.org\/fr\/wp-json\/wp\/v2\/comments?post=8809"}],"version-history":[{"count":3,"href":"https:\/\/tulsa-health.org\/fr\/wp-json\/wp\/v2\/pages\/8809\/revisions"}],"predecessor-version":[{"id":22304,"href":"https:\/\/tulsa-health.org\/fr\/wp-json\/wp\/v2\/pages\/8809\/revisions\/22304"}],"up":[{"embeddable":true,"href":"https:\/\/tulsa-health.org\/fr\/wp-json\/wp\/v2\/pages\/8843"}],"wp:featuredmedia":[{"embeddable":true,"href":"https:\/\/tulsa-health.org\/fr\/wp-json\/wp\/v2\/media\/13661"}],"wp:attachment":[{"href":"https:\/\/tulsa-health.org\/fr\/wp-json\/wp\/v2\/media?parent=8809"}],"curies":[{"name":"wp","href":"https:\/\/api.w.org\/{rel}","templated":true}]}}