{"id":12626,"date":"2023-08-28T13:31:07","date_gmt":"2023-08-28T18:31:07","guid":{"rendered":"https:\/\/test-tulsa-health.com\/?page_id=12626"},"modified":"2024-08-13T16:48:17","modified_gmt":"2024-08-13T21:48:17","slug":"tulsa-county-covid-19-data","status":"publish","type":"page","link":"https:\/\/tulsa-health.org\/vi\/services\/family-health-services\/illness-and-disease\/coronavirus-disease-2019\/tulsa-county-covid-19-data\/","title":{"rendered":"D\u1eef li\u1ec7u v\u1ec1 COVID-19 c\u1ee7a Qu\u1eadn Tulsa"},"content":{"rendered":"<div data-elementor-type=\"wp-page\" data-elementor-id=\"12626\" class=\"elementor elementor-12626\" data-elementor-post-type=\"page\">\n\t\t\t\t\t\t<section class=\"elementor-section elementor-top-section elementor-element elementor-element-0c38d37 elementor-section-full_width elementor-section-height-min-height elementor-section-height-default elementor-section-items-middle\" data-id=\"0c38d37\" data-element_type=\"section\" data-e-type=\"section\" data-settings=\"{&quot;background_background&quot;:&quot;classic&quot;}\">\n\t\t\t\t\t\t<div class=\"elementor-container elementor-column-gap-no\">\n\t\t\t\t\t<div class=\"elementor-column elementor-col-100 elementor-top-column elementor-element elementor-element-82e392f\" data-id=\"82e392f\" data-element_type=\"column\" data-e-type=\"column\">\n\t\t\t<div class=\"elementor-widget-wrap\">\n\t\t\t\t\t\t\t<\/div>\n\t\t<\/div>\n\t\t\t\t\t<\/div>\n\t\t<\/section>\n\t\t\t\t<section class=\"elementor-section elementor-top-section elementor-element elementor-element-2476b6d elementor-section-boxed elementor-section-height-default elementor-section-height-default\" data-id=\"2476b6d\" data-element_type=\"section\" data-e-type=\"section\" data-settings=\"{&quot;background_background&quot;:&quot;classic&quot;}\">\n\t\t\t\t\t\t<div class=\"elementor-container elementor-column-gap-default\">\n\t\t\t\t\t<div class=\"elementor-column elementor-col-100 elementor-top-column elementor-element elementor-element-678bc06\" data-id=\"678bc06\" data-element_type=\"column\" data-e-type=\"column\">\n\t\t\t<div class=\"elementor-widget-wrap elementor-element-populated\">\n\t\t\t\t\t\t<div class=\"elementor-element elementor-element-cd3af11 elementor-widget elementor-widget-heading\" data-id=\"cd3af11\" data-element_type=\"widget\" data-e-type=\"widget\" data-widget_type=\"heading.default\">\n\t\t\t\t<div class=\"elementor-widget-container\">\n\t\t\t\t\t<h1 class=\"elementor-heading-title elementor-size-default\">D\u1eef li\u1ec7u v\u1ec1 COVID-19 c\u1ee7a Qu\u1eadn Tulsa<\/h1>\t\t\t\t<\/div>\n\t\t\t\t<\/div>\n\t\t\t\t<div class=\"elementor-element elementor-element-ccf262c elementor-widget elementor-widget-text-editor\" data-id=\"ccf262c\" data-element_type=\"widget\" data-e-type=\"widget\" data-widget_type=\"text-editor.default\">\n\t\t\t\t<div class=\"elementor-widget-container\">\n\t\t\t\t\t\t\t\t\t<p>S\u1edf Y t\u1ebf Tulsa cam k\u1ebft minh b\u1ea1ch. Xem d\u1eef li\u1ec7u n\u01b0\u1edbc th\u1ea3i hi\u1ec7n t\u1ea1i li\u00ean quan \u0111\u1ebfn COVID-19 v\u00e0 d\u1eef li\u1ec7u ca b\u1ec7nh tr\u01b0\u1edbc \u0111\u00e2y \u1edf \u0111\u1ecbnh d\u1ea1ng d\u1ec5 hi\u1ec3u.<\/p>\t\t\t\t\t\t\t\t<\/div>\n\t\t\t\t<\/div>\n\t\t\t\t\t<\/div>\n\t\t<\/div>\n\t\t\t\t\t<\/div>\n\t\t<\/section>\n\t\t\t\t<section class=\"elementor-section elementor-top-section elementor-element elementor-element-1bd1362 elementor-section-boxed elementor-section-height-default elementor-section-height-default\" data-id=\"1bd1362\" data-element_type=\"section\" data-e-type=\"section\" data-settings=\"{&quot;background_background&quot;:&quot;classic&quot;}\">\n\t\t\t\t\t\t<div class=\"elementor-container elementor-column-gap-default\">\n\t\t\t\t\t<div class=\"elementor-column elementor-col-100 elementor-top-column elementor-element elementor-element-38ab7f4\" data-id=\"38ab7f4\" data-element_type=\"column\" data-e-type=\"column\">\n\t\t\t<div class=\"elementor-widget-wrap elementor-element-populated\">\n\t\t\t\t\t\t<div class=\"elementor-element elementor-element-38b3395 elementor-widget elementor-widget-text-editor\" data-id=\"38b3395\" data-element_type=\"widget\" data-e-type=\"widget\" data-widget_type=\"text-editor.default\">\n\t\t\t\t<div class=\"elementor-widget-container\">\n\t\t\t\t\t\t\t\t\t<h2>SARS-CoV-2 trong n\u01b0\u1edbc th\u1ea3i<\/h2><p>S\u1edf Y t\u1ebf Tulsa \u0111\u00e3 h\u1ee3p t\u00e1c v\u1edbi Th\u00e0nh ph\u1ed1 Tulsa v\u00e0 \u0110\u1ea1i h\u1ecdc Oklahoma trong ch\u01b0\u01a1ng tr\u00ecnh gi\u00e1m s\u00e1t n\u01b0\u1edbc th\u1ea3i. N\u1ed7 l\u1ef1c n\u00e0y \u0111\u01b0\u1ee3c t\u00e0i tr\u1ee3 m\u1ed9t ph\u1ea7n b\u1edfi Qu\u1ef9 Rockefeller. B\u1ea3n \u0111\u1ed3 n\u00e0y \u0111\u01b0\u1ee3c c\u1eadp nh\u1eadt v\u00e0o th\u1ee9 Ba v\u00e0 th\u1ee9 S\u00e1u. N\u1ebfu b\u1ea1n c\u00f3 th\u1eafc m\u1eafc, xin vui l\u00f2ng g\u1eedi email <a href=\"mailto:outreach@OKH2O.org\">outreach@OKH2O.org<\/a><\/p>\t\t\t\t\t\t\t\t<\/div>\n\t\t\t\t<\/div>\n\t\t\t\t<div class=\"elementor-element elementor-element-8bc1509 elementor-widget elementor-widget-template\" data-id=\"8bc1509\" data-element_type=\"widget\" data-e-type=\"widget\" data-widget_type=\"template.default\">\n\t\t\t\t<div class=\"elementor-widget-container\">\n\t\t\t\t\t\t\t<div class=\"elementor-template\">\n\t\t\t\t\t<div data-elementor-type=\"container\" data-elementor-id=\"20672\" class=\"elementor elementor-20672\" data-elementor-post-type=\"elementor_library\">\n\t\t\t\t<div class=\"elementor-element elementor-element-59fc28d e-con-full e-flex e-con e-parent\" data-id=\"59fc28d\" data-element_type=\"container\" data-e-type=\"container\">\n\t\t\t\t<div class=\"elementor-element elementor-element-4b53bcc elementor-widget elementor-widget-html\" data-id=\"4b53bcc\" data-element_type=\"widget\" data-e-type=\"widget\" data-widget_type=\"html.default\">\n\t\t\t\t<div class=\"elementor-widget-container\">\n\t\t\t\t\t<iframe title=\"OKWW_C\u00f4ng khai\" width=\"600\" height=\"450\" src=\"https:\/\/app.powerbigov.us\/view?r=eyJrIjoiZDllMjEzOGMtMzVmMy00MTJmLTgxMmQtNDRmZTdmYjFlNDZkIiwidCI6IjlhMzA3ODY0LTNlOTgtNGYwOC1iOTBhLTcyOGI2MmNmMzJjNSJ9\" frameborder=\"0\" allowfullscreen=\"true\"><\/iframe>\t\t\t\t<\/div>\n\t\t\t\t<\/div>\n\t\t\t\t<\/div>\n\t\t\t\t<\/div>\n\t\t\t\t<\/div>\n\t\t\t\t\t\t<\/div>\n\t\t\t\t<\/div>\n\t\t\t\t<div class=\"elementor-element elementor-element-8df4766 elementor-widget elementor-widget-text-editor\" data-id=\"8df4766\" data-element_type=\"widget\" data-e-type=\"widget\" data-widget_type=\"text-editor.default\">\n\t\t\t\t<div class=\"elementor-widget-container\">\n\t\t\t\t\t\t\t\t\t<h2>B\u1ea3ng \u0111i\u1ec1u khi\u1ec3n d\u1eef li\u1ec7u c\u1ee7a h\u1ea1t Tulsa<\/h2><p>Nh\u00f3m d\u1eef li\u1ec7u c\u1ee7a Tulsa Health \u0111\u00e3 c\u00f4ng b\u1ed1 d\u1eef li\u1ec7u v\u1ec1 COVID-19 h\u00e0ng tu\u1ea7n cho \u0111\u1ebfn khi T\u00ecnh tr\u1ea1ng kh\u1ea9n c\u1ea5p v\u1ec1 s\u1ee9c kh\u1ecfe c\u1ed9ng \u0111\u1ed3ng h\u1ebft h\u1ea1n v\u00e0o ng\u00e0y 11 th\u00e1ng 5 n\u0103m 2023, chuy\u1ec3n \u0111\u1ea1i d\u1ecbch sang giai \u0111o\u1ea1n l\u01b0u h\u00e0nh. <a href=\"\/vi\/covid-19-public-health-emergency-expiration-faqs\/\">Xem \u0111i\u1ec1u n\u00e0y c\u00f3 \u00fd ngh\u0129a g\u00ec v\u1edbi b\u1ea1n<\/a>. <strong>Trang t\u1ed5ng quan d\u1eef li\u1ec7u n\u00e0y ch\u1ec9 d\u00e0nh cho m\u1ee5c \u0111\u00edch ghi l\u1ea1i l\u1ecbch s\u1eed v\u00e0 kh\u00f4ng c\u00f2n \u0111\u01b0\u1ee3c c\u1eadp nh\u1eadt n\u1eefa.<\/strong> T\u1ea5t c\u1ea3 c\u00e1c b\u1ea3ng \u0111\u1ec1u c\u00f3 t\u00ednh t\u01b0\u01a1ng t\u00e1c v\u00e0 c\u00f3 th\u1ec3 \u0111\u01b0\u1ee3c m\u1edf r\u1ed9ng.<\/p>\t\t\t\t\t\t\t\t<\/div>\n\t\t\t\t<\/div>\n\t\t\t\t<div class=\"elementor-element elementor-element-8bae86b elementor-widget elementor-widget-button\" data-id=\"8bae86b\" data-element_type=\"widget\" data-e-type=\"widget\" data-widget_type=\"button.default\">\n\t\t\t\t<div class=\"elementor-widget-container\">\n\t\t\t\t\t\t\t\t\t<div class=\"elementor-button-wrapper\">\n\t\t\t\t\t<a class=\"elementor-button elementor-button-link elementor-size-sm\" href=\"https:\/\/tcchd.maps.arcgis.com\/apps\/opsdashboard\/index.html#\/ebb119cd215b4c57933b7fbe477e7c30\">\n\t\t\t\t\t\t<span class=\"elementor-button-content-wrapper\">\n\t\t\t\t\t\t\t\t\t<span class=\"elementor-button-text\">Xem \u1edf \u0111\u00e2y<\/span>\n\t\t\t\t\t<\/span>\n\t\t\t\t\t<\/a>\n\t\t\t\t<\/div>\n\t\t\t\t\t\t\t\t<\/div>\n\t\t\t\t<\/div>\n\t\t\t\t<div class=\"elementor-element elementor-element-5426519 elementor-widget elementor-widget-text-editor\" data-id=\"5426519\" data-element_type=\"widget\" data-e-type=\"widget\" data-widget_type=\"text-editor.default\">\n\t\t\t\t<div class=\"elementor-widget-container\">\n\t\t\t\t\t\t\t\t\t<h2>D\u1eef li\u1ec7u Oklahoma<\/h2><p>\u0110\u1ed1i v\u1edbi d\u1eef li\u1ec7u l\u1ecbch s\u1eed v\u1ec1 d\u1ecbch b\u1ec7nh COVID-19 tr\u00ean to\u00e0n ti\u1ec3u bang, <a href=\"https:\/\/coronavirus.health.ok.gov\/\">th\u0103m B\u1ed9 Y t\u1ebf Ti\u1ec3u bang Oklahoma<\/a>. D\u1eef li\u1ec7u l\u1ecbch s\u1eed b\u1ed5 sung c\u00f3 s\u1eb5n \u0111\u1ec3 xem x\u00e9t trong <a href=\"https:\/\/oklahoma.gov\/covid19\/newsroom\/executive-order-reports.html\">B\u00e1o c\u00e1o l\u1ec7nh \u0111i\u1ec1u h\u00e0nh<\/a> v\u00e0 c\u1ee7a h\u1ecd <a href=\"https:\/\/oklahoma.gov\/covid19\/newsroom\/weekly-epidemiology-and-surveillance-report.html\">B\u00e1o c\u00e1o gi\u00e1m s\u00e1t v\u00e0 d\u1ecbch t\u1ec5 h\u1ecdc h\u00e0ng tu\u1ea7n<\/a>.<\/p>\t\t\t\t\t\t\t\t<\/div>\n\t\t\t\t<\/div>\n\t\t\t\t\t<\/div>\n\t\t<\/div>\n\t\t\t\t\t<\/div>\n\t\t<\/section>\n\t\t\t\t<\/div>","protected":false},"excerpt":{"rendered":"<p>Tulsa County COVID-19 Data Tulsa Health Department is committed to transparency. View current wastewater data related to COVID-19 and historic case data in an easy-to-understand format. SARS-CoV-2 in Wastewater The Tulsa Health Department has partnered with the City of Tulsa and the University of Oklahoma on a wastewater surveillance program. This effort is funded in [&hellip;]<\/p>\n","protected":false},"author":1,"featured_media":12629,"parent":12412,"menu_order":0,"comment_status":"closed","ping_status":"closed","template":"","meta":{"_acf_changed":false,"footnotes":""},"class_list":["post-12626","page","type-page","status-publish","has-post-thumbnail","hentry"],"acf":[],"yoast_head":"<!-- This site is optimized with the Yoast SEO plugin v27.6 - https:\/\/yoast.com\/product\/yoast-seo-wordpress\/ -->\n<title>Tulsa County COVID-19 Data - Tulsa Health Department<\/title>\n<meta name=\"description\" content=\"Tulsa Health Department is committed to transparency. View current wastewater data related to COVID-19 and historic case data in an easy-to-understand format.\" \/>\n<meta name=\"robots\" content=\"index, follow, max-snippet:-1, max-image-preview:large, max-video-preview:-1\" \/>\n<link rel=\"canonical\" href=\"https:\/\/tulsa-health.org\/vi\/services\/family-health-services\/illness-and-disease\/coronavirus-disease-2019\/tulsa-county-covid-19-data\/\" \/>\n<meta property=\"og:locale\" content=\"vi_VN\" \/>\n<meta property=\"og:type\" content=\"article\" \/>\n<meta property=\"og:title\" content=\"Tulsa County COVID-19 Data - Tulsa Health Department\" \/>\n<meta property=\"og:description\" content=\"Tulsa Health Department is committed to transparency. View current wastewater data related to COVID-19 and historic case data in an easy-to-understand format.\" \/>\n<meta property=\"og:url\" content=\"https:\/\/tulsa-health.org\/vi\/services\/family-health-services\/illness-and-disease\/coronavirus-disease-2019\/tulsa-county-covid-19-data\/\" \/>\n<meta property=\"og:site_name\" content=\"Tulsa Health Department\" \/>\n<meta property=\"article:modified_time\" content=\"2024-08-13T21:48:17+00:00\" \/>\n<meta property=\"og:image\" content=\"https:\/\/tulsa-health.org\/wp-content\/uploads\/2023\/08\/tulsa-county-covid-19.jpeg\" \/>\n\t<meta property=\"og:image:width\" content=\"1920\" \/>\n\t<meta property=\"og:image:height\" content=\"1080\" \/>\n\t<meta property=\"og:image:type\" content=\"image\/jpeg\" \/>\n<meta name=\"twitter:card\" content=\"summary_large_image\" \/>\n<meta name=\"twitter:label1\" content=\"\u01af\u1edbc t\u00ednh th\u1eddi gian \u0111\u1ecdc\" \/>\n\t<meta name=\"twitter:data1\" content=\"1 ph\u00fat\" \/>\n<script type=\"application\/ld+json\" class=\"yoast-schema-graph\">{\"@context\":\"https:\\\/\\\/schema.org\",\"@graph\":[{\"@type\":\"WebPage\",\"@id\":\"https:\\\/\\\/tulsa-health.org\\\/services\\\/family-health-services\\\/illness-and-disease\\\/coronavirus-disease-2019\\\/tulsa-county-covid-19-data\\\/\",\"url\":\"https:\\\/\\\/tulsa-health.org\\\/services\\\/family-health-services\\\/illness-and-disease\\\/coronavirus-disease-2019\\\/tulsa-county-covid-19-data\\\/\",\"name\":\"Tulsa County COVID-19 Data - Tulsa Health Department\",\"isPartOf\":{\"@id\":\"https:\\\/\\\/tulsa-health.org\\\/es\\\/#website\"},\"primaryImageOfPage\":{\"@id\":\"https:\\\/\\\/tulsa-health.org\\\/services\\\/family-health-services\\\/illness-and-disease\\\/coronavirus-disease-2019\\\/tulsa-county-covid-19-data\\\/#primaryimage\"},\"image\":{\"@id\":\"https:\\\/\\\/tulsa-health.org\\\/services\\\/family-health-services\\\/illness-and-disease\\\/coronavirus-disease-2019\\\/tulsa-county-covid-19-data\\\/#primaryimage\"},\"thumbnailUrl\":\"https:\\\/\\\/tulsa-health.org\\\/wp-content\\\/uploads\\\/2023\\\/08\\\/tulsa-county-covid-19.jpeg\",\"datePublished\":\"2023-08-28T18:31:07+00:00\",\"dateModified\":\"2024-08-13T21:48:17+00:00\",\"description\":\"Tulsa Health Department is committed to transparency. View current wastewater data related to COVID-19 and historic case data in an easy-to-understand format.\",\"breadcrumb\":{\"@id\":\"https:\\\/\\\/tulsa-health.org\\\/services\\\/family-health-services\\\/illness-and-disease\\\/coronavirus-disease-2019\\\/tulsa-county-covid-19-data\\\/#breadcrumb\"},\"inLanguage\":\"vi\",\"potentialAction\":[{\"@type\":\"ReadAction\",\"target\":[\"https:\\\/\\\/tulsa-health.org\\\/services\\\/family-health-services\\\/illness-and-disease\\\/coronavirus-disease-2019\\\/tulsa-county-covid-19-data\\\/\"]}]},{\"@type\":\"ImageObject\",\"inLanguage\":\"vi\",\"@id\":\"https:\\\/\\\/tulsa-health.org\\\/services\\\/family-health-services\\\/illness-and-disease\\\/coronavirus-disease-2019\\\/tulsa-county-covid-19-data\\\/#primaryimage\",\"url\":\"https:\\\/\\\/tulsa-health.org\\\/wp-content\\\/uploads\\\/2023\\\/08\\\/tulsa-county-covid-19.jpeg\",\"contentUrl\":\"https:\\\/\\\/tulsa-health.org\\\/wp-content\\\/uploads\\\/2023\\\/08\\\/tulsa-county-covid-19.jpeg\",\"width\":1920,\"height\":1080,\"caption\":\"Tulsa County Covid 19 Data\"},{\"@type\":\"BreadcrumbList\",\"@id\":\"https:\\\/\\\/tulsa-health.org\\\/services\\\/family-health-services\\\/illness-and-disease\\\/coronavirus-disease-2019\\\/tulsa-county-covid-19-data\\\/#breadcrumb\",\"itemListElement\":[{\"@type\":\"ListItem\",\"position\":1,\"name\":\"Home\",\"item\":\"https:\\\/\\\/tulsa-health.org\\\/\"},{\"@type\":\"ListItem\",\"position\":2,\"name\":\"Services\",\"item\":\"https:\\\/\\\/tulsa-health.org\\\/services\\\/\"},{\"@type\":\"ListItem\",\"position\":3,\"name\":\"Family Health Services\",\"item\":\"https:\\\/\\\/tulsa-health.org\\\/services\\\/family-health-services\\\/\"},{\"@type\":\"ListItem\",\"position\":4,\"name\":\"Illness and Disease\",\"item\":\"https:\\\/\\\/tulsa-health.org\\\/services\\\/family-health-services\\\/illness-and-disease\\\/\"},{\"@type\":\"ListItem\",\"position\":5,\"name\":\"Coronavirus Disease 2019 (COVID-19)\",\"item\":\"https:\\\/\\\/tulsa-health.org\\\/services\\\/family-health-services\\\/illness-and-disease\\\/coronavirus-disease-2019\\\/\"},{\"@type\":\"ListItem\",\"position\":6,\"name\":\"Tulsa County COVID-19 Data\"}]},{\"@type\":\"WebSite\",\"@id\":\"https:\\\/\\\/tulsa-health.org\\\/es\\\/#website\",\"url\":\"https:\\\/\\\/tulsa-health.org\\\/es\\\/\",\"name\":\"Tulsa Health Department\",\"description\":\"Clinical Services, Immunizations, Permits and More | Tulsa Health Department\",\"potentialAction\":[{\"@type\":\"SearchAction\",\"target\":{\"@type\":\"EntryPoint\",\"urlTemplate\":\"https:\\\/\\\/tulsa-health.org\\\/es\\\/?s={search_term_string}\"},\"query-input\":{\"@type\":\"PropertyValueSpecification\",\"valueRequired\":true,\"valueName\":\"search_term_string\"}}],\"inLanguage\":\"vi\"}]}<\/script>\n<!-- \/ Yoast SEO plugin. -->","yoast_head_json":{"title":"D\u1eef li\u1ec7u COVID-19 c\u1ee7a Qu\u1eadn Tulsa - S\u1edf Y t\u1ebf Tulsa","description":"S\u1edf Y t\u1ebf Tulsa cam k\u1ebft minh b\u1ea1ch. Xem d\u1eef li\u1ec7u n\u01b0\u1edbc th\u1ea3i hi\u1ec7n t\u1ea1i li\u00ean quan \u0111\u1ebfn COVID-19 v\u00e0 d\u1eef li\u1ec7u ca b\u1ec7nh tr\u01b0\u1edbc \u0111\u00e2y \u1edf \u0111\u1ecbnh d\u1ea1ng d\u1ec5 hi\u1ec3u.","robots":{"index":"index","follow":"follow","max-snippet":"max-snippet:-1","max-image-preview":"max-image-preview:large","max-video-preview":"max-video-preview:-1"},"canonical":"https:\/\/tulsa-health.org\/vi\/services\/family-health-services\/illness-and-disease\/coronavirus-disease-2019\/tulsa-county-covid-19-data\/","og_locale":"vi_VN","og_type":"article","og_title":"Tulsa County COVID-19 Data - Tulsa Health Department","og_description":"Tulsa Health Department is committed to transparency. View current wastewater data related to COVID-19 and historic case data in an easy-to-understand format.","og_url":"https:\/\/tulsa-health.org\/vi\/services\/family-health-services\/illness-and-disease\/coronavirus-disease-2019\/tulsa-county-covid-19-data\/","og_site_name":"Tulsa Health Department","article_modified_time":"2024-08-13T21:48:17+00:00","og_image":[{"width":1920,"height":1080,"url":"https:\/\/tulsa-health.org\/wp-content\/uploads\/2023\/08\/tulsa-county-covid-19.jpeg","type":"image\/jpeg"}],"twitter_card":"summary_large_image","twitter_misc":{"\u01af\u1edbc t\u00ednh th\u1eddi gian \u0111\u1ecdc":"1 ph\u00fat"},"schema":{"@context":"https:\/\/schema.org","@graph":[{"@type":"WebPage","@id":"https:\/\/tulsa-health.org\/services\/family-health-services\/illness-and-disease\/coronavirus-disease-2019\/tulsa-county-covid-19-data\/","url":"https:\/\/tulsa-health.org\/services\/family-health-services\/illness-and-disease\/coronavirus-disease-2019\/tulsa-county-covid-19-data\/","name":"D\u1eef li\u1ec7u COVID-19 c\u1ee7a Qu\u1eadn Tulsa - S\u1edf Y t\u1ebf Tulsa","isPartOf":{"@id":"https:\/\/tulsa-health.org\/es\/#website"},"primaryImageOfPage":{"@id":"https:\/\/tulsa-health.org\/services\/family-health-services\/illness-and-disease\/coronavirus-disease-2019\/tulsa-county-covid-19-data\/#primaryimage"},"image":{"@id":"https:\/\/tulsa-health.org\/services\/family-health-services\/illness-and-disease\/coronavirus-disease-2019\/tulsa-county-covid-19-data\/#primaryimage"},"thumbnailUrl":"https:\/\/tulsa-health.org\/wp-content\/uploads\/2023\/08\/tulsa-county-covid-19.jpeg","datePublished":"2023-08-28T18:31:07+00:00","dateModified":"2024-08-13T21:48:17+00:00","description":"S\u1edf Y t\u1ebf Tulsa cam k\u1ebft minh b\u1ea1ch. Xem d\u1eef li\u1ec7u n\u01b0\u1edbc th\u1ea3i hi\u1ec7n t\u1ea1i li\u00ean quan \u0111\u1ebfn COVID-19 v\u00e0 d\u1eef li\u1ec7u ca b\u1ec7nh tr\u01b0\u1edbc \u0111\u00e2y \u1edf \u0111\u1ecbnh d\u1ea1ng d\u1ec5 hi\u1ec3u.","breadcrumb":{"@id":"https:\/\/tulsa-health.org\/services\/family-health-services\/illness-and-disease\/coronavirus-disease-2019\/tulsa-county-covid-19-data\/#breadcrumb"},"inLanguage":"vi","potentialAction":[{"@type":"ReadAction","target":["https:\/\/tulsa-health.org\/services\/family-health-services\/illness-and-disease\/coronavirus-disease-2019\/tulsa-county-covid-19-data\/"]}]},{"@type":"ImageObject","inLanguage":"vi","@id":"https:\/\/tulsa-health.org\/services\/family-health-services\/illness-and-disease\/coronavirus-disease-2019\/tulsa-county-covid-19-data\/#primaryimage","url":"https:\/\/tulsa-health.org\/wp-content\/uploads\/2023\/08\/tulsa-county-covid-19.jpeg","contentUrl":"https:\/\/tulsa-health.org\/wp-content\/uploads\/2023\/08\/tulsa-county-covid-19.jpeg","width":1920,"height":1080,"caption":"Tulsa County Covid 19 Data"},{"@type":"BreadcrumbList","@id":"https:\/\/tulsa-health.org\/services\/family-health-services\/illness-and-disease\/coronavirus-disease-2019\/tulsa-county-covid-19-data\/#breadcrumb","itemListElement":[{"@type":"ListItem","position":1,"name":"Home","item":"https:\/\/tulsa-health.org\/"},{"@type":"ListItem","position":2,"name":"Services","item":"https:\/\/tulsa-health.org\/services\/"},{"@type":"ListItem","position":3,"name":"Family Health Services","item":"https:\/\/tulsa-health.org\/services\/family-health-services\/"},{"@type":"ListItem","position":4,"name":"Illness and Disease","item":"https:\/\/tulsa-health.org\/services\/family-health-services\/illness-and-disease\/"},{"@type":"ListItem","position":5,"name":"Coronavirus Disease 2019 (COVID-19)","item":"https:\/\/tulsa-health.org\/services\/family-health-services\/illness-and-disease\/coronavirus-disease-2019\/"},{"@type":"ListItem","position":6,"name":"Tulsa County COVID-19 Data"}]},{"@type":"WebSite","@id":"https:\/\/tulsa-health.org\/es\/#website","url":"https:\/\/tulsa-health.org\/es\/","name":"S\u1edf Y t\u1ebf Tulsa","description":"D\u1ecbch v\u1ee5 l\u00e2m s\u00e0ng, ti\u00eam ch\u1ee7ng, gi\u1ea5y ph\u00e9p v\u00e0 nhi\u1ec1u h\u01a1n n\u1eefa | S\u1edf Y t\u1ebf Tulsa","potentialAction":[{"@type":"SearchAction","target":{"@type":"EntryPoint","urlTemplate":"https:\/\/tulsa-health.org\/es\/?s={search_term_string}"},"query-input":{"@type":"PropertyValueSpecification","valueRequired":true,"valueName":"search_term_string"}}],"inLanguage":"vi"}]}},"publishpress_future_workflow_manual_trigger":{"enabledWorkflows":[]},"_links":{"self":[{"href":"https:\/\/tulsa-health.org\/vi\/wp-json\/wp\/v2\/pages\/12626","targetHints":{"allow":["GET"]}}],"collection":[{"href":"https:\/\/tulsa-health.org\/vi\/wp-json\/wp\/v2\/pages"}],"about":[{"href":"https:\/\/tulsa-health.org\/vi\/wp-json\/wp\/v2\/types\/page"}],"author":[{"embeddable":true,"href":"https:\/\/tulsa-health.org\/vi\/wp-json\/wp\/v2\/users\/1"}],"replies":[{"embeddable":true,"href":"https:\/\/tulsa-health.org\/vi\/wp-json\/wp\/v2\/comments?post=12626"}],"version-history":[{"count":0,"href":"https:\/\/tulsa-health.org\/vi\/wp-json\/wp\/v2\/pages\/12626\/revisions"}],"up":[{"embeddable":true,"href":"https:\/\/tulsa-health.org\/vi\/wp-json\/wp\/v2\/pages\/12412"}],"wp:featuredmedia":[{"embeddable":true,"href":"https:\/\/tulsa-health.org\/vi\/wp-json\/wp\/v2\/media\/12629"}],"wp:attachment":[{"href":"https:\/\/tulsa-health.org\/vi\/wp-json\/wp\/v2\/media?parent=12626"}],"curies":[{"name":"wp","href":"https:\/\/api.w.org\/{rel}","templated":true}]}}