{"id":1306,"date":"2023-04-27T16:35:05","date_gmt":"2023-04-27T21:35:05","guid":{"rendered":"https:\/\/test.tulsa-health.org\/?page_id=1306"},"modified":"2023-12-20T19:07:43","modified_gmt":"2023-12-21T01:07:43","slug":"coronavirus-disease-2019-covid-19","status":"publish","type":"page","link":"https:\/\/tulsa-health.org\/vi\/services\/coronavirus-disease-2019-covid-19\/","title":{"rendered":"B\u1ec7nh vi-r\u00fat Corona 2019 (Covid-19)"},"content":{"rendered":"<div data-elementor-type=\"wp-page\" data-elementor-id=\"1306\" class=\"elementor elementor-1306\" data-elementor-post-type=\"page\">\n\t\t\t\t\t\t<section class=\"elementor-section elementor-top-section elementor-element elementor-element-83f54f5 elementor-section-full_width elementor-section-height-min-height elementor-section-height-default elementor-section-items-middle\" data-id=\"83f54f5\" data-element_type=\"section\" data-e-type=\"section\" data-settings=\"{&quot;background_background&quot;:&quot;classic&quot;}\">\n\t\t\t\t\t\t<div class=\"elementor-container elementor-column-gap-no\">\n\t\t\t\t\t<div class=\"elementor-column elementor-col-100 elementor-top-column elementor-element elementor-element-ef61544\" data-id=\"ef61544\" data-element_type=\"column\" data-e-type=\"column\">\n\t\t\t<div class=\"elementor-widget-wrap\">\n\t\t\t\t\t\t\t<\/div>\n\t\t<\/div>\n\t\t\t\t\t<\/div>\n\t\t<\/section>\n\t\t\t\t<section class=\"elementor-section elementor-top-section elementor-element elementor-element-bbb7475 elementor-section-boxed elementor-section-height-default elementor-section-height-default\" data-id=\"bbb7475\" data-element_type=\"section\" data-e-type=\"section\" data-settings=\"{&quot;background_background&quot;:&quot;classic&quot;}\">\n\t\t\t\t\t\t<div class=\"elementor-container elementor-column-gap-default\">\n\t\t\t\t\t<div class=\"elementor-column elementor-col-100 elementor-top-column elementor-element elementor-element-f6c3d67\" data-id=\"f6c3d67\" data-element_type=\"column\" data-e-type=\"column\">\n\t\t\t<div class=\"elementor-widget-wrap elementor-element-populated\">\n\t\t\t\t\t\t<div class=\"elementor-element elementor-element-8bb0ef8 elementor-widget elementor-widget-heading\" data-id=\"8bb0ef8\" data-element_type=\"widget\" data-e-type=\"widget\" data-widget_type=\"heading.default\">\n\t\t\t\t<div class=\"elementor-widget-container\">\n\t\t\t\t\t<h1 class=\"elementor-heading-title elementor-size-default\">B\u1ec7nh vi-r\u00fat Corona 2019 (Covid-19)\u200b<\/h1>\t\t\t\t<\/div>\n\t\t\t\t<\/div>\n\t\t\t\t<div class=\"elementor-element elementor-element-56055a5 elementor-widget elementor-widget-text-editor\" data-id=\"56055a5\" data-element_type=\"widget\" data-e-type=\"widget\" data-widget_type=\"text-editor.default\">\n\t\t\t\t<div class=\"elementor-widget-container\">\n\t\t\t\t\t\t\t\t\t<p>Th\u00f4ng tin v\u1ec1 b\u1ec7nh vi-r\u00fat Corona 2019 nh\u01b0 b\u1ea3o v\u1ec7 ch\u1ed1ng l\u1ea1i, v\u1eafc-xin, x\u00e9t nghi\u1ec7m v\u00e0 d\u1eef li\u1ec7u l\u1ecbch s\u1eed.<\/p>\t\t\t\t\t\t\t\t<\/div>\n\t\t\t\t<\/div>\n\t\t\t\t\t<\/div>\n\t\t<\/div>\n\t\t\t\t\t<\/div>\n\t\t<\/section>\n\t\t\t\t<section class=\"elementor-section elementor-top-section elementor-element elementor-element-1f3dd29 elementor-section-boxed elementor-section-height-default elementor-section-height-default\" data-id=\"1f3dd29\" data-element_type=\"section\" data-e-type=\"section\" data-settings=\"{&quot;background_background&quot;:&quot;classic&quot;}\">\n\t\t\t\t\t\t<div class=\"elementor-container elementor-column-gap-default\">\n\t\t\t\t\t<div class=\"elementor-column elementor-col-100 elementor-top-column elementor-element elementor-element-13723f0\" data-id=\"13723f0\" data-element_type=\"column\" data-e-type=\"column\">\n\t\t\t<div class=\"elementor-widget-wrap elementor-element-populated\">\n\t\t\t\t\t\t<div class=\"elementor-element elementor-element-c937d38 elementor-widget elementor-widget-ucaddon_unlimited_grid\" data-id=\"c937d38\" data-element_type=\"widget\" data-e-type=\"widget\" data-widget_type=\"ucaddon_unlimited_grid.default\">\n\t\t\t\t<div class=\"elementor-widget-container\">\n\t\t\t\t\t\n<!-- start Unlimited Grid -->\n\t\t<link id='font-awesome-css' href='https:\/\/tulsa-health.org\/wp-content\/plugins\/unlimited-elements-for-elementor-premium\/assets_libraries\/font-awesome6\/fontawesome-all.min.css' type='text\/css' rel='stylesheet' >\n\t\t<link id='font-awesome-4-shim-css' href='https:\/\/tulsa-health.org\/wp-content\/plugins\/unlimited-elements-for-elementor-premium\/assets_libraries\/font-awesome6\/fontawesome-v4-shims.min.css' type='text\/css' rel='stylesheet' >\n\t\t<link id='fancybox-css' href='https:\/\/tulsa-health.org\/wp-content\/plugins\/unlimited-elements-for-elementor-premium\/assets_libraries\/fancybox3\/jquery.fancybox.min.css' type='text\/css' rel='stylesheet' >\n\n<style>\/* widget: Unlimited Grid *\/\n\n#uc_unlimited_grid_elementor_c937d38\n{\n  display:grid;\n  grid-auto-rows: 1fr;\n}\n\n.ue-btn\n{\n  text-decoration:none;\n  text-align:center;\n  transition:0.3s;\n}\n\n#uc_unlimited_grid_elementor_c937d38 .ue-overlay-link\n{\n  display:block;\n  position:absolute;\n  top:0px;\n  bottom:0px;\n  right:0px;\n  left:0px;\n}\n\n#uc_unlimited_grid_elementor_c937d38 .ue-item\n{\n  position:relative;\n  display:flex;\n  overflow:hidden;\n  background-size:cover;\n}\n\n#uc_unlimited_grid_elementor_c937d38 .ue-item-overlay\n{\n  position:absolute;\n  top:0;\n  right:0;\n  left:0;\n  bottom:0;\n  transition:0.3s;\n}\n\n#uc_unlimited_grid_elementor_c937d38 .ue-item-bg\n{\n  position:absolute;\n  top:0;\n  right:0;\n  left:0;\n  bottom:0;\n  transition:0.3s;\n  background-size:cover;\n}\n\n\n\t\n\n\n\n\n\n\n#uc_unlimited_grid_elementor_c937d38 .ue-graphic-element\n{\n  display:inline-flex;\n  align-items:center;\n  justify-content:center;\n  line-height:1em;\n  overflow:hidden;\n}\n\n#uc_unlimited_grid_elementor_c937d38 .ue-graphic-element svg\n{\n  height:1em;\n  width:1em;\n}\n\n#uc_unlimited_grid_elementor_c937d38 .ue-graphic-element img\n{\n  display:block;\n}\n\n.ue-item-title\n{\n  font-size:21px;\n}\n\n#uc_unlimited_grid_elementor_c937d38 .ue-item-content\n{\n  position:relative;\n  width:100%;\n}\n\n\n\n\t@media only screen and (max-width: 767px) {\n      \n      \n      #uc_unlimited_grid_elementor_c937d38  {\n          grid-template-columns: repeat(1, 1fr);\n        }\n      \n      #uc_unlimited_grid_elementor_c937d38 .ue-item\n      {\n        grid-column: span 1;\n        grid-row: span 1;\n      }\n      \n      \n      }\n\t\n\n\n\n\n\n\n\n\n\n\n\n\n\n\n\n\n\n  #uc_unlimited_grid_elementor_c937d38 #uc_unlimited_grid_elementor_c937d38_item1 .ue-item-bg\n  {\n    background-image:url(https:\/\/tulsa-health.org\/wp-content\/uploads\/2023\/07\/GettyImages-1215392772.jpg);\n  }\n\n\n\n  #uc_unlimited_grid_elementor_c937d38 #uc_unlimited_grid_elementor_c937d38_item2 .ue-item-bg\n  {\n    background-image:url(https:\/\/tulsa-health.org\/wp-content\/uploads\/2023\/07\/iStock-1369602887-1.jpg);\n  }\n\n\n\n  #uc_unlimited_grid_elementor_c937d38 #uc_unlimited_grid_elementor_c937d38_item3 .ue-item-bg\n  {\n    background-image:url(https:\/\/tulsa-health.org\/wp-content\/uploads\/2023\/10\/COVID-data.jpeg);\n  }\n\n\n\n  #uc_unlimited_grid_elementor_c937d38 #uc_unlimited_grid_elementor_c937d38_item4 .ue-item-bg\n  {\n    background-image:url(https:\/\/tulsa-health.org\/wp-content\/uploads\/2023\/07\/GettyImages-1310644721.jpg);\n  }\n\n\n\n\n\n<\/style>\n\n<div id=\"uc_unlimited_grid_elementor_c937d38\" class=\"ue-unlimited-grid\">\n  <div id=\"uc_unlimited_grid_elementor_c937d38_item1\" class=\"ue-item elementor-repeater-item-eac0798\">\n  <div class=\"ue-item-bg\"><\/div>\n  <div class=\"ue-item-overlay\"><\/div>\n  \n    <div class=\"ue-item-content None\">\n                      <div class=\"ue-item-title\">Gi\u1edbi thi\u1ec7u v\u1ec1 COVID-19<\/div>\n    <div class=\"ue-item-text\"><p>COVID-19 (b\u1ec7nh coronavirus 2019) l\u00e0 m\u1ed9t c\u0103n b\u1ec7nh do m\u1ed9t lo\u1ea1i virus c\u00f3 t\u00ean SARS-CoV-2 g\u00e2y ra v\u00e0 \u0111\u01b0\u1ee3c ph\u00e1t hi\u1ec7n v\u00e0o th\u00e1ng 12 n\u0103m 2019 t\u1ea1i V\u0169 H\u00e1n, Trung Qu\u1ed1c. T\u00ecm hi\u1ec3u th\u00eam v\u1ec1 b\u1ed1i c\u1ea3nh, c\u00e1c tri\u1ec7u ch\u1ee9ng c\u1ee7a COVID-19 v\u00e0 nh\u1eefng vi\u1ec7c c\u1ea7n l\u00e0m n\u1ebfu b\u1ecb b\u1ec7nh.<\/p><\/div>\n      <\/div>\n    \n  \n    \n    \n  <a class=\"ue-overlay-link\" href=\"\/vi\/services\/coronavirus-disease-2019-covid-19\/about-covid-19\/\" ><\/a>\n  \n  \n  \n<\/div>\n<div id=\"uc_unlimited_grid_elementor_c937d38_item2\" class=\"ue-item elementor-repeater-item-23ed0eb\">\n  <div class=\"ue-item-bg\"><\/div>\n  <div class=\"ue-item-overlay\"><\/div>\n  \n    <div class=\"ue-item-content None\">\n                      <div class=\"ue-item-title\">V\u1eafc-xin ph\u00f2ng ng\u1eeba covid-19<\/div>\n    <div class=\"ue-item-text\"><p>S\u1edf Y t\u1ebf Tulsa ti\u1ebfp t\u1ee5c ti\u00eam ch\u1ee7ng cho nh\u1eefng c\u00e1 nh\u00e2n \u0111\u1ee7 \u0111i\u1ec1u ki\u1ec7n t\u1ea1i c\u00e1c \u0111\u1ecba \u0111i\u1ec3m ph\u00f2ng kh\u00e1m v\u1eafc xin COVID-19 tr\u00ean kh\u1eafp Qu\u1eadn Tulsa. Lu\u00f4n c\u1eadp nh\u1eadt v\u1eafc xin ng\u1eeba COVID-19 gi\u00fap gi\u1ea3m nguy c\u01a1 m\u1eafc b\u1ec7nh n\u1eb7ng, nh\u1eadp vi\u1ec7n v\u00e0 t\u1eed vong do COVID-19.<\/p><\/div>\n      <\/div>\n    \n  \n    \n    \n  <a class=\"ue-overlay-link\" href=\"\/vi\/services\/coronavirus-disease-2019-covid-19\/covid-19-vaccine\/\" ><\/a>\n  \n  \n  \n<\/div>\n<div id=\"uc_unlimited_grid_elementor_c937d38_item3\" class=\"ue-item elementor-repeater-item-3430f5b\">\n  <div class=\"ue-item-bg\"><\/div>\n  <div class=\"ue-item-overlay\"><\/div>\n  \n    <div class=\"ue-item-content None\">\n                      <div class=\"ue-item-title\">D\u1eef li\u1ec7u v\u1ec1 COVID-19<\/div>\n    <div class=\"ue-item-text\"><p>S\u1edf Y t\u1ebf Tulsa cam k\u1ebft minh b\u1ea1ch. Xem d\u1eef li\u1ec7u l\u1ecbch s\u1eed v\u00e0 gi\u00e1m s\u00e1t n\u01b0\u1edbc th\u1ea3i hi\u1ec7n t\u1ea1i li\u00ean quan \u0111\u1ebfn COVID-19 \u1edf \u0111\u1ecbnh d\u1ea1ng d\u1ec5 hi\u1ec3u.<\/p><\/div>\n      <\/div>\n    \n  \n    \n    \n  <a class=\"ue-overlay-link\" href=\"\/vi\/services\/coronavirus-disease-2019-covid-19\/tulsa-county-covid-19-data\/\" ><\/a>\n  \n  \n  \n<\/div>\n<div id=\"uc_unlimited_grid_elementor_c937d38_item4\" class=\"ue-item elementor-repeater-item-c3ce2af\">\n  <div class=\"ue-item-bg\"><\/div>\n  <div class=\"ue-item-overlay\"><\/div>\n  \n    <div class=\"ue-item-content None\">\n                      <div class=\"ue-item-title\">X\u00e9t nghi\u1ec7m COVID-19<\/div>\n    <div class=\"ue-item-text\"><p>T\u1ea5t c\u1ea3 c\u00e1c h\u1ec7 th\u1ed1ng ch\u0103m s\u00f3c s\u1ee9c kh\u1ecfe t\u1ea1i \u0111\u1ecba ph\u01b0\u01a1ng \u0111\u1ec1u cung c\u1ea5p d\u1ecbch v\u1ee5 x\u00e9t nghi\u1ec7m cho c\u1ed9ng \u0111\u1ed3ng. Xem t\u00e0i nguy\u00ean c\u00f3 s\u1eb5n.<\/p><\/div>\n      <\/div>\n    \n  \n    \n    \n  <a class=\"ue-overlay-link\" href=\"\/vi\/services\/coronavirus-disease-2019-covid-19\/covid-19-testing\/\" ><\/a>\n  \n  \n  \n<\/div>\n\n<\/div>\n<!-- end Unlimited Grid -->\t\t\t\t<\/div>\n\t\t\t\t<\/div>\n\t\t\t\t\t<\/div>\n\t\t<\/div>\n\t\t\t\t\t<\/div>\n\t\t<\/section>\n\t\t\t\t<section class=\"elementor-section elementor-top-section elementor-element elementor-element-82b2a93 elementor-section-full_width elementor-section-height-default elementor-section-height-default\" data-id=\"82b2a93\" data-element_type=\"section\" data-e-type=\"section\">\n\t\t\t\t\t\t<div class=\"elementor-container elementor-column-gap-default\">\n\t\t\t\t\t<div class=\"elementor-column elementor-col-100 elementor-top-column elementor-element elementor-element-5d10d1c\" data-id=\"5d10d1c\" data-element_type=\"column\" data-e-type=\"column\">\n\t\t\t<div class=\"elementor-widget-wrap elementor-element-populated\">\n\t\t\t\t\t\t<div class=\"elementor-element elementor-element-96c3609 elementor-widget elementor-widget-shortcode\" data-id=\"96c3609\" data-element_type=\"widget\" data-e-type=\"widget\" data-widget_type=\"shortcode.default\">\n\t\t\t\t<div class=\"elementor-widget-container\">\n\t\t\t\t\t\t\t<div class=\"elementor-shortcode\">\t\t<div data-elementor-type=\"section\" data-elementor-id=\"4934\" class=\"elementor elementor-4934\" data-elementor-post-type=\"elementor_library\">\n\t\t\t\t\t<section class=\"elementor-section elementor-top-section elementor-element elementor-element-4469b59d elementor-section-stretched elementor-section-boxed elementor-section-height-default elementor-section-height-default\" data-id=\"4469b59d\" data-element_type=\"section\" data-e-type=\"section\" data-settings=\"{&quot;background_background&quot;:&quot;classic&quot;,&quot;stretch_section&quot;:&quot;section-stretched&quot;}\">\n\t\t\t\t\t\t\t<div class=\"elementor-background-overlay\"><\/div>\n\t\t\t\t\t\t\t<div class=\"elementor-container elementor-column-gap-default\">\n\t\t\t\t\t<div class=\"elementor-column elementor-col-100 elementor-top-column elementor-element elementor-element-615ea353\" data-id=\"615ea353\" data-element_type=\"column\" data-e-type=\"column\">\n\t\t\t<div class=\"elementor-widget-wrap elementor-element-populated\">\n\t\t\t\t\t\t<div class=\"elementor-element elementor-element-bdb2691 elementor-widget elementor-widget-heading\" data-id=\"bdb2691\" data-element_type=\"widget\" data-e-type=\"widget\" data-widget_type=\"heading.default\">\n\t\t\t\t<div class=\"elementor-widget-container\">\n\t\t\t\t\t<h5 class=\"elementor-heading-title elementor-size-default\">\u0110\u1ecaA \u0110I\u1ec2M<\/h5>\t\t\t\t<\/div>\n\t\t\t\t<\/div>\n\t\t\t\t<div class=\"elementor-element elementor-element-00f74f9 elementor-widget elementor-widget-text-editor\" data-id=\"00f74f9\" data-element_type=\"widget\" data-e-type=\"widget\" data-widget_type=\"text-editor.default\">\n\t\t\t\t<div class=\"elementor-widget-container\">\n\t\t\t\t\t\t\t\t\t<p>Ch\u00fang t\u00f4i c\u00f3 9 c\u01a1 s\u1edf tr\u00ean kh\u1eafp Qu\u1eadn Tulsa cung c\u1ea5p nhi\u1ec1u d\u1ecbch v\u1ee5 kh\u00e1c nhau \u0111\u1ec3 gi\u00fap b\u1ea1n v\u00e0 gia \u0111\u00ecnh lu\u00f4n kh\u1ecfe m\u1ea1nh.<\/p>\t\t\t\t\t\t\t\t<\/div>\n\t\t\t\t<\/div>\n\t\t\t\t<div class=\"elementor-element elementor-element-fd63501 elementor-align-center secondary elementor-widget elementor-widget-button\" data-id=\"fd63501\" data-element_type=\"widget\" data-e-type=\"widget\" data-widget_type=\"button.default\">\n\t\t\t\t<div class=\"elementor-widget-container\">\n\t\t\t\t\t\t\t\t\t<div class=\"elementor-button-wrapper\">\n\t\t\t\t\t<a class=\"elementor-button elementor-button-link elementor-size-sm\" href=\"\/vi\/locations\/\">\n\t\t\t\t\t\t<span class=\"elementor-button-content-wrapper\">\n\t\t\t\t\t\t\t\t\t<span class=\"elementor-button-text\">T\u00ecm c\u1ee7a b\u1ea1n<\/span>\n\t\t\t\t\t<\/span>\n\t\t\t\t\t<\/a>\n\t\t\t\t<\/div>\n\t\t\t\t\t\t\t\t<\/div>\n\t\t\t\t<\/div>\n\t\t\t\t\t<\/div>\n\t\t<\/div>\n\t\t\t\t\t<\/div>\n\t\t<\/section>\n\t\t\t\t<\/div>\n\t\t<\/div>\n\t\t\t\t\t\t<\/div>\n\t\t\t\t<\/div>\n\t\t\t\t\t<\/div>\n\t\t<\/div>\n\t\t\t\t\t<\/div>\n\t\t<\/section>\n\t\t\t\t<\/div>","protected":false},"excerpt":{"rendered":"<p>Coronavirus Disease 2019 (COVID-19)\u200b Information about the coronavirus disease 2019 such as protection against, vaccines, testing and historic data. About COVID-19 COVID-19 (coronavirus disease 2019) is a disease caused by a virus named SARS-CoV-2 and was discovered in December 2019 in Wuhan, China. Learn more about the background, COVID-19 symptoms and what to do if [&hellip;]<\/p>\n","protected":false},"author":1,"featured_media":12423,"parent":692,"menu_order":0,"comment_status":"closed","ping_status":"closed","template":"elementor_header_footer","meta":{"_acf_changed":false,"footnotes":""},"class_list":["post-1306","page","type-page","status-publish","has-post-thumbnail","hentry"],"acf":[],"yoast_head":"<!-- This site is optimized with the Yoast SEO plugin v27.4 - https:\/\/yoast.com\/product\/yoast-seo-wordpress\/ -->\n<title>Coronavirus Disease 2019 (COVID-19) - Tulsa Health Department<\/title>\n<meta name=\"description\" content=\"Information about the coronavirus disease 2019 such as protection against, vaccines, testing and historic data.\" \/>\n<meta name=\"robots\" content=\"index, follow, max-snippet:-1, max-image-preview:large, max-video-preview:-1\" \/>\n<link rel=\"canonical\" href=\"https:\/\/tulsa-health.org\/vi\/services\/coronavirus-disease-2019-covid-19\/\" \/>\n<meta property=\"og:locale\" content=\"vi_VN\" \/>\n<meta property=\"og:type\" content=\"article\" \/>\n<meta property=\"og:title\" content=\"Coronavirus Disease 2019 (COVID-19) - Tulsa Health Department\" \/>\n<meta property=\"og:description\" content=\"Information about the coronavirus disease 2019 such as protection against, vaccines, testing and historic data.\" \/>\n<meta property=\"og:url\" content=\"https:\/\/tulsa-health.org\/vi\/services\/coronavirus-disease-2019-covid-19\/\" \/>\n<meta property=\"og:site_name\" content=\"Tulsa Health Department\" \/>\n<meta property=\"article:modified_time\" content=\"2023-12-21T01:07:43+00:00\" \/>\n<meta property=\"og:image\" content=\"https:\/\/tulsa-health.org\/wp-content\/uploads\/2023\/08\/GettyImages-941712400.jpg\" \/>\n\t<meta property=\"og:image:width\" content=\"1567\" \/>\n\t<meta property=\"og:image:height\" content=\"1080\" \/>\n\t<meta property=\"og:image:type\" content=\"image\/jpeg\" \/>\n<meta name=\"twitter:card\" content=\"summary_large_image\" \/>\n<meta name=\"twitter:label1\" content=\"\u01af\u1edbc t\u00ednh th\u1eddi gian \u0111\u1ecdc\" \/>\n\t<meta name=\"twitter:data1\" content=\"1 ph\u00fat\" \/>\n<script type=\"application\/ld+json\" class=\"yoast-schema-graph\">{\"@context\":\"https:\\\/\\\/schema.org\",\"@graph\":[{\"@type\":\"WebPage\",\"@id\":\"https:\\\/\\\/tulsa-health.org\\\/services\\\/coronavirus-disease-2019-covid-19\\\/\",\"url\":\"https:\\\/\\\/tulsa-health.org\\\/services\\\/coronavirus-disease-2019-covid-19\\\/\",\"name\":\"Coronavirus Disease 2019 (COVID-19) - Tulsa Health Department\",\"isPartOf\":{\"@id\":\"https:\\\/\\\/tulsa-health.org\\\/es\\\/#website\"},\"primaryImageOfPage\":{\"@id\":\"https:\\\/\\\/tulsa-health.org\\\/services\\\/coronavirus-disease-2019-covid-19\\\/#primaryimage\"},\"image\":{\"@id\":\"https:\\\/\\\/tulsa-health.org\\\/services\\\/coronavirus-disease-2019-covid-19\\\/#primaryimage\"},\"thumbnailUrl\":\"https:\\\/\\\/tulsa-health.org\\\/wp-content\\\/uploads\\\/2023\\\/08\\\/GettyImages-941712400.jpg\",\"datePublished\":\"2023-04-27T21:35:05+00:00\",\"dateModified\":\"2023-12-21T01:07:43+00:00\",\"description\":\"Information about the coronavirus disease 2019 such as protection against, vaccines, testing and historic data.\",\"breadcrumb\":{\"@id\":\"https:\\\/\\\/tulsa-health.org\\\/services\\\/coronavirus-disease-2019-covid-19\\\/#breadcrumb\"},\"inLanguage\":\"vi\",\"potentialAction\":[{\"@type\":\"ReadAction\",\"target\":[\"https:\\\/\\\/tulsa-health.org\\\/services\\\/coronavirus-disease-2019-covid-19\\\/\"]}]},{\"@type\":\"ImageObject\",\"inLanguage\":\"vi\",\"@id\":\"https:\\\/\\\/tulsa-health.org\\\/services\\\/coronavirus-disease-2019-covid-19\\\/#primaryimage\",\"url\":\"https:\\\/\\\/tulsa-health.org\\\/wp-content\\\/uploads\\\/2023\\\/08\\\/GettyImages-941712400.jpg\",\"contentUrl\":\"https:\\\/\\\/tulsa-health.org\\\/wp-content\\\/uploads\\\/2023\\\/08\\\/GettyImages-941712400.jpg\",\"width\":1567,\"height\":1080,\"caption\":\"Coronavirus Disease 2019 (COVID-19)\"},{\"@type\":\"BreadcrumbList\",\"@id\":\"https:\\\/\\\/tulsa-health.org\\\/services\\\/coronavirus-disease-2019-covid-19\\\/#breadcrumb\",\"itemListElement\":[{\"@type\":\"ListItem\",\"position\":1,\"name\":\"Home\",\"item\":\"https:\\\/\\\/tulsa-health.org\\\/\"},{\"@type\":\"ListItem\",\"position\":2,\"name\":\"Services\",\"item\":\"https:\\\/\\\/tulsa-health.org\\\/services\\\/\"},{\"@type\":\"ListItem\",\"position\":3,\"name\":\"Coronavirus Disease 2019 (COVID-19)\"}]},{\"@type\":\"WebSite\",\"@id\":\"https:\\\/\\\/tulsa-health.org\\\/es\\\/#website\",\"url\":\"https:\\\/\\\/tulsa-health.org\\\/es\\\/\",\"name\":\"Tulsa Health Department\",\"description\":\"Clinical Services, Immunizations, Permits and More | Tulsa Health Department\",\"potentialAction\":[{\"@type\":\"SearchAction\",\"target\":{\"@type\":\"EntryPoint\",\"urlTemplate\":\"https:\\\/\\\/tulsa-health.org\\\/es\\\/?s={search_term_string}\"},\"query-input\":{\"@type\":\"PropertyValueSpecification\",\"valueRequired\":true,\"valueName\":\"search_term_string\"}}],\"inLanguage\":\"vi\"}]}<\/script>\n<!-- \/ Yoast SEO plugin. -->","yoast_head_json":{"title":"B\u1ec7nh do vi-r\u00fat Corona 2019 (COVID-19) - S\u1edf Y t\u1ebf Tulsa","description":"Th\u00f4ng tin v\u1ec1 b\u1ec7nh vi-r\u00fat Corona 2019 nh\u01b0 b\u1ea3o v\u1ec7 ch\u1ed1ng l\u1ea1i, v\u1eafc-xin, x\u00e9t nghi\u1ec7m v\u00e0 d\u1eef li\u1ec7u l\u1ecbch s\u1eed.","robots":{"index":"index","follow":"follow","max-snippet":"max-snippet:-1","max-image-preview":"max-image-preview:large","max-video-preview":"max-video-preview:-1"},"canonical":"https:\/\/tulsa-health.org\/vi\/services\/coronavirus-disease-2019-covid-19\/","og_locale":"vi_VN","og_type":"article","og_title":"Coronavirus Disease 2019 (COVID-19) - Tulsa Health Department","og_description":"Information about the coronavirus disease 2019 such as protection against, vaccines, testing and historic data.","og_url":"https:\/\/tulsa-health.org\/vi\/services\/coronavirus-disease-2019-covid-19\/","og_site_name":"Tulsa Health Department","article_modified_time":"2023-12-21T01:07:43+00:00","og_image":[{"width":1567,"height":1080,"url":"https:\/\/tulsa-health.org\/wp-content\/uploads\/2023\/08\/GettyImages-941712400.jpg","type":"image\/jpeg"}],"twitter_card":"summary_large_image","twitter_misc":{"\u01af\u1edbc t\u00ednh th\u1eddi gian \u0111\u1ecdc":"1 ph\u00fat"},"schema":{"@context":"https:\/\/schema.org","@graph":[{"@type":"WebPage","@id":"https:\/\/tulsa-health.org\/services\/coronavirus-disease-2019-covid-19\/","url":"https:\/\/tulsa-health.org\/services\/coronavirus-disease-2019-covid-19\/","name":"B\u1ec7nh do vi-r\u00fat Corona 2019 (COVID-19) - S\u1edf Y t\u1ebf Tulsa","isPartOf":{"@id":"https:\/\/tulsa-health.org\/es\/#website"},"primaryImageOfPage":{"@id":"https:\/\/tulsa-health.org\/services\/coronavirus-disease-2019-covid-19\/#primaryimage"},"image":{"@id":"https:\/\/tulsa-health.org\/services\/coronavirus-disease-2019-covid-19\/#primaryimage"},"thumbnailUrl":"https:\/\/tulsa-health.org\/wp-content\/uploads\/2023\/08\/GettyImages-941712400.jpg","datePublished":"2023-04-27T21:35:05+00:00","dateModified":"2023-12-21T01:07:43+00:00","description":"Th\u00f4ng tin v\u1ec1 b\u1ec7nh vi-r\u00fat Corona 2019 nh\u01b0 b\u1ea3o v\u1ec7 ch\u1ed1ng l\u1ea1i, v\u1eafc-xin, x\u00e9t nghi\u1ec7m v\u00e0 d\u1eef li\u1ec7u l\u1ecbch s\u1eed.","breadcrumb":{"@id":"https:\/\/tulsa-health.org\/services\/coronavirus-disease-2019-covid-19\/#breadcrumb"},"inLanguage":"vi","potentialAction":[{"@type":"ReadAction","target":["https:\/\/tulsa-health.org\/services\/coronavirus-disease-2019-covid-19\/"]}]},{"@type":"ImageObject","inLanguage":"vi","@id":"https:\/\/tulsa-health.org\/services\/coronavirus-disease-2019-covid-19\/#primaryimage","url":"https:\/\/tulsa-health.org\/wp-content\/uploads\/2023\/08\/GettyImages-941712400.jpg","contentUrl":"https:\/\/tulsa-health.org\/wp-content\/uploads\/2023\/08\/GettyImages-941712400.jpg","width":1567,"height":1080,"caption":"Coronavirus Disease 2019 (COVID-19)"},{"@type":"BreadcrumbList","@id":"https:\/\/tulsa-health.org\/services\/coronavirus-disease-2019-covid-19\/#breadcrumb","itemListElement":[{"@type":"ListItem","position":1,"name":"Home","item":"https:\/\/tulsa-health.org\/"},{"@type":"ListItem","position":2,"name":"Services","item":"https:\/\/tulsa-health.org\/services\/"},{"@type":"ListItem","position":3,"name":"Coronavirus Disease 2019 (COVID-19)"}]},{"@type":"WebSite","@id":"https:\/\/tulsa-health.org\/es\/#website","url":"https:\/\/tulsa-health.org\/es\/","name":"S\u1edf Y t\u1ebf Tulsa","description":"D\u1ecbch v\u1ee5 l\u00e2m s\u00e0ng, ti\u00eam ch\u1ee7ng, gi\u1ea5y ph\u00e9p v\u00e0 nhi\u1ec1u h\u01a1n n\u1eefa | S\u1edf Y t\u1ebf Tulsa","potentialAction":[{"@type":"SearchAction","target":{"@type":"EntryPoint","urlTemplate":"https:\/\/tulsa-health.org\/es\/?s={search_term_string}"},"query-input":{"@type":"PropertyValueSpecification","valueRequired":true,"valueName":"search_term_string"}}],"inLanguage":"vi"}]}},"publishpress_future_workflow_manual_trigger":{"enabledWorkflows":[]},"_links":{"self":[{"href":"https:\/\/tulsa-health.org\/vi\/wp-json\/wp\/v2\/pages\/1306","targetHints":{"allow":["GET"]}}],"collection":[{"href":"https:\/\/tulsa-health.org\/vi\/wp-json\/wp\/v2\/pages"}],"about":[{"href":"https:\/\/tulsa-health.org\/vi\/wp-json\/wp\/v2\/types\/page"}],"author":[{"embeddable":true,"href":"https:\/\/tulsa-health.org\/vi\/wp-json\/wp\/v2\/users\/1"}],"replies":[{"embeddable":true,"href":"https:\/\/tulsa-health.org\/vi\/wp-json\/wp\/v2\/comments?post=1306"}],"version-history":[{"count":0,"href":"https:\/\/tulsa-health.org\/vi\/wp-json\/wp\/v2\/pages\/1306\/revisions"}],"up":[{"embeddable":true,"href":"https:\/\/tulsa-health.org\/vi\/wp-json\/wp\/v2\/pages\/692"}],"wp:featuredmedia":[{"embeddable":true,"href":"https:\/\/tulsa-health.org\/vi\/wp-json\/wp\/v2\/media\/12423"}],"wp:attachment":[{"href":"https:\/\/tulsa-health.org\/vi\/wp-json\/wp\/v2\/media?parent=1306"}],"curies":[{"name":"wp","href":"https:\/\/api.w.org\/{rel}","templated":true}]}}