{"id":1629,"date":"2023-05-02T15:49:36","date_gmt":"2023-05-02T20:49:36","guid":{"rendered":"https:\/\/test.tulsa-health.org\/?page_id=1629"},"modified":"2024-06-24T15:13:20","modified_gmt":"2024-06-24T20:13:20","slug":"vasectomy","status":"publish","type":"page","link":"https:\/\/tulsa-health.org\/vi\/services\/family-health-services\/adult-health\/vasectomy\/","title":{"rendered":"Th\u1eaft \u1ed1ng d\u1eabn tinh"},"content":{"rendered":"<div data-elementor-type=\"wp-page\" data-elementor-id=\"1629\" class=\"elementor elementor-1629\" data-elementor-post-type=\"page\">\n\t\t\t\t\t\t<section class=\"elementor-section elementor-top-section elementor-element elementor-element-4947010 elementor-section-full_width elementor-section-height-min-height elementor-section-height-default elementor-section-items-middle\" data-id=\"4947010\" data-element_type=\"section\" data-e-type=\"section\" data-settings=\"{&quot;background_background&quot;:&quot;classic&quot;}\">\n\t\t\t\t\t\t<div class=\"elementor-container elementor-column-gap-no\">\n\t\t\t\t\t<div class=\"elementor-column elementor-col-100 elementor-top-column elementor-element elementor-element-5c28aa7\" data-id=\"5c28aa7\" data-element_type=\"column\" data-e-type=\"column\">\n\t\t\t<div class=\"elementor-widget-wrap\">\n\t\t\t\t\t\t\t<\/div>\n\t\t<\/div>\n\t\t\t\t\t<\/div>\n\t\t<\/section>\n\t\t\t\t<section class=\"elementor-section elementor-top-section elementor-element elementor-element-83c31c6 elementor-section-boxed elementor-section-height-default elementor-section-height-default\" data-id=\"83c31c6\" data-element_type=\"section\" data-e-type=\"section\" data-settings=\"{&quot;background_background&quot;:&quot;classic&quot;}\">\n\t\t\t\t\t\t<div class=\"elementor-container elementor-column-gap-default\">\n\t\t\t\t\t<div class=\"elementor-column elementor-col-100 elementor-top-column elementor-element elementor-element-13c0b84\" data-id=\"13c0b84\" data-element_type=\"column\" data-e-type=\"column\">\n\t\t\t<div class=\"elementor-widget-wrap elementor-element-populated\">\n\t\t\t\t\t\t<div class=\"elementor-element elementor-element-b87f8c5 elementor-widget elementor-widget-heading\" data-id=\"b87f8c5\" data-element_type=\"widget\" data-e-type=\"widget\" data-widget_type=\"heading.default\">\n\t\t\t\t<div class=\"elementor-widget-container\">\n\t\t\t\t\t<h1 class=\"elementor-heading-title elementor-size-default\">Th\u1eaft \u1ed1ng d\u1eabn tinh<\/h1>\t\t\t\t<\/div>\n\t\t\t\t<\/div>\n\t\t\t\t<div class=\"elementor-element elementor-element-a05b009 elementor-widget elementor-widget-text-editor\" data-id=\"a05b009\" data-element_type=\"widget\" data-e-type=\"widget\" data-widget_type=\"text-editor.default\">\n\t\t\t\t<div class=\"elementor-widget-container\">\n\t\t\t\t\t\t\t\t\t<p>THD cung c\u1ea5p th\u00f4ng tin v\u00e0 t\u01b0 v\u1ea5n v\u1ec1 th\u1eaft \u1ed1ng d\u1eabn tinh b\u1eb1ng ti\u1ebfng Anh v\u00e0 ti\u1ebfng T\u00e2y Ban Nha. THD cung c\u1ea5p d\u1ecbch v\u1ee5 th\u1eaft \u1ed1ng d\u1eabn tinh th\u00f4ng qua h\u1ee3p \u0111\u1ed3ng v\u1edbi c\u00e1c \u0111\u1ed1i t\u00e1c c\u1ed9ng \u0111\u1ed3ng v\u00e0 chi ph\u00ed \u0111\u01b0\u1ee3c t\u00ednh d\u1ef1a tr\u00ean y\u00eau c\u1ea7u v\u1ec1 t\u00ednh \u0111\u1ee7 \u0111i\u1ec1u ki\u1ec7n. Li\u00ean h\u1ec7 THD \u0111\u1ec3 bi\u1ebft th\u00eam th\u00f4ng tin.\u00a0<\/p>\t\t\t\t\t\t\t\t<\/div>\n\t\t\t\t<\/div>\n\t\t\t\t\t<\/div>\n\t\t<\/div>\n\t\t\t\t\t<\/div>\n\t\t<\/section>\n\t\t\t\t<section class=\"elementor-section elementor-top-section elementor-element elementor-element-3d8f574 elementor-section-boxed elementor-section-height-default elementor-section-height-default\" data-id=\"3d8f574\" data-element_type=\"section\" data-e-type=\"section\" data-settings=\"{&quot;background_background&quot;:&quot;classic&quot;}\">\n\t\t\t\t\t\t<div class=\"elementor-container elementor-column-gap-default\">\n\t\t\t\t\t<div class=\"elementor-column elementor-col-100 elementor-top-column elementor-element elementor-element-21399bc\" data-id=\"21399bc\" data-element_type=\"column\" data-e-type=\"column\">\n\t\t\t<div class=\"elementor-widget-wrap elementor-element-populated\">\n\t\t\t\t\t\t<div class=\"elementor-element elementor-element-3205675 elementor-widget elementor-widget-text-editor\" data-id=\"3205675\" data-element_type=\"widget\" data-e-type=\"widget\" data-widget_type=\"text-editor.default\">\n\t\t\t\t<div class=\"elementor-widget-container\">\n\t\t\t\t\t\t\t\t\t<h2>T\u01b0 v\u1ea5n v\u00e0 th\u1ee7 t\u1ee5c th\u1eaft \u1ed1ng d\u1eabn tinh<\/h2><p>Th\u1eaft \u1ed1ng d\u1eabn tinh l\u00e0 m\u1ed9t th\u1ee7 t\u1ee5c m\u00e0 m\u1ed9t ng\u01b0\u1eddi \u0111\u00e0n \u00f4ng c\u00f3 th\u1ec3 tr\u1ea3i qua \u0111\u1ec3 \u0111\u1ea1t \u0111\u01b0\u1ee3c \u0111i\u1ec1u \u0111\u01b0\u1ee3c coi l\u00e0 ki\u1ec3m so\u00e1t sinh s\u1ea3n v\u0129nh vi\u1ec5n. N\u00f3 \u0111\u00f2i h\u1ecfi ph\u1ea3i k\u1eb9p, c\u1eaft ho\u1eb7c b\u1ecbt k\u00edn c\u00e1c \u1ed1ng t\u1eeb m\u1ed7i tinh ho\u00e0n \u0111\u1ec3 cho ph\u00e9p tinh tr\u00f9ng tr\u1ed9n v\u1edbi tinh d\u1ecbch. Vi\u1ec7c th\u1eaft \u1ed1ng d\u1eabn tinh ch\u1ec9 c\u00f3 hi\u1ec7u qu\u1ea3 sau khi t\u1ea5t c\u1ea3 tinh tr\u00f9ng hi\u1ec7n c\u00f3 ngo\u00e0i v\u1ecb tr\u00ed th\u1eaft \u1ed1ng d\u1eabn tinh \u0111\u00e3 bi\u1ebfn m\u1ea5t. Mang thai v\u1eabn c\u00f3 th\u1ec3 x\u1ea3y ra cho \u0111\u1ebfn khi s\u1ed1 l\u01b0\u1ee3ng tinh tr\u00f9ng b\u1eb1ng 0. Th\u1eaft \u1ed1ng d\u1eabn tinh kh\u00f4ng b\u1ea3o v\u1ec7 kh\u1ecfi c\u00e1c b\u1ec7nh l\u00e2y truy\u1ec1n qua \u0111\u01b0\u1eddng t\u00ecnh d\u1ee5c ho\u1eb7c HIV\/AIDS.<\/p>\t\t\t\t\t\t\t\t<\/div>\n\t\t\t\t<\/div>\n\t\t\t\t\t<\/div>\n\t\t<\/div>\n\t\t\t\t\t<\/div>\n\t\t<\/section>\n\t\t\t\t<section class=\"elementor-section elementor-top-section elementor-element elementor-element-3ddbaeb elementor-section-boxed elementor-section-height-default elementor-section-height-default\" data-id=\"3ddbaeb\" data-element_type=\"section\" data-e-type=\"section\" data-settings=\"{&quot;background_background&quot;:&quot;classic&quot;}\">\n\t\t\t\t\t\t<div class=\"elementor-container elementor-column-gap-default\">\n\t\t\t\t\t<div class=\"elementor-column elementor-col-100 elementor-top-column elementor-element elementor-element-d7882c8\" data-id=\"d7882c8\" data-element_type=\"column\" data-e-type=\"column\">\n\t\t\t<div class=\"elementor-widget-wrap elementor-element-populated\">\n\t\t\t\t\t\t<div class=\"elementor-element elementor-element-a86bbe1 elementor-widget elementor-widget-heading\" data-id=\"a86bbe1\" data-element_type=\"widget\" data-e-type=\"widget\" data-widget_type=\"heading.default\">\n\t\t\t\t<div class=\"elementor-widget-container\">\n\t\t\t\t\t<h3 class=\"elementor-heading-title elementor-size-default\">D\u1ecbch v\u1ee5 th\u1eaft \u1ed1ng d\u1eabn tinh \u0111\u01b0\u1ee3c cung c\u1ea5p t\u1ea1i c\u00e1c \u0111\u1ecba \u0111i\u1ec3m THD sau<\/h3>\t\t\t\t<\/div>\n\t\t\t\t<\/div>\n\t\t\t\t<div class=\"elementor-element elementor-element-fe8a691 elementor-widget elementor-widget-ucaddon_post_grid\" data-id=\"fe8a691\" data-element_type=\"widget\" data-e-type=\"widget\" data-widget_type=\"ucaddon_post_grid.default\">\n\t\t\t\t<div class=\"elementor-widget-container\">\n\t\t\t\t\t\n<!-- start Post Grid -->\n\t\t<link id='font-awesome-css' href='https:\/\/tulsa-health.org\/wp-content\/plugins\/unlimited-elements-for-elementor-premium\/assets_libraries\/font-awesome6\/fontawesome-all.min.css' type='text\/css' rel='stylesheet' >\n\t\t<link id='font-awesome-4-shim-css' href='https:\/\/tulsa-health.org\/wp-content\/plugins\/unlimited-elements-for-elementor-premium\/assets_libraries\/font-awesome6\/fontawesome-v4-shims.min.css' type='text\/css' rel='stylesheet' >\n\n<style>\/* widget: Post Grid *\/\n\n#uc_post_grid_elementor_fe8a691.uc_post_grid_style_one .uc_post_grid_style_one_wrap {\n   display:grid;\n}\n\n\n\n#uc_post_grid_elementor_fe8a691 .uc_post_grid_style_one_item\n{\n  overflow:hidden;\n  position:relative;\n}\n\n#uc_post_grid_elementor_fe8a691 .uc_post_image\n{\n  transition:0.3s;\n  position:relative;\n  overflow:hidden;\n}\n\n#uc_post_grid_elementor_fe8a691 .uc_post_image img\n{\n  width:100%;\n  display:block;\n  transition:0.3s;\n}\n\n\n\t\n\n\n\n\n\n\n#uc_post_grid_elementor_fe8a691 .uc_post_image_overlay\n{\n  position:absolute;\n  top:0px;\n  left:0px;\n  height:100%;\n  width:100%;\n  transition:0.3s;\n}\n\n#uc_post_grid_elementor_fe8a691 .uc_more_btn{\n\n  display:inline-block;\n  text-align:center;\n  text-decoration:none;\n  transition:0.3s;\n}\n\n.ue-grid-item-category a\n{\n  display:inline-block;\n  font-size:10px;\n  \n}\n\n.uc_post_title\n{\n  font-size:21px;\n}\n\n\n#uc_post_grid_elementor_fe8a691 .ue_post_grid_item\n{\n  display:flex;\n  flex-direction:column;\n}\n\n#uc_post_grid_elementor_fe8a691.uc_post_grid_style_one .uc_content{\n flex-grow:1;\n}\n\n#uc_post_grid_elementor_fe8a691.uc_post_grid_style_one .uc_content > div\n{\n  height:100%;\n  display:flex;\n  flex-direction:column;\n}\n\n#uc_post_grid_elementor_fe8a691 .uc_post_button\n{\n  margin-top:auto;\n}\n\n\n\n\n\n\n\n\n\n\n\n\n\n\n\n\n\n\n\n\n\n\n\n\n#uc_post_grid_elementor_fe8a691 .ue-meta-data\n{\n  \n  display:flex;\n\n  flex-wrap: wrap;\n  line-height:1em;\n}\n\n#uc_post_grid_elementor_fe8a691 .ue-grid-item-meta-data\n{\n      display:inline-flex;\n      align-items:center;\n}\n\n.ue-grid-item-meta-data\n{\n  font-size:12px;\n  text-align:center;\n}\n\n#uc_post_grid_elementor_fe8a691 .ue-grid-item-meta-data-icon\n{\n  line-height:1em;\n}\n\n#uc_post_grid_elementor_fe8a691 .ue-grid-item-meta-data-icon svg\n{\n  width:1em;\n  height:1em;\n}\n\n#uc_post_grid_elementor_fe8a691 .ue-debug-meta\n{\n  padding:10px;\n  border:1px solid red;\n  position:relative;\n  line-height:1.5em;\n  font-size:11px;\n  width:100%;\n}\n\n<\/style>\n\n<div class=\"uc_post_grid_style_one uc-filterable-grid\" id=\"uc_post_grid_elementor_fe8a691\"  data-ajax='true'  data-filterbehave='ajax'  querydata='{&quot;count_posts&quot;:1,&quot;total_posts&quot;:1,&quot;page&quot;:1,&quot;num_pages&quot;:1,&quot;orderby&quot;:&quot;title&quot;,&quot;orderdir&quot;:&quot;asc&quot;}' >\n\t\t<div class=\"uc_post_grid_style_one_wrap ue_post_grid uc-items-wrapper\">\n\t\t\t<div class=\"uc_post_grid_style_one_item ue_post_grid_item ue-item\">\n  \n   <a class=\"uc_post_grid_style_one_image\" href=\"https:\/\/tulsa-health.org\/vi\/thd_clinic_locations\/central-regional-health-center\/\" target=\"_self\">\n   <div class=\"uc_post_image\">\n   <img fetchpriority=\"high\" decoding=\"async\" src=\"https:\/\/tulsa-health.org\/wp-content\/uploads\/2023\/06\/Location_-CRHC_Outside-USE-THIS-768x576.png\"  alt=\"Location_ CRHC_Outside\" width=\"768\" height=\"576\">\n   <div class=\"uc_post_image_overlay\"><\/div>\n   <\/div>\n  <\/a>\n   \n <div class=\"uc_content\">\n    <div>\n      \n           \n    \n  \n      \n      \n    <div class=\"uc_post_title\"><a href=\"https:\/\/tulsa-health.org\/vi\/thd_clinic_locations\/central-regional-health-center\/\" target=\"_self\"><div>Trung t\u00e2m Y t\u1ebf khu v\u1ef1c mi\u1ec1n Trung<\/div><\/a><\/div>\t\n    \n     \n     \n          <div class=\"ue-meta-data\">\n                        \n                        \n        \n\t\t\t\n\n\n\n\n\n\n\n\n\n\n\n\n            \n                        \n                        \n                        \n                        \n            \t\t\t\n              \n            \n          <\/div>\n     \n      \n      \n      \n     <div class=\"uc_post_text\">315 S. Utica, Tulsa, OK 74104-2203<\/div>    <div class=\"uc_post_button\"><a class=\"uc_more_btn\" href=\"https:\/\/tulsa-health.org\/vi\/thd_clinic_locations\/central-regional-health-center\/\" target=\"_self\">Xem d\u1ecbch v\u1ee5 v\u00e0 chi ti\u1ebft<\/a><\/div> \t<\/div>\n  <\/div>\n<\/div>\n\n\t\t<\/div>\n\t<\/div>\n\n\n\n  <div id=\"uc_post_grid_elementor_fe8a691_empty_message\" class=\"ue-no-posts-found\"  style=\"display:none\" >kh\u00f4ng t\u00ecm th\u1ea5y b\u00e0i vi\u1ebft<\/div>\n\n\n<!-- end Post Grid -->\t\t\t\t<\/div>\n\t\t\t\t<\/div>\n\t\t\t\t\t<\/div>\n\t\t<\/div>\n\t\t\t\t\t<\/div>\n\t\t<\/section>\n\t\t\t\t<section class=\"elementor-section elementor-top-section elementor-element elementor-element-52cb674 elementor-section-full_width elementor-section-height-default elementor-section-height-default\" data-id=\"52cb674\" data-element_type=\"section\" data-e-type=\"section\">\n\t\t\t\t\t\t<div class=\"elementor-container elementor-column-gap-default\">\n\t\t\t\t\t<div class=\"elementor-column elementor-col-100 elementor-top-column elementor-element elementor-element-35b4609\" data-id=\"35b4609\" data-element_type=\"column\" data-e-type=\"column\">\n\t\t\t<div class=\"elementor-widget-wrap elementor-element-populated\">\n\t\t\t\t\t\t<div class=\"elementor-element elementor-element-98e527f elementor-widget elementor-widget-shortcode\" data-id=\"98e527f\" data-element_type=\"widget\" data-e-type=\"widget\" data-widget_type=\"shortcode.default\">\n\t\t\t\t<div class=\"elementor-widget-container\">\n\t\t\t\t\t\t\t<div class=\"elementor-shortcode\">\t\t<div data-elementor-type=\"section\" data-elementor-id=\"4934\" class=\"elementor elementor-4934\" data-elementor-post-type=\"elementor_library\">\n\t\t\t\t\t<section class=\"elementor-section elementor-top-section elementor-element elementor-element-4469b59d elementor-section-stretched elementor-section-boxed elementor-section-height-default elementor-section-height-default\" data-id=\"4469b59d\" data-element_type=\"section\" data-e-type=\"section\" data-settings=\"{&quot;background_background&quot;:&quot;classic&quot;,&quot;stretch_section&quot;:&quot;section-stretched&quot;}\">\n\t\t\t\t\t\t\t<div class=\"elementor-background-overlay\"><\/div>\n\t\t\t\t\t\t\t<div class=\"elementor-container elementor-column-gap-default\">\n\t\t\t\t\t<div class=\"elementor-column elementor-col-100 elementor-top-column elementor-element elementor-element-615ea353\" data-id=\"615ea353\" data-element_type=\"column\" data-e-type=\"column\">\n\t\t\t<div class=\"elementor-widget-wrap elementor-element-populated\">\n\t\t\t\t\t\t<div class=\"elementor-element elementor-element-bdb2691 elementor-widget elementor-widget-heading\" data-id=\"bdb2691\" data-element_type=\"widget\" data-e-type=\"widget\" data-widget_type=\"heading.default\">\n\t\t\t\t<div class=\"elementor-widget-container\">\n\t\t\t\t\t<h5 class=\"elementor-heading-title elementor-size-default\">\u0110\u1ecaA \u0110I\u1ec2M<\/h5>\t\t\t\t<\/div>\n\t\t\t\t<\/div>\n\t\t\t\t<div class=\"elementor-element elementor-element-00f74f9 elementor-widget elementor-widget-text-editor\" data-id=\"00f74f9\" data-element_type=\"widget\" data-e-type=\"widget\" data-widget_type=\"text-editor.default\">\n\t\t\t\t<div class=\"elementor-widget-container\">\n\t\t\t\t\t\t\t\t\t<p>Ch\u00fang t\u00f4i c\u00f3 9 c\u01a1 s\u1edf tr\u00ean kh\u1eafp Qu\u1eadn Tulsa cung c\u1ea5p nhi\u1ec1u d\u1ecbch v\u1ee5 kh\u00e1c nhau \u0111\u1ec3 gi\u00fap b\u1ea1n v\u00e0 gia \u0111\u00ecnh lu\u00f4n kh\u1ecfe m\u1ea1nh.<\/p>\t\t\t\t\t\t\t\t<\/div>\n\t\t\t\t<\/div>\n\t\t\t\t<div class=\"elementor-element elementor-element-fd63501 elementor-align-center secondary elementor-widget elementor-widget-button\" data-id=\"fd63501\" data-element_type=\"widget\" data-e-type=\"widget\" data-widget_type=\"button.default\">\n\t\t\t\t<div class=\"elementor-widget-container\">\n\t\t\t\t\t\t\t\t\t<div class=\"elementor-button-wrapper\">\n\t\t\t\t\t<a class=\"elementor-button elementor-button-link elementor-size-sm\" href=\"\/vi\/locations\/\">\n\t\t\t\t\t\t<span class=\"elementor-button-content-wrapper\">\n\t\t\t\t\t\t\t\t\t<span class=\"elementor-button-text\">T\u00ecm c\u1ee7a b\u1ea1n<\/span>\n\t\t\t\t\t<\/span>\n\t\t\t\t\t<\/a>\n\t\t\t\t<\/div>\n\t\t\t\t\t\t\t\t<\/div>\n\t\t\t\t<\/div>\n\t\t\t\t\t<\/div>\n\t\t<\/div>\n\t\t\t\t\t<\/div>\n\t\t<\/section>\n\t\t\t\t<\/div>\n\t\t<\/div>\n\t\t\t\t\t\t<\/div>\n\t\t\t\t<\/div>\n\t\t\t\t\t<\/div>\n\t\t<\/div>\n\t\t\t\t\t<\/div>\n\t\t<\/section>\n\t\t\t\t<\/div>","protected":false},"excerpt":{"rendered":"<p>Vasectomy\u200b THD offers vasectomy information and counseling in English and Spanish. THD offers the vasectomy services through contracts with community partners and the cost is based on eligibility requirements. Contact THD for additional information.\u00a0 Vasectomy Counseling and Procedures A vasectomy is a procedure a man may undergo to achieve what is considered to be permanent [&hellip;]<\/p>\n","protected":false},"author":1,"featured_media":10629,"parent":1605,"menu_order":0,"comment_status":"closed","ping_status":"closed","template":"elementor_header_footer","meta":{"_acf_changed":false,"footnotes":""},"class_list":["post-1629","page","type-page","status-publish","has-post-thumbnail","hentry"],"acf":[],"yoast_head":"<!-- This site is optimized with the Yoast SEO plugin v27.5 - https:\/\/yoast.com\/product\/yoast-seo-wordpress\/ -->\n<title>Vasectomy - Tulsa Health Department<\/title>\n<meta name=\"description\" content=\"THD offers vasectomy services through contracts with community partners and the cost is based on eligibility requirements.\" \/>\n<meta name=\"robots\" content=\"index, follow, max-snippet:-1, max-image-preview:large, max-video-preview:-1\" \/>\n<link rel=\"canonical\" href=\"https:\/\/tulsa-health.org\/vi\/services\/family-health-services\/adult-health\/vasectomy\/\" \/>\n<meta property=\"og:locale\" content=\"vi_VN\" \/>\n<meta property=\"og:type\" content=\"article\" \/>\n<meta property=\"og:title\" content=\"Vasectomy - Tulsa Health Department\" \/>\n<meta property=\"og:description\" content=\"THD offers vasectomy services through contracts with community partners and the cost is based on eligibility requirements.\" \/>\n<meta property=\"og:url\" content=\"https:\/\/tulsa-health.org\/vi\/services\/family-health-services\/adult-health\/vasectomy\/\" \/>\n<meta property=\"og:site_name\" content=\"Tulsa Health Department\" \/>\n<meta property=\"article:modified_time\" content=\"2024-06-24T20:13:20+00:00\" \/>\n<meta property=\"og:image\" content=\"https:\/\/tulsa-health.org\/wp-content\/uploads\/2023\/07\/Vasectomy-scaled.jpg\" \/>\n\t<meta property=\"og:image:width\" content=\"2560\" \/>\n\t<meta property=\"og:image:height\" content=\"1706\" \/>\n\t<meta property=\"og:image:type\" content=\"image\/jpeg\" \/>\n<meta name=\"twitter:card\" content=\"summary_large_image\" \/>\n<meta name=\"twitter:label1\" content=\"\u01af\u1edbc t\u00ednh th\u1eddi gian \u0111\u1ecdc\" \/>\n\t<meta name=\"twitter:data1\" content=\"2 ph\u00fat\" \/>\n<script type=\"application\/ld+json\" class=\"yoast-schema-graph\">{\"@context\":\"https:\\\/\\\/schema.org\",\"@graph\":[{\"@type\":\"WebPage\",\"@id\":\"https:\\\/\\\/tulsa-health.org\\\/services\\\/family-health-services\\\/adult-health\\\/vasectomy\\\/\",\"url\":\"https:\\\/\\\/tulsa-health.org\\\/services\\\/family-health-services\\\/adult-health\\\/vasectomy\\\/\",\"name\":\"Vasectomy - Tulsa Health Department\",\"isPartOf\":{\"@id\":\"https:\\\/\\\/tulsa-health.org\\\/es\\\/#website\"},\"primaryImageOfPage\":{\"@id\":\"https:\\\/\\\/tulsa-health.org\\\/services\\\/family-health-services\\\/adult-health\\\/vasectomy\\\/#primaryimage\"},\"image\":{\"@id\":\"https:\\\/\\\/tulsa-health.org\\\/services\\\/family-health-services\\\/adult-health\\\/vasectomy\\\/#primaryimage\"},\"thumbnailUrl\":\"https:\\\/\\\/tulsa-health.org\\\/wp-content\\\/uploads\\\/2023\\\/07\\\/Vasectomy-scaled.jpg\",\"datePublished\":\"2023-05-02T20:49:36+00:00\",\"dateModified\":\"2024-06-24T20:13:20+00:00\",\"description\":\"THD offers vasectomy services through contracts with community partners and the cost is based on eligibility requirements.\",\"breadcrumb\":{\"@id\":\"https:\\\/\\\/tulsa-health.org\\\/services\\\/family-health-services\\\/adult-health\\\/vasectomy\\\/#breadcrumb\"},\"inLanguage\":\"vi\",\"potentialAction\":[{\"@type\":\"ReadAction\",\"target\":[\"https:\\\/\\\/tulsa-health.org\\\/services\\\/family-health-services\\\/adult-health\\\/vasectomy\\\/\"]}]},{\"@type\":\"ImageObject\",\"inLanguage\":\"vi\",\"@id\":\"https:\\\/\\\/tulsa-health.org\\\/services\\\/family-health-services\\\/adult-health\\\/vasectomy\\\/#primaryimage\",\"url\":\"https:\\\/\\\/tulsa-health.org\\\/wp-content\\\/uploads\\\/2023\\\/07\\\/Vasectomy-scaled.jpg\",\"contentUrl\":\"https:\\\/\\\/tulsa-health.org\\\/wp-content\\\/uploads\\\/2023\\\/07\\\/Vasectomy-scaled.jpg\",\"width\":2560,\"height\":1706,\"caption\":\"Male Patient And Doctor Have Consultation In Hospital Room\"},{\"@type\":\"BreadcrumbList\",\"@id\":\"https:\\\/\\\/tulsa-health.org\\\/services\\\/family-health-services\\\/adult-health\\\/vasectomy\\\/#breadcrumb\",\"itemListElement\":[{\"@type\":\"ListItem\",\"position\":1,\"name\":\"Home\",\"item\":\"https:\\\/\\\/tulsa-health.org\\\/\"},{\"@type\":\"ListItem\",\"position\":2,\"name\":\"Services\",\"item\":\"https:\\\/\\\/tulsa-health.org\\\/services\\\/\"},{\"@type\":\"ListItem\",\"position\":3,\"name\":\"Family Health Services\",\"item\":\"https:\\\/\\\/tulsa-health.org\\\/services\\\/family-health-services\\\/\"},{\"@type\":\"ListItem\",\"position\":4,\"name\":\"Adult Health\",\"item\":\"https:\\\/\\\/tulsa-health.org\\\/services\\\/family-health-services\\\/adult-health\\\/\"},{\"@type\":\"ListItem\",\"position\":5,\"name\":\"Vasectomy\"}]},{\"@type\":\"WebSite\",\"@id\":\"https:\\\/\\\/tulsa-health.org\\\/es\\\/#website\",\"url\":\"https:\\\/\\\/tulsa-health.org\\\/es\\\/\",\"name\":\"Tulsa Health Department\",\"description\":\"Clinical Services, Immunizations, Permits and More | Tulsa Health Department\",\"potentialAction\":[{\"@type\":\"SearchAction\",\"target\":{\"@type\":\"EntryPoint\",\"urlTemplate\":\"https:\\\/\\\/tulsa-health.org\\\/es\\\/?s={search_term_string}\"},\"query-input\":{\"@type\":\"PropertyValueSpecification\",\"valueRequired\":true,\"valueName\":\"search_term_string\"}}],\"inLanguage\":\"vi\"}]}<\/script>\n<!-- \/ Yoast SEO plugin. -->","yoast_head_json":{"title":"Th\u1eaft \u1ed1ng d\u1eabn tinh - S\u1edf Y t\u1ebf Tulsa","description":"THD cung c\u1ea5p d\u1ecbch v\u1ee5 th\u1eaft \u1ed1ng d\u1eabn tinh th\u00f4ng qua h\u1ee3p \u0111\u1ed3ng v\u1edbi c\u00e1c \u0111\u1ed1i t\u00e1c c\u1ed9ng \u0111\u1ed3ng v\u00e0 chi ph\u00ed \u0111\u01b0\u1ee3c t\u00ednh d\u1ef1a tr\u00ean y\u00eau c\u1ea7u v\u1ec1 \u0111i\u1ec1u ki\u1ec7n.","robots":{"index":"index","follow":"follow","max-snippet":"max-snippet:-1","max-image-preview":"max-image-preview:large","max-video-preview":"max-video-preview:-1"},"canonical":"https:\/\/tulsa-health.org\/vi\/services\/family-health-services\/adult-health\/vasectomy\/","og_locale":"vi_VN","og_type":"article","og_title":"Vasectomy - Tulsa Health Department","og_description":"THD offers vasectomy services through contracts with community partners and the cost is based on eligibility requirements.","og_url":"https:\/\/tulsa-health.org\/vi\/services\/family-health-services\/adult-health\/vasectomy\/","og_site_name":"Tulsa Health Department","article_modified_time":"2024-06-24T20:13:20+00:00","og_image":[{"width":2560,"height":1706,"url":"https:\/\/tulsa-health.org\/wp-content\/uploads\/2023\/07\/Vasectomy-scaled.jpg","type":"image\/jpeg"}],"twitter_card":"summary_large_image","twitter_misc":{"\u01af\u1edbc t\u00ednh th\u1eddi gian \u0111\u1ecdc":"2 ph\u00fat"},"schema":{"@context":"https:\/\/schema.org","@graph":[{"@type":"WebPage","@id":"https:\/\/tulsa-health.org\/services\/family-health-services\/adult-health\/vasectomy\/","url":"https:\/\/tulsa-health.org\/services\/family-health-services\/adult-health\/vasectomy\/","name":"Th\u1eaft \u1ed1ng d\u1eabn tinh - S\u1edf Y t\u1ebf Tulsa","isPartOf":{"@id":"https:\/\/tulsa-health.org\/es\/#website"},"primaryImageOfPage":{"@id":"https:\/\/tulsa-health.org\/services\/family-health-services\/adult-health\/vasectomy\/#primaryimage"},"image":{"@id":"https:\/\/tulsa-health.org\/services\/family-health-services\/adult-health\/vasectomy\/#primaryimage"},"thumbnailUrl":"https:\/\/tulsa-health.org\/wp-content\/uploads\/2023\/07\/Vasectomy-scaled.jpg","datePublished":"2023-05-02T20:49:36+00:00","dateModified":"2024-06-24T20:13:20+00:00","description":"THD cung c\u1ea5p d\u1ecbch v\u1ee5 th\u1eaft \u1ed1ng d\u1eabn tinh th\u00f4ng qua h\u1ee3p \u0111\u1ed3ng v\u1edbi c\u00e1c \u0111\u1ed1i t\u00e1c c\u1ed9ng \u0111\u1ed3ng v\u00e0 chi ph\u00ed \u0111\u01b0\u1ee3c t\u00ednh d\u1ef1a tr\u00ean y\u00eau c\u1ea7u v\u1ec1 \u0111i\u1ec1u ki\u1ec7n.","breadcrumb":{"@id":"https:\/\/tulsa-health.org\/services\/family-health-services\/adult-health\/vasectomy\/#breadcrumb"},"inLanguage":"vi","potentialAction":[{"@type":"ReadAction","target":["https:\/\/tulsa-health.org\/services\/family-health-services\/adult-health\/vasectomy\/"]}]},{"@type":"ImageObject","inLanguage":"vi","@id":"https:\/\/tulsa-health.org\/services\/family-health-services\/adult-health\/vasectomy\/#primaryimage","url":"https:\/\/tulsa-health.org\/wp-content\/uploads\/2023\/07\/Vasectomy-scaled.jpg","contentUrl":"https:\/\/tulsa-health.org\/wp-content\/uploads\/2023\/07\/Vasectomy-scaled.jpg","width":2560,"height":1706,"caption":"Male Patient And Doctor Have Consultation In Hospital Room"},{"@type":"BreadcrumbList","@id":"https:\/\/tulsa-health.org\/services\/family-health-services\/adult-health\/vasectomy\/#breadcrumb","itemListElement":[{"@type":"ListItem","position":1,"name":"Home","item":"https:\/\/tulsa-health.org\/"},{"@type":"ListItem","position":2,"name":"Services","item":"https:\/\/tulsa-health.org\/services\/"},{"@type":"ListItem","position":3,"name":"Family Health Services","item":"https:\/\/tulsa-health.org\/services\/family-health-services\/"},{"@type":"ListItem","position":4,"name":"Adult Health","item":"https:\/\/tulsa-health.org\/services\/family-health-services\/adult-health\/"},{"@type":"ListItem","position":5,"name":"Vasectomy"}]},{"@type":"WebSite","@id":"https:\/\/tulsa-health.org\/es\/#website","url":"https:\/\/tulsa-health.org\/es\/","name":"S\u1edf Y t\u1ebf Tulsa","description":"D\u1ecbch v\u1ee5 l\u00e2m s\u00e0ng, ti\u00eam ch\u1ee7ng, gi\u1ea5y ph\u00e9p v\u00e0 nhi\u1ec1u h\u01a1n n\u1eefa | S\u1edf Y t\u1ebf Tulsa","potentialAction":[{"@type":"SearchAction","target":{"@type":"EntryPoint","urlTemplate":"https:\/\/tulsa-health.org\/es\/?s={search_term_string}"},"query-input":{"@type":"PropertyValueSpecification","valueRequired":true,"valueName":"search_term_string"}}],"inLanguage":"vi"}]}},"publishpress_future_workflow_manual_trigger":{"enabledWorkflows":[]},"_links":{"self":[{"href":"https:\/\/tulsa-health.org\/vi\/wp-json\/wp\/v2\/pages\/1629","targetHints":{"allow":["GET"]}}],"collection":[{"href":"https:\/\/tulsa-health.org\/vi\/wp-json\/wp\/v2\/pages"}],"about":[{"href":"https:\/\/tulsa-health.org\/vi\/wp-json\/wp\/v2\/types\/page"}],"author":[{"embeddable":true,"href":"https:\/\/tulsa-health.org\/vi\/wp-json\/wp\/v2\/users\/1"}],"replies":[{"embeddable":true,"href":"https:\/\/tulsa-health.org\/vi\/wp-json\/wp\/v2\/comments?post=1629"}],"version-history":[{"count":0,"href":"https:\/\/tulsa-health.org\/vi\/wp-json\/wp\/v2\/pages\/1629\/revisions"}],"up":[{"embeddable":true,"href":"https:\/\/tulsa-health.org\/vi\/wp-json\/wp\/v2\/pages\/1605"}],"wp:featuredmedia":[{"embeddable":true,"href":"https:\/\/tulsa-health.org\/vi\/wp-json\/wp\/v2\/media\/10629"}],"wp:attachment":[{"href":"https:\/\/tulsa-health.org\/vi\/wp-json\/wp\/v2\/media?parent=1629"}],"curies":[{"name":"wp","href":"https:\/\/api.w.org\/{rel}","templated":true}]}}