{"id":1658,"date":"2023-05-02T16:03:34","date_gmt":"2023-05-02T21:03:34","guid":{"rendered":"https:\/\/test.tulsa-health.org\/?page_id=1658"},"modified":"2023-12-20T19:24:14","modified_gmt":"2023-12-21T01:24:14","slug":"contraceptives","status":"publish","type":"page","link":"https:\/\/tulsa-health.org\/vi\/services\/family-health-services\/adult-health\/contraceptives\/","title":{"rendered":"Thu\u1ed1c tr\u00e1nh thai"},"content":{"rendered":"<div data-elementor-type=\"wp-page\" data-elementor-id=\"1658\" class=\"elementor elementor-1658\" data-elementor-post-type=\"page\">\n\t\t\t\t\t\t<section class=\"elementor-section elementor-top-section elementor-element elementor-element-32f25e6 elementor-section-full_width elementor-section-height-min-height elementor-section-height-default elementor-section-items-middle\" data-id=\"32f25e6\" data-element_type=\"section\" data-e-type=\"section\" data-settings=\"{&quot;background_background&quot;:&quot;classic&quot;}\">\n\t\t\t\t\t\t<div class=\"elementor-container elementor-column-gap-no\">\n\t\t\t\t\t<div class=\"elementor-column elementor-col-100 elementor-top-column elementor-element elementor-element-c8e22e8\" data-id=\"c8e22e8\" data-element_type=\"column\" data-e-type=\"column\">\n\t\t\t<div class=\"elementor-widget-wrap\">\n\t\t\t\t\t\t\t<\/div>\n\t\t<\/div>\n\t\t\t\t\t<\/div>\n\t\t<\/section>\n\t\t\t\t<section class=\"elementor-section elementor-top-section elementor-element elementor-element-89b5306 elementor-section-boxed elementor-section-height-default elementor-section-height-default\" data-id=\"89b5306\" data-element_type=\"section\" data-e-type=\"section\" data-settings=\"{&quot;background_background&quot;:&quot;classic&quot;}\">\n\t\t\t\t\t\t<div class=\"elementor-container elementor-column-gap-default\">\n\t\t\t\t\t<div class=\"elementor-column elementor-col-100 elementor-top-column elementor-element elementor-element-84849f1\" data-id=\"84849f1\" data-element_type=\"column\" data-e-type=\"column\">\n\t\t\t<div class=\"elementor-widget-wrap elementor-element-populated\">\n\t\t\t\t\t\t<div class=\"elementor-element elementor-element-55b018b elementor-widget elementor-widget-heading\" data-id=\"55b018b\" data-element_type=\"widget\" data-e-type=\"widget\" data-widget_type=\"heading.default\">\n\t\t\t\t<div class=\"elementor-widget-container\">\n\t\t\t\t\t<h1 class=\"elementor-heading-title elementor-size-default\">Thu\u1ed1c tr\u00e1nh thai<\/h1>\t\t\t\t<\/div>\n\t\t\t\t<\/div>\n\t\t\t\t<div class=\"elementor-element elementor-element-3dc6f5d elementor-widget elementor-widget-text-editor\" data-id=\"3dc6f5d\" data-element_type=\"widget\" data-e-type=\"widget\" data-widget_type=\"text-editor.default\">\n\t\t\t\t<div class=\"elementor-widget-container\">\n\t\t\t\t\t\t\t\t\t<p>Ti\u1ebfp c\u1eadn c\u00e1c d\u1ecbch v\u1ee5 k\u1ebf ho\u1ea1ch h\u00f3a gia \u0111\u00ecnh b\u00ed m\u1eadt, d\u1ef1a tr\u00ean thu nh\u1eadp d\u00e0nh cho nam v\u00e0 n\u1eef, \u0111\u1ed3ng th\u1eddi t\u00ecm hi\u1ec3u v\u1ec1 c\u00e1c l\u1ef1a ch\u1ecdn tr\u00e1nh thai kh\u00e1c nhau c\u0169ng nh\u01b0 l\u1eddi khuy\u00ean v\u1ec1 s\u1ee9c kh\u1ecfe tr\u01b0\u1edbc v\u00e0 trong khi mang thai.<\/p>\t\t\t\t\t\t\t\t<\/div>\n\t\t\t\t<\/div>\n\t\t\t\t\t<\/div>\n\t\t<\/div>\n\t\t\t\t\t<\/div>\n\t\t<\/section>\n\t\t\t\t<section class=\"elementor-section elementor-top-section elementor-element elementor-element-90108c7 elementor-section-boxed elementor-section-height-default elementor-section-height-default\" data-id=\"90108c7\" data-element_type=\"section\" data-e-type=\"section\" data-settings=\"{&quot;background_background&quot;:&quot;classic&quot;}\">\n\t\t\t\t\t\t<div class=\"elementor-container elementor-column-gap-default\">\n\t\t\t\t\t<div class=\"elementor-column elementor-col-100 elementor-top-column elementor-element elementor-element-6f642e9\" data-id=\"6f642e9\" data-element_type=\"column\" data-e-type=\"column\">\n\t\t\t<div class=\"elementor-widget-wrap elementor-element-populated\">\n\t\t\t\t\t\t<div class=\"elementor-element elementor-element-e068f57 elementor-widget elementor-widget-text-editor\" data-id=\"e068f57\" data-element_type=\"widget\" data-e-type=\"widget\" data-widget_type=\"text-editor.default\">\n\t\t\t\t<div class=\"elementor-widget-container\">\n\t\t\t\t\t\t\t\t\t<h2>D\u1ecbch v\u1ee5 k\u1ebf ho\u1ea1ch h\u00f3a gia \u0111\u00ecnh t\u1ea1i THD \u200b<\/h2><p>S\u1edf Y t\u1ebf Tulsa cung c\u1ea5p c\u00e1c d\u1ecbch v\u1ee5 k\u1ebf ho\u1ea1ch h\u00f3a gia \u0111\u00ecnh c\u00f3 ch\u1ea5t l\u01b0\u1ee3ng cho nam v\u00e0 n\u1eef trong \u0111\u1ed9 tu\u1ed5i sinh s\u1ea3n. Nh\u1eefng ng\u01b0\u1eddi tham gia \u0111\u01b0\u1ee3c th\u00f4ng b\u00e1o v\u00e0 gi\u00e1o d\u1ee5c v\u1ec1 c\u00e1c l\u1ef1a ch\u1ecdn ki\u1ec3m so\u00e1t sinh \u0111\u1ebb c\u1ee7a h\u1ecd, bao g\u1ed3m c\u1ea3 vi\u1ec7c ki\u00eang c\u1eef v\u00e0 nh\u1eadn th\u1ee9c v\u1ec1 kh\u1ea3 n\u0103ng sinh s\u1ea3n k\u1ebf ho\u1ea1ch h\u00f3a gia \u0111\u00ecnh t\u1ef1 nhi\u00ean. C\u00e1c d\u1ecbch v\u1ee5 k\u1ebf ho\u1ea1ch h\u00f3a gia \u0111\u00ecnh \u0111\u01b0\u1ee3c b\u1ea3o m\u1eadt v\u00e0 cung c\u1ea5p b\u1eb1ng ti\u1ebfng Anh, ti\u1ebfng T\u00e2y Ban Nha v\u00e0 ti\u1ebfng Mi\u1ebfn \u0110i\u1ec7n.<\/p><p>S\u1edf Y t\u1ebf Tulsa t\u1eadn t\u00e2m cung c\u1ea5p d\u1ecbch v\u1ee5 cho to\u00e0n b\u1ed9 c\u1ed9ng \u0111\u1ed3ng. Ph\u00ed d\u1ecbch v\u1ee5 d\u1ef1a tr\u00ean quy m\u00f4 gia \u0111\u00ecnh v\u00e0 thu nh\u1eadp. SoonerCare v\u00e0 m\u1ed9t s\u1ed1 b\u1ea3o hi\u1ec3m t\u01b0 nh\u00e2n \u0111\u01b0\u1ee3c ch\u1ea5p nh\u1eadn. Kh\u00f4ng ai b\u1ecb t\u1eeb ch\u1ed1i d\u1ecbch v\u1ee5 v\u00ec kh\u00f4ng c\u00f3 kh\u1ea3 n\u0103ng chi tr\u1ea3.<\/p><h2>Ph\u00f2ng kh\u00e1m thanh thi\u1ebfu ni\u00ean<\/h2><p>Thanh thi\u1ebfu ni\u00ean g\u1eb7p ph\u1ea3i nh\u1eefng r\u00e0o c\u1ea3n v\u1ec1 c\u01a1 c\u1ea5u v\u00e0 c\u00e1 nh\u00e2n l\u1edbn h\u01a1n trong vi\u1ec7c ch\u0103m s\u00f3c s\u1ee9c kh\u1ecfe so v\u1edbi ng\u01b0\u1eddi l\u1edbn. Trong n\u1ed7 l\u1ef1c gi\u1ea3m b\u1edbt c\u00e1c r\u00e0o c\u1ea3n \u0111\u1ed1i v\u1edbi vi\u1ec7c ch\u0103m s\u00f3c v\u00e0 cung c\u1ea5p cho thanh thi\u1ebfu ni\u00ean d\u1ecbch v\u1ee5 xu\u1ea5t s\u1eafc, S\u1edf Y t\u1ebf Tulsa \u0111\u00e3 h\u1ee3p t\u00e1c v\u1edbi\u00a0<a href=\"http:\/\/tulsacampaign.org\/\">Chi\u1ebfn d\u1ecbch Tulsa nh\u1eb1m ng\u0103n ng\u1eeba mang thai \u1edf tu\u1ed5i v\u1ecb th\u00e0nh ni\u00ean<\/a>\u00a0\u0111\u1ec3 l\u00e0m cho ph\u00f2ng kh\u00e1m c\u1ee7a ch\u00fang t\u00f4i th\u00e2n thi\u1ec7n h\u01a1n v\u1edbi thanh thi\u1ebfu ni\u00ean. M\u1ee5c ti\u00eau c\u1ee7a ch\u00fang t\u00f4i l\u00e0 thu h\u00fat v\u00e0 gi\u1eef ch\u00e2n nhi\u1ec1u thanh thi\u1ebfu ni\u00ean h\u01a1n trong n\u1ed7 l\u1ef1c ng\u0103n ng\u1eeba mang thai \u1edf thanh thi\u1ebfu ni\u00ean \u1edf Qu\u1eadn Tulsa.<\/p><p>C\u00e1c d\u1ecbch v\u1ee5 s\u1ee9c kh\u1ecfe sinh s\u1ea3n ch\u1ec9 d\u00e0nh cho thanh thi\u1ebfu ni\u00ean \u0111\u01b0\u1ee3c cung c\u1ea5p v\u00e0o Th\u1ee9 Hai h\u00e0ng tu\u1ea7n t\u1eeb 4 gi\u1edd chi\u1ec1u - 6 gi\u1edd chi\u1ec1u t\u1ea1i Trung t\u00e2m S\u1ee9c kh\u1ecfe v\u00e0 S\u1ee9c kh\u1ecfe Khu v\u1ef1c Ph\u00eda B\u1eafc t\u1ecda l\u1ea1c t\u1ea1i 5635 \u0110\u1ea1i l\u1ed9 North Martin Luther King Jr.<\/p><h2>D\u1ecbch v\u1ee5 k\u1ebf ho\u1ea1ch h\u00f3a gia \u0111\u00ecnh cho ph\u1ee5 n\u1eef<\/h2><ul><li>Kh\u00e1m s\u1ee9c kh\u1ecfe c\u00f3 th\u1ec3 bao g\u1ed3m<\/li><li>ph\u1ebft t\u1ebf b\u00e0o c\u1ed5 t\u1eed cung<\/li><li>Kh\u00e1m v\u00fa<\/li><li>S\u00e0ng l\u1ecdc, x\u00e9t nghi\u1ec7m v\u00e0 \u0111i\u1ec1u tr\u1ecb STI<\/li><li>Th\u00f4ng tin v\u00e0 v\u1eadt t\u01b0 ki\u1ec3m so\u00e1t sinh \u0111\u1ebb<\/li><li>X\u00e9t nghi\u1ec7m v\u00e0 t\u01b0 v\u1ea5n mang thai<\/li><\/ul><p>Gi\u1edbi thi\u1ec7u khi c\u1ea7n thi\u1ebft<\/p><h2>D\u1ecbch v\u1ee5 k\u1ebf ho\u1ea1ch h\u00f3a gia \u0111\u00ecnh cho nam gi\u1edbi<\/h2><ul><li>Kh\u00e1m s\u1ee9c kh\u1ecfe c\u00f3 th\u1ec3 bao g\u1ed3m<\/li><li>Kh\u00e1m tinh ho\u00e0n<\/li><li>S\u00e0ng l\u1ecdc, x\u00e9t nghi\u1ec7m v\u00e0 \u0111i\u1ec1u tr\u1ecb STI<\/li><li>Gi\u00e1o d\u1ee5c v\u00e0 t\u01b0 v\u1ea5n v\u1ec1 ph\u00f2ng tr\u00e1nh thai<\/li><li>b\u1ec7nh l\u00e2y truy\u1ec1n qua \u0111\u01b0\u1eddng t\u00ecnh d\u1ee5c<\/li><\/ul><h2>Tr\u01b0\u1edbc v\u00e0 gi\u1eefa khi mang thai<\/h2><ul><li>Nhi\u1ec1u th\u1ee9 \u1ea3nh h\u01b0\u1edfng \u0111\u1ebfn s\u1ee9c kh\u1ecfe c\u1ee7a ch\u00fang ta v\u00e0 \u0111\u00f3ng vai tr\u00f2 quan tr\u1ecdng trong vi\u1ec7c sinh ra m\u1ed9t \u0111\u1ee9a con kh\u1ecfe m\u1ea1nh. D\u00f9 b\u1ea1n c\u00f3 d\u1ef1 \u0111\u1ecbnh mang thai hay kh\u00f4ng, h\u00e3y l\u00e0m theo nh\u1eefng l\u1eddi khuy\u00ean v\u1ec1 s\u1ee9c kh\u1ecfe sau:<\/li><li>U\u1ed1ng vitamin t\u1ed5ng h\u1ee3p c\u00f3 ch\u1ee9a axit folic<\/li><li>Bi\u1ebft l\u1ecbch s\u1eed s\u1ee9c kh\u1ecfe gia \u0111\u00ecnh b\u1ea1n<\/li><li>S\u1ed1ng m\u1ed9t l\u1ed1i s\u1ed1ng l\u00e0nh m\u1ea1nh<\/li><li>H\u00e3y l\u1ef1a ch\u1ecdn th\u1ef1c ph\u1ea9m l\u00e0nh m\u1ea1nh<\/li><li>Nh\u1eadn ki\u1ec3m tra s\u1ee9c kh\u1ecfe th\u01b0\u1eddng xuy\u00ean<\/li><li>Duy tr\u00ec s\u1ee9c kh\u1ecfe tinh th\u1ea7n t\u1ed1t<\/li><li>Bi\u1ebft nguy c\u01a1 mang thai c\u1ee7a b\u1ea1n<\/li><\/ul><h2>Thu\u1ed1c tr\u00e1nh thai c\u00f3 s\u1eb5n<\/h2><ul><li>Bao cao su nam<\/li><li>Thu\u1ed1c di\u1ec7t tinh tr\u00f9ng \u00e2m \u0111\u1ea1o<\/li><li>IUD (D\u1ee5ng c\u1ee5 t\u1eed cung)<\/li><li>C\u1ea5y gh\u00e9p<\/li><li>Thu\u1ed1c ti\u00eam Depo-Provera<\/li><li>Thu\u1ed1c tr\u00e1nh thai<\/li><li>Nh\u1eabn Nuva<\/li><li>Mi\u1ebfng d\u00e1n tr\u00e1nh thai<\/li><li>**Th\u1eaft \u1ed1ng d\u1eabn tr\u1ee9ng (Tri\u1ec7t s\u1ea3n n\u1eef)<\/li><li>** Th\u1eaft \u1ed1ng d\u1eabn tinh (Tri\u1ec7t s\u1ea3n nam)<\/li><\/ul><p><em>**Chi ph\u00ed kh\u1eed tr\u00f9ng d\u1ef1a tr\u00ean y\u00eau c\u1ea7u v\u1ec1 t\u00ednh \u0111\u1ee7 \u0111i\u1ec1u ki\u1ec7n<\/em><\/p>\t\t\t\t\t\t\t\t<\/div>\n\t\t\t\t<\/div>\n\t\t\t\t\t<\/div>\n\t\t<\/div>\n\t\t\t\t\t<\/div>\n\t\t<\/section>\n\t\t\t\t<section class=\"elementor-section elementor-top-section elementor-element elementor-element-a6a2161 elementor-section-full_width elementor-section-height-default elementor-section-height-default\" data-id=\"a6a2161\" data-element_type=\"section\" data-e-type=\"section\">\n\t\t\t\t\t\t<div class=\"elementor-container elementor-column-gap-default\">\n\t\t\t\t\t<div class=\"elementor-column elementor-col-100 elementor-top-column elementor-element elementor-element-f7593f4\" data-id=\"f7593f4\" data-element_type=\"column\" data-e-type=\"column\">\n\t\t\t<div class=\"elementor-widget-wrap elementor-element-populated\">\n\t\t\t\t\t\t<div class=\"elementor-element elementor-element-6b5aea7 elementor-widget elementor-widget-shortcode\" data-id=\"6b5aea7\" data-element_type=\"widget\" data-e-type=\"widget\" data-widget_type=\"shortcode.default\">\n\t\t\t\t<div class=\"elementor-widget-container\">\n\t\t\t\t\t\t\t<div class=\"elementor-shortcode\">\t\t<div data-elementor-type=\"section\" data-elementor-id=\"4934\" class=\"elementor elementor-4934\" data-elementor-post-type=\"elementor_library\">\n\t\t\t\t\t<section class=\"elementor-section elementor-top-section elementor-element elementor-element-4469b59d elementor-section-stretched elementor-section-boxed elementor-section-height-default elementor-section-height-default\" data-id=\"4469b59d\" data-element_type=\"section\" data-e-type=\"section\" data-settings=\"{&quot;background_background&quot;:&quot;classic&quot;,&quot;stretch_section&quot;:&quot;section-stretched&quot;}\">\n\t\t\t\t\t\t\t<div class=\"elementor-background-overlay\"><\/div>\n\t\t\t\t\t\t\t<div class=\"elementor-container elementor-column-gap-default\">\n\t\t\t\t\t<div class=\"elementor-column elementor-col-100 elementor-top-column elementor-element elementor-element-615ea353\" data-id=\"615ea353\" data-element_type=\"column\" data-e-type=\"column\">\n\t\t\t<div class=\"elementor-widget-wrap elementor-element-populated\">\n\t\t\t\t\t\t<div class=\"elementor-element elementor-element-bdb2691 elementor-widget elementor-widget-heading\" data-id=\"bdb2691\" data-element_type=\"widget\" data-e-type=\"widget\" data-widget_type=\"heading.default\">\n\t\t\t\t<div class=\"elementor-widget-container\">\n\t\t\t\t\t<h5 class=\"elementor-heading-title elementor-size-default\">\u0110\u1ecaA \u0110I\u1ec2M<\/h5>\t\t\t\t<\/div>\n\t\t\t\t<\/div>\n\t\t\t\t<div class=\"elementor-element elementor-element-00f74f9 elementor-widget elementor-widget-text-editor\" data-id=\"00f74f9\" data-element_type=\"widget\" data-e-type=\"widget\" data-widget_type=\"text-editor.default\">\n\t\t\t\t<div class=\"elementor-widget-container\">\n\t\t\t\t\t\t\t\t\t<p>Ch\u00fang t\u00f4i c\u00f3 9 c\u01a1 s\u1edf tr\u00ean kh\u1eafp Qu\u1eadn Tulsa cung c\u1ea5p nhi\u1ec1u d\u1ecbch v\u1ee5 kh\u00e1c nhau \u0111\u1ec3 gi\u00fap b\u1ea1n v\u00e0 gia \u0111\u00ecnh lu\u00f4n kh\u1ecfe m\u1ea1nh.<\/p>\t\t\t\t\t\t\t\t<\/div>\n\t\t\t\t<\/div>\n\t\t\t\t<div class=\"elementor-element elementor-element-fd63501 elementor-align-center secondary elementor-widget elementor-widget-button\" data-id=\"fd63501\" data-element_type=\"widget\" data-e-type=\"widget\" data-widget_type=\"button.default\">\n\t\t\t\t<div class=\"elementor-widget-container\">\n\t\t\t\t\t\t\t\t\t<div class=\"elementor-button-wrapper\">\n\t\t\t\t\t<a class=\"elementor-button elementor-button-link elementor-size-sm\" href=\"\/vi\/locations\/\">\n\t\t\t\t\t\t<span class=\"elementor-button-content-wrapper\">\n\t\t\t\t\t\t\t\t\t<span class=\"elementor-button-text\">T\u00ecm c\u1ee7a b\u1ea1n<\/span>\n\t\t\t\t\t<\/span>\n\t\t\t\t\t<\/a>\n\t\t\t\t<\/div>\n\t\t\t\t\t\t\t\t<\/div>\n\t\t\t\t<\/div>\n\t\t\t\t\t<\/div>\n\t\t<\/div>\n\t\t\t\t\t<\/div>\n\t\t<\/section>\n\t\t\t\t<\/div>\n\t\t<\/div>\n\t\t\t\t\t\t<\/div>\n\t\t\t\t<\/div>\n\t\t\t\t\t<\/div>\n\t\t<\/div>\n\t\t\t\t\t<\/div>\n\t\t<\/section>\n\t\t\t\t<\/div>","protected":false},"excerpt":{"rendered":"<p>Contraceptives Access confidential, income-based family planning services for males and females and learn about different contraceptive options and health tips for before and during pregnancy. Family Planning Services at THD\u200b The Tulsa Health Department provides quality family planning services to males and females of reproductive age.\u00a0 Participants are informed of and educated about their options [&hellip;]<\/p>\n","protected":false},"author":1,"featured_media":10024,"parent":1605,"menu_order":0,"comment_status":"closed","ping_status":"closed","template":"elementor_header_footer","meta":{"_acf_changed":false,"footnotes":""},"class_list":["post-1658","page","type-page","status-publish","has-post-thumbnail","hentry"],"acf":[],"yoast_head":"<!-- This site is optimized with the Yoast SEO plugin v27.3 - https:\/\/yoast.com\/product\/yoast-seo-wordpress\/ -->\n<title>Contraceptives - Tulsa Health Department<\/title>\n<meta name=\"description\" content=\"Access confidential, income-based family planning services for males and females and learn about different contraceptive options and health tips for before and during pregnancy.\" \/>\n<meta name=\"robots\" content=\"index, follow, max-snippet:-1, max-image-preview:large, max-video-preview:-1\" \/>\n<link rel=\"canonical\" href=\"https:\/\/tulsa-health.org\/vi\/services\/family-health-services\/adult-health\/contraceptives\/\" \/>\n<meta property=\"og:locale\" content=\"vi_VN\" \/>\n<meta property=\"og:type\" content=\"article\" \/>\n<meta property=\"og:title\" content=\"Contraceptives - Tulsa Health Department\" \/>\n<meta property=\"og:description\" content=\"Access confidential, income-based family planning services for males and females and learn about different contraceptive options and health tips for before and during pregnancy.\" \/>\n<meta property=\"og:url\" content=\"https:\/\/tulsa-health.org\/vi\/services\/family-health-services\/adult-health\/contraceptives\/\" \/>\n<meta property=\"og:site_name\" content=\"Tulsa Health Department\" \/>\n<meta property=\"article:modified_time\" content=\"2023-12-21T01:24:14+00:00\" \/>\n<meta property=\"og:image\" content=\"https:\/\/tulsa-health.org\/wp-content\/uploads\/2023\/07\/GettyImages-1296779721.jpg\" \/>\n\t<meta property=\"og:image:width\" content=\"2119\" \/>\n\t<meta property=\"og:image:height\" content=\"1414\" \/>\n\t<meta property=\"og:image:type\" content=\"image\/jpeg\" \/>\n<meta name=\"twitter:card\" content=\"summary_large_image\" \/>\n<meta name=\"twitter:label1\" content=\"\u01af\u1edbc t\u00ednh th\u1eddi gian \u0111\u1ecdc\" \/>\n\t<meta name=\"twitter:data1\" content=\"2 ph\u00fat\" \/>\n<script type=\"application\/ld+json\" class=\"yoast-schema-graph\">{\"@context\":\"https:\\\/\\\/schema.org\",\"@graph\":[{\"@type\":\"WebPage\",\"@id\":\"https:\\\/\\\/tulsa-health.org\\\/services\\\/family-health-services\\\/adult-health\\\/contraceptives\\\/\",\"url\":\"https:\\\/\\\/tulsa-health.org\\\/services\\\/family-health-services\\\/adult-health\\\/contraceptives\\\/\",\"name\":\"Contraceptives - Tulsa Health Department\",\"isPartOf\":{\"@id\":\"https:\\\/\\\/tulsa-health.org\\\/es\\\/#website\"},\"primaryImageOfPage\":{\"@id\":\"https:\\\/\\\/tulsa-health.org\\\/services\\\/family-health-services\\\/adult-health\\\/contraceptives\\\/#primaryimage\"},\"image\":{\"@id\":\"https:\\\/\\\/tulsa-health.org\\\/services\\\/family-health-services\\\/adult-health\\\/contraceptives\\\/#primaryimage\"},\"thumbnailUrl\":\"https:\\\/\\\/tulsa-health.org\\\/wp-content\\\/uploads\\\/2023\\\/07\\\/GettyImages-1296779721.jpg\",\"datePublished\":\"2023-05-02T21:03:34+00:00\",\"dateModified\":\"2023-12-21T01:24:14+00:00\",\"description\":\"Access confidential, income-based family planning services for males and females and learn about different contraceptive options and health tips for before and during pregnancy.\",\"breadcrumb\":{\"@id\":\"https:\\\/\\\/tulsa-health.org\\\/services\\\/family-health-services\\\/adult-health\\\/contraceptives\\\/#breadcrumb\"},\"inLanguage\":\"vi\",\"potentialAction\":[{\"@type\":\"ReadAction\",\"target\":[\"https:\\\/\\\/tulsa-health.org\\\/services\\\/family-health-services\\\/adult-health\\\/contraceptives\\\/\"]}]},{\"@type\":\"ImageObject\",\"inLanguage\":\"vi\",\"@id\":\"https:\\\/\\\/tulsa-health.org\\\/services\\\/family-health-services\\\/adult-health\\\/contraceptives\\\/#primaryimage\",\"url\":\"https:\\\/\\\/tulsa-health.org\\\/wp-content\\\/uploads\\\/2023\\\/07\\\/GettyImages-1296779721.jpg\",\"contentUrl\":\"https:\\\/\\\/tulsa-health.org\\\/wp-content\\\/uploads\\\/2023\\\/07\\\/GettyImages-1296779721.jpg\",\"width\":2119,\"height\":1414,\"caption\":\"women hand golding birth control pills close up.\"},{\"@type\":\"BreadcrumbList\",\"@id\":\"https:\\\/\\\/tulsa-health.org\\\/services\\\/family-health-services\\\/adult-health\\\/contraceptives\\\/#breadcrumb\",\"itemListElement\":[{\"@type\":\"ListItem\",\"position\":1,\"name\":\"Home\",\"item\":\"https:\\\/\\\/tulsa-health.org\\\/\"},{\"@type\":\"ListItem\",\"position\":2,\"name\":\"Services\",\"item\":\"https:\\\/\\\/tulsa-health.org\\\/services\\\/\"},{\"@type\":\"ListItem\",\"position\":3,\"name\":\"Family Health Services\",\"item\":\"https:\\\/\\\/tulsa-health.org\\\/services\\\/family-health-services\\\/\"},{\"@type\":\"ListItem\",\"position\":4,\"name\":\"Adult Health\",\"item\":\"https:\\\/\\\/tulsa-health.org\\\/services\\\/family-health-services\\\/adult-health\\\/\"},{\"@type\":\"ListItem\",\"position\":5,\"name\":\"Contraceptives\"}]},{\"@type\":\"WebSite\",\"@id\":\"https:\\\/\\\/tulsa-health.org\\\/es\\\/#website\",\"url\":\"https:\\\/\\\/tulsa-health.org\\\/es\\\/\",\"name\":\"Tulsa Health Department\",\"description\":\"Clinical Services, Immunizations, Permits and More | Tulsa Health Department\",\"potentialAction\":[{\"@type\":\"SearchAction\",\"target\":{\"@type\":\"EntryPoint\",\"urlTemplate\":\"https:\\\/\\\/tulsa-health.org\\\/es\\\/?s={search_term_string}\"},\"query-input\":{\"@type\":\"PropertyValueSpecification\",\"valueRequired\":true,\"valueName\":\"search_term_string\"}}],\"inLanguage\":\"vi\"}]}<\/script>\n<!-- \/ Yoast SEO plugin. -->","yoast_head_json":{"title":"Thu\u1ed1c tr\u00e1nh thai - S\u1edf Y t\u1ebf Tulsa","description":"Ti\u1ebfp c\u1eadn c\u00e1c d\u1ecbch v\u1ee5 k\u1ebf ho\u1ea1ch h\u00f3a gia \u0111\u00ecnh b\u00ed m\u1eadt, d\u1ef1a tr\u00ean thu nh\u1eadp d\u00e0nh cho nam v\u00e0 n\u1eef, \u0111\u1ed3ng th\u1eddi t\u00ecm hi\u1ec3u v\u1ec1 c\u00e1c l\u1ef1a ch\u1ecdn tr\u00e1nh thai kh\u00e1c nhau c\u0169ng nh\u01b0 l\u1eddi khuy\u00ean v\u1ec1 s\u1ee9c kh\u1ecfe tr\u01b0\u1edbc v\u00e0 trong khi mang thai.","robots":{"index":"index","follow":"follow","max-snippet":"max-snippet:-1","max-image-preview":"max-image-preview:large","max-video-preview":"max-video-preview:-1"},"canonical":"https:\/\/tulsa-health.org\/vi\/services\/family-health-services\/adult-health\/contraceptives\/","og_locale":"vi_VN","og_type":"article","og_title":"Contraceptives - Tulsa Health Department","og_description":"Access confidential, income-based family planning services for males and females and learn about different contraceptive options and health tips for before and during pregnancy.","og_url":"https:\/\/tulsa-health.org\/vi\/services\/family-health-services\/adult-health\/contraceptives\/","og_site_name":"Tulsa Health Department","article_modified_time":"2023-12-21T01:24:14+00:00","og_image":[{"width":2119,"height":1414,"url":"https:\/\/tulsa-health.org\/wp-content\/uploads\/2023\/07\/GettyImages-1296779721.jpg","type":"image\/jpeg"}],"twitter_card":"summary_large_image","twitter_misc":{"\u01af\u1edbc t\u00ednh th\u1eddi gian \u0111\u1ecdc":"2 ph\u00fat"},"schema":{"@context":"https:\/\/schema.org","@graph":[{"@type":"WebPage","@id":"https:\/\/tulsa-health.org\/services\/family-health-services\/adult-health\/contraceptives\/","url":"https:\/\/tulsa-health.org\/services\/family-health-services\/adult-health\/contraceptives\/","name":"Thu\u1ed1c tr\u00e1nh thai - S\u1edf Y t\u1ebf Tulsa","isPartOf":{"@id":"https:\/\/tulsa-health.org\/es\/#website"},"primaryImageOfPage":{"@id":"https:\/\/tulsa-health.org\/services\/family-health-services\/adult-health\/contraceptives\/#primaryimage"},"image":{"@id":"https:\/\/tulsa-health.org\/services\/family-health-services\/adult-health\/contraceptives\/#primaryimage"},"thumbnailUrl":"https:\/\/tulsa-health.org\/wp-content\/uploads\/2023\/07\/GettyImages-1296779721.jpg","datePublished":"2023-05-02T21:03:34+00:00","dateModified":"2023-12-21T01:24:14+00:00","description":"Ti\u1ebfp c\u1eadn c\u00e1c d\u1ecbch v\u1ee5 k\u1ebf ho\u1ea1ch h\u00f3a gia \u0111\u00ecnh b\u00ed m\u1eadt, d\u1ef1a tr\u00ean thu nh\u1eadp d\u00e0nh cho nam v\u00e0 n\u1eef, \u0111\u1ed3ng th\u1eddi t\u00ecm hi\u1ec3u v\u1ec1 c\u00e1c l\u1ef1a ch\u1ecdn tr\u00e1nh thai kh\u00e1c nhau c\u0169ng nh\u01b0 l\u1eddi khuy\u00ean v\u1ec1 s\u1ee9c kh\u1ecfe tr\u01b0\u1edbc v\u00e0 trong khi mang thai.","breadcrumb":{"@id":"https:\/\/tulsa-health.org\/services\/family-health-services\/adult-health\/contraceptives\/#breadcrumb"},"inLanguage":"vi","potentialAction":[{"@type":"ReadAction","target":["https:\/\/tulsa-health.org\/services\/family-health-services\/adult-health\/contraceptives\/"]}]},{"@type":"ImageObject","inLanguage":"vi","@id":"https:\/\/tulsa-health.org\/services\/family-health-services\/adult-health\/contraceptives\/#primaryimage","url":"https:\/\/tulsa-health.org\/wp-content\/uploads\/2023\/07\/GettyImages-1296779721.jpg","contentUrl":"https:\/\/tulsa-health.org\/wp-content\/uploads\/2023\/07\/GettyImages-1296779721.jpg","width":2119,"height":1414,"caption":"women hand golding birth control pills close up."},{"@type":"BreadcrumbList","@id":"https:\/\/tulsa-health.org\/services\/family-health-services\/adult-health\/contraceptives\/#breadcrumb","itemListElement":[{"@type":"ListItem","position":1,"name":"Home","item":"https:\/\/tulsa-health.org\/"},{"@type":"ListItem","position":2,"name":"Services","item":"https:\/\/tulsa-health.org\/services\/"},{"@type":"ListItem","position":3,"name":"Family Health Services","item":"https:\/\/tulsa-health.org\/services\/family-health-services\/"},{"@type":"ListItem","position":4,"name":"Adult Health","item":"https:\/\/tulsa-health.org\/services\/family-health-services\/adult-health\/"},{"@type":"ListItem","position":5,"name":"Contraceptives"}]},{"@type":"WebSite","@id":"https:\/\/tulsa-health.org\/es\/#website","url":"https:\/\/tulsa-health.org\/es\/","name":"S\u1edf Y t\u1ebf Tulsa","description":"D\u1ecbch v\u1ee5 l\u00e2m s\u00e0ng, ti\u00eam ch\u1ee7ng, gi\u1ea5y ph\u00e9p v\u00e0 nhi\u1ec1u h\u01a1n n\u1eefa | S\u1edf Y t\u1ebf Tulsa","potentialAction":[{"@type":"SearchAction","target":{"@type":"EntryPoint","urlTemplate":"https:\/\/tulsa-health.org\/es\/?s={search_term_string}"},"query-input":{"@type":"PropertyValueSpecification","valueRequired":true,"valueName":"search_term_string"}}],"inLanguage":"vi"}]}},"publishpress_future_workflow_manual_trigger":{"enabledWorkflows":[]},"_links":{"self":[{"href":"https:\/\/tulsa-health.org\/vi\/wp-json\/wp\/v2\/pages\/1658","targetHints":{"allow":["GET"]}}],"collection":[{"href":"https:\/\/tulsa-health.org\/vi\/wp-json\/wp\/v2\/pages"}],"about":[{"href":"https:\/\/tulsa-health.org\/vi\/wp-json\/wp\/v2\/types\/page"}],"author":[{"embeddable":true,"href":"https:\/\/tulsa-health.org\/vi\/wp-json\/wp\/v2\/users\/1"}],"replies":[{"embeddable":true,"href":"https:\/\/tulsa-health.org\/vi\/wp-json\/wp\/v2\/comments?post=1658"}],"version-history":[{"count":0,"href":"https:\/\/tulsa-health.org\/vi\/wp-json\/wp\/v2\/pages\/1658\/revisions"}],"up":[{"embeddable":true,"href":"https:\/\/tulsa-health.org\/vi\/wp-json\/wp\/v2\/pages\/1605"}],"wp:featuredmedia":[{"embeddable":true,"href":"https:\/\/tulsa-health.org\/vi\/wp-json\/wp\/v2\/media\/10024"}],"wp:attachment":[{"href":"https:\/\/tulsa-health.org\/vi\/wp-json\/wp\/v2\/media?parent=1658"}],"curies":[{"name":"wp","href":"https:\/\/api.w.org\/{rel}","templated":true}]}}