{"id":17326,"date":"2024-01-08T11:28:03","date_gmt":"2024-01-08T17:28:03","guid":{"rendered":"https:\/\/tulsa-health.org\/?page_id=17326"},"modified":"2025-09-05T12:39:50","modified_gmt":"2025-09-05T17:39:50","slug":"partnership","status":"publish","type":"page","link":"https:\/\/tulsa-health.org\/vi\/programs\/school-health\/partnership\/","title":{"rendered":"Quan h\u1ec7 \u0111\u1ed1i t\u00e1c y t\u1ebf tr\u01b0\u1eddng h\u1ecdc"},"content":{"rendered":"<div data-elementor-type=\"wp-page\" data-elementor-id=\"17326\" class=\"elementor elementor-17326\" data-elementor-post-type=\"page\">\n\t\t\t\t\t\t<section class=\"elementor-section elementor-top-section elementor-element elementor-element-770d8f0 elementor-section-full_width elementor-section-height-min-height elementor-section-height-default elementor-section-items-middle\" data-id=\"770d8f0\" data-element_type=\"section\" data-e-type=\"section\" data-settings=\"{&quot;background_background&quot;:&quot;classic&quot;}\">\n\t\t\t\t\t\t<div class=\"elementor-container elementor-column-gap-no\">\n\t\t\t\t\t<div class=\"elementor-column elementor-col-100 elementor-top-column elementor-element elementor-element-94c3700\" data-id=\"94c3700\" data-element_type=\"column\" data-e-type=\"column\">\n\t\t\t<div class=\"elementor-widget-wrap\">\n\t\t\t\t\t\t\t<\/div>\n\t\t<\/div>\n\t\t\t\t\t<\/div>\n\t\t<\/section>\n\t\t\t\t<section class=\"elementor-section elementor-top-section elementor-element elementor-element-764e43a elementor-section-boxed elementor-section-height-default elementor-section-height-default\" data-id=\"764e43a\" data-element_type=\"section\" data-e-type=\"section\" data-settings=\"{&quot;background_background&quot;:&quot;classic&quot;}\">\n\t\t\t\t\t\t<div class=\"elementor-container elementor-column-gap-default\">\n\t\t\t\t\t<div class=\"elementor-column elementor-col-100 elementor-top-column elementor-element elementor-element-4b14111\" data-id=\"4b14111\" data-element_type=\"column\" data-e-type=\"column\">\n\t\t\t<div class=\"elementor-widget-wrap elementor-element-populated\">\n\t\t\t\t\t\t<div class=\"elementor-element elementor-element-5ab97cc elementor-widget elementor-widget-heading\" data-id=\"5ab97cc\" data-element_type=\"widget\" data-e-type=\"widget\" data-widget_type=\"heading.default\">\n\t\t\t\t<div class=\"elementor-widget-container\">\n\t\t\t\t\t<h1 class=\"elementor-heading-title elementor-size-default\">h\u1ee3p t\u00e1c v\u1edbi Y t\u1ebf tr\u01b0\u1eddng h\u1ecdc<\/h1>\t\t\t\t<\/div>\n\t\t\t\t<\/div>\n\t\t\t\t<div class=\"elementor-element elementor-element-fde769d elementor-widget elementor-widget-text-editor\" data-id=\"fde769d\" data-element_type=\"widget\" data-e-type=\"widget\" data-widget_type=\"text-editor.default\">\n\t\t\t\t<div class=\"elementor-widget-container\">\n\t\t\t\t\t\t\t\t\t<p>Ch\u01b0\u01a1ng tr\u00ecnh S\u1ee9c kh\u1ecfe H\u1ecdc \u0111\u01b0\u1eddng c\u1ee7a S\u1edf Y t\u1ebf Tulsa t\u1ef1 h\u00e0o c\u00f3 th\u1ec3 h\u1ee3p t\u00e1c v\u1edbi c\u00e1c tr\u01b0\u1eddng ti\u1ec3u h\u1ecdc \u1edf Qu\u1eadn Tulsa.<\/p>\t\t\t\t\t\t\t\t<\/div>\n\t\t\t\t<\/div>\n\t\t\t\t\t<\/div>\n\t\t<\/div>\n\t\t\t\t\t<\/div>\n\t\t<\/section>\n\t\t\t\t<section class=\"elementor-section elementor-top-section elementor-element elementor-element-d0f0c49 elementor-section-boxed elementor-section-height-default elementor-section-height-default elementor-invisible\" data-id=\"d0f0c49\" data-element_type=\"section\" data-e-type=\"section\" data-settings=\"{&quot;background_background&quot;:&quot;classic&quot;,&quot;animation&quot;:&quot;fadeInUp&quot;}\">\n\t\t\t\t\t\t<div class=\"elementor-container elementor-column-gap-default\">\n\t\t\t\t\t<div class=\"elementor-column elementor-col-100 elementor-top-column elementor-element elementor-element-d660646\" data-id=\"d660646\" data-element_type=\"column\" data-e-type=\"column\">\n\t\t\t<div class=\"elementor-widget-wrap elementor-element-populated\">\n\t\t\t\t\t\t<section class=\"elementor-section elementor-inner-section elementor-element elementor-element-211b9cb elementor-section-full_width elementor-section-height-default elementor-section-height-default\" data-id=\"211b9cb\" data-element_type=\"section\" data-e-type=\"section\">\n\t\t\t\t\t\t<div class=\"elementor-container elementor-column-gap-default\">\n\t\t\t\t\t<div class=\"elementor-column elementor-col-100 elementor-inner-column elementor-element elementor-element-f5043dc\" data-id=\"f5043dc\" data-element_type=\"column\" data-e-type=\"column\">\n\t\t\t<div class=\"elementor-widget-wrap elementor-element-populated\">\n\t\t\t\t\t\t<div class=\"elementor-element elementor-element-2523668 elementor-widget elementor-widget-text-editor\" data-id=\"2523668\" data-element_type=\"widget\" data-e-type=\"widget\" data-widget_type=\"text-editor.default\">\n\t\t\t\t<div class=\"elementor-widget-container\">\n\t\t\t\t\t\t\t\t\t<h2>C\u00e1ch h\u1ee3p t\u00e1c v\u1edbi Y t\u1ebf tr\u01b0\u1eddng h\u1ecdc<\/h2>\n<p>THD School Health t\u1ef1 h\u00e0o \u0111\u01b0\u1ee3c h\u1ee3p t\u00e1c v\u1edbi c\u00e1c tr\u01b0\u1eddng ti\u1ec3u h\u1ecdc Qu\u1eadn Tulsa. C\u00e1c tr\u01b0\u1eddng ti\u1ec3u h\u1ecdc c\u1ee7a Qu\u1eadn Tulsa mu\u1ed1n h\u1ee3p t\u00e1c v\u1edbi THD School Health s\u1ebd ph\u1ea3i ho\u00e0n th\u00e0nh \u0110\u00e1nh gi\u00e1 m\u1ee9c \u0111\u1ed9 s\u1eb5n s\u00e0ng v\u1ec1 s\u1ee9c kh\u1ecfe tr\u01b0\u1eddng h\u1ecdc h\u00e0ng n\u0103m. C\u00e1c tr\u01b0\u1eddng \u0111\u1ed1i t\u00e1c c\u0169ng ph\u1ea3i c\u00f3 Bi\u00ean b\u1ea3n ghi nh\u1edb (MOU) c\u1ee7a h\u1ecdc khu. Vi\u1ec7c \u0111\u00e1nh gi\u00e1 n\u00e0y cho ph\u00e9p ch\u00fang t\u00f4i hi\u1ec3u r\u00f5 h\u01a1n v\u1ec1 m\u00f4i tr\u01b0\u1eddng c\u1ee7a tr\u01b0\u1eddng b\u1ea1n v\u00e0 \u0111i\u1ec1u ch\u1ec9nh c\u00e1c d\u1ecbch v\u1ee5 c\u1ee7a ch\u00fang t\u00f4i cho ph\u00f9 h\u1ee3p. Sau khi nh\u1eadn v\u00e0 xem x\u00e9t \u0111\u00e1nh gi\u00e1, \u0111\u1ea1i di\u1ec7n Y t\u1ebf Tr\u01b0\u1eddng h\u1ecdc s\u1ebd li\u00ean h\u1ec7 \u0111\u1ec3 th\u1ea3o lu\u1eadn v\u1ec1 c\u00e1c l\u1ef1a ch\u1ecdn ch\u01b0\u01a1ng tr\u00ecnh kh\u1ea3 thi. C\u1ea3m \u01a1n c\u00e1c b\u1ea1n \u0111\u00e3 quan t\u00e2m h\u1ee3p t\u00e1c v\u1edbi THD School Health.<\/p>\n<h2>Ng\u00e0y h\u1ee3p t\u00e1c trong n\u0103m h\u1ecdc<\/h2>\n<ul>\n<li>Vi\u1ec7c \u0111\u00e1nh gi\u00e1 cho n\u0103m h\u1ecdc 2025-2026 hi\u1ec7n \u0111\u00e3 k\u1ebft th\u00fac.<\/li>\n<li>\u0110\u00e1nh d\u1ea5u l\u1ecbch \u0111\u1ec3 ho\u00e0n th\u00e0nh b\u00e0i \u0111\u00e1nh gi\u00e1 cho n\u0103m h\u1ecdc 2026-2027.\n<ul>\n<li>\u0110\u00e1nh gi\u00e1 m\u1edf v\u00e0o ng\u00e0y 1 th\u00e1ng 5 n\u0103m 2026 v\u00e0 k\u1ebft th\u00fac v\u00e0o ng\u00e0y 14 th\u00e1ng 8 n\u0103m 2026<\/li>\n<li>Cu\u1ed9c h\u1ecdp l\u1eadp k\u1ebf ho\u1ea1ch tr\u1ef1c tuy\u1ebfn: 1 th\u00e1ng 5 \u2013 21 th\u00e1ng 8 n\u0103m 2026<\/li>\n<\/ul>\n<\/li>\n<\/ul>\n<p>B\u1ea5t k\u1ef3 b\u00e0i \u0111\u00e1nh gi\u00e1 n\u00e0o \u0111\u01b0\u1ee3c n\u1ed9p sau ng\u00e0y 14 th\u00e1ng 8 n\u0103m 2026 s\u1ebd KH\u00d4NG \u0111\u01b0\u1ee3c ch\u1ea5p nh\u1eadn. C\u00e1c cu\u1ed9c h\u1ecdp l\u1eadp k\u1ebf ho\u1ea1ch ph\u1ea3i \u0111\u01b0\u1ee3c ho\u00e0n t\u1ea5t tr\u01b0\u1edbc ng\u00e0y 21 th\u00e1ng 8 n\u0103m 2026 \u0111\u1ec3 ch\u00fang t\u00f4i c\u00f3 th\u1ec3 h\u1ee3p t\u00e1c v\u1edbi tr\u01b0\u1eddng c\u1ee7a b\u1ea1n cho n\u0103m h\u1ecdc 2026-2027.<\/p>\n<h2>Th\u1ef1c hi\u1ec7n theo c\u00e1c b\u01b0\u1edbc sau<\/h2>\n<p><strong>B\u01b0\u1edbc 1:<\/strong>Xem l\u1ea1i phi\u00ean b\u1ea3n PDF c\u1ee7a b\u00e0i \u0111\u00e1nh gi\u00e1 \u0111\u1ec3 \u0111\u1ea3m b\u1ea3o t\u1ea5t c\u1ea3 th\u00f4ng tin c\u1ea7n thi\u1ebft \u0111\u00e3 \u0111\u01b0\u1ee3c thu th\u1eadp tr\u01b0\u1edbc khi b\u1eaft \u0111\u1ea7u \u0111\u00e1nh gi\u00e1 tr\u1ef1c tuy\u1ebfn. Th\u00f4ng tin c\u1ea7n thi\u1ebft \u0111\u1ec3 ho\u00e0n th\u00e0nh b\u00e0i \u0111\u00e1nh gi\u00e1 s\u1ebd \u0111\u1ebfn t\u1eeb n\u0103m h\u1ecdc 2024-2025. N\u1ebfu b\u1ea1n kh\u00f4ng th\u1ec3 tr\u1ea3 l\u1eddi m\u1ed9t c\u00e2u h\u1ecfi, ch\u1ec9 c\u1ea7n ghi N\/A. Ch\u00fang t\u00f4i khuy\u00ean b\u1ea1n n\u00ean h\u1ee3p t\u00e1c v\u1edbi hi\u1ec7u tr\u01b0\u1edfng, hi\u1ec7u ph\u00f3, tr\u01b0\u1edfng nh\u00f3m kh\u1ed1i l\u1edbp, gi\u00e1o vi\u00ean th\u1ec3 d\u1ee5c, y t\u00e1\/tr\u1ee3 l\u00fd y t\u1ebf, c\u1ed1 v\u1ea5n v\u00e0 \u0111i\u1ec1u ph\u1ed1i vi\u00ean c\u1ed9ng \u0111\u1ed3ng\/ng\u01b0\u1eddi li\u00ean l\u1ea1c v\u1edbi ph\u1ee5 huynh \u0111\u1ec3 thu th\u1eadp th\u00f4ng tin v\u00e0 \u00fd ki\u1ebfn \u0111\u00f3ng g\u00f3p ph\u00f9 h\u1ee3p cho b\u00e0i \u0111\u00e1nh gi\u00e1.<\/p>\n<p><strong>B\u01b0\u1edbc 2:<\/strong>Ch\u1ecdn c\u00e1c t\u00f9y ch\u1ecdn l\u1eadp tr\u00ecnh \u01b0a th\u00edch.<\/p>\n<p><strong>B\u01b0\u1edbc 3:<\/strong>Ho\u00e0n th\u00e0nh v\u00e0 n\u1ed9p \u0110\u00e1nh gi\u00e1 m\u1ee9c \u0111\u1ed9 s\u1eb5n s\u00e0ng v\u1ec1 s\u1ee9c kh\u1ecfe c\u1ee7a tr\u01b0\u1eddng THD \u1edf cu\u1ed1i trang.<\/p>\n<p><strong>B\u01b0\u1edbc 4:<\/strong>Nh\u00f3m c\u1ee7a ch\u00fang t\u00f4i s\u1ebd li\u00ean h\u1ec7 \u0111\u1ec3 l\u00ean l\u1ecbch h\u1ecdp l\u1eadp k\u1ebf ho\u1ea1ch tr\u1ef1c tuy\u1ebfn.<\/p>\n<p><strong>B\u01b0\u1edbc 5:<\/strong>G\u1eb7p g\u1ee1 nh\u00e2n vi\u00ean Y t\u1ebf Tr\u01b0\u1eddng h\u1ecdc THD trong cu\u1ed9c h\u1ecdp l\u1eadp k\u1ebf ho\u1ea1ch \u1ea3o \u0111\u1ec3 l\u00ean l\u1ecbch ch\u01b0\u01a1ng tr\u00ecnh cho tr\u01b0\u1eddng h\u1ecdc c\u1ee7a b\u1ea1n.<\/p>\n<h2>Li\u00ean h\u1ec7 ch\u00fang t\u00f4i<\/h2>\n<p>N\u1ebfu b\u1ea1n c\u00f3 th\u00eam b\u1ea5t k\u1ef3 c\u00e2u h\u1ecfi n\u00e0o li\u00ean quan \u0111\u1ebfn \u0111\u00e1nh gi\u00e1, vui l\u00f2ng li\u00ean h\u1ec7 v\u1edbi Gi\u00e1m \u0111\u1ed1c Y t\u1ebf Tr\u01b0\u1eddng h\u1ecdc c\u1ee7a ch\u00fang t\u00f4i b\u1eb1ng c\u00e1ch g\u1ecdi <a href=\"tel:918-595-4084\">918-595-4084<\/a> ho\u1eb7c <a href=\"mailto:cdaniel@tulsa-health.org\">g\u1eedi email cho ch\u00fang t\u00f4i<\/a>.<\/p>\t\t\t\t\t\t\t\t<\/div>\n\t\t\t\t<\/div>\n\t\t\t\t\t<\/div>\n\t\t<\/div>\n\t\t\t\t\t<\/div>\n\t\t<\/section>\n\t\t\t\t\t<\/div>\n\t\t<\/div>\n\t\t\t\t\t<\/div>\n\t\t<\/section>\n\t\t\t\t<section class=\"elementor-section elementor-top-section elementor-element elementor-element-ffac91f elementor-section-boxed elementor-section-height-default elementor-section-height-default elementor-invisible\" data-id=\"ffac91f\" data-element_type=\"section\" data-e-type=\"section\" data-settings=\"{&quot;background_background&quot;:&quot;classic&quot;,&quot;animation&quot;:&quot;fadeInUp&quot;}\">\n\t\t\t\t\t\t<div class=\"elementor-container elementor-column-gap-default\">\n\t\t\t\t\t<div class=\"elementor-column elementor-col-100 elementor-top-column elementor-element elementor-element-a33ef3b\" data-id=\"a33ef3b\" data-element_type=\"column\" data-e-type=\"column\" data-settings=\"{&quot;background_background&quot;:&quot;classic&quot;}\">\n\t\t\t<div class=\"elementor-widget-wrap elementor-element-populated\">\n\t\t\t\t\t\t<div class=\"elementor-element elementor-element-304426d elementor-widget elementor-widget-heading\" data-id=\"304426d\" data-element_type=\"widget\" data-e-type=\"widget\" data-widget_type=\"heading.default\">\n\t\t\t\t<div class=\"elementor-widget-container\">\n\t\t\t\t\t<h5 class=\"elementor-heading-title elementor-size-default\">\u0110\u00e1nh gi\u00e1 m\u1ee9c \u0111\u1ed9 s\u1eb5n s\u00e0ng v\u1ec1 s\u1ee9c kh\u1ecfe c\u1ee7a tr\u01b0\u1eddng h\u1ecdc<\/h5>\t\t\t\t<\/div>\n\t\t\t\t<\/div>\n\t\t\t\t<section class=\"elementor-section elementor-inner-section elementor-element elementor-element-65c86be elementor-section-full_width elementor-section-height-default elementor-section-height-default\" data-id=\"65c86be\" data-element_type=\"section\" data-e-type=\"section\">\n\t\t\t\t\t\t<div class=\"elementor-container elementor-column-gap-default\">\n\t\t\t\t\t<div class=\"elementor-column elementor-col-100 elementor-inner-column elementor-element elementor-element-8e808db\" data-id=\"8e808db\" data-element_type=\"column\" data-e-type=\"column\">\n\t\t\t<div class=\"elementor-widget-wrap elementor-element-populated\">\n\t\t\t\t\t\t<div class=\"elementor-element elementor-element-f9faa82 elementor-widget__width-auto secondary elementor-widget elementor-widget-button\" data-id=\"f9faa82\" data-element_type=\"widget\" data-e-type=\"widget\" data-widget_type=\"button.default\">\n\t\t\t\t<div class=\"elementor-widget-container\">\n\t\t\t\t\t\t\t\t\t<div class=\"elementor-button-wrapper\">\n\t\t\t\t\t<a class=\"elementor-button elementor-size-sm\" role=\"button\">\n\t\t\t\t\t\t<span class=\"elementor-button-content-wrapper\">\n\t\t\t\t\t\t\t\t\t<span class=\"elementor-button-text\">\u0110\u00e1nh gi\u00e1 s\u1ebd m\u1edf v\u00e0o th\u00e1ng 5 n\u0103m 2026<\/span>\n\t\t\t\t\t<\/span>\n\t\t\t\t\t<\/a>\n\t\t\t\t<\/div>\n\t\t\t\t\t\t\t\t<\/div>\n\t\t\t\t<\/div>\n\t\t\t\t\t<\/div>\n\t\t<\/div>\n\t\t\t\t\t<\/div>\n\t\t<\/section>\n\t\t\t\t\t<\/div>\n\t\t<\/div>\n\t\t\t\t\t<\/div>\n\t\t<\/section>\n\t\t\t\t<section class=\"elementor-section elementor-top-section elementor-element elementor-element-c67c43d elementor-section-full_width elementor-section-height-default elementor-section-height-default\" data-id=\"c67c43d\" data-element_type=\"section\" data-e-type=\"section\">\n\t\t\t\t\t\t<div class=\"elementor-container elementor-column-gap-default\">\n\t\t\t\t\t<div class=\"elementor-column elementor-col-100 elementor-top-column elementor-element elementor-element-37430b3\" data-id=\"37430b3\" data-element_type=\"column\" data-e-type=\"column\">\n\t\t\t<div class=\"elementor-widget-wrap elementor-element-populated\">\n\t\t\t\t\t\t<div class=\"elementor-element elementor-element-c4ad786 elementor-widget elementor-widget-shortcode\" data-id=\"c4ad786\" data-element_type=\"widget\" data-e-type=\"widget\" data-widget_type=\"shortcode.default\">\n\t\t\t\t<div class=\"elementor-widget-container\">\n\t\t\t\t\t\t\t<div class=\"elementor-shortcode\">\t\t<div data-elementor-type=\"section\" data-elementor-id=\"4934\" class=\"elementor elementor-4934\" data-elementor-post-type=\"elementor_library\">\n\t\t\t\t\t<section class=\"elementor-section elementor-top-section elementor-element elementor-element-4469b59d elementor-section-stretched elementor-section-boxed elementor-section-height-default elementor-section-height-default\" data-id=\"4469b59d\" data-element_type=\"section\" data-e-type=\"section\" data-settings=\"{&quot;background_background&quot;:&quot;classic&quot;,&quot;stretch_section&quot;:&quot;section-stretched&quot;}\">\n\t\t\t\t\t\t\t<div class=\"elementor-background-overlay\"><\/div>\n\t\t\t\t\t\t\t<div class=\"elementor-container elementor-column-gap-default\">\n\t\t\t\t\t<div class=\"elementor-column elementor-col-100 elementor-top-column elementor-element elementor-element-615ea353\" data-id=\"615ea353\" data-element_type=\"column\" data-e-type=\"column\">\n\t\t\t<div class=\"elementor-widget-wrap elementor-element-populated\">\n\t\t\t\t\t\t<div class=\"elementor-element elementor-element-bdb2691 elementor-widget elementor-widget-heading\" data-id=\"bdb2691\" data-element_type=\"widget\" data-e-type=\"widget\" data-widget_type=\"heading.default\">\n\t\t\t\t<div class=\"elementor-widget-container\">\n\t\t\t\t\t<h5 class=\"elementor-heading-title elementor-size-default\">\u0110\u1ecaA \u0110I\u1ec2M<\/h5>\t\t\t\t<\/div>\n\t\t\t\t<\/div>\n\t\t\t\t<div class=\"elementor-element elementor-element-00f74f9 elementor-widget elementor-widget-text-editor\" data-id=\"00f74f9\" data-element_type=\"widget\" data-e-type=\"widget\" data-widget_type=\"text-editor.default\">\n\t\t\t\t<div class=\"elementor-widget-container\">\n\t\t\t\t\t\t\t\t\t<p>Ch\u00fang t\u00f4i c\u00f3 9 c\u01a1 s\u1edf tr\u00ean kh\u1eafp Qu\u1eadn Tulsa cung c\u1ea5p nhi\u1ec1u d\u1ecbch v\u1ee5 kh\u00e1c nhau \u0111\u1ec3 gi\u00fap b\u1ea1n v\u00e0 gia \u0111\u00ecnh lu\u00f4n kh\u1ecfe m\u1ea1nh.<\/p>\t\t\t\t\t\t\t\t<\/div>\n\t\t\t\t<\/div>\n\t\t\t\t<div class=\"elementor-element elementor-element-fd63501 elementor-align-center secondary elementor-widget elementor-widget-button\" data-id=\"fd63501\" data-element_type=\"widget\" data-e-type=\"widget\" data-widget_type=\"button.default\">\n\t\t\t\t<div class=\"elementor-widget-container\">\n\t\t\t\t\t\t\t\t\t<div class=\"elementor-button-wrapper\">\n\t\t\t\t\t<a class=\"elementor-button elementor-button-link elementor-size-sm\" href=\"\/vi\/locations\/\">\n\t\t\t\t\t\t<span class=\"elementor-button-content-wrapper\">\n\t\t\t\t\t\t\t\t\t<span class=\"elementor-button-text\">T\u00ecm c\u1ee7a b\u1ea1n<\/span>\n\t\t\t\t\t<\/span>\n\t\t\t\t\t<\/a>\n\t\t\t\t<\/div>\n\t\t\t\t\t\t\t\t<\/div>\n\t\t\t\t<\/div>\n\t\t\t\t\t<\/div>\n\t\t<\/div>\n\t\t\t\t\t<\/div>\n\t\t<\/section>\n\t\t\t\t<\/div>\n\t\t<\/div>\n\t\t\t\t\t\t<\/div>\n\t\t\t\t<\/div>\n\t\t\t\t\t<\/div>\n\t\t<\/div>\n\t\t\t\t\t<\/div>\n\t\t<\/section>\n\t\t\t\t<\/div>","protected":false},"excerpt":{"rendered":"<p>partner with School Health The Tulsa Health Department&#8217;s School Health program is proud to be able to partner with elementary schools in Tulsa County. How to Partner with School Health THD School Health is proud to partner with Tulsa County elementary schools. Tulsa County elementary schools who are interested in partnering with THD School Health [&hellip;]<\/p>\n","protected":false},"author":6,"featured_media":23155,"parent":2757,"menu_order":0,"comment_status":"closed","ping_status":"closed","template":"elementor_header_footer","meta":{"_acf_changed":false,"footnotes":""},"class_list":["post-17326","page","type-page","status-publish","has-post-thumbnail","hentry"],"acf":[],"yoast_head":"<!-- This site is optimized with the Yoast SEO plugin v27.4 - https:\/\/yoast.com\/product\/yoast-seo-wordpress\/ -->\n<title>School Health Partnership - Tulsa Health Department<\/title>\n<meta name=\"description\" content=\"THD&#039;s School Health program is proud to be able to partner with elementary schools in Tulsa County.\" \/>\n<meta name=\"robots\" content=\"index, follow, max-snippet:-1, max-image-preview:large, max-video-preview:-1\" \/>\n<link rel=\"canonical\" href=\"https:\/\/tulsa-health.org\/vi\/programs\/school-health\/partnership\/\" \/>\n<meta property=\"og:locale\" content=\"vi_VN\" \/>\n<meta property=\"og:type\" content=\"article\" \/>\n<meta property=\"og:title\" content=\"School Health Partnership - Tulsa Health Department\" \/>\n<meta property=\"og:description\" content=\"THD&#039;s School Health program is proud to be able to partner with elementary schools in Tulsa County.\" \/>\n<meta property=\"og:url\" content=\"https:\/\/tulsa-health.org\/vi\/programs\/school-health\/partnership\/\" \/>\n<meta property=\"og:site_name\" content=\"Tulsa Health Department\" \/>\n<meta property=\"article:modified_time\" content=\"2025-09-05T17:39:50+00:00\" \/>\n<meta property=\"og:image\" content=\"https:\/\/tulsa-health.org\/wp-content\/uploads\/2025\/09\/Untitled-design-2.jpg\" \/>\n\t<meta property=\"og:image:width\" content=\"1920\" \/>\n\t<meta property=\"og:image:height\" content=\"1080\" \/>\n\t<meta property=\"og:image:type\" content=\"image\/jpeg\" \/>\n<meta name=\"twitter:card\" content=\"summary_large_image\" \/>\n<meta name=\"twitter:label1\" content=\"\u01af\u1edbc t\u00ednh th\u1eddi gian \u0111\u1ecdc\" \/>\n\t<meta name=\"twitter:data1\" content=\"2 ph\u00fat\" \/>\n<script type=\"application\/ld+json\" class=\"yoast-schema-graph\">{\"@context\":\"https:\\\/\\\/schema.org\",\"@graph\":[{\"@type\":\"WebPage\",\"@id\":\"https:\\\/\\\/tulsa-health.org\\\/programs\\\/school-health\\\/partnership\\\/\",\"url\":\"https:\\\/\\\/tulsa-health.org\\\/programs\\\/school-health\\\/partnership\\\/\",\"name\":\"School Health Partnership - Tulsa Health Department\",\"isPartOf\":{\"@id\":\"https:\\\/\\\/tulsa-health.org\\\/es\\\/#website\"},\"primaryImageOfPage\":{\"@id\":\"https:\\\/\\\/tulsa-health.org\\\/programs\\\/school-health\\\/partnership\\\/#primaryimage\"},\"image\":{\"@id\":\"https:\\\/\\\/tulsa-health.org\\\/programs\\\/school-health\\\/partnership\\\/#primaryimage\"},\"thumbnailUrl\":\"https:\\\/\\\/tulsa-health.org\\\/wp-content\\\/uploads\\\/2025\\\/09\\\/Untitled-design-2.jpg\",\"datePublished\":\"2024-01-08T17:28:03+00:00\",\"dateModified\":\"2025-09-05T17:39:50+00:00\",\"description\":\"THD's School Health program is proud to be able to partner with elementary schools in Tulsa County.\",\"breadcrumb\":{\"@id\":\"https:\\\/\\\/tulsa-health.org\\\/programs\\\/school-health\\\/partnership\\\/#breadcrumb\"},\"inLanguage\":\"vi\",\"potentialAction\":[{\"@type\":\"ReadAction\",\"target\":[\"https:\\\/\\\/tulsa-health.org\\\/programs\\\/school-health\\\/partnership\\\/\"]}]},{\"@type\":\"ImageObject\",\"inLanguage\":\"vi\",\"@id\":\"https:\\\/\\\/tulsa-health.org\\\/programs\\\/school-health\\\/partnership\\\/#primaryimage\",\"url\":\"https:\\\/\\\/tulsa-health.org\\\/wp-content\\\/uploads\\\/2025\\\/09\\\/Untitled-design-2.jpg\",\"contentUrl\":\"https:\\\/\\\/tulsa-health.org\\\/wp-content\\\/uploads\\\/2025\\\/09\\\/Untitled-design-2.jpg\",\"width\":1920,\"height\":1080},{\"@type\":\"BreadcrumbList\",\"@id\":\"https:\\\/\\\/tulsa-health.org\\\/programs\\\/school-health\\\/partnership\\\/#breadcrumb\",\"itemListElement\":[{\"@type\":\"ListItem\",\"position\":1,\"name\":\"Home\",\"item\":\"https:\\\/\\\/tulsa-health.org\\\/\"},{\"@type\":\"ListItem\",\"position\":2,\"name\":\"Community Programs\",\"item\":\"https:\\\/\\\/tulsa-health.org\\\/programs\\\/\"},{\"@type\":\"ListItem\",\"position\":3,\"name\":\"School Health\",\"item\":\"https:\\\/\\\/tulsa-health.org\\\/programs\\\/school-health\\\/\"},{\"@type\":\"ListItem\",\"position\":4,\"name\":\"School Health Partnership\"}]},{\"@type\":\"WebSite\",\"@id\":\"https:\\\/\\\/tulsa-health.org\\\/es\\\/#website\",\"url\":\"https:\\\/\\\/tulsa-health.org\\\/es\\\/\",\"name\":\"Tulsa Health Department\",\"description\":\"Clinical Services, Immunizations, Permits and More | Tulsa Health Department\",\"potentialAction\":[{\"@type\":\"SearchAction\",\"target\":{\"@type\":\"EntryPoint\",\"urlTemplate\":\"https:\\\/\\\/tulsa-health.org\\\/es\\\/?s={search_term_string}\"},\"query-input\":{\"@type\":\"PropertyValueSpecification\",\"valueRequired\":true,\"valueName\":\"search_term_string\"}}],\"inLanguage\":\"vi\"}]}<\/script>\n<!-- \/ Yoast SEO plugin. -->","yoast_head_json":{"title":"Ch\u01b0\u01a1ng tr\u00ecnh h\u1ee3p t\u00e1c y t\u1ebf h\u1ecdc \u0111\u01b0\u1eddng - S\u1edf Y t\u1ebf Tulsa","description":"Ch\u01b0\u01a1ng tr\u00ecnh S\u1ee9c kh\u1ecfe H\u1ecdc \u0111\u01b0\u1eddng c\u1ee7a THD t\u1ef1 h\u00e0o \u0111\u01b0\u1ee3c h\u1ee3p t\u00e1c v\u1edbi c\u00e1c tr\u01b0\u1eddng ti\u1ec3u h\u1ecdc t\u1ea1i Qu\u1eadn Tulsa.","robots":{"index":"index","follow":"follow","max-snippet":"max-snippet:-1","max-image-preview":"max-image-preview:large","max-video-preview":"max-video-preview:-1"},"canonical":"https:\/\/tulsa-health.org\/vi\/programs\/school-health\/partnership\/","og_locale":"vi_VN","og_type":"article","og_title":"School Health Partnership - Tulsa Health Department","og_description":"THD's School Health program is proud to be able to partner with elementary schools in Tulsa County.","og_url":"https:\/\/tulsa-health.org\/vi\/programs\/school-health\/partnership\/","og_site_name":"Tulsa Health Department","article_modified_time":"2025-09-05T17:39:50+00:00","og_image":[{"width":1920,"height":1080,"url":"https:\/\/tulsa-health.org\/wp-content\/uploads\/2025\/09\/Untitled-design-2.jpg","type":"image\/jpeg"}],"twitter_card":"summary_large_image","twitter_misc":{"\u01af\u1edbc t\u00ednh th\u1eddi gian \u0111\u1ecdc":"2 ph\u00fat"},"schema":{"@context":"https:\/\/schema.org","@graph":[{"@type":"WebPage","@id":"https:\/\/tulsa-health.org\/programs\/school-health\/partnership\/","url":"https:\/\/tulsa-health.org\/programs\/school-health\/partnership\/","name":"Ch\u01b0\u01a1ng tr\u00ecnh h\u1ee3p t\u00e1c y t\u1ebf h\u1ecdc \u0111\u01b0\u1eddng - S\u1edf Y t\u1ebf Tulsa","isPartOf":{"@id":"https:\/\/tulsa-health.org\/es\/#website"},"primaryImageOfPage":{"@id":"https:\/\/tulsa-health.org\/programs\/school-health\/partnership\/#primaryimage"},"image":{"@id":"https:\/\/tulsa-health.org\/programs\/school-health\/partnership\/#primaryimage"},"thumbnailUrl":"https:\/\/tulsa-health.org\/wp-content\/uploads\/2025\/09\/Untitled-design-2.jpg","datePublished":"2024-01-08T17:28:03+00:00","dateModified":"2025-09-05T17:39:50+00:00","description":"Ch\u01b0\u01a1ng tr\u00ecnh S\u1ee9c kh\u1ecfe H\u1ecdc \u0111\u01b0\u1eddng c\u1ee7a THD t\u1ef1 h\u00e0o \u0111\u01b0\u1ee3c h\u1ee3p t\u00e1c v\u1edbi c\u00e1c tr\u01b0\u1eddng ti\u1ec3u h\u1ecdc t\u1ea1i Qu\u1eadn Tulsa.","breadcrumb":{"@id":"https:\/\/tulsa-health.org\/programs\/school-health\/partnership\/#breadcrumb"},"inLanguage":"vi","potentialAction":[{"@type":"ReadAction","target":["https:\/\/tulsa-health.org\/programs\/school-health\/partnership\/"]}]},{"@type":"ImageObject","inLanguage":"vi","@id":"https:\/\/tulsa-health.org\/programs\/school-health\/partnership\/#primaryimage","url":"https:\/\/tulsa-health.org\/wp-content\/uploads\/2025\/09\/Untitled-design-2.jpg","contentUrl":"https:\/\/tulsa-health.org\/wp-content\/uploads\/2025\/09\/Untitled-design-2.jpg","width":1920,"height":1080},{"@type":"BreadcrumbList","@id":"https:\/\/tulsa-health.org\/programs\/school-health\/partnership\/#breadcrumb","itemListElement":[{"@type":"ListItem","position":1,"name":"Home","item":"https:\/\/tulsa-health.org\/"},{"@type":"ListItem","position":2,"name":"Community Programs","item":"https:\/\/tulsa-health.org\/programs\/"},{"@type":"ListItem","position":3,"name":"School Health","item":"https:\/\/tulsa-health.org\/programs\/school-health\/"},{"@type":"ListItem","position":4,"name":"School Health Partnership"}]},{"@type":"WebSite","@id":"https:\/\/tulsa-health.org\/es\/#website","url":"https:\/\/tulsa-health.org\/es\/","name":"S\u1edf Y t\u1ebf Tulsa","description":"D\u1ecbch v\u1ee5 l\u00e2m s\u00e0ng, ti\u00eam ch\u1ee7ng, gi\u1ea5y ph\u00e9p v\u00e0 nhi\u1ec1u h\u01a1n n\u1eefa | S\u1edf Y t\u1ebf Tulsa","potentialAction":[{"@type":"SearchAction","target":{"@type":"EntryPoint","urlTemplate":"https:\/\/tulsa-health.org\/es\/?s={search_term_string}"},"query-input":{"@type":"PropertyValueSpecification","valueRequired":true,"valueName":"search_term_string"}}],"inLanguage":"vi"}]}},"publishpress_future_workflow_manual_trigger":{"enabledWorkflows":[]},"_links":{"self":[{"href":"https:\/\/tulsa-health.org\/vi\/wp-json\/wp\/v2\/pages\/17326","targetHints":{"allow":["GET"]}}],"collection":[{"href":"https:\/\/tulsa-health.org\/vi\/wp-json\/wp\/v2\/pages"}],"about":[{"href":"https:\/\/tulsa-health.org\/vi\/wp-json\/wp\/v2\/types\/page"}],"author":[{"embeddable":true,"href":"https:\/\/tulsa-health.org\/vi\/wp-json\/wp\/v2\/users\/6"}],"replies":[{"embeddable":true,"href":"https:\/\/tulsa-health.org\/vi\/wp-json\/wp\/v2\/comments?post=17326"}],"version-history":[{"count":13,"href":"https:\/\/tulsa-health.org\/vi\/wp-json\/wp\/v2\/pages\/17326\/revisions"}],"predecessor-version":[{"id":23252,"href":"https:\/\/tulsa-health.org\/vi\/wp-json\/wp\/v2\/pages\/17326\/revisions\/23252"}],"up":[{"embeddable":true,"href":"https:\/\/tulsa-health.org\/vi\/wp-json\/wp\/v2\/pages\/2757"}],"wp:featuredmedia":[{"embeddable":true,"href":"https:\/\/tulsa-health.org\/vi\/wp-json\/wp\/v2\/media\/23155"}],"wp:attachment":[{"href":"https:\/\/tulsa-health.org\/vi\/wp-json\/wp\/v2\/media?parent=17326"}],"curies":[{"name":"wp","href":"https:\/\/api.w.org\/{rel}","templated":true}]}}