{"id":1796,"date":"2023-05-02T17:24:49","date_gmt":"2023-05-02T22:24:49","guid":{"rendered":"https:\/\/test.tulsa-health.org\/?page_id=1796"},"modified":"2023-12-21T10:12:13","modified_gmt":"2023-12-21T16:12:13","slug":"parents-guide","status":"publish","type":"page","link":"https:\/\/tulsa-health.org\/vi\/services\/family-health-services\/teen-health\/parents-guide\/","title":{"rendered":"H\u01b0\u1edbng d\u1eabn d\u00e0nh cho ph\u1ee5 huynh"},"content":{"rendered":"<div data-elementor-type=\"wp-page\" data-elementor-id=\"1796\" class=\"elementor elementor-1796\" data-elementor-post-type=\"page\">\n\t\t\t\t\t\t<section class=\"elementor-section elementor-top-section elementor-element elementor-element-9e27a56 elementor-section-full_width elementor-section-height-min-height elementor-section-height-default elementor-section-items-middle\" data-id=\"9e27a56\" data-element_type=\"section\" data-e-type=\"section\" data-settings=\"{&quot;background_background&quot;:&quot;classic&quot;}\">\n\t\t\t\t\t\t<div class=\"elementor-container elementor-column-gap-no\">\n\t\t\t\t\t<div class=\"elementor-column elementor-col-100 elementor-top-column elementor-element elementor-element-0b51ac3\" data-id=\"0b51ac3\" data-element_type=\"column\" data-e-type=\"column\">\n\t\t\t<div class=\"elementor-widget-wrap\">\n\t\t\t\t\t\t\t<\/div>\n\t\t<\/div>\n\t\t\t\t\t<\/div>\n\t\t<\/section>\n\t\t\t\t<section class=\"elementor-section elementor-top-section elementor-element elementor-element-918ce71 elementor-section-boxed elementor-section-height-default elementor-section-height-default\" data-id=\"918ce71\" data-element_type=\"section\" data-e-type=\"section\" data-settings=\"{&quot;background_background&quot;:&quot;classic&quot;}\">\n\t\t\t\t\t\t<div class=\"elementor-container elementor-column-gap-default\">\n\t\t\t\t\t<div class=\"elementor-column elementor-col-100 elementor-top-column elementor-element elementor-element-61b6cd8\" data-id=\"61b6cd8\" data-element_type=\"column\" data-e-type=\"column\">\n\t\t\t<div class=\"elementor-widget-wrap elementor-element-populated\">\n\t\t\t\t\t\t<div class=\"elementor-element elementor-element-6594e32 elementor-widget elementor-widget-heading\" data-id=\"6594e32\" data-element_type=\"widget\" data-e-type=\"widget\" data-widget_type=\"heading.default\">\n\t\t\t\t<div class=\"elementor-widget-container\">\n\t\t\t\t\t<h1 class=\"elementor-heading-title elementor-size-default\">H\u01b0\u1edbng d\u1eabn d\u00e0nh cho ph\u1ee5 huynh<\/h1>\t\t\t\t<\/div>\n\t\t\t\t<\/div>\n\t\t\t\t\t<\/div>\n\t\t<\/div>\n\t\t\t\t\t<\/div>\n\t\t<\/section>\n\t\t\t\t<section class=\"elementor-section elementor-top-section elementor-element elementor-element-9d19917 elementor-section-boxed elementor-section-height-default elementor-section-height-default\" data-id=\"9d19917\" data-element_type=\"section\" data-e-type=\"section\" data-settings=\"{&quot;background_background&quot;:&quot;classic&quot;}\">\n\t\t\t\t\t\t<div class=\"elementor-container elementor-column-gap-default\">\n\t\t\t\t\t<div class=\"elementor-column elementor-col-100 elementor-top-column elementor-element elementor-element-d3a7c78\" data-id=\"d3a7c78\" data-element_type=\"column\" data-e-type=\"column\">\n\t\t\t<div class=\"elementor-widget-wrap elementor-element-populated\">\n\t\t\t\t\t\t<div class=\"elementor-element elementor-element-0bbf548 elementor-widget elementor-widget-text-editor\" data-id=\"0bbf548\" data-element_type=\"widget\" data-e-type=\"widget\" data-widget_type=\"text-editor.default\">\n\t\t\t\t<div class=\"elementor-widget-container\">\n\t\t\t\t\t\t\t\t\t<p>L\u00e0 cha m\u1eb9, b\u1ea1n l\u00e0 ng\u01b0\u1eddi c\u00f3 \u1ea3nh h\u01b0\u1edfng nh\u1ea5t trong cu\u1ed9c \u0111\u1eddi con b\u1ea1n, cho d\u00f9 b\u1ea1n c\u00f3 nh\u1eadn ra hay kh\u00f4ng. C\u00e1c nghi\u00ean c\u1ee9u cho th\u1ea5y thanh thi\u1ebfu ni\u00ean kh\u00f4ng ch\u1ec9 t\u00ecm \u0111\u1ebfn cha m\u1eb9 \u0111\u1ec3 xin l\u1eddi khuy\u00ean v\u00e0 th\u00f4ng tin m\u00e0 c\u00f2n mu\u1ed1n n\u00f3i chuy\u1ec7n v\u1edbi b\u1ea1n v\u1ec1 c\u1ea3m x\u00fac v\u00e0 m\u1ed1i quan h\u1ec7 c\u1ee7a h\u1ecd. M\u1ecdi ng\u01b0\u1eddi tr\u1ebb \u0111\u1ec1u c\u1ea7n th\u00f4ng tin gi\u00fap h\u1ecd b\u1ea3o v\u1ec7 s\u1ee9c kh\u1ecfe t\u00ecnh d\u1ee5c c\u1ee7a m\u00ecnh.<\/p><p>S\u1edf Y t\u1ebf Tulsa\u00a0<a href=\"http:\/\/preptulsa.org\/\">ch\u01b0\u01a1ng tr\u00ecnh PREP<\/a>\u00a0B\u1ed9 c\u00f4ng c\u1ee5 d\u00e0nh cho ph\u1ee5 huynh l\u00e0 n\u01a1i t\u1ed1t \u0111\u1ec3 b\u1eaft \u0111\u1ea7u l\u00e0m quen v\u1edbi s\u1ee9c kh\u1ecfe thanh thi\u1ebfu ni\u00ean.<\/p>\t\t\t\t\t\t\t\t<\/div>\n\t\t\t\t<\/div>\n\t\t\t\t<div class=\"elementor-element elementor-element-e0fdbeb elementor-widget__width-auto elementor-widget elementor-widget-button\" data-id=\"e0fdbeb\" data-element_type=\"widget\" data-e-type=\"widget\" data-widget_type=\"button.default\">\n\t\t\t\t<div class=\"elementor-widget-container\">\n\t\t\t\t\t\t\t\t\t<div class=\"elementor-button-wrapper\">\n\t\t\t\t\t<a class=\"elementor-button elementor-button-link elementor-size-sm\" href=\"\/wp-content\/uploads\/2023\/05\/parent-toolkit-nov2017-eng.pdf\">\n\t\t\t\t\t\t<span class=\"elementor-button-content-wrapper\">\n\t\t\t\t\t\t\t\t\t<span class=\"elementor-button-text\">B\u1ed9 c\u00f4ng c\u1ee5 d\u00e0nh cho ph\u1ee5 huynh PREP (ti\u1ebfng Anh)<\/span>\n\t\t\t\t\t<\/span>\n\t\t\t\t\t<\/a>\n\t\t\t\t<\/div>\n\t\t\t\t\t\t\t\t<\/div>\n\t\t\t\t<\/div>\n\t\t\t\t<div class=\"elementor-element elementor-element-ed9d6c5 elementor-widget__width-auto elementor-widget elementor-widget-button\" data-id=\"ed9d6c5\" data-element_type=\"widget\" data-e-type=\"widget\" data-widget_type=\"button.default\">\n\t\t\t\t<div class=\"elementor-widget-container\">\n\t\t\t\t\t\t\t\t\t<div class=\"elementor-button-wrapper\">\n\t\t\t\t\t<a class=\"elementor-button elementor-button-link elementor-size-sm\" href=\"\/wp-content\/uploads\/2023\/05\/parent-toolkit-nov2017-spa.pdf\">\n\t\t\t\t\t\t<span class=\"elementor-button-content-wrapper\">\n\t\t\t\t\t\t\t\t\t<span class=\"elementor-button-text\">B\u1ed9 c\u00f4ng c\u1ee5 d\u00e0nh cho ph\u1ee5 huynh PREP (ti\u1ebfng T\u00e2y Ban Nha)<\/span>\n\t\t\t\t\t<\/span>\n\t\t\t\t\t<\/a>\n\t\t\t\t<\/div>\n\t\t\t\t\t\t\t\t<\/div>\n\t\t\t\t<\/div>\n\t\t\t\t\t<\/div>\n\t\t<\/div>\n\t\t\t\t\t<\/div>\n\t\t<\/section>\n\t\t\t\t<section class=\"elementor-section elementor-top-section elementor-element elementor-element-9adc9ea elementor-section-full_width elementor-section-height-default elementor-section-height-default\" data-id=\"9adc9ea\" data-element_type=\"section\" data-e-type=\"section\">\n\t\t\t\t\t\t<div class=\"elementor-container elementor-column-gap-default\">\n\t\t\t\t\t<div class=\"elementor-column elementor-col-100 elementor-top-column elementor-element elementor-element-b7b658b\" data-id=\"b7b658b\" data-element_type=\"column\" data-e-type=\"column\">\n\t\t\t<div class=\"elementor-widget-wrap elementor-element-populated\">\n\t\t\t\t\t\t<div class=\"elementor-element elementor-element-6d51b28 elementor-widget elementor-widget-shortcode\" data-id=\"6d51b28\" data-element_type=\"widget\" data-e-type=\"widget\" data-widget_type=\"shortcode.default\">\n\t\t\t\t<div class=\"elementor-widget-container\">\n\t\t\t\t\t\t\t<div class=\"elementor-shortcode\">\t\t<div data-elementor-type=\"section\" data-elementor-id=\"4934\" class=\"elementor elementor-4934\" data-elementor-post-type=\"elementor_library\">\n\t\t\t\t\t<section class=\"elementor-section elementor-top-section elementor-element elementor-element-4469b59d elementor-section-stretched elementor-section-boxed elementor-section-height-default elementor-section-height-default\" data-id=\"4469b59d\" data-element_type=\"section\" data-e-type=\"section\" data-settings=\"{&quot;background_background&quot;:&quot;classic&quot;,&quot;stretch_section&quot;:&quot;section-stretched&quot;}\">\n\t\t\t\t\t\t\t<div class=\"elementor-background-overlay\"><\/div>\n\t\t\t\t\t\t\t<div class=\"elementor-container elementor-column-gap-default\">\n\t\t\t\t\t<div class=\"elementor-column elementor-col-100 elementor-top-column elementor-element elementor-element-615ea353\" data-id=\"615ea353\" data-element_type=\"column\" data-e-type=\"column\">\n\t\t\t<div class=\"elementor-widget-wrap elementor-element-populated\">\n\t\t\t\t\t\t<div class=\"elementor-element elementor-element-bdb2691 elementor-widget elementor-widget-heading\" data-id=\"bdb2691\" data-element_type=\"widget\" data-e-type=\"widget\" data-widget_type=\"heading.default\">\n\t\t\t\t<div class=\"elementor-widget-container\">\n\t\t\t\t\t<h5 class=\"elementor-heading-title elementor-size-default\">\u0110\u1ecaA \u0110I\u1ec2M<\/h5>\t\t\t\t<\/div>\n\t\t\t\t<\/div>\n\t\t\t\t<div class=\"elementor-element elementor-element-00f74f9 elementor-widget elementor-widget-text-editor\" data-id=\"00f74f9\" data-element_type=\"widget\" data-e-type=\"widget\" data-widget_type=\"text-editor.default\">\n\t\t\t\t<div class=\"elementor-widget-container\">\n\t\t\t\t\t\t\t\t\t<p>Ch\u00fang t\u00f4i c\u00f3 9 c\u01a1 s\u1edf tr\u00ean kh\u1eafp Qu\u1eadn Tulsa cung c\u1ea5p nhi\u1ec1u d\u1ecbch v\u1ee5 kh\u00e1c nhau \u0111\u1ec3 gi\u00fap b\u1ea1n v\u00e0 gia \u0111\u00ecnh lu\u00f4n kh\u1ecfe m\u1ea1nh.<\/p>\t\t\t\t\t\t\t\t<\/div>\n\t\t\t\t<\/div>\n\t\t\t\t<div class=\"elementor-element elementor-element-fd63501 elementor-align-center secondary elementor-widget elementor-widget-button\" data-id=\"fd63501\" data-element_type=\"widget\" data-e-type=\"widget\" data-widget_type=\"button.default\">\n\t\t\t\t<div class=\"elementor-widget-container\">\n\t\t\t\t\t\t\t\t\t<div class=\"elementor-button-wrapper\">\n\t\t\t\t\t<a class=\"elementor-button elementor-button-link elementor-size-sm\" href=\"\/vi\/locations\/\">\n\t\t\t\t\t\t<span class=\"elementor-button-content-wrapper\">\n\t\t\t\t\t\t\t\t\t<span class=\"elementor-button-text\">T\u00ecm c\u1ee7a b\u1ea1n<\/span>\n\t\t\t\t\t<\/span>\n\t\t\t\t\t<\/a>\n\t\t\t\t<\/div>\n\t\t\t\t\t\t\t\t<\/div>\n\t\t\t\t<\/div>\n\t\t\t\t\t<\/div>\n\t\t<\/div>\n\t\t\t\t\t<\/div>\n\t\t<\/section>\n\t\t\t\t<\/div>\n\t\t<\/div>\n\t\t\t\t\t\t<\/div>\n\t\t\t\t<\/div>\n\t\t\t\t\t<\/div>\n\t\t<\/div>\n\t\t\t\t\t<\/div>\n\t\t<\/section>\n\t\t\t\t<\/div>","protected":false},"excerpt":{"rendered":"<p>Parent&#8217;s Guide\u200b As parents, you are the most influential person in your teen\u2019s life, whether you realize it or not. Studies show that teens not only look to their parents for advice and information, but they want to talk to you about their feelings and relationships. Every young person needs information that will help them [&hellip;]<\/p>\n","protected":false},"author":1,"featured_media":10411,"parent":1772,"menu_order":0,"comment_status":"closed","ping_status":"closed","template":"elementor_header_footer","meta":{"_acf_changed":false,"footnotes":""},"class_list":["post-1796","page","type-page","status-publish","has-post-thumbnail","hentry"],"acf":[],"yoast_head":"<!-- This site is optimized with the Yoast SEO plugin v27.5 - https:\/\/yoast.com\/product\/yoast-seo-wordpress\/ -->\n<title>Parent&#039;s Guide - Tulsa Health Department<\/title>\n<meta name=\"description\" content=\"Studies show that teens not only look to their parents for advice and information, but they want to talk to you about their feelings and relationships. Every young person needs information that will help them protect their sexual health.\" \/>\n<meta name=\"robots\" content=\"index, follow, max-snippet:-1, max-image-preview:large, max-video-preview:-1\" \/>\n<link rel=\"canonical\" href=\"https:\/\/tulsa-health.org\/vi\/services\/family-health-services\/teen-health\/parents-guide\/\" \/>\n<meta property=\"og:locale\" content=\"vi_VN\" \/>\n<meta property=\"og:type\" content=\"article\" \/>\n<meta property=\"og:title\" content=\"Parent&#039;s Guide - Tulsa Health Department\" \/>\n<meta property=\"og:description\" content=\"Studies show that teens not only look to their parents for advice and information, but they want to talk to you about their feelings and relationships. Every young person needs information that will help them protect their sexual health.\" \/>\n<meta property=\"og:url\" content=\"https:\/\/tulsa-health.org\/vi\/services\/family-health-services\/teen-health\/parents-guide\/\" \/>\n<meta property=\"og:site_name\" content=\"Tulsa Health Department\" \/>\n<meta property=\"article:modified_time\" content=\"2023-12-21T16:12:13+00:00\" \/>\n<meta property=\"og:image\" content=\"https:\/\/tulsa-health.org\/wp-content\/uploads\/2023\/07\/guide-to-sex-health-iStock-941814986-1.jpg\" \/>\n\t<meta property=\"og:image:width\" content=\"1619\" \/>\n\t<meta property=\"og:image:height\" content=\"1080\" \/>\n\t<meta property=\"og:image:type\" content=\"image\/jpeg\" \/>\n<meta name=\"twitter:card\" content=\"summary_large_image\" \/>\n<meta name=\"twitter:label1\" content=\"\u01af\u1edbc t\u00ednh th\u1eddi gian \u0111\u1ecdc\" \/>\n\t<meta name=\"twitter:data1\" content=\"1 ph\u00fat\" \/>\n<script type=\"application\/ld+json\" class=\"yoast-schema-graph\">{\"@context\":\"https:\\\/\\\/schema.org\",\"@graph\":[{\"@type\":\"WebPage\",\"@id\":\"https:\\\/\\\/tulsa-health.org\\\/services\\\/family-health-services\\\/teen-health\\\/parents-guide\\\/\",\"url\":\"https:\\\/\\\/tulsa-health.org\\\/services\\\/family-health-services\\\/teen-health\\\/parents-guide\\\/\",\"name\":\"Parent's Guide - Tulsa Health Department\",\"isPartOf\":{\"@id\":\"https:\\\/\\\/tulsa-health.org\\\/es\\\/#website\"},\"primaryImageOfPage\":{\"@id\":\"https:\\\/\\\/tulsa-health.org\\\/services\\\/family-health-services\\\/teen-health\\\/parents-guide\\\/#primaryimage\"},\"image\":{\"@id\":\"https:\\\/\\\/tulsa-health.org\\\/services\\\/family-health-services\\\/teen-health\\\/parents-guide\\\/#primaryimage\"},\"thumbnailUrl\":\"https:\\\/\\\/tulsa-health.org\\\/wp-content\\\/uploads\\\/2023\\\/07\\\/guide-to-sex-health-iStock-941814986-1.jpg\",\"datePublished\":\"2023-05-02T22:24:49+00:00\",\"dateModified\":\"2023-12-21T16:12:13+00:00\",\"description\":\"Studies show that teens not only look to their parents for advice and information, but they want to talk to you about their feelings and relationships. Every young person needs information that will help them protect their sexual health.\",\"breadcrumb\":{\"@id\":\"https:\\\/\\\/tulsa-health.org\\\/services\\\/family-health-services\\\/teen-health\\\/parents-guide\\\/#breadcrumb\"},\"inLanguage\":\"vi\",\"potentialAction\":[{\"@type\":\"ReadAction\",\"target\":[\"https:\\\/\\\/tulsa-health.org\\\/services\\\/family-health-services\\\/teen-health\\\/parents-guide\\\/\"]}]},{\"@type\":\"ImageObject\",\"inLanguage\":\"vi\",\"@id\":\"https:\\\/\\\/tulsa-health.org\\\/services\\\/family-health-services\\\/teen-health\\\/parents-guide\\\/#primaryimage\",\"url\":\"https:\\\/\\\/tulsa-health.org\\\/wp-content\\\/uploads\\\/2023\\\/07\\\/guide-to-sex-health-iStock-941814986-1.jpg\",\"contentUrl\":\"https:\\\/\\\/tulsa-health.org\\\/wp-content\\\/uploads\\\/2023\\\/07\\\/guide-to-sex-health-iStock-941814986-1.jpg\",\"width\":1619,\"height\":1080,\"caption\":\"Guide To Sex Health\"},{\"@type\":\"BreadcrumbList\",\"@id\":\"https:\\\/\\\/tulsa-health.org\\\/services\\\/family-health-services\\\/teen-health\\\/parents-guide\\\/#breadcrumb\",\"itemListElement\":[{\"@type\":\"ListItem\",\"position\":1,\"name\":\"Home\",\"item\":\"https:\\\/\\\/tulsa-health.org\\\/\"},{\"@type\":\"ListItem\",\"position\":2,\"name\":\"Services\",\"item\":\"https:\\\/\\\/tulsa-health.org\\\/services\\\/\"},{\"@type\":\"ListItem\",\"position\":3,\"name\":\"Family Health Services\",\"item\":\"https:\\\/\\\/tulsa-health.org\\\/services\\\/family-health-services\\\/\"},{\"@type\":\"ListItem\",\"position\":4,\"name\":\"Teen Health\",\"item\":\"https:\\\/\\\/tulsa-health.org\\\/services\\\/family-health-services\\\/teen-health\\\/\"},{\"@type\":\"ListItem\",\"position\":5,\"name\":\"Parent&#8217;s Guide\"}]},{\"@type\":\"WebSite\",\"@id\":\"https:\\\/\\\/tulsa-health.org\\\/es\\\/#website\",\"url\":\"https:\\\/\\\/tulsa-health.org\\\/es\\\/\",\"name\":\"Tulsa Health Department\",\"description\":\"Clinical Services, Immunizations, Permits and More | Tulsa Health Department\",\"potentialAction\":[{\"@type\":\"SearchAction\",\"target\":{\"@type\":\"EntryPoint\",\"urlTemplate\":\"https:\\\/\\\/tulsa-health.org\\\/es\\\/?s={search_term_string}\"},\"query-input\":{\"@type\":\"PropertyValueSpecification\",\"valueRequired\":true,\"valueName\":\"search_term_string\"}}],\"inLanguage\":\"vi\"}]}<\/script>\n<!-- \/ Yoast SEO plugin. -->","yoast_head_json":{"title":"H\u01b0\u1edbng d\u1eabn d\u00e0nh cho ph\u1ee5 huynh - S\u1edf Y t\u1ebf Tulsa","description":"C\u00e1c nghi\u00ean c\u1ee9u cho th\u1ea5y thanh thi\u1ebfu ni\u00ean kh\u00f4ng ch\u1ec9 t\u00ecm \u0111\u1ebfn cha m\u1eb9 \u0111\u1ec3 xin l\u1eddi khuy\u00ean v\u00e0 th\u00f4ng tin, m\u00e0 c\u00f2n mu\u1ed1n chia s\u1ebb v\u1edbi b\u1ea1n v\u1ec1 c\u1ea3m x\u00fac v\u00e0 c\u00e1c m\u1ed1i quan h\u1ec7 c\u1ee7a m\u00ecnh. M\u1ecdi thanh thi\u1ebfu ni\u00ean \u0111\u1ec1u c\u1ea7n nh\u1eefng th\u00f4ng tin gi\u00fap h\u1ecd b\u1ea3o v\u1ec7 s\u1ee9c kh\u1ecfe t\u00ecnh d\u1ee5c.","robots":{"index":"index","follow":"follow","max-snippet":"max-snippet:-1","max-image-preview":"max-image-preview:large","max-video-preview":"max-video-preview:-1"},"canonical":"https:\/\/tulsa-health.org\/vi\/services\/family-health-services\/teen-health\/parents-guide\/","og_locale":"vi_VN","og_type":"article","og_title":"Parent's Guide - Tulsa Health Department","og_description":"Studies show that teens not only look to their parents for advice and information, but they want to talk to you about their feelings and relationships. Every young person needs information that will help them protect their sexual health.","og_url":"https:\/\/tulsa-health.org\/vi\/services\/family-health-services\/teen-health\/parents-guide\/","og_site_name":"Tulsa Health Department","article_modified_time":"2023-12-21T16:12:13+00:00","og_image":[{"width":1619,"height":1080,"url":"https:\/\/tulsa-health.org\/wp-content\/uploads\/2023\/07\/guide-to-sex-health-iStock-941814986-1.jpg","type":"image\/jpeg"}],"twitter_card":"summary_large_image","twitter_misc":{"\u01af\u1edbc t\u00ednh th\u1eddi gian \u0111\u1ecdc":"1 ph\u00fat"},"schema":{"@context":"https:\/\/schema.org","@graph":[{"@type":"WebPage","@id":"https:\/\/tulsa-health.org\/services\/family-health-services\/teen-health\/parents-guide\/","url":"https:\/\/tulsa-health.org\/services\/family-health-services\/teen-health\/parents-guide\/","name":"H\u01b0\u1edbng d\u1eabn d\u00e0nh cho ph\u1ee5 huynh - S\u1edf Y t\u1ebf Tulsa","isPartOf":{"@id":"https:\/\/tulsa-health.org\/es\/#website"},"primaryImageOfPage":{"@id":"https:\/\/tulsa-health.org\/services\/family-health-services\/teen-health\/parents-guide\/#primaryimage"},"image":{"@id":"https:\/\/tulsa-health.org\/services\/family-health-services\/teen-health\/parents-guide\/#primaryimage"},"thumbnailUrl":"https:\/\/tulsa-health.org\/wp-content\/uploads\/2023\/07\/guide-to-sex-health-iStock-941814986-1.jpg","datePublished":"2023-05-02T22:24:49+00:00","dateModified":"2023-12-21T16:12:13+00:00","description":"C\u00e1c nghi\u00ean c\u1ee9u cho th\u1ea5y thanh thi\u1ebfu ni\u00ean kh\u00f4ng ch\u1ec9 t\u00ecm \u0111\u1ebfn cha m\u1eb9 \u0111\u1ec3 xin l\u1eddi khuy\u00ean v\u00e0 th\u00f4ng tin, m\u00e0 c\u00f2n mu\u1ed1n chia s\u1ebb v\u1edbi b\u1ea1n v\u1ec1 c\u1ea3m x\u00fac v\u00e0 c\u00e1c m\u1ed1i quan h\u1ec7 c\u1ee7a m\u00ecnh. M\u1ecdi thanh thi\u1ebfu ni\u00ean \u0111\u1ec1u c\u1ea7n nh\u1eefng th\u00f4ng tin gi\u00fap h\u1ecd b\u1ea3o v\u1ec7 s\u1ee9c kh\u1ecfe t\u00ecnh d\u1ee5c.","breadcrumb":{"@id":"https:\/\/tulsa-health.org\/services\/family-health-services\/teen-health\/parents-guide\/#breadcrumb"},"inLanguage":"vi","potentialAction":[{"@type":"ReadAction","target":["https:\/\/tulsa-health.org\/services\/family-health-services\/teen-health\/parents-guide\/"]}]},{"@type":"ImageObject","inLanguage":"vi","@id":"https:\/\/tulsa-health.org\/services\/family-health-services\/teen-health\/parents-guide\/#primaryimage","url":"https:\/\/tulsa-health.org\/wp-content\/uploads\/2023\/07\/guide-to-sex-health-iStock-941814986-1.jpg","contentUrl":"https:\/\/tulsa-health.org\/wp-content\/uploads\/2023\/07\/guide-to-sex-health-iStock-941814986-1.jpg","width":1619,"height":1080,"caption":"Guide To Sex Health"},{"@type":"BreadcrumbList","@id":"https:\/\/tulsa-health.org\/services\/family-health-services\/teen-health\/parents-guide\/#breadcrumb","itemListElement":[{"@type":"ListItem","position":1,"name":"Home","item":"https:\/\/tulsa-health.org\/"},{"@type":"ListItem","position":2,"name":"Services","item":"https:\/\/tulsa-health.org\/services\/"},{"@type":"ListItem","position":3,"name":"Family Health Services","item":"https:\/\/tulsa-health.org\/services\/family-health-services\/"},{"@type":"ListItem","position":4,"name":"Teen Health","item":"https:\/\/tulsa-health.org\/services\/family-health-services\/teen-health\/"},{"@type":"ListItem","position":5,"name":"Parent&#8217;s Guide"}]},{"@type":"WebSite","@id":"https:\/\/tulsa-health.org\/es\/#website","url":"https:\/\/tulsa-health.org\/es\/","name":"S\u1edf Y t\u1ebf Tulsa","description":"D\u1ecbch v\u1ee5 l\u00e2m s\u00e0ng, ti\u00eam ch\u1ee7ng, gi\u1ea5y ph\u00e9p v\u00e0 nhi\u1ec1u h\u01a1n n\u1eefa | S\u1edf Y t\u1ebf Tulsa","potentialAction":[{"@type":"SearchAction","target":{"@type":"EntryPoint","urlTemplate":"https:\/\/tulsa-health.org\/es\/?s={search_term_string}"},"query-input":{"@type":"PropertyValueSpecification","valueRequired":true,"valueName":"search_term_string"}}],"inLanguage":"vi"}]}},"publishpress_future_workflow_manual_trigger":{"enabledWorkflows":[]},"_links":{"self":[{"href":"https:\/\/tulsa-health.org\/vi\/wp-json\/wp\/v2\/pages\/1796","targetHints":{"allow":["GET"]}}],"collection":[{"href":"https:\/\/tulsa-health.org\/vi\/wp-json\/wp\/v2\/pages"}],"about":[{"href":"https:\/\/tulsa-health.org\/vi\/wp-json\/wp\/v2\/types\/page"}],"author":[{"embeddable":true,"href":"https:\/\/tulsa-health.org\/vi\/wp-json\/wp\/v2\/users\/1"}],"replies":[{"embeddable":true,"href":"https:\/\/tulsa-health.org\/vi\/wp-json\/wp\/v2\/comments?post=1796"}],"version-history":[{"count":0,"href":"https:\/\/tulsa-health.org\/vi\/wp-json\/wp\/v2\/pages\/1796\/revisions"}],"up":[{"embeddable":true,"href":"https:\/\/tulsa-health.org\/vi\/wp-json\/wp\/v2\/pages\/1772"}],"wp:featuredmedia":[{"embeddable":true,"href":"https:\/\/tulsa-health.org\/vi\/wp-json\/wp\/v2\/media\/10411"}],"wp:attachment":[{"href":"https:\/\/tulsa-health.org\/vi\/wp-json\/wp\/v2\/media?parent=1796"}],"curies":[{"name":"wp","href":"https:\/\/api.w.org\/{rel}","templated":true}]}}