{"id":1872,"date":"2023-05-02T17:58:49","date_gmt":"2023-05-02T22:58:49","guid":{"rendered":"https:\/\/test.tulsa-health.org\/?page_id=1872"},"modified":"2023-12-20T19:50:56","modified_gmt":"2023-12-21T01:50:56","slug":"dont-bug-me","status":"publish","type":"page","link":"https:\/\/tulsa-health.org\/vi\/services\/family-health-services\/illness-and-disease\/dont-bug-me\/","title":{"rendered":"\u0110\u1eebng l\u00e0m phi\u1ec1n t\u00f4i"},"content":{"rendered":"<div data-elementor-type=\"wp-page\" data-elementor-id=\"1872\" class=\"elementor elementor-1872\" data-elementor-post-type=\"page\">\n\t\t\t\t\t\t<section class=\"elementor-section elementor-top-section elementor-element elementor-element-14bd37b elementor-section-full_width elementor-section-height-min-height elementor-section-height-default elementor-section-items-middle\" data-id=\"14bd37b\" data-element_type=\"section\" data-e-type=\"section\" data-settings=\"{&quot;background_background&quot;:&quot;classic&quot;}\">\n\t\t\t\t\t\t<div class=\"elementor-container elementor-column-gap-no\">\n\t\t\t\t\t<div class=\"elementor-column elementor-col-100 elementor-top-column elementor-element elementor-element-a9ef56a\" data-id=\"a9ef56a\" data-element_type=\"column\" data-e-type=\"column\">\n\t\t\t<div class=\"elementor-widget-wrap\">\n\t\t\t\t\t\t\t<\/div>\n\t\t<\/div>\n\t\t\t\t\t<\/div>\n\t\t<\/section>\n\t\t\t\t<section class=\"elementor-section elementor-top-section elementor-element elementor-element-e7659f3 elementor-section-boxed elementor-section-height-default elementor-section-height-default\" data-id=\"e7659f3\" data-element_type=\"section\" data-e-type=\"section\" data-settings=\"{&quot;background_background&quot;:&quot;classic&quot;}\">\n\t\t\t\t\t\t<div class=\"elementor-container elementor-column-gap-default\">\n\t\t\t\t\t<div class=\"elementor-column elementor-col-100 elementor-top-column elementor-element elementor-element-5d1fb0e\" data-id=\"5d1fb0e\" data-element_type=\"column\" data-e-type=\"column\">\n\t\t\t<div class=\"elementor-widget-wrap elementor-element-populated\">\n\t\t\t\t\t\t<div class=\"elementor-element elementor-element-80b2c47 elementor-widget elementor-widget-heading\" data-id=\"80b2c47\" data-element_type=\"widget\" data-e-type=\"widget\" data-widget_type=\"heading.default\">\n\t\t\t\t<div class=\"elementor-widget-container\">\n\t\t\t\t\t<h1 class=\"elementor-heading-title elementor-size-default\">\u0110\u1eebng l\u00e0m phi\u1ec1n t\u00f4i<\/h1>\t\t\t\t<\/div>\n\t\t\t\t<\/div>\n\t\t\t\t<div class=\"elementor-element elementor-element-c4bfb03 elementor-widget elementor-widget-text-editor\" data-id=\"c4bfb03\" data-element_type=\"widget\" data-e-type=\"widget\" data-widget_type=\"text-editor.default\">\n\t\t\t\t<div class=\"elementor-widget-container\">\n\t\t\t\t\t\t\t\t\t<p>Chi\u1ebfn d\u1ecbch ph\u00f2ng ng\u1eeba v\u00e0 nh\u1eadn th\u1ee9c v\u1ec1 b\u1ec7nh c\u00fam \u201c\u0110\u1eebng l\u00e0m phi\u1ec1n t\u00f4i\u201d \u0111\u01b0\u1ee3c thi\u1ebft k\u1ebf \u0111\u1ec3 d\u1ea1y c\u00e1c th\u00f3i quen l\u1ed1i s\u1ed1ng l\u00e0nh m\u1ea1nh nh\u1eb1m tr\u00e1nh m\u1eafc ho\u1eb7c l\u00e2y lan b\u1ec7nh c\u00fam.\u200b<\/p>\t\t\t\t\t\t\t\t<\/div>\n\t\t\t\t<\/div>\n\t\t\t\t\t<\/div>\n\t\t<\/div>\n\t\t\t\t\t<\/div>\n\t\t<\/section>\n\t\t\t\t<section class=\"elementor-section elementor-top-section elementor-element elementor-element-c76dcfe elementor-section-boxed elementor-section-height-default elementor-section-height-default\" data-id=\"c76dcfe\" data-element_type=\"section\" data-e-type=\"section\" data-settings=\"{&quot;background_background&quot;:&quot;classic&quot;}\">\n\t\t\t\t\t\t<div class=\"elementor-container elementor-column-gap-default\">\n\t\t\t\t\t<div class=\"elementor-column elementor-col-100 elementor-top-column elementor-element elementor-element-fa478d7\" data-id=\"fa478d7\" data-element_type=\"column\" data-e-type=\"column\">\n\t\t\t<div class=\"elementor-widget-wrap elementor-element-populated\">\n\t\t\t\t\t\t<div class=\"elementor-element elementor-element-d5b9037 elementor-widget elementor-widget-text-editor\" data-id=\"d5b9037\" data-element_type=\"widget\" data-e-type=\"widget\" data-widget_type=\"text-editor.default\">\n\t\t\t\t<div class=\"elementor-widget-container\">\n\t\t\t\t\t\t\t\t\t<h2>L\u00fd l\u1ecbch<\/h2><p>N\u1ed7 l\u1ef1c n\u00e2ng cao nh\u1eadn th\u1ee9c chung n\u00e0y gi\u1eefa\u00a0<a href=\"https:\/\/hillcrestmedicalcenter.com\/\">Trung t\u00e2m y t\u1ebf Hillcrest\u00a0<\/a>v\u00e0 S\u1edf Y t\u1ebf Tulsa \u0111\u01b0\u1ee3c ti\u1ebfn h\u00e0nh kh\u1eafp c\u00e1c l\u1edbp h\u1ecdc v\u00e0 doanh nghi\u1ec7p, \u0111\u1ed3ng th\u1eddi \u0111\u01b0\u1ee3c h\u1ed7 tr\u1ee3 b\u1edfi c\u00e1c t\u00e0i li\u1ec7u cung c\u1ea5p cho gi\u00e1o vi\u00ean v\u00e0 doanh nghi\u1ec7p; xu\u1ea5t hi\u1ec7n tr\u01b0\u1edbc c\u00f4ng ch\u00fang; v\u00e0 in \u1ea5n, ph\u00e1t s\u00f3ng v\u00e0 qu\u1ea3ng c\u00e1o ngo\u00e0i tr\u1eddi. B\u1eb1ng c\u00e1ch l\u00e0m theo c\u00e1c h\u01b0\u1edbng d\u1eabn v\u00e0 th\u00f4ng \u0111i\u1ec7p \u0111\u01b0\u1ee3c n\u00eau trong chi\u1ebfn d\u1ecbch \u201c\u0110\u1eebng l\u00e0m phi\u1ec1n t\u00f4i\u201d, b\u1ea1n c\u00f3 th\u1ec3 gi\u00fap ng\u0103n ch\u1eb7n b\u1ec7nh c\u00fam.<\/p><p>Chi\u1ebfn d\u1ecbch n\u00e0y \u0111\u01b0\u1ee3c tri\u1ec3n khai l\u1ea7n \u0111\u1ea7u ti\u00ean v\u00e0o n\u0103m 2004 do t\u00ecnh tr\u1ea1ng thi\u1ebfu v\u1eafc xin c\u00fam tr\u00ean to\u00e0n qu\u1ed1c. Chi\u1ebfn d\u1ecbch \u201c\u0110\u1eebng l\u00e0m phi\u1ec1n t\u00f4i\u201d \u0111\u00e3 \u0111\u01b0\u1ee3c Hi\u1ec7p h\u1ed9i Qu\u1ed1c gia c\u00e1c Quan ch\u1ee9c Y t\u1ebf Qu\u1eadn v\u00e0 Th\u00e0nh ph\u1ed1 \u0111\u00e1nh gi\u00e1 l\u00e0 m\u1ed9t ch\u01b0\u01a1ng tr\u00ecnh ph\u00f2ng ng\u1eeba s\u1ee9c kh\u1ecfe hi\u1ec7u qu\u1ea3 v\u00e0 \u0111\u01b0\u1ee3c nh\u00e2n r\u1ed9ng tr\u00ean to\u00e0n qu\u1ed1c. Th\u00f4ng \u0111i\u1ec7p ph\u1ed5 qu\u00e1t c\u1ee7a chi\u1ebfn d\u1ecbch \u0111\u00e3 t\u1ea1o ra nh\u1eefng y\u00eau c\u1ea7u cung c\u1ea5p t\u00e0i li\u1ec7u cho chi\u1ebfn d\u1ecbch t\u1eeb nh\u1eefng n\u01a1i xa x\u00f4i nh\u01b0 Malaysia. Chi\u1ebfn d\u1ecbch n\u00e0y c\u0169ng \u0111\u00e3 nh\u1eadn \u0111\u01b0\u1ee3c c\u1ea3 gi\u1ea3i th\u01b0\u1edfng Nh\u00e0 v\u00f4 \u0111\u1ecbch v\u1ec1 S\u1ee9c kh\u1ecfe Tr\u1ebb em v\u00e0 Gi\u1ea3i \u0110\u1ed3ng Quill c\u1ee7a Hi\u1ec7p h\u1ed9i Truy\u1ec1n th\u00f4ng Doanh nghi\u1ec7p Qu\u1ed1c t\u1ebf v\u00ec t\u00e1c \u0111\u1ed9ng c\u1ee7a n\u00f3 \u0111\u1ed1i v\u1edbi s\u1ee9c kh\u1ecfe c\u1ee7a c\u1ed9ng \u0111\u1ed3ng Tulsa.<\/p>\t\t\t\t\t\t\t\t<\/div>\n\t\t\t\t<\/div>\n\t\t\t\t<div class=\"elementor-element elementor-element-446305a elementor-widget elementor-widget-button\" data-id=\"446305a\" data-element_type=\"widget\" data-e-type=\"widget\" data-widget_type=\"button.default\">\n\t\t\t\t<div class=\"elementor-widget-container\">\n\t\t\t\t\t\t\t\t\t<div class=\"elementor-button-wrapper\">\n\t\t\t\t\t<a class=\"elementor-button elementor-button-link elementor-size-sm\" href=\"https:\/\/hillcrestmedicalcenter.com\/dontbugme\">\n\t\t\t\t\t\t<span class=\"elementor-button-content-wrapper\">\n\t\t\t\t\t\t\t\t\t<span class=\"elementor-button-text\">T\u1ea3i xu\u1ed1ng t\u00e0i li\u1ec7u mi\u1ec5n ph\u00ed<\/span>\n\t\t\t\t\t<\/span>\n\t\t\t\t\t<\/a>\n\t\t\t\t<\/div>\n\t\t\t\t\t\t\t\t<\/div>\n\t\t\t\t<\/div>\n\t\t\t\t<div class=\"elementor-element elementor-element-6443ed2 elementor-widget elementor-widget-video\" data-id=\"6443ed2\" data-element_type=\"widget\" data-e-type=\"widget\" data-settings=\"{&quot;youtube_url&quot;:&quot;https:\\\/\\\/www.youtube.com\\\/watch?v=Soxok-Ckhps&quot;,&quot;video_type&quot;:&quot;youtube&quot;,&quot;controls&quot;:&quot;yes&quot;}\" data-widget_type=\"video.default\">\n\t\t\t\t<div class=\"elementor-widget-container\">\n\t\t\t\t\t\t\t<div class=\"elementor-wrapper elementor-open-inline\">\n\t\t\t<div class=\"elementor-video\"><\/div>\t\t<\/div>\n\t\t\t\t\t\t<\/div>\n\t\t\t\t<\/div>\n\t\t\t\t\t<\/div>\n\t\t<\/div>\n\t\t\t\t\t<\/div>\n\t\t<\/section>\n\t\t\t\t<section class=\"elementor-section elementor-top-section elementor-element elementor-element-1cafcc5 elementor-section-full_width elementor-section-height-default elementor-section-height-default\" data-id=\"1cafcc5\" data-element_type=\"section\" data-e-type=\"section\">\n\t\t\t\t\t\t<div class=\"elementor-container elementor-column-gap-default\">\n\t\t\t\t\t<div class=\"elementor-column elementor-col-100 elementor-top-column elementor-element elementor-element-d4edb58\" data-id=\"d4edb58\" data-element_type=\"column\" data-e-type=\"column\">\n\t\t\t<div class=\"elementor-widget-wrap elementor-element-populated\">\n\t\t\t\t\t\t<div class=\"elementor-element elementor-element-0991558 elementor-widget elementor-widget-shortcode\" data-id=\"0991558\" data-element_type=\"widget\" data-e-type=\"widget\" data-widget_type=\"shortcode.default\">\n\t\t\t\t<div class=\"elementor-widget-container\">\n\t\t\t\t\t\t\t<div class=\"elementor-shortcode\">\t\t<div data-elementor-type=\"section\" data-elementor-id=\"4934\" class=\"elementor elementor-4934\" data-elementor-post-type=\"elementor_library\">\n\t\t\t\t\t<section class=\"elementor-section elementor-top-section elementor-element elementor-element-4469b59d elementor-section-stretched elementor-section-boxed elementor-section-height-default elementor-section-height-default\" data-id=\"4469b59d\" data-element_type=\"section\" data-e-type=\"section\" data-settings=\"{&quot;background_background&quot;:&quot;classic&quot;,&quot;stretch_section&quot;:&quot;section-stretched&quot;}\">\n\t\t\t\t\t\t\t<div class=\"elementor-background-overlay\"><\/div>\n\t\t\t\t\t\t\t<div class=\"elementor-container elementor-column-gap-default\">\n\t\t\t\t\t<div class=\"elementor-column elementor-col-100 elementor-top-column elementor-element elementor-element-615ea353\" data-id=\"615ea353\" data-element_type=\"column\" data-e-type=\"column\">\n\t\t\t<div class=\"elementor-widget-wrap elementor-element-populated\">\n\t\t\t\t\t\t<div class=\"elementor-element elementor-element-bdb2691 elementor-widget elementor-widget-heading\" data-id=\"bdb2691\" data-element_type=\"widget\" data-e-type=\"widget\" data-widget_type=\"heading.default\">\n\t\t\t\t<div class=\"elementor-widget-container\">\n\t\t\t\t\t<h5 class=\"elementor-heading-title elementor-size-default\">\u0110\u1ecaA \u0110I\u1ec2M<\/h5>\t\t\t\t<\/div>\n\t\t\t\t<\/div>\n\t\t\t\t<div class=\"elementor-element elementor-element-00f74f9 elementor-widget elementor-widget-text-editor\" data-id=\"00f74f9\" data-element_type=\"widget\" data-e-type=\"widget\" data-widget_type=\"text-editor.default\">\n\t\t\t\t<div class=\"elementor-widget-container\">\n\t\t\t\t\t\t\t\t\t<p>Ch\u00fang t\u00f4i c\u00f3 9 c\u01a1 s\u1edf tr\u00ean kh\u1eafp Qu\u1eadn Tulsa cung c\u1ea5p nhi\u1ec1u d\u1ecbch v\u1ee5 kh\u00e1c nhau \u0111\u1ec3 gi\u00fap b\u1ea1n v\u00e0 gia \u0111\u00ecnh lu\u00f4n kh\u1ecfe m\u1ea1nh.<\/p>\t\t\t\t\t\t\t\t<\/div>\n\t\t\t\t<\/div>\n\t\t\t\t<div class=\"elementor-element elementor-element-fd63501 elementor-align-center secondary elementor-widget elementor-widget-button\" data-id=\"fd63501\" data-element_type=\"widget\" data-e-type=\"widget\" data-widget_type=\"button.default\">\n\t\t\t\t<div class=\"elementor-widget-container\">\n\t\t\t\t\t\t\t\t\t<div class=\"elementor-button-wrapper\">\n\t\t\t\t\t<a class=\"elementor-button elementor-button-link elementor-size-sm\" href=\"\/vi\/locations\/\">\n\t\t\t\t\t\t<span class=\"elementor-button-content-wrapper\">\n\t\t\t\t\t\t\t\t\t<span class=\"elementor-button-text\">T\u00ecm c\u1ee7a b\u1ea1n<\/span>\n\t\t\t\t\t<\/span>\n\t\t\t\t\t<\/a>\n\t\t\t\t<\/div>\n\t\t\t\t\t\t\t\t<\/div>\n\t\t\t\t<\/div>\n\t\t\t\t\t<\/div>\n\t\t<\/div>\n\t\t\t\t\t<\/div>\n\t\t<\/section>\n\t\t\t\t<\/div>\n\t\t<\/div>\n\t\t\t\t\t\t<\/div>\n\t\t\t\t<\/div>\n\t\t\t\t\t<\/div>\n\t\t<\/div>\n\t\t\t\t\t<\/div>\n\t\t<\/section>\n\t\t\t\t<\/div>","protected":false},"excerpt":{"rendered":"<p>Don&#8217;t Bug Me\u200b The \u201cDon\u2019t Bug Me\u201d flu awareness and prevention campaign is designed to teach healthy lifestyle habits to avoid getting or spreading the flu.\u200b Background This joint\u00a0awareness effort between\u00a0Hillcrest Medical Center\u00a0and the Tulsa Health Department\u00a0is conducted throughout classrooms and businesses, and is supported by materials provided to teachers and businesses; public appearances; and [&hellip;]<\/p>\n","protected":false},"author":1,"featured_media":9827,"parent":1812,"menu_order":0,"comment_status":"closed","ping_status":"closed","template":"elementor_header_footer","meta":{"_acf_changed":false,"footnotes":""},"class_list":["post-1872","page","type-page","status-publish","has-post-thumbnail","hentry"],"acf":[],"yoast_head":"<!-- This site is optimized with the Yoast SEO plugin v27.3 - https:\/\/yoast.com\/product\/yoast-seo-wordpress\/ -->\n<title>Don&#039;t Bug Me - Tulsa Health Department<\/title>\n<meta name=\"description\" content=\"The \u201cDon\u2019t Bug Me\u201d flu awareness and prevention campaign is designed to teach healthy lifestyle habits to avoid getting or spreading the flu.\u200b\" \/>\n<meta name=\"robots\" content=\"index, follow, max-snippet:-1, max-image-preview:large, max-video-preview:-1\" \/>\n<link rel=\"canonical\" href=\"https:\/\/tulsa-health.org\/vi\/services\/family-health-services\/illness-and-disease\/dont-bug-me\/\" \/>\n<meta property=\"og:locale\" content=\"vi_VN\" \/>\n<meta property=\"og:type\" content=\"article\" \/>\n<meta property=\"og:title\" content=\"Don&#039;t Bug Me - Tulsa Health Department\" \/>\n<meta property=\"og:description\" content=\"The \u201cDon\u2019t Bug Me\u201d flu awareness and prevention campaign is designed to teach healthy lifestyle habits to avoid getting or spreading the flu.\u200b\" \/>\n<meta property=\"og:url\" content=\"https:\/\/tulsa-health.org\/vi\/services\/family-health-services\/illness-and-disease\/dont-bug-me\/\" \/>\n<meta property=\"og:site_name\" content=\"Tulsa Health Department\" \/>\n<meta property=\"article:modified_time\" content=\"2023-12-21T01:50:56+00:00\" \/>\n<meta property=\"og:image\" content=\"https:\/\/tulsa-health.org\/wp-content\/uploads\/2023\/07\/DBM.jpeg\" \/>\n\t<meta property=\"og:image:width\" content=\"1920\" \/>\n\t<meta property=\"og:image:height\" content=\"1068\" \/>\n\t<meta property=\"og:image:type\" content=\"image\/jpeg\" \/>\n<meta name=\"twitter:card\" content=\"summary_large_image\" \/>\n<meta name=\"twitter:label1\" content=\"\u01af\u1edbc t\u00ednh th\u1eddi gian \u0111\u1ecdc\" \/>\n\t<meta name=\"twitter:data1\" content=\"1 ph\u00fat\" \/>\n<script type=\"application\/ld+json\" class=\"yoast-schema-graph\">{\"@context\":\"https:\\\/\\\/schema.org\",\"@graph\":[{\"@type\":\"WebPage\",\"@id\":\"https:\\\/\\\/tulsa-health.org\\\/services\\\/family-health-services\\\/illness-and-disease\\\/dont-bug-me\\\/\",\"url\":\"https:\\\/\\\/tulsa-health.org\\\/services\\\/family-health-services\\\/illness-and-disease\\\/dont-bug-me\\\/\",\"name\":\"Don't Bug Me - Tulsa Health Department\",\"isPartOf\":{\"@id\":\"https:\\\/\\\/tulsa-health.org\\\/es\\\/#website\"},\"primaryImageOfPage\":{\"@id\":\"https:\\\/\\\/tulsa-health.org\\\/services\\\/family-health-services\\\/illness-and-disease\\\/dont-bug-me\\\/#primaryimage\"},\"image\":{\"@id\":\"https:\\\/\\\/tulsa-health.org\\\/services\\\/family-health-services\\\/illness-and-disease\\\/dont-bug-me\\\/#primaryimage\"},\"thumbnailUrl\":\"https:\\\/\\\/tulsa-health.org\\\/wp-content\\\/uploads\\\/2023\\\/07\\\/DBM.jpeg\",\"datePublished\":\"2023-05-02T22:58:49+00:00\",\"dateModified\":\"2023-12-21T01:50:56+00:00\",\"description\":\"The \u201cDon\u2019t Bug Me\u201d flu awareness and prevention campaign is designed to teach healthy lifestyle habits to avoid getting or spreading the flu.\u200b\",\"breadcrumb\":{\"@id\":\"https:\\\/\\\/tulsa-health.org\\\/services\\\/family-health-services\\\/illness-and-disease\\\/dont-bug-me\\\/#breadcrumb\"},\"inLanguage\":\"vi\",\"potentialAction\":[{\"@type\":\"ReadAction\",\"target\":[\"https:\\\/\\\/tulsa-health.org\\\/services\\\/family-health-services\\\/illness-and-disease\\\/dont-bug-me\\\/\"]}]},{\"@type\":\"ImageObject\",\"inLanguage\":\"vi\",\"@id\":\"https:\\\/\\\/tulsa-health.org\\\/services\\\/family-health-services\\\/illness-and-disease\\\/dont-bug-me\\\/#primaryimage\",\"url\":\"https:\\\/\\\/tulsa-health.org\\\/wp-content\\\/uploads\\\/2023\\\/07\\\/DBM.jpeg\",\"contentUrl\":\"https:\\\/\\\/tulsa-health.org\\\/wp-content\\\/uploads\\\/2023\\\/07\\\/DBM.jpeg\",\"width\":1920,\"height\":1068,\"caption\":\"Doctor and mascot talking to kids - Don't Bug Me\"},{\"@type\":\"BreadcrumbList\",\"@id\":\"https:\\\/\\\/tulsa-health.org\\\/services\\\/family-health-services\\\/illness-and-disease\\\/dont-bug-me\\\/#breadcrumb\",\"itemListElement\":[{\"@type\":\"ListItem\",\"position\":1,\"name\":\"Home\",\"item\":\"https:\\\/\\\/tulsa-health.org\\\/\"},{\"@type\":\"ListItem\",\"position\":2,\"name\":\"Services\",\"item\":\"https:\\\/\\\/tulsa-health.org\\\/services\\\/\"},{\"@type\":\"ListItem\",\"position\":3,\"name\":\"Family Health Services\",\"item\":\"https:\\\/\\\/tulsa-health.org\\\/services\\\/family-health-services\\\/\"},{\"@type\":\"ListItem\",\"position\":4,\"name\":\"Illness and Disease\",\"item\":\"https:\\\/\\\/tulsa-health.org\\\/services\\\/family-health-services\\\/illness-and-disease\\\/\"},{\"@type\":\"ListItem\",\"position\":5,\"name\":\"Don&#8217;t Bug Me\"}]},{\"@type\":\"WebSite\",\"@id\":\"https:\\\/\\\/tulsa-health.org\\\/es\\\/#website\",\"url\":\"https:\\\/\\\/tulsa-health.org\\\/es\\\/\",\"name\":\"Tulsa Health Department\",\"description\":\"Clinical Services, Immunizations, Permits and More | Tulsa Health Department\",\"potentialAction\":[{\"@type\":\"SearchAction\",\"target\":{\"@type\":\"EntryPoint\",\"urlTemplate\":\"https:\\\/\\\/tulsa-health.org\\\/es\\\/?s={search_term_string}\"},\"query-input\":{\"@type\":\"PropertyValueSpecification\",\"valueRequired\":true,\"valueName\":\"search_term_string\"}}],\"inLanguage\":\"vi\"}]}<\/script>\n<!-- \/ Yoast SEO plugin. -->","yoast_head_json":{"title":"\u0110\u1eebng l\u00e0m phi\u1ec1n t\u00f4i - S\u1edf Y t\u1ebf Tulsa","description":"Chi\u1ebfn d\u1ecbch ph\u00f2ng ng\u1eeba v\u00e0 nh\u1eadn th\u1ee9c v\u1ec1 b\u1ec7nh c\u00fam \u201c\u0110\u1eebng l\u00e0m phi\u1ec1n t\u00f4i\u201d \u0111\u01b0\u1ee3c thi\u1ebft k\u1ebf \u0111\u1ec3 d\u1ea1y c\u00e1c th\u00f3i quen l\u1ed1i s\u1ed1ng l\u00e0nh m\u1ea1nh nh\u1eb1m tr\u00e1nh m\u1eafc ho\u1eb7c l\u00e2y lan b\u1ec7nh c\u00fam.\u200b","robots":{"index":"index","follow":"follow","max-snippet":"max-snippet:-1","max-image-preview":"max-image-preview:large","max-video-preview":"max-video-preview:-1"},"canonical":"https:\/\/tulsa-health.org\/vi\/services\/family-health-services\/illness-and-disease\/dont-bug-me\/","og_locale":"vi_VN","og_type":"article","og_title":"Don't Bug Me - Tulsa Health Department","og_description":"The \u201cDon\u2019t Bug Me\u201d flu awareness and prevention campaign is designed to teach healthy lifestyle habits to avoid getting or spreading the flu.\u200b","og_url":"https:\/\/tulsa-health.org\/vi\/services\/family-health-services\/illness-and-disease\/dont-bug-me\/","og_site_name":"Tulsa Health Department","article_modified_time":"2023-12-21T01:50:56+00:00","og_image":[{"width":1920,"height":1068,"url":"https:\/\/tulsa-health.org\/wp-content\/uploads\/2023\/07\/DBM.jpeg","type":"image\/jpeg"}],"twitter_card":"summary_large_image","twitter_misc":{"\u01af\u1edbc t\u00ednh th\u1eddi gian \u0111\u1ecdc":"1 ph\u00fat"},"schema":{"@context":"https:\/\/schema.org","@graph":[{"@type":"WebPage","@id":"https:\/\/tulsa-health.org\/services\/family-health-services\/illness-and-disease\/dont-bug-me\/","url":"https:\/\/tulsa-health.org\/services\/family-health-services\/illness-and-disease\/dont-bug-me\/","name":"\u0110\u1eebng l\u00e0m phi\u1ec1n t\u00f4i - S\u1edf Y t\u1ebf Tulsa","isPartOf":{"@id":"https:\/\/tulsa-health.org\/es\/#website"},"primaryImageOfPage":{"@id":"https:\/\/tulsa-health.org\/services\/family-health-services\/illness-and-disease\/dont-bug-me\/#primaryimage"},"image":{"@id":"https:\/\/tulsa-health.org\/services\/family-health-services\/illness-and-disease\/dont-bug-me\/#primaryimage"},"thumbnailUrl":"https:\/\/tulsa-health.org\/wp-content\/uploads\/2023\/07\/DBM.jpeg","datePublished":"2023-05-02T22:58:49+00:00","dateModified":"2023-12-21T01:50:56+00:00","description":"Chi\u1ebfn d\u1ecbch ph\u00f2ng ng\u1eeba v\u00e0 nh\u1eadn th\u1ee9c v\u1ec1 b\u1ec7nh c\u00fam \u201c\u0110\u1eebng l\u00e0m phi\u1ec1n t\u00f4i\u201d \u0111\u01b0\u1ee3c thi\u1ebft k\u1ebf \u0111\u1ec3 d\u1ea1y c\u00e1c th\u00f3i quen l\u1ed1i s\u1ed1ng l\u00e0nh m\u1ea1nh nh\u1eb1m tr\u00e1nh m\u1eafc ho\u1eb7c l\u00e2y lan b\u1ec7nh c\u00fam.\u200b","breadcrumb":{"@id":"https:\/\/tulsa-health.org\/services\/family-health-services\/illness-and-disease\/dont-bug-me\/#breadcrumb"},"inLanguage":"vi","potentialAction":[{"@type":"ReadAction","target":["https:\/\/tulsa-health.org\/services\/family-health-services\/illness-and-disease\/dont-bug-me\/"]}]},{"@type":"ImageObject","inLanguage":"vi","@id":"https:\/\/tulsa-health.org\/services\/family-health-services\/illness-and-disease\/dont-bug-me\/#primaryimage","url":"https:\/\/tulsa-health.org\/wp-content\/uploads\/2023\/07\/DBM.jpeg","contentUrl":"https:\/\/tulsa-health.org\/wp-content\/uploads\/2023\/07\/DBM.jpeg","width":1920,"height":1068,"caption":"Doctor and mascot talking to kids - Don't Bug Me"},{"@type":"BreadcrumbList","@id":"https:\/\/tulsa-health.org\/services\/family-health-services\/illness-and-disease\/dont-bug-me\/#breadcrumb","itemListElement":[{"@type":"ListItem","position":1,"name":"Home","item":"https:\/\/tulsa-health.org\/"},{"@type":"ListItem","position":2,"name":"Services","item":"https:\/\/tulsa-health.org\/services\/"},{"@type":"ListItem","position":3,"name":"Family Health Services","item":"https:\/\/tulsa-health.org\/services\/family-health-services\/"},{"@type":"ListItem","position":4,"name":"Illness and Disease","item":"https:\/\/tulsa-health.org\/services\/family-health-services\/illness-and-disease\/"},{"@type":"ListItem","position":5,"name":"Don&#8217;t Bug Me"}]},{"@type":"WebSite","@id":"https:\/\/tulsa-health.org\/es\/#website","url":"https:\/\/tulsa-health.org\/es\/","name":"S\u1edf Y t\u1ebf Tulsa","description":"D\u1ecbch v\u1ee5 l\u00e2m s\u00e0ng, ti\u00eam ch\u1ee7ng, gi\u1ea5y ph\u00e9p v\u00e0 nhi\u1ec1u h\u01a1n n\u1eefa | S\u1edf Y t\u1ebf Tulsa","potentialAction":[{"@type":"SearchAction","target":{"@type":"EntryPoint","urlTemplate":"https:\/\/tulsa-health.org\/es\/?s={search_term_string}"},"query-input":{"@type":"PropertyValueSpecification","valueRequired":true,"valueName":"search_term_string"}}],"inLanguage":"vi"}]}},"publishpress_future_workflow_manual_trigger":{"enabledWorkflows":[]},"_links":{"self":[{"href":"https:\/\/tulsa-health.org\/vi\/wp-json\/wp\/v2\/pages\/1872","targetHints":{"allow":["GET"]}}],"collection":[{"href":"https:\/\/tulsa-health.org\/vi\/wp-json\/wp\/v2\/pages"}],"about":[{"href":"https:\/\/tulsa-health.org\/vi\/wp-json\/wp\/v2\/types\/page"}],"author":[{"embeddable":true,"href":"https:\/\/tulsa-health.org\/vi\/wp-json\/wp\/v2\/users\/1"}],"replies":[{"embeddable":true,"href":"https:\/\/tulsa-health.org\/vi\/wp-json\/wp\/v2\/comments?post=1872"}],"version-history":[{"count":0,"href":"https:\/\/tulsa-health.org\/vi\/wp-json\/wp\/v2\/pages\/1872\/revisions"}],"up":[{"embeddable":true,"href":"https:\/\/tulsa-health.org\/vi\/wp-json\/wp\/v2\/pages\/1812"}],"wp:featuredmedia":[{"embeddable":true,"href":"https:\/\/tulsa-health.org\/vi\/wp-json\/wp\/v2\/media\/9827"}],"wp:attachment":[{"href":"https:\/\/tulsa-health.org\/vi\/wp-json\/wp\/v2\/media?parent=1872"}],"curies":[{"name":"wp","href":"https:\/\/api.w.org\/{rel}","templated":true}]}}