{"id":1908,"date":"2023-05-03T10:51:53","date_gmt":"2023-05-03T15:51:53","guid":{"rendered":"https:\/\/test.tulsa-health.org\/?page_id=1908"},"modified":"2023-12-21T10:17:40","modified_gmt":"2023-12-21T16:17:40","slug":"public-safety-and-data-services","status":"publish","type":"page","link":"https:\/\/tulsa-health.org\/vi\/services\/public-safety-and-data-services\/","title":{"rendered":"D\u1ecbch v\u1ee5 d\u1eef li\u1ec7u v\u00e0 an to\u00e0n c\u00f4ng c\u1ed9ng"},"content":{"rendered":"<div data-elementor-type=\"wp-page\" data-elementor-id=\"1908\" class=\"elementor elementor-1908\" data-elementor-post-type=\"page\">\n\t\t\t\t\t\t<section class=\"elementor-section elementor-top-section elementor-element elementor-element-1ea9ce4 elementor-section-full_width elementor-section-height-min-height elementor-section-height-default elementor-section-items-middle\" data-id=\"1ea9ce4\" data-element_type=\"section\" data-e-type=\"section\" data-settings=\"{&quot;background_background&quot;:&quot;classic&quot;}\">\n\t\t\t\t\t\t<div class=\"elementor-container elementor-column-gap-no\">\n\t\t\t\t\t<div class=\"elementor-column elementor-col-100 elementor-top-column elementor-element elementor-element-b515436\" data-id=\"b515436\" data-element_type=\"column\" data-e-type=\"column\">\n\t\t\t<div class=\"elementor-widget-wrap\">\n\t\t\t\t\t\t\t<\/div>\n\t\t<\/div>\n\t\t\t\t\t<\/div>\n\t\t<\/section>\n\t\t\t\t<section class=\"elementor-section elementor-top-section elementor-element elementor-element-0bd7406 elementor-section-boxed elementor-section-height-default elementor-section-height-default\" data-id=\"0bd7406\" data-element_type=\"section\" data-e-type=\"section\" data-settings=\"{&quot;background_background&quot;:&quot;classic&quot;}\">\n\t\t\t\t\t\t<div class=\"elementor-container elementor-column-gap-default\">\n\t\t\t\t\t<div class=\"elementor-column elementor-col-100 elementor-top-column elementor-element elementor-element-6959a91\" data-id=\"6959a91\" data-element_type=\"column\" data-e-type=\"column\">\n\t\t\t<div class=\"elementor-widget-wrap elementor-element-populated\">\n\t\t\t\t\t\t<div class=\"elementor-element elementor-element-ecdc131 elementor-widget elementor-widget-heading\" data-id=\"ecdc131\" data-element_type=\"widget\" data-e-type=\"widget\" data-widget_type=\"heading.default\">\n\t\t\t\t<div class=\"elementor-widget-container\">\n\t\t\t\t\t<h1 class=\"elementor-heading-title elementor-size-default\">an to\u00e0n c\u00f4ng c\u1ed9ng v\u00e0 <br>d\u1ecbch v\u1ee5 d\u1eef li\u1ec7u<\/h1>\t\t\t\t<\/div>\n\t\t\t\t<\/div>\n\t\t\t\t<div class=\"elementor-element elementor-element-c46c913 elementor-widget elementor-widget-text-editor\" data-id=\"c46c913\" data-element_type=\"widget\" data-e-type=\"widget\" data-widget_type=\"text-editor.default\">\n\t\t\t\t<div class=\"elementor-widget-container\">\n\t\t\t\t\t\t\t\t\t<p>S\u1edf Y t\u1ebf Tulsa \u0111\u00f3ng m\u1ed9t vai tr\u00f2 quan tr\u1ecdng \u0111\u1ed1i v\u1edbi an to\u00e0n c\u00f4ng c\u1ed9ng v\u00e0 ph\u00fac l\u1ee3i c\u1ee7a c\u01b0 d\u00e2n. THD d\u1ef1a v\u00e0o c\u00e1c d\u1ecbch v\u1ee5 d\u1eef li\u1ec7u \u0111\u1ec3 thu th\u1eadp, ph\u00e2n t\u00edch v\u00e0 gi\u1ea3i th\u00edch d\u1eef li\u1ec7u li\u00ean quan \u0111\u1ebfn s\u1ee9c kh\u1ecfe nh\u1eb1m \u0111\u01b0a ra quy\u1ebft \u0111\u1ecbnh s\u00e1ng su\u1ed1t v\u00e0 ph\u00e1t tri\u1ec3n c\u00e1c chi\u1ebfn l\u01b0\u1ee3c y t\u1ebf c\u00f4ng c\u1ed9ng hi\u1ec7u qu\u1ea3. T\u1eeb vi\u1ec7c \u0111\u1ea3m b\u1ea3o kh\u1ea3 n\u0103ng ti\u1ebfp c\u1eadn th\u1ef1c ph\u1ea9m an to\u00e0n \u0111\u1ebfn ng\u0103n ng\u1eeba s\u1ef1 l\u00e2y lan c\u1ee7a c\u00e1c b\u1ec7nh truy\u1ec1n nhi\u1ec5m, b\u1ed9 y t\u1ebf cam k\u1ebft t\u0103ng c\u01b0\u1eddng s\u1ee9c kh\u1ecfe v\u00e0 s\u1ef1 an to\u00e0n cho t\u1ea5t c\u1ea3 c\u00e1c c\u00e1 nh\u00e2n.<\/p>\t\t\t\t\t\t\t\t<\/div>\n\t\t\t\t<\/div>\n\t\t\t\t\t<\/div>\n\t\t<\/div>\n\t\t\t\t\t<\/div>\n\t\t<\/section>\n\t\t\t\t<section class=\"elementor-section elementor-top-section elementor-element elementor-element-c0d60fa elementor-section-boxed elementor-section-height-default elementor-section-height-default\" data-id=\"c0d60fa\" data-element_type=\"section\" data-e-type=\"section\" data-settings=\"{&quot;background_background&quot;:&quot;classic&quot;}\">\n\t\t\t\t\t\t<div class=\"elementor-container elementor-column-gap-default\">\n\t\t\t\t\t<div class=\"elementor-column elementor-col-100 elementor-top-column elementor-element elementor-element-e8c75de\" data-id=\"e8c75de\" data-element_type=\"column\" data-e-type=\"column\">\n\t\t\t<div class=\"elementor-widget-wrap elementor-element-populated\">\n\t\t\t\t\t\t<div class=\"elementor-element elementor-element-b553513 elementor-widget elementor-widget-ucaddon_unlimited_grid\" data-id=\"b553513\" data-element_type=\"widget\" data-e-type=\"widget\" data-widget_type=\"ucaddon_unlimited_grid.default\">\n\t\t\t\t<div class=\"elementor-widget-container\">\n\t\t\t\t\t\n<!-- start Unlimited Grid -->\n\t\t<link id='font-awesome-css' href='https:\/\/tulsa-health.org\/wp-content\/plugins\/unlimited-elements-for-elementor-premium\/assets_libraries\/font-awesome6\/fontawesome-all.min.css' type='text\/css' rel='stylesheet' >\n\t\t<link id='font-awesome-4-shim-css' href='https:\/\/tulsa-health.org\/wp-content\/plugins\/unlimited-elements-for-elementor-premium\/assets_libraries\/font-awesome6\/fontawesome-v4-shims.min.css' type='text\/css' rel='stylesheet' >\n\t\t<link id='fancybox-css' href='https:\/\/tulsa-health.org\/wp-content\/plugins\/unlimited-elements-for-elementor-premium\/assets_libraries\/fancybox3\/jquery.fancybox.min.css' type='text\/css' rel='stylesheet' >\n\n<style>\/* widget: Unlimited Grid *\/\n\n#uc_unlimited_grid_elementor_b553513\n{\n  display:grid;\n  grid-auto-rows: 1fr;\n}\n\n.ue-btn\n{\n  text-decoration:none;\n  text-align:center;\n  transition:0.3s;\n}\n\n#uc_unlimited_grid_elementor_b553513 .ue-overlay-link\n{\n  display:block;\n  position:absolute;\n  top:0px;\n  bottom:0px;\n  right:0px;\n  left:0px;\n}\n\n#uc_unlimited_grid_elementor_b553513 .ue-item\n{\n  position:relative;\n  display:flex;\n  overflow:hidden;\n  background-size:cover;\n}\n\n#uc_unlimited_grid_elementor_b553513 .ue-item-overlay\n{\n  position:absolute;\n  top:0;\n  right:0;\n  left:0;\n  bottom:0;\n  transition:0.3s;\n}\n\n#uc_unlimited_grid_elementor_b553513 .ue-item-bg\n{\n  position:absolute;\n  top:0;\n  right:0;\n  left:0;\n  bottom:0;\n  transition:0.3s;\n  background-size:cover;\n}\n\n\n\t\n\n\n\n\n\n\n#uc_unlimited_grid_elementor_b553513 .ue-graphic-element\n{\n  display:inline-flex;\n  align-items:center;\n  justify-content:center;\n  line-height:1em;\n  overflow:hidden;\n}\n\n#uc_unlimited_grid_elementor_b553513 .ue-graphic-element svg\n{\n  height:1em;\n  width:1em;\n}\n\n#uc_unlimited_grid_elementor_b553513 .ue-graphic-element img\n{\n  display:block;\n}\n\n.ue-item-title\n{\n  font-size:21px;\n}\n\n#uc_unlimited_grid_elementor_b553513 .ue-item-content\n{\n  position:relative;\n  width:100%;\n}\n\n\n\n\t@media only screen and (max-width: 767px) {\n      \n      \n      #uc_unlimited_grid_elementor_b553513  {\n          grid-template-columns: repeat(1, 1fr);\n        }\n      \n      #uc_unlimited_grid_elementor_b553513 .ue-item\n      {\n        grid-column: span 1;\n        grid-row: span 1;\n      }\n      \n      \n      }\n\t\n\n\n\n\n\n\n\n\n\n\n\n\n\n\n\n\n\n  #uc_unlimited_grid_elementor_b553513 #uc_unlimited_grid_elementor_b553513_item1 .ue-item-bg\n  {\n    background-image:url(https:\/\/tulsa-health.org\/wp-content\/uploads\/2023\/10\/Header-pest-control.jpg);\n  }\n\n\n\n  #uc_unlimited_grid_elementor_b553513 #uc_unlimited_grid_elementor_b553513_item2 .ue-item-bg\n  {\n    background-image:url(https:\/\/tulsa-health.org\/wp-content\/uploads\/2023\/07\/Food-Recall-let-me-know-if-this-doesnt-work-lol-.png);\n  }\n\n\n\n  #uc_unlimited_grid_elementor_b553513 #uc_unlimited_grid_elementor_b553513_item3 .ue-item-bg\n  {\n    background-image:url(https:\/\/tulsa-health.org\/wp-content\/uploads\/2023\/07\/Data-and-Stats.jpg);\n  }\n\n\n\n  #uc_unlimited_grid_elementor_b553513 #uc_unlimited_grid_elementor_b553513_item4 .ue-item-bg\n  {\n    background-image:url(https:\/\/tulsa-health.org\/wp-content\/uploads\/2023\/07\/Vital-Records.png);\n  }\n\n\n\n\n\n<\/style>\n\n<div id=\"uc_unlimited_grid_elementor_b553513\" class=\"ue-unlimited-grid\">\n  <div id=\"uc_unlimited_grid_elementor_b553513_item1\" class=\"ue-item elementor-repeater-item-23ed0eb\">\n  <div class=\"ue-item-bg\"><\/div>\n  <div class=\"ue-item-overlay\"><\/div>\n  \n    <div class=\"ue-item-content None\">\n                      <div class=\"ue-item-title\">Ki\u1ec3m so\u00e1t s\u00e2u b\u1ec7nh<\/div>\n    <div class=\"ue-item-text\"><p>Khi m\u1ed9t lo\u1ea1i d\u1ecbch h\u1ea1i c\u00f3 kh\u1ea3 n\u0103ng \u1ea3nh h\u01b0\u1edfng \u0111\u1ebfn s\u1ee9c kh\u1ecfe con ng\u01b0\u1eddi th\u00ec vi\u1ec7c ki\u1ec3m so\u00e1t d\u1ecbch h\u1ea1i \u0111\u00f3 tr\u1edf th\u00e0nh m\u1ed1i quan t\u00e2m c\u1ee7a c\u1ed9ng \u0111\u1ed3ng. Ch\u01b0\u01a1ng tr\u00ecnh Ki\u1ec3m so\u00e1t V\u1eadt truy\u1ec1n b\u1ec7nh c\u1ee7a ch\u00fang t\u00f4i gi\u00e1m s\u00e1t c\u00e1c lo\u00e0i g\u00e2y h\u1ea1i nh\u01b0 mu\u1ed7i c\u00f3 th\u1ec3 truy\u1ec1n b\u1ec7nh ho\u1eb7c &quot;truy\u1ec1n b\u1ec7nh&quot;.<\/p><\/div>\n      <\/div>\n    \n  \n    \n    \n  <a class=\"ue-overlay-link\" href=\"\/vi\/services\/public-safety-and-data-services\/pest-control\/\" ><\/a>\n  \n  \n  \n<\/div>\n<div id=\"uc_unlimited_grid_elementor_b553513_item2\" class=\"ue-item elementor-repeater-item-c3ce2af\">\n  <div class=\"ue-item-bg\"><\/div>\n  <div class=\"ue-item-overlay\"><\/div>\n  \n    <div class=\"ue-item-content None\">\n                      <div class=\"ue-item-title\">D\u1ecbch v\u1ee5 thu h\u1ed3i th\u1ef1c ph\u1ea9m<\/div>\n    <div class=\"ue-item-text\"><p>Nh\u1eadn th\u00f4ng b\u00e1o c\u1eadp nh\u1eadt v\u1ec1 vi\u1ec7c thu h\u1ed3i v\u00e0 c\u1ea3nh b\u00e1o th\u1ef1c ph\u1ea9m t\u1eeb c\u1ea3 FDA v\u00e0 USDA.<\/p><\/div>\n      <\/div>\n    \n  \n    \n    \n  <a class=\"ue-overlay-link\" href=\"\/vi\/services\/public-safety-and-data-services\/food-recall-services\/\" ><\/a>\n  \n  \n  \n<\/div>\n<div id=\"uc_unlimited_grid_elementor_b553513_item3\" class=\"ue-item elementor-repeater-item-3430f5b\">\n  <div class=\"ue-item-bg\"><\/div>\n  <div class=\"ue-item-overlay\"><\/div>\n  \n    <div class=\"ue-item-content None\">\n                      <div class=\"ue-item-title\">D\u1eef li\u1ec7u v\u00e0 s\u1ed1 li\u1ec7u th\u1ed1ng k\u00ea<\/div>\n    <div class=\"ue-item-text\"><p>THD thu th\u1eadp v\u00e0 ph\u00e2n t\u00edch d\u1eef li\u1ec7u \u0111\u1ec3 th\u00f4ng b\u00e1o cho c\u00f4ng ch\u00fang v\u00e0 c\u00e1c chuy\u00ean gia y t\u1ebf v\u1ec1 t\u00ecnh tr\u1ea1ng s\u1ee9c kh\u1ecfe c\u1ee7a c\u01b0 d\u00e2n Qu\u1eadn Tulsa t\u1ea1i b\u1ea5t k\u1ef3 th\u1eddi \u0111i\u1ec3m n\u00e0o.<\/p><\/div>\n      <\/div>\n    \n  \n    \n    \n  <a class=\"ue-overlay-link\" href=\"\/vi\/services\/public-safety-and-data-services\/data-and-stats\/\" ><\/a>\n  \n  \n  \n<\/div>\n<div id=\"uc_unlimited_grid_elementor_b553513_item4\" class=\"ue-item elementor-repeater-item-c321790\">\n  <div class=\"ue-item-bg\"><\/div>\n  <div class=\"ue-item-overlay\"><\/div>\n  \n    <div class=\"ue-item-content None\">\n                      <div class=\"ue-item-title\">H\u1ed3 s\u01a1 sinh t\u1eed<\/div>\n    <div class=\"ue-item-text\"><p>Oklahoma Vital Records duy tr\u00ec h\u1ed3 s\u01a1 v\u1ec1 s\u1ed1 ca sinh v\u00e0 t\u1eed x\u1ea3y ra \u1edf bang Oklahoma.<\/p><\/div>\n      <\/div>\n    \n  \n    \n    \n  <a class=\"ue-overlay-link\" href=\"\/vi\/services\/public-safety-and-data-services\/birth-and-death-records\/\" ><\/a>\n  \n  \n  \n<\/div>\n\n<\/div>\n<!-- end Unlimited Grid -->\t\t\t\t<\/div>\n\t\t\t\t<\/div>\n\t\t\t\t\t<\/div>\n\t\t<\/div>\n\t\t\t\t\t<\/div>\n\t\t<\/section>\n\t\t\t\t<section class=\"elementor-section elementor-top-section elementor-element elementor-element-6a36fdb elementor-section-full_width elementor-section-height-default elementor-section-height-default\" data-id=\"6a36fdb\" data-element_type=\"section\" data-e-type=\"section\">\n\t\t\t\t\t\t<div class=\"elementor-container elementor-column-gap-default\">\n\t\t\t\t\t<div class=\"elementor-column elementor-col-100 elementor-top-column elementor-element elementor-element-01f9c4a\" data-id=\"01f9c4a\" data-element_type=\"column\" data-e-type=\"column\">\n\t\t\t<div class=\"elementor-widget-wrap elementor-element-populated\">\n\t\t\t\t\t\t<div class=\"elementor-element elementor-element-c8165b4 elementor-widget elementor-widget-shortcode\" data-id=\"c8165b4\" data-element_type=\"widget\" data-e-type=\"widget\" data-widget_type=\"shortcode.default\">\n\t\t\t\t<div class=\"elementor-widget-container\">\n\t\t\t\t\t\t\t<div class=\"elementor-shortcode\">\t\t<div data-elementor-type=\"section\" data-elementor-id=\"4934\" class=\"elementor elementor-4934\" data-elementor-post-type=\"elementor_library\">\n\t\t\t\t\t<section class=\"elementor-section elementor-top-section elementor-element elementor-element-4469b59d elementor-section-stretched elementor-section-boxed elementor-section-height-default elementor-section-height-default\" data-id=\"4469b59d\" data-element_type=\"section\" data-e-type=\"section\" data-settings=\"{&quot;background_background&quot;:&quot;classic&quot;,&quot;stretch_section&quot;:&quot;section-stretched&quot;}\">\n\t\t\t\t\t\t\t<div class=\"elementor-background-overlay\"><\/div>\n\t\t\t\t\t\t\t<div class=\"elementor-container elementor-column-gap-default\">\n\t\t\t\t\t<div class=\"elementor-column elementor-col-100 elementor-top-column elementor-element elementor-element-615ea353\" data-id=\"615ea353\" data-element_type=\"column\" data-e-type=\"column\">\n\t\t\t<div class=\"elementor-widget-wrap elementor-element-populated\">\n\t\t\t\t\t\t<div class=\"elementor-element elementor-element-bdb2691 elementor-widget elementor-widget-heading\" data-id=\"bdb2691\" data-element_type=\"widget\" data-e-type=\"widget\" data-widget_type=\"heading.default\">\n\t\t\t\t<div class=\"elementor-widget-container\">\n\t\t\t\t\t<h5 class=\"elementor-heading-title elementor-size-default\">\u0110\u1ecaA \u0110I\u1ec2M<\/h5>\t\t\t\t<\/div>\n\t\t\t\t<\/div>\n\t\t\t\t<div class=\"elementor-element elementor-element-00f74f9 elementor-widget elementor-widget-text-editor\" data-id=\"00f74f9\" data-element_type=\"widget\" data-e-type=\"widget\" data-widget_type=\"text-editor.default\">\n\t\t\t\t<div class=\"elementor-widget-container\">\n\t\t\t\t\t\t\t\t\t<p>Ch\u00fang t\u00f4i c\u00f3 9 c\u01a1 s\u1edf tr\u00ean kh\u1eafp Qu\u1eadn Tulsa cung c\u1ea5p nhi\u1ec1u d\u1ecbch v\u1ee5 kh\u00e1c nhau \u0111\u1ec3 gi\u00fap b\u1ea1n v\u00e0 gia \u0111\u00ecnh lu\u00f4n kh\u1ecfe m\u1ea1nh.<\/p>\t\t\t\t\t\t\t\t<\/div>\n\t\t\t\t<\/div>\n\t\t\t\t<div class=\"elementor-element elementor-element-fd63501 elementor-align-center secondary elementor-widget elementor-widget-button\" data-id=\"fd63501\" data-element_type=\"widget\" data-e-type=\"widget\" data-widget_type=\"button.default\">\n\t\t\t\t<div class=\"elementor-widget-container\">\n\t\t\t\t\t\t\t\t\t<div class=\"elementor-button-wrapper\">\n\t\t\t\t\t<a class=\"elementor-button elementor-button-link elementor-size-sm\" href=\"\/vi\/locations\/\">\n\t\t\t\t\t\t<span class=\"elementor-button-content-wrapper\">\n\t\t\t\t\t\t\t\t\t<span class=\"elementor-button-text\">T\u00ecm c\u1ee7a b\u1ea1n<\/span>\n\t\t\t\t\t<\/span>\n\t\t\t\t\t<\/a>\n\t\t\t\t<\/div>\n\t\t\t\t\t\t\t\t<\/div>\n\t\t\t\t<\/div>\n\t\t\t\t\t<\/div>\n\t\t<\/div>\n\t\t\t\t\t<\/div>\n\t\t<\/section>\n\t\t\t\t<\/div>\n\t\t<\/div>\n\t\t\t\t\t\t<\/div>\n\t\t\t\t<\/div>\n\t\t\t\t\t<\/div>\n\t\t<\/div>\n\t\t\t\t\t<\/div>\n\t\t<\/section>\n\t\t\t\t<\/div>","protected":false},"excerpt":{"rendered":"<p>public safety and data services The Tulsa Health Department plays a crucial role in the public safety and well-being of its residents. THD relies on data services to collect, analyze and interpret health-related data to make informed decisions and develop effective public health strategies. From ensuring access to safe food to preventing the spread of [&hellip;]<\/p>\n","protected":false},"author":3,"featured_media":9930,"parent":692,"menu_order":0,"comment_status":"closed","ping_status":"closed","template":"elementor_header_footer","meta":{"_acf_changed":false,"footnotes":""},"class_list":["post-1908","page","type-page","status-publish","has-post-thumbnail","hentry"],"acf":[],"yoast_head":"<!-- This site is optimized with the Yoast SEO plugin v27.4 - https:\/\/yoast.com\/product\/yoast-seo-wordpress\/ -->\n<title>Public Safety and Data Services - Tulsa Health Department<\/title>\n<meta name=\"description\" content=\"THD Environmental Health Services works to enforce state laws and city and county regulations to decrease negative environmental factors and health nuisances.\" \/>\n<meta name=\"robots\" content=\"index, follow, max-snippet:-1, max-image-preview:large, max-video-preview:-1\" \/>\n<link rel=\"canonical\" href=\"https:\/\/tulsa-health.org\/vi\/services\/public-safety-and-data-services\/\" \/>\n<meta property=\"og:locale\" content=\"vi_VN\" \/>\n<meta property=\"og:type\" content=\"article\" \/>\n<meta property=\"og:title\" content=\"Public Safety and Data Services - Tulsa Health Department\" \/>\n<meta property=\"og:description\" content=\"THD Environmental Health Services works to enforce state laws and city and county regulations to decrease negative environmental factors and health nuisances.\" \/>\n<meta property=\"og:url\" content=\"https:\/\/tulsa-health.org\/vi\/services\/public-safety-and-data-services\/\" \/>\n<meta property=\"og:site_name\" content=\"Tulsa Health Department\" \/>\n<meta property=\"article:modified_time\" content=\"2023-12-21T16:17:40+00:00\" \/>\n<meta property=\"og:image\" content=\"https:\/\/tulsa-health.org\/wp-content\/uploads\/2023\/07\/header-JGHC_Reception-2-scaled.jpg\" \/>\n\t<meta property=\"og:image:width\" content=\"2560\" \/>\n\t<meta property=\"og:image:height\" content=\"1440\" \/>\n\t<meta property=\"og:image:type\" content=\"image\/jpeg\" \/>\n<meta name=\"twitter:card\" content=\"summary_large_image\" \/>\n<meta name=\"twitter:label1\" content=\"\u01af\u1edbc t\u00ednh th\u1eddi gian \u0111\u1ecdc\" \/>\n\t<meta name=\"twitter:data1\" content=\"1 ph\u00fat\" \/>\n<script type=\"application\/ld+json\" class=\"yoast-schema-graph\">{\"@context\":\"https:\\\/\\\/schema.org\",\"@graph\":[{\"@type\":\"WebPage\",\"@id\":\"https:\\\/\\\/tulsa-health.org\\\/services\\\/public-safety-and-data-services\\\/\",\"url\":\"https:\\\/\\\/tulsa-health.org\\\/services\\\/public-safety-and-data-services\\\/\",\"name\":\"Public Safety and Data Services - Tulsa Health Department\",\"isPartOf\":{\"@id\":\"https:\\\/\\\/tulsa-health.org\\\/es\\\/#website\"},\"primaryImageOfPage\":{\"@id\":\"https:\\\/\\\/tulsa-health.org\\\/services\\\/public-safety-and-data-services\\\/#primaryimage\"},\"image\":{\"@id\":\"https:\\\/\\\/tulsa-health.org\\\/services\\\/public-safety-and-data-services\\\/#primaryimage\"},\"thumbnailUrl\":\"https:\\\/\\\/tulsa-health.org\\\/wp-content\\\/uploads\\\/2023\\\/07\\\/header-JGHC_Reception-2-scaled.jpg\",\"datePublished\":\"2023-05-03T15:51:53+00:00\",\"dateModified\":\"2023-12-21T16:17:40+00:00\",\"description\":\"THD Environmental Health Services works to enforce state laws and city and county regulations to decrease negative environmental factors and health nuisances.\",\"breadcrumb\":{\"@id\":\"https:\\\/\\\/tulsa-health.org\\\/services\\\/public-safety-and-data-services\\\/#breadcrumb\"},\"inLanguage\":\"vi\",\"potentialAction\":[{\"@type\":\"ReadAction\",\"target\":[\"https:\\\/\\\/tulsa-health.org\\\/services\\\/public-safety-and-data-services\\\/\"]}]},{\"@type\":\"ImageObject\",\"inLanguage\":\"vi\",\"@id\":\"https:\\\/\\\/tulsa-health.org\\\/services\\\/public-safety-and-data-services\\\/#primaryimage\",\"url\":\"https:\\\/\\\/tulsa-health.org\\\/wp-content\\\/uploads\\\/2023\\\/07\\\/header-JGHC_Reception-2-scaled.jpg\",\"contentUrl\":\"https:\\\/\\\/tulsa-health.org\\\/wp-content\\\/uploads\\\/2023\\\/07\\\/header-JGHC_Reception-2-scaled.jpg\",\"width\":2560,\"height\":1440,\"caption\":\"THD desk\"},{\"@type\":\"BreadcrumbList\",\"@id\":\"https:\\\/\\\/tulsa-health.org\\\/services\\\/public-safety-and-data-services\\\/#breadcrumb\",\"itemListElement\":[{\"@type\":\"ListItem\",\"position\":1,\"name\":\"Home\",\"item\":\"https:\\\/\\\/tulsa-health.org\\\/\"},{\"@type\":\"ListItem\",\"position\":2,\"name\":\"Services\",\"item\":\"https:\\\/\\\/tulsa-health.org\\\/services\\\/\"},{\"@type\":\"ListItem\",\"position\":3,\"name\":\"Public Safety and Data Services\"}]},{\"@type\":\"WebSite\",\"@id\":\"https:\\\/\\\/tulsa-health.org\\\/es\\\/#website\",\"url\":\"https:\\\/\\\/tulsa-health.org\\\/es\\\/\",\"name\":\"Tulsa Health Department\",\"description\":\"Clinical Services, Immunizations, Permits and More | Tulsa Health Department\",\"potentialAction\":[{\"@type\":\"SearchAction\",\"target\":{\"@type\":\"EntryPoint\",\"urlTemplate\":\"https:\\\/\\\/tulsa-health.org\\\/es\\\/?s={search_term_string}\"},\"query-input\":{\"@type\":\"PropertyValueSpecification\",\"valueRequired\":true,\"valueName\":\"search_term_string\"}}],\"inLanguage\":\"vi\"}]}<\/script>\n<!-- \/ Yoast SEO plugin. -->","yoast_head_json":{"title":"D\u1ecbch v\u1ee5 An to\u00e0n C\u00f4ng c\u1ed9ng v\u00e0 D\u1eef li\u1ec7u - S\u1edf Y t\u1ebf Tulsa","description":"D\u1ecbch v\u1ee5 Y t\u1ebf M\u00f4i tr\u01b0\u1eddng THD ho\u1ea1t \u0111\u1ed9ng \u0111\u1ec3 th\u1ef1c thi lu\u1eadt ti\u1ec3u bang v\u00e0 c\u00e1c quy \u0111\u1ecbnh c\u1ee7a th\u00e0nh ph\u1ed1 v\u00e0 qu\u1eadn nh\u1eb1m gi\u1ea3m thi\u1ec3u c\u00e1c y\u1ebfu t\u1ed1 m\u00f4i tr\u01b0\u1eddng ti\u00eau c\u1ef1c v\u00e0 c\u00e1c v\u1ea5n \u0111\u1ec1 s\u1ee9c kh\u1ecfe.","robots":{"index":"index","follow":"follow","max-snippet":"max-snippet:-1","max-image-preview":"max-image-preview:large","max-video-preview":"max-video-preview:-1"},"canonical":"https:\/\/tulsa-health.org\/vi\/services\/public-safety-and-data-services\/","og_locale":"vi_VN","og_type":"article","og_title":"Public Safety and Data Services - Tulsa Health Department","og_description":"THD Environmental Health Services works to enforce state laws and city and county regulations to decrease negative environmental factors and health nuisances.","og_url":"https:\/\/tulsa-health.org\/vi\/services\/public-safety-and-data-services\/","og_site_name":"Tulsa Health Department","article_modified_time":"2023-12-21T16:17:40+00:00","og_image":[{"width":2560,"height":1440,"url":"https:\/\/tulsa-health.org\/wp-content\/uploads\/2023\/07\/header-JGHC_Reception-2-scaled.jpg","type":"image\/jpeg"}],"twitter_card":"summary_large_image","twitter_misc":{"\u01af\u1edbc t\u00ednh th\u1eddi gian \u0111\u1ecdc":"1 ph\u00fat"},"schema":{"@context":"https:\/\/schema.org","@graph":[{"@type":"WebPage","@id":"https:\/\/tulsa-health.org\/services\/public-safety-and-data-services\/","url":"https:\/\/tulsa-health.org\/services\/public-safety-and-data-services\/","name":"D\u1ecbch v\u1ee5 An to\u00e0n C\u00f4ng c\u1ed9ng v\u00e0 D\u1eef li\u1ec7u - S\u1edf Y t\u1ebf Tulsa","isPartOf":{"@id":"https:\/\/tulsa-health.org\/es\/#website"},"primaryImageOfPage":{"@id":"https:\/\/tulsa-health.org\/services\/public-safety-and-data-services\/#primaryimage"},"image":{"@id":"https:\/\/tulsa-health.org\/services\/public-safety-and-data-services\/#primaryimage"},"thumbnailUrl":"https:\/\/tulsa-health.org\/wp-content\/uploads\/2023\/07\/header-JGHC_Reception-2-scaled.jpg","datePublished":"2023-05-03T15:51:53+00:00","dateModified":"2023-12-21T16:17:40+00:00","description":"D\u1ecbch v\u1ee5 Y t\u1ebf M\u00f4i tr\u01b0\u1eddng THD ho\u1ea1t \u0111\u1ed9ng \u0111\u1ec3 th\u1ef1c thi lu\u1eadt ti\u1ec3u bang v\u00e0 c\u00e1c quy \u0111\u1ecbnh c\u1ee7a th\u00e0nh ph\u1ed1 v\u00e0 qu\u1eadn nh\u1eb1m gi\u1ea3m thi\u1ec3u c\u00e1c y\u1ebfu t\u1ed1 m\u00f4i tr\u01b0\u1eddng ti\u00eau c\u1ef1c v\u00e0 c\u00e1c v\u1ea5n \u0111\u1ec1 s\u1ee9c kh\u1ecfe.","breadcrumb":{"@id":"https:\/\/tulsa-health.org\/services\/public-safety-and-data-services\/#breadcrumb"},"inLanguage":"vi","potentialAction":[{"@type":"ReadAction","target":["https:\/\/tulsa-health.org\/services\/public-safety-and-data-services\/"]}]},{"@type":"ImageObject","inLanguage":"vi","@id":"https:\/\/tulsa-health.org\/services\/public-safety-and-data-services\/#primaryimage","url":"https:\/\/tulsa-health.org\/wp-content\/uploads\/2023\/07\/header-JGHC_Reception-2-scaled.jpg","contentUrl":"https:\/\/tulsa-health.org\/wp-content\/uploads\/2023\/07\/header-JGHC_Reception-2-scaled.jpg","width":2560,"height":1440,"caption":"THD desk"},{"@type":"BreadcrumbList","@id":"https:\/\/tulsa-health.org\/services\/public-safety-and-data-services\/#breadcrumb","itemListElement":[{"@type":"ListItem","position":1,"name":"Home","item":"https:\/\/tulsa-health.org\/"},{"@type":"ListItem","position":2,"name":"Services","item":"https:\/\/tulsa-health.org\/services\/"},{"@type":"ListItem","position":3,"name":"Public Safety and Data Services"}]},{"@type":"WebSite","@id":"https:\/\/tulsa-health.org\/es\/#website","url":"https:\/\/tulsa-health.org\/es\/","name":"S\u1edf Y t\u1ebf Tulsa","description":"D\u1ecbch v\u1ee5 l\u00e2m s\u00e0ng, ti\u00eam ch\u1ee7ng, gi\u1ea5y ph\u00e9p v\u00e0 nhi\u1ec1u h\u01a1n n\u1eefa | S\u1edf Y t\u1ebf Tulsa","potentialAction":[{"@type":"SearchAction","target":{"@type":"EntryPoint","urlTemplate":"https:\/\/tulsa-health.org\/es\/?s={search_term_string}"},"query-input":{"@type":"PropertyValueSpecification","valueRequired":true,"valueName":"search_term_string"}}],"inLanguage":"vi"}]}},"publishpress_future_workflow_manual_trigger":{"enabledWorkflows":[]},"_links":{"self":[{"href":"https:\/\/tulsa-health.org\/vi\/wp-json\/wp\/v2\/pages\/1908","targetHints":{"allow":["GET"]}}],"collection":[{"href":"https:\/\/tulsa-health.org\/vi\/wp-json\/wp\/v2\/pages"}],"about":[{"href":"https:\/\/tulsa-health.org\/vi\/wp-json\/wp\/v2\/types\/page"}],"author":[{"embeddable":true,"href":"https:\/\/tulsa-health.org\/vi\/wp-json\/wp\/v2\/users\/3"}],"replies":[{"embeddable":true,"href":"https:\/\/tulsa-health.org\/vi\/wp-json\/wp\/v2\/comments?post=1908"}],"version-history":[{"count":0,"href":"https:\/\/tulsa-health.org\/vi\/wp-json\/wp\/v2\/pages\/1908\/revisions"}],"up":[{"embeddable":true,"href":"https:\/\/tulsa-health.org\/vi\/wp-json\/wp\/v2\/pages\/692"}],"wp:featuredmedia":[{"embeddable":true,"href":"https:\/\/tulsa-health.org\/vi\/wp-json\/wp\/v2\/media\/9930"}],"wp:attachment":[{"href":"https:\/\/tulsa-health.org\/vi\/wp-json\/wp\/v2\/media?parent=1908"}],"curies":[{"name":"wp","href":"https:\/\/api.w.org\/{rel}","templated":true}]}}