{"id":1959,"date":"2023-05-03T13:42:36","date_gmt":"2023-05-03T18:42:36","guid":{"rendered":"https:\/\/test.tulsa-health.org\/?page_id=1959"},"modified":"2023-12-21T10:25:29","modified_gmt":"2023-12-21T16:25:29","slug":"food-recall-services","status":"publish","type":"page","link":"https:\/\/tulsa-health.org\/vi\/services\/public-safety-and-data-services\/food-recall-services\/","title":{"rendered":"D\u1ecbch v\u1ee5 thu h\u1ed3i th\u1ef1c ph\u1ea9m"},"content":{"rendered":"<div data-elementor-type=\"wp-page\" data-elementor-id=\"1959\" class=\"elementor elementor-1959\" data-elementor-post-type=\"page\">\n\t\t\t\t\t\t<section class=\"elementor-section elementor-top-section elementor-element elementor-element-4fe922b elementor-section-full_width elementor-section-height-min-height elementor-section-height-default elementor-section-items-middle\" data-id=\"4fe922b\" data-element_type=\"section\" data-e-type=\"section\" data-settings=\"{&quot;background_background&quot;:&quot;classic&quot;}\">\n\t\t\t\t\t\t<div class=\"elementor-container elementor-column-gap-no\">\n\t\t\t\t\t<div class=\"elementor-column elementor-col-100 elementor-top-column elementor-element elementor-element-89230d8\" data-id=\"89230d8\" data-element_type=\"column\" data-e-type=\"column\">\n\t\t\t<div class=\"elementor-widget-wrap\">\n\t\t\t\t\t\t\t<\/div>\n\t\t<\/div>\n\t\t\t\t\t<\/div>\n\t\t<\/section>\n\t\t\t\t<section class=\"elementor-section elementor-top-section elementor-element elementor-element-ff37e31 elementor-section-boxed elementor-section-height-default elementor-section-height-default\" data-id=\"ff37e31\" data-element_type=\"section\" data-e-type=\"section\" data-settings=\"{&quot;background_background&quot;:&quot;classic&quot;}\">\n\t\t\t\t\t\t<div class=\"elementor-container elementor-column-gap-default\">\n\t\t\t\t\t<div class=\"elementor-column elementor-col-100 elementor-top-column elementor-element elementor-element-113bf80\" data-id=\"113bf80\" data-element_type=\"column\" data-e-type=\"column\">\n\t\t\t<div class=\"elementor-widget-wrap elementor-element-populated\">\n\t\t\t\t\t\t<div class=\"elementor-element elementor-element-48451b4 elementor-widget elementor-widget-heading\" data-id=\"48451b4\" data-element_type=\"widget\" data-e-type=\"widget\" data-widget_type=\"heading.default\">\n\t\t\t\t<div class=\"elementor-widget-container\">\n\t\t\t\t\t<h1 class=\"elementor-heading-title elementor-size-default\">T\u00e0i nguy\u00ean Thu h\u1ed3i An to\u00e0n Th\u1ef1c ph\u1ea9m\u200b<\/h1>\t\t\t\t<\/div>\n\t\t\t\t<\/div>\n\t\t\t\t<div class=\"elementor-element elementor-element-aad3a2d elementor-widget elementor-widget-text-editor\" data-id=\"aad3a2d\" data-element_type=\"widget\" data-e-type=\"widget\" data-widget_type=\"text-editor.default\">\n\t\t\t\t<div class=\"elementor-widget-container\">\n\t\t\t\t\t\t\t\t\t<p>Vui l\u00f2ng xem l\u1ea1i\u00a0<a href=\"https:\/\/www.foodsafety.gov\/\">an to\u00e0n th\u1ef1c ph\u1ea9m.gov<\/a> ti\u1ec7n \u00edch b\u00ean d\u01b0\u1edbi \u0111\u1ec3 bi\u1ebft c\u00e1c th\u00f4ng b\u00e1o c\u1eadp nh\u1eadt v\u1ec1 vi\u1ec7c thu h\u1ed3i v\u00e0 c\u1ea3nh b\u00e1o th\u1ef1c ph\u1ea9m. Truy c\u1eadp trang web An to\u00e0n Th\u1ef1c ph\u1ea9m \u0111\u1ec3 bi\u1ebft th\u00f4ng b\u00e1o thu h\u1ed3i v\u00e0 c\u1ea3nh b\u00e1o t\u1eeb c\u1ea3 hai\u00a0<a href=\"https:\/\/www.fda.gov\/\">C\u01a1 quan Qu\u1ea3n l\u00fd Th\u1ef1c ph\u1ea9m v\u00e0 D\u01b0\u1ee3c ph\u1ea9m Hoa K\u1ef3 (FDA)<\/a>\u00a0v\u00e0\u00a0<a href=\"https:\/\/www.usda.gov\/\">B\u1ed9 N\u00f4ng nghi\u1ec7p Hoa K\u1ef3 (USDA)<\/a>.<\/p>\t\t\t\t\t\t\t\t<\/div>\n\t\t\t\t<\/div>\n\t\t\t\t\t<\/div>\n\t\t<\/div>\n\t\t\t\t\t<\/div>\n\t\t<\/section>\n\t\t\t\t<section class=\"elementor-section elementor-top-section elementor-element elementor-element-1599290 elementor-section-boxed elementor-section-height-default elementor-section-height-default\" data-id=\"1599290\" data-element_type=\"section\" data-e-type=\"section\" data-settings=\"{&quot;background_background&quot;:&quot;classic&quot;}\">\n\t\t\t\t\t\t<div class=\"elementor-container elementor-column-gap-default\">\n\t\t\t\t\t<div class=\"elementor-column elementor-col-100 elementor-top-column elementor-element elementor-element-e72c4a8\" data-id=\"e72c4a8\" data-element_type=\"column\" data-e-type=\"column\">\n\t\t\t<div class=\"elementor-widget-wrap elementor-element-populated\">\n\t\t\t\t\t\t<div class=\"elementor-element elementor-element-1148a03 elementor-widget elementor-widget-text-editor\" data-id=\"1148a03\" data-element_type=\"widget\" data-e-type=\"widget\" data-widget_type=\"text-editor.default\">\n\t\t\t\t<div class=\"elementor-widget-container\">\n\t\t\t\t\t\t\t\t\t<h2>Thu h\u1ed3i &amp; C\u1ea3nh b\u00e1o<\/h2><p>Vi\u1ec7c thu h\u1ed3i th\u1ef1c ph\u1ea9m x\u1ea3y ra khi c\u00f3 l\u00fd do \u0111\u1ec3 tin r\u1eb1ng th\u1ef1c ph\u1ea9m \u0111\u00f3 c\u00f3 th\u1ec3 khi\u1ebfn ng\u01b0\u1eddi ti\u00eau d\u00f9ng b\u1ecb b\u1ec7nh. M\u1ed9t nh\u00e0 s\u1ea3n xu\u1ea5t ho\u1eb7c nh\u00e0 ph\u00e2n ph\u1ed1i th\u1ef1c ph\u1ea9m ti\u1ebfn h\u00e0nh thu h\u1ed3i \u0111\u1ec3 \u0111\u01b0a th\u1ef1c ph\u1ea9m ra kh\u1ecfi th\u1ecb tr\u01b0\u1eddng. Trong m\u1ed9t s\u1ed1 tr\u01b0\u1eddng h\u1ee3p, vi\u1ec7c thu h\u1ed3i th\u1ef1c ph\u1ea9m \u0111\u01b0\u1ee3c c\u00e1c c\u01a1 quan ch\u00ednh ph\u1ee7 y\u00eau c\u1ea7u.<\/p><p>M\u1ed9t s\u1ed1 l\u00fd do thu h\u1ed3i th\u1ef1c ph\u1ea9m bao g\u1ed3m:<\/p><ul><li>Vi\u1ec7c ph\u00e1t hi\u1ec7n m\u1ed9t sinh v\u1eadt trong s\u1ea3n ph\u1ea9m c\u00f3 th\u1ec3 khi\u1ebfn ng\u01b0\u1eddi ti\u00eau d\u00f9ng b\u1ecb b\u1ec7nh.<\/li><li>Ph\u00e1t hi\u1ec7n ch\u1ea5t g\u00e2y d\u1ecb \u1ee9ng ti\u1ec1m \u1ea9n trong s\u1ea3n ph\u1ea9m.<\/li><li>Ghi nh\u00e3n sai ho\u1eb7c ghi sai nh\u00e3n hi\u1ec7u th\u1ef1c ph\u1ea9m. V\u00ed d\u1ee5: m\u1ed9t lo\u1ea1i th\u1ef1c ph\u1ea9m c\u00f3 th\u1ec3 ch\u1ee9a ch\u1ea5t g\u00e2y d\u1ecb \u1ee9ng, ch\u1eb3ng h\u1ea1n nh\u01b0 c\u00e1c lo\u1ea1i h\u1ea1t ho\u1eb7c tr\u1ee9ng, nh\u01b0ng nh\u1eefng th\u00e0nh ph\u1ea7n \u0111\u00f3 kh\u00f4ng xu\u1ea5t hi\u1ec7n tr\u00ean nh\u00e3n.<\/li><\/ul>\t\t\t\t\t\t\t\t<\/div>\n\t\t\t\t<\/div>\n\t\t\t\t\t<\/div>\n\t\t<\/div>\n\t\t\t\t\t<\/div>\n\t\t<\/section>\n\t\t\t\t<section class=\"elementor-section elementor-top-section elementor-element elementor-element-a9c7396 elementor-section-boxed elementor-section-height-default elementor-section-height-default\" data-id=\"a9c7396\" data-element_type=\"section\" data-e-type=\"section\">\n\t\t\t\t\t\t<div class=\"elementor-container elementor-column-gap-default\">\n\t\t\t\t\t<div class=\"elementor-column elementor-col-100 elementor-top-column elementor-element elementor-element-2aa75cd\" data-id=\"2aa75cd\" data-element_type=\"column\" data-e-type=\"column\">\n\t\t\t<div class=\"elementor-widget-wrap elementor-element-populated\">\n\t\t\t\t\t\t<div class=\"elementor-element elementor-element-c4945a4 elementor-widget elementor-widget-html\" data-id=\"c4945a4\" data-element_type=\"widget\" data-e-type=\"widget\" data-widget_type=\"html.default\">\n\t\t\t\t<div class=\"elementor-widget-container\">\n\t\t\t\t\t<div data-cdc-widget=\"FoodRecall\" data-instance-name=\"Food%20Recall%20Widget\" data-widget-max-width=\"800px\" data-news-feed-type=\"xml\" data-news-feed=\"https%3A%2F%2Fwww2c.cdc.gov%2Fpodcasts%2Fcreaterss.asp%3Fc%3D146\" data-widget-title=\"Food%20Recalls\" data-widget-min-height=\"400px\" data-style-path=\"\/foodsafety\/foodsafetygov\/css\/foodsafety-recall-widget.css?v\" ><\/div> \n <script src=\"https:\/\/tools.cdc.gov\/1M1B\"><\/script>\t\t\t\t<\/div>\n\t\t\t\t<\/div>\n\t\t\t\t\t<\/div>\n\t\t<\/div>\n\t\t\t\t\t<\/div>\n\t\t<\/section>\n\t\t\t\t<section class=\"elementor-section elementor-top-section elementor-element elementor-element-a86884c elementor-section-full_width elementor-section-height-default elementor-section-height-default\" data-id=\"a86884c\" data-element_type=\"section\" data-e-type=\"section\">\n\t\t\t\t\t\t<div class=\"elementor-container elementor-column-gap-default\">\n\t\t\t\t\t<div class=\"elementor-column elementor-col-100 elementor-top-column elementor-element elementor-element-bcc4063\" data-id=\"bcc4063\" data-element_type=\"column\" data-e-type=\"column\">\n\t\t\t<div class=\"elementor-widget-wrap elementor-element-populated\">\n\t\t\t\t\t\t<div class=\"elementor-element elementor-element-901a770 elementor-widget elementor-widget-shortcode\" data-id=\"901a770\" data-element_type=\"widget\" data-e-type=\"widget\" data-widget_type=\"shortcode.default\">\n\t\t\t\t<div class=\"elementor-widget-container\">\n\t\t\t\t\t\t\t<div class=\"elementor-shortcode\">\t\t<div data-elementor-type=\"section\" data-elementor-id=\"4934\" class=\"elementor elementor-4934\" data-elementor-post-type=\"elementor_library\">\n\t\t\t\t\t<section class=\"elementor-section elementor-top-section elementor-element elementor-element-4469b59d elementor-section-stretched elementor-section-boxed elementor-section-height-default elementor-section-height-default\" data-id=\"4469b59d\" data-element_type=\"section\" data-e-type=\"section\" data-settings=\"{&quot;background_background&quot;:&quot;classic&quot;,&quot;stretch_section&quot;:&quot;section-stretched&quot;}\">\n\t\t\t\t\t\t\t<div class=\"elementor-background-overlay\"><\/div>\n\t\t\t\t\t\t\t<div class=\"elementor-container elementor-column-gap-default\">\n\t\t\t\t\t<div class=\"elementor-column elementor-col-100 elementor-top-column elementor-element elementor-element-615ea353\" data-id=\"615ea353\" data-element_type=\"column\" data-e-type=\"column\">\n\t\t\t<div class=\"elementor-widget-wrap elementor-element-populated\">\n\t\t\t\t\t\t<div class=\"elementor-element elementor-element-bdb2691 elementor-widget elementor-widget-heading\" data-id=\"bdb2691\" data-element_type=\"widget\" data-e-type=\"widget\" data-widget_type=\"heading.default\">\n\t\t\t\t<div class=\"elementor-widget-container\">\n\t\t\t\t\t<h5 class=\"elementor-heading-title elementor-size-default\">\u0110\u1ecaA \u0110I\u1ec2M<\/h5>\t\t\t\t<\/div>\n\t\t\t\t<\/div>\n\t\t\t\t<div class=\"elementor-element elementor-element-00f74f9 elementor-widget elementor-widget-text-editor\" data-id=\"00f74f9\" data-element_type=\"widget\" data-e-type=\"widget\" data-widget_type=\"text-editor.default\">\n\t\t\t\t<div class=\"elementor-widget-container\">\n\t\t\t\t\t\t\t\t\t<p>Ch\u00fang t\u00f4i c\u00f3 9 c\u01a1 s\u1edf tr\u00ean kh\u1eafp Qu\u1eadn Tulsa cung c\u1ea5p nhi\u1ec1u d\u1ecbch v\u1ee5 kh\u00e1c nhau \u0111\u1ec3 gi\u00fap b\u1ea1n v\u00e0 gia \u0111\u00ecnh lu\u00f4n kh\u1ecfe m\u1ea1nh.<\/p>\t\t\t\t\t\t\t\t<\/div>\n\t\t\t\t<\/div>\n\t\t\t\t<div class=\"elementor-element elementor-element-fd63501 elementor-align-center secondary elementor-widget elementor-widget-button\" data-id=\"fd63501\" data-element_type=\"widget\" data-e-type=\"widget\" data-widget_type=\"button.default\">\n\t\t\t\t<div class=\"elementor-widget-container\">\n\t\t\t\t\t\t\t\t\t<div class=\"elementor-button-wrapper\">\n\t\t\t\t\t<a class=\"elementor-button elementor-button-link elementor-size-sm\" href=\"\/vi\/locations\/\">\n\t\t\t\t\t\t<span class=\"elementor-button-content-wrapper\">\n\t\t\t\t\t\t\t\t\t<span class=\"elementor-button-text\">T\u00ecm c\u1ee7a b\u1ea1n<\/span>\n\t\t\t\t\t<\/span>\n\t\t\t\t\t<\/a>\n\t\t\t\t<\/div>\n\t\t\t\t\t\t\t\t<\/div>\n\t\t\t\t<\/div>\n\t\t\t\t\t<\/div>\n\t\t<\/div>\n\t\t\t\t\t<\/div>\n\t\t<\/section>\n\t\t\t\t<\/div>\n\t\t<\/div>\n\t\t\t\t\t\t<\/div>\n\t\t\t\t<\/div>\n\t\t\t\t\t<\/div>\n\t\t<\/div>\n\t\t\t\t\t<\/div>\n\t\t<\/section>\n\t\t\t\t<\/div>","protected":false},"excerpt":{"rendered":"<p>Food Safety Recall Resources\u200b Please review the\u00a0foodsafety.gov widget below for up-to-date notices on food recalls and alerts. Visit\u00a0the Food Safety\u00a0website for notices of recalls and alerts from both the\u00a0U.S. Food and Drug Administration (FDA)\u00a0and the\u00a0U.S. Department of Agriculture (USDA). Recalls &amp; Alerts A food recall occurs when there is reason to believe that a food [&hellip;]<\/p>\n","protected":false},"author":1,"featured_media":9932,"parent":1908,"menu_order":0,"comment_status":"closed","ping_status":"closed","template":"elementor_header_footer","meta":{"_acf_changed":false,"footnotes":""},"class_list":["post-1959","page","type-page","status-publish","has-post-thumbnail","hentry"],"acf":[],"yoast_head":"<!-- This site is optimized with the Yoast SEO plugin v27.4 - https:\/\/yoast.com\/product\/yoast-seo-wordpress\/ -->\n<title>Food Recall Services - Tulsa Health Department<\/title>\n<meta name=\"description\" content=\"Visit\u00a0the Food Safety\u00a0website for notices of recalls and alerts from both the\u00a0U.S. Food and Drug Administration (FDA)\u00a0and the\u00a0U.S. Department of Agriculture (USDA).\u00a0\" \/>\n<meta name=\"robots\" content=\"index, follow, max-snippet:-1, max-image-preview:large, max-video-preview:-1\" \/>\n<link rel=\"canonical\" href=\"https:\/\/tulsa-health.org\/vi\/services\/public-safety-and-data-services\/food-recall-services\/\" \/>\n<meta property=\"og:locale\" content=\"vi_VN\" \/>\n<meta property=\"og:type\" content=\"article\" \/>\n<meta property=\"og:title\" content=\"Food Recall Services - Tulsa Health Department\" \/>\n<meta property=\"og:description\" content=\"Visit\u00a0the Food Safety\u00a0website for notices of recalls and alerts from both the\u00a0U.S. Food and Drug Administration (FDA)\u00a0and the\u00a0U.S. Department of Agriculture (USDA).\u00a0\" \/>\n<meta property=\"og:url\" content=\"https:\/\/tulsa-health.org\/vi\/services\/public-safety-and-data-services\/food-recall-services\/\" \/>\n<meta property=\"og:site_name\" content=\"Tulsa Health Department\" \/>\n<meta property=\"article:modified_time\" content=\"2023-12-21T16:25:29+00:00\" \/>\n<meta property=\"og:image\" content=\"https:\/\/tulsa-health.org\/wp-content\/uploads\/2023\/07\/Food-Recall-let-me-know-if-this-doesnt-work-lol-.png\" \/>\n\t<meta property=\"og:image:width\" content=\"1920\" \/>\n\t<meta property=\"og:image:height\" content=\"320\" \/>\n\t<meta property=\"og:image:type\" content=\"image\/png\" \/>\n<meta name=\"twitter:card\" content=\"summary_large_image\" \/>\n<meta name=\"twitter:label1\" content=\"\u01af\u1edbc t\u00ednh th\u1eddi gian \u0111\u1ecdc\" \/>\n\t<meta name=\"twitter:data1\" content=\"1 ph\u00fat\" \/>\n<script type=\"application\/ld+json\" class=\"yoast-schema-graph\">{\"@context\":\"https:\\\/\\\/schema.org\",\"@graph\":[{\"@type\":\"WebPage\",\"@id\":\"https:\\\/\\\/tulsa-health.org\\\/services\\\/public-safety-and-data-services\\\/food-recall-services\\\/\",\"url\":\"https:\\\/\\\/tulsa-health.org\\\/services\\\/public-safety-and-data-services\\\/food-recall-services\\\/\",\"name\":\"Food Recall Services - Tulsa Health Department\",\"isPartOf\":{\"@id\":\"https:\\\/\\\/tulsa-health.org\\\/es\\\/#website\"},\"primaryImageOfPage\":{\"@id\":\"https:\\\/\\\/tulsa-health.org\\\/services\\\/public-safety-and-data-services\\\/food-recall-services\\\/#primaryimage\"},\"image\":{\"@id\":\"https:\\\/\\\/tulsa-health.org\\\/services\\\/public-safety-and-data-services\\\/food-recall-services\\\/#primaryimage\"},\"thumbnailUrl\":\"https:\\\/\\\/tulsa-health.org\\\/wp-content\\\/uploads\\\/2023\\\/07\\\/Food-Recall-let-me-know-if-this-doesnt-work-lol-.png\",\"datePublished\":\"2023-05-03T18:42:36+00:00\",\"dateModified\":\"2023-12-21T16:25:29+00:00\",\"description\":\"Visit\u00a0the Food Safety\u00a0website for notices of recalls and alerts from both the\u00a0U.S. Food and Drug Administration (FDA)\u00a0and the\u00a0U.S. Department of Agriculture (USDA).\u00a0\",\"breadcrumb\":{\"@id\":\"https:\\\/\\\/tulsa-health.org\\\/services\\\/public-safety-and-data-services\\\/food-recall-services\\\/#breadcrumb\"},\"inLanguage\":\"vi\",\"potentialAction\":[{\"@type\":\"ReadAction\",\"target\":[\"https:\\\/\\\/tulsa-health.org\\\/services\\\/public-safety-and-data-services\\\/food-recall-services\\\/\"]}]},{\"@type\":\"ImageObject\",\"inLanguage\":\"vi\",\"@id\":\"https:\\\/\\\/tulsa-health.org\\\/services\\\/public-safety-and-data-services\\\/food-recall-services\\\/#primaryimage\",\"url\":\"https:\\\/\\\/tulsa-health.org\\\/wp-content\\\/uploads\\\/2023\\\/07\\\/Food-Recall-let-me-know-if-this-doesnt-work-lol-.png\",\"contentUrl\":\"https:\\\/\\\/tulsa-health.org\\\/wp-content\\\/uploads\\\/2023\\\/07\\\/Food-Recall-let-me-know-if-this-doesnt-work-lol-.png\",\"width\":1920,\"height\":320,\"caption\":\"Food Recall\"},{\"@type\":\"BreadcrumbList\",\"@id\":\"https:\\\/\\\/tulsa-health.org\\\/services\\\/public-safety-and-data-services\\\/food-recall-services\\\/#breadcrumb\",\"itemListElement\":[{\"@type\":\"ListItem\",\"position\":1,\"name\":\"Home\",\"item\":\"https:\\\/\\\/tulsa-health.org\\\/\"},{\"@type\":\"ListItem\",\"position\":2,\"name\":\"Services\",\"item\":\"https:\\\/\\\/tulsa-health.org\\\/services\\\/\"},{\"@type\":\"ListItem\",\"position\":3,\"name\":\"Public Safety and Data Services\",\"item\":\"https:\\\/\\\/tulsa-health.org\\\/services\\\/public-safety-and-data-services\\\/\"},{\"@type\":\"ListItem\",\"position\":4,\"name\":\"Food Recall Services\"}]},{\"@type\":\"WebSite\",\"@id\":\"https:\\\/\\\/tulsa-health.org\\\/es\\\/#website\",\"url\":\"https:\\\/\\\/tulsa-health.org\\\/es\\\/\",\"name\":\"Tulsa Health Department\",\"description\":\"Clinical Services, Immunizations, Permits and More | Tulsa Health Department\",\"potentialAction\":[{\"@type\":\"SearchAction\",\"target\":{\"@type\":\"EntryPoint\",\"urlTemplate\":\"https:\\\/\\\/tulsa-health.org\\\/es\\\/?s={search_term_string}\"},\"query-input\":{\"@type\":\"PropertyValueSpecification\",\"valueRequired\":true,\"valueName\":\"search_term_string\"}}],\"inLanguage\":\"vi\"}]}<\/script>\n<!-- \/ Yoast SEO plugin. -->","yoast_head_json":{"title":"D\u1ecbch v\u1ee5 thu h\u1ed3i th\u1ef1c ph\u1ea9m - S\u1edf Y t\u1ebf Tulsa","description":"Truy c\u1eadp trang web An to\u00e0n Th\u1ef1c ph\u1ea9m \u0111\u1ec3 bi\u1ebft th\u00f4ng b\u00e1o thu h\u1ed3i v\u00e0 c\u1ea3nh b\u00e1o t\u1eeb C\u1ee5c Qu\u1ea3n l\u00fd Th\u1ef1c ph\u1ea9m v\u00e0 D\u01b0\u1ee3c ph\u1ea9m Hoa K\u1ef3 (FDA) v\u00e0 B\u1ed9 N\u00f4ng nghi\u1ec7p Hoa K\u1ef3 (USDA).\u00a0","robots":{"index":"index","follow":"follow","max-snippet":"max-snippet:-1","max-image-preview":"max-image-preview:large","max-video-preview":"max-video-preview:-1"},"canonical":"https:\/\/tulsa-health.org\/vi\/services\/public-safety-and-data-services\/food-recall-services\/","og_locale":"vi_VN","og_type":"article","og_title":"Food Recall Services - Tulsa Health Department","og_description":"Visit\u00a0the Food Safety\u00a0website for notices of recalls and alerts from both the\u00a0U.S. Food and Drug Administration (FDA)\u00a0and the\u00a0U.S. Department of Agriculture (USDA).\u00a0","og_url":"https:\/\/tulsa-health.org\/vi\/services\/public-safety-and-data-services\/food-recall-services\/","og_site_name":"Tulsa Health Department","article_modified_time":"2023-12-21T16:25:29+00:00","og_image":[{"width":1920,"height":320,"url":"https:\/\/tulsa-health.org\/wp-content\/uploads\/2023\/07\/Food-Recall-let-me-know-if-this-doesnt-work-lol-.png","type":"image\/png"}],"twitter_card":"summary_large_image","twitter_misc":{"\u01af\u1edbc t\u00ednh th\u1eddi gian \u0111\u1ecdc":"1 ph\u00fat"},"schema":{"@context":"https:\/\/schema.org","@graph":[{"@type":"WebPage","@id":"https:\/\/tulsa-health.org\/services\/public-safety-and-data-services\/food-recall-services\/","url":"https:\/\/tulsa-health.org\/services\/public-safety-and-data-services\/food-recall-services\/","name":"D\u1ecbch v\u1ee5 thu h\u1ed3i th\u1ef1c ph\u1ea9m - S\u1edf Y t\u1ebf Tulsa","isPartOf":{"@id":"https:\/\/tulsa-health.org\/es\/#website"},"primaryImageOfPage":{"@id":"https:\/\/tulsa-health.org\/services\/public-safety-and-data-services\/food-recall-services\/#primaryimage"},"image":{"@id":"https:\/\/tulsa-health.org\/services\/public-safety-and-data-services\/food-recall-services\/#primaryimage"},"thumbnailUrl":"https:\/\/tulsa-health.org\/wp-content\/uploads\/2023\/07\/Food-Recall-let-me-know-if-this-doesnt-work-lol-.png","datePublished":"2023-05-03T18:42:36+00:00","dateModified":"2023-12-21T16:25:29+00:00","description":"Truy c\u1eadp trang web An to\u00e0n Th\u1ef1c ph\u1ea9m \u0111\u1ec3 bi\u1ebft th\u00f4ng b\u00e1o thu h\u1ed3i v\u00e0 c\u1ea3nh b\u00e1o t\u1eeb C\u1ee5c Qu\u1ea3n l\u00fd Th\u1ef1c ph\u1ea9m v\u00e0 D\u01b0\u1ee3c ph\u1ea9m Hoa K\u1ef3 (FDA) v\u00e0 B\u1ed9 N\u00f4ng nghi\u1ec7p Hoa K\u1ef3 (USDA).\u00a0","breadcrumb":{"@id":"https:\/\/tulsa-health.org\/services\/public-safety-and-data-services\/food-recall-services\/#breadcrumb"},"inLanguage":"vi","potentialAction":[{"@type":"ReadAction","target":["https:\/\/tulsa-health.org\/services\/public-safety-and-data-services\/food-recall-services\/"]}]},{"@type":"ImageObject","inLanguage":"vi","@id":"https:\/\/tulsa-health.org\/services\/public-safety-and-data-services\/food-recall-services\/#primaryimage","url":"https:\/\/tulsa-health.org\/wp-content\/uploads\/2023\/07\/Food-Recall-let-me-know-if-this-doesnt-work-lol-.png","contentUrl":"https:\/\/tulsa-health.org\/wp-content\/uploads\/2023\/07\/Food-Recall-let-me-know-if-this-doesnt-work-lol-.png","width":1920,"height":320,"caption":"Food Recall"},{"@type":"BreadcrumbList","@id":"https:\/\/tulsa-health.org\/services\/public-safety-and-data-services\/food-recall-services\/#breadcrumb","itemListElement":[{"@type":"ListItem","position":1,"name":"Home","item":"https:\/\/tulsa-health.org\/"},{"@type":"ListItem","position":2,"name":"Services","item":"https:\/\/tulsa-health.org\/services\/"},{"@type":"ListItem","position":3,"name":"Public Safety and Data Services","item":"https:\/\/tulsa-health.org\/services\/public-safety-and-data-services\/"},{"@type":"ListItem","position":4,"name":"Food Recall Services"}]},{"@type":"WebSite","@id":"https:\/\/tulsa-health.org\/es\/#website","url":"https:\/\/tulsa-health.org\/es\/","name":"S\u1edf Y t\u1ebf Tulsa","description":"D\u1ecbch v\u1ee5 l\u00e2m s\u00e0ng, ti\u00eam ch\u1ee7ng, gi\u1ea5y ph\u00e9p v\u00e0 nhi\u1ec1u h\u01a1n n\u1eefa | S\u1edf Y t\u1ebf Tulsa","potentialAction":[{"@type":"SearchAction","target":{"@type":"EntryPoint","urlTemplate":"https:\/\/tulsa-health.org\/es\/?s={search_term_string}"},"query-input":{"@type":"PropertyValueSpecification","valueRequired":true,"valueName":"search_term_string"}}],"inLanguage":"vi"}]}},"publishpress_future_workflow_manual_trigger":{"enabledWorkflows":[]},"_links":{"self":[{"href":"https:\/\/tulsa-health.org\/vi\/wp-json\/wp\/v2\/pages\/1959","targetHints":{"allow":["GET"]}}],"collection":[{"href":"https:\/\/tulsa-health.org\/vi\/wp-json\/wp\/v2\/pages"}],"about":[{"href":"https:\/\/tulsa-health.org\/vi\/wp-json\/wp\/v2\/types\/page"}],"author":[{"embeddable":true,"href":"https:\/\/tulsa-health.org\/vi\/wp-json\/wp\/v2\/users\/1"}],"replies":[{"embeddable":true,"href":"https:\/\/tulsa-health.org\/vi\/wp-json\/wp\/v2\/comments?post=1959"}],"version-history":[{"count":0,"href":"https:\/\/tulsa-health.org\/vi\/wp-json\/wp\/v2\/pages\/1959\/revisions"}],"up":[{"embeddable":true,"href":"https:\/\/tulsa-health.org\/vi\/wp-json\/wp\/v2\/pages\/1908"}],"wp:featuredmedia":[{"embeddable":true,"href":"https:\/\/tulsa-health.org\/vi\/wp-json\/wp\/v2\/media\/9932"}],"wp:attachment":[{"href":"https:\/\/tulsa-health.org\/vi\/wp-json\/wp\/v2\/media?parent=1959"}],"curies":[{"name":"wp","href":"https:\/\/api.w.org\/{rel}","templated":true}]}}