{"id":2113,"date":"2023-05-04T12:17:15","date_gmt":"2023-05-04T17:17:15","guid":{"rendered":"https:\/\/test.tulsa-health.org\/?page_id=2113"},"modified":"2023-12-20T18:09:21","modified_gmt":"2023-12-21T00:09:21","slug":"forms-and-procedures","status":"publish","type":"page","link":"https:\/\/tulsa-health.org\/vi\/permits-inspections\/food\/food-service-and-restaurant-industry-resources\/forms-and-procedures\/","title":{"rendered":"C\u00e1c bi\u1ec3u m\u1eabu v\u00e0 th\u1ee7 t\u1ee5c"},"content":{"rendered":"<div data-elementor-type=\"wp-page\" data-elementor-id=\"2113\" class=\"elementor elementor-2113\" data-elementor-post-type=\"page\">\n\t\t\t\t\t\t<section class=\"elementor-section elementor-top-section elementor-element elementor-element-0e11d2a elementor-section-full_width elementor-section-height-min-height elementor-section-height-default elementor-section-items-middle\" data-id=\"0e11d2a\" data-element_type=\"section\" data-e-type=\"section\" data-settings=\"{&quot;background_background&quot;:&quot;classic&quot;}\">\n\t\t\t\t\t\t<div class=\"elementor-container elementor-column-gap-no\">\n\t\t\t\t\t<div class=\"elementor-column elementor-col-100 elementor-top-column elementor-element elementor-element-5915735\" data-id=\"5915735\" data-element_type=\"column\" data-e-type=\"column\">\n\t\t\t<div class=\"elementor-widget-wrap\">\n\t\t\t\t\t\t\t<\/div>\n\t\t<\/div>\n\t\t\t\t\t<\/div>\n\t\t<\/section>\n\t\t\t\t<section class=\"elementor-section elementor-top-section elementor-element elementor-element-dd4549f elementor-section-boxed elementor-section-height-default elementor-section-height-default\" data-id=\"dd4549f\" data-element_type=\"section\" data-e-type=\"section\" data-settings=\"{&quot;background_background&quot;:&quot;classic&quot;}\">\n\t\t\t\t\t\t<div class=\"elementor-container elementor-column-gap-default\">\n\t\t\t\t\t<div class=\"elementor-column elementor-col-100 elementor-top-column elementor-element elementor-element-90f47ac\" data-id=\"90f47ac\" data-element_type=\"column\" data-e-type=\"column\">\n\t\t\t<div class=\"elementor-widget-wrap elementor-element-populated\">\n\t\t\t\t\t\t<div class=\"elementor-element elementor-element-da933f2 elementor-widget elementor-widget-heading\" data-id=\"da933f2\" data-element_type=\"widget\" data-e-type=\"widget\" data-widget_type=\"heading.default\">\n\t\t\t\t<div class=\"elementor-widget-container\">\n\t\t\t\t\t<h1 class=\"elementor-heading-title elementor-size-default\">C\u00e1c bi\u1ec3u m\u1eabu v\u00e0 th\u1ee7 t\u1ee5c<\/h1>\t\t\t\t<\/div>\n\t\t\t\t<\/div>\n\t\t\t\t<div class=\"elementor-element elementor-element-b1f2e7f elementor-widget elementor-widget-text-editor\" data-id=\"b1f2e7f\" data-element_type=\"widget\" data-e-type=\"widget\" data-widget_type=\"text-editor.default\">\n\t\t\t\t<div class=\"elementor-widget-container\">\n\t\t\t\t\t\t\t\t\t<p>Nh\u1eadn t\u1ea5t c\u1ea3 c\u00e1c bi\u1ec3u m\u1eabu v\u00e0 h\u01b0\u1edbng d\u1eabn li\u00ean quan m\u00e0 b\u1ea1n c\u1ea7n \u0111\u1ec3 \u0111\u1ea3m b\u1ea3o th\u1ef1c h\u00e0nh an to\u00e0n th\u1ef1c ph\u1ea9m t\u1ed1t nh\u1ea5t.<\/p>\t\t\t\t\t\t\t\t<\/div>\n\t\t\t\t<\/div>\n\t\t\t\t\t<\/div>\n\t\t<\/div>\n\t\t\t\t\t<\/div>\n\t\t<\/section>\n\t\t\t\t<section class=\"elementor-section elementor-top-section elementor-element elementor-element-32299e7 elementor-section-boxed elementor-section-height-default elementor-section-height-default elementor-invisible\" data-id=\"32299e7\" data-element_type=\"section\" data-e-type=\"section\" data-settings=\"{&quot;background_background&quot;:&quot;classic&quot;,&quot;animation&quot;:&quot;fadeInUp&quot;}\">\n\t\t\t\t\t\t<div class=\"elementor-container elementor-column-gap-default\">\n\t\t\t\t\t<div class=\"elementor-column elementor-col-100 elementor-top-column elementor-element elementor-element-a216099\" data-id=\"a216099\" data-element_type=\"column\" data-e-type=\"column\" data-settings=\"{&quot;background_background&quot;:&quot;classic&quot;}\">\n\t\t\t<div class=\"elementor-widget-wrap elementor-element-populated\">\n\t\t\t\t\t\t<div class=\"elementor-element elementor-element-8cb1835 elementor-widget elementor-widget-text-editor\" data-id=\"8cb1835\" data-element_type=\"widget\" data-e-type=\"widget\" data-widget_type=\"text-editor.default\">\n\t\t\t\t<div class=\"elementor-widget-container\">\n\t\t\t\t\t\t\t\t\t<p><b>T\u1ef1 ki\u1ec3m tra h\u00e0ng ng\u00e0y<\/b><\/p><p><a href=\"\/wp-content\/uploads\/2023\/06\/FF-Self-Inspection-M.pdf\">Ti\u1ebfng Anh<\/a>\u00a0|\u00a0<a href=\"\/wp-content\/uploads\/2023\/06\/FF-Self-Inspection-M-Spanish-_2_135.pdf\">ng\u01b0\u1eddi T\u00e2y Ban Nha<\/a>\u00a0|\u00a0<a href=\"\/wp-content\/uploads\/2023\/06\/FF-Self-Inspection-M-Chinese135.pdf\">ng\u01b0\u1eddi Trung Qu\u1ed1c<\/a><\/p><p><b>H\u00ecnh th\u1ee9c gi\u1eef l\u1ea1nh<\/b><\/p><p><a href=\"\/wp-content\/uploads\/2023\/05\/Monitor-coldholding-English.pdf\">Ti\u1ebfng Anh<\/a>\u00a0|\u00a0<a href=\"\/wp-content\/uploads\/2023\/05\/Monitor-coldholdingspanish.pdf\">ng\u01b0\u1eddi T\u00e2y Ban Nha<\/a>\u00a0|\u00a0<a href=\"\/wp-content\/uploads\/2023\/05\/Monitor-coldholdingchinese.pdf\">ng\u01b0\u1eddi Trung Qu\u1ed1c<\/a><\/p><p><b>H\u00ecnh th\u1ee9c l\u00e0m m\u00e1t<\/b><\/p><p><a href=\"\/wp-content\/uploads\/2023\/06\/FF-Cooling-M135.pdf\">Ti\u1ebfng Anh<\/a>\u00a0|\u00a0<a href=\"\/wp-content\/uploads\/2023\/06\/FF-Cooling-M-Spanish.pdf\" target=\"_blank\" rel=\"noopener\">ng\u01b0\u1eddi T\u00e2y Ban Nha<\/a>\u00a0|\u00a0<a href=\"\/wp-content\/uploads\/2023\/06\/FF-Cooling-M-Chinese135.pdf\">ng\u01b0\u1eddi Trung Qu\u1ed1c<\/a><\/p><p><b>M\u1eabu gi\u1eef n\u00f3ng<\/b><\/p><p><a href=\"\/wp-content\/uploads\/2023\/06\/FF-Hot-Hold-M135.pdf\">Ti\u1ebfng Anh<\/a>\u00a0|\u00a0<a href=\"\/wp-content\/uploads\/2023\/06\/FF-Hot-Hold-M-Spanish-_2_135.pdf\">ng\u01b0\u1eddi T\u00e2y Ban Nha<\/a>\u00a0|\u00a0<a href=\"\/wp-content\/uploads\/2023\/06\/FF-Hot-Hold-M-Chinese.pdf\" target=\"_blank\" rel=\"noopener\">ng\u01b0\u1eddi Trung Qu\u1ed1c<\/a><\/p><p><a href=\"\/wp-content\/uploads\/2023\/05\/FF-Time-PH-Control_0.pdf\">Th\u1eddi gian nh\u01b0 m\u1ed9t s\u1ef1 ki\u1ec3m so\u00e1t<\/a><\/p><p><a href=\"\/wp-content\/uploads\/2023\/05\/Consumer-Advisory-Requirement-13-0426.pdf\" target=\"_blank\" rel=\"noopener\">Y\u00eau c\u1ea7u t\u01b0 v\u1ea5n ng\u01b0\u1eddi ti\u00eau d\u00f9ng<\/a><\/p><p><a href=\"\/wp-content\/uploads\/2023\/05\/Bare-Hand-Contact-Information-Packet.pdf\">G\u00f3i th\u00f4ng tin li\u00ean h\u1ec7 tay tr\u1ea7n<\/a><\/p><p><a href=\"\/wp-content\/uploads\/2023\/05\/Employee-Illness-Reporting-Agreement.pdf\">Th\u1ecfa thu\u1eadn b\u00e1o c\u00e1o b\u1ec7nh t\u1eadt c\u1ee7a nh\u00e2n vi\u00ean<\/a><\/p><p><a href=\"\/wp-content\/uploads\/2023\/05\/Employee-Illness-Interview-Form.pdf\">M\u1eabu ph\u1ecfng v\u1ea5n b\u1ec7nh t\u1eadt c\u1ee7a nh\u00e2n vi\u00ean<\/a><\/p><p><a href=\"\/wp-content\/uploads\/2023\/05\/Standard-Operating-Procedures.pdf\">Quy tr\u00ecnh v\u1eadn h\u00e0nh ti\u00eau chu\u1ea9n<\/a><\/p><p><a href=\"\/wp-content\/uploads\/2023\/05\/Labeling-Requirements.pdf\" target=\"_blank\" rel=\"noopener\">Y\u00eau c\u1ea7u ghi nh\u00e3n<\/a><\/p><p><a href=\"\/wp-content\/uploads\/2023\/05\/ROP-Packet.pdf\">Bao b\u00ec gi\u1ea3m oxy (ROP)<\/a><\/p><p><a href=\"\/wp-content\/uploads\/2023\/05\/Animals-Service.pdf\" target=\"_blank\" rel=\"noopener\">\u0110\u1ed9ng v\u1eadt ph\u1ee5c v\u1ee5<\/a><\/p><p><a href=\"\/wp-content\/uploads\/2023\/05\/VomitCleanUp.pdf\">Quy tr\u00ecnh l\u00e0m s\u1ea1ch n\u00f4n m\u1eeda v\u00e0 ti\u00eau ch\u1ea3y<\/a><\/p><p><a href=\"\/wp-content\/uploads\/2023\/05\/vomit-poster.pdf\">Poster d\u1ecdn d\u1eb9p n\u00f4n m\u1eeda v\u00e0 ti\u00eau ch\u1ea3y<\/a><\/p><p><a href=\"\/wp-content\/uploads\/2023\/05\/Guidelines-for-Food-Safety-During-Temporary-Power-Outages.pdf\">H\u01b0\u1edbng D\u1eabn An To\u00e0n Th\u1ef1c Ph\u1ea9m Trong Th\u1eddi Gian M\u1ea5t \u0110i\u1ec7n T\u1ea1m Th\u1eddi<\/a><\/p><p><a href=\"\/wp-content\/uploads\/2023\/05\/Establishment-Active-Managerial-Control-Self-Inspection-Form.pdf\">Bi\u1ec3u m\u1eabu t\u1ef1 ki\u1ec3m tra ho\u1ea1t \u0111\u1ed9ng ki\u1ec3m so\u00e1t qu\u1ea3n l\u00fd c\u1ee7a c\u01a1 s\u1edf<\/a><\/p>\t\t\t\t\t\t\t\t<\/div>\n\t\t\t\t<\/div>\n\t\t\t\t\t<\/div>\n\t\t<\/div>\n\t\t\t\t\t<\/div>\n\t\t<\/section>\n\t\t\t\t<section class=\"elementor-section elementor-top-section elementor-element elementor-element-f4d76f0 elementor-section-full_width elementor-section-height-default elementor-section-height-default\" data-id=\"f4d76f0\" data-element_type=\"section\" data-e-type=\"section\">\n\t\t\t\t\t\t<div class=\"elementor-container elementor-column-gap-default\">\n\t\t\t\t\t<div class=\"elementor-column elementor-col-100 elementor-top-column elementor-element elementor-element-a8aba46\" data-id=\"a8aba46\" data-element_type=\"column\" data-e-type=\"column\">\n\t\t\t<div class=\"elementor-widget-wrap elementor-element-populated\">\n\t\t\t\t\t\t<div class=\"elementor-element elementor-element-636c447 elementor-widget elementor-widget-shortcode\" data-id=\"636c447\" data-element_type=\"widget\" data-e-type=\"widget\" data-widget_type=\"shortcode.default\">\n\t\t\t\t<div class=\"elementor-widget-container\">\n\t\t\t\t\t\t\t<div class=\"elementor-shortcode\">\t\t<div data-elementor-type=\"section\" data-elementor-id=\"4934\" class=\"elementor elementor-4934\" data-elementor-post-type=\"elementor_library\">\n\t\t\t\t\t<section class=\"elementor-section elementor-top-section elementor-element elementor-element-4469b59d elementor-section-stretched elementor-section-boxed elementor-section-height-default elementor-section-height-default\" data-id=\"4469b59d\" data-element_type=\"section\" data-e-type=\"section\" data-settings=\"{&quot;background_background&quot;:&quot;classic&quot;,&quot;stretch_section&quot;:&quot;section-stretched&quot;}\">\n\t\t\t\t\t\t\t<div class=\"elementor-background-overlay\"><\/div>\n\t\t\t\t\t\t\t<div class=\"elementor-container elementor-column-gap-default\">\n\t\t\t\t\t<div class=\"elementor-column elementor-col-100 elementor-top-column elementor-element elementor-element-615ea353\" data-id=\"615ea353\" data-element_type=\"column\" data-e-type=\"column\">\n\t\t\t<div class=\"elementor-widget-wrap elementor-element-populated\">\n\t\t\t\t\t\t<div class=\"elementor-element elementor-element-bdb2691 elementor-widget elementor-widget-heading\" data-id=\"bdb2691\" data-element_type=\"widget\" data-e-type=\"widget\" data-widget_type=\"heading.default\">\n\t\t\t\t<div class=\"elementor-widget-container\">\n\t\t\t\t\t<h5 class=\"elementor-heading-title elementor-size-default\">\u0110\u1ecaA \u0110I\u1ec2M<\/h5>\t\t\t\t<\/div>\n\t\t\t\t<\/div>\n\t\t\t\t<div class=\"elementor-element elementor-element-00f74f9 elementor-widget elementor-widget-text-editor\" data-id=\"00f74f9\" data-element_type=\"widget\" data-e-type=\"widget\" data-widget_type=\"text-editor.default\">\n\t\t\t\t<div class=\"elementor-widget-container\">\n\t\t\t\t\t\t\t\t\t<p>Ch\u00fang t\u00f4i c\u00f3 9 c\u01a1 s\u1edf tr\u00ean kh\u1eafp Qu\u1eadn Tulsa cung c\u1ea5p nhi\u1ec1u d\u1ecbch v\u1ee5 kh\u00e1c nhau \u0111\u1ec3 gi\u00fap b\u1ea1n v\u00e0 gia \u0111\u00ecnh lu\u00f4n kh\u1ecfe m\u1ea1nh.<\/p>\t\t\t\t\t\t\t\t<\/div>\n\t\t\t\t<\/div>\n\t\t\t\t<div class=\"elementor-element elementor-element-fd63501 elementor-align-center secondary elementor-widget elementor-widget-button\" data-id=\"fd63501\" data-element_type=\"widget\" data-e-type=\"widget\" data-widget_type=\"button.default\">\n\t\t\t\t<div class=\"elementor-widget-container\">\n\t\t\t\t\t\t\t\t\t<div class=\"elementor-button-wrapper\">\n\t\t\t\t\t<a class=\"elementor-button elementor-button-link elementor-size-sm\" href=\"\/vi\/locations\/\">\n\t\t\t\t\t\t<span class=\"elementor-button-content-wrapper\">\n\t\t\t\t\t\t\t\t\t<span class=\"elementor-button-text\">T\u00ecm c\u1ee7a b\u1ea1n<\/span>\n\t\t\t\t\t<\/span>\n\t\t\t\t\t<\/a>\n\t\t\t\t<\/div>\n\t\t\t\t\t\t\t\t<\/div>\n\t\t\t\t<\/div>\n\t\t\t\t\t<\/div>\n\t\t<\/div>\n\t\t\t\t\t<\/div>\n\t\t<\/section>\n\t\t\t\t<\/div>\n\t\t<\/div>\n\t\t\t\t\t\t<\/div>\n\t\t\t\t<\/div>\n\t\t\t\t\t<\/div>\n\t\t<\/div>\n\t\t\t\t\t<\/div>\n\t\t<\/section>\n\t\t\t\t<\/div>","protected":false},"excerpt":{"rendered":"<p>Forms and Procedures\u200b Get all the relevant forms and guidelines you need to ensure the best food safety practices. Daily Self Inspection English\u00a0|\u00a0Spanish\u00a0|\u00a0Chinese Cold Holding Form English\u00a0|\u00a0Spanish\u00a0|\u00a0Chinese Cooling Form English\u00a0|\u00a0Spanish\u00a0|\u00a0Chinese Hot Holding Form English\u00a0|\u00a0Spanish\u00a0|\u00a0Chinese Time as a Control Consumer Advisory Requirement Bare Hand Contact Information Packet Employee Illness Reporting Agreement Employee Illness Interview Form Standard [&hellip;]<\/p>\n","protected":false},"author":1,"featured_media":9893,"parent":2040,"menu_order":0,"comment_status":"closed","ping_status":"closed","template":"elementor_header_footer","meta":{"_acf_changed":false,"footnotes":""},"class_list":["post-2113","page","type-page","status-publish","has-post-thumbnail","hentry"],"acf":[],"yoast_head":"<!-- This site is optimized with the Yoast SEO plugin v27.6 - https:\/\/yoast.com\/product\/yoast-seo-wordpress\/ -->\n<title>Forms and Procedures - Tulsa Health Department<\/title>\n<meta name=\"description\" content=\"Get all the relevant forms and guidelines you need to ensure the best food safety practices.\" \/>\n<meta name=\"robots\" content=\"index, follow, max-snippet:-1, max-image-preview:large, max-video-preview:-1\" \/>\n<link rel=\"canonical\" href=\"https:\/\/tulsa-health.org\/vi\/permits-inspections\/food\/food-service-and-restaurant-industry-resources\/forms-and-procedures\/\" \/>\n<meta property=\"og:locale\" content=\"vi_VN\" \/>\n<meta property=\"og:type\" content=\"article\" \/>\n<meta property=\"og:title\" content=\"Forms and Procedures - Tulsa Health Department\" \/>\n<meta property=\"og:description\" content=\"Get all the relevant forms and guidelines you need to ensure the best food safety practices.\" \/>\n<meta property=\"og:url\" content=\"https:\/\/tulsa-health.org\/vi\/permits-inspections\/food\/food-service-and-restaurant-industry-resources\/forms-and-procedures\/\" \/>\n<meta property=\"og:site_name\" content=\"Tulsa Health Department\" \/>\n<meta property=\"article:modified_time\" content=\"2023-12-21T00:09:21+00:00\" \/>\n<meta property=\"og:image\" content=\"https:\/\/tulsa-health.org\/wp-content\/uploads\/2023\/07\/Food-Protection-Services-7-scaled.jpg\" \/>\n\t<meta property=\"og:image:width\" content=\"2560\" \/>\n\t<meta property=\"og:image:height\" content=\"1707\" \/>\n\t<meta property=\"og:image:type\" content=\"image\/jpeg\" \/>\n<meta name=\"twitter:card\" content=\"summary_large_image\" \/>\n<meta name=\"twitter:label1\" content=\"\u01af\u1edbc t\u00ednh th\u1eddi gian \u0111\u1ecdc\" \/>\n\t<meta name=\"twitter:data1\" content=\"1 ph\u00fat\" \/>\n<script type=\"application\/ld+json\" class=\"yoast-schema-graph\">{\"@context\":\"https:\\\/\\\/schema.org\",\"@graph\":[{\"@type\":\"WebPage\",\"@id\":\"https:\\\/\\\/tulsa-health.org\\\/permits-inspections\\\/food\\\/food-service-and-restaurant-industry-resources\\\/forms-and-procedures\\\/\",\"url\":\"https:\\\/\\\/tulsa-health.org\\\/permits-inspections\\\/food\\\/food-service-and-restaurant-industry-resources\\\/forms-and-procedures\\\/\",\"name\":\"Forms and Procedures - Tulsa Health Department\",\"isPartOf\":{\"@id\":\"https:\\\/\\\/tulsa-health.org\\\/es\\\/#website\"},\"primaryImageOfPage\":{\"@id\":\"https:\\\/\\\/tulsa-health.org\\\/permits-inspections\\\/food\\\/food-service-and-restaurant-industry-resources\\\/forms-and-procedures\\\/#primaryimage\"},\"image\":{\"@id\":\"https:\\\/\\\/tulsa-health.org\\\/permits-inspections\\\/food\\\/food-service-and-restaurant-industry-resources\\\/forms-and-procedures\\\/#primaryimage\"},\"thumbnailUrl\":\"https:\\\/\\\/tulsa-health.org\\\/wp-content\\\/uploads\\\/2023\\\/07\\\/Food-Protection-Services-7-scaled.jpg\",\"datePublished\":\"2023-05-04T17:17:15+00:00\",\"dateModified\":\"2023-12-21T00:09:21+00:00\",\"description\":\"Get all the relevant forms and guidelines you need to ensure the best food safety practices.\",\"breadcrumb\":{\"@id\":\"https:\\\/\\\/tulsa-health.org\\\/permits-inspections\\\/food\\\/food-service-and-restaurant-industry-resources\\\/forms-and-procedures\\\/#breadcrumb\"},\"inLanguage\":\"vi\",\"potentialAction\":[{\"@type\":\"ReadAction\",\"target\":[\"https:\\\/\\\/tulsa-health.org\\\/permits-inspections\\\/food\\\/food-service-and-restaurant-industry-resources\\\/forms-and-procedures\\\/\"]}]},{\"@type\":\"ImageObject\",\"inLanguage\":\"vi\",\"@id\":\"https:\\\/\\\/tulsa-health.org\\\/permits-inspections\\\/food\\\/food-service-and-restaurant-industry-resources\\\/forms-and-procedures\\\/#primaryimage\",\"url\":\"https:\\\/\\\/tulsa-health.org\\\/wp-content\\\/uploads\\\/2023\\\/07\\\/Food-Protection-Services-7-scaled.jpg\",\"contentUrl\":\"https:\\\/\\\/tulsa-health.org\\\/wp-content\\\/uploads\\\/2023\\\/07\\\/Food-Protection-Services-7-scaled.jpg\",\"width\":2560,\"height\":1707,\"caption\":\"Food Protection Services\"},{\"@type\":\"BreadcrumbList\",\"@id\":\"https:\\\/\\\/tulsa-health.org\\\/permits-inspections\\\/food\\\/food-service-and-restaurant-industry-resources\\\/forms-and-procedures\\\/#breadcrumb\",\"itemListElement\":[{\"@type\":\"ListItem\",\"position\":1,\"name\":\"Home\",\"item\":\"https:\\\/\\\/tulsa-health.org\\\/\"},{\"@type\":\"ListItem\",\"position\":2,\"name\":\"Permits &#038; Inspections\",\"item\":\"https:\\\/\\\/tulsa-health.org\\\/permits-inspections\\\/\"},{\"@type\":\"ListItem\",\"position\":3,\"name\":\"Food\",\"item\":\"https:\\\/\\\/tulsa-health.org\\\/permits-inspections\\\/food\\\/\"},{\"@type\":\"ListItem\",\"position\":4,\"name\":\"Food Service Industry Resources\",\"item\":\"https:\\\/\\\/tulsa-health.org\\\/permits-inspections\\\/food\\\/food-service-and-restaurant-industry-resources\\\/\"},{\"@type\":\"ListItem\",\"position\":5,\"name\":\"Forms and Procedures\"}]},{\"@type\":\"WebSite\",\"@id\":\"https:\\\/\\\/tulsa-health.org\\\/es\\\/#website\",\"url\":\"https:\\\/\\\/tulsa-health.org\\\/es\\\/\",\"name\":\"Tulsa Health Department\",\"description\":\"Clinical Services, Immunizations, Permits and More | Tulsa Health Department\",\"potentialAction\":[{\"@type\":\"SearchAction\",\"target\":{\"@type\":\"EntryPoint\",\"urlTemplate\":\"https:\\\/\\\/tulsa-health.org\\\/es\\\/?s={search_term_string}\"},\"query-input\":{\"@type\":\"PropertyValueSpecification\",\"valueRequired\":true,\"valueName\":\"search_term_string\"}}],\"inLanguage\":\"vi\"}]}<\/script>\n<!-- \/ Yoast SEO plugin. -->","yoast_head_json":{"title":"Bi\u1ec3u m\u1eabu v\u00e0 Th\u1ee7 t\u1ee5c - S\u1edf Y t\u1ebf Tulsa","description":"Nh\u1eadn t\u1ea5t c\u1ea3 c\u00e1c bi\u1ec3u m\u1eabu v\u00e0 h\u01b0\u1edbng d\u1eabn li\u00ean quan m\u00e0 b\u1ea1n c\u1ea7n \u0111\u1ec3 \u0111\u1ea3m b\u1ea3o th\u1ef1c h\u00e0nh an to\u00e0n th\u1ef1c ph\u1ea9m t\u1ed1t nh\u1ea5t.","robots":{"index":"index","follow":"follow","max-snippet":"max-snippet:-1","max-image-preview":"max-image-preview:large","max-video-preview":"max-video-preview:-1"},"canonical":"https:\/\/tulsa-health.org\/vi\/permits-inspections\/food\/food-service-and-restaurant-industry-resources\/forms-and-procedures\/","og_locale":"vi_VN","og_type":"article","og_title":"Forms and Procedures - Tulsa Health Department","og_description":"Get all the relevant forms and guidelines you need to ensure the best food safety practices.","og_url":"https:\/\/tulsa-health.org\/vi\/permits-inspections\/food\/food-service-and-restaurant-industry-resources\/forms-and-procedures\/","og_site_name":"Tulsa Health Department","article_modified_time":"2023-12-21T00:09:21+00:00","og_image":[{"width":2560,"height":1707,"url":"https:\/\/tulsa-health.org\/wp-content\/uploads\/2023\/07\/Food-Protection-Services-7-scaled.jpg","type":"image\/jpeg"}],"twitter_card":"summary_large_image","twitter_misc":{"\u01af\u1edbc t\u00ednh th\u1eddi gian \u0111\u1ecdc":"1 ph\u00fat"},"schema":{"@context":"https:\/\/schema.org","@graph":[{"@type":"WebPage","@id":"https:\/\/tulsa-health.org\/permits-inspections\/food\/food-service-and-restaurant-industry-resources\/forms-and-procedures\/","url":"https:\/\/tulsa-health.org\/permits-inspections\/food\/food-service-and-restaurant-industry-resources\/forms-and-procedures\/","name":"Bi\u1ec3u m\u1eabu v\u00e0 Th\u1ee7 t\u1ee5c - S\u1edf Y t\u1ebf Tulsa","isPartOf":{"@id":"https:\/\/tulsa-health.org\/es\/#website"},"primaryImageOfPage":{"@id":"https:\/\/tulsa-health.org\/permits-inspections\/food\/food-service-and-restaurant-industry-resources\/forms-and-procedures\/#primaryimage"},"image":{"@id":"https:\/\/tulsa-health.org\/permits-inspections\/food\/food-service-and-restaurant-industry-resources\/forms-and-procedures\/#primaryimage"},"thumbnailUrl":"https:\/\/tulsa-health.org\/wp-content\/uploads\/2023\/07\/Food-Protection-Services-7-scaled.jpg","datePublished":"2023-05-04T17:17:15+00:00","dateModified":"2023-12-21T00:09:21+00:00","description":"Nh\u1eadn t\u1ea5t c\u1ea3 c\u00e1c bi\u1ec3u m\u1eabu v\u00e0 h\u01b0\u1edbng d\u1eabn li\u00ean quan m\u00e0 b\u1ea1n c\u1ea7n \u0111\u1ec3 \u0111\u1ea3m b\u1ea3o th\u1ef1c h\u00e0nh an to\u00e0n th\u1ef1c ph\u1ea9m t\u1ed1t nh\u1ea5t.","breadcrumb":{"@id":"https:\/\/tulsa-health.org\/permits-inspections\/food\/food-service-and-restaurant-industry-resources\/forms-and-procedures\/#breadcrumb"},"inLanguage":"vi","potentialAction":[{"@type":"ReadAction","target":["https:\/\/tulsa-health.org\/permits-inspections\/food\/food-service-and-restaurant-industry-resources\/forms-and-procedures\/"]}]},{"@type":"ImageObject","inLanguage":"vi","@id":"https:\/\/tulsa-health.org\/permits-inspections\/food\/food-service-and-restaurant-industry-resources\/forms-and-procedures\/#primaryimage","url":"https:\/\/tulsa-health.org\/wp-content\/uploads\/2023\/07\/Food-Protection-Services-7-scaled.jpg","contentUrl":"https:\/\/tulsa-health.org\/wp-content\/uploads\/2023\/07\/Food-Protection-Services-7-scaled.jpg","width":2560,"height":1707,"caption":"Food Protection Services"},{"@type":"BreadcrumbList","@id":"https:\/\/tulsa-health.org\/permits-inspections\/food\/food-service-and-restaurant-industry-resources\/forms-and-procedures\/#breadcrumb","itemListElement":[{"@type":"ListItem","position":1,"name":"Home","item":"https:\/\/tulsa-health.org\/"},{"@type":"ListItem","position":2,"name":"Permits &#038; Inspections","item":"https:\/\/tulsa-health.org\/permits-inspections\/"},{"@type":"ListItem","position":3,"name":"Food","item":"https:\/\/tulsa-health.org\/permits-inspections\/food\/"},{"@type":"ListItem","position":4,"name":"Food Service Industry Resources","item":"https:\/\/tulsa-health.org\/permits-inspections\/food\/food-service-and-restaurant-industry-resources\/"},{"@type":"ListItem","position":5,"name":"Forms and Procedures"}]},{"@type":"WebSite","@id":"https:\/\/tulsa-health.org\/es\/#website","url":"https:\/\/tulsa-health.org\/es\/","name":"S\u1edf Y t\u1ebf Tulsa","description":"D\u1ecbch v\u1ee5 l\u00e2m s\u00e0ng, ti\u00eam ch\u1ee7ng, gi\u1ea5y ph\u00e9p v\u00e0 nhi\u1ec1u h\u01a1n n\u1eefa | S\u1edf Y t\u1ebf Tulsa","potentialAction":[{"@type":"SearchAction","target":{"@type":"EntryPoint","urlTemplate":"https:\/\/tulsa-health.org\/es\/?s={search_term_string}"},"query-input":{"@type":"PropertyValueSpecification","valueRequired":true,"valueName":"search_term_string"}}],"inLanguage":"vi"}]}},"publishpress_future_workflow_manual_trigger":{"enabledWorkflows":[]},"_links":{"self":[{"href":"https:\/\/tulsa-health.org\/vi\/wp-json\/wp\/v2\/pages\/2113","targetHints":{"allow":["GET"]}}],"collection":[{"href":"https:\/\/tulsa-health.org\/vi\/wp-json\/wp\/v2\/pages"}],"about":[{"href":"https:\/\/tulsa-health.org\/vi\/wp-json\/wp\/v2\/types\/page"}],"author":[{"embeddable":true,"href":"https:\/\/tulsa-health.org\/vi\/wp-json\/wp\/v2\/users\/1"}],"replies":[{"embeddable":true,"href":"https:\/\/tulsa-health.org\/vi\/wp-json\/wp\/v2\/comments?post=2113"}],"version-history":[{"count":0,"href":"https:\/\/tulsa-health.org\/vi\/wp-json\/wp\/v2\/pages\/2113\/revisions"}],"up":[{"embeddable":true,"href":"https:\/\/tulsa-health.org\/vi\/wp-json\/wp\/v2\/pages\/2040"}],"wp:featuredmedia":[{"embeddable":true,"href":"https:\/\/tulsa-health.org\/vi\/wp-json\/wp\/v2\/media\/9893"}],"wp:attachment":[{"href":"https:\/\/tulsa-health.org\/vi\/wp-json\/wp\/v2\/media?parent=2113"}],"curies":[{"name":"wp","href":"https:\/\/api.w.org\/{rel}","templated":true}]}}