{"id":2399,"date":"2023-05-04T18:20:57","date_gmt":"2023-05-04T23:20:57","guid":{"rendered":"https:\/\/test.tulsa-health.org\/?page_id=2399"},"modified":"2023-12-20T19:01:52","modified_gmt":"2023-12-21T01:01:52","slug":"mold-info","status":"publish","type":"page","link":"https:\/\/tulsa-health.org\/vi\/permits-inspections\/housing\/mold-info\/","title":{"rendered":"Th\u00f4ng tin khu\u00f4n"},"content":{"rendered":"<div data-elementor-type=\"wp-page\" data-elementor-id=\"2399\" class=\"elementor elementor-2399\" data-elementor-post-type=\"page\">\n\t\t\t\t\t\t<section class=\"elementor-section elementor-top-section elementor-element elementor-element-04ab813 elementor-section-full_width elementor-section-height-min-height elementor-section-height-default elementor-section-items-middle\" data-id=\"04ab813\" data-element_type=\"section\" data-e-type=\"section\" data-settings=\"{&quot;background_background&quot;:&quot;classic&quot;}\">\n\t\t\t\t\t\t<div class=\"elementor-container elementor-column-gap-no\">\n\t\t\t\t\t<div class=\"elementor-column elementor-col-100 elementor-top-column elementor-element elementor-element-b7523fa\" data-id=\"b7523fa\" data-element_type=\"column\" data-e-type=\"column\">\n\t\t\t<div class=\"elementor-widget-wrap\">\n\t\t\t\t\t\t\t<\/div>\n\t\t<\/div>\n\t\t\t\t\t<\/div>\n\t\t<\/section>\n\t\t\t\t<section class=\"elementor-section elementor-top-section elementor-element elementor-element-e29ec17 elementor-section-boxed elementor-section-height-default elementor-section-height-default\" data-id=\"e29ec17\" data-element_type=\"section\" data-e-type=\"section\" data-settings=\"{&quot;background_background&quot;:&quot;classic&quot;}\">\n\t\t\t\t\t\t<div class=\"elementor-container elementor-column-gap-default\">\n\t\t\t\t\t<div class=\"elementor-column elementor-col-100 elementor-top-column elementor-element elementor-element-3d7a138\" data-id=\"3d7a138\" data-element_type=\"column\" data-e-type=\"column\">\n\t\t\t<div class=\"elementor-widget-wrap elementor-element-populated\">\n\t\t\t\t\t\t<div class=\"elementor-element elementor-element-9aa9a28 elementor-widget elementor-widget-heading\" data-id=\"9aa9a28\" data-element_type=\"widget\" data-e-type=\"widget\" data-widget_type=\"heading.default\">\n\t\t\t\t<div class=\"elementor-widget-container\">\n\t\t\t\t\t<h1 class=\"elementor-heading-title elementor-size-default\">Th\u00f4ng tin khu\u00f4n<\/h1>\t\t\t\t<\/div>\n\t\t\t\t<\/div>\n\t\t\t\t<div class=\"elementor-element elementor-element-05c41d4 elementor-widget elementor-widget-text-editor\" data-id=\"05c41d4\" data-element_type=\"widget\" data-e-type=\"widget\" data-widget_type=\"text-editor.default\">\n\t\t\t\t<div class=\"elementor-widget-container\">\n\t\t\t\t\t\t\t\t\t<p>T\u00ecm hi\u1ec3u c\u00e1ch n\u1ea5m m\u1ed1c c\u00f3 th\u1ec3 g\u00e2y ra c\u00e1c b\u1ec7nh v\u1ec1 \u0111\u01b0\u1eddng h\u00f4 h\u1ea5p v\u00e0 c\u00e1c tri\u1ec7u ch\u1ee9ng kh\u00e1c, kh\u00e1m ph\u00e1 c\u00e1ch ph\u00e1t hi\u1ec7n s\u1ef1 hi\u1ec7n di\u1ec7n c\u1ee7a n\u1ea5m m\u1ed1c v\u00e0 hi\u1ec3u t\u1ea7m quan tr\u1ecdng c\u1ee7a vi\u1ec7c ki\u1ec3m so\u00e1t \u0111\u1ed9 \u1ea9m trong vi\u1ec7c ng\u0103n ng\u1eeba n\u1ea5m m\u1ed1c ph\u00e1t tri\u1ec3n v\u00e0 t\u00e1i nhi\u1ec5m.<\/p>\t\t\t\t\t\t\t\t<\/div>\n\t\t\t\t<\/div>\n\t\t\t\t\t<\/div>\n\t\t<\/div>\n\t\t\t\t\t<\/div>\n\t\t<\/section>\n\t\t\t\t<section class=\"elementor-section elementor-top-section elementor-element elementor-element-9cfd51b elementor-section-boxed elementor-section-height-default elementor-section-height-default\" data-id=\"9cfd51b\" data-element_type=\"section\" data-e-type=\"section\" data-settings=\"{&quot;background_background&quot;:&quot;classic&quot;}\">\n\t\t\t\t\t\t<div class=\"elementor-container elementor-column-gap-default\">\n\t\t\t\t\t<div class=\"elementor-column elementor-col-100 elementor-top-column elementor-element elementor-element-40bbfb4\" data-id=\"40bbfb4\" data-element_type=\"column\" data-e-type=\"column\">\n\t\t\t<div class=\"elementor-widget-wrap elementor-element-populated\">\n\t\t\t\t\t\t<div class=\"elementor-element elementor-element-ae62786 elementor-widget elementor-widget-text-editor\" data-id=\"ae62786\" data-element_type=\"widget\" data-e-type=\"widget\" data-widget_type=\"text-editor.default\">\n\t\t\t\t<div class=\"elementor-widget-container\">\n\t\t\t\t\t\t\t\t\t<p>N\u1ea5m m\u1ed1c xu\u1ea5t hi\u1ec7n m\u1ed9t c\u00e1ch t\u1ef1 nhi\u00ean trong m\u00f4i tr\u01b0\u1eddng c\u1ee7a ch\u00fang ta. T\u1ea5t c\u1ea3 ch\u00fang ta \u0111\u1ec1u s\u1ed1ng v\u1edbi m\u1ed9t s\u1ed1 ti\u1ebfp x\u00fac v\u1edbi n\u00f3. M\u1eb7c d\u00f9 n\u1ea5m m\u1ed1c th\u01b0\u1eddng kh\u00f4ng ph\u1ea3i l\u00e0 nguy\u00ean nh\u00e2n ch\u00ednh g\u00e2y ra c\u00e1c v\u1ea5n \u0111\u1ec1 s\u1ee9c kh\u1ecfe nghi\u00eam tr\u1ecdng nh\u01b0ng n\u00f3 c\u00f3 th\u1ec3 g\u00e2y ra ho\u1eb7c l\u00e0m n\u1eb7ng th\u00eam c\u00e1c b\u1ec7nh v\u1ec1 \u0111\u01b0\u1eddng h\u00f4 h\u1ea5p kh\u00e1c nhau nh\u01b0 hen suy\u1ec5n, nhi\u1ec5m n\u1ea5m ph\u1ed5i, vi\u00eam ph\u1ebf qu\u1ea3n v\u00e0 d\u1ecb \u1ee9ng. Nh\u1eefng ng\u01b0\u1eddi b\u1ecb \u1ee9c ch\u1ebf mi\u1ec5n d\u1ecbch v\u00e0 m\u1eafc c\u00e1c b\u1ec7nh m\u00e3n t\u00ednh nh\u01b0 b\u1ec7nh ph\u1ed5i t\u1eafc ngh\u1ebdn \u0111\u1eb7c bi\u1ec7t d\u1ec5 m\u1eafc b\u1ec7nh.<\/p><p>C\u00e1c tri\u1ec7u ch\u1ee9ng ph\u1ea3n \u1ee9ng b\u1ea5t l\u1ee3i v\u1edbi n\u1ea5m m\u1ed1c bao g\u1ed3m:<\/p><ul><li>C\u00e1c v\u1ea5n \u0111\u1ec1 v\u1ec1 h\u00f4 h\u1ea5p nh\u01b0 th\u1edf kh\u00f2 kh\u00e8<\/li><li>Ngh\u1eb9t m\u0169i v\u00e0 xoang<\/li><li>Ho khan<\/li><li>K\u00edch \u1ee9ng m\u0169i v\u00e0 h\u1ecdng<\/li><li>H\u1ee5t h\u01a1i<\/li><li>K\u00edch \u1ee9ng da<\/li><li>Nh\u1ee9c m\u1ecfi v\u00e0 \u0111au nh\u1ee9c<\/li><li>S\u1ed1t<\/li><\/ul><p>Ngo\u00e0i ra, m\u1ed9t s\u1ed1 lo\u1ea1i n\u1ea5m m\u1ed1c c\u00f3 ch\u1ee9a \u0111\u1ed9c t\u1ed1 n\u1ea5m m\u1ed1c c\u00f3 th\u1ec3 g\u00e2y nguy hi\u1ec3m h\u01a1n so v\u1edbi n\u1ea5m m\u1ed1c g\u00e2y d\u1ecb \u1ee9ng ho\u1eb7c k\u00edch \u1ee9ng.<\/p><h2>B\u1ea1n c\u00f3 th\u1ec3 s\u1ebd bi\u1ebft n\u1ebfu b\u1ea1n g\u1eb7p v\u1ea5n \u0111\u1ec1<\/h2><p>B\u1ea1n th\u01b0\u1eddng c\u00f3 th\u1ec3 t\u1ef1 m\u00ecnh bi\u1ebft li\u1ec7u b\u1ea1n c\u00f3 v\u1ea5n \u0111\u1ec1 v\u1ec1 n\u1ea5m m\u1ed1c hay kh\u00f4ng. S\u1ef1 ph\u00e1t tri\u1ec3n c\u1ee7a n\u1ea5m m\u1ed1c th\u01b0\u1eddng tr\u00f4ng gi\u1ed1ng nh\u01b0 s\u1ef1 \u0111\u1ed5i m\u00e0u t\u1eeb tr\u1eafng sang cam v\u00e0 xanh l\u1ee5c \u0111\u1ebfn n\u00e2u v\u00e0 \u0111en. N\u00f3 c\u00f3 m\u00f9i \u0111\u1ea5t, m\u1ed1c. Theo quy \u0111\u1ecbnh, n\u1ebfu b\u1ea1n c\u00f3 th\u1ec3 nh\u00ecn th\u1ea5y ho\u1eb7c ng\u1eedi th\u1ea5y m\u00f9i n\u1ea5m m\u1ed1c, b\u1ea1n n\u00ean c\u00f3 bi\u1ec7n ph\u00e1p lo\u1ea1i b\u1ecf n\u1ea5m m\u1ed1c v\u00e0 ng\u0103n ng\u1eeba t\u00e1i nhi\u1ec5m.<\/p><p>S\u1edf Y t\u1ebf Tulsa kh\u00f4ng cung c\u1ea5p x\u00e9t nghi\u1ec7m \u0111\u1ec3 ph\u00e1t hi\u1ec7n s\u1ef1 hi\u1ec7n di\u1ec7n ho\u1eb7c lo\u1ea1i n\u1ea5m m\u1ed1c trong nh\u00e0, tr\u01b0\u1eddng h\u1ecdc ho\u1eb7c c\u01a1 s\u1edf kinh doanh. M\u1eb7c d\u00f9 m\u1ed9t s\u1ed1 c\u00f4ng ty t\u01b0 nh\u00e2n cung c\u1ea5p d\u1ecbch v\u1ee5 n\u00e0y nh\u01b0ng vi\u1ec7c x\u00e1c \u0111\u1ecbnh lo\u1ea1i n\u1ea5m m\u1ed1c hi\u1ec7n di\u1ec7n kh\u00f4ng \u1ea3nh h\u01b0\u1edfng \u0111\u1ebfn c\u00e1c bi\u1ec7n ph\u00e1p kh\u1eafc ph\u1ee5c. T\u1ea5t c\u1ea3 c\u00e1c lo\u1ea1i n\u1ea5m m\u1ed1c \u0111\u1ec1u ph\u1ea3i \u0111\u01b0\u1ee3c coi l\u00e0 nh\u01b0 nhau khi n\u00f3i \u0111\u1ebfn nh\u1eefng nguy c\u01a1 ti\u1ec1m \u1ea9n \u0111\u1ed1i v\u1edbi s\u1ee9c kh\u1ecfe v\u00e0 vi\u1ec7c lo\u1ea1i b\u1ecf ch\u00fang.<\/p><h2>Ng\u0103n ch\u1eb7n \u0111\u1ed9 \u1ea9m v\u00e0 b\u1ea1n s\u1ebd ng\u0103n ch\u1eb7n c\u00e1c v\u1ea5n \u0111\u1ec1 v\u1ec1 n\u1ea5m m\u1ed1c<\/h2><p>N\u1ea5m m\u1ed1c c\u1ea7n \u0111\u1ed9 \u1ea9m v\u00e0 ch\u1ea5t h\u1eefu c\u01a1 \u0111\u1ec3 ph\u00e1t tri\u1ec3n. Trong h\u1ea7u h\u1ebft c\u00e1c tr\u01b0\u1eddng h\u1ee3p, n\u1ea5m m\u1ed1c c\u00f3 th\u1ec3 \u0111\u01b0\u1ee3c lo\u1ea1i b\u1ecf b\u1eb1ng c\u00e1ch l\u00e0m s\u1ea1ch v\u00e0 kh\u1eed tr\u00f9ng khu v\u1ef1c \u0111\u00f3. \u0110\u1ec3 bi\u1ebft th\u00eam th\u00f4ng tin v\u1ec1 vi\u1ec7c l\u00e0m s\u1ea1ch n\u1ea5m m\u1ed1c, vui l\u00f2ng t\u1ea3i xu\u1ed1ng t\u1edd th\u00f4ng tin c\u1ee7a ch\u00fang t\u00f4i. C\u00e1c v\u1eadt li\u1ec7u x\u1ed1p c\u00f3 n\u1ea5m m\u1ed1c nh\u01b0 \u0111\u00e1 t\u1ea5m, g\u1ea1ch tr\u1ea7n, th\u1ea3m v\u00e0 c\u00e1c s\u1ea3n ph\u1ea9m b\u1eb1ng g\u1ed7 c\u00f3 th\u1ec3 \u0111\u01b0\u1ee3c lo\u1ea1i b\u1ecf v\u00e0 lo\u1ea1i b\u1ecf. \u0110i\u1ec1u b\u1eaft bu\u1ed9c l\u00e0 b\u1ea1n ph\u1ea3i x\u00e1c \u0111\u1ecbnh v\u00e0 \u0111i\u1ec1u ch\u1ec9nh ngu\u1ed3n \u1ea9m c\u1ee7a n\u1ea5m m\u1ed1c \u0111\u1ec3 tr\u00e1nh t\u00e1i nhi\u1ec5m.<\/p><p>Hi\u1ec7n t\u1ea1i, S\u1edf Y t\u1ebf Tulsa kh\u00f4ng bi\u1ebft v\u1ec1 b\u1ea5t k\u1ef3 quy \u0111\u1ecbnh y t\u1ebf ho\u1eb7c m\u00f4i tr\u01b0\u1eddng n\u00e0o c\u1ee7a li\u00ean bang, ti\u1ec3u bang ho\u1eb7c \u0111\u1ecba ph\u01b0\u01a1ng li\u00ean quan \u0111\u1ebfn \u00f4 nhi\u1ec5m n\u1ea5m m\u1ed1c. Do \u0111\u00f3, c\u1ea3 THD, C\u1ee5c Ch\u1ea5t l\u01b0\u1ee3ng M\u00f4i tr\u01b0\u1eddng v\u00e0 C\u01a1 quan B\u1ea3o v\u1ec7 M\u00f4i tr\u01b0\u1eddng \u0111\u1ec1u kh\u00f4ng th\u1ec3 y\u00eau c\u1ea7u ch\u1ee7 s\u1edf h\u1eefu t\u00f2a nh\u00e0 ho\u1eb7c t\u00e0i s\u1ea3n kh\u1eafc ph\u1ee5c c\u00e1c v\u1ea5n \u0111\u1ec1 v\u1ec1 n\u1ea5m m\u1ed1c.<\/p><p><strong>T\u00e0i nguy\u00ean li\u00ean quan<\/strong><\/p><ul><li>S\u1edf Y t\u1ebf Tulsa <a href=\"\/wp-content\/uploads\/2023\/05\/Mold-Fact-Sheet-THD.pdf\">T\u1edd th\u00f4ng tin khu\u00f4n m\u1eabu<\/a><\/li><li>C\u00e1c\u00a0<a href=\"http:\/\/www.cdc.gov\/mold\/\">Trang web Khu\u00f4n m\u1eabu c\u1ee7a CDC<\/a>\u00a0cung c\u1ea5p th\u00f4ng tin v\u1ec1 n\u1ea5m m\u1ed1c v\u00e0 s\u1ee9c kh\u1ecfe, danh s\u00e1ch c\u00e1c ch\u01b0\u01a1ng tr\u00ecnh ch\u1ea5t l\u01b0\u1ee3ng kh\u00f4ng kh\u00ed trong nh\u00e0 c\u1ee7a ti\u1ec3u bang, l\u1eddi khuy\u00ean v\u1ec1 \u0111\u00e1nh gi\u00e1, n\u1ed7 l\u1ef1c d\u1ecdn d\u1eb9p v\u00e0 ng\u0103n ch\u1eb7n s\u1ef1 ph\u00e1t tri\u1ec3n c\u1ee7a n\u1ea5m m\u1ed1c c\u0169ng nh\u01b0 li\u00ean k\u1ebft v\u1edbi c\u00e1c ngu\u1ed3n t\u00e0i nguy\u00ean.<\/li><\/ul>\t\t\t\t\t\t\t\t<\/div>\n\t\t\t\t<\/div>\n\t\t\t\t\t<\/div>\n\t\t<\/div>\n\t\t\t\t\t<\/div>\n\t\t<\/section>\n\t\t\t\t<section class=\"elementor-section elementor-top-section elementor-element elementor-element-d31dbed elementor-section-full_width elementor-section-height-default elementor-section-height-default\" data-id=\"d31dbed\" data-element_type=\"section\" data-e-type=\"section\">\n\t\t\t\t\t\t<div class=\"elementor-container elementor-column-gap-default\">\n\t\t\t\t\t<div class=\"elementor-column elementor-col-100 elementor-top-column elementor-element elementor-element-e30916f\" data-id=\"e30916f\" data-element_type=\"column\" data-e-type=\"column\">\n\t\t\t<div class=\"elementor-widget-wrap elementor-element-populated\">\n\t\t\t\t\t\t<div class=\"elementor-element elementor-element-7aed709 elementor-widget elementor-widget-shortcode\" data-id=\"7aed709\" data-element_type=\"widget\" data-e-type=\"widget\" data-widget_type=\"shortcode.default\">\n\t\t\t\t<div class=\"elementor-widget-container\">\n\t\t\t\t\t\t\t<div class=\"elementor-shortcode\">\t\t<div data-elementor-type=\"section\" data-elementor-id=\"4934\" class=\"elementor elementor-4934\" data-elementor-post-type=\"elementor_library\">\n\t\t\t\t\t<section class=\"elementor-section elementor-top-section elementor-element elementor-element-4469b59d elementor-section-stretched elementor-section-boxed elementor-section-height-default elementor-section-height-default\" data-id=\"4469b59d\" data-element_type=\"section\" data-e-type=\"section\" data-settings=\"{&quot;background_background&quot;:&quot;classic&quot;,&quot;stretch_section&quot;:&quot;section-stretched&quot;}\">\n\t\t\t\t\t\t\t<div class=\"elementor-background-overlay\"><\/div>\n\t\t\t\t\t\t\t<div class=\"elementor-container elementor-column-gap-default\">\n\t\t\t\t\t<div class=\"elementor-column elementor-col-100 elementor-top-column elementor-element elementor-element-615ea353\" data-id=\"615ea353\" data-element_type=\"column\" data-e-type=\"column\">\n\t\t\t<div class=\"elementor-widget-wrap elementor-element-populated\">\n\t\t\t\t\t\t<div class=\"elementor-element elementor-element-bdb2691 elementor-widget elementor-widget-heading\" data-id=\"bdb2691\" data-element_type=\"widget\" data-e-type=\"widget\" data-widget_type=\"heading.default\">\n\t\t\t\t<div class=\"elementor-widget-container\">\n\t\t\t\t\t<h5 class=\"elementor-heading-title elementor-size-default\">\u0110\u1ecaA \u0110I\u1ec2M<\/h5>\t\t\t\t<\/div>\n\t\t\t\t<\/div>\n\t\t\t\t<div class=\"elementor-element elementor-element-00f74f9 elementor-widget elementor-widget-text-editor\" data-id=\"00f74f9\" data-element_type=\"widget\" data-e-type=\"widget\" data-widget_type=\"text-editor.default\">\n\t\t\t\t<div class=\"elementor-widget-container\">\n\t\t\t\t\t\t\t\t\t<p>Ch\u00fang t\u00f4i c\u00f3 9 c\u01a1 s\u1edf tr\u00ean kh\u1eafp Qu\u1eadn Tulsa cung c\u1ea5p nhi\u1ec1u d\u1ecbch v\u1ee5 kh\u00e1c nhau \u0111\u1ec3 gi\u00fap b\u1ea1n v\u00e0 gia \u0111\u00ecnh lu\u00f4n kh\u1ecfe m\u1ea1nh.<\/p>\t\t\t\t\t\t\t\t<\/div>\n\t\t\t\t<\/div>\n\t\t\t\t<div class=\"elementor-element elementor-element-fd63501 elementor-align-center secondary elementor-widget elementor-widget-button\" data-id=\"fd63501\" data-element_type=\"widget\" data-e-type=\"widget\" data-widget_type=\"button.default\">\n\t\t\t\t<div class=\"elementor-widget-container\">\n\t\t\t\t\t\t\t\t\t<div class=\"elementor-button-wrapper\">\n\t\t\t\t\t<a class=\"elementor-button elementor-button-link elementor-size-sm\" href=\"\/vi\/locations\/\">\n\t\t\t\t\t\t<span class=\"elementor-button-content-wrapper\">\n\t\t\t\t\t\t\t\t\t<span class=\"elementor-button-text\">T\u00ecm c\u1ee7a b\u1ea1n<\/span>\n\t\t\t\t\t<\/span>\n\t\t\t\t\t<\/a>\n\t\t\t\t<\/div>\n\t\t\t\t\t\t\t\t<\/div>\n\t\t\t\t<\/div>\n\t\t\t\t\t<\/div>\n\t\t<\/div>\n\t\t\t\t\t<\/div>\n\t\t<\/section>\n\t\t\t\t<\/div>\n\t\t<\/div>\n\t\t\t\t\t\t<\/div>\n\t\t\t\t<\/div>\n\t\t\t\t\t<\/div>\n\t\t<\/div>\n\t\t\t\t\t<\/div>\n\t\t<\/section>\n\t\t\t\t<\/div>","protected":false},"excerpt":{"rendered":"<p>Mold Info Learn how mold can trigger respiratory diseases and other symptoms, discover how to detect its presence, and understand the importance of moisture control in preventing mold growth and recontamination. Mold occurs naturally in our environment. We all live with some exposure to it. Though mold is typically not a major cause of serious [&hellip;]<\/p>\n","protected":false},"author":1,"featured_media":10339,"parent":2355,"menu_order":0,"comment_status":"closed","ping_status":"closed","template":"elementor_header_footer","meta":{"_acf_changed":false,"footnotes":""},"class_list":["post-2399","page","type-page","status-publish","has-post-thumbnail","hentry"],"acf":[],"yoast_head":"<!-- This site is optimized with the Yoast SEO plugin v27.4 - https:\/\/yoast.com\/product\/yoast-seo-wordpress\/ -->\n<title>Mold Info - Tulsa Health Department<\/title>\n<meta name=\"description\" content=\"Mold can trigger respiratory diseases. Discover how to detect its presence, and understand the importance of moisture control in preventing mold growth.\" \/>\n<meta name=\"robots\" content=\"index, follow, max-snippet:-1, max-image-preview:large, max-video-preview:-1\" \/>\n<link rel=\"canonical\" href=\"https:\/\/tulsa-health.org\/vi\/permits-inspections\/housing\/mold-info\/\" \/>\n<meta property=\"og:locale\" content=\"vi_VN\" \/>\n<meta property=\"og:type\" content=\"article\" \/>\n<meta property=\"og:title\" content=\"Mold Info - Tulsa Health Department\" \/>\n<meta property=\"og:description\" content=\"Mold can trigger respiratory diseases. Discover how to detect its presence, and understand the importance of moisture control in preventing mold growth.\" \/>\n<meta property=\"og:url\" content=\"https:\/\/tulsa-health.org\/vi\/permits-inspections\/housing\/mold-info\/\" \/>\n<meta property=\"og:site_name\" content=\"Tulsa Health Department\" \/>\n<meta property=\"article:modified_time\" content=\"2023-12-21T01:01:52+00:00\" \/>\n<meta property=\"og:image\" content=\"https:\/\/tulsa-health.org\/wp-content\/uploads\/2023\/07\/MoldInfo-2371421_P_Housework.jpg\" \/>\n\t<meta property=\"og:image:width\" content=\"1473\" \/>\n\t<meta property=\"og:image:height\" content=\"1080\" \/>\n\t<meta property=\"og:image:type\" content=\"image\/jpeg\" \/>\n<meta name=\"twitter:card\" content=\"summary_large_image\" \/>\n<meta name=\"twitter:label1\" content=\"\u01af\u1edbc t\u00ednh th\u1eddi gian \u0111\u1ecdc\" \/>\n\t<meta name=\"twitter:data1\" content=\"3 ph\u00fat\" \/>\n<script type=\"application\/ld+json\" class=\"yoast-schema-graph\">{\"@context\":\"https:\\\/\\\/schema.org\",\"@graph\":[{\"@type\":\"WebPage\",\"@id\":\"https:\\\/\\\/tulsa-health.org\\\/permits-inspections\\\/housing\\\/mold-info\\\/\",\"url\":\"https:\\\/\\\/tulsa-health.org\\\/permits-inspections\\\/housing\\\/mold-info\\\/\",\"name\":\"Mold Info - Tulsa Health Department\",\"isPartOf\":{\"@id\":\"https:\\\/\\\/tulsa-health.org\\\/es\\\/#website\"},\"primaryImageOfPage\":{\"@id\":\"https:\\\/\\\/tulsa-health.org\\\/permits-inspections\\\/housing\\\/mold-info\\\/#primaryimage\"},\"image\":{\"@id\":\"https:\\\/\\\/tulsa-health.org\\\/permits-inspections\\\/housing\\\/mold-info\\\/#primaryimage\"},\"thumbnailUrl\":\"https:\\\/\\\/tulsa-health.org\\\/wp-content\\\/uploads\\\/2023\\\/07\\\/MoldInfo-2371421_P_Housework.jpg\",\"datePublished\":\"2023-05-04T23:20:57+00:00\",\"dateModified\":\"2023-12-21T01:01:52+00:00\",\"description\":\"Mold can trigger respiratory diseases. Discover how to detect its presence, and understand the importance of moisture control in preventing mold growth.\",\"breadcrumb\":{\"@id\":\"https:\\\/\\\/tulsa-health.org\\\/permits-inspections\\\/housing\\\/mold-info\\\/#breadcrumb\"},\"inLanguage\":\"vi\",\"potentialAction\":[{\"@type\":\"ReadAction\",\"target\":[\"https:\\\/\\\/tulsa-health.org\\\/permits-inspections\\\/housing\\\/mold-info\\\/\"]}]},{\"@type\":\"ImageObject\",\"inLanguage\":\"vi\",\"@id\":\"https:\\\/\\\/tulsa-health.org\\\/permits-inspections\\\/housing\\\/mold-info\\\/#primaryimage\",\"url\":\"https:\\\/\\\/tulsa-health.org\\\/wp-content\\\/uploads\\\/2023\\\/07\\\/MoldInfo-2371421_P_Housework.jpg\",\"contentUrl\":\"https:\\\/\\\/tulsa-health.org\\\/wp-content\\\/uploads\\\/2023\\\/07\\\/MoldInfo-2371421_P_Housework.jpg\",\"width\":1473,\"height\":1080,\"caption\":\"Rubber glove scrubbing tiles for mold\"},{\"@type\":\"BreadcrumbList\",\"@id\":\"https:\\\/\\\/tulsa-health.org\\\/permits-inspections\\\/housing\\\/mold-info\\\/#breadcrumb\",\"itemListElement\":[{\"@type\":\"ListItem\",\"position\":1,\"name\":\"Home\",\"item\":\"https:\\\/\\\/tulsa-health.org\\\/\"},{\"@type\":\"ListItem\",\"position\":2,\"name\":\"Permits &#038; Inspections\",\"item\":\"https:\\\/\\\/tulsa-health.org\\\/permits-inspections\\\/\"},{\"@type\":\"ListItem\",\"position\":3,\"name\":\"Housing\",\"item\":\"https:\\\/\\\/tulsa-health.org\\\/permits-inspections\\\/housing\\\/\"},{\"@type\":\"ListItem\",\"position\":4,\"name\":\"Mold Info\"}]},{\"@type\":\"WebSite\",\"@id\":\"https:\\\/\\\/tulsa-health.org\\\/es\\\/#website\",\"url\":\"https:\\\/\\\/tulsa-health.org\\\/es\\\/\",\"name\":\"Tulsa Health Department\",\"description\":\"Clinical Services, Immunizations, Permits and More | Tulsa Health Department\",\"potentialAction\":[{\"@type\":\"SearchAction\",\"target\":{\"@type\":\"EntryPoint\",\"urlTemplate\":\"https:\\\/\\\/tulsa-health.org\\\/es\\\/?s={search_term_string}\"},\"query-input\":{\"@type\":\"PropertyValueSpecification\",\"valueRequired\":true,\"valueName\":\"search_term_string\"}}],\"inLanguage\":\"vi\"}]}<\/script>\n<!-- \/ Yoast SEO plugin. -->","yoast_head_json":{"title":"Th\u00f4ng tin v\u1ec1 n\u1ea5m m\u1ed1c - S\u1edf Y t\u1ebf Tulsa","description":"N\u1ea5m m\u1ed1c c\u00f3 th\u1ec3 g\u00e2y ra c\u00e1c b\u1ec7nh v\u1ec1 \u0111\u01b0\u1eddng h\u00f4 h\u1ea5p. T\u00ecm hi\u1ec3u c\u00e1ch ph\u00e1t hi\u1ec7n n\u1ea5m m\u1ed1c v\u00e0 hi\u1ec3u t\u1ea7m quan tr\u1ecdng c\u1ee7a vi\u1ec7c ki\u1ec3m so\u00e1t \u0111\u1ed9 \u1ea9m trong vi\u1ec7c ng\u0103n ng\u1eeba n\u1ea5m m\u1ed1c ph\u00e1t tri\u1ec3n.","robots":{"index":"index","follow":"follow","max-snippet":"max-snippet:-1","max-image-preview":"max-image-preview:large","max-video-preview":"max-video-preview:-1"},"canonical":"https:\/\/tulsa-health.org\/vi\/permits-inspections\/housing\/mold-info\/","og_locale":"vi_VN","og_type":"article","og_title":"Mold Info - Tulsa Health Department","og_description":"Mold can trigger respiratory diseases. Discover how to detect its presence, and understand the importance of moisture control in preventing mold growth.","og_url":"https:\/\/tulsa-health.org\/vi\/permits-inspections\/housing\/mold-info\/","og_site_name":"Tulsa Health Department","article_modified_time":"2023-12-21T01:01:52+00:00","og_image":[{"width":1473,"height":1080,"url":"https:\/\/tulsa-health.org\/wp-content\/uploads\/2023\/07\/MoldInfo-2371421_P_Housework.jpg","type":"image\/jpeg"}],"twitter_card":"summary_large_image","twitter_misc":{"\u01af\u1edbc t\u00ednh th\u1eddi gian \u0111\u1ecdc":"3 ph\u00fat"},"schema":{"@context":"https:\/\/schema.org","@graph":[{"@type":"WebPage","@id":"https:\/\/tulsa-health.org\/permits-inspections\/housing\/mold-info\/","url":"https:\/\/tulsa-health.org\/permits-inspections\/housing\/mold-info\/","name":"Th\u00f4ng tin v\u1ec1 n\u1ea5m m\u1ed1c - S\u1edf Y t\u1ebf Tulsa","isPartOf":{"@id":"https:\/\/tulsa-health.org\/es\/#website"},"primaryImageOfPage":{"@id":"https:\/\/tulsa-health.org\/permits-inspections\/housing\/mold-info\/#primaryimage"},"image":{"@id":"https:\/\/tulsa-health.org\/permits-inspections\/housing\/mold-info\/#primaryimage"},"thumbnailUrl":"https:\/\/tulsa-health.org\/wp-content\/uploads\/2023\/07\/MoldInfo-2371421_P_Housework.jpg","datePublished":"2023-05-04T23:20:57+00:00","dateModified":"2023-12-21T01:01:52+00:00","description":"N\u1ea5m m\u1ed1c c\u00f3 th\u1ec3 g\u00e2y ra c\u00e1c b\u1ec7nh v\u1ec1 \u0111\u01b0\u1eddng h\u00f4 h\u1ea5p. T\u00ecm hi\u1ec3u c\u00e1ch ph\u00e1t hi\u1ec7n n\u1ea5m m\u1ed1c v\u00e0 hi\u1ec3u t\u1ea7m quan tr\u1ecdng c\u1ee7a vi\u1ec7c ki\u1ec3m so\u00e1t \u0111\u1ed9 \u1ea9m trong vi\u1ec7c ng\u0103n ng\u1eeba n\u1ea5m m\u1ed1c ph\u00e1t tri\u1ec3n.","breadcrumb":{"@id":"https:\/\/tulsa-health.org\/permits-inspections\/housing\/mold-info\/#breadcrumb"},"inLanguage":"vi","potentialAction":[{"@type":"ReadAction","target":["https:\/\/tulsa-health.org\/permits-inspections\/housing\/mold-info\/"]}]},{"@type":"ImageObject","inLanguage":"vi","@id":"https:\/\/tulsa-health.org\/permits-inspections\/housing\/mold-info\/#primaryimage","url":"https:\/\/tulsa-health.org\/wp-content\/uploads\/2023\/07\/MoldInfo-2371421_P_Housework.jpg","contentUrl":"https:\/\/tulsa-health.org\/wp-content\/uploads\/2023\/07\/MoldInfo-2371421_P_Housework.jpg","width":1473,"height":1080,"caption":"Rubber glove scrubbing tiles for mold"},{"@type":"BreadcrumbList","@id":"https:\/\/tulsa-health.org\/permits-inspections\/housing\/mold-info\/#breadcrumb","itemListElement":[{"@type":"ListItem","position":1,"name":"Home","item":"https:\/\/tulsa-health.org\/"},{"@type":"ListItem","position":2,"name":"Permits &#038; Inspections","item":"https:\/\/tulsa-health.org\/permits-inspections\/"},{"@type":"ListItem","position":3,"name":"Housing","item":"https:\/\/tulsa-health.org\/permits-inspections\/housing\/"},{"@type":"ListItem","position":4,"name":"Mold Info"}]},{"@type":"WebSite","@id":"https:\/\/tulsa-health.org\/es\/#website","url":"https:\/\/tulsa-health.org\/es\/","name":"S\u1edf Y t\u1ebf Tulsa","description":"D\u1ecbch v\u1ee5 l\u00e2m s\u00e0ng, ti\u00eam ch\u1ee7ng, gi\u1ea5y ph\u00e9p v\u00e0 nhi\u1ec1u h\u01a1n n\u1eefa | S\u1edf Y t\u1ebf Tulsa","potentialAction":[{"@type":"SearchAction","target":{"@type":"EntryPoint","urlTemplate":"https:\/\/tulsa-health.org\/es\/?s={search_term_string}"},"query-input":{"@type":"PropertyValueSpecification","valueRequired":true,"valueName":"search_term_string"}}],"inLanguage":"vi"}]}},"publishpress_future_workflow_manual_trigger":{"enabledWorkflows":[]},"_links":{"self":[{"href":"https:\/\/tulsa-health.org\/vi\/wp-json\/wp\/v2\/pages\/2399","targetHints":{"allow":["GET"]}}],"collection":[{"href":"https:\/\/tulsa-health.org\/vi\/wp-json\/wp\/v2\/pages"}],"about":[{"href":"https:\/\/tulsa-health.org\/vi\/wp-json\/wp\/v2\/types\/page"}],"author":[{"embeddable":true,"href":"https:\/\/tulsa-health.org\/vi\/wp-json\/wp\/v2\/users\/1"}],"replies":[{"embeddable":true,"href":"https:\/\/tulsa-health.org\/vi\/wp-json\/wp\/v2\/comments?post=2399"}],"version-history":[{"count":0,"href":"https:\/\/tulsa-health.org\/vi\/wp-json\/wp\/v2\/pages\/2399\/revisions"}],"up":[{"embeddable":true,"href":"https:\/\/tulsa-health.org\/vi\/wp-json\/wp\/v2\/pages\/2355"}],"wp:featuredmedia":[{"embeddable":true,"href":"https:\/\/tulsa-health.org\/vi\/wp-json\/wp\/v2\/media\/10339"}],"wp:attachment":[{"href":"https:\/\/tulsa-health.org\/vi\/wp-json\/wp\/v2\/media?parent=2399"}],"curies":[{"name":"wp","href":"https:\/\/api.w.org\/{rel}","templated":true}]}}