{"id":2448,"date":"2023-05-04T18:34:59","date_gmt":"2023-05-04T23:34:59","guid":{"rendered":"https:\/\/test.tulsa-health.org\/?page_id=2448"},"modified":"2023-12-20T17:52:56","modified_gmt":"2023-12-20T23:52:56","slug":"burning-variances","status":"publish","type":"page","link":"https:\/\/tulsa-health.org\/vi\/permits-inspections\/environmental\/burning-variances\/","title":{"rendered":"\u0110\u1ed1t ph\u01b0\u01a1ng sai"},"content":{"rendered":"<div data-elementor-type=\"wp-page\" data-elementor-id=\"2448\" class=\"elementor elementor-2448\" data-elementor-post-type=\"page\">\n\t\t\t\t\t\t<section class=\"elementor-section elementor-top-section elementor-element elementor-element-aefadf3 elementor-section-full_width elementor-section-height-min-height elementor-section-height-default elementor-section-items-middle\" data-id=\"aefadf3\" data-element_type=\"section\" data-e-type=\"section\" data-settings=\"{&quot;background_background&quot;:&quot;classic&quot;}\">\n\t\t\t\t\t\t<div class=\"elementor-container elementor-column-gap-no\">\n\t\t\t\t\t<div class=\"elementor-column elementor-col-100 elementor-top-column elementor-element elementor-element-b9e6a92\" data-id=\"b9e6a92\" data-element_type=\"column\" data-e-type=\"column\">\n\t\t\t<div class=\"elementor-widget-wrap\">\n\t\t\t\t\t\t\t<\/div>\n\t\t<\/div>\n\t\t\t\t\t<\/div>\n\t\t<\/section>\n\t\t\t\t<section class=\"elementor-section elementor-top-section elementor-element elementor-element-8fe0a9d elementor-section-boxed elementor-section-height-default elementor-section-height-default\" data-id=\"8fe0a9d\" data-element_type=\"section\" data-e-type=\"section\" data-settings=\"{&quot;background_background&quot;:&quot;classic&quot;}\">\n\t\t\t\t\t\t<div class=\"elementor-container elementor-column-gap-default\">\n\t\t\t\t\t<div class=\"elementor-column elementor-col-100 elementor-top-column elementor-element elementor-element-ebdc582\" data-id=\"ebdc582\" data-element_type=\"column\" data-e-type=\"column\">\n\t\t\t<div class=\"elementor-widget-wrap elementor-element-populated\">\n\t\t\t\t\t\t<div class=\"elementor-element elementor-element-3ce618b elementor-widget elementor-widget-heading\" data-id=\"3ce618b\" data-element_type=\"widget\" data-e-type=\"widget\" data-widget_type=\"heading.default\">\n\t\t\t\t<div class=\"elementor-widget-container\">\n\t\t\t\t\t<h1 class=\"elementor-heading-title elementor-size-default\">\u0110\u1ed1t ph\u01b0\u01a1ng sai<\/h1>\t\t\t\t<\/div>\n\t\t\t\t<\/div>\n\t\t\t\t<div class=\"elementor-element elementor-element-060f0da elementor-widget elementor-widget-text-editor\" data-id=\"060f0da\" data-element_type=\"widget\" data-e-type=\"widget\" data-widget_type=\"text-editor.default\">\n\t\t\t\t<div class=\"elementor-widget-container\">\n\t\t\t\t\t\t\t\t\t<p>Vi\u1ec7c \u0111\u1ed1t ngo\u00e0i tr\u1eddi b\u1ecb h\u1ea1n ch\u1ebf \u1edf Qu\u1eadn Tulsa \u0111\u1ec3 b\u1ea3o v\u1ec7 ch\u1ea5t l\u01b0\u1ee3ng kh\u00f4ng kh\u00ed trong c\u1ed9ng \u0111\u1ed3ng c\u1ee7a ch\u00fang ta. Ng\u01b0\u1eddi d\u00e2n ph\u1ea3i xin gi\u1ea5y ph\u00e9p cho h\u1ea7u h\u1ebft vi\u1ec7c \u0111\u1ed1t ngo\u00e0i tr\u1eddi.<\/p>\t\t\t\t\t\t\t\t<\/div>\n\t\t\t\t<\/div>\n\t\t\t\t\t<\/div>\n\t\t<\/div>\n\t\t\t\t\t<\/div>\n\t\t<\/section>\n\t\t\t\t<section class=\"elementor-section elementor-top-section elementor-element elementor-element-a905396 elementor-section-boxed elementor-section-height-default elementor-section-height-default\" data-id=\"a905396\" data-element_type=\"section\" data-e-type=\"section\" data-settings=\"{&quot;background_background&quot;:&quot;classic&quot;}\">\n\t\t\t\t\t\t<div class=\"elementor-container elementor-column-gap-default\">\n\t\t\t\t\t<div class=\"elementor-column elementor-col-100 elementor-top-column elementor-element elementor-element-be04d53\" data-id=\"be04d53\" data-element_type=\"column\" data-e-type=\"column\">\n\t\t\t<div class=\"elementor-widget-wrap elementor-element-populated\">\n\t\t\t\t\t\t<div class=\"elementor-element elementor-element-99b141d elementor-widget elementor-widget-text-editor\" data-id=\"99b141d\" data-element_type=\"widget\" data-e-type=\"widget\" data-widget_type=\"text-editor.default\">\n\t\t\t\t<div class=\"elementor-widget-container\">\n\t\t\t\t\t\t\t\t\t<h2>Xin gi\u1ea5y ph\u00e9p<\/h2><p>THD gi\u00fap th\u1ef1c thi c\u00e1c h\u1ea1n ch\u1ebf b\u1eb1ng c\u00e1ch c\u1ea5p gi\u1ea5y ph\u00e9p \u0111\u1ed1t c\u00e1c v\u1eadt li\u1ec7u kh\u00e1c nhau v\u00e0 ti\u1ebfn h\u00e0nh ki\u1ec3m tra m\u1ed9t s\u1ed1 l\u01b0\u1ee3ng h\u1ea1n ch\u1ebf v\u1eadt li\u1ec7u c\u00e2y v\u00e0 b\u1ee5i c\u00e2y. C\u00e1c mi\u1ec5n tr\u1eeb \u0111\u1ed1i v\u1edbi c\u00e1c h\u1ea1n ch\u1ebf ghi m\u1edf bao g\u1ed3m vi\u1ec7c \u0111\u1ed1t li\u00ean quan \u0111\u1ebfn:<\/p><ul><li>Chu\u1ea9n b\u1ecb th\u1ee9c \u0103n<\/li><li>C\u00e1c d\u1ecbp nghi l\u1ec5<\/li><li>M\u1ee5c \u0111\u00edch gi\u1ea3i tr\u00ed<\/li><\/ul><p>Ngo\u00e0i ra, vi\u1ec7c \u0111\u1ed1t l\u1eeda \u0111\u1ec3 ph\u1ee5c v\u1ee5 ho\u1ea1t \u0111\u1ed9ng hu\u1ea5n luy\u1ec7n ho\u1eb7c nh\u1eb1m gi\u1ea3m b\u1edbt phi\u1ec1n to\u00e1i v\u00ec l\u1ee3i \u00edch s\u1ee9c kh\u1ecfe c\u1ed9ng \u0111\u1ed3ng \u0111\u1ec1u \u0111\u01b0\u1ee3c ph\u00e9p th\u1ef1c hi\u1ec7n khi c\u00f3 s\u1ef1 ch\u1ea5p thu\u1eadn c\u1ee7a THD.<\/p><p>N\u1ebfu b\u1ea1n d\u1ef1 \u0111\u1ecbnh \u0111\u1ed1t ngo\u00e0i tr\u1eddi ho\u1eb7c v\u1eadn h\u00e0nh l\u00f2 \u0111\u1ed1t l\u1ed9 thi\u00ean \u1edf Qu\u1eadn Tulsa, b\u1ea1n ph\u1ea3i g\u1eedi y\u00eau c\u1ea7u \u0111\u1ec3 nh\u1eadn \u0111\u01b0\u1ee3c gi\u1ea5y ph\u00e9p thay \u0111\u1ed5i \u0111\u1ed1t t\u1eeb THD. Kh\u00f4ng c\u00f3 ph\u00ed. Vui l\u00f2ng g\u1ecdi \u0111\u1ec3 bi\u1ebft th\u00eam th\u00f4ng tin <a href=\"\/vi\/\u0111i\u1ec7n tho\u1ea1i:9185954200\/\">918-595-4200<\/a>.<\/p><p>C\u00e1c quy t\u1eafc v\u00e0 quy \u0111\u1ecbnh li\u00ean quan \u0111\u1ebfn c\u00e1c ngu\u1ed3n g\u00e2y \u00f4 nhi\u1ec5m kh\u00f4ng kh\u00ed \u1edf Qu\u1eadn Tulsa \u0111\u01b0\u1ee3c li\u1ec7t k\u00ea trong B\u1ed9 lu\u1eadt Kh\u00f4ng kh\u00ed S\u1ea1ch c\u1ee7a Th\u00e0nh ph\u1ed1 Tulsa, Ti\u00eau \u0111\u1ec1 17, Ch\u01b0\u01a1ng 7, B\u1ed9 lu\u1eadt S\u1eeda \u0111\u1ed5i Tulsa v\u00e0 trong B\u1ed9 lu\u1eadt Kh\u00f4ng kh\u00ed S\u1ea1ch c\u1ee7a Qu\u1eadn Tulsa theo th\u1ea9m quy\u1ec1n c\u1ee7a Ti\u00eau \u0111\u1ec1 63, B\u1ed9 lu\u1eadt Oklahoma ph\u1ea7n 1- 120 v\u00e0 1-213.<\/p>\t\t\t\t\t\t\t\t<\/div>\n\t\t\t\t<\/div>\n\t\t\t\t\t<\/div>\n\t\t<\/div>\n\t\t\t\t\t<\/div>\n\t\t<\/section>\n\t\t\t\t<section class=\"elementor-section elementor-top-section elementor-element elementor-element-757754c elementor-section-full_width elementor-section-height-default elementor-section-height-default\" data-id=\"757754c\" data-element_type=\"section\" data-e-type=\"section\">\n\t\t\t\t\t\t<div class=\"elementor-container elementor-column-gap-default\">\n\t\t\t\t\t<div class=\"elementor-column elementor-col-100 elementor-top-column elementor-element elementor-element-4d655dd\" data-id=\"4d655dd\" data-element_type=\"column\" data-e-type=\"column\">\n\t\t\t<div class=\"elementor-widget-wrap elementor-element-populated\">\n\t\t\t\t\t\t<div class=\"elementor-element elementor-element-3281321 elementor-widget elementor-widget-shortcode\" data-id=\"3281321\" data-element_type=\"widget\" data-e-type=\"widget\" data-widget_type=\"shortcode.default\">\n\t\t\t\t<div class=\"elementor-widget-container\">\n\t\t\t\t\t\t\t<div class=\"elementor-shortcode\">\t\t<div data-elementor-type=\"section\" data-elementor-id=\"4934\" class=\"elementor elementor-4934\" data-elementor-post-type=\"elementor_library\">\n\t\t\t\t\t<section class=\"elementor-section elementor-top-section elementor-element elementor-element-4469b59d elementor-section-stretched elementor-section-boxed elementor-section-height-default elementor-section-height-default\" data-id=\"4469b59d\" data-element_type=\"section\" data-e-type=\"section\" data-settings=\"{&quot;background_background&quot;:&quot;classic&quot;,&quot;stretch_section&quot;:&quot;section-stretched&quot;}\">\n\t\t\t\t\t\t\t<div class=\"elementor-background-overlay\"><\/div>\n\t\t\t\t\t\t\t<div class=\"elementor-container elementor-column-gap-default\">\n\t\t\t\t\t<div class=\"elementor-column elementor-col-100 elementor-top-column elementor-element elementor-element-615ea353\" data-id=\"615ea353\" data-element_type=\"column\" data-e-type=\"column\">\n\t\t\t<div class=\"elementor-widget-wrap elementor-element-populated\">\n\t\t\t\t\t\t<div class=\"elementor-element elementor-element-bdb2691 elementor-widget elementor-widget-heading\" data-id=\"bdb2691\" data-element_type=\"widget\" data-e-type=\"widget\" data-widget_type=\"heading.default\">\n\t\t\t\t<div class=\"elementor-widget-container\">\n\t\t\t\t\t<h5 class=\"elementor-heading-title elementor-size-default\">\u0110\u1ecaA \u0110I\u1ec2M<\/h5>\t\t\t\t<\/div>\n\t\t\t\t<\/div>\n\t\t\t\t<div class=\"elementor-element elementor-element-00f74f9 elementor-widget elementor-widget-text-editor\" data-id=\"00f74f9\" data-element_type=\"widget\" data-e-type=\"widget\" data-widget_type=\"text-editor.default\">\n\t\t\t\t<div class=\"elementor-widget-container\">\n\t\t\t\t\t\t\t\t\t<p>Ch\u00fang t\u00f4i c\u00f3 9 c\u01a1 s\u1edf tr\u00ean kh\u1eafp Qu\u1eadn Tulsa cung c\u1ea5p nhi\u1ec1u d\u1ecbch v\u1ee5 kh\u00e1c nhau \u0111\u1ec3 gi\u00fap b\u1ea1n v\u00e0 gia \u0111\u00ecnh lu\u00f4n kh\u1ecfe m\u1ea1nh.<\/p>\t\t\t\t\t\t\t\t<\/div>\n\t\t\t\t<\/div>\n\t\t\t\t<div class=\"elementor-element elementor-element-fd63501 elementor-align-center secondary elementor-widget elementor-widget-button\" data-id=\"fd63501\" data-element_type=\"widget\" data-e-type=\"widget\" data-widget_type=\"button.default\">\n\t\t\t\t<div class=\"elementor-widget-container\">\n\t\t\t\t\t\t\t\t\t<div class=\"elementor-button-wrapper\">\n\t\t\t\t\t<a class=\"elementor-button elementor-button-link elementor-size-sm\" href=\"\/vi\/locations\/\">\n\t\t\t\t\t\t<span class=\"elementor-button-content-wrapper\">\n\t\t\t\t\t\t\t\t\t<span class=\"elementor-button-text\">T\u00ecm c\u1ee7a b\u1ea1n<\/span>\n\t\t\t\t\t<\/span>\n\t\t\t\t\t<\/a>\n\t\t\t\t<\/div>\n\t\t\t\t\t\t\t\t<\/div>\n\t\t\t\t<\/div>\n\t\t\t\t\t<\/div>\n\t\t<\/div>\n\t\t\t\t\t<\/div>\n\t\t<\/section>\n\t\t\t\t<\/div>\n\t\t<\/div>\n\t\t\t\t\t\t<\/div>\n\t\t\t\t<\/div>\n\t\t\t\t\t<\/div>\n\t\t<\/div>\n\t\t\t\t\t<\/div>\n\t\t<\/section>\n\t\t\t\t<\/div>","protected":false},"excerpt":{"rendered":"<p>Burning Variances\u200b Open burning is restricted in Tulsa County in order to protect our community&#8217;s air quality. Residents must get a permit for most open burning. Apply For Permit THD helps enforce the restrictions by issuing permits for burning variances and by conducting inspections for a limited amount of tree and brush material. Exemptions to [&hellip;]<\/p>\n","protected":false},"author":1,"featured_media":9612,"parent":2427,"menu_order":0,"comment_status":"closed","ping_status":"closed","template":"elementor_header_footer","meta":{"_acf_changed":false,"footnotes":""},"class_list":["post-2448","page","type-page","status-publish","has-post-thumbnail","hentry"],"acf":[],"yoast_head":"<!-- This site is optimized with the Yoast SEO plugin v27.4 - https:\/\/yoast.com\/product\/yoast-seo-wordpress\/ -->\n<title>Burning Variances - Tulsa Health Department<\/title>\n<meta name=\"description\" content=\"Open burning is restricted in Tulsa County in order to protect our community&#039;s air quality. Residents must get a permit for most open burning.\" \/>\n<meta name=\"robots\" content=\"index, follow, max-snippet:-1, max-image-preview:large, max-video-preview:-1\" \/>\n<link rel=\"canonical\" href=\"https:\/\/tulsa-health.org\/vi\/permits-inspections\/environmental\/burning-variances\/\" \/>\n<meta property=\"og:locale\" content=\"vi_VN\" \/>\n<meta property=\"og:type\" content=\"article\" \/>\n<meta property=\"og:title\" content=\"Burning Variances - Tulsa Health Department\" \/>\n<meta property=\"og:description\" content=\"Open burning is restricted in Tulsa County in order to protect our community&#039;s air quality. Residents must get a permit for most open burning.\" \/>\n<meta property=\"og:url\" content=\"https:\/\/tulsa-health.org\/vi\/permits-inspections\/environmental\/burning-variances\/\" \/>\n<meta property=\"og:site_name\" content=\"Tulsa Health Department\" \/>\n<meta property=\"article:modified_time\" content=\"2023-12-20T23:52:56+00:00\" \/>\n<meta property=\"og:image\" content=\"https:\/\/tulsa-health.org\/wp-content\/uploads\/2023\/07\/BurnignVariances-stock-photo-22021354-fireplace-in-forest-at-dusk-iStock_000022021354Medium.jpg\" \/>\n\t<meta property=\"og:image:width\" content=\"977\" \/>\n\t<meta property=\"og:image:height\" content=\"1080\" \/>\n\t<meta property=\"og:image:type\" content=\"image\/jpeg\" \/>\n<meta name=\"twitter:card\" content=\"summary_large_image\" \/>\n<meta name=\"twitter:label1\" content=\"\u01af\u1edbc t\u00ednh th\u1eddi gian \u0111\u1ecdc\" \/>\n\t<meta name=\"twitter:data1\" content=\"1 ph\u00fat\" \/>\n<script type=\"application\/ld+json\" class=\"yoast-schema-graph\">{\"@context\":\"https:\\\/\\\/schema.org\",\"@graph\":[{\"@type\":\"WebPage\",\"@id\":\"https:\\\/\\\/tulsa-health.org\\\/permits-inspections\\\/environmental\\\/burning-variances\\\/\",\"url\":\"https:\\\/\\\/tulsa-health.org\\\/permits-inspections\\\/environmental\\\/burning-variances\\\/\",\"name\":\"Burning Variances - Tulsa Health Department\",\"isPartOf\":{\"@id\":\"https:\\\/\\\/tulsa-health.org\\\/es\\\/#website\"},\"primaryImageOfPage\":{\"@id\":\"https:\\\/\\\/tulsa-health.org\\\/permits-inspections\\\/environmental\\\/burning-variances\\\/#primaryimage\"},\"image\":{\"@id\":\"https:\\\/\\\/tulsa-health.org\\\/permits-inspections\\\/environmental\\\/burning-variances\\\/#primaryimage\"},\"thumbnailUrl\":\"https:\\\/\\\/tulsa-health.org\\\/wp-content\\\/uploads\\\/2023\\\/07\\\/BurnignVariances-stock-photo-22021354-fireplace-in-forest-at-dusk-iStock_000022021354Medium.jpg\",\"datePublished\":\"2023-05-04T23:34:59+00:00\",\"dateModified\":\"2023-12-20T23:52:56+00:00\",\"description\":\"Open burning is restricted in Tulsa County in order to protect our community's air quality. Residents must get a permit for most open burning.\",\"breadcrumb\":{\"@id\":\"https:\\\/\\\/tulsa-health.org\\\/permits-inspections\\\/environmental\\\/burning-variances\\\/#breadcrumb\"},\"inLanguage\":\"vi\",\"potentialAction\":[{\"@type\":\"ReadAction\",\"target\":[\"https:\\\/\\\/tulsa-health.org\\\/permits-inspections\\\/environmental\\\/burning-variances\\\/\"]}]},{\"@type\":\"ImageObject\",\"inLanguage\":\"vi\",\"@id\":\"https:\\\/\\\/tulsa-health.org\\\/permits-inspections\\\/environmental\\\/burning-variances\\\/#primaryimage\",\"url\":\"https:\\\/\\\/tulsa-health.org\\\/wp-content\\\/uploads\\\/2023\\\/07\\\/BurnignVariances-stock-photo-22021354-fireplace-in-forest-at-dusk-iStock_000022021354Medium.jpg\",\"contentUrl\":\"https:\\\/\\\/tulsa-health.org\\\/wp-content\\\/uploads\\\/2023\\\/07\\\/BurnignVariances-stock-photo-22021354-fireplace-in-forest-at-dusk-iStock_000022021354Medium.jpg\",\"width\":977,\"height\":1080,\"caption\":\"campfire burning\"},{\"@type\":\"BreadcrumbList\",\"@id\":\"https:\\\/\\\/tulsa-health.org\\\/permits-inspections\\\/environmental\\\/burning-variances\\\/#breadcrumb\",\"itemListElement\":[{\"@type\":\"ListItem\",\"position\":1,\"name\":\"Home\",\"item\":\"https:\\\/\\\/tulsa-health.org\\\/\"},{\"@type\":\"ListItem\",\"position\":2,\"name\":\"Permits &#038; Inspections\",\"item\":\"https:\\\/\\\/tulsa-health.org\\\/permits-inspections\\\/\"},{\"@type\":\"ListItem\",\"position\":3,\"name\":\"Environmental\",\"item\":\"https:\\\/\\\/tulsa-health.org\\\/permits-inspections\\\/environmental\\\/\"},{\"@type\":\"ListItem\",\"position\":4,\"name\":\"Burning Variances\"}]},{\"@type\":\"WebSite\",\"@id\":\"https:\\\/\\\/tulsa-health.org\\\/es\\\/#website\",\"url\":\"https:\\\/\\\/tulsa-health.org\\\/es\\\/\",\"name\":\"Tulsa Health Department\",\"description\":\"Clinical Services, Immunizations, Permits and More | Tulsa Health Department\",\"potentialAction\":[{\"@type\":\"SearchAction\",\"target\":{\"@type\":\"EntryPoint\",\"urlTemplate\":\"https:\\\/\\\/tulsa-health.org\\\/es\\\/?s={search_term_string}\"},\"query-input\":{\"@type\":\"PropertyValueSpecification\",\"valueRequired\":true,\"valueName\":\"search_term_string\"}}],\"inLanguage\":\"vi\"}]}<\/script>\n<!-- \/ Yoast SEO plugin. -->","yoast_head_json":{"title":"Bi\u1ebfn th\u1ec3 ch\u00e1y - S\u1edf Y t\u1ebf Tulsa","description":"Vi\u1ec7c \u0111\u1ed1t ngo\u00e0i tr\u1eddi b\u1ecb h\u1ea1n ch\u1ebf \u1edf Qu\u1eadn Tulsa \u0111\u1ec3 b\u1ea3o v\u1ec7 ch\u1ea5t l\u01b0\u1ee3ng kh\u00f4ng kh\u00ed trong c\u1ed9ng \u0111\u1ed3ng. C\u01b0 d\u00e2n ph\u1ea3i xin gi\u1ea5y ph\u00e9p m\u1edbi \u0111\u01b0\u1ee3c \u0111\u1ed1t ngo\u00e0i tr\u1eddi.","robots":{"index":"index","follow":"follow","max-snippet":"max-snippet:-1","max-image-preview":"max-image-preview:large","max-video-preview":"max-video-preview:-1"},"canonical":"https:\/\/tulsa-health.org\/vi\/permits-inspections\/environmental\/burning-variances\/","og_locale":"vi_VN","og_type":"article","og_title":"Burning Variances - Tulsa Health Department","og_description":"Open burning is restricted in Tulsa County in order to protect our community's air quality. Residents must get a permit for most open burning.","og_url":"https:\/\/tulsa-health.org\/vi\/permits-inspections\/environmental\/burning-variances\/","og_site_name":"Tulsa Health Department","article_modified_time":"2023-12-20T23:52:56+00:00","og_image":[{"width":977,"height":1080,"url":"https:\/\/tulsa-health.org\/wp-content\/uploads\/2023\/07\/BurnignVariances-stock-photo-22021354-fireplace-in-forest-at-dusk-iStock_000022021354Medium.jpg","type":"image\/jpeg"}],"twitter_card":"summary_large_image","twitter_misc":{"\u01af\u1edbc t\u00ednh th\u1eddi gian \u0111\u1ecdc":"1 ph\u00fat"},"schema":{"@context":"https:\/\/schema.org","@graph":[{"@type":"WebPage","@id":"https:\/\/tulsa-health.org\/permits-inspections\/environmental\/burning-variances\/","url":"https:\/\/tulsa-health.org\/permits-inspections\/environmental\/burning-variances\/","name":"Bi\u1ebfn th\u1ec3 ch\u00e1y - S\u1edf Y t\u1ebf Tulsa","isPartOf":{"@id":"https:\/\/tulsa-health.org\/es\/#website"},"primaryImageOfPage":{"@id":"https:\/\/tulsa-health.org\/permits-inspections\/environmental\/burning-variances\/#primaryimage"},"image":{"@id":"https:\/\/tulsa-health.org\/permits-inspections\/environmental\/burning-variances\/#primaryimage"},"thumbnailUrl":"https:\/\/tulsa-health.org\/wp-content\/uploads\/2023\/07\/BurnignVariances-stock-photo-22021354-fireplace-in-forest-at-dusk-iStock_000022021354Medium.jpg","datePublished":"2023-05-04T23:34:59+00:00","dateModified":"2023-12-20T23:52:56+00:00","description":"Vi\u1ec7c \u0111\u1ed1t ngo\u00e0i tr\u1eddi b\u1ecb h\u1ea1n ch\u1ebf \u1edf Qu\u1eadn Tulsa \u0111\u1ec3 b\u1ea3o v\u1ec7 ch\u1ea5t l\u01b0\u1ee3ng kh\u00f4ng kh\u00ed trong c\u1ed9ng \u0111\u1ed3ng. C\u01b0 d\u00e2n ph\u1ea3i xin gi\u1ea5y ph\u00e9p m\u1edbi \u0111\u01b0\u1ee3c \u0111\u1ed1t ngo\u00e0i tr\u1eddi.","breadcrumb":{"@id":"https:\/\/tulsa-health.org\/permits-inspections\/environmental\/burning-variances\/#breadcrumb"},"inLanguage":"vi","potentialAction":[{"@type":"ReadAction","target":["https:\/\/tulsa-health.org\/permits-inspections\/environmental\/burning-variances\/"]}]},{"@type":"ImageObject","inLanguage":"vi","@id":"https:\/\/tulsa-health.org\/permits-inspections\/environmental\/burning-variances\/#primaryimage","url":"https:\/\/tulsa-health.org\/wp-content\/uploads\/2023\/07\/BurnignVariances-stock-photo-22021354-fireplace-in-forest-at-dusk-iStock_000022021354Medium.jpg","contentUrl":"https:\/\/tulsa-health.org\/wp-content\/uploads\/2023\/07\/BurnignVariances-stock-photo-22021354-fireplace-in-forest-at-dusk-iStock_000022021354Medium.jpg","width":977,"height":1080,"caption":"campfire burning"},{"@type":"BreadcrumbList","@id":"https:\/\/tulsa-health.org\/permits-inspections\/environmental\/burning-variances\/#breadcrumb","itemListElement":[{"@type":"ListItem","position":1,"name":"Home","item":"https:\/\/tulsa-health.org\/"},{"@type":"ListItem","position":2,"name":"Permits &#038; Inspections","item":"https:\/\/tulsa-health.org\/permits-inspections\/"},{"@type":"ListItem","position":3,"name":"Environmental","item":"https:\/\/tulsa-health.org\/permits-inspections\/environmental\/"},{"@type":"ListItem","position":4,"name":"Burning Variances"}]},{"@type":"WebSite","@id":"https:\/\/tulsa-health.org\/es\/#website","url":"https:\/\/tulsa-health.org\/es\/","name":"S\u1edf Y t\u1ebf Tulsa","description":"D\u1ecbch v\u1ee5 l\u00e2m s\u00e0ng, ti\u00eam ch\u1ee7ng, gi\u1ea5y ph\u00e9p v\u00e0 nhi\u1ec1u h\u01a1n n\u1eefa | S\u1edf Y t\u1ebf Tulsa","potentialAction":[{"@type":"SearchAction","target":{"@type":"EntryPoint","urlTemplate":"https:\/\/tulsa-health.org\/es\/?s={search_term_string}"},"query-input":{"@type":"PropertyValueSpecification","valueRequired":true,"valueName":"search_term_string"}}],"inLanguage":"vi"}]}},"publishpress_future_workflow_manual_trigger":{"enabledWorkflows":[]},"_links":{"self":[{"href":"https:\/\/tulsa-health.org\/vi\/wp-json\/wp\/v2\/pages\/2448","targetHints":{"allow":["GET"]}}],"collection":[{"href":"https:\/\/tulsa-health.org\/vi\/wp-json\/wp\/v2\/pages"}],"about":[{"href":"https:\/\/tulsa-health.org\/vi\/wp-json\/wp\/v2\/types\/page"}],"author":[{"embeddable":true,"href":"https:\/\/tulsa-health.org\/vi\/wp-json\/wp\/v2\/users\/1"}],"replies":[{"embeddable":true,"href":"https:\/\/tulsa-health.org\/vi\/wp-json\/wp\/v2\/comments?post=2448"}],"version-history":[{"count":0,"href":"https:\/\/tulsa-health.org\/vi\/wp-json\/wp\/v2\/pages\/2448\/revisions"}],"up":[{"embeddable":true,"href":"https:\/\/tulsa-health.org\/vi\/wp-json\/wp\/v2\/pages\/2427"}],"wp:featuredmedia":[{"embeddable":true,"href":"https:\/\/tulsa-health.org\/vi\/wp-json\/wp\/v2\/media\/9612"}],"wp:attachment":[{"href":"https:\/\/tulsa-health.org\/vi\/wp-json\/wp\/v2\/media?parent=2448"}],"curies":[{"name":"wp","href":"https:\/\/api.w.org\/{rel}","templated":true}]}}