{"id":2462,"date":"2023-05-04T18:36:41","date_gmt":"2023-05-04T23:36:41","guid":{"rendered":"https:\/\/test.tulsa-health.org\/?page_id=2462"},"modified":"2023-12-20T17:52:22","modified_gmt":"2023-12-20T23:52:22","slug":"asbestos-removal","status":"publish","type":"page","link":"https:\/\/tulsa-health.org\/vi\/permits-inspections\/environmental\/asbestos-removal\/","title":{"rendered":"Lo\u1ea1i b\u1ecf ami\u0103ng"},"content":{"rendered":"<div data-elementor-type=\"wp-page\" data-elementor-id=\"2462\" class=\"elementor elementor-2462\" data-elementor-post-type=\"page\">\n\t\t\t\t\t\t<section class=\"elementor-section elementor-top-section elementor-element elementor-element-6e0ec31 elementor-section-full_width elementor-section-height-min-height elementor-section-height-default elementor-section-items-middle\" data-id=\"6e0ec31\" data-element_type=\"section\" data-e-type=\"section\" data-settings=\"{&quot;background_background&quot;:&quot;classic&quot;}\">\n\t\t\t\t\t\t<div class=\"elementor-container elementor-column-gap-no\">\n\t\t\t\t\t<div class=\"elementor-column elementor-col-100 elementor-top-column elementor-element elementor-element-8a7488b\" data-id=\"8a7488b\" data-element_type=\"column\" data-e-type=\"column\">\n\t\t\t<div class=\"elementor-widget-wrap\">\n\t\t\t\t\t\t\t<\/div>\n\t\t<\/div>\n\t\t\t\t\t<\/div>\n\t\t<\/section>\n\t\t\t\t<section class=\"elementor-section elementor-top-section elementor-element elementor-element-4a8a517 elementor-section-boxed elementor-section-height-default elementor-section-height-default\" data-id=\"4a8a517\" data-element_type=\"section\" data-e-type=\"section\" data-settings=\"{&quot;background_background&quot;:&quot;classic&quot;}\">\n\t\t\t\t\t\t<div class=\"elementor-container elementor-column-gap-default\">\n\t\t\t\t\t<div class=\"elementor-column elementor-col-100 elementor-top-column elementor-element elementor-element-3c083b1\" data-id=\"3c083b1\" data-element_type=\"column\" data-e-type=\"column\">\n\t\t\t<div class=\"elementor-widget-wrap elementor-element-populated\">\n\t\t\t\t\t\t<div class=\"elementor-element elementor-element-909755c elementor-widget elementor-widget-heading\" data-id=\"909755c\" data-element_type=\"widget\" data-e-type=\"widget\" data-widget_type=\"heading.default\">\n\t\t\t\t<div class=\"elementor-widget-container\">\n\t\t\t\t\t<h1 class=\"elementor-heading-title elementor-size-default\">Lo\u1ea1i b\u1ecf ami\u0103ng<\/h1>\t\t\t\t<\/div>\n\t\t\t\t<\/div>\n\t\t\t\t<div class=\"elementor-element elementor-element-d249c2f elementor-widget elementor-widget-text-editor\" data-id=\"d249c2f\" data-element_type=\"widget\" data-e-type=\"widget\" data-widget_type=\"text-editor.default\">\n\t\t\t\t<div class=\"elementor-widget-container\">\n\t\t\t\t\t\t\t\t\t<p>Ami\u0103ng l\u00e0 m\u1ed9t lo\u1ea1i kho\u00e1ng ch\u1ea5t t\u1ef1 nhi\u00ean tr\u01b0\u1edbc \u0111\u00e2y \u0111\u01b0\u1ee3c s\u1eed d\u1ee5ng trong v\u1eadt li\u1ec7u x\u00e2y d\u1ef1ng v\u1edbi vai tr\u00f2 ch\u1ee7 y\u1ebfu l\u00e0 ch\u1ea5t c\u00e1ch \u0111i\u1ec7n ho\u1eb7c ch\u1ea5t ch\u1ed1ng ch\u00e1y. Ng\u00e0y nay, ami\u0103ng \u0111\u01b0\u1ee3c c\u00f4ng nh\u1eadn l\u00e0 m\u1ed9t m\u1ed1i nguy hi\u1ec3m cho s\u1ee9c kh\u1ecfe.<\/p>\t\t\t\t\t\t\t\t<\/div>\n\t\t\t\t<\/div>\n\t\t\t\t\t<\/div>\n\t\t<\/div>\n\t\t\t\t\t<\/div>\n\t\t<\/section>\n\t\t\t\t<section class=\"elementor-section elementor-top-section elementor-element elementor-element-7c537aa elementor-section-boxed elementor-section-height-default elementor-section-height-default\" data-id=\"7c537aa\" data-element_type=\"section\" data-e-type=\"section\" data-settings=\"{&quot;background_background&quot;:&quot;classic&quot;}\">\n\t\t\t\t\t\t<div class=\"elementor-container elementor-column-gap-default\">\n\t\t\t\t\t<div class=\"elementor-column elementor-col-100 elementor-top-column elementor-element elementor-element-337bfb3\" data-id=\"337bfb3\" data-element_type=\"column\" data-e-type=\"column\">\n\t\t\t<div class=\"elementor-widget-wrap elementor-element-populated\">\n\t\t\t\t\t\t<div class=\"elementor-element elementor-element-d92f8e4 elementor-widget elementor-widget-text-editor\" data-id=\"d92f8e4\" data-element_type=\"widget\" data-e-type=\"widget\" data-widget_type=\"text-editor.default\">\n\t\t\t\t<div class=\"elementor-widget-container\">\n\t\t\t\t\t\t\t\t\t<p>M\u1eb7c d\u00f9 vi\u1ec7c lo\u1ea1i b\u1ecf ami\u0103ng th\u01b0\u1eddng l\u00e0 mong mu\u1ed1n ho\u1eb7c c\u1ea7n thi\u1ebft nh\u01b0ng vi\u1ec7c lo\u1ea1i b\u1ecf n\u00f3 \u0111\u01b0\u1ee3c qu\u1ea3n l\u00fd ch\u1eb7t ch\u1ebd \u0111\u1ec3 b\u1ea3o v\u1ec7 s\u1ee9c kh\u1ecfe c\u1ed9ng \u0111\u1ed3ng. B\u1ea1n c\u00f3 th\u1ec3 ph\u1ea3i xin gi\u1ea5y ph\u00e9p \u0111\u1ec3 lo\u1ea1i b\u1ecf ami\u0103ng.<\/p><p>B\u01b0\u1edbc \u0111\u1ea7u ti\u00ean trong vi\u1ec7c x\u00e1c \u0111\u1ecbnh xem d\u1ef1 \u00e1n ph\u00e1 d\u1ee1 ho\u1eb7c c\u1ea3i t\u1ea1o c\u1ee7a b\u1ea1n c\u00f3 c\u1ea7n gi\u1ea5y ph\u00e9p hay kh\u00f4ng l\u00e0 x\u00e1c \u0111\u1ecbnh lo\u1ea1i c\u00f4ng tr\u00ecnh s\u1ebd b\u1ecb \u1ea3nh h\u01b0\u1edfng. THD qu\u1ea3n l\u00fd c\u00e1c d\u1ef1 \u00e1n ph\u00e1 d\u1ee1 v\u00e0 c\u1ea3i t\u1ea1o li\u00ean quan \u0111\u1ebfn c\u00e1c c\u00f4ng tr\u00ecnh th\u1ec3 ch\u1ebf, th\u01b0\u01a1ng m\u1ea1i, c\u00f4ng c\u1ed9ng, c\u00f4ng nghi\u1ec7p ho\u1eb7c d\u00e2n c\u01b0. M\u1ed9t ngo\u1ea1i l\u1ec7 \u0111\u1ed1i v\u1edbi quy \u0111\u1ecbnh n\u00e0y l\u00e0 m\u1ed9t c\u1ea5u tr\u00fac nh\u00e0 \u1edf duy nh\u1ea5t c\u00f3 b\u1ed1n \u0111\u01a1n v\u1ecb nh\u00e0 \u1edf tr\u1edf xu\u1ed1ng. Do ngo\u1ea1i l\u1ec7 n\u00e0y, h\u1ea7u h\u1ebft vi\u1ec7c c\u1ea3i t\u1ea1o nh\u00e0 \u1edf d\u00e0nh cho m\u1ed9t gia \u0111\u00ecnh \u0111\u1ec1u kh\u00f4ng c\u1ea7n gi\u1ea5y ph\u00e9p.<\/p><p><strong>N\u1ebfu b\u1ea1n \u0111ang tham gia v\u00e0o m\u1ed9t d\u1ef1 \u00e1n tu s\u1eeda, c\u1ea3i t\u1ea1o, ph\u00e1 d\u1ee1 ho\u1eb7c d\u1ef1 \u00e1n kh\u00e1c v\u00e0 ngh\u0129 r\u1eb1ng b\u1ea1n g\u1eb7p v\u1ea5n \u0111\u1ec1 v\u1ec1 ami\u0103ng, vui l\u00f2ng g\u1ecdi cho THD theo s\u1ed1 <a href=\"\/vi\/\u0111i\u1ec7n tho\u1ea1i:9185954200\/\">918-595-4200<\/a>.<\/strong> C\u00e1c chuy\u00ean gia m\u00f4i tr\u01b0\u1eddng c\u1ee7a ch\u00fang t\u00f4i c\u00f3 th\u1ec3 gi\u00fap b\u1ea1n xin gi\u1ea5y ph\u00e9p, n\u1ebfu c\u1ea7n, v\u00e0 x\u00e1c \u0111\u1ecbnh th\u1ea9m quy\u1ec1n \u0111\u1ec3 qu\u1ea3n l\u00fd vi\u1ec7c lo\u1ea1i b\u1ecf ami\u0103ng.<\/p><p>T\u00e0i nguy\u00ean:<\/p><ul><li><a href=\"https:\/\/www.atsdr.cdc.gov\/asbestos\/index.html\">CDC: Ami\u0103ng v\u00e0 s\u1ee9c kh\u1ecfe c\u1ee7a b\u1ea1n<\/a><\/li><\/ul>\t\t\t\t\t\t\t\t<\/div>\n\t\t\t\t<\/div>\n\t\t\t\t\t<\/div>\n\t\t<\/div>\n\t\t\t\t\t<\/div>\n\t\t<\/section>\n\t\t\t\t<section class=\"elementor-section elementor-top-section elementor-element elementor-element-ebed769 elementor-section-full_width elementor-section-height-default elementor-section-height-default\" data-id=\"ebed769\" data-element_type=\"section\" data-e-type=\"section\">\n\t\t\t\t\t\t<div class=\"elementor-container elementor-column-gap-default\">\n\t\t\t\t\t<div class=\"elementor-column elementor-col-100 elementor-top-column elementor-element elementor-element-d0b0dec\" data-id=\"d0b0dec\" data-element_type=\"column\" data-e-type=\"column\">\n\t\t\t<div class=\"elementor-widget-wrap elementor-element-populated\">\n\t\t\t\t\t\t<div class=\"elementor-element elementor-element-7d5a888 elementor-widget elementor-widget-shortcode\" data-id=\"7d5a888\" data-element_type=\"widget\" data-e-type=\"widget\" data-widget_type=\"shortcode.default\">\n\t\t\t\t<div class=\"elementor-widget-container\">\n\t\t\t\t\t\t\t<div class=\"elementor-shortcode\">\t\t<div data-elementor-type=\"section\" data-elementor-id=\"4934\" class=\"elementor elementor-4934\" data-elementor-post-type=\"elementor_library\">\n\t\t\t\t\t<section class=\"elementor-section elementor-top-section elementor-element elementor-element-4469b59d elementor-section-stretched elementor-section-boxed elementor-section-height-default elementor-section-height-default\" data-id=\"4469b59d\" data-element_type=\"section\" data-e-type=\"section\" data-settings=\"{&quot;background_background&quot;:&quot;classic&quot;,&quot;stretch_section&quot;:&quot;section-stretched&quot;}\">\n\t\t\t\t\t\t\t<div class=\"elementor-background-overlay\"><\/div>\n\t\t\t\t\t\t\t<div class=\"elementor-container elementor-column-gap-default\">\n\t\t\t\t\t<div class=\"elementor-column elementor-col-100 elementor-top-column elementor-element elementor-element-615ea353\" data-id=\"615ea353\" data-element_type=\"column\" data-e-type=\"column\">\n\t\t\t<div class=\"elementor-widget-wrap elementor-element-populated\">\n\t\t\t\t\t\t<div class=\"elementor-element elementor-element-bdb2691 elementor-widget elementor-widget-heading\" data-id=\"bdb2691\" data-element_type=\"widget\" data-e-type=\"widget\" data-widget_type=\"heading.default\">\n\t\t\t\t<div class=\"elementor-widget-container\">\n\t\t\t\t\t<h5 class=\"elementor-heading-title elementor-size-default\">\u0110\u1ecaA \u0110I\u1ec2M<\/h5>\t\t\t\t<\/div>\n\t\t\t\t<\/div>\n\t\t\t\t<div class=\"elementor-element elementor-element-00f74f9 elementor-widget elementor-widget-text-editor\" data-id=\"00f74f9\" data-element_type=\"widget\" data-e-type=\"widget\" data-widget_type=\"text-editor.default\">\n\t\t\t\t<div class=\"elementor-widget-container\">\n\t\t\t\t\t\t\t\t\t<p>Ch\u00fang t\u00f4i c\u00f3 9 c\u01a1 s\u1edf tr\u00ean kh\u1eafp Qu\u1eadn Tulsa cung c\u1ea5p nhi\u1ec1u d\u1ecbch v\u1ee5 kh\u00e1c nhau \u0111\u1ec3 gi\u00fap b\u1ea1n v\u00e0 gia \u0111\u00ecnh lu\u00f4n kh\u1ecfe m\u1ea1nh.<\/p>\t\t\t\t\t\t\t\t<\/div>\n\t\t\t\t<\/div>\n\t\t\t\t<div class=\"elementor-element elementor-element-fd63501 elementor-align-center secondary elementor-widget elementor-widget-button\" data-id=\"fd63501\" data-element_type=\"widget\" data-e-type=\"widget\" data-widget_type=\"button.default\">\n\t\t\t\t<div class=\"elementor-widget-container\">\n\t\t\t\t\t\t\t\t\t<div class=\"elementor-button-wrapper\">\n\t\t\t\t\t<a class=\"elementor-button elementor-button-link elementor-size-sm\" href=\"\/vi\/locations\/\">\n\t\t\t\t\t\t<span class=\"elementor-button-content-wrapper\">\n\t\t\t\t\t\t\t\t\t<span class=\"elementor-button-text\">T\u00ecm c\u1ee7a b\u1ea1n<\/span>\n\t\t\t\t\t<\/span>\n\t\t\t\t\t<\/a>\n\t\t\t\t<\/div>\n\t\t\t\t\t\t\t\t<\/div>\n\t\t\t\t<\/div>\n\t\t\t\t\t<\/div>\n\t\t<\/div>\n\t\t\t\t\t<\/div>\n\t\t<\/section>\n\t\t\t\t<\/div>\n\t\t<\/div>\n\t\t\t\t\t\t<\/div>\n\t\t\t\t<\/div>\n\t\t\t\t\t<\/div>\n\t\t<\/div>\n\t\t\t\t\t<\/div>\n\t\t<\/section>\n\t\t\t\t<\/div>","protected":false},"excerpt":{"rendered":"<p>Asbestos Removal\u200b Asbestos is a naturally occurring mineral formerly used in building materials primarily as an insulator or fire retardant. Today, asbestos is well recognized as a health hazard. Though it is often desirable or necessary to remove asbestos, its removal is highly regulated in order to protect public health. You may have to obtain [&hellip;]<\/p>\n","protected":false},"author":1,"featured_media":12386,"parent":2427,"menu_order":0,"comment_status":"closed","ping_status":"closed","template":"elementor_header_footer","meta":{"_acf_changed":false,"footnotes":""},"class_list":["post-2462","page","type-page","status-publish","has-post-thumbnail","hentry"],"acf":[],"yoast_head":"<!-- This site is optimized with the Yoast SEO plugin v27.4 - https:\/\/yoast.com\/product\/yoast-seo-wordpress\/ -->\n<title>Asbestos Removal - Tulsa Health Department<\/title>\n<meta name=\"description\" content=\"Asbestos is a naturally occurring mineral formerly used in building materials primarily as an insulator or fire retardant.\" \/>\n<meta name=\"robots\" content=\"index, follow, max-snippet:-1, max-image-preview:large, max-video-preview:-1\" \/>\n<link rel=\"canonical\" href=\"https:\/\/tulsa-health.org\/vi\/permits-inspections\/environmental\/asbestos-removal\/\" \/>\n<meta property=\"og:locale\" content=\"vi_VN\" \/>\n<meta property=\"og:type\" content=\"article\" \/>\n<meta property=\"og:title\" content=\"Asbestos Removal - Tulsa Health Department\" \/>\n<meta property=\"og:description\" content=\"Asbestos is a naturally occurring mineral formerly used in building materials primarily as an insulator or fire retardant.\" \/>\n<meta property=\"og:url\" content=\"https:\/\/tulsa-health.org\/vi\/permits-inspections\/environmental\/asbestos-removal\/\" \/>\n<meta property=\"og:site_name\" content=\"Tulsa Health Department\" \/>\n<meta property=\"article:modified_time\" content=\"2023-12-20T23:52:22+00:00\" \/>\n<meta property=\"og:image\" content=\"https:\/\/tulsa-health.org\/wp-content\/uploads\/2023\/08\/asbestos-removal.jpeg\" \/>\n\t<meta property=\"og:image:width\" content=\"2110\" \/>\n\t<meta property=\"og:image:height\" content=\"1420\" \/>\n\t<meta property=\"og:image:type\" content=\"image\/jpeg\" \/>\n<meta name=\"twitter:card\" content=\"summary_large_image\" \/>\n<meta name=\"twitter:label1\" content=\"\u01af\u1edbc t\u00ednh th\u1eddi gian \u0111\u1ecdc\" \/>\n\t<meta name=\"twitter:data1\" content=\"2 ph\u00fat\" \/>\n<script type=\"application\/ld+json\" class=\"yoast-schema-graph\">{\"@context\":\"https:\\\/\\\/schema.org\",\"@graph\":[{\"@type\":\"WebPage\",\"@id\":\"https:\\\/\\\/tulsa-health.org\\\/permits-inspections\\\/environmental\\\/asbestos-removal\\\/\",\"url\":\"https:\\\/\\\/tulsa-health.org\\\/permits-inspections\\\/environmental\\\/asbestos-removal\\\/\",\"name\":\"Asbestos Removal - Tulsa Health Department\",\"isPartOf\":{\"@id\":\"https:\\\/\\\/tulsa-health.org\\\/es\\\/#website\"},\"primaryImageOfPage\":{\"@id\":\"https:\\\/\\\/tulsa-health.org\\\/permits-inspections\\\/environmental\\\/asbestos-removal\\\/#primaryimage\"},\"image\":{\"@id\":\"https:\\\/\\\/tulsa-health.org\\\/permits-inspections\\\/environmental\\\/asbestos-removal\\\/#primaryimage\"},\"thumbnailUrl\":\"https:\\\/\\\/tulsa-health.org\\\/wp-content\\\/uploads\\\/2023\\\/08\\\/asbestos-removal.jpeg\",\"datePublished\":\"2023-05-04T23:36:41+00:00\",\"dateModified\":\"2023-12-20T23:52:22+00:00\",\"description\":\"Asbestos is a naturally occurring mineral formerly used in building materials primarily as an insulator or fire retardant.\",\"breadcrumb\":{\"@id\":\"https:\\\/\\\/tulsa-health.org\\\/permits-inspections\\\/environmental\\\/asbestos-removal\\\/#breadcrumb\"},\"inLanguage\":\"vi\",\"potentialAction\":[{\"@type\":\"ReadAction\",\"target\":[\"https:\\\/\\\/tulsa-health.org\\\/permits-inspections\\\/environmental\\\/asbestos-removal\\\/\"]}]},{\"@type\":\"ImageObject\",\"inLanguage\":\"vi\",\"@id\":\"https:\\\/\\\/tulsa-health.org\\\/permits-inspections\\\/environmental\\\/asbestos-removal\\\/#primaryimage\",\"url\":\"https:\\\/\\\/tulsa-health.org\\\/wp-content\\\/uploads\\\/2023\\\/08\\\/asbestos-removal.jpeg\",\"contentUrl\":\"https:\\\/\\\/tulsa-health.org\\\/wp-content\\\/uploads\\\/2023\\\/08\\\/asbestos-removal.jpeg\",\"width\":2110,\"height\":1420,\"caption\":\"Asbestos Dust warning\"},{\"@type\":\"BreadcrumbList\",\"@id\":\"https:\\\/\\\/tulsa-health.org\\\/permits-inspections\\\/environmental\\\/asbestos-removal\\\/#breadcrumb\",\"itemListElement\":[{\"@type\":\"ListItem\",\"position\":1,\"name\":\"Home\",\"item\":\"https:\\\/\\\/tulsa-health.org\\\/\"},{\"@type\":\"ListItem\",\"position\":2,\"name\":\"Permits &#038; Inspections\",\"item\":\"https:\\\/\\\/tulsa-health.org\\\/permits-inspections\\\/\"},{\"@type\":\"ListItem\",\"position\":3,\"name\":\"Environmental\",\"item\":\"https:\\\/\\\/tulsa-health.org\\\/permits-inspections\\\/environmental\\\/\"},{\"@type\":\"ListItem\",\"position\":4,\"name\":\"Asbestos Removal\"}]},{\"@type\":\"WebSite\",\"@id\":\"https:\\\/\\\/tulsa-health.org\\\/es\\\/#website\",\"url\":\"https:\\\/\\\/tulsa-health.org\\\/es\\\/\",\"name\":\"Tulsa Health Department\",\"description\":\"Clinical Services, Immunizations, Permits and More | Tulsa Health Department\",\"potentialAction\":[{\"@type\":\"SearchAction\",\"target\":{\"@type\":\"EntryPoint\",\"urlTemplate\":\"https:\\\/\\\/tulsa-health.org\\\/es\\\/?s={search_term_string}\"},\"query-input\":{\"@type\":\"PropertyValueSpecification\",\"valueRequired\":true,\"valueName\":\"search_term_string\"}}],\"inLanguage\":\"vi\"}]}<\/script>\n<!-- \/ Yoast SEO plugin. -->","yoast_head_json":{"title":"Lo\u1ea1i b\u1ecf ami\u0103ng - S\u1edf Y t\u1ebf Tulsa","description":"Ami\u0103ng l\u00e0 m\u1ed9t lo\u1ea1i kho\u00e1ng ch\u1ea5t t\u1ef1 nhi\u00ean tr\u01b0\u1edbc \u0111\u00e2y \u0111\u01b0\u1ee3c s\u1eed d\u1ee5ng trong v\u1eadt li\u1ec7u x\u00e2y d\u1ef1ng ch\u1ee7 y\u1ebfu nh\u01b0 ch\u1ea5t c\u00e1ch nhi\u1ec7t ho\u1eb7c ch\u1ea5t ch\u1ed1ng ch\u00e1y.","robots":{"index":"index","follow":"follow","max-snippet":"max-snippet:-1","max-image-preview":"max-image-preview:large","max-video-preview":"max-video-preview:-1"},"canonical":"https:\/\/tulsa-health.org\/vi\/permits-inspections\/environmental\/asbestos-removal\/","og_locale":"vi_VN","og_type":"article","og_title":"Asbestos Removal - Tulsa Health Department","og_description":"Asbestos is a naturally occurring mineral formerly used in building materials primarily as an insulator or fire retardant.","og_url":"https:\/\/tulsa-health.org\/vi\/permits-inspections\/environmental\/asbestos-removal\/","og_site_name":"Tulsa Health Department","article_modified_time":"2023-12-20T23:52:22+00:00","og_image":[{"width":2110,"height":1420,"url":"https:\/\/tulsa-health.org\/wp-content\/uploads\/2023\/08\/asbestos-removal.jpeg","type":"image\/jpeg"}],"twitter_card":"summary_large_image","twitter_misc":{"\u01af\u1edbc t\u00ednh th\u1eddi gian \u0111\u1ecdc":"2 ph\u00fat"},"schema":{"@context":"https:\/\/schema.org","@graph":[{"@type":"WebPage","@id":"https:\/\/tulsa-health.org\/permits-inspections\/environmental\/asbestos-removal\/","url":"https:\/\/tulsa-health.org\/permits-inspections\/environmental\/asbestos-removal\/","name":"Lo\u1ea1i b\u1ecf ami\u0103ng - S\u1edf Y t\u1ebf Tulsa","isPartOf":{"@id":"https:\/\/tulsa-health.org\/es\/#website"},"primaryImageOfPage":{"@id":"https:\/\/tulsa-health.org\/permits-inspections\/environmental\/asbestos-removal\/#primaryimage"},"image":{"@id":"https:\/\/tulsa-health.org\/permits-inspections\/environmental\/asbestos-removal\/#primaryimage"},"thumbnailUrl":"https:\/\/tulsa-health.org\/wp-content\/uploads\/2023\/08\/asbestos-removal.jpeg","datePublished":"2023-05-04T23:36:41+00:00","dateModified":"2023-12-20T23:52:22+00:00","description":"Ami\u0103ng l\u00e0 m\u1ed9t lo\u1ea1i kho\u00e1ng ch\u1ea5t t\u1ef1 nhi\u00ean tr\u01b0\u1edbc \u0111\u00e2y \u0111\u01b0\u1ee3c s\u1eed d\u1ee5ng trong v\u1eadt li\u1ec7u x\u00e2y d\u1ef1ng ch\u1ee7 y\u1ebfu nh\u01b0 ch\u1ea5t c\u00e1ch nhi\u1ec7t ho\u1eb7c ch\u1ea5t ch\u1ed1ng ch\u00e1y.","breadcrumb":{"@id":"https:\/\/tulsa-health.org\/permits-inspections\/environmental\/asbestos-removal\/#breadcrumb"},"inLanguage":"vi","potentialAction":[{"@type":"ReadAction","target":["https:\/\/tulsa-health.org\/permits-inspections\/environmental\/asbestos-removal\/"]}]},{"@type":"ImageObject","inLanguage":"vi","@id":"https:\/\/tulsa-health.org\/permits-inspections\/environmental\/asbestos-removal\/#primaryimage","url":"https:\/\/tulsa-health.org\/wp-content\/uploads\/2023\/08\/asbestos-removal.jpeg","contentUrl":"https:\/\/tulsa-health.org\/wp-content\/uploads\/2023\/08\/asbestos-removal.jpeg","width":2110,"height":1420,"caption":"Asbestos Dust warning"},{"@type":"BreadcrumbList","@id":"https:\/\/tulsa-health.org\/permits-inspections\/environmental\/asbestos-removal\/#breadcrumb","itemListElement":[{"@type":"ListItem","position":1,"name":"Home","item":"https:\/\/tulsa-health.org\/"},{"@type":"ListItem","position":2,"name":"Permits &#038; Inspections","item":"https:\/\/tulsa-health.org\/permits-inspections\/"},{"@type":"ListItem","position":3,"name":"Environmental","item":"https:\/\/tulsa-health.org\/permits-inspections\/environmental\/"},{"@type":"ListItem","position":4,"name":"Asbestos Removal"}]},{"@type":"WebSite","@id":"https:\/\/tulsa-health.org\/es\/#website","url":"https:\/\/tulsa-health.org\/es\/","name":"S\u1edf Y t\u1ebf Tulsa","description":"D\u1ecbch v\u1ee5 l\u00e2m s\u00e0ng, ti\u00eam ch\u1ee7ng, gi\u1ea5y ph\u00e9p v\u00e0 nhi\u1ec1u h\u01a1n n\u1eefa | S\u1edf Y t\u1ebf Tulsa","potentialAction":[{"@type":"SearchAction","target":{"@type":"EntryPoint","urlTemplate":"https:\/\/tulsa-health.org\/es\/?s={search_term_string}"},"query-input":{"@type":"PropertyValueSpecification","valueRequired":true,"valueName":"search_term_string"}}],"inLanguage":"vi"}]}},"publishpress_future_workflow_manual_trigger":{"enabledWorkflows":[]},"_links":{"self":[{"href":"https:\/\/tulsa-health.org\/vi\/wp-json\/wp\/v2\/pages\/2462","targetHints":{"allow":["GET"]}}],"collection":[{"href":"https:\/\/tulsa-health.org\/vi\/wp-json\/wp\/v2\/pages"}],"about":[{"href":"https:\/\/tulsa-health.org\/vi\/wp-json\/wp\/v2\/types\/page"}],"author":[{"embeddable":true,"href":"https:\/\/tulsa-health.org\/vi\/wp-json\/wp\/v2\/users\/1"}],"replies":[{"embeddable":true,"href":"https:\/\/tulsa-health.org\/vi\/wp-json\/wp\/v2\/comments?post=2462"}],"version-history":[{"count":0,"href":"https:\/\/tulsa-health.org\/vi\/wp-json\/wp\/v2\/pages\/2462\/revisions"}],"up":[{"embeddable":true,"href":"https:\/\/tulsa-health.org\/vi\/wp-json\/wp\/v2\/pages\/2427"}],"wp:featuredmedia":[{"embeddable":true,"href":"https:\/\/tulsa-health.org\/vi\/wp-json\/wp\/v2\/media\/12386"}],"wp:attachment":[{"href":"https:\/\/tulsa-health.org\/vi\/wp-json\/wp\/v2\/media?parent=2462"}],"curies":[{"name":"wp","href":"https:\/\/api.w.org\/{rel}","templated":true}]}}