{"id":2470,"date":"2023-05-04T18:37:54","date_gmt":"2023-05-04T23:37:54","guid":{"rendered":"https:\/\/test.tulsa-health.org\/?page_id=2470"},"modified":"2023-12-20T17:54:58","modified_gmt":"2023-12-20T23:54:58","slug":"underground-storage-tank","status":"publish","type":"page","link":"https:\/\/tulsa-health.org\/vi\/permits-inspections\/environmental\/underground-storage-tank\/","title":{"rendered":"B\u1ec3 ch\u1ee9a ng\u1ea7m"},"content":{"rendered":"<div data-elementor-type=\"wp-page\" data-elementor-id=\"2470\" class=\"elementor elementor-2470\" data-elementor-post-type=\"page\">\n\t\t\t\t\t\t<section class=\"elementor-section elementor-top-section elementor-element elementor-element-5f1b9cc elementor-section-full_width elementor-section-height-min-height elementor-section-height-default elementor-section-items-middle\" data-id=\"5f1b9cc\" data-element_type=\"section\" data-e-type=\"section\" data-settings=\"{&quot;background_background&quot;:&quot;classic&quot;}\">\n\t\t\t\t\t\t<div class=\"elementor-container elementor-column-gap-no\">\n\t\t\t\t\t<div class=\"elementor-column elementor-col-100 elementor-top-column elementor-element elementor-element-6614540\" data-id=\"6614540\" data-element_type=\"column\" data-e-type=\"column\">\n\t\t\t<div class=\"elementor-widget-wrap\">\n\t\t\t\t\t\t\t<\/div>\n\t\t<\/div>\n\t\t\t\t\t<\/div>\n\t\t<\/section>\n\t\t\t\t<section class=\"elementor-section elementor-top-section elementor-element elementor-element-fa06b70 elementor-section-boxed elementor-section-height-default elementor-section-height-default\" data-id=\"fa06b70\" data-element_type=\"section\" data-e-type=\"section\" data-settings=\"{&quot;background_background&quot;:&quot;classic&quot;}\">\n\t\t\t\t\t\t<div class=\"elementor-container elementor-column-gap-default\">\n\t\t\t\t\t<div class=\"elementor-column elementor-col-100 elementor-top-column elementor-element elementor-element-2ab70c0\" data-id=\"2ab70c0\" data-element_type=\"column\" data-e-type=\"column\">\n\t\t\t<div class=\"elementor-widget-wrap elementor-element-populated\">\n\t\t\t\t\t\t<div class=\"elementor-element elementor-element-df1b1e1 elementor-widget elementor-widget-heading\" data-id=\"df1b1e1\" data-element_type=\"widget\" data-e-type=\"widget\" data-widget_type=\"heading.default\">\n\t\t\t\t<div class=\"elementor-widget-container\">\n\t\t\t\t\t<h1 class=\"elementor-heading-title elementor-size-default\">B\u1ec3 ch\u1ee9a ng\u1ea7m<\/h1>\t\t\t\t<\/div>\n\t\t\t\t<\/div>\n\t\t\t\t<div class=\"elementor-element elementor-element-ee84883 elementor-widget elementor-widget-text-editor\" data-id=\"ee84883\" data-element_type=\"widget\" data-e-type=\"widget\" data-widget_type=\"text-editor.default\">\n\t\t\t\t<div class=\"elementor-widget-container\">\n\t\t\t\t\t\t\t\t\t<p>Vi\u1ec7c ti\u1ebfp x\u00fac v\u1edbi ch\u1ea5t g\u00e2y \u00f4 nhi\u1ec5m t\u1eeb b\u1ec3 ch\u1ee9a ng\u1ea7m b\u1ecb r\u00f2 r\u1ec9 g\u00e2y ra nguy c\u01a1 \u0111\u00e1ng k\u1ec3 cho s\u1ee9c kh\u1ecfe c\u1ed9ng \u0111\u1ed3ng. M\u1ee5c ti\u00eau c\u1ee7a ch\u00fang t\u00f4i l\u00e0 b\u1ea3o v\u1ec7 m\u00f4i tr\u01b0\u1eddng c\u1ee7a Qu\u1eadn Tulsa.<\/p>\t\t\t\t\t\t\t\t<\/div>\n\t\t\t\t<\/div>\n\t\t\t\t\t<\/div>\n\t\t<\/div>\n\t\t\t\t\t<\/div>\n\t\t<\/section>\n\t\t\t\t<section class=\"elementor-section elementor-top-section elementor-element elementor-element-b00d90e elementor-section-boxed elementor-section-height-default elementor-section-height-default\" data-id=\"b00d90e\" data-element_type=\"section\" data-e-type=\"section\" data-settings=\"{&quot;background_background&quot;:&quot;classic&quot;}\">\n\t\t\t\t\t\t<div class=\"elementor-container elementor-column-gap-default\">\n\t\t\t\t\t<div class=\"elementor-column elementor-col-100 elementor-top-column elementor-element elementor-element-93395d8\" data-id=\"93395d8\" data-element_type=\"column\" data-e-type=\"column\">\n\t\t\t<div class=\"elementor-widget-wrap elementor-element-populated\">\n\t\t\t\t\t\t<div class=\"elementor-element elementor-element-ab7f7e6 elementor-widget elementor-widget-text-editor\" data-id=\"ab7f7e6\" data-element_type=\"widget\" data-e-type=\"widget\" data-widget_type=\"text-editor.default\">\n\t\t\t\t<div class=\"elementor-widget-container\">\n\t\t\t\t\t\t\t\t\t<p>B\u1ec3 ch\u1ee9a ng\u1ea7m (UST) d\u00f9ng \u0111\u1ec3 ch\u1ec9 m\u1ed9t b\u1ec3 ch\u1ee9a v\u00e0 b\u1ea5t k\u1ef3 \u0111\u01b0\u1eddng \u1ed1ng ng\u1ea7m n\u00e0o \u0111\u01b0\u1ee3c k\u1ebft n\u1ed1i v\u1edbi m\u1ed9t b\u1ec3 ch\u1ee9a c\u00f3 t\u1ed5ng dung t\u00edch d\u01b0\u1edbi l\u00f2ng \u0111\u1ea5t \u00edt nh\u1ea5t l\u00e0 10%. UST \u0111\u01b0\u1ee3c s\u1eed d\u1ee5ng \u0111\u1ec3 l\u01b0u tr\u1eef x\u0103ng d\u1ea7u t\u1ea1i c\u00e1c tr\u1ea1m \u0111\u1ed5 x\u0103ng \u00f4 t\u00f4 c\u0169ng nh\u01b0 c\u00e1c ch\u1ea5t \u0111\u1ed9c h\u1ea1i kh\u00e1c.<\/p><p>Trong tr\u01b0\u1eddng h\u1ee3p r\u00f2 r\u1ec9, tr\u00e0n ho\u1eb7c tr\u00e0n, nguy c\u01a1 \u00f4 nhi\u1ec5m \u0111\u1ea5t v\u00e0 n\u01b0\u1edbc ng\u1ea7m l\u00e0 \u0111\u1eb7c bi\u1ec7t cao. Nhi\u1ec1u t\u1ea1p ch\u1ea5t tho\u00e1t ra t\u1eeb s\u1ef1 r\u00f2 r\u1ec9 c\u1ee7a UST bao g\u1ed3m c\u00e1c h\u1ee3p ch\u1ea5t h\u1eefu c\u01a1 d\u1ec5 bay h\u01a1i v\u00e0 d\u1ea7u m\u1ecf d\u1ec5 d\u00e0ng bay h\u01a1i v\u00e0o kh\u00f4ng kh\u00ed v\u00e0 \u0111\u1ea5t. Vi\u1ec7c ti\u1ebfp x\u00fac v\u1edbi c\u00e1c ch\u1ea5t g\u00e2y \u00f4 nhi\u1ec5m n\u00e0y g\u00e2y ra nguy c\u01a1 \u0111\u00e1ng k\u1ec3 cho s\u1ee9c kh\u1ecfe c\u1ed9ng \u0111\u1ed3ng.<\/p><h2>Xin gi\u1ea5y ph\u00e9p v\u00e0 gi\u1ea5y ph\u00e9p<\/h2><p>THD c\u1ea5p gi\u1ea5y ph\u00e9p, gi\u1ea5y ph\u00e9p l\u1eafp \u0111\u1eb7t, v\u1eadn h\u00e0nh b\u1ec3 ch\u1ee9a x\u0103ng d\u1ea7u ng\u1ea7m th\u01b0\u1eddng d\u00f9ng trong c\u00e2y x\u0103ng. Ngo\u00e0i ra, nh\u00e2n vi\u00ean c\u1ee7a ch\u00fang t\u00f4i c\u00f2n ti\u1ebfn h\u00e0nh kho\u1ea3ng 300 cu\u1ed9c ki\u1ec3m tra c\u00e1c b\u1ec3 ch\u1ee9a nh\u01b0 v\u1eady h\u00e0ng n\u0103m \u1edf Qu\u1eadn Tulsa. M\u1ee5c \u0111\u00edch l\u00e0 \u0111\u1ec3 \u0111\u1ea3m b\u1ea3o s\u1eed d\u1ee5ng thi\u1ebft b\u1ecb thu h\u1ed3i h\u01a1i th\u00edch h\u1ee3p, gi\u00fap b\u1ea3o v\u1ec7 kh\u1ecfi ph\u00e1t th\u1ea3i ozone.<\/p><p>Vui l\u00f2ng g\u1ecdi <a href=\"\/vi\/\u0111i\u1ec7n tho\u1ea1i:9185954200\/\">918-595-4200<\/a> \u0111\u1ec3 bi\u1ebft th\u00eam th\u00f4ng tin v\u00e0 l\u1ec7 ph\u00ed. H\u1ea7u h\u1ebft c\u00e1c th\u1ebb t\u00edn d\u1ee5ng c\u1ee7a nh\u1eefng d\u1ecbch v\u1ee5 l\u1edbn \u0111\u1ec1u \u0111\u01b0\u1ee3c ch\u1ea5p nh\u1eadn.<\/p>\t\t\t\t\t\t\t\t<\/div>\n\t\t\t\t<\/div>\n\t\t\t\t\t<\/div>\n\t\t<\/div>\n\t\t\t\t\t<\/div>\n\t\t<\/section>\n\t\t\t\t<section class=\"elementor-section elementor-top-section elementor-element elementor-element-69d92e3 elementor-section-full_width elementor-section-height-default elementor-section-height-default\" data-id=\"69d92e3\" data-element_type=\"section\" data-e-type=\"section\">\n\t\t\t\t\t\t<div class=\"elementor-container elementor-column-gap-default\">\n\t\t\t\t\t<div class=\"elementor-column elementor-col-100 elementor-top-column elementor-element elementor-element-b8519ea\" data-id=\"b8519ea\" data-element_type=\"column\" data-e-type=\"column\">\n\t\t\t<div class=\"elementor-widget-wrap elementor-element-populated\">\n\t\t\t\t\t\t<div class=\"elementor-element elementor-element-5e35a31 elementor-widget elementor-widget-shortcode\" data-id=\"5e35a31\" data-element_type=\"widget\" data-e-type=\"widget\" data-widget_type=\"shortcode.default\">\n\t\t\t\t<div class=\"elementor-widget-container\">\n\t\t\t\t\t\t\t<div class=\"elementor-shortcode\">\t\t<div data-elementor-type=\"section\" data-elementor-id=\"4934\" class=\"elementor elementor-4934\" data-elementor-post-type=\"elementor_library\">\n\t\t\t\t\t<section class=\"elementor-section elementor-top-section elementor-element elementor-element-4469b59d elementor-section-stretched elementor-section-boxed elementor-section-height-default elementor-section-height-default\" data-id=\"4469b59d\" data-element_type=\"section\" data-e-type=\"section\" data-settings=\"{&quot;background_background&quot;:&quot;classic&quot;,&quot;stretch_section&quot;:&quot;section-stretched&quot;}\">\n\t\t\t\t\t\t\t<div class=\"elementor-background-overlay\"><\/div>\n\t\t\t\t\t\t\t<div class=\"elementor-container elementor-column-gap-default\">\n\t\t\t\t\t<div class=\"elementor-column elementor-col-100 elementor-top-column elementor-element elementor-element-615ea353\" data-id=\"615ea353\" data-element_type=\"column\" data-e-type=\"column\">\n\t\t\t<div class=\"elementor-widget-wrap elementor-element-populated\">\n\t\t\t\t\t\t<div class=\"elementor-element elementor-element-bdb2691 elementor-widget elementor-widget-heading\" data-id=\"bdb2691\" data-element_type=\"widget\" data-e-type=\"widget\" data-widget_type=\"heading.default\">\n\t\t\t\t<div class=\"elementor-widget-container\">\n\t\t\t\t\t<h5 class=\"elementor-heading-title elementor-size-default\">\u0110\u1ecaA \u0110I\u1ec2M<\/h5>\t\t\t\t<\/div>\n\t\t\t\t<\/div>\n\t\t\t\t<div class=\"elementor-element elementor-element-00f74f9 elementor-widget elementor-widget-text-editor\" data-id=\"00f74f9\" data-element_type=\"widget\" data-e-type=\"widget\" data-widget_type=\"text-editor.default\">\n\t\t\t\t<div class=\"elementor-widget-container\">\n\t\t\t\t\t\t\t\t\t<p>Ch\u00fang t\u00f4i c\u00f3 9 c\u01a1 s\u1edf tr\u00ean kh\u1eafp Qu\u1eadn Tulsa cung c\u1ea5p nhi\u1ec1u d\u1ecbch v\u1ee5 kh\u00e1c nhau \u0111\u1ec3 gi\u00fap b\u1ea1n v\u00e0 gia \u0111\u00ecnh lu\u00f4n kh\u1ecfe m\u1ea1nh.<\/p>\t\t\t\t\t\t\t\t<\/div>\n\t\t\t\t<\/div>\n\t\t\t\t<div class=\"elementor-element elementor-element-fd63501 elementor-align-center secondary elementor-widget elementor-widget-button\" data-id=\"fd63501\" data-element_type=\"widget\" data-e-type=\"widget\" data-widget_type=\"button.default\">\n\t\t\t\t<div class=\"elementor-widget-container\">\n\t\t\t\t\t\t\t\t\t<div class=\"elementor-button-wrapper\">\n\t\t\t\t\t<a class=\"elementor-button elementor-button-link elementor-size-sm\" href=\"\/vi\/locations\/\">\n\t\t\t\t\t\t<span class=\"elementor-button-content-wrapper\">\n\t\t\t\t\t\t\t\t\t<span class=\"elementor-button-text\">T\u00ecm c\u1ee7a b\u1ea1n<\/span>\n\t\t\t\t\t<\/span>\n\t\t\t\t\t<\/a>\n\t\t\t\t<\/div>\n\t\t\t\t\t\t\t\t<\/div>\n\t\t\t\t<\/div>\n\t\t\t\t\t<\/div>\n\t\t<\/div>\n\t\t\t\t\t<\/div>\n\t\t<\/section>\n\t\t\t\t<\/div>\n\t\t<\/div>\n\t\t\t\t\t\t<\/div>\n\t\t\t\t<\/div>\n\t\t\t\t\t<\/div>\n\t\t<\/div>\n\t\t\t\t\t<\/div>\n\t\t<\/section>\n\t\t\t\t<\/div>","protected":false},"excerpt":{"rendered":"<p>Underground Storage Tank\u200b Exposure to contaminants from a leaking underground storage tank pose a significant public health risk. Our goal is to protect Tulsa County\u2019s environment. An underground storage tank (UST) refers to a tank and any underground piping connected to a tank that has at least 10% of its combined volume underground.\u00a0USTs are used [&hellip;]<\/p>\n","protected":false},"author":1,"featured_media":9650,"parent":2427,"menu_order":0,"comment_status":"closed","ping_status":"closed","template":"elementor_header_footer","meta":{"_acf_changed":false,"footnotes":""},"class_list":["post-2470","page","type-page","status-publish","has-post-thumbnail","hentry"],"acf":[],"yoast_head":"<!-- This site is optimized with the Yoast SEO plugin v27.3 - https:\/\/yoast.com\/product\/yoast-seo-wordpress\/ -->\n<title>Underground Storage Tank - Tulsa Health Department<\/title>\n<meta name=\"description\" content=\"Exposure to contaminants from a leaking underground storage tank pose a significant public health risk. Our goal is to protect Tulsa County\u2019s environment.\" \/>\n<meta name=\"robots\" content=\"index, follow, max-snippet:-1, max-image-preview:large, max-video-preview:-1\" \/>\n<link rel=\"canonical\" href=\"https:\/\/tulsa-health.org\/vi\/permits-inspections\/environmental\/underground-storage-tank\/\" \/>\n<meta property=\"og:locale\" content=\"vi_VN\" \/>\n<meta property=\"og:type\" content=\"article\" \/>\n<meta property=\"og:title\" content=\"Underground Storage Tank - Tulsa Health Department\" \/>\n<meta property=\"og:description\" content=\"Exposure to contaminants from a leaking underground storage tank pose a significant public health risk. Our goal is to protect Tulsa County\u2019s environment.\" \/>\n<meta property=\"og:url\" content=\"https:\/\/tulsa-health.org\/vi\/permits-inspections\/environmental\/underground-storage-tank\/\" \/>\n<meta property=\"og:site_name\" content=\"Tulsa Health Department\" \/>\n<meta property=\"article:modified_time\" content=\"2023-12-20T23:54:58+00:00\" \/>\n<meta property=\"og:image\" content=\"https:\/\/tulsa-health.org\/wp-content\/uploads\/2023\/07\/UndergroundStorage-stock-photo-20752237-new-gasoline-station-underground-fuel-t-iStock_000020752237Small.jpg\" \/>\n\t<meta property=\"og:image:width\" content=\"847\" \/>\n\t<meta property=\"og:image:height\" content=\"567\" \/>\n\t<meta property=\"og:image:type\" content=\"image\/jpeg\" \/>\n<meta name=\"twitter:card\" content=\"summary_large_image\" \/>\n<meta name=\"twitter:label1\" content=\"\u01af\u1edbc t\u00ednh th\u1eddi gian \u0111\u1ecdc\" \/>\n\t<meta name=\"twitter:data1\" content=\"2 ph\u00fat\" \/>\n<script type=\"application\/ld+json\" class=\"yoast-schema-graph\">{\"@context\":\"https:\\\/\\\/schema.org\",\"@graph\":[{\"@type\":\"WebPage\",\"@id\":\"https:\\\/\\\/tulsa-health.org\\\/permits-inspections\\\/environmental\\\/underground-storage-tank\\\/\",\"url\":\"https:\\\/\\\/tulsa-health.org\\\/permits-inspections\\\/environmental\\\/underground-storage-tank\\\/\",\"name\":\"Underground Storage Tank - Tulsa Health Department\",\"isPartOf\":{\"@id\":\"https:\\\/\\\/tulsa-health.org\\\/es\\\/#website\"},\"primaryImageOfPage\":{\"@id\":\"https:\\\/\\\/tulsa-health.org\\\/permits-inspections\\\/environmental\\\/underground-storage-tank\\\/#primaryimage\"},\"image\":{\"@id\":\"https:\\\/\\\/tulsa-health.org\\\/permits-inspections\\\/environmental\\\/underground-storage-tank\\\/#primaryimage\"},\"thumbnailUrl\":\"https:\\\/\\\/tulsa-health.org\\\/wp-content\\\/uploads\\\/2023\\\/07\\\/UndergroundStorage-stock-photo-20752237-new-gasoline-station-underground-fuel-t-iStock_000020752237Small.jpg\",\"datePublished\":\"2023-05-04T23:37:54+00:00\",\"dateModified\":\"2023-12-20T23:54:58+00:00\",\"description\":\"Exposure to contaminants from a leaking underground storage tank pose a significant public health risk. Our goal is to protect Tulsa County\u2019s environment.\",\"breadcrumb\":{\"@id\":\"https:\\\/\\\/tulsa-health.org\\\/permits-inspections\\\/environmental\\\/underground-storage-tank\\\/#breadcrumb\"},\"inLanguage\":\"vi\",\"potentialAction\":[{\"@type\":\"ReadAction\",\"target\":[\"https:\\\/\\\/tulsa-health.org\\\/permits-inspections\\\/environmental\\\/underground-storage-tank\\\/\"]}]},{\"@type\":\"ImageObject\",\"inLanguage\":\"vi\",\"@id\":\"https:\\\/\\\/tulsa-health.org\\\/permits-inspections\\\/environmental\\\/underground-storage-tank\\\/#primaryimage\",\"url\":\"https:\\\/\\\/tulsa-health.org\\\/wp-content\\\/uploads\\\/2023\\\/07\\\/UndergroundStorage-stock-photo-20752237-new-gasoline-station-underground-fuel-t-iStock_000020752237Small.jpg\",\"contentUrl\":\"https:\\\/\\\/tulsa-health.org\\\/wp-content\\\/uploads\\\/2023\\\/07\\\/UndergroundStorage-stock-photo-20752237-new-gasoline-station-underground-fuel-t-iStock_000020752237Small.jpg\",\"width\":847,\"height\":567,\"caption\":\"Underground Storage\"},{\"@type\":\"BreadcrumbList\",\"@id\":\"https:\\\/\\\/tulsa-health.org\\\/permits-inspections\\\/environmental\\\/underground-storage-tank\\\/#breadcrumb\",\"itemListElement\":[{\"@type\":\"ListItem\",\"position\":1,\"name\":\"Home\",\"item\":\"https:\\\/\\\/tulsa-health.org\\\/\"},{\"@type\":\"ListItem\",\"position\":2,\"name\":\"Permits &#038; Inspections\",\"item\":\"https:\\\/\\\/tulsa-health.org\\\/permits-inspections\\\/\"},{\"@type\":\"ListItem\",\"position\":3,\"name\":\"Environmental\",\"item\":\"https:\\\/\\\/tulsa-health.org\\\/permits-inspections\\\/environmental\\\/\"},{\"@type\":\"ListItem\",\"position\":4,\"name\":\"Underground Storage Tank\"}]},{\"@type\":\"WebSite\",\"@id\":\"https:\\\/\\\/tulsa-health.org\\\/es\\\/#website\",\"url\":\"https:\\\/\\\/tulsa-health.org\\\/es\\\/\",\"name\":\"Tulsa Health Department\",\"description\":\"Clinical Services, Immunizations, Permits and More | Tulsa Health Department\",\"potentialAction\":[{\"@type\":\"SearchAction\",\"target\":{\"@type\":\"EntryPoint\",\"urlTemplate\":\"https:\\\/\\\/tulsa-health.org\\\/es\\\/?s={search_term_string}\"},\"query-input\":{\"@type\":\"PropertyValueSpecification\",\"valueRequired\":true,\"valueName\":\"search_term_string\"}}],\"inLanguage\":\"vi\"}]}<\/script>\n<!-- \/ Yoast SEO plugin. -->","yoast_head_json":{"title":"B\u1ec3 ch\u1ee9a ng\u1ea7m - S\u1edf Y t\u1ebf Tulsa","description":"Vi\u1ec7c ti\u1ebfp x\u00fac v\u1edbi ch\u1ea5t g\u00e2y \u00f4 nhi\u1ec5m t\u1eeb b\u1ec3 ch\u1ee9a ng\u1ea7m b\u1ecb r\u00f2 r\u1ec9 g\u00e2y ra nguy c\u01a1 \u0111\u00e1ng k\u1ec3 cho s\u1ee9c kh\u1ecfe c\u1ed9ng \u0111\u1ed3ng. M\u1ee5c ti\u00eau c\u1ee7a ch\u00fang t\u00f4i l\u00e0 b\u1ea3o v\u1ec7 m\u00f4i tr\u01b0\u1eddng c\u1ee7a Qu\u1eadn Tulsa.","robots":{"index":"index","follow":"follow","max-snippet":"max-snippet:-1","max-image-preview":"max-image-preview:large","max-video-preview":"max-video-preview:-1"},"canonical":"https:\/\/tulsa-health.org\/vi\/permits-inspections\/environmental\/underground-storage-tank\/","og_locale":"vi_VN","og_type":"article","og_title":"Underground Storage Tank - Tulsa Health Department","og_description":"Exposure to contaminants from a leaking underground storage tank pose a significant public health risk. Our goal is to protect Tulsa County\u2019s environment.","og_url":"https:\/\/tulsa-health.org\/vi\/permits-inspections\/environmental\/underground-storage-tank\/","og_site_name":"Tulsa Health Department","article_modified_time":"2023-12-20T23:54:58+00:00","og_image":[{"width":847,"height":567,"url":"https:\/\/tulsa-health.org\/wp-content\/uploads\/2023\/07\/UndergroundStorage-stock-photo-20752237-new-gasoline-station-underground-fuel-t-iStock_000020752237Small.jpg","type":"image\/jpeg"}],"twitter_card":"summary_large_image","twitter_misc":{"\u01af\u1edbc t\u00ednh th\u1eddi gian \u0111\u1ecdc":"2 ph\u00fat"},"schema":{"@context":"https:\/\/schema.org","@graph":[{"@type":"WebPage","@id":"https:\/\/tulsa-health.org\/permits-inspections\/environmental\/underground-storage-tank\/","url":"https:\/\/tulsa-health.org\/permits-inspections\/environmental\/underground-storage-tank\/","name":"B\u1ec3 ch\u1ee9a ng\u1ea7m - S\u1edf Y t\u1ebf Tulsa","isPartOf":{"@id":"https:\/\/tulsa-health.org\/es\/#website"},"primaryImageOfPage":{"@id":"https:\/\/tulsa-health.org\/permits-inspections\/environmental\/underground-storage-tank\/#primaryimage"},"image":{"@id":"https:\/\/tulsa-health.org\/permits-inspections\/environmental\/underground-storage-tank\/#primaryimage"},"thumbnailUrl":"https:\/\/tulsa-health.org\/wp-content\/uploads\/2023\/07\/UndergroundStorage-stock-photo-20752237-new-gasoline-station-underground-fuel-t-iStock_000020752237Small.jpg","datePublished":"2023-05-04T23:37:54+00:00","dateModified":"2023-12-20T23:54:58+00:00","description":"Vi\u1ec7c ti\u1ebfp x\u00fac v\u1edbi ch\u1ea5t g\u00e2y \u00f4 nhi\u1ec5m t\u1eeb b\u1ec3 ch\u1ee9a ng\u1ea7m b\u1ecb r\u00f2 r\u1ec9 g\u00e2y ra nguy c\u01a1 \u0111\u00e1ng k\u1ec3 cho s\u1ee9c kh\u1ecfe c\u1ed9ng \u0111\u1ed3ng. M\u1ee5c ti\u00eau c\u1ee7a ch\u00fang t\u00f4i l\u00e0 b\u1ea3o v\u1ec7 m\u00f4i tr\u01b0\u1eddng c\u1ee7a Qu\u1eadn Tulsa.","breadcrumb":{"@id":"https:\/\/tulsa-health.org\/permits-inspections\/environmental\/underground-storage-tank\/#breadcrumb"},"inLanguage":"vi","potentialAction":[{"@type":"ReadAction","target":["https:\/\/tulsa-health.org\/permits-inspections\/environmental\/underground-storage-tank\/"]}]},{"@type":"ImageObject","inLanguage":"vi","@id":"https:\/\/tulsa-health.org\/permits-inspections\/environmental\/underground-storage-tank\/#primaryimage","url":"https:\/\/tulsa-health.org\/wp-content\/uploads\/2023\/07\/UndergroundStorage-stock-photo-20752237-new-gasoline-station-underground-fuel-t-iStock_000020752237Small.jpg","contentUrl":"https:\/\/tulsa-health.org\/wp-content\/uploads\/2023\/07\/UndergroundStorage-stock-photo-20752237-new-gasoline-station-underground-fuel-t-iStock_000020752237Small.jpg","width":847,"height":567,"caption":"Underground Storage"},{"@type":"BreadcrumbList","@id":"https:\/\/tulsa-health.org\/permits-inspections\/environmental\/underground-storage-tank\/#breadcrumb","itemListElement":[{"@type":"ListItem","position":1,"name":"Home","item":"https:\/\/tulsa-health.org\/"},{"@type":"ListItem","position":2,"name":"Permits &#038; Inspections","item":"https:\/\/tulsa-health.org\/permits-inspections\/"},{"@type":"ListItem","position":3,"name":"Environmental","item":"https:\/\/tulsa-health.org\/permits-inspections\/environmental\/"},{"@type":"ListItem","position":4,"name":"Underground Storage Tank"}]},{"@type":"WebSite","@id":"https:\/\/tulsa-health.org\/es\/#website","url":"https:\/\/tulsa-health.org\/es\/","name":"S\u1edf Y t\u1ebf Tulsa","description":"D\u1ecbch v\u1ee5 l\u00e2m s\u00e0ng, ti\u00eam ch\u1ee7ng, gi\u1ea5y ph\u00e9p v\u00e0 nhi\u1ec1u h\u01a1n n\u1eefa | S\u1edf Y t\u1ebf Tulsa","potentialAction":[{"@type":"SearchAction","target":{"@type":"EntryPoint","urlTemplate":"https:\/\/tulsa-health.org\/es\/?s={search_term_string}"},"query-input":{"@type":"PropertyValueSpecification","valueRequired":true,"valueName":"search_term_string"}}],"inLanguage":"vi"}]}},"publishpress_future_workflow_manual_trigger":{"enabledWorkflows":[]},"_links":{"self":[{"href":"https:\/\/tulsa-health.org\/vi\/wp-json\/wp\/v2\/pages\/2470","targetHints":{"allow":["GET"]}}],"collection":[{"href":"https:\/\/tulsa-health.org\/vi\/wp-json\/wp\/v2\/pages"}],"about":[{"href":"https:\/\/tulsa-health.org\/vi\/wp-json\/wp\/v2\/types\/page"}],"author":[{"embeddable":true,"href":"https:\/\/tulsa-health.org\/vi\/wp-json\/wp\/v2\/users\/1"}],"replies":[{"embeddable":true,"href":"https:\/\/tulsa-health.org\/vi\/wp-json\/wp\/v2\/comments?post=2470"}],"version-history":[{"count":0,"href":"https:\/\/tulsa-health.org\/vi\/wp-json\/wp\/v2\/pages\/2470\/revisions"}],"up":[{"embeddable":true,"href":"https:\/\/tulsa-health.org\/vi\/wp-json\/wp\/v2\/pages\/2427"}],"wp:featuredmedia":[{"embeddable":true,"href":"https:\/\/tulsa-health.org\/vi\/wp-json\/wp\/v2\/media\/9650"}],"wp:attachment":[{"href":"https:\/\/tulsa-health.org\/vi\/wp-json\/wp\/v2\/media?parent=2470"}],"curies":[{"name":"wp","href":"https:\/\/api.w.org\/{rel}","templated":true}]}}