{"id":6897,"date":"2023-06-27T15:54:10","date_gmt":"2023-06-27T20:54:10","guid":{"rendered":"https:\/\/test.tulsa-health.org\/?page_id=6897"},"modified":"2023-12-21T10:09:08","modified_gmt":"2023-12-21T16:09:08","slug":"zika","status":"publish","type":"page","link":"https:\/\/tulsa-health.org\/vi\/services\/family-health-services\/illness-and-disease\/zika\/","title":{"rendered":"vi r\u00fat zika"},"content":{"rendered":"<div data-elementor-type=\"wp-page\" data-elementor-id=\"6897\" class=\"elementor elementor-6897\" data-elementor-post-type=\"page\">\n\t\t\t\t\t\t<section class=\"elementor-section elementor-top-section elementor-element elementor-element-2437e1d elementor-section-full_width elementor-section-height-min-height elementor-section-height-default elementor-section-items-middle\" data-id=\"2437e1d\" data-element_type=\"section\" data-e-type=\"section\" data-settings=\"{&quot;background_background&quot;:&quot;classic&quot;}\">\n\t\t\t\t\t\t<div class=\"elementor-container elementor-column-gap-no\">\n\t\t\t\t\t<div class=\"elementor-column elementor-col-100 elementor-top-column elementor-element elementor-element-f56571c\" data-id=\"f56571c\" data-element_type=\"column\" data-e-type=\"column\">\n\t\t\t<div class=\"elementor-widget-wrap\">\n\t\t\t\t\t\t\t<\/div>\n\t\t<\/div>\n\t\t\t\t\t<\/div>\n\t\t<\/section>\n\t\t\t\t<section class=\"elementor-section elementor-top-section elementor-element elementor-element-49232e3 elementor-section-boxed elementor-section-height-default elementor-section-height-default\" data-id=\"49232e3\" data-element_type=\"section\" data-e-type=\"section\" data-settings=\"{&quot;background_background&quot;:&quot;classic&quot;}\">\n\t\t\t\t\t\t<div class=\"elementor-container elementor-column-gap-default\">\n\t\t\t\t\t<div class=\"elementor-column elementor-col-100 elementor-top-column elementor-element elementor-element-9bf2116\" data-id=\"9bf2116\" data-element_type=\"column\" data-e-type=\"column\">\n\t\t\t<div class=\"elementor-widget-wrap elementor-element-populated\">\n\t\t\t\t\t\t<div class=\"elementor-element elementor-element-afc50ef elementor-widget elementor-widget-heading\" data-id=\"afc50ef\" data-element_type=\"widget\" data-e-type=\"widget\" data-widget_type=\"heading.default\">\n\t\t\t\t<div class=\"elementor-widget-container\">\n\t\t\t\t\t<h1 class=\"elementor-heading-title elementor-size-default\">VI-R\u00daT ZIKA<\/h1>\t\t\t\t<\/div>\n\t\t\t\t<\/div>\n\t\t\t\t\t<\/div>\n\t\t<\/div>\n\t\t\t\t\t<\/div>\n\t\t<\/section>\n\t\t\t\t<section class=\"elementor-section elementor-top-section elementor-element elementor-element-50ca630 elementor-section-boxed elementor-section-height-default elementor-section-height-default\" data-id=\"50ca630\" data-element_type=\"section\" data-e-type=\"section\" data-settings=\"{&quot;background_background&quot;:&quot;classic&quot;}\">\n\t\t\t\t\t\t<div class=\"elementor-container elementor-column-gap-default\">\n\t\t\t\t\t<div class=\"elementor-column elementor-col-100 elementor-top-column elementor-element elementor-element-ce9f742\" data-id=\"ce9f742\" data-element_type=\"column\" data-e-type=\"column\">\n\t\t\t<div class=\"elementor-widget-wrap elementor-element-populated\">\n\t\t\t\t\t\t<div class=\"elementor-element elementor-element-cf32101 elementor-widget elementor-widget-text-editor\" data-id=\"cf32101\" data-element_type=\"widget\" data-e-type=\"widget\" data-widget_type=\"text-editor.default\">\n\t\t\t\t<div class=\"elementor-widget-container\">\n\t\t\t\t\t\t\t\t\t<p>Virus zika l\u00e2y truy\u1ec1n sang ng\u01b0\u1eddi qua v\u1ebft mu\u1ed7i \u0111\u1ed1t. C\u00e1c tri\u1ec7u ch\u1ee9ng ph\u1ed5 bi\u1ebfn nh\u1ea5t c\u1ee7a b\u1ec7nh do vi-r\u00fat Ebola l\u00e0 s\u1ed1t, ph\u00e1t ban, \u0111au kh\u1edbp v\u00e0 vi\u00eam k\u1ebft m\u1ea1c (m\u1eaft \u0111\u1ecf). B\u1ec7nh th\u01b0\u1eddng nh\u1eb9 v\u1edbi c\u00e1c tri\u1ec7u ch\u1ee9ng k\u00e9o d\u00e0i t\u1eeb v\u00e0i ng\u00e0y \u0111\u1ebfn m\u1ed9t tu\u1ea7n. B\u1ec7nh n\u1eb7ng ph\u1ea3i nh\u1eadp vi\u1ec7n l\u00e0 hi\u1ebfm g\u1eb7p.<\/p><p>Tr\u01b0\u1eddng h\u1ee3p \u201cl\u00e2y truy\u1ec1n c\u1ee5c b\u1ed9\u201d x\u1ea3y ra khi m\u1ed9t ng\u01b0\u1eddi g\u1ea7n \u0111\u00e2y kh\u00f4ng \u0111i du l\u1ecbch b\u1ecb mu\u1ed7i nhi\u1ec5m b\u1ec7nh c\u1eafn t\u1ea1i n\u01a1i h\u1ecd s\u1ed1ng, l\u00e0m vi\u1ec7c ho\u1eb7c vui ch\u01a1i.\u00a0<strong>Kh\u00f4ng c\u00f3 tr\u01b0\u1eddng h\u1ee3p l\u00e2y truy\u1ec1n vi r\u00fat Ebola t\u1ea1i \u0111\u1ecba ph\u01b0\u01a1ng n\u00e0o \u0111\u01b0\u1ee3c b\u00e1o c\u00e1o \u1edf l\u1ee5c \u0111\u1ecba Hoa K\u1ef3<\/strong>, nh\u01b0ng c\u00e1c tr\u01b0\u1eddng h\u1ee3p \u0111\u00e3 \u0111\u01b0\u1ee3c b\u00e1o c\u00e1o \u1edf nh\u1eefng du kh\u00e1ch quay tr\u1edf l\u1ea1i.\u00a0<\/p><p><a href=\"http:\/\/www.cdc.gov\/zika\/index.html\">Xem th\u00f4ng tin m\u1edbi nh\u1ea5t t\u1eeb CDC v\u1ec1 vi r\u00fat zika<\/a><\/p><p><strong>T\u1edd th\u00f4ng tin<\/strong><\/p><ul><li><a href=\"https:\/\/tulsa-health.org\/vi\/sites\/default\/files\/page_attachments\/control_mosquitoes_chikv_denv_zika.pdf\/\">Gi\u00fap ki\u1ec3m so\u00e1t mu\u1ed7i l\u00e2y lan virus s\u1ed1t xu\u1ea5t huy\u1ebft, chikungunya v\u00e0 virus zika<\/a>\u00a0(C\u1eadp nh\u1eadt ng\u00e0y 15\/08)<\/li><li><a href=\"\/wp-content\/uploads\/2023\/06\/fs_mosquito_bite_prevention_travelers.pdf\">Ph\u00f2ng ch\u1ed1ng mu\u1ed7i \u0111\u1ed1t cho du kh\u00e1ch<\/a>\u00a0(C\u1eadp nh\u1eadt ng\u00e0y 15\/10)<\/li><li><a href=\"\/wp-content\/uploads\/2023\/06\/Mosquito-Bite-Prevention-United-States-02.17.16.pdf\">Ph\u00f2ng ch\u1ed1ng mu\u1ed7i \u0111\u1ed1t \u1edf M\u1ef9<\/a>\u00a0(C\u1eadp nh\u1eadt ng\u00e0y 17\/2\/16)<\/li><li><a href=\"\/wp-content\/uploads\/2023\/06\/zika-factsheet_0.pdf\">H\u01b0\u1edbng d\u1eabn th\u00f4ng tin v\u1ec1 vi-r\u00fat zika c\u1ee7a THD<\/a>\u00a0(Ti\u1ebfng Anh)<\/li><li><a href=\"\/wp-content\/uploads\/2023\/06\/zika-factsheet-spa.pdf\">H\u01b0\u1edbng d\u1eabn th\u00f4ng tin v\u1ec1 vi-r\u00fat zika c\u1ee7a THD<\/a>\u00a0(Ng\u01b0\u1eddi T\u00e2y Ban Nha)<\/li><li><a href=\"\/wp-content\/uploads\/2023\/06\/zikapregnancyinfographic.pdf\">Th\u00f4ng tin \u0111\u1ed3 h\u1ecda v\u1ec1 thai k\u1ef3 v\u00e0 du l\u1ecbch c\u1ee7a b\u1ec7nh s\u1ed1t r\u00e9t<\/a><\/li><\/ul>\t\t\t\t\t\t\t\t<\/div>\n\t\t\t\t<\/div>\n\t\t\t\t<div class=\"elementor-element elementor-element-5df8dc0 elementor-widget elementor-widget-html\" data-id=\"5df8dc0\" data-element_type=\"widget\" data-e-type=\"widget\" data-widget_type=\"html.default\">\n\t\t\t\t<div class=\"elementor-widget-container\">\n\t\t\t\t\t<div data-cdc-widget=\"micrositeCollectionViewer\" data-cdc-collectionid=\"234519\" data-cdc-theme=\"theme1\" data-cdc-geotag=\"{'continent': '6255149', 'country': '6252001', 'state': '4544379', 'region': '' }\">&nbsp;<\/div><script type=\"text\/javascript\" src=\"\/\/tools.cdc.gov\/TemplatePackage\/contrib\/widgets\/tp-widget-external-loader.js\"><\/script>\t\t\t\t<\/div>\n\t\t\t\t<\/div>\n\t\t\t\t\t<\/div>\n\t\t<\/div>\n\t\t\t\t\t<\/div>\n\t\t<\/section>\n\t\t\t\t<section class=\"elementor-section elementor-top-section elementor-element elementor-element-665ba7f elementor-section-full_width elementor-section-height-default elementor-section-height-default\" data-id=\"665ba7f\" data-element_type=\"section\" data-e-type=\"section\">\n\t\t\t\t\t\t<div class=\"elementor-container elementor-column-gap-default\">\n\t\t\t\t\t<div class=\"elementor-column elementor-col-100 elementor-top-column elementor-element elementor-element-37dd067\" data-id=\"37dd067\" data-element_type=\"column\" data-e-type=\"column\">\n\t\t\t<div class=\"elementor-widget-wrap elementor-element-populated\">\n\t\t\t\t\t\t<div class=\"elementor-element elementor-element-8b093db elementor-widget elementor-widget-shortcode\" data-id=\"8b093db\" data-element_type=\"widget\" data-e-type=\"widget\" data-widget_type=\"shortcode.default\">\n\t\t\t\t<div class=\"elementor-widget-container\">\n\t\t\t\t\t\t\t<div class=\"elementor-shortcode\">\t\t<div data-elementor-type=\"section\" data-elementor-id=\"4934\" class=\"elementor elementor-4934\" data-elementor-post-type=\"elementor_library\">\n\t\t\t\t\t<section class=\"elementor-section elementor-top-section elementor-element elementor-element-4469b59d elementor-section-stretched elementor-section-boxed elementor-section-height-default elementor-section-height-default\" data-id=\"4469b59d\" data-element_type=\"section\" data-e-type=\"section\" data-settings=\"{&quot;background_background&quot;:&quot;classic&quot;,&quot;stretch_section&quot;:&quot;section-stretched&quot;}\">\n\t\t\t\t\t\t\t<div class=\"elementor-background-overlay\"><\/div>\n\t\t\t\t\t\t\t<div class=\"elementor-container elementor-column-gap-default\">\n\t\t\t\t\t<div class=\"elementor-column elementor-col-100 elementor-top-column elementor-element elementor-element-615ea353\" data-id=\"615ea353\" data-element_type=\"column\" data-e-type=\"column\">\n\t\t\t<div class=\"elementor-widget-wrap elementor-element-populated\">\n\t\t\t\t\t\t<div class=\"elementor-element elementor-element-bdb2691 elementor-widget elementor-widget-heading\" data-id=\"bdb2691\" data-element_type=\"widget\" data-e-type=\"widget\" data-widget_type=\"heading.default\">\n\t\t\t\t<div class=\"elementor-widget-container\">\n\t\t\t\t\t<h5 class=\"elementor-heading-title elementor-size-default\">\u0110\u1ecaA \u0110I\u1ec2M<\/h5>\t\t\t\t<\/div>\n\t\t\t\t<\/div>\n\t\t\t\t<div class=\"elementor-element elementor-element-00f74f9 elementor-widget elementor-widget-text-editor\" data-id=\"00f74f9\" data-element_type=\"widget\" data-e-type=\"widget\" data-widget_type=\"text-editor.default\">\n\t\t\t\t<div class=\"elementor-widget-container\">\n\t\t\t\t\t\t\t\t\t<p>Ch\u00fang t\u00f4i c\u00f3 9 c\u01a1 s\u1edf tr\u00ean kh\u1eafp Qu\u1eadn Tulsa cung c\u1ea5p nhi\u1ec1u d\u1ecbch v\u1ee5 kh\u00e1c nhau \u0111\u1ec3 gi\u00fap b\u1ea1n v\u00e0 gia \u0111\u00ecnh lu\u00f4n kh\u1ecfe m\u1ea1nh.<\/p>\t\t\t\t\t\t\t\t<\/div>\n\t\t\t\t<\/div>\n\t\t\t\t<div class=\"elementor-element elementor-element-fd63501 elementor-align-center secondary elementor-widget elementor-widget-button\" data-id=\"fd63501\" data-element_type=\"widget\" data-e-type=\"widget\" data-widget_type=\"button.default\">\n\t\t\t\t<div class=\"elementor-widget-container\">\n\t\t\t\t\t\t\t\t\t<div class=\"elementor-button-wrapper\">\n\t\t\t\t\t<a class=\"elementor-button elementor-button-link elementor-size-sm\" href=\"\/vi\/locations\/\">\n\t\t\t\t\t\t<span class=\"elementor-button-content-wrapper\">\n\t\t\t\t\t\t\t\t\t<span class=\"elementor-button-text\">T\u00ecm c\u1ee7a b\u1ea1n<\/span>\n\t\t\t\t\t<\/span>\n\t\t\t\t\t<\/a>\n\t\t\t\t<\/div>\n\t\t\t\t\t\t\t\t<\/div>\n\t\t\t\t<\/div>\n\t\t\t\t\t<\/div>\n\t\t<\/div>\n\t\t\t\t\t<\/div>\n\t\t<\/section>\n\t\t\t\t<\/div>\n\t\t<\/div>\n\t\t\t\t\t\t<\/div>\n\t\t\t\t<\/div>\n\t\t\t\t\t<\/div>\n\t\t<\/div>\n\t\t\t\t\t<\/div>\n\t\t<\/section>\n\t\t\t\t<\/div>","protected":false},"excerpt":{"rendered":"<p>ZIKA VIRUS Zika virus is spread to people through mosquito bites. The most common symptoms of Zika virus disease are fever, rash, joint pain, and conjunctivitis (red eyes). The illness is usually mild with symptoms lasting from several days to a week. Severe disease requiring hospitalization is uncommon. A &#8220;locally transmitted&#8221; case occurs when\u00a0a person [&hellip;]<\/p>\n","protected":false},"author":1,"featured_media":13609,"parent":1812,"menu_order":0,"comment_status":"closed","ping_status":"closed","template":"elementor_header_footer","meta":{"_acf_changed":false,"footnotes":""},"class_list":["post-6897","page","type-page","status-publish","has-post-thumbnail","hentry"],"acf":[],"yoast_head":"<!-- This site is optimized with the Yoast SEO plugin v27.3 - https:\/\/yoast.com\/product\/yoast-seo-wordpress\/ -->\n<title>Zika - Tulsa Health Department<\/title>\n<meta name=\"description\" content=\"Zika virus is spread to people through mosquito bites. The most common symptoms of Zika virus disease are fever, rash, joint pain, and conjunctivitis (red eyes).\" \/>\n<meta name=\"robots\" content=\"index, follow, max-snippet:-1, max-image-preview:large, max-video-preview:-1\" \/>\n<link rel=\"canonical\" href=\"https:\/\/tulsa-health.org\/vi\/services\/family-health-services\/illness-and-disease\/zika\/\" \/>\n<meta property=\"og:locale\" content=\"vi_VN\" \/>\n<meta property=\"og:type\" content=\"article\" \/>\n<meta property=\"og:title\" content=\"Zika - Tulsa Health Department\" \/>\n<meta property=\"og:description\" content=\"Zika virus is spread to people through mosquito bites. The most common symptoms of Zika virus disease are fever, rash, joint pain, and conjunctivitis (red eyes).\" \/>\n<meta property=\"og:url\" content=\"https:\/\/tulsa-health.org\/vi\/services\/family-health-services\/illness-and-disease\/zika\/\" \/>\n<meta property=\"og:site_name\" content=\"Tulsa Health Department\" \/>\n<meta property=\"article:modified_time\" content=\"2023-12-21T16:09:08+00:00\" \/>\n<meta property=\"og:image\" content=\"https:\/\/tulsa-health.org\/wp-content\/uploads\/2023\/10\/Mosquitos.jpg\" \/>\n\t<meta property=\"og:image:width\" content=\"1732\" \/>\n\t<meta property=\"og:image:height\" content=\"1067\" \/>\n\t<meta property=\"og:image:type\" content=\"image\/jpeg\" \/>\n<meta name=\"twitter:card\" content=\"summary_large_image\" \/>\n<meta name=\"twitter:label1\" content=\"\u01af\u1edbc t\u00ednh th\u1eddi gian \u0111\u1ecdc\" \/>\n\t<meta name=\"twitter:data1\" content=\"1 ph\u00fat\" \/>\n<script type=\"application\/ld+json\" class=\"yoast-schema-graph\">{\"@context\":\"https:\\\/\\\/schema.org\",\"@graph\":[{\"@type\":\"WebPage\",\"@id\":\"https:\\\/\\\/tulsa-health.org\\\/services\\\/family-health-services\\\/illness-and-disease\\\/zika\\\/\",\"url\":\"https:\\\/\\\/tulsa-health.org\\\/services\\\/family-health-services\\\/illness-and-disease\\\/zika\\\/\",\"name\":\"Zika - Tulsa Health Department\",\"isPartOf\":{\"@id\":\"https:\\\/\\\/tulsa-health.org\\\/es\\\/#website\"},\"primaryImageOfPage\":{\"@id\":\"https:\\\/\\\/tulsa-health.org\\\/services\\\/family-health-services\\\/illness-and-disease\\\/zika\\\/#primaryimage\"},\"image\":{\"@id\":\"https:\\\/\\\/tulsa-health.org\\\/services\\\/family-health-services\\\/illness-and-disease\\\/zika\\\/#primaryimage\"},\"thumbnailUrl\":\"https:\\\/\\\/tulsa-health.org\\\/wp-content\\\/uploads\\\/2023\\\/10\\\/Mosquitos.jpg\",\"datePublished\":\"2023-06-27T20:54:10+00:00\",\"dateModified\":\"2023-12-21T16:09:08+00:00\",\"description\":\"Zika virus is spread to people through mosquito bites. The most common symptoms of Zika virus disease are fever, rash, joint pain, and conjunctivitis (red eyes).\",\"breadcrumb\":{\"@id\":\"https:\\\/\\\/tulsa-health.org\\\/services\\\/family-health-services\\\/illness-and-disease\\\/zika\\\/#breadcrumb\"},\"inLanguage\":\"vi\",\"potentialAction\":[{\"@type\":\"ReadAction\",\"target\":[\"https:\\\/\\\/tulsa-health.org\\\/services\\\/family-health-services\\\/illness-and-disease\\\/zika\\\/\"]}]},{\"@type\":\"ImageObject\",\"inLanguage\":\"vi\",\"@id\":\"https:\\\/\\\/tulsa-health.org\\\/services\\\/family-health-services\\\/illness-and-disease\\\/zika\\\/#primaryimage\",\"url\":\"https:\\\/\\\/tulsa-health.org\\\/wp-content\\\/uploads\\\/2023\\\/10\\\/Mosquitos.jpg\",\"contentUrl\":\"https:\\\/\\\/tulsa-health.org\\\/wp-content\\\/uploads\\\/2023\\\/10\\\/Mosquitos.jpg\",\"width\":1732,\"height\":1067,\"caption\":\"Mosquitos\"},{\"@type\":\"BreadcrumbList\",\"@id\":\"https:\\\/\\\/tulsa-health.org\\\/services\\\/family-health-services\\\/illness-and-disease\\\/zika\\\/#breadcrumb\",\"itemListElement\":[{\"@type\":\"ListItem\",\"position\":1,\"name\":\"Home\",\"item\":\"https:\\\/\\\/tulsa-health.org\\\/\"},{\"@type\":\"ListItem\",\"position\":2,\"name\":\"Services\",\"item\":\"https:\\\/\\\/tulsa-health.org\\\/services\\\/\"},{\"@type\":\"ListItem\",\"position\":3,\"name\":\"Family Health Services\",\"item\":\"https:\\\/\\\/tulsa-health.org\\\/services\\\/family-health-services\\\/\"},{\"@type\":\"ListItem\",\"position\":4,\"name\":\"Illness and Disease\",\"item\":\"https:\\\/\\\/tulsa-health.org\\\/services\\\/family-health-services\\\/illness-and-disease\\\/\"},{\"@type\":\"ListItem\",\"position\":5,\"name\":\"Zika\"}]},{\"@type\":\"WebSite\",\"@id\":\"https:\\\/\\\/tulsa-health.org\\\/es\\\/#website\",\"url\":\"https:\\\/\\\/tulsa-health.org\\\/es\\\/\",\"name\":\"Tulsa Health Department\",\"description\":\"Clinical Services, Immunizations, Permits and More | Tulsa Health Department\",\"potentialAction\":[{\"@type\":\"SearchAction\",\"target\":{\"@type\":\"EntryPoint\",\"urlTemplate\":\"https:\\\/\\\/tulsa-health.org\\\/es\\\/?s={search_term_string}\"},\"query-input\":{\"@type\":\"PropertyValueSpecification\",\"valueRequired\":true,\"valueName\":\"search_term_string\"}}],\"inLanguage\":\"vi\"}]}<\/script>\n<!-- \/ Yoast SEO plugin. -->","yoast_head_json":{"title":"Virus Zika - S\u1edf Y t\u1ebf Tulsa","description":"Virus Zika l\u00e2y truy\u1ec1n sang ng\u01b0\u1eddi qua v\u1ebft mu\u1ed7i \u0111\u1ed1t. C\u00e1c tri\u1ec7u ch\u1ee9ng ph\u1ed5 bi\u1ebfn nh\u1ea5t c\u1ee7a b\u1ec7nh do virus Zika g\u00e2y ra l\u00e0 s\u1ed1t, ph\u00e1t ban, \u0111au kh\u1edbp v\u00e0 vi\u00eam k\u1ebft m\u1ea1c (m\u1eaft \u0111\u1ecf).","robots":{"index":"index","follow":"follow","max-snippet":"max-snippet:-1","max-image-preview":"max-image-preview:large","max-video-preview":"max-video-preview:-1"},"canonical":"https:\/\/tulsa-health.org\/vi\/services\/family-health-services\/illness-and-disease\/zika\/","og_locale":"vi_VN","og_type":"article","og_title":"Zika - Tulsa Health Department","og_description":"Zika virus is spread to people through mosquito bites. The most common symptoms of Zika virus disease are fever, rash, joint pain, and conjunctivitis (red eyes).","og_url":"https:\/\/tulsa-health.org\/vi\/services\/family-health-services\/illness-and-disease\/zika\/","og_site_name":"Tulsa Health Department","article_modified_time":"2023-12-21T16:09:08+00:00","og_image":[{"width":1732,"height":1067,"url":"https:\/\/tulsa-health.org\/wp-content\/uploads\/2023\/10\/Mosquitos.jpg","type":"image\/jpeg"}],"twitter_card":"summary_large_image","twitter_misc":{"\u01af\u1edbc t\u00ednh th\u1eddi gian \u0111\u1ecdc":"1 ph\u00fat"},"schema":{"@context":"https:\/\/schema.org","@graph":[{"@type":"WebPage","@id":"https:\/\/tulsa-health.org\/services\/family-health-services\/illness-and-disease\/zika\/","url":"https:\/\/tulsa-health.org\/services\/family-health-services\/illness-and-disease\/zika\/","name":"Virus Zika - S\u1edf Y t\u1ebf Tulsa","isPartOf":{"@id":"https:\/\/tulsa-health.org\/es\/#website"},"primaryImageOfPage":{"@id":"https:\/\/tulsa-health.org\/services\/family-health-services\/illness-and-disease\/zika\/#primaryimage"},"image":{"@id":"https:\/\/tulsa-health.org\/services\/family-health-services\/illness-and-disease\/zika\/#primaryimage"},"thumbnailUrl":"https:\/\/tulsa-health.org\/wp-content\/uploads\/2023\/10\/Mosquitos.jpg","datePublished":"2023-06-27T20:54:10+00:00","dateModified":"2023-12-21T16:09:08+00:00","description":"Virus Zika l\u00e2y truy\u1ec1n sang ng\u01b0\u1eddi qua v\u1ebft mu\u1ed7i \u0111\u1ed1t. C\u00e1c tri\u1ec7u ch\u1ee9ng ph\u1ed5 bi\u1ebfn nh\u1ea5t c\u1ee7a b\u1ec7nh do virus Zika g\u00e2y ra l\u00e0 s\u1ed1t, ph\u00e1t ban, \u0111au kh\u1edbp v\u00e0 vi\u00eam k\u1ebft m\u1ea1c (m\u1eaft \u0111\u1ecf).","breadcrumb":{"@id":"https:\/\/tulsa-health.org\/services\/family-health-services\/illness-and-disease\/zika\/#breadcrumb"},"inLanguage":"vi","potentialAction":[{"@type":"ReadAction","target":["https:\/\/tulsa-health.org\/services\/family-health-services\/illness-and-disease\/zika\/"]}]},{"@type":"ImageObject","inLanguage":"vi","@id":"https:\/\/tulsa-health.org\/services\/family-health-services\/illness-and-disease\/zika\/#primaryimage","url":"https:\/\/tulsa-health.org\/wp-content\/uploads\/2023\/10\/Mosquitos.jpg","contentUrl":"https:\/\/tulsa-health.org\/wp-content\/uploads\/2023\/10\/Mosquitos.jpg","width":1732,"height":1067,"caption":"Mosquitos"},{"@type":"BreadcrumbList","@id":"https:\/\/tulsa-health.org\/services\/family-health-services\/illness-and-disease\/zika\/#breadcrumb","itemListElement":[{"@type":"ListItem","position":1,"name":"Home","item":"https:\/\/tulsa-health.org\/"},{"@type":"ListItem","position":2,"name":"Services","item":"https:\/\/tulsa-health.org\/services\/"},{"@type":"ListItem","position":3,"name":"Family Health Services","item":"https:\/\/tulsa-health.org\/services\/family-health-services\/"},{"@type":"ListItem","position":4,"name":"Illness and Disease","item":"https:\/\/tulsa-health.org\/services\/family-health-services\/illness-and-disease\/"},{"@type":"ListItem","position":5,"name":"Zika"}]},{"@type":"WebSite","@id":"https:\/\/tulsa-health.org\/es\/#website","url":"https:\/\/tulsa-health.org\/es\/","name":"S\u1edf Y t\u1ebf Tulsa","description":"D\u1ecbch v\u1ee5 l\u00e2m s\u00e0ng, ti\u00eam ch\u1ee7ng, gi\u1ea5y ph\u00e9p v\u00e0 nhi\u1ec1u h\u01a1n n\u1eefa | S\u1edf Y t\u1ebf Tulsa","potentialAction":[{"@type":"SearchAction","target":{"@type":"EntryPoint","urlTemplate":"https:\/\/tulsa-health.org\/es\/?s={search_term_string}"},"query-input":{"@type":"PropertyValueSpecification","valueRequired":true,"valueName":"search_term_string"}}],"inLanguage":"vi"}]}},"publishpress_future_workflow_manual_trigger":{"enabledWorkflows":[]},"_links":{"self":[{"href":"https:\/\/tulsa-health.org\/vi\/wp-json\/wp\/v2\/pages\/6897","targetHints":{"allow":["GET"]}}],"collection":[{"href":"https:\/\/tulsa-health.org\/vi\/wp-json\/wp\/v2\/pages"}],"about":[{"href":"https:\/\/tulsa-health.org\/vi\/wp-json\/wp\/v2\/types\/page"}],"author":[{"embeddable":true,"href":"https:\/\/tulsa-health.org\/vi\/wp-json\/wp\/v2\/users\/1"}],"replies":[{"embeddable":true,"href":"https:\/\/tulsa-health.org\/vi\/wp-json\/wp\/v2\/comments?post=6897"}],"version-history":[{"count":0,"href":"https:\/\/tulsa-health.org\/vi\/wp-json\/wp\/v2\/pages\/6897\/revisions"}],"up":[{"embeddable":true,"href":"https:\/\/tulsa-health.org\/vi\/wp-json\/wp\/v2\/pages\/1812"}],"wp:featuredmedia":[{"embeddable":true,"href":"https:\/\/tulsa-health.org\/vi\/wp-json\/wp\/v2\/media\/13609"}],"wp:attachment":[{"href":"https:\/\/tulsa-health.org\/vi\/wp-json\/wp\/v2\/media?parent=6897"}],"curies":[{"name":"wp","href":"https:\/\/api.w.org\/{rel}","templated":true}]}}