{"id":6909,"date":"2023-06-27T16:04:44","date_gmt":"2023-06-27T21:04:44","guid":{"rendered":"https:\/\/test.tulsa-health.org\/?page_id=6909"},"modified":"2023-12-20T16:41:13","modified_gmt":"2023-12-20T22:41:13","slug":"community-assessment-for-public-health-emergency-response","status":"publish","type":"page","link":"https:\/\/tulsa-health.org\/vi\/programs\/community-assessment-for-public-health-emergency-response\/","title":{"rendered":"\u0110\u00e1nh gi\u00e1 c\u1ed9ng \u0111\u1ed3ng v\u1ec1 \u1ee9ng ph\u00f3 kh\u1ea9n c\u1ea5p y t\u1ebf c\u00f4ng c\u1ed9ng"},"content":{"rendered":"<div data-elementor-type=\"wp-page\" data-elementor-id=\"6909\" class=\"elementor elementor-6909\" data-elementor-post-type=\"page\">\n\t\t\t\t\t\t<section class=\"elementor-section elementor-top-section elementor-element elementor-element-84d7668 elementor-section-full_width elementor-section-height-min-height elementor-section-height-default elementor-section-items-middle\" data-id=\"84d7668\" data-element_type=\"section\" data-e-type=\"section\" data-settings=\"{&quot;background_background&quot;:&quot;classic&quot;}\">\n\t\t\t\t\t\t<div class=\"elementor-container elementor-column-gap-no\">\n\t\t\t\t\t<div class=\"elementor-column elementor-col-100 elementor-top-column elementor-element elementor-element-cb9369e\" data-id=\"cb9369e\" data-element_type=\"column\" data-e-type=\"column\">\n\t\t\t<div class=\"elementor-widget-wrap\">\n\t\t\t\t\t\t\t<\/div>\n\t\t<\/div>\n\t\t\t\t\t<\/div>\n\t\t<\/section>\n\t\t\t\t<section class=\"elementor-section elementor-top-section elementor-element elementor-element-1602156 elementor-section-boxed elementor-section-height-default elementor-section-height-default\" data-id=\"1602156\" data-element_type=\"section\" data-e-type=\"section\" data-settings=\"{&quot;background_background&quot;:&quot;classic&quot;}\">\n\t\t\t\t\t\t<div class=\"elementor-container elementor-column-gap-default\">\n\t\t\t\t\t<div class=\"elementor-column elementor-col-100 elementor-top-column elementor-element elementor-element-98427c0\" data-id=\"98427c0\" data-element_type=\"column\" data-e-type=\"column\">\n\t\t\t<div class=\"elementor-widget-wrap elementor-element-populated\">\n\t\t\t\t\t\t<div class=\"elementor-element elementor-element-9d3e33c elementor-widget elementor-widget-heading\" data-id=\"9d3e33c\" data-element_type=\"widget\" data-e-type=\"widget\" data-widget_type=\"heading.default\">\n\t\t\t\t<div class=\"elementor-widget-container\">\n\t\t\t\t\t<h1 class=\"elementor-heading-title elementor-size-default\">\u0110\u00e1nh gi\u00e1 c\u1ed9ng \u0111\u1ed3ng v\u1ec1 \u1ee9ng ph\u00f3 kh\u1ea9n c\u1ea5p y t\u1ebf c\u00f4ng c\u1ed9ng<\/h1>\t\t\t\t<\/div>\n\t\t\t\t<\/div>\n\t\t\t\t<div class=\"elementor-element elementor-element-65e268e elementor-widget elementor-widget-text-editor\" data-id=\"65e268e\" data-element_type=\"widget\" data-e-type=\"widget\" data-widget_type=\"text-editor.default\">\n\t\t\t\t<div class=\"elementor-widget-container\">\n\t\t\t\t\t\t\t\t\t<p>\u0110\u00e1nh gi\u00e1 C\u1ed9ng \u0111\u1ed3ng v\u1ec1 \u1ee8ng ph\u00f3 Kh\u1ea9n c\u1ea5p Y t\u1ebf C\u00f4ng c\u1ed9ng (CASPER) \u0111\u1ec1 c\u1eadp \u0111\u1ebfn s\u1ef1 chu\u1ea9n b\u1ecb s\u1eb5n s\u00e0ng cho c\u00e1c h\u1ed9 gia \u0111\u00ecnh \u1edf Qu\u1eadn Tulsa.<\/p>\t\t\t\t\t\t\t\t<\/div>\n\t\t\t\t<\/div>\n\t\t\t\t\t<\/div>\n\t\t<\/div>\n\t\t\t\t\t<\/div>\n\t\t<\/section>\n\t\t\t\t<section class=\"elementor-section elementor-top-section elementor-element elementor-element-9b99aa6 elementor-section-boxed elementor-section-height-default elementor-section-height-default\" data-id=\"9b99aa6\" data-element_type=\"section\" data-e-type=\"section\" data-settings=\"{&quot;background_background&quot;:&quot;classic&quot;}\">\n\t\t\t\t\t\t<div class=\"elementor-container elementor-column-gap-default\">\n\t\t\t\t\t<div class=\"elementor-column elementor-col-100 elementor-top-column elementor-element elementor-element-3e2ea09\" data-id=\"3e2ea09\" data-element_type=\"column\" data-e-type=\"column\">\n\t\t\t<div class=\"elementor-widget-wrap elementor-element-populated\">\n\t\t\t\t\t\t<div class=\"elementor-element elementor-element-8982b0b elementor-widget elementor-widget-text-editor\" data-id=\"8982b0b\" data-element_type=\"widget\" data-e-type=\"widget\" data-widget_type=\"text-editor.default\">\n\t\t\t\t<div class=\"elementor-widget-container\">\n\t\t\t\t\t\t\t\t\t<p>Oklahoma tr\u1ea3i qua nhi\u1ec1u lo\u1ea1i thi\u00ean tai bao g\u1ed3m gi\u00f4ng b\u00e3o, gi\u00f3 d\u1eef d\u1ed9i, l\u1ed1c xo\u00e1y, m\u01b0a \u0111\u00e1, l\u0169 l\u1ee5t, ch\u00e1y r\u1eebng, b\u00e3o m\u00f9a \u0111\u00f4ng v\u00e0 \u0111\u1ed9ng \u0111\u1ea5t c\u00f3 th\u1ec3 g\u00e2y ra t\u00ecnh tr\u1ea1ng nguy hi\u1ec3m. S\u1edf Y t\u1ebf Tulsa (THD), c\u00f9ng v\u1edbi <a href=\"https:\/\/www.okmrc.org\/\">Qu\u00e2n \u0111o\u00e0n D\u1ef1 b\u1ecb Y t\u1ebf Oklahoma (OKMRC)<\/a>\u00a0t\u00ecnh nguy\u1ec7n vi\u00ean, \u0111\u00e3 ti\u1ebfn h\u00e0nh \u0110\u00e1nh gi\u00e1 C\u1ed9ng \u0111\u1ed3ng v\u1ec1 \u1ee8ng ph\u00f3 Kh\u1ea9n c\u1ea5p Y t\u1ebf C\u00f4ng c\u1ed9ng (CASPER) v\u00e0o th\u00e1ng 10 n\u0103m 2018 trong kho\u1ea3ng th\u1eddi gian 11 ng\u00e0y.<\/p><p>CASPER \u0111\u00e3 \u0111\u00e1nh gi\u00e1 kh\u1ea3 n\u0103ng ph\u1ee5c h\u1ed3i ti\u1ec1m n\u0103ng c\u1ee7a c\u01b0 d\u00e2n Qu\u1eadn Tulsa trong tr\u01b0\u1eddng h\u1ee3p x\u1ea3y ra th\u1ea3m h\u1ecda b\u1eb1ng c\u00e1ch \u0111\u1eb7t c\u00e1c c\u00e2u h\u1ecfi m\u1ed9t c\u00e1ch chi\u1ebfn l\u01b0\u1ee3c c\u00f3 th\u1ec3 x\u00e1c \u0111\u1ecbnh nh\u1eefng l\u1ed7 h\u1ed5ng trong qu\u00e1 tr\u00ecnh chu\u1ea9n b\u1ecb. Kh\u1ea3 n\u0103ng ph\u1ee5c h\u1ed3i th\u01b0\u1eddng \u0111\u01b0\u1ee3c \u0111\u1ecbnh ngh\u0129a l\u00e0 kh\u1ea3 n\u0103ng d\u1ec5 b\u1ecb t\u1ed5n th\u01b0\u01a1ng c\u1ee7a m\u1ed9t c\u00e1 nh\u00e2n ho\u1eb7c d\u00e2n s\u1ed1 c\u1ed9ng v\u1edbi t\u00e1c \u0111\u1ed9ng c\u1ee7a th\u1ea3m h\u1ecda chia cho kh\u1ea3 n\u0103ng ph\u1ee5c h\u1ed3i ti\u1ec1m n\u0103ng. Th\u00f4ng tin h\u1ed9 gia \u0111\u00ecnh \u0111\u01b0\u1ee3c thu th\u1eadp th\u00f4ng qua cu\u1ed9c kh\u1ea3o s\u00e1t \u0111\u00e3 x\u00e1c \u0111\u1ecbnh c\u00e1c nhu c\u1ea7u quan tr\u1ecdng c\u1ee7a c\u01b0 d\u00e2n Qu\u1eadn Tulsa nh\u1eb1m c\u1ea3i thi\u1ec7n kh\u1ea3 n\u0103ng ph\u1ee5c h\u1ed3i khi g\u1eb7p th\u1ea3m h\u1ecda.<\/p>\t\t\t\t\t\t\t\t<\/div>\n\t\t\t\t<\/div>\n\t\t\t\t<div class=\"elementor-element elementor-element-b39245c elementor-widget elementor-widget-button\" data-id=\"b39245c\" data-element_type=\"widget\" data-e-type=\"widget\" data-widget_type=\"button.default\">\n\t\t\t\t<div class=\"elementor-widget-container\">\n\t\t\t\t\t\t\t\t\t<div class=\"elementor-button-wrapper\">\n\t\t\t\t\t<a class=\"elementor-button elementor-button-link elementor-size-sm\" href=\"\/wp-content\/uploads\/2023\/06\/CASPER-Final-Report.pdf\">\n\t\t\t\t\t\t<span class=\"elementor-button-content-wrapper\">\n\t\t\t\t\t\t\t\t\t<span class=\"elementor-button-text\">\u0110\u1ecdc b\u00e1o c\u00e1o \u0111\u1ea7y \u0111\u1ee7<\/span>\n\t\t\t\t\t<\/span>\n\t\t\t\t\t<\/a>\n\t\t\t\t<\/div>\n\t\t\t\t\t\t\t\t<\/div>\n\t\t\t\t<\/div>\n\t\t\t\t\t<\/div>\n\t\t<\/div>\n\t\t\t\t\t<\/div>\n\t\t<\/section>\n\t\t\t\t<section class=\"elementor-section elementor-top-section elementor-element elementor-element-cc4acaf elementor-section-full_width elementor-section-height-default elementor-section-height-default\" data-id=\"cc4acaf\" data-element_type=\"section\" data-e-type=\"section\">\n\t\t\t\t\t\t<div class=\"elementor-container elementor-column-gap-default\">\n\t\t\t\t\t<div class=\"elementor-column elementor-col-100 elementor-top-column elementor-element elementor-element-442c1d0\" data-id=\"442c1d0\" data-element_type=\"column\" data-e-type=\"column\">\n\t\t\t<div class=\"elementor-widget-wrap elementor-element-populated\">\n\t\t\t\t\t\t<div class=\"elementor-element elementor-element-bee3d86 elementor-widget elementor-widget-shortcode\" data-id=\"bee3d86\" data-element_type=\"widget\" data-e-type=\"widget\" data-widget_type=\"shortcode.default\">\n\t\t\t\t<div class=\"elementor-widget-container\">\n\t\t\t\t\t\t\t<div class=\"elementor-shortcode\">\t\t<div data-elementor-type=\"section\" data-elementor-id=\"4934\" class=\"elementor elementor-4934\" data-elementor-post-type=\"elementor_library\">\n\t\t\t\t\t<section class=\"elementor-section elementor-top-section elementor-element elementor-element-4469b59d elementor-section-stretched elementor-section-boxed elementor-section-height-default elementor-section-height-default\" data-id=\"4469b59d\" data-element_type=\"section\" data-e-type=\"section\" data-settings=\"{&quot;background_background&quot;:&quot;classic&quot;,&quot;stretch_section&quot;:&quot;section-stretched&quot;}\">\n\t\t\t\t\t\t\t<div class=\"elementor-background-overlay\"><\/div>\n\t\t\t\t\t\t\t<div class=\"elementor-container elementor-column-gap-default\">\n\t\t\t\t\t<div class=\"elementor-column elementor-col-100 elementor-top-column elementor-element elementor-element-615ea353\" data-id=\"615ea353\" data-element_type=\"column\" data-e-type=\"column\">\n\t\t\t<div class=\"elementor-widget-wrap elementor-element-populated\">\n\t\t\t\t\t\t<div class=\"elementor-element elementor-element-bdb2691 elementor-widget elementor-widget-heading\" data-id=\"bdb2691\" data-element_type=\"widget\" data-e-type=\"widget\" data-widget_type=\"heading.default\">\n\t\t\t\t<div class=\"elementor-widget-container\">\n\t\t\t\t\t<h5 class=\"elementor-heading-title elementor-size-default\">\u0110\u1ecaA \u0110I\u1ec2M<\/h5>\t\t\t\t<\/div>\n\t\t\t\t<\/div>\n\t\t\t\t<div class=\"elementor-element elementor-element-00f74f9 elementor-widget elementor-widget-text-editor\" data-id=\"00f74f9\" data-element_type=\"widget\" data-e-type=\"widget\" data-widget_type=\"text-editor.default\">\n\t\t\t\t<div class=\"elementor-widget-container\">\n\t\t\t\t\t\t\t\t\t<p>Ch\u00fang t\u00f4i c\u00f3 9 c\u01a1 s\u1edf tr\u00ean kh\u1eafp Qu\u1eadn Tulsa cung c\u1ea5p nhi\u1ec1u d\u1ecbch v\u1ee5 kh\u00e1c nhau \u0111\u1ec3 gi\u00fap b\u1ea1n v\u00e0 gia \u0111\u00ecnh lu\u00f4n kh\u1ecfe m\u1ea1nh.<\/p>\t\t\t\t\t\t\t\t<\/div>\n\t\t\t\t<\/div>\n\t\t\t\t<div class=\"elementor-element elementor-element-fd63501 elementor-align-center secondary elementor-widget elementor-widget-button\" data-id=\"fd63501\" data-element_type=\"widget\" data-e-type=\"widget\" data-widget_type=\"button.default\">\n\t\t\t\t<div class=\"elementor-widget-container\">\n\t\t\t\t\t\t\t\t\t<div class=\"elementor-button-wrapper\">\n\t\t\t\t\t<a class=\"elementor-button elementor-button-link elementor-size-sm\" href=\"\/vi\/locations\/\">\n\t\t\t\t\t\t<span class=\"elementor-button-content-wrapper\">\n\t\t\t\t\t\t\t\t\t<span class=\"elementor-button-text\">T\u00ecm c\u1ee7a b\u1ea1n<\/span>\n\t\t\t\t\t<\/span>\n\t\t\t\t\t<\/a>\n\t\t\t\t<\/div>\n\t\t\t\t\t\t\t\t<\/div>\n\t\t\t\t<\/div>\n\t\t\t\t\t<\/div>\n\t\t<\/div>\n\t\t\t\t\t<\/div>\n\t\t<\/section>\n\t\t\t\t<\/div>\n\t\t<\/div>\n\t\t\t\t\t\t<\/div>\n\t\t\t\t<\/div>\n\t\t\t\t\t<\/div>\n\t\t<\/div>\n\t\t\t\t\t<\/div>\n\t\t<\/section>\n\t\t\t\t<\/div>","protected":false},"excerpt":{"rendered":"<p>Community Assessment for Public Health Emergency Response The Community Assessment for Public Health Emergency Response (CASPER) addresses Tulsa County household preparedness. Oklahoma experiences a wide range of natural disasters including thunderstorms, damaging winds, tornadoes, hail, flooding, wildfires, winter storms and earthquakes that can cause hazardous conditions. The Tulsa Health Department (THD), along with Oklahoma Medical [&hellip;]<\/p>\n","protected":false},"author":1,"featured_media":9897,"parent":641,"menu_order":0,"comment_status":"closed","ping_status":"closed","template":"elementor_header_footer","meta":{"_acf_changed":false,"footnotes":""},"class_list":["post-6909","page","type-page","status-publish","has-post-thumbnail","hentry"],"acf":[],"yoast_head":"<!-- This site is optimized with the Yoast SEO plugin v27.3 - https:\/\/yoast.com\/product\/yoast-seo-wordpress\/ -->\n<title>Community Assessment for Public Health Emergency Response - Tulsa Health Department<\/title>\n<meta name=\"description\" content=\"The Community Assessment for Public Health Emergency Response (CASPER) addresses Tulsa County household preparedness.\" \/>\n<meta name=\"robots\" content=\"index, follow, max-snippet:-1, max-image-preview:large, max-video-preview:-1\" \/>\n<link rel=\"canonical\" href=\"https:\/\/tulsa-health.org\/vi\/programs\/community-assessment-for-public-health-emergency-response\/\" \/>\n<meta property=\"og:locale\" content=\"vi_VN\" \/>\n<meta property=\"og:type\" content=\"article\" \/>\n<meta property=\"og:title\" content=\"Community Assessment for Public Health Emergency Response - Tulsa Health Department\" \/>\n<meta property=\"og:description\" content=\"The Community Assessment for Public Health Emergency Response (CASPER) addresses Tulsa County household preparedness.\" \/>\n<meta property=\"og:url\" content=\"https:\/\/tulsa-health.org\/vi\/programs\/community-assessment-for-public-health-emergency-response\/\" \/>\n<meta property=\"og:site_name\" content=\"Tulsa Health Department\" \/>\n<meta property=\"article:modified_time\" content=\"2023-12-20T22:41:13+00:00\" \/>\n<meta property=\"og:image\" content=\"https:\/\/tulsa-health.org\/wp-content\/uploads\/2023\/07\/IMG_5598.jpg\" \/>\n\t<meta property=\"og:image:width\" content=\"1800\" \/>\n\t<meta property=\"og:image:height\" content=\"1200\" \/>\n\t<meta property=\"og:image:type\" content=\"image\/jpeg\" \/>\n<meta name=\"twitter:card\" content=\"summary_large_image\" \/>\n<meta name=\"twitter:label1\" content=\"\u01af\u1edbc t\u00ednh th\u1eddi gian \u0111\u1ecdc\" \/>\n\t<meta name=\"twitter:data1\" content=\"1 ph\u00fat\" \/>\n<script type=\"application\/ld+json\" class=\"yoast-schema-graph\">{\"@context\":\"https:\\\/\\\/schema.org\",\"@graph\":[{\"@type\":\"WebPage\",\"@id\":\"https:\\\/\\\/tulsa-health.org\\\/programs\\\/community-assessment-for-public-health-emergency-response\\\/\",\"url\":\"https:\\\/\\\/tulsa-health.org\\\/programs\\\/community-assessment-for-public-health-emergency-response\\\/\",\"name\":\"Community Assessment for Public Health Emergency Response - Tulsa Health Department\",\"isPartOf\":{\"@id\":\"https:\\\/\\\/tulsa-health.org\\\/es\\\/#website\"},\"primaryImageOfPage\":{\"@id\":\"https:\\\/\\\/tulsa-health.org\\\/programs\\\/community-assessment-for-public-health-emergency-response\\\/#primaryimage\"},\"image\":{\"@id\":\"https:\\\/\\\/tulsa-health.org\\\/programs\\\/community-assessment-for-public-health-emergency-response\\\/#primaryimage\"},\"thumbnailUrl\":\"https:\\\/\\\/tulsa-health.org\\\/wp-content\\\/uploads\\\/2023\\\/07\\\/IMG_5598.jpg\",\"datePublished\":\"2023-06-27T21:04:44+00:00\",\"dateModified\":\"2023-12-20T22:41:13+00:00\",\"description\":\"The Community Assessment for Public Health Emergency Response (CASPER) addresses Tulsa County household preparedness.\",\"breadcrumb\":{\"@id\":\"https:\\\/\\\/tulsa-health.org\\\/programs\\\/community-assessment-for-public-health-emergency-response\\\/#breadcrumb\"},\"inLanguage\":\"vi\",\"potentialAction\":[{\"@type\":\"ReadAction\",\"target\":[\"https:\\\/\\\/tulsa-health.org\\\/programs\\\/community-assessment-for-public-health-emergency-response\\\/\"]}]},{\"@type\":\"ImageObject\",\"inLanguage\":\"vi\",\"@id\":\"https:\\\/\\\/tulsa-health.org\\\/programs\\\/community-assessment-for-public-health-emergency-response\\\/#primaryimage\",\"url\":\"https:\\\/\\\/tulsa-health.org\\\/wp-content\\\/uploads\\\/2023\\\/07\\\/IMG_5598.jpg\",\"contentUrl\":\"https:\\\/\\\/tulsa-health.org\\\/wp-content\\\/uploads\\\/2023\\\/07\\\/IMG_5598.jpg\",\"width\":1800,\"height\":1200,\"caption\":\"THD staff and nurses at a table\"},{\"@type\":\"BreadcrumbList\",\"@id\":\"https:\\\/\\\/tulsa-health.org\\\/programs\\\/community-assessment-for-public-health-emergency-response\\\/#breadcrumb\",\"itemListElement\":[{\"@type\":\"ListItem\",\"position\":1,\"name\":\"Home\",\"item\":\"https:\\\/\\\/tulsa-health.org\\\/\"},{\"@type\":\"ListItem\",\"position\":2,\"name\":\"Community Programs\",\"item\":\"https:\\\/\\\/tulsa-health.org\\\/programs\\\/\"},{\"@type\":\"ListItem\",\"position\":3,\"name\":\"Community Assessment for Public Health Emergency Response\"}]},{\"@type\":\"WebSite\",\"@id\":\"https:\\\/\\\/tulsa-health.org\\\/es\\\/#website\",\"url\":\"https:\\\/\\\/tulsa-health.org\\\/es\\\/\",\"name\":\"Tulsa Health Department\",\"description\":\"Clinical Services, Immunizations, Permits and More | Tulsa Health Department\",\"potentialAction\":[{\"@type\":\"SearchAction\",\"target\":{\"@type\":\"EntryPoint\",\"urlTemplate\":\"https:\\\/\\\/tulsa-health.org\\\/es\\\/?s={search_term_string}\"},\"query-input\":{\"@type\":\"PropertyValueSpecification\",\"valueRequired\":true,\"valueName\":\"search_term_string\"}}],\"inLanguage\":\"vi\"}]}<\/script>\n<!-- \/ Yoast SEO plugin. -->","yoast_head_json":{"title":"\u0110\u00e1nh gi\u00e1 c\u1ed9ng \u0111\u1ed3ng \u0111\u1ec3 \u1ee9ng ph\u00f3 kh\u1ea9n c\u1ea5p v\u1edbi s\u1ee9c kh\u1ecfe c\u1ed9ng \u0111\u1ed3ng - S\u1edf Y t\u1ebf Tulsa","description":"\u0110\u00e1nh gi\u00e1 C\u1ed9ng \u0111\u1ed3ng v\u1ec1 \u1ee8ng ph\u00f3 Kh\u1ea9n c\u1ea5p Y t\u1ebf C\u00f4ng c\u1ed9ng (CASPER) \u0111\u1ec1 c\u1eadp \u0111\u1ebfn s\u1ef1 chu\u1ea9n b\u1ecb s\u1eb5n s\u00e0ng cho c\u00e1c h\u1ed9 gia \u0111\u00ecnh \u1edf Qu\u1eadn Tulsa.","robots":{"index":"index","follow":"follow","max-snippet":"max-snippet:-1","max-image-preview":"max-image-preview:large","max-video-preview":"max-video-preview:-1"},"canonical":"https:\/\/tulsa-health.org\/vi\/programs\/community-assessment-for-public-health-emergency-response\/","og_locale":"vi_VN","og_type":"article","og_title":"Community Assessment for Public Health Emergency Response - Tulsa Health Department","og_description":"The Community Assessment for Public Health Emergency Response (CASPER) addresses Tulsa County household preparedness.","og_url":"https:\/\/tulsa-health.org\/vi\/programs\/community-assessment-for-public-health-emergency-response\/","og_site_name":"Tulsa Health Department","article_modified_time":"2023-12-20T22:41:13+00:00","og_image":[{"width":1800,"height":1200,"url":"https:\/\/tulsa-health.org\/wp-content\/uploads\/2023\/07\/IMG_5598.jpg","type":"image\/jpeg"}],"twitter_card":"summary_large_image","twitter_misc":{"\u01af\u1edbc t\u00ednh th\u1eddi gian \u0111\u1ecdc":"1 ph\u00fat"},"schema":{"@context":"https:\/\/schema.org","@graph":[{"@type":"WebPage","@id":"https:\/\/tulsa-health.org\/programs\/community-assessment-for-public-health-emergency-response\/","url":"https:\/\/tulsa-health.org\/programs\/community-assessment-for-public-health-emergency-response\/","name":"\u0110\u00e1nh gi\u00e1 c\u1ed9ng \u0111\u1ed3ng \u0111\u1ec3 \u1ee9ng ph\u00f3 kh\u1ea9n c\u1ea5p v\u1edbi s\u1ee9c kh\u1ecfe c\u1ed9ng \u0111\u1ed3ng - S\u1edf Y t\u1ebf Tulsa","isPartOf":{"@id":"https:\/\/tulsa-health.org\/es\/#website"},"primaryImageOfPage":{"@id":"https:\/\/tulsa-health.org\/programs\/community-assessment-for-public-health-emergency-response\/#primaryimage"},"image":{"@id":"https:\/\/tulsa-health.org\/programs\/community-assessment-for-public-health-emergency-response\/#primaryimage"},"thumbnailUrl":"https:\/\/tulsa-health.org\/wp-content\/uploads\/2023\/07\/IMG_5598.jpg","datePublished":"2023-06-27T21:04:44+00:00","dateModified":"2023-12-20T22:41:13+00:00","description":"\u0110\u00e1nh gi\u00e1 C\u1ed9ng \u0111\u1ed3ng v\u1ec1 \u1ee8ng ph\u00f3 Kh\u1ea9n c\u1ea5p Y t\u1ebf C\u00f4ng c\u1ed9ng (CASPER) \u0111\u1ec1 c\u1eadp \u0111\u1ebfn s\u1ef1 chu\u1ea9n b\u1ecb s\u1eb5n s\u00e0ng cho c\u00e1c h\u1ed9 gia \u0111\u00ecnh \u1edf Qu\u1eadn Tulsa.","breadcrumb":{"@id":"https:\/\/tulsa-health.org\/programs\/community-assessment-for-public-health-emergency-response\/#breadcrumb"},"inLanguage":"vi","potentialAction":[{"@type":"ReadAction","target":["https:\/\/tulsa-health.org\/programs\/community-assessment-for-public-health-emergency-response\/"]}]},{"@type":"ImageObject","inLanguage":"vi","@id":"https:\/\/tulsa-health.org\/programs\/community-assessment-for-public-health-emergency-response\/#primaryimage","url":"https:\/\/tulsa-health.org\/wp-content\/uploads\/2023\/07\/IMG_5598.jpg","contentUrl":"https:\/\/tulsa-health.org\/wp-content\/uploads\/2023\/07\/IMG_5598.jpg","width":1800,"height":1200,"caption":"THD staff and nurses at a table"},{"@type":"BreadcrumbList","@id":"https:\/\/tulsa-health.org\/programs\/community-assessment-for-public-health-emergency-response\/#breadcrumb","itemListElement":[{"@type":"ListItem","position":1,"name":"Home","item":"https:\/\/tulsa-health.org\/"},{"@type":"ListItem","position":2,"name":"Community Programs","item":"https:\/\/tulsa-health.org\/programs\/"},{"@type":"ListItem","position":3,"name":"Community Assessment for Public Health Emergency Response"}]},{"@type":"WebSite","@id":"https:\/\/tulsa-health.org\/es\/#website","url":"https:\/\/tulsa-health.org\/es\/","name":"S\u1edf Y t\u1ebf Tulsa","description":"D\u1ecbch v\u1ee5 l\u00e2m s\u00e0ng, ti\u00eam ch\u1ee7ng, gi\u1ea5y ph\u00e9p v\u00e0 nhi\u1ec1u h\u01a1n n\u1eefa | S\u1edf Y t\u1ebf Tulsa","potentialAction":[{"@type":"SearchAction","target":{"@type":"EntryPoint","urlTemplate":"https:\/\/tulsa-health.org\/es\/?s={search_term_string}"},"query-input":{"@type":"PropertyValueSpecification","valueRequired":true,"valueName":"search_term_string"}}],"inLanguage":"vi"}]}},"publishpress_future_workflow_manual_trigger":{"enabledWorkflows":[]},"_links":{"self":[{"href":"https:\/\/tulsa-health.org\/vi\/wp-json\/wp\/v2\/pages\/6909","targetHints":{"allow":["GET"]}}],"collection":[{"href":"https:\/\/tulsa-health.org\/vi\/wp-json\/wp\/v2\/pages"}],"about":[{"href":"https:\/\/tulsa-health.org\/vi\/wp-json\/wp\/v2\/types\/page"}],"author":[{"embeddable":true,"href":"https:\/\/tulsa-health.org\/vi\/wp-json\/wp\/v2\/users\/1"}],"replies":[{"embeddable":true,"href":"https:\/\/tulsa-health.org\/vi\/wp-json\/wp\/v2\/comments?post=6909"}],"version-history":[{"count":0,"href":"https:\/\/tulsa-health.org\/vi\/wp-json\/wp\/v2\/pages\/6909\/revisions"}],"up":[{"embeddable":true,"href":"https:\/\/tulsa-health.org\/vi\/wp-json\/wp\/v2\/pages\/641"}],"wp:featuredmedia":[{"embeddable":true,"href":"https:\/\/tulsa-health.org\/vi\/wp-json\/wp\/v2\/media\/9897"}],"wp:attachment":[{"href":"https:\/\/tulsa-health.org\/vi\/wp-json\/wp\/v2\/media?parent=6909"}],"curies":[{"name":"wp","href":"https:\/\/api.w.org\/{rel}","templated":true}]}}