{"id":8977,"date":"2023-06-29T09:20:46","date_gmt":"2023-06-29T14:20:46","guid":{"rendered":"https:\/\/test.tulsa-health.org\/?page_id=8977"},"modified":"2023-12-20T17:49:10","modified_gmt":"2023-12-20T23:49:10","slug":"tulsa-neighborwalk-join-a-group","status":"publish","type":"page","link":"https:\/\/tulsa-health.org\/vi\/forms\/tulsa-neighborwalk-join-a-group\/","title":{"rendered":"Tulsa Neighborwalk Tham gia m\u1ed9t nh\u00f3m"},"content":{"rendered":"<div data-elementor-type=\"wp-page\" data-elementor-id=\"8977\" class=\"elementor elementor-8977\" data-elementor-post-type=\"page\">\n\t\t\t\t\t\t<section class=\"elementor-section elementor-top-section elementor-element elementor-element-bd818ef elementor-section-boxed elementor-section-height-default elementor-section-height-default\" data-id=\"bd818ef\" data-element_type=\"section\" data-e-type=\"section\" data-settings=\"{&quot;background_background&quot;:&quot;classic&quot;}\">\n\t\t\t\t\t\t<div class=\"elementor-container elementor-column-gap-default\">\n\t\t\t\t\t<div class=\"elementor-column elementor-col-100 elementor-top-column elementor-element elementor-element-40ea984\" data-id=\"40ea984\" data-element_type=\"column\" data-e-type=\"column\">\n\t\t\t<div class=\"elementor-widget-wrap elementor-element-populated\">\n\t\t\t\t\t\t<div class=\"elementor-element elementor-element-ea0c842 elementor-widget elementor-widget-heading\" data-id=\"ea0c842\" data-element_type=\"widget\" data-e-type=\"widget\" data-widget_type=\"heading.default\">\n\t\t\t\t<div class=\"elementor-widget-container\">\n\t\t\t\t\t<h1 class=\"elementor-heading-title elementor-size-default\">\u0110\u0103ng k\u00fd Tulsa Neighborwalk<\/h1>\t\t\t\t<\/div>\n\t\t\t\t<\/div>\n\t\t\t\t\t<\/div>\n\t\t<\/div>\n\t\t\t\t\t<\/div>\n\t\t<\/section>\n\t\t\t\t<section class=\"elementor-section elementor-top-section elementor-element elementor-element-e2e13d7 elementor-section-boxed elementor-section-height-default elementor-section-height-default\" data-id=\"e2e13d7\" data-element_type=\"section\" data-e-type=\"section\" data-settings=\"{&quot;background_background&quot;:&quot;classic&quot;}\">\n\t\t\t\t\t\t<div class=\"elementor-container elementor-column-gap-default\">\n\t\t\t\t\t<div class=\"elementor-column elementor-col-100 elementor-top-column elementor-element elementor-element-d468bbb\" data-id=\"d468bbb\" data-element_type=\"column\" data-e-type=\"column\">\n\t\t\t<div class=\"elementor-widget-wrap elementor-element-populated\">\n\t\t\t\t\t\t<div class=\"elementor-element elementor-element-a7b1831 elementor-widget elementor-widget-text-editor\" data-id=\"a7b1831\" data-element_type=\"widget\" data-e-type=\"widget\" data-widget_type=\"text-editor.default\">\n\t\t\t\t<div class=\"elementor-widget-container\">\n\t\t\t\t\t\t\t\t\t<p>Duy tr\u00ec ho\u1ea1t \u0111\u1ed9ng th\u1ec3 ch\u1ea5t l\u00e0 ch\u00eca kh\u00f3a cho m\u1ed9t l\u1ed1i s\u1ed1ng l\u00e0nh m\u1ea1nh. Nh\u01b0ng n\u1ebfu \u0111\u00e3 l\u00e2u b\u1ea1n ch\u01b0a t\u1eadp th\u1ec3 d\u1ee5c v\u00e0 b\u1ea1n c\u00f3 v\u1ea5n \u0111\u1ec1 ho\u1eb7c lo l\u1eafng v\u1ec1 s\u1ee9c kh\u1ecfe, b\u1ea1n n\u00ean ki\u1ec3m tra v\u1edbi b\u00e1c s\u0129 tr\u01b0\u1edbc khi b\u1eaft \u0111\u1ea7u m\u1ed9t th\u00f3i quen t\u1eadp th\u1ec3 d\u1ee5c m\u1edbi.<\/p>\t\t\t\t\t\t\t\t<\/div>\n\t\t\t\t<\/div>\n\t\t\t\t<div class=\"elementor-element elementor-element-1a5b259 elementor-widget elementor-widget-shortcode\" data-id=\"1a5b259\" data-element_type=\"widget\" data-e-type=\"widget\" data-widget_type=\"shortcode.default\">\n\t\t\t\t<div class=\"elementor-widget-container\">\n\t\t\t\t\t\t\t<div class=\"elementor-shortcode\"><\/div>\n\t\t\t\t\t\t<\/div>\n\t\t\t\t<\/div>\n\t\t\t\t\t<\/div>\n\t\t<\/div>\n\t\t\t\t\t<\/div>\n\t\t<\/section>\n\t\t\t\t<section class=\"elementor-section elementor-top-section elementor-element elementor-element-a501985 elementor-section-full_width elementor-section-height-default elementor-section-height-default\" data-id=\"a501985\" data-element_type=\"section\" data-e-type=\"section\">\n\t\t\t\t\t\t<div class=\"elementor-container elementor-column-gap-default\">\n\t\t\t\t\t<div class=\"elementor-column elementor-col-100 elementor-top-column elementor-element elementor-element-557750c\" data-id=\"557750c\" data-element_type=\"column\" data-e-type=\"column\">\n\t\t\t<div class=\"elementor-widget-wrap elementor-element-populated\">\n\t\t\t\t\t\t<div class=\"elementor-element elementor-element-7c2cd51 elementor-widget elementor-widget-shortcode\" data-id=\"7c2cd51\" data-element_type=\"widget\" data-e-type=\"widget\" data-widget_type=\"shortcode.default\">\n\t\t\t\t<div class=\"elementor-widget-container\">\n\t\t\t\t\t\t\t<div class=\"elementor-shortcode\">\t\t<div data-elementor-type=\"section\" data-elementor-id=\"4934\" class=\"elementor elementor-4934\" data-elementor-post-type=\"elementor_library\">\n\t\t\t\t\t<section class=\"elementor-section elementor-top-section elementor-element elementor-element-4469b59d elementor-section-stretched elementor-section-boxed elementor-section-height-default elementor-section-height-default\" data-id=\"4469b59d\" data-element_type=\"section\" data-e-type=\"section\" data-settings=\"{&quot;background_background&quot;:&quot;classic&quot;,&quot;stretch_section&quot;:&quot;section-stretched&quot;}\">\n\t\t\t\t\t\t\t<div class=\"elementor-background-overlay\"><\/div>\n\t\t\t\t\t\t\t<div class=\"elementor-container elementor-column-gap-default\">\n\t\t\t\t\t<div class=\"elementor-column elementor-col-100 elementor-top-column elementor-element elementor-element-615ea353\" data-id=\"615ea353\" data-element_type=\"column\" data-e-type=\"column\">\n\t\t\t<div class=\"elementor-widget-wrap elementor-element-populated\">\n\t\t\t\t\t\t<div class=\"elementor-element elementor-element-bdb2691 elementor-widget elementor-widget-heading\" data-id=\"bdb2691\" data-element_type=\"widget\" data-e-type=\"widget\" data-widget_type=\"heading.default\">\n\t\t\t\t<div class=\"elementor-widget-container\">\n\t\t\t\t\t<h5 class=\"elementor-heading-title elementor-size-default\">\u0110\u1ecaA \u0110I\u1ec2M<\/h5>\t\t\t\t<\/div>\n\t\t\t\t<\/div>\n\t\t\t\t<div class=\"elementor-element elementor-element-00f74f9 elementor-widget elementor-widget-text-editor\" data-id=\"00f74f9\" data-element_type=\"widget\" data-e-type=\"widget\" data-widget_type=\"text-editor.default\">\n\t\t\t\t<div class=\"elementor-widget-container\">\n\t\t\t\t\t\t\t\t\t<p>Ch\u00fang t\u00f4i c\u00f3 9 c\u01a1 s\u1edf tr\u00ean kh\u1eafp Qu\u1eadn Tulsa cung c\u1ea5p nhi\u1ec1u d\u1ecbch v\u1ee5 kh\u00e1c nhau \u0111\u1ec3 gi\u00fap b\u1ea1n v\u00e0 gia \u0111\u00ecnh lu\u00f4n kh\u1ecfe m\u1ea1nh.<\/p>\t\t\t\t\t\t\t\t<\/div>\n\t\t\t\t<\/div>\n\t\t\t\t<div class=\"elementor-element elementor-element-fd63501 elementor-align-center secondary elementor-widget elementor-widget-button\" data-id=\"fd63501\" data-element_type=\"widget\" data-e-type=\"widget\" data-widget_type=\"button.default\">\n\t\t\t\t<div class=\"elementor-widget-container\">\n\t\t\t\t\t\t\t\t\t<div class=\"elementor-button-wrapper\">\n\t\t\t\t\t<a class=\"elementor-button elementor-button-link elementor-size-sm\" href=\"\/vi\/locations\/\">\n\t\t\t\t\t\t<span class=\"elementor-button-content-wrapper\">\n\t\t\t\t\t\t\t\t\t<span class=\"elementor-button-text\">T\u00ecm c\u1ee7a b\u1ea1n<\/span>\n\t\t\t\t\t<\/span>\n\t\t\t\t\t<\/a>\n\t\t\t\t<\/div>\n\t\t\t\t\t\t\t\t<\/div>\n\t\t\t\t<\/div>\n\t\t\t\t\t<\/div>\n\t\t<\/div>\n\t\t\t\t\t<\/div>\n\t\t<\/section>\n\t\t\t\t<\/div>\n\t\t<\/div>\n\t\t\t\t\t\t<\/div>\n\t\t\t\t<\/div>\n\t\t\t\t\t<\/div>\n\t\t<\/div>\n\t\t\t\t\t<\/div>\n\t\t<\/section>\n\t\t\t\t<\/div>","protected":false},"excerpt":{"rendered":"<p>Register for Tulsa Neighborwalk Staying physically active is key to a healthy lifestyle. But if it&#8217;s been awhile since you&#8217;ve exercised and you have health issues or concerns, it&#8217;s a good idea to check with your doctor before starting a new exercise routine.<\/p>","protected":false},"author":1,"featured_media":9732,"parent":8843,"menu_order":0,"comment_status":"closed","ping_status":"closed","template":"","meta":{"_acf_changed":false,"footnotes":""},"class_list":["post-8977","page","type-page","status-publish","has-post-thumbnail","hentry"],"acf":[],"yoast_head":"<!-- This site is optimized with the Yoast SEO plugin v27.4 - https:\/\/yoast.com\/product\/yoast-seo-wordpress\/ -->\n<title>Tulsa Neighborwalk Join a Group - Tulsa Health Department<\/title>\n<meta name=\"description\" content=\"Staying physically active is key to a healthy lifestyle. But if it&#039;s been awhile since you&#039;ve exercised and you have health issues or concerns, it&#039;s a good idea to check with your doctor before starting a new exercise routine.\" \/>\n<meta name=\"robots\" content=\"index, follow, max-snippet:-1, max-image-preview:large, max-video-preview:-1\" \/>\n<link rel=\"canonical\" href=\"https:\/\/tulsa-health.org\/vi\/forms\/tulsa-neighborwalk-join-a-group\/\" \/>\n<meta property=\"og:locale\" content=\"vi_VN\" \/>\n<meta property=\"og:type\" content=\"article\" \/>\n<meta property=\"og:title\" content=\"Tulsa Neighborwalk Join a Group - Tulsa Health Department\" \/>\n<meta property=\"og:description\" content=\"Staying physically active is key to a healthy lifestyle. But if it&#039;s been awhile since you&#039;ve exercised and you have health issues or concerns, it&#039;s a good idea to check with your doctor before starting a new exercise routine.\" \/>\n<meta property=\"og:url\" content=\"https:\/\/tulsa-health.org\/vi\/forms\/tulsa-neighborwalk-join-a-group\/\" \/>\n<meta property=\"og:site_name\" content=\"Tulsa Health Department\" \/>\n<meta property=\"article:modified_time\" content=\"2023-12-20T23:49:10+00:00\" \/>\n<meta property=\"og:image\" content=\"https:\/\/tulsa-health.org\/wp-content\/uploads\/2023\/07\/neighborwalk.jpg\" \/>\n\t<meta property=\"og:image:width\" content=\"2121\" \/>\n\t<meta property=\"og:image:height\" content=\"1414\" \/>\n\t<meta property=\"og:image:type\" content=\"image\/jpeg\" \/>\n<meta name=\"twitter:card\" content=\"summary_large_image\" \/>\n<meta name=\"twitter:label1\" content=\"\u01af\u1edbc t\u00ednh th\u1eddi gian \u0111\u1ecdc\" \/>\n\t<meta name=\"twitter:data1\" content=\"1 ph\u00fat\" \/>\n<script type=\"application\/ld+json\" class=\"yoast-schema-graph\">{\"@context\":\"https:\\\/\\\/schema.org\",\"@graph\":[{\"@type\":\"WebPage\",\"@id\":\"https:\\\/\\\/tulsa-health.org\\\/forms\\\/tulsa-neighborwalk-join-a-group\\\/\",\"url\":\"https:\\\/\\\/tulsa-health.org\\\/forms\\\/tulsa-neighborwalk-join-a-group\\\/\",\"name\":\"Tulsa Neighborwalk Join a Group - Tulsa Health Department\",\"isPartOf\":{\"@id\":\"https:\\\/\\\/tulsa-health.org\\\/es\\\/#website\"},\"primaryImageOfPage\":{\"@id\":\"https:\\\/\\\/tulsa-health.org\\\/forms\\\/tulsa-neighborwalk-join-a-group\\\/#primaryimage\"},\"image\":{\"@id\":\"https:\\\/\\\/tulsa-health.org\\\/forms\\\/tulsa-neighborwalk-join-a-group\\\/#primaryimage\"},\"thumbnailUrl\":\"https:\\\/\\\/tulsa-health.org\\\/wp-content\\\/uploads\\\/2023\\\/07\\\/neighborwalk.jpg\",\"datePublished\":\"2023-06-29T14:20:46+00:00\",\"dateModified\":\"2023-12-20T23:49:10+00:00\",\"description\":\"Staying physically active is key to a healthy lifestyle. But if it's been awhile since you've exercised and you have health issues or concerns, it's a good idea to check with your doctor before starting a new exercise routine.\",\"breadcrumb\":{\"@id\":\"https:\\\/\\\/tulsa-health.org\\\/forms\\\/tulsa-neighborwalk-join-a-group\\\/#breadcrumb\"},\"inLanguage\":\"vi\",\"potentialAction\":[{\"@type\":\"ReadAction\",\"target\":[\"https:\\\/\\\/tulsa-health.org\\\/forms\\\/tulsa-neighborwalk-join-a-group\\\/\"]}]},{\"@type\":\"ImageObject\",\"inLanguage\":\"vi\",\"@id\":\"https:\\\/\\\/tulsa-health.org\\\/forms\\\/tulsa-neighborwalk-join-a-group\\\/#primaryimage\",\"url\":\"https:\\\/\\\/tulsa-health.org\\\/wp-content\\\/uploads\\\/2023\\\/07\\\/neighborwalk.jpg\",\"contentUrl\":\"https:\\\/\\\/tulsa-health.org\\\/wp-content\\\/uploads\\\/2023\\\/07\\\/neighborwalk.jpg\",\"width\":2121,\"height\":1414,\"caption\":\"A multi-ethnic group of senior adults are walking together on a trail through the park.\"},{\"@type\":\"BreadcrumbList\",\"@id\":\"https:\\\/\\\/tulsa-health.org\\\/forms\\\/tulsa-neighborwalk-join-a-group\\\/#breadcrumb\",\"itemListElement\":[{\"@type\":\"ListItem\",\"position\":1,\"name\":\"Home\",\"item\":\"https:\\\/\\\/tulsa-health.org\\\/\"},{\"@type\":\"ListItem\",\"position\":2,\"name\":\"Forms\",\"item\":\"https:\\\/\\\/tulsa-health.org\\\/forms\\\/\"},{\"@type\":\"ListItem\",\"position\":3,\"name\":\"Tulsa Neighborwalk Join a Group\"}]},{\"@type\":\"WebSite\",\"@id\":\"https:\\\/\\\/tulsa-health.org\\\/es\\\/#website\",\"url\":\"https:\\\/\\\/tulsa-health.org\\\/es\\\/\",\"name\":\"Tulsa Health Department\",\"description\":\"Clinical Services, Immunizations, Permits and More | Tulsa Health Department\",\"potentialAction\":[{\"@type\":\"SearchAction\",\"target\":{\"@type\":\"EntryPoint\",\"urlTemplate\":\"https:\\\/\\\/tulsa-health.org\\\/es\\\/?s={search_term_string}\"},\"query-input\":{\"@type\":\"PropertyValueSpecification\",\"valueRequired\":true,\"valueName\":\"search_term_string\"}}],\"inLanguage\":\"vi\"}]}<\/script>\n<!-- \/ Yoast SEO plugin. -->","yoast_head_json":{"title":"Tulsa Neighborwalk Join a Group - Tulsa Health Department","description":"Duy tr\u00ec ho\u1ea1t \u0111\u1ed9ng th\u1ec3 ch\u1ea5t l\u00e0 ch\u00eca kh\u00f3a cho m\u1ed9t l\u1ed1i s\u1ed1ng l\u00e0nh m\u1ea1nh. Nh\u01b0ng n\u1ebfu \u0111\u00e3 l\u00e2u b\u1ea1n ch\u01b0a t\u1eadp th\u1ec3 d\u1ee5c v\u00e0 b\u1ea1n c\u00f3 v\u1ea5n \u0111\u1ec1 ho\u1eb7c lo ng\u1ea1i v\u1ec1 s\u1ee9c kh\u1ecfe, b\u1ea1n n\u00ean ki\u1ec3m tra v\u1edbi b\u00e1c s\u0129 tr\u01b0\u1edbc khi b\u1eaft \u0111\u1ea7u m\u1ed9t th\u00f3i quen t\u1eadp th\u1ec3 d\u1ee5c m\u1edbi.","robots":{"index":"index","follow":"follow","max-snippet":"max-snippet:-1","max-image-preview":"max-image-preview:large","max-video-preview":"max-video-preview:-1"},"canonical":"https:\/\/tulsa-health.org\/vi\/forms\/tulsa-neighborwalk-join-a-group\/","og_locale":"vi_VN","og_type":"article","og_title":"Tulsa Neighborwalk Join a Group - Tulsa Health Department","og_description":"Staying physically active is key to a healthy lifestyle. But if it's been awhile since you've exercised and you have health issues or concerns, it's a good idea to check with your doctor before starting a new exercise routine.","og_url":"https:\/\/tulsa-health.org\/vi\/forms\/tulsa-neighborwalk-join-a-group\/","og_site_name":"Tulsa Health Department","article_modified_time":"2023-12-20T23:49:10+00:00","og_image":[{"width":2121,"height":1414,"url":"https:\/\/tulsa-health.org\/wp-content\/uploads\/2023\/07\/neighborwalk.jpg","type":"image\/jpeg"}],"twitter_card":"summary_large_image","twitter_misc":{"\u01af\u1edbc t\u00ednh th\u1eddi gian \u0111\u1ecdc":"1 ph\u00fat"},"schema":{"@context":"https:\/\/schema.org","@graph":[{"@type":"WebPage","@id":"https:\/\/tulsa-health.org\/forms\/tulsa-neighborwalk-join-a-group\/","url":"https:\/\/tulsa-health.org\/forms\/tulsa-neighborwalk-join-a-group\/","name":"Tulsa Neighborwalk Join a Group - Tulsa Health Department","isPartOf":{"@id":"https:\/\/tulsa-health.org\/es\/#website"},"primaryImageOfPage":{"@id":"https:\/\/tulsa-health.org\/forms\/tulsa-neighborwalk-join-a-group\/#primaryimage"},"image":{"@id":"https:\/\/tulsa-health.org\/forms\/tulsa-neighborwalk-join-a-group\/#primaryimage"},"thumbnailUrl":"https:\/\/tulsa-health.org\/wp-content\/uploads\/2023\/07\/neighborwalk.jpg","datePublished":"2023-06-29T14:20:46+00:00","dateModified":"2023-12-20T23:49:10+00:00","description":"Duy tr\u00ec ho\u1ea1t \u0111\u1ed9ng th\u1ec3 ch\u1ea5t l\u00e0 ch\u00eca kh\u00f3a cho m\u1ed9t l\u1ed1i s\u1ed1ng l\u00e0nh m\u1ea1nh. Nh\u01b0ng n\u1ebfu \u0111\u00e3 l\u00e2u b\u1ea1n ch\u01b0a t\u1eadp th\u1ec3 d\u1ee5c v\u00e0 b\u1ea1n c\u00f3 v\u1ea5n \u0111\u1ec1 ho\u1eb7c lo ng\u1ea1i v\u1ec1 s\u1ee9c kh\u1ecfe, b\u1ea1n n\u00ean ki\u1ec3m tra v\u1edbi b\u00e1c s\u0129 tr\u01b0\u1edbc khi b\u1eaft \u0111\u1ea7u m\u1ed9t th\u00f3i quen t\u1eadp th\u1ec3 d\u1ee5c m\u1edbi.","breadcrumb":{"@id":"https:\/\/tulsa-health.org\/forms\/tulsa-neighborwalk-join-a-group\/#breadcrumb"},"inLanguage":"vi","potentialAction":[{"@type":"ReadAction","target":["https:\/\/tulsa-health.org\/forms\/tulsa-neighborwalk-join-a-group\/"]}]},{"@type":"ImageObject","inLanguage":"vi","@id":"https:\/\/tulsa-health.org\/forms\/tulsa-neighborwalk-join-a-group\/#primaryimage","url":"https:\/\/tulsa-health.org\/wp-content\/uploads\/2023\/07\/neighborwalk.jpg","contentUrl":"https:\/\/tulsa-health.org\/wp-content\/uploads\/2023\/07\/neighborwalk.jpg","width":2121,"height":1414,"caption":"A multi-ethnic group of senior adults are walking together on a trail through the park."},{"@type":"BreadcrumbList","@id":"https:\/\/tulsa-health.org\/forms\/tulsa-neighborwalk-join-a-group\/#breadcrumb","itemListElement":[{"@type":"ListItem","position":1,"name":"Home","item":"https:\/\/tulsa-health.org\/"},{"@type":"ListItem","position":2,"name":"Forms","item":"https:\/\/tulsa-health.org\/forms\/"},{"@type":"ListItem","position":3,"name":"Tulsa Neighborwalk Join a Group"}]},{"@type":"WebSite","@id":"https:\/\/tulsa-health.org\/es\/#website","url":"https:\/\/tulsa-health.org\/es\/","name":"S\u1edf Y t\u1ebf Tulsa","description":"D\u1ecbch v\u1ee5 l\u00e2m s\u00e0ng, ti\u00eam ch\u1ee7ng, gi\u1ea5y ph\u00e9p v\u00e0 nhi\u1ec1u h\u01a1n n\u1eefa | S\u1edf Y t\u1ebf Tulsa","potentialAction":[{"@type":"SearchAction","target":{"@type":"EntryPoint","urlTemplate":"https:\/\/tulsa-health.org\/es\/?s={search_term_string}"},"query-input":{"@type":"PropertyValueSpecification","valueRequired":true,"valueName":"search_term_string"}}],"inLanguage":"vi"}]}},"publishpress_future_workflow_manual_trigger":{"enabledWorkflows":[]},"_links":{"self":[{"href":"https:\/\/tulsa-health.org\/vi\/wp-json\/wp\/v2\/pages\/8977","targetHints":{"allow":["GET"]}}],"collection":[{"href":"https:\/\/tulsa-health.org\/vi\/wp-json\/wp\/v2\/pages"}],"about":[{"href":"https:\/\/tulsa-health.org\/vi\/wp-json\/wp\/v2\/types\/page"}],"author":[{"embeddable":true,"href":"https:\/\/tulsa-health.org\/vi\/wp-json\/wp\/v2\/users\/1"}],"replies":[{"embeddable":true,"href":"https:\/\/tulsa-health.org\/vi\/wp-json\/wp\/v2\/comments?post=8977"}],"version-history":[{"count":0,"href":"https:\/\/tulsa-health.org\/vi\/wp-json\/wp\/v2\/pages\/8977\/revisions"}],"up":[{"embeddable":true,"href":"https:\/\/tulsa-health.org\/vi\/wp-json\/wp\/v2\/pages\/8843"}],"wp:featuredmedia":[{"embeddable":true,"href":"https:\/\/tulsa-health.org\/vi\/wp-json\/wp\/v2\/media\/9732"}],"wp:attachment":[{"href":"https:\/\/tulsa-health.org\/vi\/wp-json\/wp\/v2\/media?parent=8977"}],"curies":[{"name":"wp","href":"https:\/\/api.w.org\/{rel}","templated":true}]}}