{"id":9248,"date":"2023-06-30T10:33:39","date_gmt":"2023-06-30T15:33:39","guid":{"rendered":"https:\/\/test.tulsa-health.org\/?page_id=9248"},"modified":"2023-12-20T17:48:07","modified_gmt":"2023-12-20T23:48:07","slug":"thd-volunteer-training-confirmation","status":"publish","type":"page","link":"https:\/\/tulsa-health.org\/vi\/forms\/thd-volunteer-training-confirmation\/","title":{"rendered":"X\u00e1c nh\u1eadn \u0111\u00e0o t\u1ea1o t\u00ecnh nguy\u1ec7n vi\u00ean THD"},"content":{"rendered":"<div data-elementor-type=\"wp-page\" data-elementor-id=\"9248\" class=\"elementor elementor-9248\" data-elementor-post-type=\"page\">\n\t\t\t\t\t\t<section class=\"elementor-section elementor-top-section elementor-element elementor-element-9235522 elementor-section-boxed elementor-section-height-default elementor-section-height-default\" data-id=\"9235522\" data-element_type=\"section\" data-e-type=\"section\" data-settings=\"{&quot;background_background&quot;:&quot;classic&quot;}\">\n\t\t\t\t\t\t<div class=\"elementor-container elementor-column-gap-default\">\n\t\t\t\t\t<div class=\"elementor-column elementor-col-100 elementor-top-column elementor-element elementor-element-e9918ae\" data-id=\"e9918ae\" data-element_type=\"column\" data-e-type=\"column\">\n\t\t\t<div class=\"elementor-widget-wrap elementor-element-populated\">\n\t\t\t\t\t\t<div class=\"elementor-element elementor-element-c795097 elementor-widget elementor-widget-heading\" data-id=\"c795097\" data-element_type=\"widget\" data-e-type=\"widget\" data-widget_type=\"heading.default\">\n\t\t\t\t<div class=\"elementor-widget-container\">\n\t\t\t\t\t<h1 class=\"elementor-heading-title elementor-size-default\">B\u1ea1n \u0111\u00e3 ho\u00e0n th\u00e0nh b\u00e0i ki\u1ec3m tra th\u00e0nh c\u00f4ng!<\/h1>\t\t\t\t<\/div>\n\t\t\t\t<\/div>\n\t\t\t\t<div class=\"elementor-element elementor-element-3102c83 elementor-widget elementor-widget-text-editor\" data-id=\"3102c83\" data-element_type=\"widget\" data-e-type=\"widget\" data-widget_type=\"text-editor.default\">\n\t\t\t\t<div class=\"elementor-widget-container\">\n\t\t\t\t\t\t\t\t\t<p><strong>Ki\u1ec3m tra email c\u1ee7a b\u1ea1n \u0111\u1ec3 in Th\u1ebb t\u00ecnh nguy\u1ec7n vi\u00ean c\u1ee7a b\u1ea1n.<\/strong><\/p><p>H\u00e3y \u0111\u1ea3m b\u1ea3o r\u1eb1ng m\u00e1y in c\u1ee7a b\u1ea1n \u0111\u00e3 \u0111\u01b0\u1ee3c b\u1eadt v\u00e0 \u0111\u00e3 n\u1ea1p gi\u1ea5y.<\/p><p>B\u1ea1n ph\u1ea3i in th\u1ebb v\u00e0 mang theo khi tham gia s\u1ef1 ki\u1ec7n t\u00ecnh nguy\u1ec7n. Phi\u00ean b\u1ea3n di \u0111\u1ed9ng ho\u1eb7c \u0111i\u1ec7n t\u1eed s\u1ebd kh\u00f4ng \u0111\u01b0\u1ee3c ch\u1ea5p nh\u1eadn. Th\u1ebb c\u00f3 gi\u00e1 tr\u1ecb trong m\u1ed9t n\u0103m.<\/p>\t\t\t\t\t\t\t\t<\/div>\n\t\t\t\t<\/div>\n\t\t\t\t\t<\/div>\n\t\t<\/div>\n\t\t\t\t\t<\/div>\n\t\t<\/section>\n\t\t\t\t<section class=\"elementor-section elementor-top-section elementor-element elementor-element-bcf9ff3 elementor-section-full_width elementor-section-height-default elementor-section-height-default\" data-id=\"bcf9ff3\" data-element_type=\"section\" data-e-type=\"section\">\n\t\t\t\t\t\t<div class=\"elementor-container elementor-column-gap-default\">\n\t\t\t\t\t<div class=\"elementor-column elementor-col-100 elementor-top-column elementor-element elementor-element-9482076\" data-id=\"9482076\" data-element_type=\"column\" data-e-type=\"column\">\n\t\t\t<div class=\"elementor-widget-wrap elementor-element-populated\">\n\t\t\t\t\t\t<div class=\"elementor-element elementor-element-ba31072 elementor-widget elementor-widget-shortcode\" data-id=\"ba31072\" data-element_type=\"widget\" data-e-type=\"widget\" data-widget_type=\"shortcode.default\">\n\t\t\t\t<div class=\"elementor-widget-container\">\n\t\t\t\t\t\t\t<div class=\"elementor-shortcode\">\t\t<div data-elementor-type=\"section\" data-elementor-id=\"4934\" class=\"elementor elementor-4934\" data-elementor-post-type=\"elementor_library\">\n\t\t\t\t\t<section class=\"elementor-section elementor-top-section elementor-element elementor-element-4469b59d elementor-section-stretched elementor-section-boxed elementor-section-height-default elementor-section-height-default\" data-id=\"4469b59d\" data-element_type=\"section\" data-e-type=\"section\" data-settings=\"{&quot;background_background&quot;:&quot;classic&quot;,&quot;stretch_section&quot;:&quot;section-stretched&quot;}\">\n\t\t\t\t\t\t\t<div class=\"elementor-background-overlay\"><\/div>\n\t\t\t\t\t\t\t<div class=\"elementor-container elementor-column-gap-default\">\n\t\t\t\t\t<div class=\"elementor-column elementor-col-100 elementor-top-column elementor-element elementor-element-615ea353\" data-id=\"615ea353\" data-element_type=\"column\" data-e-type=\"column\">\n\t\t\t<div class=\"elementor-widget-wrap elementor-element-populated\">\n\t\t\t\t\t\t<div class=\"elementor-element elementor-element-bdb2691 elementor-widget elementor-widget-heading\" data-id=\"bdb2691\" data-element_type=\"widget\" data-e-type=\"widget\" data-widget_type=\"heading.default\">\n\t\t\t\t<div class=\"elementor-widget-container\">\n\t\t\t\t\t<h5 class=\"elementor-heading-title elementor-size-default\">\u0110\u1ecaA \u0110I\u1ec2M<\/h5>\t\t\t\t<\/div>\n\t\t\t\t<\/div>\n\t\t\t\t<div class=\"elementor-element elementor-element-00f74f9 elementor-widget elementor-widget-text-editor\" data-id=\"00f74f9\" data-element_type=\"widget\" data-e-type=\"widget\" data-widget_type=\"text-editor.default\">\n\t\t\t\t<div class=\"elementor-widget-container\">\n\t\t\t\t\t\t\t\t\t<p>Ch\u00fang t\u00f4i c\u00f3 9 c\u01a1 s\u1edf tr\u00ean kh\u1eafp Qu\u1eadn Tulsa cung c\u1ea5p nhi\u1ec1u d\u1ecbch v\u1ee5 kh\u00e1c nhau \u0111\u1ec3 gi\u00fap b\u1ea1n v\u00e0 gia \u0111\u00ecnh lu\u00f4n kh\u1ecfe m\u1ea1nh.<\/p>\t\t\t\t\t\t\t\t<\/div>\n\t\t\t\t<\/div>\n\t\t\t\t<div class=\"elementor-element elementor-element-fd63501 elementor-align-center secondary elementor-widget elementor-widget-button\" data-id=\"fd63501\" data-element_type=\"widget\" data-e-type=\"widget\" data-widget_type=\"button.default\">\n\t\t\t\t<div class=\"elementor-widget-container\">\n\t\t\t\t\t\t\t\t\t<div class=\"elementor-button-wrapper\">\n\t\t\t\t\t<a class=\"elementor-button elementor-button-link elementor-size-sm\" href=\"\/vi\/locations\/\">\n\t\t\t\t\t\t<span class=\"elementor-button-content-wrapper\">\n\t\t\t\t\t\t\t\t\t<span class=\"elementor-button-text\">T\u00ecm c\u1ee7a b\u1ea1n<\/span>\n\t\t\t\t\t<\/span>\n\t\t\t\t\t<\/a>\n\t\t\t\t<\/div>\n\t\t\t\t\t\t\t\t<\/div>\n\t\t\t\t<\/div>\n\t\t\t\t\t<\/div>\n\t\t<\/div>\n\t\t\t\t\t<\/div>\n\t\t<\/section>\n\t\t\t\t<\/div>\n\t\t<\/div>\n\t\t\t\t\t\t<\/div>\n\t\t\t\t<\/div>\n\t\t\t\t\t<\/div>\n\t\t<\/div>\n\t\t\t\t\t<\/div>\n\t\t<\/section>\n\t\t\t\t<\/div>","protected":false},"excerpt":{"rendered":"<p>You&#8217;ve Successfully Completed the Quiz! Check your email to print off your Volunteer Card. Please make sure your printer is turned on and has paper loaded. You must print the card and bring it with you to the volunteer event. Mobile or electronic versions will not be accepted. The card is valid for one year.<\/p>","protected":false},"author":1,"featured_media":13661,"parent":8843,"menu_order":0,"comment_status":"closed","ping_status":"closed","template":"","meta":{"_acf_changed":false,"footnotes":""},"class_list":["post-9248","page","type-page","status-publish","has-post-thumbnail","hentry"],"acf":[],"yoast_head":"<!-- This site is optimized with the Yoast SEO plugin v27.5 - https:\/\/yoast.com\/product\/yoast-seo-wordpress\/ -->\n<title>THD Volunteer Training Confirmation - Tulsa Health Department<\/title>\n<meta name=\"description\" content=\"You must print the card and bring it with you to the volunteer event. Mobile or electronic versions will not be accepted. The card is valid for one year.\" \/>\n<meta name=\"robots\" content=\"index, follow, max-snippet:-1, max-image-preview:large, max-video-preview:-1\" \/>\n<link rel=\"canonical\" href=\"https:\/\/tulsa-health.org\/vi\/forms\/thd-volunteer-training-confirmation\/\" \/>\n<meta property=\"og:locale\" content=\"vi_VN\" \/>\n<meta property=\"og:type\" content=\"article\" \/>\n<meta property=\"og:title\" content=\"THD Volunteer Training Confirmation - Tulsa Health Department\" \/>\n<meta property=\"og:description\" content=\"You must print the card and bring it with you to the volunteer event. Mobile or electronic versions will not be accepted. The card is valid for one year.\" \/>\n<meta property=\"og:url\" content=\"https:\/\/tulsa-health.org\/vi\/forms\/thd-volunteer-training-confirmation\/\" \/>\n<meta property=\"og:site_name\" content=\"Tulsa Health Department\" \/>\n<meta property=\"article:modified_time\" content=\"2023-12-20T23:48:07+00:00\" \/>\n<meta property=\"og:image\" content=\"https:\/\/tulsa-health.org\/wp-content\/uploads\/2023\/10\/File-A-Complaint.jpeg\" \/>\n\t<meta property=\"og:image:width\" content=\"1601\" \/>\n\t<meta property=\"og:image:height\" content=\"1080\" \/>\n\t<meta property=\"og:image:type\" content=\"image\/jpeg\" \/>\n<meta name=\"twitter:card\" content=\"summary_large_image\" \/>\n<meta name=\"twitter:label1\" content=\"\u01af\u1edbc t\u00ednh th\u1eddi gian \u0111\u1ecdc\" \/>\n\t<meta name=\"twitter:data1\" content=\"1 ph\u00fat\" \/>\n<script type=\"application\/ld+json\" class=\"yoast-schema-graph\">{\"@context\":\"https:\\\/\\\/schema.org\",\"@graph\":[{\"@type\":\"WebPage\",\"@id\":\"https:\\\/\\\/tulsa-health.org\\\/forms\\\/thd-volunteer-training-confirmation\\\/\",\"url\":\"https:\\\/\\\/tulsa-health.org\\\/forms\\\/thd-volunteer-training-confirmation\\\/\",\"name\":\"THD Volunteer Training Confirmation - Tulsa Health Department\",\"isPartOf\":{\"@id\":\"https:\\\/\\\/tulsa-health.org\\\/es\\\/#website\"},\"primaryImageOfPage\":{\"@id\":\"https:\\\/\\\/tulsa-health.org\\\/forms\\\/thd-volunteer-training-confirmation\\\/#primaryimage\"},\"image\":{\"@id\":\"https:\\\/\\\/tulsa-health.org\\\/forms\\\/thd-volunteer-training-confirmation\\\/#primaryimage\"},\"thumbnailUrl\":\"https:\\\/\\\/tulsa-health.org\\\/wp-content\\\/uploads\\\/2023\\\/10\\\/File-A-Complaint.jpeg\",\"datePublished\":\"2023-06-30T15:33:39+00:00\",\"dateModified\":\"2023-12-20T23:48:07+00:00\",\"description\":\"You must print the card and bring it with you to the volunteer event. Mobile or electronic versions will not be accepted. The card is valid for one year.\",\"breadcrumb\":{\"@id\":\"https:\\\/\\\/tulsa-health.org\\\/forms\\\/thd-volunteer-training-confirmation\\\/#breadcrumb\"},\"inLanguage\":\"vi\",\"potentialAction\":[{\"@type\":\"ReadAction\",\"target\":[\"https:\\\/\\\/tulsa-health.org\\\/forms\\\/thd-volunteer-training-confirmation\\\/\"]}]},{\"@type\":\"ImageObject\",\"inLanguage\":\"vi\",\"@id\":\"https:\\\/\\\/tulsa-health.org\\\/forms\\\/thd-volunteer-training-confirmation\\\/#primaryimage\",\"url\":\"https:\\\/\\\/tulsa-health.org\\\/wp-content\\\/uploads\\\/2023\\\/10\\\/File-A-Complaint.jpeg\",\"contentUrl\":\"https:\\\/\\\/tulsa-health.org\\\/wp-content\\\/uploads\\\/2023\\\/10\\\/File-A-Complaint.jpeg\",\"width\":1601,\"height\":1080},{\"@type\":\"BreadcrumbList\",\"@id\":\"https:\\\/\\\/tulsa-health.org\\\/forms\\\/thd-volunteer-training-confirmation\\\/#breadcrumb\",\"itemListElement\":[{\"@type\":\"ListItem\",\"position\":1,\"name\":\"Home\",\"item\":\"https:\\\/\\\/tulsa-health.org\\\/\"},{\"@type\":\"ListItem\",\"position\":2,\"name\":\"Forms\",\"item\":\"https:\\\/\\\/tulsa-health.org\\\/forms\\\/\"},{\"@type\":\"ListItem\",\"position\":3,\"name\":\"THD Volunteer Training Confirmation\"}]},{\"@type\":\"WebSite\",\"@id\":\"https:\\\/\\\/tulsa-health.org\\\/es\\\/#website\",\"url\":\"https:\\\/\\\/tulsa-health.org\\\/es\\\/\",\"name\":\"Tulsa Health Department\",\"description\":\"Clinical Services, Immunizations, Permits and More | Tulsa Health Department\",\"potentialAction\":[{\"@type\":\"SearchAction\",\"target\":{\"@type\":\"EntryPoint\",\"urlTemplate\":\"https:\\\/\\\/tulsa-health.org\\\/es\\\/?s={search_term_string}\"},\"query-input\":{\"@type\":\"PropertyValueSpecification\",\"valueRequired\":true,\"valueName\":\"search_term_string\"}}],\"inLanguage\":\"vi\"}]}<\/script>\n<!-- \/ Yoast SEO plugin. -->","yoast_head_json":{"title":"THD Volunteer Training Confirmation - Tulsa Health Department","description":"B\u1ea1n ph\u1ea3i in th\u1ebb v\u00e0 mang theo khi tham gia s\u1ef1 ki\u1ec7n t\u00ecnh nguy\u1ec7n. Phi\u00ean b\u1ea3n di \u0111\u1ed9ng ho\u1eb7c \u0111i\u1ec7n t\u1eed s\u1ebd kh\u00f4ng \u0111\u01b0\u1ee3c ch\u1ea5p nh\u1eadn. Th\u1ebb c\u00f3 gi\u00e1 tr\u1ecb trong m\u1ed9t n\u0103m.","robots":{"index":"index","follow":"follow","max-snippet":"max-snippet:-1","max-image-preview":"max-image-preview:large","max-video-preview":"max-video-preview:-1"},"canonical":"https:\/\/tulsa-health.org\/vi\/forms\/thd-volunteer-training-confirmation\/","og_locale":"vi_VN","og_type":"article","og_title":"THD Volunteer Training Confirmation - Tulsa Health Department","og_description":"You must print the card and bring it with you to the volunteer event. Mobile or electronic versions will not be accepted. The card is valid for one year.","og_url":"https:\/\/tulsa-health.org\/vi\/forms\/thd-volunteer-training-confirmation\/","og_site_name":"Tulsa Health Department","article_modified_time":"2023-12-20T23:48:07+00:00","og_image":[{"width":1601,"height":1080,"url":"https:\/\/tulsa-health.org\/wp-content\/uploads\/2023\/10\/File-A-Complaint.jpeg","type":"image\/jpeg"}],"twitter_card":"summary_large_image","twitter_misc":{"\u01af\u1edbc t\u00ednh th\u1eddi gian \u0111\u1ecdc":"1 ph\u00fat"},"schema":{"@context":"https:\/\/schema.org","@graph":[{"@type":"WebPage","@id":"https:\/\/tulsa-health.org\/forms\/thd-volunteer-training-confirmation\/","url":"https:\/\/tulsa-health.org\/forms\/thd-volunteer-training-confirmation\/","name":"THD Volunteer Training Confirmation - Tulsa Health Department","isPartOf":{"@id":"https:\/\/tulsa-health.org\/es\/#website"},"primaryImageOfPage":{"@id":"https:\/\/tulsa-health.org\/forms\/thd-volunteer-training-confirmation\/#primaryimage"},"image":{"@id":"https:\/\/tulsa-health.org\/forms\/thd-volunteer-training-confirmation\/#primaryimage"},"thumbnailUrl":"https:\/\/tulsa-health.org\/wp-content\/uploads\/2023\/10\/File-A-Complaint.jpeg","datePublished":"2023-06-30T15:33:39+00:00","dateModified":"2023-12-20T23:48:07+00:00","description":"B\u1ea1n ph\u1ea3i in th\u1ebb v\u00e0 mang theo khi tham gia s\u1ef1 ki\u1ec7n t\u00ecnh nguy\u1ec7n. Phi\u00ean b\u1ea3n di \u0111\u1ed9ng ho\u1eb7c \u0111i\u1ec7n t\u1eed s\u1ebd kh\u00f4ng \u0111\u01b0\u1ee3c ch\u1ea5p nh\u1eadn. Th\u1ebb c\u00f3 gi\u00e1 tr\u1ecb trong m\u1ed9t n\u0103m.","breadcrumb":{"@id":"https:\/\/tulsa-health.org\/forms\/thd-volunteer-training-confirmation\/#breadcrumb"},"inLanguage":"vi","potentialAction":[{"@type":"ReadAction","target":["https:\/\/tulsa-health.org\/forms\/thd-volunteer-training-confirmation\/"]}]},{"@type":"ImageObject","inLanguage":"vi","@id":"https:\/\/tulsa-health.org\/forms\/thd-volunteer-training-confirmation\/#primaryimage","url":"https:\/\/tulsa-health.org\/wp-content\/uploads\/2023\/10\/File-A-Complaint.jpeg","contentUrl":"https:\/\/tulsa-health.org\/wp-content\/uploads\/2023\/10\/File-A-Complaint.jpeg","width":1601,"height":1080},{"@type":"BreadcrumbList","@id":"https:\/\/tulsa-health.org\/forms\/thd-volunteer-training-confirmation\/#breadcrumb","itemListElement":[{"@type":"ListItem","position":1,"name":"Home","item":"https:\/\/tulsa-health.org\/"},{"@type":"ListItem","position":2,"name":"Forms","item":"https:\/\/tulsa-health.org\/forms\/"},{"@type":"ListItem","position":3,"name":"THD Volunteer Training Confirmation"}]},{"@type":"WebSite","@id":"https:\/\/tulsa-health.org\/es\/#website","url":"https:\/\/tulsa-health.org\/es\/","name":"S\u1edf Y t\u1ebf Tulsa","description":"D\u1ecbch v\u1ee5 l\u00e2m s\u00e0ng, ti\u00eam ch\u1ee7ng, gi\u1ea5y ph\u00e9p v\u00e0 nhi\u1ec1u h\u01a1n n\u1eefa | S\u1edf Y t\u1ebf Tulsa","potentialAction":[{"@type":"SearchAction","target":{"@type":"EntryPoint","urlTemplate":"https:\/\/tulsa-health.org\/es\/?s={search_term_string}"},"query-input":{"@type":"PropertyValueSpecification","valueRequired":true,"valueName":"search_term_string"}}],"inLanguage":"vi"}]}},"publishpress_future_workflow_manual_trigger":{"enabledWorkflows":[]},"_links":{"self":[{"href":"https:\/\/tulsa-health.org\/vi\/wp-json\/wp\/v2\/pages\/9248","targetHints":{"allow":["GET"]}}],"collection":[{"href":"https:\/\/tulsa-health.org\/vi\/wp-json\/wp\/v2\/pages"}],"about":[{"href":"https:\/\/tulsa-health.org\/vi\/wp-json\/wp\/v2\/types\/page"}],"author":[{"embeddable":true,"href":"https:\/\/tulsa-health.org\/vi\/wp-json\/wp\/v2\/users\/1"}],"replies":[{"embeddable":true,"href":"https:\/\/tulsa-health.org\/vi\/wp-json\/wp\/v2\/comments?post=9248"}],"version-history":[{"count":0,"href":"https:\/\/tulsa-health.org\/vi\/wp-json\/wp\/v2\/pages\/9248\/revisions"}],"up":[{"embeddable":true,"href":"https:\/\/tulsa-health.org\/vi\/wp-json\/wp\/v2\/pages\/8843"}],"wp:featuredmedia":[{"embeddable":true,"href":"https:\/\/tulsa-health.org\/vi\/wp-json\/wp\/v2\/media\/13661"}],"wp:attachment":[{"href":"https:\/\/tulsa-health.org\/vi\/wp-json\/wp\/v2\/media?parent=9248"}],"curies":[{"name":"wp","href":"https:\/\/api.w.org\/{rel}","templated":true}]}}